{"id":196,"date":"2025-07-14T22:46:59","date_gmt":"2025-07-14T20:46:59","guid":{"rendered":"https:\/\/informacionoficial.mendoza.gob.ar\/asesoriagobierno\/?page_id=196"},"modified":"2025-08-12T13:57:09","modified_gmt":"2025-08-12T11:57:09","slug":"informacion-oficial","status":"publish","type":"page","link":"https:\/\/informacionoficial.mendoza.gob.ar\/asesoriagobierno\/informacion-oficial\/","title":{"rendered":"Informaci\u00f3n Oficial"},"content":{"rendered":"<p>[et_pb_section fb_built=\u00bb1&#8243; _builder_version=\u00bb4.27.4&#8243; _module_preset=\u00bbdefault\u00bb background_color=\u00bbrgba(0,0,0,0.67)\u00bb background_enable_image=\u00bboff\u00bb background_blend=\u00bboverlay\u00bb background_video_mp4=\u00bbhttps:\/\/mza-dicaws-portal-uploads-media-prod.s3.us-east-1.amazonaws.com\/informacion-oficial\/uploads\/sites\/24\/2025\/08\/INFO-OFICIAL-MEDIDA-CORRECTA.mp4&#8243; background_video_width=\u00bb100%\u00bb background_video_height=\u00bb100%\u00bb allow_player_pause=\u00bbon\u00bb module_alignment=\u00bbcenter\u00bb min_height=\u00bb30em\u00bb min_height_tablet=\u00bb40em\u00bb min_height_phone=\u00bb25em\u00bb min_height_last_edited=\u00bbon|phone\u00bb max_height=\u00bb25em\u00bb custom_margin=\u00bb3px||-2px||false|false\u00bb custom_padding=\u00bb4px||||false|false\u00bb locked=\u00bboff\u00bb global_colors_info=\u00bb{}\u00bb][et_pb_row _builder_version=\u00bb4.27.2&#8243; _module_preset=\u00bbdefault\u00bb custom_margin=\u00bb5em|auto|1em|auto|false|false\u00bb custom_padding=\u00bb0em||2em||false|false\u00bb global_colors_info=\u00bb{}\u00bb][et_pb_column type=\u00bb4_4&#8243; _builder_version=\u00bb4.27.4&#8243; _module_preset=\u00bbdefault\u00bb global_colors_info=\u00bb{}\u00bb][et_pb_post_title meta=\u00bboff\u00bb featured_image=\u00bboff\u00bb text_color=\u00bblight\u00bb admin_label=\u00bbNombre del micrositio\u00bb _builder_version=\u00bb4.27.4&#8243; _dynamic_attributes=\u00bblink_option_url\u00bb _module_preset=\u00bbdefault\u00bb title_font=\u00bb|700|||||||\u00bb title_text_align=\u00bbcenter\u00bb title_font_size=\u00bb35px\u00bb background_color=\u00bbRGBA(255,255,255,0)\u00bb text_orientation=\u00bbcenter\u00bb custom_margin=\u00bb||||false|false\u00bb custom_padding=\u00bb1.5em||1.5em||true|false\u00bb animation_style=\u00bbfade\u00bb link_option_url=\u00bb@ET-DC@eyJkeW5hbWljIjp0cnVlLCJjb250ZW50IjoiaG9tZV91cmwiLCJzZXR0aW5ncyI6eyJlbmFibGVfaHRtbCI6Im9mZiJ9fQ==@\u00bb title_font_size_tablet=\u00bb70px\u00bb title_font_size_phone=\u00bb48px\u00bb title_font_size_last_edited=\u00bbon|phone\u00bb title_text_shadow_style=\u00bbpreset1&#8243; title_text_shadow_color=\u00bb#000000&#8243; global_colors_info=\u00bb{}\u00bb][\/et_pb_post_title][\/et_pb_column][\/et_pb_row][\/et_pb_section][et_pb_section fb_built=\u00bb1&#8243; _builder_version=\u00bb4.27.2&#8243; _module_preset=\u00bbdefault\u00bb background_color=\u00bb#FFFFFF\u00bb background_enable_image=\u00bboff\u00bb background_blend=\u00bboverlay\u00bb background_enable_video_mp4=\u00bboff\u00bb background_video_width=\u00bb100%\u00bb background_video_height=\u00bb100%\u00bb module_alignment=\u00bbcenter\u00bb min_height=\u00bb30em\u00bb custom_margin=\u00bb3px||-2px||false|false\u00bb custom_padding=\u00bb4px||0px||false|false\u00bb locked=\u00bboff\u00bb global_colors_info=\u00bb{}\u00bb][et_pb_row column_structure=\u00bb2_5,3_5&#8243; _builder_version=\u00bb4.27.4&#8243; _module_preset=\u00bbdefault\u00bb background_color=\u00bb#FFFFFF\u00bb custom_margin=\u00bb-70px||||false|false\u00bb custom_padding=\u00bb2em|2em|0px|2em|false|true\u00bb border_radii=\u00bbon|75px|75px|75px|75px\u00bb global_colors_info=\u00bb{}\u00bb][et_pb_column type=\u00bb2_5&#8243; _builder_version=\u00bb4.27.2&#8243; _module_preset=\u00bbdefault\u00bb background_color=\u00bb#FFFFFF\u00bb custom_padding=\u00bb||||false|false\u00bb border_radii=\u00bbon|66px|66px|66px|66px\u00bb global_colors_info=\u00bb{}\u00bb][et_pb_image src=\u00bbhttps:\/\/mza-dicaws-portal-uploads-media-prod.s3.us-east-1.amazonaws.com\/informacion-oficial\/uploads\/sites\/24\/2025\/08\/LA7_1044-scaled.jpg\u00bb title_text=\u00bbLA7_1044&#8243; align_tablet=\u00bbcenter\u00bb align_phone=\u00bbcenter\u00bb align_last_edited=\u00bbon|phone\u00bb admin_label=\u00bbImagen\u00bb _builder_version=\u00bb4.27.4&#8243; _module_preset=\u00bbdefault\u00bb width=\u00bb80%\u00bb border_radii=\u00bbon|65px|65px|65px|65px\u00bb global_colors_info=\u00bb{}\u00bb][\/et_pb_image][\/et_pb_column][et_pb_column type=\u00bb3_5&#8243; _builder_version=\u00bb4.27.2&#8243; _module_preset=\u00bbdefault\u00bb global_colors_info=\u00bb{}\u00bb][et_pb_text _builder_version=\u00bb4.27.4&#8243; _module_preset=\u00bbdefault\u00bb text_font=\u00bb||||||||\u00bb text_text_color=\u00bb#02000A\u00bb header_2_text_color=\u00bb#02000A\u00bb header_3_text_color=\u00bb#C8A977&#8243; header_3_line_height=\u00bb1.6em\u00bb global_colors_info=\u00bb{}\u00bb]<\/p>\n<h2><strong>Dr. Ricardo Canet<\/strong><\/h2>\n<h3>Asesor de Gobierno<\/h3>\n<p>Es funci\u00f3n de este organismo asesorar al Poder Ejecutivo en sede administrativa, como tambi\u00e9n representar al Poder Ejecutivo (Jefe de Estado y de Gobierno) en sede judicial.<\/p>\n<p>[\/et_pb_text][\/et_pb_column][\/et_pb_row][et_pb_row _builder_version=\u00bb4.27.4&#8243; _module_preset=\u00bbdefault\u00bb custom_margin=\u00bb20px||20px||false|false\u00bb custom_margin_tablet=\u00bb20px||10px||false|false\u00bb custom_margin_phone=\u00bb20px||10px||false|false\u00bb custom_margin_last_edited=\u00bbon|desktop\u00bb custom_padding=\u00bb0px|0px|0px|0px|true|true\u00bb border_radii=\u00bbon|12px|12px|12px|12px\u00bb border_width_all=\u00bb2px\u00bb border_color_all=\u00bb#C8A977&#8243; global_colors_info=\u00bb{}\u00bb][et_pb_column type=\u00bb4_4&#8243; _builder_version=\u00bb4.27.2&#8243; _module_preset=\u00bbdefault\u00bb global_colors_info=\u00bb{}\u00bb][et_pb_toggle title=\u00bbCurr\u00edculum Vitae\u00bb open_toggle_text_color=\u00bb#C8A977&#8243; open_toggle_background_color=\u00bbRGBA(255,255,255,0)\u00bb closed_toggle_text_color=\u00bb#C8A977&#8243; closed_toggle_background_color=\u00bbRGBA(255,255,255,0)\u00bb icon_color=\u00bb#C8A977&#8243; toggle_icon=\u00bb&#xe050;||divi||400&#8243; open_icon_color=\u00bb#C8A977&#8243; open_toggle_icon=\u00bb&#x21;||divi||400&#8243; admin_label=\u00bbConmutador\u00bb _builder_version=\u00bb4.27.4&#8243; _module_preset=\u00bbdefault\u00bb title_text_color=\u00bb#C8A977&#8243; body_font=\u00bb||||||||\u00bb body_text_color=\u00bb#02000A\u00bb background_color=\u00bb#C8A977&#8243; custom_padding=\u00bb||20px|||\u00bb hover_enabled=\u00bb0&#8243; border_width_all=\u00bb2px\u00bb border_color_all=\u00bb#C8A977&#8243; border_style_all=\u00bbnone\u00bb global_colors_info=\u00bb{}\u00bb sticky_enabled=\u00bb0&#8243;]<\/p>\n<p><a href=\"https:\/\/mza-dicaws-portal-uploads-media-prod.s3.us-east-1.amazonaws.com\/informacion-oficial\/uploads\/sites\/24\/2025\/07\/CV_Ricardo-Canet_01.png\">Enlace a curr\u00edculum completo<\/a><\/p>\n<p>[\/et_pb_toggle][\/et_pb_column][\/et_pb_row][et_pb_row _builder_version=\u00bb4.27.4&#8243; _module_preset=\u00bbdefault\u00bb global_colors_info=\u00bb{}\u00bb][et_pb_column type=\u00bb4_4&#8243; _builder_version=\u00bb4.27.4&#8243; _module_preset=\u00bbdefault\u00bb global_colors_info=\u00bb{}\u00bb][et_pb_toggle title=\u00bbStaff\u00bb _builder_version=\u00bb4.27.4&#8243; _module_preset=\u00bbdefault\u00bb global_colors_info=\u00bb{}\u00bb]<\/p>\n<p>Quiroga, Nanclares Mart\u00edn<br \/>Talamonti, Bernardo<br \/>G\u00f3mez Sanchis, Daniel<br \/>Nanclares, Mar\u00eda Del Valle<br \/>Torrecilla, Oscar<br \/>Pons, Laura<br \/>Galan, Carlos Gabriel<br \/>Araniti, Mario Dante<br \/>Elaskar, Nelson Edgardo<br \/>Bianchedi, Mar\u00eda Cecilia<br \/>Livellara, Silvina Mar\u00eda<br \/>Lanci, Alejandra Natalia<br \/>Guajardo, Alejo Mart\u00edn<br \/>Sozzi, Lorena Natalia<br \/>D\u00edaz Araujo, Facundo<br \/>Fern\u00e1ndez, Fracisco<br \/>Mu\u00f1oz, Cintia<br \/>Urrutigoity, Javier<br \/>Orbelli, Gabriel<br \/>Guaquinchay, Mariano (Zona Este)<br \/>Diaz, Madero Juan (CABA)<\/p>\n<p>[\/et_pb_toggle][\/et_pb_column][\/et_pb_row][\/et_pb_section][et_pb_section fb_built=\u00bb1&#8243; _builder_version=\u00bb4.27.4&#8243; _module_preset=\u00bbdefault\u00bb background_color=\u00bb#FFFFFF\u00bb custom_margin=\u00bb0px||0px||false|false\u00bb custom_padding=\u00bb0px||0px||false|false\u00bb locked=\u00bboff\u00bb global_colors_info=\u00bb{}\u00bb][et_pb_row _builder_version=\u00bb4.27.4&#8243; _module_preset=\u00bbdefault\u00bb global_colors_info=\u00bb{}\u00bb][et_pb_column type=\u00bb4_4&#8243; _builder_version=\u00bb4.27.4&#8243; _module_preset=\u00bbdefault\u00bb global_colors_info=\u00bb{}\u00bb][et_pb_text _builder_version=\u00bb4.27.4&#8243; _module_preset=\u00bbdefault\u00bb global_colors_info=\u00bb{}\u00bb]<\/p>\n<h6 class=\"titulo\"><strong>Staff<\/strong><\/h6>\n<h6 class=\"titulo\"><strong>Decreto Nombramiento<\/strong><\/h6>\n<p><a href=\"\/asesoriagobierno\/wp-content\/uploads\/sites\/66\/2019\/04\/Decreto-1942-Asesor-de-Gobierno-1.pdf\">Decreto N\u00ba 1942\/2018 Asesor de Gobierno<\/a><\/p>\n<h6 class=\"titulo\"><strong>Funciones <\/strong><\/h6>\n<p>Asesorar al Poder Ejecutivo en sede administrativa.<br \/>Representar al Poder Ejecutivo (Jefe de Estado y de Gobierno) en sede judicial.<\/p>\n<h6 class=\"titulo\"><strong>Nombramiento<\/strong><\/h6>\n<p>Art\u00edculo 180 del Poder Ejecutivo.<\/p>\n<h6 class=\"titulo\"><strong>Duraci\u00f3n<\/strong><\/h6>\n<p>Inamovilidad mientras dure su buena conducta.<\/p>\n<h6 class=\"titulo\"><strong>Remoci\u00f3n<\/strong><\/h6>\n<p>Jury de enjuiciamiento.<br \/>El Asesor de Gobierno es un cargo de rango constitucional (art. 178), inamovible en su cargo mientras dure su buena conducta (art. 180), tiene como misi\u00f3n principal el asesoramiento jur\u00eddico de la Administraci\u00f3n P\u00fablica, con excepci\u00f3n de los \u00f3rganos que tienen \u00abcar\u00e1cter aut\u00f3nomo\u00bb conforme a la Constituci\u00f3n (Municipios, Departamento General de Irrigaci\u00f3n y Direcci\u00f3n General de Escuelas).<\/p>\n<p>El Asesor de Gobierno ejerce la superintendencia de los abogados auxiliares y asesores integrantes del Cuerpo de abogados del Estado, a los que les distribuye trabajo, aconseja y dirige sus actividades. Estos abogados son funcionarios de carrera de la Administraci\u00f3n y, consecuentemente, con estabilidad en sus cargos. En cambio, no gozan de esta estabilidad los asesores de gabinete, por tratarse de funcionarios pol\u00edticos.<\/p>\n<p>La funci\u00f3n del Asesor de Gobierno es asesorar, objetiva, independientemente e imparcialmente, al Poder Ejecutivo y la administraci\u00f3n que de \u00e9l depende, \u00aben la legalidad\u00bb. Su misi\u00f3n es velar, preventivamente, por el respeto de la Constituci\u00f3n y de las leyes. Asesor\u00eda de Gobierno, cualquiera sea su signo pol\u00edtico-partidario, y no es el abogado personal del gobernador en turno.<\/p>\n<p>La garant\u00eda de inamovilidad en el cargo ha sido instituida, no en beneficio personal de quien pueda desempe\u00f1arse como Asesor de Gobierno, sino en resguardo del correcto funcionamiento del\u00bb Estado de Derecho\u00bb. por ello se ha atribuido esta responsabilidad a un funcionario t\u00e9cnico, al que le son exigibles las mismas condiciones que para ser miembro de la Suprema Corte, al que se le proh\u00edbe el ejercicio particular de su profesi\u00f3n (art. 179 de la Constituci\u00f3n), de \u00e9sta forma se entiende la permanencia en el cargo como un modo de asegurar la uniformidad y continuidad de la doctrina que sienta en sus dict\u00e1menes.<\/p>\n<p>Ello brinda seguridad jur\u00eddica a la Administraci\u00f3n, al mismo tiempo que representa una garant\u00eda para los administrados, que disponen, dentro del \u00e1mbito de la organizaci\u00f3n estatal, de una instancia imparcial y ecu\u00e1nime de asesoramiento, la que adem\u00e1s de velar por la satisfacci\u00f3n de los intereses p\u00fablicos, tienen la delicada funci\u00f3n de que ello no se alcance con el sacrificio injustificado de los derechos e intereses leg\u00edtimos de los ciudadanos.<\/p>\n<p>[\/et_pb_text][\/et_pb_column][\/et_pb_row][\/et_pb_section]<\/p>\n","protected":false},"excerpt":{"rendered":"<p>Dr. Ricardo Canet Asesor de Gobierno Es funci\u00f3n de este organismo asesorar al Poder Ejecutivo en sede administrativa, como tambi\u00e9n representar al Poder Ejecutivo (Jefe de Estado y de Gobierno) [&hellip;]<\/p>\n","protected":false},"author":1,"featured_media":0,"parent":0,"menu_order":0,"comment_status":"closed","ping_status":"closed","template":"","meta":{"_et_pb_use_builder":"on","_et_pb_old_content":"","_et_gb_content_width":"","footnotes":""},"class_list":["post-196","page","type-page","status-publish","hentry"],"_links":{"self":[{"href":"https:\/\/informacionoficial.mendoza.gob.ar\/asesoriagobierno\/wp-json\/wp\/v2\/pages\/196","targetHints":{"allow":["GET"]}}],"collection":[{"href":"https:\/\/informacionoficial.mendoza.gob.ar\/asesoriagobierno\/wp-json\/wp\/v2\/pages"}],"about":[{"href":"https:\/\/informacionoficial.mendoza.gob.ar\/asesoriagobierno\/wp-json\/wp\/v2\/types\/page"}],"author":[{"embeddable":true,"href":"https:\/\/informacionoficial.mendoza.gob.ar\/asesoriagobierno\/wp-json\/wp\/v2\/users\/1"}],"replies":[{"embeddable":true,"href":"https:\/\/informacionoficial.mendoza.gob.ar\/asesoriagobierno\/wp-json\/wp\/v2\/comments?post=196"}],"version-history":[{"count":13,"href":"https:\/\/informacionoficial.mendoza.gob.ar\/asesoriagobierno\/wp-json\/wp\/v2\/pages\/196\/revisions"}],"predecessor-version":[{"id":317,"href":"https:\/\/informacionoficial.mendoza.gob.ar\/asesoriagobierno\/wp-json\/wp\/v2\/pages\/196\/revisions\/317"}],"wp:attachment":[{"href":"https:\/\/informacionoficial.mendoza.gob.ar\/asesoriagobierno\/wp-json\/wp\/v2\/media?parent=196"}],"curies":[{"name":"wp","href":"https:\/\/api.w.org\/{rel}","templated":true}]}}