{"id":1319,"date":"2025-06-12T16:59:22","date_gmt":"2025-06-12T14:59:22","guid":{"rendered":"https:\/\/informacionoficial.mendoza.gob.ar\/educacion-cultura-infancias-dge\/?page_id=1319"},"modified":"2025-08-15T18:03:23","modified_gmt":"2025-08-15T16:03:23","slug":"espacio-contemporaneo-de-arte-sur-enrique-sobisch","status":"publish","type":"page","link":"https:\/\/informacionoficial.mendoza.gob.ar\/educacion-cultura-infancias-dge\/educacion-cultura-infancias-y-dge-mendoza\/cultura-mendoza-argentina\/espacios-escenicos-y-multiculturales-mendoza\/espacio-contemporaneo-de-arte-sur-enrique-sobisch\/","title":{"rendered":"Espacio Contempor\u00e1neo de Arte Sur Enrique Sobisch"},"content":{"rendered":"<p>[et_pb_section fb_built=\u00bb1&#8243; admin_label=\u00bbHero\u00bb _builder_version=\u00bb4.27.2&#8243; _module_preset=\u00bbdefault\u00bb use_background_color_gradient=\u00bbon\u00bb background_color_gradient_direction=\u00bb78deg\u00bb background_color_gradient_stops=\u00bbrgba(255,255,255,0.85) 50%|#ffffff 100%|rgba(255,255,255,0.36) 100%\u00bb background_color_gradient_overlays_image=\u00bbon\u00bb background_color_gradient_start=\u00bbrgba(0,0,0,0.5)\u00bb background_color_gradient_end=\u00bbrgba(0,0,0,0.75)\u00bb background_image=\u00bbhttps:\/\/mza-dicaws-portal-uploads-media-prod.s3.us-east-1.amazonaws.com\/informacion-oficial\/uploads\/sites\/14\/2025\/06\/eca-sur-enrique-sobisch-mendoza-argentina-1.jpg\u00bb min_height=\u00bb346.7px\u00bb custom_margin=\u00bb||10px||false|false\u00bb custom_padding=\u00bb||15px||false|false\u00bb locked=\u00bboff\u00bb collapsed=\u00bbon\u00bb global_colors_info=\u00bb{}\u00bb][et_pb_row column_structure=\u00bb1_2,1_2&#8243; _builder_version=\u00bb4.24.2&#8243; _module_preset=\u00bb5138c454-be54-4233-bd3b-f8e6a8747976&#8243; locked=\u00bboff\u00bb global_colors_info=\u00bb{}\u00bb][et_pb_column type=\u00bb1_2&#8243; _builder_version=\u00bb4.23.1&#8243; _module_preset=\u00bb73121f80-a3ef-4484-8763-c3f18e3c56d2&#8243; global_colors_info=\u00bb{}\u00bb][et_pb_heading title=\u00bbECA Sur Enrique Sobisch\u00bb _builder_version=\u00bb4.27.4&#8243; _module_preset=\u00bbddeb8c09-9078-4424-bc15-2efb6572e28e\u00bb title_font=\u00bb&#8211;et_global_heading_font|Playfair Display_weight|||||||\u00bb title_text_color=\u00bb#0e0c19&#8243; title_font_size=\u00bb50px\u00bb title_line_height=\u00bb1.15em\u00bb width=\u00bb100%\u00bb title_font_size_tablet=\u00bb40px\u00bb title_font_size_phone=\u00bb24px\u00bb title_font_size_last_edited=\u00bbon|phone\u00bb title_text_shadow_style=\u00bbpreset3&#8243; locked=\u00bboff\u00bb global_colors_info=\u00bb{}\u00bb][\/et_pb_heading][et_pb_text quote_border_color=\u00bb#0077b6&#8243; _builder_version=\u00bb4.27.2&#8243; _module_preset=\u00bb2c55a9c4-feed-423b-9edb-ae0b5b365cac\u00bb text_font=\u00bbSource Sans Pro|Source Sans Pro_weight|||||||\u00bb text_text_color=\u00bb#3c3a47&#8243; text_font_size=\u00bb16px\u00bb text_line_height=\u00bb1.75em\u00bb link_font=\u00bb|Source Sans Pro_weight|||||||\u00bb link_text_color=\u00bb#03045e\u00bb quote_font=\u00bbPlayfair Display|Playfair Display_weight|||||||\u00bb quote_text_color=\u00bb#0e0c19&#8243; header_font=\u00bbPlayfair Display|Playfair Display_weight|||||||\u00bb header_text_color=\u00bb#0e0c19&#8243; header_font_size=\u00bb72px\u00bb header_line_height=\u00bb1.15em\u00bb header_2_font=\u00bbPlayfair Display|Playfair Display_weight|||||||\u00bb header_2_text_color=\u00bb#0e0c19&#8243; header_2_font_size=\u00bb50px\u00bb header_2_line_height=\u00bb1.2em\u00bb header_3_font=\u00bbPlayfair Display|Playfair Display_weight|||||||\u00bb header_3_text_color=\u00bb#0e0c19&#8243; header_3_font_size=\u00bb32px\u00bb header_3_line_height=\u00bb1.3em\u00bb header_4_font=\u00bbPlayfair Display|Playfair Display_weight|||||||\u00bb header_4_text_color=\u00bb#0e0c19&#8243; header_4_font_size=\u00bb24px\u00bb header_4_line_height=\u00bb1.4em\u00bb header_5_font=\u00bbPlayfair Display|Playfair Display_weight|||||||\u00bb header_5_text_color=\u00bb#0e0c19&#8243; header_5_font_size=\u00bb18px\u00bb header_5_line_height=\u00bb1.4em\u00bb header_6_font=\u00bbPlayfair Display|Playfair Display_weight|||||||\u00bb header_6_text_color=\u00bb#0e0c19&#8243; header_6_line_height=\u00bb1.5em\u00bb custom_margin=\u00bb||||false|false\u00bb text_font_size_tablet=\u00bb15px\u00bb text_font_size_phone=\u00bb14px\u00bb text_font_size_last_edited=\u00bbon|phone\u00bb header_font_size_tablet=\u00bb40px\u00bb header_font_size_phone=\u00bb24px\u00bb header_font_size_last_edited=\u00bbon|desktop\u00bb header_2_font_size_tablet=\u00bb28px\u00bb header_2_font_size_phone=\u00bb20px\u00bb header_2_font_size_last_edited=\u00bbon|phone\u00bb header_3_font_size_tablet=\u00bb22px\u00bb header_3_font_size_phone=\u00bb17px\u00bb header_3_font_size_last_edited=\u00bbon|phone\u00bb header_4_font_size_tablet=\u00bb18px\u00bb header_4_font_size_phone=\u00bb15px\u00bb header_4_font_size_last_edited=\u00bbon|tablet\u00bb header_5_font_size_tablet=\u00bb15px\u00bb header_5_font_size_phone=\u00bb14px\u00bb header_5_font_size_last_edited=\u00bbon|desktop\u00bb header_6_font_size_tablet=\u00bb13px\u00bb header_6_font_size_phone=\u00bb13px\u00bb header_6_font_size_last_edited=\u00bbon|desktop\u00bb locked=\u00bboff\u00bb global_colors_info=\u00bb{}\u00bb]<\/p>\n<p>En pleno centro de San Rafael se pueden disfrutar obras de artistas mendocinos y de grandes referentes del pa\u00eds y Latinoam\u00e9rica<\/p>\n<p>[\/et_pb_text][\/et_pb_column][et_pb_column type=\u00bb1_2&#8243; _builder_version=\u00bb4.23.1&#8243; _module_preset=\u00bb73121f80-a3ef-4484-8763-c3f18e3c56d2&#8243; global_colors_info=\u00bb{}\u00bb][\/et_pb_column][\/et_pb_row][\/et_pb_section][et_pb_section fb_built=\u00bb1&#8243; admin_label=\u00bbText &#038; Image\u00bb _builder_version=\u00bb4.27.4&#8243; _module_preset=\u00bbdefault\u00bb min_height=\u00bb852.7px\u00bb custom_margin=\u00bb||10px||false|false\u00bb custom_padding=\u00bb20px||0px||false|false\u00bb locked=\u00bboff\u00bb collapsed=\u00bbon\u00bb global_colors_info=\u00bb{}\u00bb][et_pb_row column_structure=\u00bb1_2,1_2&#8243; _builder_version=\u00bb4.27.2&#8243; _module_preset=\u00bb5138c454-be54-4233-bd3b-f8e6a8747976&#8243; min_height=\u00bb761.7px\u00bb custom_padding=\u00bb||0px||false|false\u00bb global_colors_info=\u00bb{}\u00bb][et_pb_column type=\u00bb1_2&#8243; _builder_version=\u00bb4.18.0&#8243; _module_preset=\u00bb73121f80-a3ef-4484-8763-c3f18e3c56d2&#8243; global_colors_info=\u00bb{}\u00bb][et_pb_image src=\u00bbhttps:\/\/mza-dicaws-portal-uploads-media-prod.s3.us-east-1.amazonaws.com\/informacion-oficial\/uploads\/sites\/14\/2025\/06\/eca-sur-mendoza-1.jpeg\u00bb title_text=\u00bbeca sur mendoza 1&#8243; _builder_version=\u00bb4.27.2&#8243; _module_preset=\u00bb1cc6152f-565c-4c4d-b0c9-cf8c9576c341&#8243; border_radii=\u00bbon|6px|6px|6px|6px\u00bb box_shadow_style=\u00bbpreset3&#8243; box_shadow_vertical=\u00bb40px\u00bb box_shadow_blur=\u00bb112px\u00bb box_shadow_spread=\u00bb-24px\u00bb box_shadow_color=\u00bbrgba(0,0,0,0.12)\u00bb locked=\u00bboff\u00bb global_colors_info=\u00bb{}\u00bb][\/et_pb_image][et_pb_image src=\u00bbhttps:\/\/mza-dicaws-portal-uploads-media-prod.s3.us-east-1.amazonaws.com\/informacion-oficial\/uploads\/sites\/14\/2025\/06\/eca-sur-enrique-sobisch-mendoza-argentina-1.jpg\u00bb title_text=\u00bbeca-sur-enrique-sobisch-mendoza argentina\u00bb _builder_version=\u00bb4.27.2&#8243; _module_preset=\u00bb1cc6152f-565c-4c4d-b0c9-cf8c9576c341&#8243; border_radii=\u00bbon|6px|6px|6px|6px\u00bb box_shadow_style=\u00bbpreset3&#8243; box_shadow_vertical=\u00bb40px\u00bb box_shadow_blur=\u00bb112px\u00bb box_shadow_spread=\u00bb-24px\u00bb box_shadow_color=\u00bbrgba(0,0,0,0.12)\u00bb locked=\u00bboff\u00bb global_colors_info=\u00bb{}\u00bb][\/et_pb_image][\/et_pb_column][et_pb_column type=\u00bb1_2&#8243; _builder_version=\u00bb4.18.0&#8243; _module_preset=\u00bb73121f80-a3ef-4484-8763-c3f18e3c56d2&#8243; custom_padding=\u00bb5%||5%||true|false\u00bb custom_padding_tablet=\u00bb0%||0%||true|false\u00bb custom_padding_phone=\u00bb0%||0%||true|false\u00bb custom_padding_last_edited=\u00bbon|desktop\u00bb global_colors_info=\u00bb{}\u00bb][et_pb_heading title=\u00bbArte en cada rinc\u00f3n de Mendoza\u00bb _builder_version=\u00bb4.27.4&#8243; _module_preset=\u00bbc33f07d9-41e0-421a-8799-5799df695cce\u00bb title_level=\u00bbh2&#8243; title_font=\u00bb&#8211;et_global_heading_font|Playfair Display_weight|||||||\u00bb title_text_color=\u00bb#0e0c19&#8243; title_font_size=\u00bb40px\u00bb title_line_height=\u00bb1.2em\u00bb custom_margin=\u00bb||10px||false|false\u00bb title_font_size_tablet=\u00bb28px\u00bb title_font_size_phone=\u00bb20px\u00bb title_font_size_last_edited=\u00bbon|phone\u00bb locked=\u00bboff\u00bb global_colors_info=\u00bb{}\u00bb][\/et_pb_heading][et_pb_text quote_border_color=\u00bb#0077b6&#8243; _builder_version=\u00bb4.27.2&#8243; _module_preset=\u00bb2c55a9c4-feed-423b-9edb-ae0b5b365cac\u00bb text_font=\u00bbSource Sans Pro|Source Sans Pro_weight|||||||\u00bb text_text_color=\u00bb#3c3a47&#8243; text_font_size=\u00bb16px\u00bb text_line_height=\u00bb1.75em\u00bb link_font=\u00bb|Source Sans Pro_weight|||||||\u00bb link_text_color=\u00bb#03045e\u00bb quote_font=\u00bbPlayfair Display|Playfair Display_weight|||||||\u00bb quote_text_color=\u00bb#0e0c19&#8243; header_font=\u00bb&#8211;et_global_body_font|Playfair Display_weight|||||||\u00bb header_text_color=\u00bb#0e0c19&#8243; header_font_size=\u00bb72px\u00bb header_line_height=\u00bb1.15em\u00bb header_2_font=\u00bbPlayfair Display|Playfair Display_weight|||||||\u00bb header_2_text_color=\u00bb#0e0c19&#8243; header_2_font_size=\u00bb50px\u00bb header_2_line_height=\u00bb1.2em\u00bb header_3_font=\u00bbPlayfair Display|Playfair Display_weight|||||||\u00bb header_3_text_color=\u00bb#0e0c19&#8243; header_3_font_size=\u00bb32px\u00bb header_3_line_height=\u00bb1.3em\u00bb header_4_font=\u00bbPlayfair Display|Playfair Display_weight|||||||\u00bb header_4_text_color=\u00bb#0e0c19&#8243; header_4_font_size=\u00bb24px\u00bb header_4_line_height=\u00bb1.4em\u00bb header_5_font=\u00bbPlayfair Display|Playfair Display_weight|||||||\u00bb header_5_text_color=\u00bb#0e0c19&#8243; header_5_font_size=\u00bb18px\u00bb header_5_line_height=\u00bb1.4em\u00bb header_6_font=\u00bbPlayfair Display|Playfair Display_weight|||||||\u00bb header_6_text_color=\u00bb#0e0c19&#8243; header_6_line_height=\u00bb1.5em\u00bb min_height=\u00bb203px\u00bb custom_margin=\u00bb||||false|false\u00bb text_font_size_tablet=\u00bb15px\u00bb text_font_size_phone=\u00bb14px\u00bb text_font_size_last_edited=\u00bbon|phone\u00bb header_font_size_tablet=\u00bb40px\u00bb header_font_size_phone=\u00bb24px\u00bb header_font_size_last_edited=\u00bbon|desktop\u00bb header_2_font_size_tablet=\u00bb28px\u00bb header_2_font_size_phone=\u00bb20px\u00bb header_2_font_size_last_edited=\u00bbon|phone\u00bb header_3_font_size_tablet=\u00bb22px\u00bb header_3_font_size_phone=\u00bb17px\u00bb header_3_font_size_last_edited=\u00bbon|phone\u00bb header_4_font_size_tablet=\u00bb18px\u00bb header_4_font_size_phone=\u00bb15px\u00bb header_4_font_size_last_edited=\u00bbon|tablet\u00bb header_5_font_size_tablet=\u00bb15px\u00bb header_5_font_size_phone=\u00bb14px\u00bb header_5_font_size_last_edited=\u00bbon|desktop\u00bb header_6_font_size_tablet=\u00bb13px\u00bb header_6_font_size_phone=\u00bb13px\u00bb header_6_font_size_last_edited=\u00bbon|desktop\u00bb global_colors_info=\u00bb{}\u00bb]<\/p>\n<p>ECA Sur, es el nombre del Espacio Contempor\u00e1neo de Arte que se encuentra en pleno KM 0 de la ciudad de San Rafael. En su interior se pueden disfrutar obras de artistas mendocinos y de grandes referentes del pa\u00eds y Latinoam\u00e9rica.<\/p>\n<p>Logra su re-apertura en 2015, con el esfuerzo de alumnos y Gestores Socioculturales Voluntarios, junto al apoyo y colaboraci\u00f3n de la comunidad de San Rafael.<\/p>\n<p>En el ECA Sur se desarrollan, adem\u00e1s de muestras de artes, talleres, charlas y conferencias, abiertos, no s\u00f3lo a artistas sino, tambi\u00e9n, a la comunidad en general.<\/p>\n<p>[\/et_pb_text][\/et_pb_column][\/et_pb_row][\/et_pb_section][et_pb_section fb_built=\u00bb1&#8243; admin_label=\u00bbContact Info\u00bb _builder_version=\u00bb4.25.1&#8243; _module_preset=\u00bbdefault\u00bb min_height=\u00bb697.7px\u00bb collapsed=\u00bbon\u00bb global_colors_info=\u00bb{}\u00bb][et_pb_row column_structure=\u00bb2_5,3_5&#8243; _builder_version=\u00bb4.27.2&#8243; _module_preset=\u00bbdefault\u00bb min_height=\u00bb593.7px\u00bb global_colors_info=\u00bb{}\u00bb][et_pb_column type=\u00bb2_5&#8243; _builder_version=\u00bb4.27.2&#8243; _module_preset=\u00bbdefault\u00bb custom_padding=\u00bb90px||||false|false\u00bb global_colors_info=\u00bb{}\u00bb][et_pb_blurb title=\u00bbDirecci\u00f3n\u00bb use_icon=\u00bbon\u00bb font_icon=\u00bb&#xf3c5;||fa||900&#8243; icon_color=\u00bb#03045e\u00bb icon_placement=\u00bbleft\u00bb image_icon_width=\u00bb40px\u00bb content_max_width=\u00bb100%\u00bb module_class=\u00bbai_ignore_all\u00bb _builder_version=\u00bb4.27.2&#8243; _module_preset=\u00bb65059203-12d3-44f6-8371-3f5cf61a0475&#8243; header_font=\u00bb&#8211;et_global_heading_font|Playfair Display_weight|||||||\u00bb header_text_color=\u00bb#0e0c19&#8243; header_font_size=\u00bb18px\u00bb header_line_height=\u00bb1.4em\u00bb body_font=\u00bbSource Sans Pro|Source Sans Pro_weight|||||||\u00bb body_text_color=\u00bb#3c3a47&#8243; body_font_size=\u00bb16px\u00bb body_line_height=\u00bb1.75em\u00bb body_link_text_color=\u00bb#03045e\u00bb animation=\u00bboff\u00bb header_font_size_tablet=\u00bb15px\u00bb header_font_size_phone=\u00bb14px\u00bb header_font_size_last_edited=\u00bbon|phone\u00bb body_font_size_tablet=\u00bb15px\u00bb body_font_size_phone=\u00bb14px\u00bb body_font_size_last_edited=\u00bbon|desktop\u00bb border_radii_image=\u00bbon|6px|6px|6px|6px\u00bb locked=\u00bboff\u00bb global_colors_info=\u00bb{}\u00bb]<\/p>\n<p><span>Km 0, Ciudad de San Rafael, Mendoza<\/span><\/p>\n<p>[\/et_pb_blurb][et_pb_blurb title=\u00bbTel\u00e9fono\u00bb use_icon=\u00bbon\u00bb font_icon=\u00bb&#xe090;||divi||400&#8243; icon_color=\u00bb#03045e\u00bb icon_placement=\u00bbleft\u00bb image_icon_width=\u00bb40px\u00bb content_max_width=\u00bb100%\u00bb module_class=\u00bbai_ignore_all\u00bb _builder_version=\u00bb4.27.2&#8243; _module_preset=\u00bb65059203-12d3-44f6-8371-3f5cf61a0475&#8243; header_font=\u00bb&#8211;et_global_heading_font|Playfair Display_weight|||||||\u00bb header_text_color=\u00bb#0e0c19&#8243; header_font_size=\u00bb18px\u00bb header_line_height=\u00bb1.4em\u00bb body_font=\u00bbSource Sans Pro|Source Sans Pro_weight|||||||\u00bb body_text_color=\u00bb#3c3a47&#8243; body_font_size=\u00bb16px\u00bb body_line_height=\u00bb1.75em\u00bb body_link_text_color=\u00bb#03045e\u00bb animation=\u00bboff\u00bb header_font_size_tablet=\u00bb15px\u00bb header_font_size_phone=\u00bb14px\u00bb header_font_size_last_edited=\u00bbon|phone\u00bb body_font_size_tablet=\u00bb15px\u00bb body_font_size_phone=\u00bb14px\u00bb body_font_size_last_edited=\u00bbon|desktop\u00bb border_radii_image=\u00bbon|6px|6px|6px|6px\u00bb global_colors_info=\u00bb{}\u00bb]<\/p>\n<p><span>260-4622472 \/ 260-4356628<\/span><\/p>\n<p>[\/et_pb_blurb][et_pb_blurb title=\u00bbEmail\u00bb use_icon=\u00bbon\u00bb font_icon=\u00bb&#xf0e0;||fa||900&#8243; icon_color=\u00bb#03045e\u00bb icon_placement=\u00bbleft\u00bb image_icon_width=\u00bb40px\u00bb content_max_width=\u00bb100%\u00bb module_class=\u00bbai_ignore_all\u00bb _builder_version=\u00bb4.27.2&#8243; _module_preset=\u00bb65059203-12d3-44f6-8371-3f5cf61a0475&#8243; header_font=\u00bb&#8211;et_global_heading_font|Playfair Display_weight|||||||\u00bb header_text_color=\u00bb#0e0c19&#8243; header_font_size=\u00bb18px\u00bb header_line_height=\u00bb1.4em\u00bb body_font=\u00bbSource Sans Pro|Source Sans Pro_weight|||||||\u00bb body_text_color=\u00bb#3c3a47&#8243; body_font_size=\u00bb16px\u00bb body_line_height=\u00bb1.75em\u00bb body_link_text_color=\u00bb#03045e\u00bb animation=\u00bboff\u00bb header_font_size_tablet=\u00bb15px\u00bb header_font_size_phone=\u00bb14px\u00bb header_font_size_last_edited=\u00bbon|phone\u00bb body_font_size_tablet=\u00bb15px\u00bb body_font_size_phone=\u00bb14px\u00bb body_font_size_last_edited=\u00bbon|desktop\u00bb border_radii_image=\u00bbon|6px|6px|6px|6px\u00bb locked=\u00bboff\u00bb global_colors_info=\u00bb{}\u00bb]<\/p>\n<p><span>ecasurkm0@gmail.com<\/span><\/p>\n<p>[\/et_pb_blurb][et_pb_blurb title=\u00bbRedes Sociales\u00bb use_icon=\u00bbon\u00bb font_icon=\u00bb&#xe055;||fa||400&#8243; icon_color=\u00bb#03045e\u00bb icon_placement=\u00bbleft\u00bb image_icon_width=\u00bb40px\u00bb content_max_width=\u00bb100%\u00bb module_class=\u00bbai_ignore_all\u00bb _builder_version=\u00bb4.27.2&#8243; _module_preset=\u00bb65059203-12d3-44f6-8371-3f5cf61a0475&#8243; header_font=\u00bb&#8211;et_global_heading_font|Playfair Display_weight|||||||\u00bb header_text_color=\u00bb#0e0c19&#8243; header_font_size=\u00bb18px\u00bb header_line_height=\u00bb1.4em\u00bb body_font=\u00bbSource Sans Pro|Source Sans Pro_weight|||||||\u00bb body_text_color=\u00bb#3c3a47&#8243; body_font_size=\u00bb16px\u00bb body_line_height=\u00bb1.75em\u00bb body_link_text_color=\u00bb#03045e\u00bb animation=\u00bboff\u00bb header_font_size_tablet=\u00bb15px\u00bb header_font_size_phone=\u00bb14px\u00bb header_font_size_last_edited=\u00bbon|phone\u00bb body_font_size_tablet=\u00bb15px\u00bb body_font_size_phone=\u00bb14px\u00bb body_font_size_last_edited=\u00bbon|desktop\u00bb border_radii_image=\u00bbon|6px|6px|6px|6px\u00bb locked=\u00bboff\u00bb global_colors_info=\u00bb{}\u00bb]<\/p>\n<p><strong>Facebook:<\/strong><span>\u00a0<\/span><a href=\"https:\/\/www.facebook.com\/pg\/ECA-SUR-Enrique-Sobisch-635047249964906\/about\/?ref=page_internal\">Eca Sur Enrique Sobisch<\/a><\/p>\n<p>[\/et_pb_blurb][\/et_pb_column][et_pb_column type=\u00bb3_5&#8243; _builder_version=\u00bb4.25.1&#8243; _module_preset=\u00bbdefault\u00bb global_colors_info=\u00bb{}\u00bb][et_pb_heading title=\u00bbC\u00f3mo llegar\u00bb _builder_version=\u00bb4.27.2&#8243; _module_preset=\u00bbdefault\u00bb title_font=\u00bb&#8211;et_global_heading_font||||||||\u00bb title_text_color=\u00bb#141414&#8243; global_colors_info=\u00bb{}\u00bb][\/et_pb_heading][et_pb_code _builder_version=\u00bb4.27.4&#8243; _module_preset=\u00bbdefault\u00bb hover_enabled=\u00bb0&#8243; global_colors_info=\u00bb{}\u00bb sticky_enabled=\u00bb0&#8243;]<iframe src=\"https:\/\/www.google.com\/maps\/embed?pb=!1m18!1m12!1m3!1d3963.2923435477337!2d-68.3299625!3d-34.6166933!2m3!1f0!2f0!3f0!3m2!1i1024!2i768!4f13.1!3m3!1m2!1s0x967907fc26fd1f91%3A0x3844813d0bfb388a!2sEspacio%20Contempor%C3%A1neo%20de%20Arte!5e1!3m2!1ses-419!2sar!4v1755273778063!5m2!1ses-419!2sar\" width=\"600\" height=\"450\" style=\"border:0;\" allowfullscreen=\"\" loading=\"lazy\" referrerpolicy=\"no-referrer-when-downgrade\"><\/iframe>[\/et_pb_code][\/et_pb_column][\/et_pb_row][\/et_pb_section]<\/p>\n","protected":false},"excerpt":{"rendered":"<p>En pleno centro de San Rafael se pueden disfrutar obras de artistas mendocinos y de grandes referentes del pa\u00eds y Latinoam\u00e9ricaECA Sur, es el nombre del Espacio Contempor\u00e1neo de Arte que se encuentra en pleno KM 0 de la ciudad de San Rafael. En su interior se pueden disfrutar obras de artistas mendocinos y de [&hellip;]<\/p>\n","protected":false},"author":24,"featured_media":0,"parent":1186,"menu_order":0,"comment_status":"closed","ping_status":"closed","template":"","meta":{"_et_pb_use_builder":"on","_et_pb_old_content":"","_et_gb_content_width":"","footnotes":""},"class_list":["post-1319","page","type-page","status-publish","hentry"],"_links":{"self":[{"href":"https:\/\/informacionoficial.mendoza.gob.ar\/educacion-cultura-infancias-dge\/wp-json\/wp\/v2\/pages\/1319","targetHints":{"allow":["GET"]}}],"collection":[{"href":"https:\/\/informacionoficial.mendoza.gob.ar\/educacion-cultura-infancias-dge\/wp-json\/wp\/v2\/pages"}],"about":[{"href":"https:\/\/informacionoficial.mendoza.gob.ar\/educacion-cultura-infancias-dge\/wp-json\/wp\/v2\/types\/page"}],"author":[{"embeddable":true,"href":"https:\/\/informacionoficial.mendoza.gob.ar\/educacion-cultura-infancias-dge\/wp-json\/wp\/v2\/users\/24"}],"replies":[{"embeddable":true,"href":"https:\/\/informacionoficial.mendoza.gob.ar\/educacion-cultura-infancias-dge\/wp-json\/wp\/v2\/comments?post=1319"}],"version-history":[{"count":8,"href":"https:\/\/informacionoficial.mendoza.gob.ar\/educacion-cultura-infancias-dge\/wp-json\/wp\/v2\/pages\/1319\/revisions"}],"predecessor-version":[{"id":2197,"href":"https:\/\/informacionoficial.mendoza.gob.ar\/educacion-cultura-infancias-dge\/wp-json\/wp\/v2\/pages\/1319\/revisions\/2197"}],"up":[{"embeddable":true,"href":"https:\/\/informacionoficial.mendoza.gob.ar\/educacion-cultura-infancias-dge\/wp-json\/wp\/v2\/pages\/1186"}],"wp:attachment":[{"href":"https:\/\/informacionoficial.mendoza.gob.ar\/educacion-cultura-infancias-dge\/wp-json\/wp\/v2\/media?parent=1319"}],"curies":[{"name":"wp","href":"https:\/\/api.w.org\/{rel}","templated":true}]}}