{"id":1688,"date":"2025-07-02T16:39:13","date_gmt":"2025-07-02T14:39:13","guid":{"rendered":"https:\/\/informacionoficial.mendoza.gob.ar\/educacion-cultura-infancias-dge\/?page_id=1688"},"modified":"2025-08-19T17:27:59","modified_gmt":"2025-08-19T15:27:59","slug":"atencion-ciudadana-2","status":"publish","type":"page","link":"https:\/\/informacionoficial.mendoza.gob.ar\/educacion-cultura-infancias-dge\/atencion-ciudadana-2\/","title":{"rendered":"Atenci\u00f3n Ciudadana"},"content":{"rendered":"<p>[et_pb_section fb_built=\u00bb1&#8243; _builder_version=\u00bb4.27.4&#8243; _module_preset=\u00bbdefault\u00bb background_color=\u00bb#f2f2f2&#8243; custom_margin=\u00bb||||false|false\u00bb custom_padding=\u00bb1rem||1rem||false|false\u00bb global_colors_info=\u00bb{}\u00bb][et_pb_row _builder_version=\u00bb4.27.4&#8243; _module_preset=\u00bbdefault\u00bb custom_margin=\u00bb1rem||||false|false\u00bb custom_padding=\u00bb1rem||1rem||false|false\u00bb locked=\u00bboff\u00bb global_colors_info=\u00bb{}\u00bb][et_pb_column type=\u00bb4_4&#8243; _builder_version=\u00bb4.27.4&#8243; _module_preset=\u00bbdefault\u00bb global_colors_info=\u00bb{}\u00bb][et_pb_post_title meta=\u00bboff\u00bb featured_image=\u00bboff\u00bb _builder_version=\u00bb4.27.4&#8243; _module_preset=\u00bbdefault\u00bb title_font=\u00bb|700|||||||\u00bb title_text_align=\u00bbcenter\u00bb title_text_color=\u00bb#000000&#8243; title_font_size=\u00bb30px\u00bb background_color=\u00bb#FFFFFF\u00bb module_alignment=\u00bbcenter\u00bb custom_margin=\u00bb0px||0px||false|false\u00bb custom_padding=\u00bb1em||1em||false|false\u00bb title_font_size_tablet=\u00bb30px\u00bb title_font_size_phone=\u00bb26px\u00bb title_font_size_last_edited=\u00bbon|phone\u00bb border_radii=\u00bbon|15px|15px|15px|15px\u00bb box_shadow_style=\u00bbpreset1&#8243; global_colors_info=\u00bb{}\u00bb][\/et_pb_post_title][\/et_pb_column][\/et_pb_row][et_pb_row _builder_version=\u00bb4.27.4&#8243; _module_preset=\u00bbdefault\u00bb global_colors_info=\u00bb{}\u00bb][et_pb_column type=\u00bb4_4&#8243; _builder_version=\u00bb4.27.4&#8243; _module_preset=\u00bbdefault\u00bb global_colors_info=\u00bb{}\u00bb][et_pb_code _builder_version=\u00bb4.27.4&#8243; _module_preset=\u00bbdefault\u00bb width=\u00bb100%\u00bb max_width=\u00bb100%\u00bb custom_css_free_form=\u00bb.custom-search-form {||    text-align: center;||    margin: 20px auto;||    max-width: 80%;||    border: 1px solid #ccc;||    padding: 20px 4px;||    border-radius: 50px;||    font-size: 20px;||    box-shadow: 0 4px 8px rgba(0, 0, 0, 0.1);||    background: white;||    display: flex;||    flex-wrap: wrap;||    justify-content: center;||    gap: 10px;||}||||.custom-search-input {||    padding: 10px;||    width: 70%;||    border: none !important;||    background: transparent;||    border-radius: 50px;||    font-size: 20px;||}||||.custom-search-button {||    padding: 15px 20px 15px  20px;||    border: none;||    border-radius: 40px;||    background: rgb(223, 172, 107);||    color: white;||    font-size: 15px;||    cursor: pointer;||  \twidth:100px;||}||.custom-search-button img{||  display:none;||}||||||\/* Estilos responsive para m\u00f3viles *\/||@media screen and (max-width: 768px) {||    .custom-search-input {||        width: 70%;||        font-size: 18px;||    }||  .custom-search-input::placeholder {||    font-size: 12px;||}||||    .custom-search-button {||        width: 20%;||        padding: 15px;||        font-size: 16px;||    }||  .custom-search-button img{||    width:20px;||    display:flex||  }|| .custom-search-button p{||    display: none;||  }||    .custom-search-form {||        padding: 10px;||        font-size: 18px;||    }||}||\u00bb global_colors_info=\u00bb{}\u00bb]\n    <form method=\"get\" action=\"https:\/\/atencionciudadana.mendoza.gob.ar\/\" class=\"custom-search-form\">\n        <input type=\"text\" name=\"s\" placeholder=\"\u00bfQu\u00e9 tr\u00e1mite necesit\u00e1s?\" class=\"custom-search-input\" value=\"\" required>\n        <button type=\"submit\" class=\"custom-search-button\"><p>Buscar<\/p><image src=\"http:\/\/atencionciudadana.mendoza.gob.ar\/wp-content\/uploads\/2025\/06\/Diseno_sin_titulo__1_-removebg-preview.png\" alt=\"buscar\"\/><\/button>\n    <\/form>\n\n\n    [\/et_pb_code][\/et_pb_column][\/et_pb_row][et_pb_row column_structure=\u00bb1_3,1_3,1_3&#8243; use_custom_gutter=\u00bbon\u00bb gutter_width=\u00bb2&#8243; make_equal=\u00bbon\u00bb _builder_version=\u00bb4.27.4&#8243; _module_preset=\u00bbdefault\u00bb custom_margin=\u00bb0px||0px||false|false\u00bb custom_padding=\u00bb1rem||1rem||true|false\u00bb locked=\u00bboff\u00bb global_colors_info=\u00bb{}\u00bb][et_pb_column type=\u00bb1_3&#8243; _builder_version=\u00bb4.27.4&#8243; _module_preset=\u00bbdefault\u00bb custom_padding=\u00bb1em||||false|false\u00bb global_colors_info=\u00bb{}\u00bb][et_pb_text module_id=\u00bbcultura\u00bb _builder_version=\u00bb4.27.4&#8243; _module_preset=\u00bbdefault\u00bb text_font=\u00bb|600|||||||\u00bb text_text_color=\u00bb#FFFFFF\u00bb text_font_size=\u00bb20px\u00bb background_color=\u00bb#3CB4E5&#8243; custom_margin=\u00bb0px||0px||true|false\u00bb custom_padding=\u00bb1rem||1rem||true|false\u00bb border_radii=\u00bboff|15px|15px||\u00bb global_colors_info=\u00bb{}\u00bb]<\/p>\n<p style=\"text-align: center\">DGE<\/p>\n<p>[\/et_pb_text][et_pb_toggle title=\u00bbVer tr\u00e1mites\u00bb _builder_version=\u00bb4.27.4&#8243; _module_preset=\u00bbdefault\u00bb locked=\u00bboff\u00bb global_colors_info=\u00bb{}\u00bb]<\/p>\n<ul>\n<li><span><a href=\"https:\/\/atencionciudadana.mendoza.gob.ar\/actualizacion-de-haberes-solo-para-personal-docente-solicitar-turno\/\">Actualizaci\u00f3n de haberes. S\u00f3lo para personal docente. Solicitar turno<\/a><\/span><\/li>\n<li><a href=\"https:\/\/atencionciudadana.mendoza.gob.ar\/bonificacion-por-matrimonio\/\"><span>Bonificaci\u00f3n por Matrimonio<\/span><\/a><\/li>\n<li><a href=\"https:\/\/atencionciudadana.mendoza.gob.ar\/bonificacion-por-nacimiento-de-hijo-salario-familiar\/\"><span>Bonificaci\u00f3n por nacimiento de hijo\/ Salario familiar<\/span><\/a><\/li>\n<li><a href=\"https:\/\/atencionciudadana.mendoza.gob.ar\/bonificacion-por-prenatal\/\"><span>Bonificaci\u00f3n por Prenatal<\/span><\/a><\/li>\n<li><a href=\"https:\/\/atencionciudadana.mendoza.gob.ar\/certificacion-de-haberes\/\"><span>Certificaci\u00f3n de Haberes<\/span><\/a><\/li>\n<li><a href=\"https:\/\/atencionciudadana.mendoza.gob.ar\/copia-de-bonos-de-sueldo-anteriores-al-ano-2017\/\"><span>Copia de bonos de sueldo anteriores al a\u00f1o 2017<\/span><\/a><\/li>\n<li><a href=\"https:\/\/atencionciudadana.mendoza.gob.ar\/pension-por-fallecimiento\/\"><span>Pensi\u00f3n por fallecimiento<\/span><\/a><\/li>\n<li><a href=\"https:\/\/atencionciudadana.mendoza.gob.ar\/reclamo-del-item-aula\/\"><span>Reclamo del \u00cdtem Aula<\/span><\/a><\/li>\n<li><a href=\"https:\/\/atencionciudadana.mendoza.gob.ar\/solicitud-equiparacion-salarial-para-docentes-no-existe-para-no-docente\/\"><span>Solicitud: Equiparaci\u00f3n Salarial para docentes (no existe para no docente)<\/span><\/a><\/li>\n<li><a href=\"https:\/\/atencionciudadana.mendoza.gob.ar\/actualizacion-porcentaje-de-antiguedad-suplente-titular\/\"><span>Actualizaci\u00f3n porcentaje de antig\u00fcedad Suplente\/Titular<\/span><\/a><\/li>\n<li><a href=\"https:\/\/atencionciudadana.mendoza.gob.ar\/caja-complementaria\/\"><span>Caja Complementaria<\/span><\/a><\/li>\n<li><a href=\"https:\/\/atencionciudadana.mendoza.gob.ar\/inicio-del-tramite-jubilatorio-renuncia-condicionada\/\"><span>Inicio del Tr\u00e1mite jubilatorio. Renuncia Condicionada<\/span><\/a><\/li>\n<li><a href=\"https:\/\/atencionciudadana.mendoza.gob.ar\/jubilacion-por-invalidez\/\"><span>Jubilaci\u00f3n por Invalidez<\/span><\/a><\/li>\n<li><a href=\"https:\/\/atencionciudadana.mendoza.gob.ar\/renuncias-definitivas-a-cargos-y-horas-titulares-jubilacion-ordinaria\/\"><span>Renuncias Definitivas a cargos y horas titulares: Jubilaci\u00f3n Ordinaria<\/span><\/a><\/li>\n<li><a href=\"https:\/\/atencionciudadana.mendoza.gob.ar\/renuncias-definitivas-a-cargos-y-horas-titulares-jubilacion-por-incapacidad\/\"><span>Renuncias Definitivas a cargos y horas titulares: Jubilaci\u00f3n por Incapacidad<\/span><\/a><\/li>\n<li><a href=\"https:\/\/atencionciudadana.mendoza.gob.ar\/certificado-escolar-descarga-certificado-de-alumno-regular\/\"><span>Certificado Escolar\/ Descarga Certificado de Alumno Regular<\/span><\/a><\/li>\n<li><a href=\"https:\/\/atencionciudadana.mendoza.gob.ar\/extension-de-licencia-por-art-52o-ley-5811\/\"><span>Extensi\u00f3n de Licencia por Art. 52\u00ba Ley 5811<\/span><\/a><\/li>\n<li><a href=\"https:\/\/atencionciudadana.mendoza.gob.ar\/traslado-de-administrativos-o-profesionales-de-la-salud\/\"><span>Traslado de Administrativos o Profesionales de la Salud<\/span><\/a><\/li>\n<li><a href=\"https:\/\/atencionciudadana.mendoza.gob.ar\/cambio-de-art-40-a-art-44\/\"><span>Cambio de Art. 40 a Art. 44<\/span><\/a><\/li>\n<li><a href=\"https:\/\/atencionciudadana.mendoza.gob.ar\/extension-de-articulo-40\/\"><span>Extensi\u00f3n de Art\u00edculo 40<\/span><\/a><\/li>\n<li><a href=\"https:\/\/atencionciudadana.mendoza.gob.ar\/cambio-de-funciones\/\"><span>Cambio de Funciones<\/span><\/a><\/li>\n<li><a href=\"https:\/\/atencionciudadana.mendoza.gob.ar\/licencia-por-enfermedad-a-partir-de-los-10-dias\/\"><span>Licencia por enfermedad a partir de los 10 d\u00edas<\/span><\/a><\/li>\n<li><a href=\"https:\/\/atencionciudadana.mendoza.gob.ar\/denunciar-accidente-de-trabajo\/\"><span>Denunciar accidente de trabajo<\/span><\/a><\/li>\n<li><a href=\"https:\/\/atencionciudadana.mendoza.gob.ar\/realizacion-de-psicofisico\/\"><span>Realizaci\u00f3n de psicof\u00edsico<\/span><\/a><\/li>\n<li><a href=\"https:\/\/atencionciudadana.mendoza.gob.ar\/altas-de-misiones-especiales\/\"><span>Altas de Misiones Especiales<\/span><\/a><\/li>\n<li><a href=\"https:\/\/atencionciudadana.mendoza.gob.ar\/continuidades-de-misiones-especiales\/\"><span>Continuidad de Misiones Especiales<\/span><\/a><\/li>\n<li><a href=\"https:\/\/atencionciudadana.mendoza.gob.ar\/bajas-de-misiones-especiales\/\"><span>Bajas de Misiones Especiales<\/span><\/a><\/li>\n<li><a href=\"https:\/\/atencionciudadana.mendoza.gob.ar\/registro-de-titulos-para-docentes-y-personal-de-la-dge\/\"><span>Registro de t\u00edtulos para docentes y personal de la DGE<\/span><\/a><\/li>\n<li><a href=\"https:\/\/atencionciudadana.mendoza.gob.ar\/legalizacion-de-titulos\/\"><span>Legalizaci\u00f3n de t\u00edtulos<\/span><\/a><\/li>\n<li><a href=\"https:\/\/atencionciudadana.mendoza.gob.ar\/solicitud-de-incorporacion-de-alumnos-a-nivel-secundario-provenientes-fuera-de-la-provincia-de-mendoza\/\"><span>Solicitud de incorporaci\u00f3n de alumnos a nivel secundario provenientes fuera de la provincia de Mendoza<\/span><\/a><\/li>\n<li><a href=\"https:\/\/atencionciudadana.mendoza.gob.ar\/convalidacion-homologacion-titulos-extranjeros\/\"><span>Convalidaci\u00f3n \/Homologaci\u00f3n T\u00edtulos Extranjeros<\/span><\/a><\/li>\n<li><a href=\"https:\/\/atencionciudadana.mendoza.gob.ar\/dia-femenino-decreto-392-13\/\"><span>D\u00eda Femenino (Decreto 392\/13)<\/span><\/a><\/li>\n<li><a href=\"https:\/\/atencionciudadana.mendoza.gob.ar\/extension-de-articulo-50-7-y-razones-humanitarias\/\"><span>Extensi\u00f3n de Art\u00edculo 50\/7 y Razones Humanitarias<\/span><\/a><\/li>\n<li><a href=\"https:\/\/atencionciudadana.mendoza.gob.ar\/licencia-deportiva-art-61-ley-6457\/\"><span>Licencia Deportiva Art. 61 Ley 6457<\/span><\/a><\/li>\n<li><a href=\"https:\/\/atencionciudadana.mendoza.gob.ar\/licencia-estudio-y-o-beca-art-6o-inc-l-ll-ley-4934\/\"><span>Licencia Estudio y\/o Beca Art.6\u00ba inc. L\/LL Ley 4934<\/span><\/a><\/li>\n<li><a href=\"https:\/\/atencionciudadana.mendoza.gob.ar\/licencia-gremial-art-62-ley-5811\/\"><span>Licencia Gremial Art. 62 Ley 5811<\/span><\/a><\/li>\n<li><a href=\"https:\/\/atencionciudadana.mendoza.gob.ar\/licencia-perfeccionamiento-art-50-inc-8-ley-5811-documentacion\/\"><span>Licencia Perfeccionamiento Art. 50 inc.8 Ley 5811-Documentaci\u00f3n<\/span><\/a><\/li>\n<li><a href=\"https:\/\/atencionciudadana.mendoza.gob.ar\/licencia-perfeccionamiento-art-53-ley-5811-documentacion\/\"><span>Licencia Perfeccionamiento Art. 53 Ley 5811-Documentaci\u00f3n<\/span><\/a><\/li>\n<li><a href=\"https:\/\/atencionciudadana.mendoza.gob.ar\/licencia-por-art-50-inc-12-violencia-de-genero\/\"><span>Licencia por Art. 50 inc. 12 Violencia de G\u00e9nero<\/span><\/a><\/li>\n<li><a href=\"https:\/\/atencionciudadana.mendoza.gob.ar\/licencia-por-enfermedad-o-cuidado-de-familiar-enfermo-articulo-40\/\"><span>Licencia por enfermedad o Cuidado de Familiar enfermo. Art\u00edculo 40<\/span><\/a><\/li>\n<li><a href=\"https:\/\/atencionciudadana.mendoza.gob.ar\/licencia-razones-particulares-art-52-ley-5811-sin-goce-de-haberes\/\"><span>Licencia Razones Particulares Art. 52 Ley 5811 (SIN GOCE DE HABERES)<\/span><\/a><\/li>\n<li><a href=\"https:\/\/atencionciudadana.mendoza.gob.ar\/licencia-reserva-de-cargo-art-61-ley-5811\/\"><span>Licencia Reserva de Cargo Art. 61 Ley 5811<\/span><\/a><\/li>\n<li><a href=\"https:\/\/atencionciudadana.mendoza.gob.ar\/licencias-por-enfermedad-fuera-de-la-provincia\/\"><span>Licencias por enfermedad fuera de la provincia<\/span><\/a><\/li>\n<li><a href=\"https:\/\/atencionciudadana.mendoza.gob.ar\/licencias-por-maternidad-art-54-ley-5811\/\"><span>Licencias por maternidad Art. 54 Ley 5811<\/span><\/a><\/li>\n<li><a href=\"https:\/\/atencionciudadana.mendoza.gob.ar\/consulta-de-embargo-comercial-o-cuota-alimentaria\/\"><span>Consulta de Embargo comercial o cuota alimentaria<\/span><\/a><\/li>\n<li><a href=\"https:\/\/atencionciudadana.mendoza.gob.ar\/solicitud-rectificacion-de-resolucion\/\"><span>Solicitud: Rectificaci\u00f3n de Resoluci\u00f3n<\/span><\/a><\/li>\n<li><a href=\"https:\/\/atencionciudadana.mendoza.gob.ar\/solicitud-de-resolucion\/\"><span>Solicitud de Resoluci\u00f3n<\/span><\/a><\/li>\n<li><a href=\"https:\/\/atencionciudadana.mendoza.gob.ar\/continuidad-de-reemplazo-de-celador\/\"><span>Continuidad de Reemplazo de Celador<\/span><\/a><\/li>\n<li><a href=\"https:\/\/atencionciudadana.mendoza.gob.ar\/descargo-de-ausentismo\/\"><span>Descargo de Ausentismo<\/span><\/a><\/li>\n<li><a href=\"https:\/\/atencionciudadana.mendoza.gob.ar\/reconocimiento-de-servicios\/\"><span>Reconocimiento de Servicios<\/span><\/a><\/li>\n<li><a href=\"https:\/\/atencionciudadana.mendoza.gob.ar\/reduccion-horaria-por-hijo-a-con-discapacidad\/\"><span>Reducci\u00f3n horaria por hijo\/a con discapacidad<\/span><\/a><\/li>\n<li><a href=\"https:\/\/atencionciudadana.mendoza.gob.ar\/renuncia-definitiva-a-cargos-y-horas-titulares-particular\/\"><span>Renuncia Definitiva a cargos y horas titulares: Particular<\/span><\/a><\/li>\n<li><a href=\"https:\/\/atencionciudadana.mendoza.gob.ar\/solicitud-de-baja-o-sancion\/\"><span>Solicitud de baja o sanci\u00f3n<\/span><\/a><\/li>\n<li><a href=\"https:\/\/atencionciudadana.mendoza.gob.ar\/solicitud-de-cambio-de-destino-para-docentes-en-cambio-de-funciones\/\"><span>Solicitud de cambio de destino para docentes en cambio de funciones<\/span><\/a><\/li>\n<li><a href=\"https:\/\/atencionciudadana.mendoza.gob.ar\/solicitud-de-celador\/\"><span>Solicitud de Celador<\/span><\/a><\/li>\n<li><a href=\"https:\/\/atencionciudadana.mendoza.gob.ar\/solicitud-de-permuta-de-celadores\/\"><span>Solicitud de permuta de celadores<\/span><\/a><\/li>\n<li><a href=\"https:\/\/atencionciudadana.mendoza.gob.ar\/solicitud-de-prorroga-laboral-por-poseer-doble-regimen-laboral\/\"><span>Solicitud de Pr\u00f3rroga Laboral por poseer doble r\u00e9gimen laboral<\/span><\/a><span><\/span><\/li>\n<li><a href=\"https:\/\/atencionciudadana.mendoza.gob.ar\/solicitud-de-reemplazo-de-celador\/\"><span>Solicitud de reemplazo de celador<\/span><\/a><\/li>\n<li><a href=\"https:\/\/atencionciudadana.mendoza.gob.ar\/solicitud-de-traslado-de-celadores\/\"><span>Solicitud de traslado de celadores<\/span><\/a><\/li>\n<li><a href=\"https:\/\/atencionciudadana.mendoza.gob.ar\/solicitud-prorroga-para-personal-femenino-no-docente\"><span>Solicitud pr\u00f3rroga para personal femenino no docente<\/span><\/a><\/li>\n<li><a href=\"https:\/\/atencionciudadana.mendoza.gob.ar\/solicitud-cambio-situacion-de-revista-por-titularizacion\/\"><span>Solicitud: Cambio Situaci\u00f3n de Revista por Titularizaci\u00f3n<\/span><\/a><\/li>\n<li><a href=\"https:\/\/atencionciudadana.mendoza.gob.ar\/inicio-de-legajo-docentes-celadores\/\"><span>Inicio de Legajo Docentes\/Celadores<\/span><\/a><\/li>\n<li><a href=\"https:\/\/atencionciudadana.mendoza.gob.ar\/solicitud-de-antiguedad-para-concurso-y-o-traslado\/\"><span>Solicitud de antig\u00fcedad para concurso y\/o traslado<\/span><\/a><\/li>\n<li><a href=\"https:\/\/atencionciudadana.mendoza.gob.ar\/solicitud-de-certificacion-de-traslado-por-causal-salud\/\"><span>Solicitud de Certificaci\u00f3n de traslado por causal salud<\/span><\/a><\/li>\n<li><a href=\"https:\/\/atencionciudadana.mendoza.gob.ar\/vacaciones-no-gozadas-art-38-ley-5811\/\"><span>Vacaciones No Gozadas Art.38 Ley 5811<\/span><\/a><\/li>\n<\/ul>\n<p>[\/et_pb_toggle][\/et_pb_column][et_pb_column type=\u00bb1_3&#8243; _builder_version=\u00bb4.27.4&#8243; _module_preset=\u00bbdefault\u00bb custom_padding=\u00bb1em||||false|false\u00bb global_colors_info=\u00bb{}\u00bb][et_pb_text module_id=\u00bbcultura\u00bb _builder_version=\u00bb4.27.4&#8243; _module_preset=\u00bbdefault\u00bb text_font=\u00bb|600|||||||\u00bb text_text_color=\u00bb#FFFFFF\u00bb text_font_size=\u00bb20px\u00bb background_color=\u00bb#3CB4E5&#8243; custom_margin=\u00bb0px||0px||true|false\u00bb custom_padding=\u00bb1rem||1rem||true|false\u00bb border_radii=\u00bboff|15px|15px||\u00bb global_colors_info=\u00bb{}\u00bb]<\/p>\n<p style=\"text-align: center\">Cultura<\/p>\n<p>[\/et_pb_text][et_pb_toggle title=\u00bbVer tr\u00e1mites\u00bb _builder_version=\u00bb4.27.4&#8243; _module_preset=\u00bbdefault\u00bb hover_enabled=\u00bb0&#8243; global_colors_info=\u00bb{}\u00bb sticky_enabled=\u00bb0&#8243;]<\/p>\n<ul>\n<li><a href=\"https:\/\/atencionciudadana.mendoza.gob.ar\/servicios-memorial-de-la-bandera-visitas-guiadas\/\"><span>Servicios Memorial de la Bandera- Visitas Guiadas<\/span><\/a><\/li>\n<li><a href=\"https:\/\/atencionciudadana.mendoza.gob.ar\/solicitud-de-vestuario-patrimonial\/\"><span>Solicitud de Vestuario Patrimonial<\/span><\/a><\/li>\n<li><a href=\"https:\/\/atencionciudadana.mendoza.gob.ar\/legajo-unico-de-proveedores\/\"><span>Legajo \u00fanico de proveedores<\/span><\/a><\/li>\n<li><a href=\"https:\/\/atencionciudadana.mendoza.gob.ar\/solicitud-socio-biblioteca-general-san-martin\/\"><span>Solicitud socio &#8211; Biblioteca General San Mart\u00edn<\/span><\/a><\/li>\n<li><a href=\"https:\/\/atencionciudadana.mendoza.gob.ar\/solicitud-visitas-guiadas-biblioteca-general-san-martin\/\"><span>Solicitud Visitas Guiadas &#8211; Biblioteca General San Mart\u00edn<\/span><\/a><\/li>\n<li><a href=\"https:\/\/atencionciudadana.mendoza.gob.ar\/solicitud-de-permisos-para-estudios-de-impacto-o-rescates\/\"><span>Solicitud de Permisos para Estudios de Impacto o Rescates<\/span><\/a><\/li>\n<li><a href=\"https:\/\/atencionciudadana.mendoza.gob.ar\/solicitudes-de-concesiones-arqueologicas-y-paleontologicas\/\"><span>Solicitudes de concesiones arqueol\u00f3gicas y paleontol\u00f3gicas<\/span><\/a><\/li>\n<li><a href=\"https:\/\/atencionciudadana.mendoza.gob.ar\/memorial-de-la-bandera-solicitud-de-visita-para-escuelas-y-contingentes-de-turistas\/\"><span>Memorial de la Bandera &#8211; Solicitud de visita para escuelas y contingentes de turistas<\/span><\/a><\/li>\n<li><a href=\"https:\/\/atencionciudadana.mendoza.gob.ar\/museo-fader-solicitud-de-visita-para-escuelas\/\"><span>Museo Fader &#8211; Solicitud de visita para escuelas<\/span><\/a><\/li>\n<li><a href=\"https:\/\/atencionciudadana.mendoza.gob.ar\/museo-carlos-alonso-mansion-stoppel-reserva-de-visita\/\"><span>Museo Carlos Alonso &#8211; Mansi\u00f3n Stoppel &#8211; Reserva de Visita<\/span><\/a><\/li>\n<li><a href=\"https:\/\/atencionciudadana.mendoza.gob.ar\/servicios-memorial-de-la-bandera\/\" target=\"_blank\" rel=\"noopener\">Servicios Memorial de la Bandera<\/a><\/li>\n<li><a href=\"https:\/\/atencionciudadana.mendoza.gob.ar\/solicitud-de-espacios-biblioteca-san-martin\/\" target=\"_blank\" rel=\"noopener\">Solicitud de espacios Biblioteca San Mart\u00edn<\/a><\/li>\n<\/ul>\n<p>[\/et_pb_toggle][\/et_pb_column][et_pb_column type=\u00bb1_3&#8243; _builder_version=\u00bb4.27.4&#8243; _module_preset=\u00bbdefault\u00bb custom_padding=\u00bb1em||||false|false\u00bb global_colors_info=\u00bb{}\u00bb][et_pb_text module_id=\u00bbcultura\u00bb _builder_version=\u00bb4.27.4&#8243; _module_preset=\u00bbdefault\u00bb text_font=\u00bb|600|||||||\u00bb text_text_color=\u00bb#FFFFFF\u00bb text_font_size=\u00bb20px\u00bb background_color=\u00bb#3CB4E5&#8243; custom_margin=\u00bb0px||0px||true|false\u00bb custom_padding=\u00bb1rem||1rem||true|false\u00bb border_radii=\u00bboff|15px|15px||\u00bb global_colors_info=\u00bb{}\u00bb]<\/p>\n<p style=\"text-align: center\">Infancias, Adolescencias y Juventudes<\/p>\n<p>[\/et_pb_text][et_pb_toggle title=\u00bbVer tr\u00e1mites\u00bb _builder_version=\u00bb4.27.4&#8243; _module_preset=\u00bbdefault\u00bb locked=\u00bboff\u00bb global_colors_info=\u00bb{}\u00bb]<\/p>\n<ul>\n<li><a href=\"https:\/\/atencionciudadana.mendoza.gob.ar\/registro-padrino-madrina-voluntario-te-acompano\/\"><span>Registro Padrino Madrina Voluntario TE ACOMPA\u00d1O<\/span><\/a><\/li>\n<li><a href=\"https:\/\/atencionciudadana.mendoza.gob.ar\/programa-de-acogimiento-familiar-yo-creo\/\"><span>Programa de Acogimiento Familiar YO CREO<\/span><\/a><\/li>\n<\/ul>\n<p>[\/et_pb_toggle][\/et_pb_column][\/et_pb_row][\/et_pb_section]<\/p>\n","protected":false},"excerpt":{"rendered":"<p>\n    <form method=\"get\" action=\"https:\/\/atencionciudadana.mendoza.gob.ar\/\" class=\"custom-search-form\">\n        <input type=\"text\" name=\"s\" placeholder=\"\u00bfQu\u00e9 tr\u00e1mite necesit\u00e1s?\" class=\"custom-search-input\" value=\"\" required>\n        <button type=\"submit\" class=\"custom-search-button\"><p>Buscar<\/p><image src=\"http:\/\/atencionciudadana.mendoza.gob.ar\/wp-content\/uploads\/2025\/06\/Diseno_sin_titulo__1_-removebg-preview.png\" alt=\"buscar\"\/><\/button>\n    <\/form>\n\n\n    DGE Actualizaci\u00f3n de haberes. S\u00f3lo para personal docente. Solicitar turno Bonificaci\u00f3n por Matrimonio Bonificaci\u00f3n por nacimiento de hijo\/ Salario familiar Bonificaci\u00f3n por Prenatal Certificaci\u00f3n de Haberes Copia de bonos de sueldo anteriores al a\u00f1o 2017 Pensi\u00f3n por fallecimiento Reclamo del \u00cdtem Aula Solicitud: Equiparaci\u00f3n Salarial para docentes (no existe para no docente) Actualizaci\u00f3n porcentaje de [&hellip;]<\/p>\n","protected":false},"author":60,"featured_media":0,"parent":0,"menu_order":0,"comment_status":"closed","ping_status":"closed","template":"","meta":{"_et_pb_use_builder":"on","_et_pb_old_content":"","_et_gb_content_width":"","footnotes":""},"class_list":["post-1688","page","type-page","status-publish","hentry"],"_links":{"self":[{"href":"https:\/\/informacionoficial.mendoza.gob.ar\/educacion-cultura-infancias-dge\/wp-json\/wp\/v2\/pages\/1688","targetHints":{"allow":["GET"]}}],"collection":[{"href":"https:\/\/informacionoficial.mendoza.gob.ar\/educacion-cultura-infancias-dge\/wp-json\/wp\/v2\/pages"}],"about":[{"href":"https:\/\/informacionoficial.mendoza.gob.ar\/educacion-cultura-infancias-dge\/wp-json\/wp\/v2\/types\/page"}],"author":[{"embeddable":true,"href":"https:\/\/informacionoficial.mendoza.gob.ar\/educacion-cultura-infancias-dge\/wp-json\/wp\/v2\/users\/60"}],"replies":[{"embeddable":true,"href":"https:\/\/informacionoficial.mendoza.gob.ar\/educacion-cultura-infancias-dge\/wp-json\/wp\/v2\/comments?post=1688"}],"version-history":[{"count":16,"href":"https:\/\/informacionoficial.mendoza.gob.ar\/educacion-cultura-infancias-dge\/wp-json\/wp\/v2\/pages\/1688\/revisions"}],"predecessor-version":[{"id":2222,"href":"https:\/\/informacionoficial.mendoza.gob.ar\/educacion-cultura-infancias-dge\/wp-json\/wp\/v2\/pages\/1688\/revisions\/2222"}],"wp:attachment":[{"href":"https:\/\/informacionoficial.mendoza.gob.ar\/educacion-cultura-infancias-dge\/wp-json\/wp\/v2\/media?parent=1688"}],"curies":[{"name":"wp","href":"https:\/\/api.w.org\/{rel}","templated":true}]}}