{"id":2228,"date":"2025-08-20T15:02:59","date_gmt":"2025-08-20T13:02:59","guid":{"rendered":"https:\/\/informacionoficial.mendoza.gob.ar\/educacion-cultura-infancias-dge\/?page_id=2228"},"modified":"2025-10-06T10:25:21","modified_gmt":"2025-10-06T13:25:21","slug":"adopcion-de-nnya-una-mirada-desde-el-interes-superior","status":"publish","type":"page","link":"https:\/\/informacionoficial.mendoza.gob.ar\/educacion-cultura-infancias-dge\/educacion-cultura-infancias-y-dge-mendoza\/ipap-mendoza\/capacitaciones-presenciales-y-a-distancia-ipap-mendoza\/adopcion-de-nnya-una-mirada-desde-el-interes-superior\/","title":{"rendered":"Adopci\u00f3n de NNyA una mirada desde el inter\u00e9s superior"},"content":{"rendered":"<p>[et_pb_section fb_built=\u00bb1&#8243; admin_label=\u00bbHero\u00bb _builder_version=\u00bb4.27.4&#8243; _module_preset=\u00bbdefault\u00bb min_height=\u00bb586.3px\u00bb custom_margin=\u00bb0px||0px||false|false\u00bb custom_padding=\u00bb0px||0px||false|false\u00bb locked=\u00bboff\u00bb collapsed=\u00bbon\u00bb global_colors_info=\u00bb{}\u00bb][et_pb_row column_structure=\u00bb1_2,1_2&#8243; _builder_version=\u00bb4.17.6&#8243; _module_preset=\u00bb5138c454-be54-4233-bd3b-f8e6a8747976&#8243; min_height=\u00bb454.3px\u00bb global_colors_info=\u00bb{}\u00bb][et_pb_column type=\u00bb1_2&#8243; _builder_version=\u00bb4.17.6&#8243; _module_preset=\u00bb73121f80-a3ef-4484-8763-c3f18e3c56d2&#8243; global_colors_info=\u00bb{}\u00bb][et_pb_heading title=\u00bbIPAP\u00bb url=\u00bbhttps:\/\/informacionoficial.mendoza.gob.ar\/educacion-cultura-infancias-dge\/educacion-cultura-infancias-y-dge-mendoza\/ipap-mendoza\/\u00bb _builder_version=\u00bb4.27.4&#8243; _module_preset=\u00bbf0c675ea-2574-4d0e-b725-30f8550a8550&#8243; title_level=\u00bbh4&#8243; title_font=\u00bb&#8211;et_global_body_font|Playfair Display_weight||on|||||\u00bb title_text_color=\u00bb#03045e\u00bb title_font_size=\u00bb14px\u00bb title_letter_spacing=\u00bb1px\u00bb title_line_height=\u00bb1.4em\u00bb custom_margin=\u00bb||10px||false|false\u00bb title_font_size_tablet=\u00bb13px\u00bb title_font_size_phone=\u00bb13px\u00bb title_font_size_last_edited=\u00bbon|desktop\u00bb text_shadow_style=\u00bbpreset1&#8243; locked=\u00bboff\u00bb global_colors_info=\u00bb{%22#03045e%22:%91%22title_text_color%22%93}\u00bb theme_builder_area=\u00bbpost_content\u00bb][\/et_pb_heading][et_pb_heading title=\u00bbAdopci\u00f3n de NNyA: una mirada desde el inter\u00e9s superior\u00bb _builder_version=\u00bb4.27.4&#8243; _module_preset=\u00bbddeb8c09-9078-4424-bc15-2efb6572e28e\u00bb title_font=\u00bb&#8211;et_global_heading_font|Playfair Display_weight|||||||\u00bb title_text_color=\u00bb#0e0c19&#8243; title_font_size=\u00bb45px\u00bb title_line_height=\u00bb1.15em\u00bb title_font_size_tablet=\u00bb40px\u00bb title_font_size_phone=\u00bb24px\u00bb title_font_size_last_edited=\u00bbon|phone\u00bb locked=\u00bboff\u00bb global_colors_info=\u00bb{}\u00bb][\/et_pb_heading][et_pb_text quote_border_color=\u00bb#0077b6&#8243; _builder_version=\u00bb4.27.4&#8243; _module_preset=\u00bb2c55a9c4-feed-423b-9edb-ae0b5b365cac\u00bb text_font=\u00bbSource Sans Pro|Source Sans Pro_weight|||||||\u00bb text_text_color=\u00bb#3c3a47&#8243; text_font_size=\u00bb16px\u00bb text_line_height=\u00bb1.75em\u00bb link_font=\u00bb|Source Sans Pro_weight|||||||\u00bb link_text_color=\u00bb#03045e\u00bb quote_font=\u00bbPlayfair Display|Playfair Display_weight|||||||\u00bb quote_text_color=\u00bb#0e0c19&#8243; header_font=\u00bb&#8211;et_global_body_font|Playfair Display_weight|||||||\u00bb header_text_color=\u00bb#0e0c19&#8243; header_font_size=\u00bb72px\u00bb header_line_height=\u00bb1.15em\u00bb header_2_font=\u00bbPlayfair Display|Playfair Display_weight|||||||\u00bb header_2_text_color=\u00bb#0e0c19&#8243; header_2_font_size=\u00bb50px\u00bb header_2_line_height=\u00bb1.2em\u00bb header_3_font=\u00bbPlayfair Display|Playfair Display_weight|||||||\u00bb header_3_text_color=\u00bb#0e0c19&#8243; header_3_font_size=\u00bb32px\u00bb header_3_line_height=\u00bb1.3em\u00bb header_4_font=\u00bbPlayfair Display|Playfair Display_weight|||||||\u00bb header_4_text_color=\u00bb#0e0c19&#8243; header_4_font_size=\u00bb24px\u00bb header_4_line_height=\u00bb1.4em\u00bb header_5_font=\u00bbPlayfair Display|Playfair Display_weight|||||||\u00bb header_5_text_color=\u00bb#0e0c19&#8243; header_5_font_size=\u00bb18px\u00bb header_5_line_height=\u00bb1.4em\u00bb header_6_font=\u00bbPlayfair Display|Playfair Display_weight|||||||\u00bb header_6_text_color=\u00bb#0e0c19&#8243; header_6_line_height=\u00bb1.5em\u00bb custom_margin=\u00bb||||false|false\u00bb text_font_size_tablet=\u00bb15px\u00bb text_font_size_phone=\u00bb14px\u00bb text_font_size_last_edited=\u00bbon|phone\u00bb header_font_size_tablet=\u00bb40px\u00bb header_font_size_phone=\u00bb24px\u00bb header_font_size_last_edited=\u00bbon|desktop\u00bb header_2_font_size_tablet=\u00bb28px\u00bb header_2_font_size_phone=\u00bb20px\u00bb header_2_font_size_last_edited=\u00bbon|phone\u00bb header_3_font_size_tablet=\u00bb22px\u00bb header_3_font_size_phone=\u00bb17px\u00bb header_3_font_size_last_edited=\u00bbon|phone\u00bb header_4_font_size_tablet=\u00bb18px\u00bb header_4_font_size_phone=\u00bb15px\u00bb header_4_font_size_last_edited=\u00bbon|tablet\u00bb header_5_font_size_tablet=\u00bb15px\u00bb header_5_font_size_phone=\u00bb14px\u00bb header_5_font_size_last_edited=\u00bbon|desktop\u00bb header_6_font_size_tablet=\u00bb13px\u00bb header_6_font_size_phone=\u00bb13px\u00bb header_6_font_size_last_edited=\u00bbon|desktop\u00bb locked=\u00bboff\u00bb global_colors_info=\u00bb{}\u00bb]<\/p>\n<p>La Subsecretar\u00eda de Infancias, Adolescencias y Juventudes de Mendoza anuncia la apertura de un curso destinado a personal de la administraci\u00f3n p\u00fablica y municipios.<\/p>\n<p>En tres m\u00f3dulos y, con una duraci\u00f3n de 4 semanas, busca brindar conocimientos, reflexiones y herramientas para comprender la adopci\u00f3n desde el Inter\u00e9s Superior de NNyA.<\/p>\n<p>[\/et_pb_text][\/et_pb_column][et_pb_column type=\u00bb1_2&#8243; _builder_version=\u00bb4.17.6&#8243; _module_preset=\u00bb73121f80-a3ef-4484-8763-c3f18e3c56d2&#8243; global_colors_info=\u00bb{}\u00bb][et_pb_image src=\u00bbhttps:\/\/mza-dicaws-portal-uploads-media-prod.s3.amazonaws.com\/informacion-oficial\/uploads\/sites\/14\/2025\/08\/adopcion-imagen-ilustrativa.jpg\u00bb title_text=\u00bbadopcion imagen ilustrativa\u00bb _builder_version=\u00bb4.27.4&#8243; _module_preset=\u00bb6ed8fd5c-62c5-4100-98c3-7b8b6d2c2ee6&#8243; module_alignment=\u00bbcenter\u00bb min_height=\u00bb321.7px\u00bb border_radii=\u00bbon|6px|6px|6px|6px\u00bb box_shadow_style=\u00bbpreset4&#8243; box_shadow_horizontal=\u00bb0px\u00bb box_shadow_vertical=\u00bb24px\u00bb box_shadow_blur=\u00bb72px\u00bb box_shadow_spread=\u00bb-12px\u00bb box_shadow_color=\u00bbrgba(0,0,0,0.12)\u00bb global_colors_info=\u00bb{}\u00bb][\/et_pb_image][et_pb_button button_url=\u00bbhttps:\/\/ipapinscripciones.mendoza.gov.ar\/\u00bb url_new_window=\u00bbon\u00bb button_text=\u00bbInscripciones\u00bb button_alignment=\u00bbcenter\u00bb _builder_version=\u00bb4.27.4&#8243; _module_preset=\u00bbdefault\u00bb global_colors_info=\u00bb{}\u00bb][\/et_pb_button][\/et_pb_column][\/et_pb_row][\/et_pb_section][et_pb_section fb_built=\u00bb1&#8243; admin_label=\u00bbList\u00bb _builder_version=\u00bb4.27.4&#8243; _module_preset=\u00bbdefault\u00bb min_height=\u00bb529.6px\u00bb custom_margin=\u00bb-83px||0px||false|false\u00bb custom_padding=\u00bb0px||0px||false|false\u00bb collapsed=\u00bbon\u00bb global_colors_info=\u00bb{}\u00bb][et_pb_row _builder_version=\u00bb4.25.1&#8243; _module_preset=\u00bbdefault\u00bb min_height=\u00bb115px\u00bb custom_padding=\u00bb39px|||||\u00bb global_colors_info=\u00bb{}\u00bb][et_pb_column type=\u00bb4_4&#8243; _builder_version=\u00bb4.25.1&#8243; _module_preset=\u00bbdefault\u00bb global_colors_info=\u00bb{}\u00bb][et_pb_heading title=\u00bbInformaci\u00f3n\u00bb _builder_version=\u00bb4.27.4&#8243; _module_preset=\u00bbc33f07d9-41e0-421a-8799-5799df695cce\u00bb title_level=\u00bbh2&#8243; title_font=\u00bb&#8211;et_global_heading_font|Playfair Display_weight|||||||\u00bb title_text_align=\u00bbcenter\u00bb title_text_color=\u00bb#0e0c19&#8243; title_font_size=\u00bb45px\u00bb title_line_height=\u00bb1.2em\u00bb min_height=\u00bb56px\u00bb custom_margin=\u00bb-13px||10px||false|false\u00bb title_font_size_tablet=\u00bb28px\u00bb title_font_size_phone=\u00bb20px\u00bb title_font_size_last_edited=\u00bbon|phone\u00bb global_colors_info=\u00bb{}\u00bb][\/et_pb_heading][\/et_pb_column][\/et_pb_row][et_pb_row _builder_version=\u00bb4.25.1&#8243; _module_preset=\u00bbdefault\u00bb global_colors_info=\u00bb{}\u00bb][et_pb_column type=\u00bb4_4&#8243; _builder_version=\u00bb4.25.1&#8243; _module_preset=\u00bbdefault\u00bb global_colors_info=\u00bb{}\u00bb][et_pb_text quote_border_color=\u00bb#0077b6&#8243; _builder_version=\u00bb4.27.4&#8243; _module_preset=\u00bb2c55a9c4-feed-423b-9edb-ae0b5b365cac\u00bb text_font=\u00bbSource Sans Pro|Source Sans Pro_weight|||||||\u00bb text_text_color=\u00bb#3c3a47&#8243; text_font_size=\u00bb16px\u00bb text_line_height=\u00bb1.75em\u00bb link_font=\u00bb|Source Sans Pro_weight|||||||\u00bb link_text_color=\u00bb#03045e\u00bb ul_line_height=\u00bb1.8em\u00bb quote_font=\u00bbPlayfair Display|Playfair Display_weight|||||||\u00bb quote_text_color=\u00bb#0e0c19&#8243; header_font=\u00bb&#8211;et_global_body_font|Playfair Display_weight|||||||\u00bb header_text_color=\u00bb#0e0c19&#8243; header_font_size=\u00bb51px\u00bb header_line_height=\u00bb1.15em\u00bb header_2_font=\u00bbPlayfair Display|Playfair Display_weight|||||||\u00bb header_2_text_color=\u00bb#0e0c19&#8243; header_2_font_size=\u00bb50px\u00bb header_2_line_height=\u00bb1.2em\u00bb header_3_font=\u00bbPlayfair Display|Playfair Display_weight|||||||\u00bb header_3_text_color=\u00bb#0e0c19&#8243; header_3_font_size=\u00bb32px\u00bb header_3_line_height=\u00bb1.3em\u00bb header_4_font=\u00bbPlayfair Display|Playfair Display_weight|||||||\u00bb header_4_text_color=\u00bb#0e0c19&#8243; header_4_font_size=\u00bb24px\u00bb header_4_line_height=\u00bb1.4em\u00bb header_5_font=\u00bbPlayfair Display|Playfair Display_weight|||||||\u00bb header_5_text_color=\u00bb#0e0c19&#8243; header_5_font_size=\u00bb18px\u00bb header_5_line_height=\u00bb1.4em\u00bb header_6_font=\u00bbPlayfair Display|Playfair Display_weight|||||||\u00bb header_6_text_color=\u00bb#0e0c19&#8243; header_6_line_height=\u00bb1.5em\u00bb custom_margin=\u00bb||||false|false\u00bb text_font_size_tablet=\u00bb15px\u00bb text_font_size_phone=\u00bb14px\u00bb text_font_size_last_edited=\u00bbon|phone\u00bb header_font_size_tablet=\u00bb40px\u00bb header_font_size_phone=\u00bb24px\u00bb header_font_size_last_edited=\u00bbon|desktop\u00bb header_2_font_size_tablet=\u00bb28px\u00bb header_2_font_size_phone=\u00bb20px\u00bb header_2_font_size_last_edited=\u00bbon|phone\u00bb header_3_font_size_tablet=\u00bb22px\u00bb header_3_font_size_phone=\u00bb17px\u00bb header_3_font_size_last_edited=\u00bbon|phone\u00bb header_4_font_size_tablet=\u00bb18px\u00bb header_4_font_size_phone=\u00bb15px\u00bb header_4_font_size_last_edited=\u00bbon|tablet\u00bb header_5_font_size_tablet=\u00bb15px\u00bb header_5_font_size_phone=\u00bb14px\u00bb header_5_font_size_last_edited=\u00bbon|desktop\u00bb header_6_font_size_tablet=\u00bb13px\u00bb header_6_font_size_phone=\u00bb13px\u00bb header_6_font_size_last_edited=\u00bbon|desktop\u00bb global_colors_info=\u00bb{}\u00bb]<\/p>\n<h4 style=\"text-align: center\"><strong>Cursado<\/strong><\/h4>\n<p class=\"selectable-text copyable-text x15bjb6t x1n2onr6\" dir=\"ltr\" style=\"text-align: center\"><span class=\"selectable-text copyable-text xkrh14z\">Cursado 1\u00aa edici\u00f3n Inicio: 18\/8\/2025 \u2013 Finalizaci\u00f3n: 14\/9\/2025<\/span><\/p>\n<p class=\"selectable-text copyable-text x15bjb6t x1n2onr6\" dir=\"ltr\" style=\"text-align: center\"><span class=\"selectable-text copyable-text xkrh14z\"><\/span><span class=\"selectable-text copyable-text xkrh14z\">Cursado 2\u00aa edici\u00f3n Inicio: 22\/9\/2025 \u2013 Finalizaci\u00f3n: 14\/10\/2025<\/span><\/p>\n<p class=\"selectable-text copyable-text x15bjb6t x1n2onr6\" dir=\"ltr\" style=\"text-align: center\"><span class=\"selectable-text copyable-text xkrh14z\"><\/span><span class=\"selectable-text copyable-text xkrh14z\">Cursado 3\u00aa edici\u00f3n Inicio: 27\/10\/2025 \u2013 Finalizaci\u00f3n: 23\/11\/2025<\/span><\/p>\n<p class=\"selectable-text copyable-text x15bjb6t x1n2onr6\" dir=\"ltr\" style=\"text-align: center\"><span class=\"selectable-text copyable-text xkrh14z\"><\/span><strong><span class=\"selectable-text copyable-text xkrh14z\">Tiempo de cursado 40 horas reloj<\/span><\/strong><\/p>\n<p class=\"selectable-text copyable-text x15bjb6t x1n2onr6\" dir=\"ltr\">[\/et_pb_text][et_pb_text quote_border_color=\u00bb#0077b6&#8243; _builder_version=\u00bb4.27.4&#8243; _module_preset=\u00bb2c55a9c4-feed-423b-9edb-ae0b5b365cac\u00bb text_font=\u00bbSource Sans Pro|Source Sans Pro_weight|||||||\u00bb text_text_color=\u00bb#3c3a47&#8243; text_font_size=\u00bb16px\u00bb text_line_height=\u00bb1.75em\u00bb link_font=\u00bb|Source Sans Pro_weight|||||||\u00bb link_text_color=\u00bb#03045e\u00bb ul_line_height=\u00bb1.8em\u00bb quote_font=\u00bbPlayfair Display|Playfair Display_weight|||||||\u00bb quote_text_color=\u00bb#0e0c19&#8243; header_font=\u00bb&#8211;et_global_body_font|Playfair Display_weight|||||||\u00bb header_text_color=\u00bb#0e0c19&#8243; header_font_size=\u00bb51px\u00bb header_line_height=\u00bb1.15em\u00bb header_2_font=\u00bbPlayfair Display|Playfair Display_weight|||||||\u00bb header_2_text_color=\u00bb#0e0c19&#8243; header_2_font_size=\u00bb50px\u00bb header_2_line_height=\u00bb1.2em\u00bb header_3_font=\u00bbPlayfair Display|Playfair Display_weight|||||||\u00bb header_3_text_color=\u00bb#0e0c19&#8243; header_3_font_size=\u00bb32px\u00bb header_3_line_height=\u00bb1.3em\u00bb header_4_font=\u00bbPlayfair Display|Playfair Display_weight|||||||\u00bb header_4_text_color=\u00bb#0e0c19&#8243; header_4_font_size=\u00bb24px\u00bb header_4_line_height=\u00bb1.4em\u00bb header_5_font=\u00bbPlayfair Display|Playfair Display_weight|||||||\u00bb header_5_text_color=\u00bb#0e0c19&#8243; header_5_font_size=\u00bb18px\u00bb header_5_line_height=\u00bb1.4em\u00bb header_6_font=\u00bbPlayfair Display|Playfair Display_weight|||||||\u00bb header_6_text_color=\u00bb#0e0c19&#8243; header_6_line_height=\u00bb1.5em\u00bb custom_margin=\u00bb||||false|false\u00bb text_font_size_tablet=\u00bb15px\u00bb text_font_size_phone=\u00bb14px\u00bb text_font_size_last_edited=\u00bbon|phone\u00bb header_font_size_tablet=\u00bb40px\u00bb header_font_size_phone=\u00bb24px\u00bb header_font_size_last_edited=\u00bbon|desktop\u00bb header_2_font_size_tablet=\u00bb28px\u00bb header_2_font_size_phone=\u00bb20px\u00bb header_2_font_size_last_edited=\u00bbon|phone\u00bb header_3_font_size_tablet=\u00bb22px\u00bb header_3_font_size_phone=\u00bb17px\u00bb header_3_font_size_last_edited=\u00bbon|phone\u00bb header_4_font_size_tablet=\u00bb18px\u00bb header_4_font_size_phone=\u00bb15px\u00bb header_4_font_size_last_edited=\u00bbon|tablet\u00bb header_5_font_size_tablet=\u00bb15px\u00bb header_5_font_size_phone=\u00bb14px\u00bb header_5_font_size_last_edited=\u00bbon|desktop\u00bb header_6_font_size_tablet=\u00bb13px\u00bb header_6_font_size_phone=\u00bb13px\u00bb header_6_font_size_last_edited=\u00bbon|desktop\u00bb global_colors_info=\u00bb{}\u00bb]<\/p>\n<p style=\"text-align: center\"><strong><em>La inscripci\u00f3n al primer curso est\u00e1 cerrada por cupos agotados. Informaremos por este medio cuando se abra la nueva instancia.<\/em><\/strong><\/p>\n<p>[\/et_pb_text][\/et_pb_column][\/et_pb_row][\/et_pb_section]<\/p>\n","protected":false},"excerpt":{"rendered":"<p>La Subsecretar\u00eda de Infancias, Adolescencias y Juventudes de Mendoza anuncia la apertura de un curso destinado a personal de la administraci\u00f3n p\u00fablica y municipios. En tres m\u00f3dulos y, con una duraci\u00f3n de 4 semanas, busca brindar conocimientos, reflexiones y herramientas para comprender la adopci\u00f3n desde el Inter\u00e9s Superior de NNyA.Cursado Cursado 1\u00aa edici\u00f3n Inicio: 18\/8\/2025 [&hellip;]<\/p>\n","protected":false},"author":24,"featured_media":0,"parent":390,"menu_order":0,"comment_status":"closed","ping_status":"closed","template":"","meta":{"_et_pb_use_builder":"on","_et_pb_old_content":"","_et_gb_content_width":"","footnotes":""},"class_list":["post-2228","page","type-page","status-publish","hentry"],"_links":{"self":[{"href":"https:\/\/informacionoficial.mendoza.gob.ar\/educacion-cultura-infancias-dge\/wp-json\/wp\/v2\/pages\/2228","targetHints":{"allow":["GET"]}}],"collection":[{"href":"https:\/\/informacionoficial.mendoza.gob.ar\/educacion-cultura-infancias-dge\/wp-json\/wp\/v2\/pages"}],"about":[{"href":"https:\/\/informacionoficial.mendoza.gob.ar\/educacion-cultura-infancias-dge\/wp-json\/wp\/v2\/types\/page"}],"author":[{"embeddable":true,"href":"https:\/\/informacionoficial.mendoza.gob.ar\/educacion-cultura-infancias-dge\/wp-json\/wp\/v2\/users\/24"}],"replies":[{"embeddable":true,"href":"https:\/\/informacionoficial.mendoza.gob.ar\/educacion-cultura-infancias-dge\/wp-json\/wp\/v2\/comments?post=2228"}],"version-history":[{"count":6,"href":"https:\/\/informacionoficial.mendoza.gob.ar\/educacion-cultura-infancias-dge\/wp-json\/wp\/v2\/pages\/2228\/revisions"}],"predecessor-version":[{"id":2727,"href":"https:\/\/informacionoficial.mendoza.gob.ar\/educacion-cultura-infancias-dge\/wp-json\/wp\/v2\/pages\/2228\/revisions\/2727"}],"up":[{"embeddable":true,"href":"https:\/\/informacionoficial.mendoza.gob.ar\/educacion-cultura-infancias-dge\/wp-json\/wp\/v2\/pages\/390"}],"wp:attachment":[{"href":"https:\/\/informacionoficial.mendoza.gob.ar\/educacion-cultura-infancias-dge\/wp-json\/wp\/v2\/media?parent=2228"}],"curies":[{"name":"wp","href":"https:\/\/api.w.org\/{rel}","templated":true}]}}