{"id":535,"date":"2025-04-28T17:02:01","date_gmt":"2025-04-28T15:02:01","guid":{"rendered":"https:\/\/informacionoficial.mendoza.gob.ar\/educacion-cultura-infancias-dge\/?page_id=535"},"modified":"2025-10-24T12:55:36","modified_gmt":"2025-10-24T15:55:36","slug":"gde-gestion-documental-electronica-mendoza","status":"publish","type":"page","link":"https:\/\/informacionoficial.mendoza.gob.ar\/educacion-cultura-infancias-dge\/educacion-cultura-infancias-y-dge-mendoza\/ipap-mendoza\/capacitaciones-presenciales-y-a-distancia-ipap-mendoza\/gde-gestion-documental-electronica-mendoza\/","title":{"rendered":"GDE Gesti\u00f3n Documental Electr\u00f3nica"},"content":{"rendered":"<p>[et_pb_section fb_built=\u00bb1&#8243; admin_label=\u00bbHero\u00bb _builder_version=\u00bb4.27.4&#8243; _module_preset=\u00bbdefault\u00bb min_height=\u00bb639.3px\u00bb custom_margin=\u00bb||0px||false|false\u00bb custom_padding=\u00bb0px||0px||false|false\u00bb locked=\u00bboff\u00bb collapsed=\u00bbon\u00bb global_colors_info=\u00bb{}\u00bb][et_pb_row column_structure=\u00bb1_2,1_2&#8243; _builder_version=\u00bb4.17.6&#8243; _module_preset=\u00bb5138c454-be54-4233-bd3b-f8e6a8747976&#8243; min_height=\u00bb526.3px\u00bb global_colors_info=\u00bb{}\u00bb][et_pb_column type=\u00bb1_2&#8243; _builder_version=\u00bb4.17.6&#8243; _module_preset=\u00bb73121f80-a3ef-4484-8763-c3f18e3c56d2&#8243; global_colors_info=\u00bb{}\u00bb][et_pb_heading title=\u00bbIPAP\u00bb url=\u00bbhttps:\/\/informacionoficial.mendoza.gob.ar\/educacion-cultura-infancias-dge\/educacion-cultura-infancias-y-dge-mendoza\/ipap-mendoza\/\u00bb _builder_version=\u00bb4.27.4&#8243; _module_preset=\u00bbf0c675ea-2574-4d0e-b725-30f8550a8550&#8243; title_level=\u00bbh4&#8243; title_font=\u00bb&#8211;et_global_body_font|Playfair Display_weight||on|||||\u00bb title_text_color=\u00bb#03045e\u00bb title_font_size=\u00bb14px\u00bb title_letter_spacing=\u00bb1px\u00bb title_line_height=\u00bb1.4em\u00bb custom_margin=\u00bb||10px||false|false\u00bb title_font_size_tablet=\u00bb13px\u00bb title_font_size_phone=\u00bb13px\u00bb title_font_size_last_edited=\u00bbon|desktop\u00bb text_shadow_style=\u00bbpreset1&#8243; locked=\u00bboff\u00bb global_colors_info=\u00bb{%22#03045e%22:%91%22title_text_color%22%93}\u00bb][\/et_pb_heading][et_pb_heading title=\u00bbGesti\u00f3n Documental Electr\u00f3nica &#8211; GDE\u00bb _builder_version=\u00bb4.27.4&#8243; _module_preset=\u00bbddeb8c09-9078-4424-bc15-2efb6572e28e\u00bb title_font=\u00bb&#8211;et_global_heading_font|Playfair Display_weight|||||||\u00bb title_text_color=\u00bb#0e0c19&#8243; title_font_size=\u00bb45px\u00bb title_line_height=\u00bb1.15em\u00bb title_font_size_tablet=\u00bb40px\u00bb title_font_size_phone=\u00bb24px\u00bb title_font_size_last_edited=\u00bbon|phone\u00bb locked=\u00bboff\u00bb global_colors_info=\u00bb{}\u00bb][\/et_pb_heading][et_pb_text quote_border_color=\u00bb#0077b6&#8243; _builder_version=\u00bb4.27.4&#8243; _module_preset=\u00bb2c55a9c4-feed-423b-9edb-ae0b5b365cac\u00bb text_font=\u00bbSource Sans Pro|Source Sans Pro_weight|||||||\u00bb text_text_color=\u00bb#3c3a47&#8243; text_font_size=\u00bb16px\u00bb text_line_height=\u00bb1.75em\u00bb link_font=\u00bb|Source Sans Pro_weight|||||||\u00bb link_text_color=\u00bb#03045e\u00bb quote_font=\u00bbPlayfair Display|Playfair Display_weight|||||||\u00bb quote_text_color=\u00bb#0e0c19&#8243; header_font=\u00bb&#8211;et_global_body_font|Playfair Display_weight|||||||\u00bb header_text_color=\u00bb#0e0c19&#8243; header_font_size=\u00bb72px\u00bb header_line_height=\u00bb1.15em\u00bb header_2_font=\u00bbPlayfair Display|Playfair Display_weight|||||||\u00bb header_2_text_color=\u00bb#0e0c19&#8243; header_2_font_size=\u00bb50px\u00bb header_2_line_height=\u00bb1.2em\u00bb header_3_font=\u00bbPlayfair Display|Playfair Display_weight|||||||\u00bb header_3_text_color=\u00bb#0e0c19&#8243; header_3_font_size=\u00bb32px\u00bb header_3_line_height=\u00bb1.3em\u00bb header_4_font=\u00bbPlayfair Display|Playfair Display_weight|||||||\u00bb header_4_text_color=\u00bb#0e0c19&#8243; header_4_font_size=\u00bb24px\u00bb header_4_line_height=\u00bb1.4em\u00bb header_5_font=\u00bbPlayfair Display|Playfair Display_weight|||||||\u00bb header_5_text_color=\u00bb#0e0c19&#8243; header_5_font_size=\u00bb18px\u00bb header_5_line_height=\u00bb1.4em\u00bb header_6_font=\u00bbPlayfair Display|Playfair Display_weight|||||||\u00bb header_6_text_color=\u00bb#0e0c19&#8243; header_6_line_height=\u00bb1.5em\u00bb custom_margin=\u00bb||||false|false\u00bb text_font_size_tablet=\u00bb15px\u00bb text_font_size_phone=\u00bb14px\u00bb text_font_size_last_edited=\u00bbon|phone\u00bb header_font_size_tablet=\u00bb40px\u00bb header_font_size_phone=\u00bb24px\u00bb header_font_size_last_edited=\u00bbon|desktop\u00bb header_2_font_size_tablet=\u00bb28px\u00bb header_2_font_size_phone=\u00bb20px\u00bb header_2_font_size_last_edited=\u00bbon|phone\u00bb header_3_font_size_tablet=\u00bb22px\u00bb header_3_font_size_phone=\u00bb17px\u00bb header_3_font_size_last_edited=\u00bbon|phone\u00bb header_4_font_size_tablet=\u00bb18px\u00bb header_4_font_size_phone=\u00bb15px\u00bb header_4_font_size_last_edited=\u00bbon|tablet\u00bb header_5_font_size_tablet=\u00bb15px\u00bb header_5_font_size_phone=\u00bb14px\u00bb header_5_font_size_last_edited=\u00bbon|desktop\u00bb header_6_font_size_tablet=\u00bb13px\u00bb header_6_font_size_phone=\u00bb13px\u00bb header_6_font_size_last_edited=\u00bbon|desktop\u00bb locked=\u00bboff\u00bb global_colors_info=\u00bb{}\u00bb]<\/p>\n<p>Este trayecto formativo abordar\u00e1 temas cruciales para el cambio cultural que implica la transici\u00f3n del uso de documentos f\u00edsicos a su versi\u00f3n electr\u00f3nica. Reflexionaremos sobre la importancia de la Gesti\u00f3n Documental Electr\u00f3nica, comprendiendo c\u00f3mo esta tecnolog\u00eda impulsa la productividad, reduce el consumo de papel y permite un acceso r\u00e1pido y seguro a la informaci\u00f3n.<\/p>\n<p>[\/et_pb_text][et_pb_blurb title=\u00bbFirma Digital\u00bb use_icon=\u00bbon\u00bb font_icon=\u00bb&#xf305;||fa||900&#8243; icon_color=\u00bb#0077b6&#8243; icon_placement=\u00bbleft\u00bb image_icon_width=\u00bb24px\u00bb content_max_width=\u00bb100%\u00bb _builder_version=\u00bb4.27.4&#8243; _module_preset=\u00bb1ea53d41-9439-472c-8d8b-7bddb3bf9444&#8243; header_font=\u00bb&#8211;et_global_body_font|Playfair Display_weight|||||||\u00bb header_text_color=\u00bb#0e0c19&#8243; header_font_size=\u00bb14px\u00bb header_line_height=\u00bb1.5em\u00bb body_font=\u00bbSource Sans Pro|Source Sans Pro_weight|||||||\u00bb body_text_color=\u00bb#3c3a47&#8243; body_line_height=\u00bb1.75em\u00bb body_link_text_color=\u00bb#03045e\u00bb animation=\u00bboff\u00bb header_font_size_tablet=\u00bb13px\u00bb header_font_size_phone=\u00bb13px\u00bb header_font_size_last_edited=\u00bboff|desktop\u00bb body_font_size_tablet=\u00bb15px\u00bb body_font_size_phone=\u00bb14px\u00bb body_font_size_last_edited=\u00bboff|desktop\u00bb border_radii_image=\u00bbon|6px|6px|6px|6px\u00bb global_colors_info=\u00bb{%22#3c3a47%22:%91%22body_text_color%22%93,%22#0e0c19%22:%91%22header_text_color%22%93,%22#0077b6%22:%91%22icon_color%22%93}\u00bb][\/et_pb_blurb][et_pb_blurb title=\u00bbEcosistema de Gesti\u00f3n Documental Electr\u00f3nica\u00bb use_icon=\u00bbon\u00bb font_icon=\u00bb&#xe0ec;||divi||400&#8243; icon_color=\u00bb#0077b6&#8243; icon_placement=\u00bbleft\u00bb image_icon_width=\u00bb24px\u00bb content_max_width=\u00bb100%\u00bb _builder_version=\u00bb4.27.4&#8243; _module_preset=\u00bb1ea53d41-9439-472c-8d8b-7bddb3bf9444&#8243; header_font=\u00bb&#8211;et_global_body_font|Playfair Display_weight|||||||\u00bb header_text_color=\u00bb#0e0c19&#8243; header_font_size=\u00bb14px\u00bb header_line_height=\u00bb1.5em\u00bb body_font=\u00bbSource Sans Pro|Source Sans Pro_weight|||||||\u00bb body_text_color=\u00bb#3c3a47&#8243; body_line_height=\u00bb1.75em\u00bb body_link_text_color=\u00bb#03045e\u00bb animation=\u00bboff\u00bb header_font_size_tablet=\u00bb13px\u00bb header_font_size_phone=\u00bb13px\u00bb header_font_size_last_edited=\u00bboff|desktop\u00bb body_font_size_tablet=\u00bb15px\u00bb body_font_size_phone=\u00bb14px\u00bb body_font_size_last_edited=\u00bboff|desktop\u00bb border_radii_image=\u00bbon|6px|6px|6px|6px\u00bb global_colors_info=\u00bb{%22#3c3a47%22:%91%22body_text_color%22%93,%22#0e0c19%22:%91%22header_text_color%22%93,%22#0077b6%22:%91%22icon_color%22%93}\u00bb][\/et_pb_blurb][et_pb_blurb title=\u00bbUna mirada hist\u00f3rica de GDE\u00bb use_icon=\u00bbon\u00bb font_icon=\u00bb&#xf100;||fa||900&#8243; icon_color=\u00bb#0077b6&#8243; icon_placement=\u00bbleft\u00bb image_icon_width=\u00bb24px\u00bb content_max_width=\u00bb100%\u00bb _builder_version=\u00bb4.27.4&#8243; _module_preset=\u00bb1ea53d41-9439-472c-8d8b-7bddb3bf9444&#8243; header_font=\u00bb&#8211;et_global_body_font|Playfair Display_weight|||||||\u00bb header_text_color=\u00bb#0e0c19&#8243; header_font_size=\u00bb14px\u00bb header_line_height=\u00bb1.5em\u00bb body_font=\u00bbSource Sans Pro|Source Sans Pro_weight|||||||\u00bb body_text_color=\u00bb#3c3a47&#8243; body_line_height=\u00bb1.75em\u00bb body_link_text_color=\u00bb#03045e\u00bb animation=\u00bboff\u00bb header_font_size_tablet=\u00bb13px\u00bb header_font_size_phone=\u00bb13px\u00bb header_font_size_last_edited=\u00bboff|desktop\u00bb body_font_size_tablet=\u00bb15px\u00bb body_font_size_phone=\u00bb14px\u00bb body_font_size_last_edited=\u00bboff|desktop\u00bb border_radii_image=\u00bbon|6px|6px|6px|6px\u00bb global_colors_info=\u00bb{%22#3c3a47%22:%91%22body_text_color%22%93,%22#0e0c19%22:%91%22header_text_color%22%93,%22#0077b6%22:%91%22icon_color%22%93}\u00bb][\/et_pb_blurb][\/et_pb_column][et_pb_column type=\u00bb1_2&#8243; _builder_version=\u00bb4.17.6&#8243; _module_preset=\u00bb73121f80-a3ef-4484-8763-c3f18e3c56d2&#8243; global_colors_info=\u00bb{}\u00bb][et_pb_image src=\u00bbhttps:\/\/mza-dicaws-portal-uploads-media-prod.s3.amazonaws.com\/informacion-oficial\/uploads\/sites\/14\/2025\/10\/oficina-gestion-digital-ilustrativa-ok.webp\u00bb title_text=\u00bboficina-gestion-digital-ilustrativa ok\u00bb _builder_version=\u00bb4.27.4&#8243; _module_preset=\u00bb6ed8fd5c-62c5-4100-98c3-7b8b6d2c2ee6&#8243; module_alignment=\u00bbcenter\u00bb min_height=\u00bb321.7px\u00bb hover_enabled=\u00bb0&#8243; border_radii=\u00bbon|6px|6px|6px|6px\u00bb box_shadow_style=\u00bbpreset4&#8243; box_shadow_horizontal=\u00bb0px\u00bb box_shadow_vertical=\u00bb24px\u00bb box_shadow_blur=\u00bb72px\u00bb box_shadow_spread=\u00bb-12px\u00bb box_shadow_color=\u00bbrgba(0,0,0,0.12)\u00bb global_colors_info=\u00bb{}\u00bb sticky_enabled=\u00bb0&#8243;][\/et_pb_image][et_pb_button button_url=\u00bbhttps:\/\/ipapinscripciones.mendoza.gov.ar\/\u00bb url_new_window=\u00bbon\u00bb button_text=\u00bbInscribite ac\u00e1\u00bb button_alignment=\u00bbcenter\u00bb _builder_version=\u00bb4.27.4&#8243; _module_preset=\u00bbdefault\u00bb global_colors_info=\u00bb{}\u00bb][\/et_pb_button][\/et_pb_column][\/et_pb_row][\/et_pb_section][et_pb_section fb_built=\u00bb1&#8243; admin_label=\u00bbFeatures\u00bb _builder_version=\u00bb4.27.4&#8243; _module_preset=\u00bbdefault\u00bb custom_margin=\u00bb0px||0px||false|false\u00bb custom_padding=\u00bb0px||0px||false|false\u00bb locked=\u00bboff\u00bb collapsed=\u00bbon\u00bb global_colors_info=\u00bb{}\u00bb][et_pb_row column_structure=\u00bb1_2,1_2&#8243; _builder_version=\u00bb4.24.3&#8243; _module_preset=\u00bb5138c454-be54-4233-bd3b-f8e6a8747976&#8243; min_height=\u00bb531.4px\u00bb global_colors_info=\u00bb{}\u00bb][et_pb_column type=\u00bb1_2&#8243; _builder_version=\u00bb4.24.3&#8243; _module_preset=\u00bb60311d87-f064-4720-8ab4-13c11455a3a3&#8243; custom_padding=\u00bb30px|30px|30px|30px|true|true\u00bb custom_padding_tablet=\u00bb30px|30px|30px|30px|true|true\u00bb custom_padding_phone=\u00bb20px|20px|20px|20px|true|true\u00bb custom_padding_last_edited=\u00bbon|phone\u00bb border_radii=\u00bbon|6px|6px|6px|6px\u00bb border_width_all=\u00bb2px\u00bb border_color_all=\u00bb#0077b6&#8243; global_colors_info=\u00bb{%22#0077b6%22:%91%22border_color_all%22%93}\u00bb][et_pb_blurb title=\u00bbM\u00e1s detalles\u00bb use_icon=\u00bbon\u00bb font_icon=\u00bb&#xe012;||divi||400&#8243; icon_color=\u00bb#03045e\u00bb image_icon_width=\u00bb32px\u00bb content_max_width=\u00bb100%\u00bb _builder_version=\u00bb4.27.4&#8243; _module_preset=\u00bb212b201d-2c34-41bd-936c-851b7357d08b\u00bb header_font=\u00bb&#8211;et_global_heading_font|Playfair Display_weight|||||||\u00bb header_text_color=\u00bb#0e0c19&#8243; header_font_size=\u00bb18px\u00bb header_line_height=\u00bb1.4em\u00bb body_font=\u00bb&#8211;et_global_body_font|Source Sans Pro_weight|||||||\u00bb body_text_color=\u00bb#3c3a47&#8243; body_font_size=\u00bb16px\u00bb body_line_height=\u00bb1.75em\u00bb body_link_text_color=\u00bb#03045e\u00bb background_mask_style=\u00bbdiagonal-pills\u00bb image_icon_custom_margin=\u00bb||||false|false\u00bb image_icon_custom_padding=\u00bb||||false|false\u00bb text_orientation=\u00bbcenter\u00bb animation=\u00bboff\u00bb header_font_size_tablet=\u00bb15px\u00bb header_font_size_phone=\u00bb13px\u00bb header_font_size_last_edited=\u00bbon|phone\u00bb body_font_size_tablet=\u00bb15px\u00bb body_font_size_phone=\u00bb14px\u00bb body_font_size_last_edited=\u00bbon|desktop\u00bb border_radii_image=\u00bbon|6px|6px|6px|6px\u00bb locked=\u00bboff\u00bb global_colors_info=\u00bb{%22#0e0c19%22:%91%22header_text_color%22,%22header_text_color%22,%22header_text_color%22,%22header_text_color%22,%22header_text_color%22%93,%22#3c3a47%22:%91%22body_text_color%22,%22body_text_color%22,%22body_text_color%22,%22body_text_color%22,%22body_text_color%22%93,%22#03045e%22:%91%22icon_color%22%93}\u00bb]<\/p>\n<p>Esta perspectiva se ver\u00e1 enriquecida desde una mirada hist\u00f3rica, destacando los hitos y avances. El Marco Normativo es un tema esencial, ya que proporciona una base s\u00f3lida en las regulaciones y leyes que rigen la gesti\u00f3n documental electr\u00f3nica, garantizando el cumplimiento legal en todas las fases del proceso.<\/p>\n<p>La Firma Digital, y su variante remota, son conceptos fundamentales que trabajaremos ya que son piezas clave para validar y autenticar documentos electr\u00f3nicos de manera segura y legal.<\/p>\n<p>[\/et_pb_blurb][\/et_pb_column][et_pb_column type=\u00bb1_2&#8243; _builder_version=\u00bb4.24.3&#8243; _module_preset=\u00bb60311d87-f064-4720-8ab4-13c11455a3a3&#8243; custom_padding=\u00bb30px|30px|30px|30px|true|true\u00bb custom_padding_tablet=\u00bb30px|30px|30px|30px|true|true\u00bb custom_padding_phone=\u00bb20px|20px|20px|20px|true|true\u00bb custom_padding_last_edited=\u00bbon|phone\u00bb border_radii=\u00bbon|6px|6px|6px|6px\u00bb border_width_all=\u00bb2px\u00bb border_color_all=\u00bb#0077b6&#8243; global_colors_info=\u00bb{%22#0077b6%22:%91%22border_color_all%22%93}\u00bb][et_pb_blurb title=\u00bbUna mirada global\u00bb use_icon=\u00bbon\u00bb font_icon=\u00bb&#xe012;||divi||400&#8243; icon_color=\u00bb#03045e\u00bb image_icon_width=\u00bb32px\u00bb content_max_width=\u00bb100%\u00bb _builder_version=\u00bb4.27.4&#8243; _module_preset=\u00bb212b201d-2c34-41bd-936c-851b7357d08b\u00bb header_font=\u00bb&#8211;et_global_heading_font|Playfair Display_weight|||||||\u00bb header_text_color=\u00bb#0e0c19&#8243; header_font_size=\u00bb18px\u00bb header_line_height=\u00bb1.4em\u00bb body_font=\u00bb&#8211;et_global_body_font|Source Sans Pro_weight|||||||\u00bb body_text_color=\u00bb#3c3a47&#8243; body_font_size=\u00bb16px\u00bb body_line_height=\u00bb1.75em\u00bb body_link_text_color=\u00bb#03045e\u00bb background_mask_style=\u00bbdiagonal-pills\u00bb image_icon_custom_margin=\u00bb||||false|false\u00bb image_icon_custom_padding=\u00bb||||false|false\u00bb text_orientation=\u00bbcenter\u00bb animation=\u00bboff\u00bb header_font_size_tablet=\u00bb15px\u00bb header_font_size_phone=\u00bb13px\u00bb header_font_size_last_edited=\u00bbon|phone\u00bb body_font_size_tablet=\u00bb15px\u00bb body_font_size_phone=\u00bb14px\u00bb body_font_size_last_edited=\u00bbon|desktop\u00bb border_radii_image=\u00bbon|6px|6px|6px|6px\u00bb locked=\u00bboff\u00bb global_colors_info=\u00bb{%22#0e0c19%22:%91%22header_text_color%22,%22header_text_color%22,%22header_text_color%22,%22header_text_color%22,%22header_text_color%22%93,%22#3c3a47%22:%91%22body_text_color%22,%22body_text_color%22,%22body_text_color%22,%22body_text_color%22,%22body_text_color%22%93,%22#03045e%22:%91%22icon_color%22%93}\u00bb]<\/p>\n<p>Desde una mirada global, abordaremos el Ecosistema de Gesti\u00f3n Documental Electr\u00f3nica, conjunto integrado: el Escritorio \u00danico, el Generador de Documentos Oficiales, las Comunicaciones Oficiales y el Expediente Electr\u00f3nico. Una de las intenciones de este trayecto es adquirir los conocimientos necesarios para implementar una gesti\u00f3n documental electr\u00f3nica eficiente, segura y en cumplimiento con el marco normativo vigente; convirti\u00e9ndonos en agentes de cambio cultural, impulsando la adopci\u00f3n de pr\u00e1cticas m\u00e1s sostenibles, \u00e1giles y responsables en el manejo de la informaci\u00f3n.<\/p>\n<p><strong>Dictado por IPAP<\/strong><\/p>\n<p>[\/et_pb_blurb][\/et_pb_column][\/et_pb_row][\/et_pb_section][et_pb_section fb_built=\u00bb1&#8243; admin_label=\u00bbList\u00bb _builder_version=\u00bb4.27.4&#8243; _module_preset=\u00bbdefault\u00bb min_height=\u00bb312.6px\u00bb custom_margin=\u00bb0px||0px||false|false\u00bb custom_padding=\u00bb0px||0px||false|false\u00bb collapsed=\u00bbon\u00bb global_colors_info=\u00bb{}\u00bb][et_pb_row _builder_version=\u00bb4.27.4&#8243; _module_preset=\u00bbdefault\u00bb min_height=\u00bb101px\u00bb custom_padding=\u00bb||0px||false|false\u00bb global_colors_info=\u00bb{}\u00bb][et_pb_column type=\u00bb4_4&#8243; _builder_version=\u00bb4.25.1&#8243; _module_preset=\u00bbdefault\u00bb global_colors_info=\u00bb{}\u00bb][et_pb_heading title=\u00bbTemario \u00bb _builder_version=\u00bb4.27.4&#8243; _module_preset=\u00bbc33f07d9-41e0-421a-8799-5799df695cce\u00bb title_level=\u00bbh2&#8243; title_font=\u00bb&#8211;et_global_heading_font|Playfair Display_weight|||||||\u00bb title_text_align=\u00bbcenter\u00bb title_text_color=\u00bb#0e0c19&#8243; title_font_size=\u00bb45px\u00bb title_line_height=\u00bb1.2em\u00bb custom_margin=\u00bb-13px||10px||false|false\u00bb title_font_size_tablet=\u00bb28px\u00bb title_font_size_phone=\u00bb20px\u00bb title_font_size_last_edited=\u00bbon|phone\u00bb global_colors_info=\u00bb{}\u00bb][\/et_pb_heading][\/et_pb_column][\/et_pb_row][et_pb_row column_structure=\u00bb1_2,1_2&#8243; _builder_version=\u00bb4.25.1&#8243; _module_preset=\u00bbdefault\u00bb global_colors_info=\u00bb{}\u00bb][et_pb_column type=\u00bb1_2&#8243; _builder_version=\u00bb4.25.1&#8243; _module_preset=\u00bbdefault\u00bb global_colors_info=\u00bb{}\u00bb][et_pb_text quote_border_color=\u00bb#0077b6&#8243; _builder_version=\u00bb4.27.4&#8243; _module_preset=\u00bb2c55a9c4-feed-423b-9edb-ae0b5b365cac\u00bb text_font=\u00bbSource Sans Pro|Source Sans Pro_weight|||||||\u00bb text_text_color=\u00bb#3c3a47&#8243; text_font_size=\u00bb16px\u00bb text_line_height=\u00bb1.75em\u00bb link_font=\u00bb|Source Sans Pro_weight|||||||\u00bb link_text_color=\u00bb#03045e\u00bb ul_line_height=\u00bb1.8em\u00bb quote_font=\u00bbPlayfair Display|Playfair Display_weight|||||||\u00bb quote_text_color=\u00bb#0e0c19&#8243; header_font=\u00bb&#8211;et_global_body_font|Playfair Display_weight|||||||\u00bb header_text_color=\u00bb#0e0c19&#8243; header_font_size=\u00bb51px\u00bb header_line_height=\u00bb1.15em\u00bb header_2_font=\u00bbPlayfair Display|Playfair Display_weight|||||||\u00bb header_2_text_color=\u00bb#0e0c19&#8243; header_2_font_size=\u00bb50px\u00bb header_2_line_height=\u00bb1.2em\u00bb header_3_font=\u00bbPlayfair Display|Playfair Display_weight|||||||\u00bb header_3_text_color=\u00bb#0e0c19&#8243; header_3_font_size=\u00bb32px\u00bb header_3_line_height=\u00bb1.3em\u00bb header_4_font=\u00bbPlayfair Display|Playfair Display_weight|||||||\u00bb header_4_text_color=\u00bb#0e0c19&#8243; header_4_font_size=\u00bb24px\u00bb header_4_line_height=\u00bb1.4em\u00bb header_5_font=\u00bbPlayfair Display|Playfair Display_weight|||||||\u00bb header_5_text_color=\u00bb#0e0c19&#8243; header_5_font_size=\u00bb18px\u00bb header_5_line_height=\u00bb1.4em\u00bb header_6_font=\u00bbPlayfair Display|Playfair Display_weight|||||||\u00bb header_6_text_color=\u00bb#0e0c19&#8243; header_6_line_height=\u00bb1.5em\u00bb custom_margin=\u00bb||||false|false\u00bb text_font_size_tablet=\u00bb15px\u00bb text_font_size_phone=\u00bb14px\u00bb text_font_size_last_edited=\u00bbon|phone\u00bb header_font_size_tablet=\u00bb40px\u00bb header_font_size_phone=\u00bb24px\u00bb header_font_size_last_edited=\u00bbon|desktop\u00bb header_2_font_size_tablet=\u00bb28px\u00bb header_2_font_size_phone=\u00bb20px\u00bb header_2_font_size_last_edited=\u00bbon|phone\u00bb header_3_font_size_tablet=\u00bb22px\u00bb header_3_font_size_phone=\u00bb17px\u00bb header_3_font_size_last_edited=\u00bbon|phone\u00bb header_4_font_size_tablet=\u00bb18px\u00bb header_4_font_size_phone=\u00bb15px\u00bb header_4_font_size_last_edited=\u00bbon|tablet\u00bb header_5_font_size_tablet=\u00bb15px\u00bb header_5_font_size_phone=\u00bb14px\u00bb header_5_font_size_last_edited=\u00bbon|desktop\u00bb header_6_font_size_tablet=\u00bb13px\u00bb header_6_font_size_phone=\u00bb13px\u00bb header_6_font_size_last_edited=\u00bbon|desktop\u00bb global_colors_info=\u00bb{}\u00bb]<\/p>\n<ul>\n<li><strong>Tema 1:<span>\u00a0<\/span><\/strong>Gesti\u00f3n Documental Electr\u00f3nico (GDE)<\/li>\n<\/ul>\n<ul>\n<li><strong>Tema 2:<span>\u00a0<\/span><\/strong>Escritorio \u00danico (EU)<\/li>\n<\/ul>\n<ul>\n<li><strong>Tema 3:<span>\u00a0<\/span><\/strong>Generador de Documentos Oficiales (GEDO)<\/li>\n<\/ul>\n<p>[\/et_pb_text][\/et_pb_column][et_pb_column type=\u00bb1_2&#8243; _builder_version=\u00bb4.25.1&#8243; _module_preset=\u00bbdefault\u00bb global_colors_info=\u00bb{}\u00bb][et_pb_text quote_border_color=\u00bb#0077b6&#8243; _builder_version=\u00bb4.27.4&#8243; _module_preset=\u00bb2c55a9c4-feed-423b-9edb-ae0b5b365cac\u00bb text_font=\u00bbSource Sans Pro|Source Sans Pro_weight|||||||\u00bb text_text_color=\u00bb#3c3a47&#8243; text_font_size=\u00bb16px\u00bb text_line_height=\u00bb1.75em\u00bb link_font=\u00bb|Source Sans Pro_weight|||||||\u00bb link_text_color=\u00bb#03045e\u00bb ul_line_height=\u00bb1.8em\u00bb quote_font=\u00bbPlayfair Display|Playfair Display_weight|||||||\u00bb quote_text_color=\u00bb#0e0c19&#8243; header_font=\u00bb&#8211;et_global_body_font|Playfair Display_weight|||||||\u00bb header_text_color=\u00bb#0e0c19&#8243; header_font_size=\u00bb51px\u00bb header_line_height=\u00bb1.15em\u00bb header_2_font=\u00bbPlayfair Display|Playfair Display_weight|||||||\u00bb header_2_text_color=\u00bb#0e0c19&#8243; header_2_font_size=\u00bb50px\u00bb header_2_line_height=\u00bb1.2em\u00bb header_3_font=\u00bbPlayfair Display|Playfair Display_weight|||||||\u00bb header_3_text_color=\u00bb#0e0c19&#8243; header_3_font_size=\u00bb32px\u00bb header_3_line_height=\u00bb1.3em\u00bb header_4_font=\u00bbPlayfair Display|Playfair Display_weight|||||||\u00bb header_4_text_color=\u00bb#0e0c19&#8243; header_4_font_size=\u00bb24px\u00bb header_4_line_height=\u00bb1.4em\u00bb header_5_font=\u00bbPlayfair Display|Playfair Display_weight|||||||\u00bb header_5_text_color=\u00bb#0e0c19&#8243; header_5_font_size=\u00bb18px\u00bb header_5_line_height=\u00bb1.4em\u00bb header_6_font=\u00bbPlayfair Display|Playfair Display_weight|||||||\u00bb header_6_text_color=\u00bb#0e0c19&#8243; header_6_line_height=\u00bb1.5em\u00bb custom_margin=\u00bb||||false|false\u00bb text_font_size_tablet=\u00bb15px\u00bb text_font_size_phone=\u00bb14px\u00bb text_font_size_last_edited=\u00bbon|phone\u00bb header_font_size_tablet=\u00bb40px\u00bb header_font_size_phone=\u00bb24px\u00bb header_font_size_last_edited=\u00bbon|desktop\u00bb header_2_font_size_tablet=\u00bb28px\u00bb header_2_font_size_phone=\u00bb20px\u00bb header_2_font_size_last_edited=\u00bbon|phone\u00bb header_3_font_size_tablet=\u00bb22px\u00bb header_3_font_size_phone=\u00bb17px\u00bb header_3_font_size_last_edited=\u00bbon|phone\u00bb header_4_font_size_tablet=\u00bb18px\u00bb header_4_font_size_phone=\u00bb15px\u00bb header_4_font_size_last_edited=\u00bbon|tablet\u00bb header_5_font_size_tablet=\u00bb15px\u00bb header_5_font_size_phone=\u00bb14px\u00bb header_5_font_size_last_edited=\u00bbon|desktop\u00bb header_6_font_size_tablet=\u00bb13px\u00bb header_6_font_size_phone=\u00bb13px\u00bb header_6_font_size_last_edited=\u00bbon|desktop\u00bb locked=\u00bboff\u00bb global_colors_info=\u00bb{}\u00bb]<\/p>\n<ul>\n<li><strong>Tema 4:<span>\u00a0<\/span><\/strong>Comunicaciones Oficiales (CCOO)<\/li>\n<li><strong>Tema 5:<span>\u00a0<\/span><\/strong>Expediente Electr\u00f3nico (EE)<\/li>\n<\/ul>\n<p>[\/et_pb_text][\/et_pb_column][\/et_pb_row][\/et_pb_section]<\/p>\n","protected":false},"excerpt":{"rendered":"<p>Este trayecto formativo abordar\u00e1 temas cruciales para el cambio cultural que implica la transici\u00f3n del uso de documentos f\u00edsicos a su versi\u00f3n electr\u00f3nica. Reflexionaremos sobre la importancia de la Gesti\u00f3n Documental Electr\u00f3nica, comprendiendo c\u00f3mo esta tecnolog\u00eda impulsa la productividad, reduce el consumo de papel y permite un acceso r\u00e1pido y seguro a la informaci\u00f3n.Esta perspectiva [&hellip;]<\/p>\n","protected":false},"author":24,"featured_media":0,"parent":390,"menu_order":0,"comment_status":"closed","ping_status":"closed","template":"","meta":{"_et_pb_use_builder":"on","_et_pb_old_content":"","_et_gb_content_width":"","footnotes":""},"class_list":["post-535","page","type-page","status-publish","hentry"],"_links":{"self":[{"href":"https:\/\/informacionoficial.mendoza.gob.ar\/educacion-cultura-infancias-dge\/wp-json\/wp\/v2\/pages\/535","targetHints":{"allow":["GET"]}}],"collection":[{"href":"https:\/\/informacionoficial.mendoza.gob.ar\/educacion-cultura-infancias-dge\/wp-json\/wp\/v2\/pages"}],"about":[{"href":"https:\/\/informacionoficial.mendoza.gob.ar\/educacion-cultura-infancias-dge\/wp-json\/wp\/v2\/types\/page"}],"author":[{"embeddable":true,"href":"https:\/\/informacionoficial.mendoza.gob.ar\/educacion-cultura-infancias-dge\/wp-json\/wp\/v2\/users\/24"}],"replies":[{"embeddable":true,"href":"https:\/\/informacionoficial.mendoza.gob.ar\/educacion-cultura-infancias-dge\/wp-json\/wp\/v2\/comments?post=535"}],"version-history":[{"count":10,"href":"https:\/\/informacionoficial.mendoza.gob.ar\/educacion-cultura-infancias-dge\/wp-json\/wp\/v2\/pages\/535\/revisions"}],"predecessor-version":[{"id":2952,"href":"https:\/\/informacionoficial.mendoza.gob.ar\/educacion-cultura-infancias-dge\/wp-json\/wp\/v2\/pages\/535\/revisions\/2952"}],"up":[{"embeddable":true,"href":"https:\/\/informacionoficial.mendoza.gob.ar\/educacion-cultura-infancias-dge\/wp-json\/wp\/v2\/pages\/390"}],"wp:attachment":[{"href":"https:\/\/informacionoficial.mendoza.gob.ar\/educacion-cultura-infancias-dge\/wp-json\/wp\/v2\/media?parent=535"}],"curies":[{"name":"wp","href":"https:\/\/api.w.org\/{rel}","templated":true}]}}