{"id":1265,"date":"2025-05-27T16:05:07","date_gmt":"2025-05-27T14:05:07","guid":{"rendered":"https:\/\/informacionoficial.mendoza.gob.ar\/energiayambiente\/?page_id=1265"},"modified":"2025-09-19T11:12:16","modified_gmt":"2025-09-19T14:12:16","slug":"1265-2","status":"publish","type":"page","link":"https:\/\/informacionoficial.mendoza.gob.ar\/energiayambiente\/1265-2\/","title":{"rendered":"Ley Minera"},"content":{"rendered":"<p>[et_pb_section fb_built=\u00bb1&#8243; _builder_version=\u00bb4.27.4&#8243; use_background_color_gradient=\u00bbon\u00bb background_color_gradient_stops=\u00bb#ffffff 0%|rgba(255, 255, 255, 1) 40%|#000000 100%\u00bb background_image=\u00bbhttps:\/\/mza-dicaws-portal-uploads-media-prod.s3.us-east-1.amazonaws.com\/informacion-oficial\/uploads\/sites\/12\/2025\/05\/books-5937823-scaled-e1748356823578.jpg\u00bb background_blend=\u00bbscreen\u00bb width=\u00bb100%\u00bb min_height=\u00bb1314.6px\u00bb custom_margin=\u00bb||-8px|||\u00bb custom_padding=\u00bb||154px|||\u00bb hover_enabled=\u00bb0&#8243; border_color_all=\u00bb#FFFFFF\u00bb global_colors_info=\u00bb{}\u00bb background_color_gradient_type=\u00bbcircular\u00bb sticky_enabled=\u00bb0&#8243;][et_pb_row _builder_version=\u00bb4.27.4&#8243; background_size=\u00bbinitial\u00bb background_position=\u00bbtop_left\u00bb background_repeat=\u00bbrepeat\u00bb max_width=\u00bb2560px\u00bb custom_padding=\u00bb39px|||||\u00bb global_colors_info=\u00bb{}\u00bb][et_pb_column type=\u00bb4_4&#8243; _builder_version=\u00bb4.27.4&#8243; _module_preset=\u00bbdefault\u00bb global_colors_info=\u00bb{}\u00bb][et_pb_heading title=\u00bbLEGISLACI\u00d3N\u00bb _builder_version=\u00bb4.27.4&#8243; _module_preset=\u00bbdefault\u00bb title_font=\u00bb|300|||||||\u00bb title_text_align=\u00bbcenter\u00bb title_text_color=\u00bbgcid-9107e7ce-36aa-491e-a581-b7de38ef6b97&#8243; title_font_size=\u00bb3.5rem\u00bb min_height=\u00bb54px\u00bb custom_margin=\u00bb||-1px|||\u00bb hover_enabled=\u00bb0&#8243; title_text_shadow_style=\u00bbpreset1&#8243; global_colors_info=\u00bb{%22gcid-9107e7ce-36aa-491e-a581-b7de38ef6b97%22:%91%22title_text_color%22%93}\u00bb sticky_enabled=\u00bb0&#8243;][\/et_pb_heading][et_pb_heading title=\u00bbMINERA\u00bb _builder_version=\u00bb4.27.4&#8243; _module_preset=\u00bbdefault\u00bb title_font=\u00bb|300|||||||\u00bb title_text_align=\u00bbcenter\u00bb title_text_color=\u00bbgcid-9107e7ce-36aa-491e-a581-b7de38ef6b97&#8243; title_font_size=\u00bb3.5rem\u00bb hover_enabled=\u00bb0&#8243; title_text_shadow_style=\u00bbpreset1&#8243; global_colors_info=\u00bb{%22gcid-9107e7ce-36aa-491e-a581-b7de38ef6b97%22:%91%22title_text_color%22%93}\u00bb sticky_enabled=\u00bb0&#8243;][\/et_pb_heading][\/et_pb_column][\/et_pb_row][et_pb_row _builder_version=\u00bb4.27.4&#8243; _module_preset=\u00bbdefault\u00bb max_width=\u00bb2560px\u00bb global_colors_info=\u00bb{}\u00bb][et_pb_column type=\u00bb4_4&#8243; _builder_version=\u00bb4.27.4&#8243; _module_preset=\u00bbdefault\u00bb global_colors_info=\u00bb{}\u00bb][et_pb_accordion open_toggle_text_color=\u00bb#666262&#8243; open_toggle_background_color=\u00bbrgba(0,2,5,0.5)\u00bb closed_toggle_background_color=\u00bbrgba(0,2,5,0.65)\u00bb _builder_version=\u00bb4.27.4&#8243; _module_preset=\u00bbdefault\u00bb toggle_text_color=\u00bb#ffffff\u00bb background_enable_color=\u00bboff\u00bb hover_enabled=\u00bb0&#8243; border_radii=\u00bbon|8px|8px|8px|8px\u00bb locked=\u00bboff\u00bb global_colors_info=\u00bb{%22gcid-9107e7ce-36aa-491e-a581-b7de38ef6b97%22:%91%22open_toggle_text_color%22%93}\u00bb sticky_enabled=\u00bb0&#8243;][et_pb_accordion_item title=\u00bbLegislaci\u00f3n Nacional\u00bb _builder_version=\u00bb4.27.4&#8243; _module_preset=\u00bbdefault\u00bb hover_enabled=\u00bb0&#8243; global_colors_info=\u00bb{%22gcid-d91e32a4-ea1b-4f3a-9581-0fb489560a1a%22:%91%22background_color%22%93}\u00bb open=\u00bboff\u00bb sticky_enabled=\u00bb0&#8243; background_color=\u00bbgcid-d91e32a4-ea1b-4f3a-9581-0fb489560a1a\u00bb background_enable_color=\u00bbon\u00bb]<\/p>\n<p><span style=\"color: #0091f2\"><a href=\"https:\/\/mza-dicaws-portal-uploads-media-prod.s3.amazonaws.com\/informacion-oficial\/uploads\/sites\/12\/2025\/09\/Constitucion-Nacional.pdf\" rel=\"attachment wp-att-4434\" style=\"color: #0091f2\">Constitucion-Nacional<\/a> <\/span><\/p>\n<p><span style=\"color: #0091f2\"><a href=\"https:\/\/mza-dicaws-portal-uploads-media-prod.s3.amazonaws.com\/informacion-oficial\/uploads\/sites\/12\/2025\/09\/Ley-1919-Codigo-de-Mineria-de-la-Nacion.pdf\" rel=\"attachment wp-att-4435\" style=\"color: #0091f2\">Ley 1919 C\u00f3digo de Miner\u00eda de la Naci\u00f3n.<\/a> <\/span><\/p>\n<p><span style=\"color: #0091f2\"><a href=\"https:\/\/mza-dicaws-portal-uploads-media-prod.s3.amazonaws.com\/informacion-oficial\/uploads\/sites\/12\/2025\/09\/Ley-24051-de-Residuos-peligrosos-\u2013-Generacion-manipulacion-transporte-y-tratamiento.pdf\" rel=\"attachment wp-att-4436\" style=\"color: #0091f2\">Ley 24051 de Residuos peligrosos \u2013 Generaci\u00f3n, manipulaci\u00f3n, transporte y tratamiento.<\/a> <\/span><\/p>\n<p><span style=\"color: #0091f2\"><a href=\"https:\/\/mza-dicaws-portal-uploads-media-prod.s3.amazonaws.com\/informacion-oficial\/uploads\/sites\/12\/2025\/09\/Ley-25612-de-Gestion-integral-de-residuos-industriales-y-de-actividades-de-servicios.pdf\" rel=\"attachment wp-att-4437\" style=\"color: #0091f2\">Ley 25612 de Gesti\u00f3n integral de residuos industriales y de actividades de servicios.<\/a> <a href=\"https:\/\/mza-dicaws-portal-uploads-media-prod.s3.amazonaws.com\/informacion-oficial\/uploads\/sites\/12\/2025\/09\/Ley-25675-Ley-General-del-Ambiente.pdf\" rel=\"attachment wp-att-4438\" style=\"color: #0091f2\"><\/a><\/span><\/p>\n<p><span style=\"color: #0091f2\"><a href=\"https:\/\/mza-dicaws-portal-uploads-media-prod.s3.amazonaws.com\/informacion-oficial\/uploads\/sites\/12\/2025\/09\/Ley-25675-Ley-General-del-Ambiente.pdf\" rel=\"attachment wp-att-4438\" style=\"color: #0091f2\">Ley 25675 Ley General del Ambiente.<\/a> <\/span><\/p>\n<p><span style=\"color: #0091f2\"><a href=\"https:\/\/mza-dicaws-portal-uploads-media-prod.s3.amazonaws.com\/informacion-oficial\/uploads\/sites\/12\/2025\/09\/Ley-25688-de-Regimen-de-Gestion-Ambiental-de-las-Aguas.pdf\" rel=\"attachment wp-att-4439\" style=\"color: #0091f2\">Ley 25688 de R\u00e9gimen de Gesti\u00f3n Ambiental de las Aguas.<\/a> <\/span><\/p>\n<p><span style=\"color: #0091f2\"><a href=\"https:\/\/mza-dicaws-portal-uploads-media-prod.s3.amazonaws.com\/informacion-oficial\/uploads\/sites\/12\/2025\/09\/Ley-25831-de-Regimen-de-libre-acceso-a-la-informacion-publica-ambiental.pdf\" rel=\"attachment wp-att-4440\" style=\"color: #0091f2\">Ley 25831 de R\u00e9gimen de libre acceso a la informaci\u00f3n p\u00fablica ambiental.<\/a> <\/span><\/p>\n<p><span style=\"color: #00a4e5\"><a href=\"https:\/\/mza-dicaws-portal-uploads-media-prod.s3.amazonaws.com\/informacion-oficial\/uploads\/sites\/12\/2025\/09\/Ley-26331-de-Proteccion-ambiental-de-los-Bosques-Nativos.pdf\" rel=\"attachment wp-att-4441\" style=\"color: #00a4e5\"><span style=\"color: #0091f2\">Ley 26331 de Protecci\u00f3n ambiental de los Bosques Nativos.<\/span><\/a> <\/span><\/p>\n<p><span style=\"color: #00a4e5\"><a href=\"https:\/\/mza-dicaws-portal-uploads-media-prod.s3.amazonaws.com\/informacion-oficial\/uploads\/sites\/12\/2025\/09\/Ley-26562-de-presupuestos-minimos-de-Proteccion-Ambiental-para-control-de-actividades-de-quema.pdf\" rel=\"attachment wp-att-4442\" style=\"color: #00a4e5\">Ley 26562 de presupuestos m\u00ednimos de Protecci\u00f3n Ambiental para control de actividades de quema.<\/a> <\/span><\/p>\n<p><span style=\"color: #00a4e5\"><a href=\"https:\/\/mza-dicaws-portal-uploads-media-prod.s3.amazonaws.com\/informacion-oficial\/uploads\/sites\/12\/2025\/09\/Ley-26639-de-Regimen-de-Presupuestos-Minimos-para-la-Preservacion-de-los-Glaciares-y-del-Ambiente-Periglacial.pdf\" rel=\"attachment wp-att-4443\" style=\"color: #00a4e5\">Ley 26639 de R\u00e9gimen de Presupuestos M\u00ednimos para la Preservaci\u00f3n de los Glaciares y del Ambiente Periglacial.<\/a><\/span><\/p>\n<p><span style=\"color: #00a4e5\"><a rel=\"noreferrer noopener\" href=\"https:\/\/www.argentina.gob.ar\/normativa\/nacional\/ley-24585-30096\/texto\" target=\"_blank\" style=\"color: #00a4e5\">Ley 24585 de Protecci\u00f3n Ambiental de la Actividad Minera.<\/a><\/span><\/p>\n<p><span style=\"color: #00a4e5\"><a rel=\"noreferrer noopener\" href=\"https:\/\/www.argentina.gob.ar\/normativa\/nacional\/ley-24196-594\/actualizacion\" target=\"_blank\" style=\"color: #00a4e5\">Ley 24196 de Inversiones Mineras.<\/a><\/span><\/p>\n<p><span style=\"color: #00a4e5\"><a rel=\"noreferrer noopener\" href=\"https:\/\/www.argentina.gob.ar\/normativa\/nacional\/ley-24228-624\/texto\" target=\"_blank\" style=\"color: #00a4e5\">Ley 24228 Acuerdo Federal Minero.<\/a><\/span><\/p>\n<p><span style=\"color: #00a4e5\"><a rel=\"noreferrer noopener\" href=\"https:\/\/servicios.infoleg.gob.ar\/infolegInternet\/anexos\/15000-19999\/16622\/norma.htm\" target=\"_blank\" style=\"color: #00a4e5\">Ley 24466 Banco Nacional de Informaci\u00f3n Geol\u00f3gica.<\/a><\/span><\/p>\n<p><span style=\"color: #00a4e5\"><a rel=\"noreferrer noopener\" href=\"https:\/\/www.argentina.gob.ar\/normativa\/nacional\/ley-24071-470\/texto\" target=\"_blank\" style=\"color: #00a4e5\">Ley 24071 aprueba el Convenio 169 de la OIT sobre Pueblos Ind\u00edgenas y Tribales.<\/a><\/span><\/p>\n<p><span style=\"color: #00a4e5\"><a href=\"https:\/\/www.boletinoficial.gob.ar\/detalleAviso\/primera\/236220\/20201019\" target=\"_blank\" rel=\"noreferrer noopener\" style=\"color: #00a4e5\">Ley 27566 aprueba el Acuerdo de Escaz\u00fa.<\/a><\/span><\/p>\n<p><span style=\"color: #00a4e5\"><a href=\"https:\/\/servicios.infoleg.gob.ar\/infolegInternet\/anexos\/400000-404999\/401266\/norma.htm\" target=\"_blank\" rel=\"noreferrer noopener\" style=\"color: #00a4e5\">Ley 27742 de Bases y puntos de partida para la libertad de los argentinos.<\/a><\/span><\/p>\n<p><span style=\"color: #8bcce5\"><a href=\"https:\/\/servicios.infoleg.gob.ar\/infolegInternet\/anexos\/400000-404999\/401266\/norma.htm\" target=\"_blank\" rel=\"noreferrer noopener\" style=\"color: #8bcce5\"><span style=\"color: #00a4e5\">Resoluci\u00f3n 104\/2024 del Ministerio de Econom\u00eda, Secretaria de Miner\u00eda: Actualizaci\u00f3n del Valor del Canon Anual por Pertenencia Minera.<\/span><\/a><\/span><\/p>\n<p>[\/et_pb_accordion_item][et_pb_accordion_item title=\u00bbLegislaci\u00f3n Provincial\u00bb open=\u00bbon\u00bb _builder_version=\u00bb4.27.4&#8243; _module_preset=\u00bbdefault\u00bb hover_enabled=\u00bb0&#8243; global_colors_info=\u00bb{%22gcid-d91e32a4-ea1b-4f3a-9581-0fb489560a1a%22:%91%22background_color%22%93}\u00bb sticky_enabled=\u00bb0&#8243; background_color=\u00bbgcid-d91e32a4-ea1b-4f3a-9581-0fb489560a1a\u00bb background_enable_color=\u00bbon\u00bb]<\/p>\n<p><span style=\"color: #0091f2\"><a href=\"https:\/\/mza-dicaws-portal-uploads-media-prod.s3.amazonaws.com\/informacion-oficial\/uploads\/sites\/12\/2025\/09\/Constitucion-de-la-Provincia-de-Mendoza.pdf\" rel=\"attachment wp-att-4453\" style=\"color: #0091f2\">Constituci\u00f3n de la Provincia de Mendoza.<\/a> <\/span><\/p>\n<p><span style=\"color: #0091f2\"><a href=\"https:\/\/mza-dicaws-portal-uploads-media-prod.s3.amazonaws.com\/informacion-oficial\/uploads\/sites\/12\/2025\/09\/Decreto-820-2006-Reglamento-Especifico-para-la-Proteccion-Ambiental-en-la-Actividad-Minera-de-la-Provincia-de-Mendoza.pdf\" rel=\"attachment wp-att-4454\" style=\"color: #0091f2\">Decreto 820\/2006 Reglamento Espec\u00edfico para la Protecci\u00f3n Ambiental en la Actividad Minera de la Provincia de Mendoza.<\/a> <\/span><\/p>\n<p><span style=\"color: #0091f2\"><a href=\"https:\/\/mza-dicaws-portal-uploads-media-prod.s3.amazonaws.com\/informacion-oficial\/uploads\/sites\/12\/2025\/09\/Ley-5961-de-Preservacion-del-Medio-Ambiente.pdf\" rel=\"attachment wp-att-4455\" style=\"color: #0091f2\">Ley 5961 de Preservaci\u00f3n del Medio Ambiente.<\/a> <\/span><\/p>\n<p><span style=\"color: #0091f2\"><a href=\"https:\/\/mza-dicaws-portal-uploads-media-prod.s3.amazonaws.com\/informacion-oficial\/uploads\/sites\/12\/2025\/09\/Ley-7722-de-Prohibicion-de-Sustancias-Quimicas.pdf\" rel=\"attachment wp-att-4456\" style=\"color: #0091f2\">Ley 7722 de Prohibici\u00f3n de Sustancias Qu\u00edmicas.<\/a> <\/span><\/p>\n<p><span style=\"color: #0091f2\"><a href=\"https:\/\/mza-dicaws-portal-uploads-media-prod.s3.amazonaws.com\/informacion-oficial\/uploads\/sites\/12\/2025\/09\/Ley-8051-de-Ordenamiento-Territorial-de-Mendoza.pdf\" rel=\"attachment wp-att-4457\" style=\"color: #0091f2\">Ley 8051 de Ordenamiento Territorial de Mendoza.<\/a> <\/span><\/p>\n<p><span style=\"color: #8bcce5\"><a href=\"https:\/\/mza-dicaws-portal-uploads-media-prod.s3.amazonaws.com\/informacion-oficial\/uploads\/sites\/12\/2025\/09\/Ley-8999-de-Plan-Provincial-de-Ordenamiento-Territorial.pdf\" rel=\"attachment wp-att-4458\"><span style=\"color: #0091f2\">Ley 8999 de Plan Provincial de Ordenamiento Territorial.<\/span><\/a> <\/span><\/p>\n<p><span style=\"color: #0091f2\"><a href=\"https:\/\/mza-dicaws-portal-uploads-media-prod.s3.amazonaws.com\/informacion-oficial\/uploads\/sites\/12\/2025\/09\/Ley-9003-de-Procedimiento-Administrativo.pdf\" rel=\"attachment wp-att-4459\" style=\"color: #0091f2\">Ley 9003 de Procedimiento Administrativo.<\/a> <\/span><\/p>\n<p><span style=\"color: #0091f2\"><a href=\"https:\/\/mza-dicaws-portal-uploads-media-prod.s3.amazonaws.com\/informacion-oficial\/uploads\/sites\/12\/2025\/09\/Ley-9529-Codigo-de-Procedimiento-Minero-de-la-Provincia-de-Mendoza.pdf\" rel=\"attachment wp-att-4460\" style=\"color: #0091f2\">Ley 9529 C\u00f3digo de Procedimiento Minero de la Provincia de Mendoza.<\/a> <\/span><\/p>\n<p><span style=\"color: #0091f2\"><a href=\"https:\/\/mza-dicaws-portal-uploads-media-prod.s3.amazonaws.com\/informacion-oficial\/uploads\/sites\/12\/2025\/09\/Resolucion-38-Reglamentacion-del-Codigo-Procesal-Minero-Provincial.pdf\" rel=\"attachment wp-att-4461\" style=\"color: #0091f2\">Resoluci\u00f3n 38, Reglamentaci\u00f3n del C\u00f3digo Procesal Minero Provincial<\/a> <\/span><\/p>\n<p><span style=\"color: #0091f2\"><a href=\"https:\/\/mza-dicaws-portal-uploads-media-prod.s3.amazonaws.com\/informacion-oficial\/uploads\/sites\/12\/2025\/09\/Resolucion-57-Reglamentacion-Creacion-Registro-de-Acopio.pdf\" rel=\"attachment wp-att-4462\" style=\"color: #0091f2\">Resoluci\u00f3n 57, Reglamentaci\u00f3n Creaci\u00f3n Registro de Acopio<\/a> <\/span><\/p>\n<p><span style=\"color: #0091f2\"><a href=\"https:\/\/mza-dicaws-portal-uploads-media-prod.s3.amazonaws.com\/informacion-oficial\/uploads\/sites\/12\/2025\/09\/Resolucion-110-25-Graduacion-de-las-Multas-Registro-de-Infractores-y-Reglamento-de-Policia-Minera.pdf\" rel=\"attachment wp-att-4463\" style=\"color: #0091f2\">Resoluci\u00f3n 110\/25 Graduaci\u00f3n de las Multas; Registro de Infractores y Reglamento de Polic\u00eda Minera<\/a> <\/span><\/p>\n<p><span style=\"color: #0091f2\"><a href=\"https:\/\/mza-dicaws-portal-uploads-media-prod.s3.amazonaws.com\/informacion-oficial\/uploads\/sites\/12\/2025\/09\/Resolucion-130-25-Protocolo-de-Consulta-Previa-Libre-e-Informada-en-el-marco-de-proyectos-mineros.pdf\" rel=\"attachment wp-att-4464\" style=\"color: #0091f2\">Resoluci\u00f3n 130\/25 Protocolo de Consulta Previa, Libre e Informada en el marco de proyectos mineros<\/a> <\/span><\/p>\n<p><span style=\"color: #0091f2\"><a href=\"https:\/\/mza-dicaws-portal-uploads-media-prod.s3.amazonaws.com\/informacion-oficial\/uploads\/sites\/12\/2025\/09\/Resolucion-191-24-de-la-Direccion-de-Mineria-Creacion-del-Registro-de-Peritos-Oficiales-en-Agrimensura.pdf\" rel=\"attachment wp-att-4465\" style=\"color: #0091f2\">Resoluci\u00f3n 191\/24 de la Direcci\u00f3n de Miner\u00eda Creaci\u00f3n del Registro de Peritos Oficiales en Agrimensura.<\/a> <\/span><\/p>\n<p><span style=\"color: #0091f2\"><a href=\"https:\/\/mza-dicaws-portal-uploads-media-prod.s3.amazonaws.com\/informacion-oficial\/uploads\/sites\/12\/2025\/09\/RE7C641.pdf\" rel=\"attachment wp-att-4466\" style=\"color: #0091f2\">Resoluci\u00f3n 192\/24 de la Direcci\u00f3n de Miner\u00eda: Creaci\u00f3n de la Declaraci\u00f3n Jurada de Buenas Practicas y protocolos de Interacci\u00f3n comunitaria en el marco de la Responsabilidad Social.<\/a> <\/span><\/p>\n<p><span style=\"color: #0091f2\"><a href=\"https:\/\/mza-dicaws-portal-uploads-media-prod.s3.amazonaws.com\/informacion-oficial\/uploads\/sites\/12\/2025\/09\/Resolucion-253-24-del-Ministerio-de-Energia-y-Ambiente-Estructura-Organizativa-de-la-Direccion-de-Mineria.pdf\" rel=\"attachment wp-att-4467\" style=\"color: #0091f2\">Resoluci\u00f3n 253\/24 del Ministerio de Energ\u00eda y Ambiente Estructura Organizativa de la Direcci\u00f3n de Miner\u00eda.<\/a> <\/span><\/p>\n<p><span style=\"color: #8bcce5\"><a href=\"https:\/\/mza-dicaws-portal-uploads-media-prod.s3.amazonaws.com\/informacion-oficial\/uploads\/sites\/12\/2025\/09\/Resolucion-16424-del-Ministerio-de-Energia-y-Ambiente-Aprobacion-de-las-Misiones-y-Funciones-del-Ministerio-de-Energia-y-Ambiente.pdf\" rel=\"attachment wp-att-4468\"><span style=\"color: #0091f2\">Resoluci\u00f3n 164\/24 del Ministerio de Energ\u00eda y Ambiente Aprobaci\u00f3n de las Misiones y Funciones del Ministerio de Energ\u00eda y Ambiente.<\/span><\/a> <a href=\"https:\/\/mza-dicaws-portal-uploads-media-prod.s3.amazonaws.com\/informacion-oficial\/uploads\/sites\/12\/2025\/09\/Resolucion-80-25-Direccion-de-Mineria.pdf\" rel=\"attachment wp-att-4469\"><\/a><\/span><\/p>\n<p><span style=\"color: #0091f2\"><a href=\"https:\/\/mza-dicaws-portal-uploads-media-prod.s3.amazonaws.com\/informacion-oficial\/uploads\/sites\/12\/2025\/09\/Resolucion-80-25-Direccion-de-Mineria.pdf\" rel=\"attachment wp-att-4469\" style=\"color: #0091f2\">Resolucion 80\/25 Direccion de Mineria<\/a> <\/span><\/p>\n<p><span style=\"color: #0091f2\"><a href=\"https:\/\/mza-dicaws-portal-uploads-media-prod.s3.amazonaws.com\/informacion-oficial\/uploads\/sites\/12\/2025\/09\/Resolucion-82-25-Direccion-de-Mineria-modificatoria-de-la-Res.-80-25.pdf\" rel=\"attachment wp-att-4470\" style=\"color: #0091f2\">Resolucion 82\/25 Direccion de Mineria modificatoria de la Res 80\/25<\/a><\/span><\/p>\n<p><span style=\"color: #0091f2\"><a rel=\"noreferrer noopener\" href=\"https:\/\/www.saij.gob.ar\/9001-local-mendoza-codigo-procesal-civil-comercial-tributario-provincia-mendoza-lpm0009001-2017-08-30\/123456789-0abc-defg-100-9000mvorpyel\" target=\"_blank\" style=\"color: #0091f2\">Ley 9001 C\u00f3digo Procesal Civil, Comercial y Tributario.<\/a><\/span><\/p>\n<p><span style=\"color: #0091f2\"><a rel=\"noreferrer noopener\" href=\"https:\/\/www.argentina.gob.ar\/normativa\/provincial\/ley-6045-123456789-0abc-defg-540-6000mvorpyel\/actualizacion\" target=\"_blank\" style=\"color: #0091f2\">Ley 6045 de Protecci\u00f3n de \u00c1reas Naturales.<\/a><\/span><\/p>\n<p><span style=\"color: #0091f2\"><a rel=\"noreferrer noopener\" href=\"https:\/\/trivia.consejo.org.ar\/ficha\/522015-ley_atm_mendoza_9567._la_provincia_de_mendoza_adhiere_al_regimen_de_incentivo_para_grandes_inversiones_rigi\" target=\"_blank\" style=\"color: #0091f2\">Ley 9567 de adhesi\u00f3n al R\u00e9gimen de Incentivo para Grandes Inversiones.<\/a><a rel=\"noreferrer noopener\" href=\"https:\/\/www.mendoza.gov.ar\/wp-content\/uploads\/sites\/94\/2024\/03\/Decreto-820-2006.pdf\" target=\"_blank\" style=\"color: #0091f2\"><\/a><\/span><\/p>\n<p><span style=\"color: #0091f2\"><a rel=\"noreferrer noopener\" href=\"https:\/\/www.saij.gob.ar\/M20240002130\" target=\"_blank\" style=\"color: #0091f2\">Decreto 2130\/2024: Reglamentaci\u00f3n de la Designaci\u00f3n y Funcionamiento del Consejo de Miner\u00eda de Mendoza.<\/a><\/span><\/p>\n<p><span style=\"color: #0091f2\"><a href=\"https:\/\/mza-dicaws-portal-uploads-media-prod.s3.amazonaws.com\/informacion-oficial\/uploads\/sites\/12\/2025\/09\/Resolucion-Conjunta-15-24-de-la-Direccion-de-Mineria-y-02-24-de-la-Direccion-de-Proteccion-Ambiental.pdf\" rel=\"attachment wp-att-4477\" style=\"color: #0091f2\">Resoluci\u00f3n Conjunta 15-24 de la Direcci\u00f3n de Miner\u00eda y 02-24 de la Direcci\u00f3n de Protecci\u00f3n Ambiental Regulaci\u00f3n del procedimiento del Informe de Impacto Ambiental.<\/a><\/span><\/p>\n<p><span style=\"color: #0091f2\"><a href=\"https:\/\/mza-dicaws-portal-uploads-media-prod.s3.amazonaws.com\/informacion-oficial\/uploads\/sites\/12\/2025\/09\/Resolucion-Conjunta-37-24-de-la-Direccion-de-Mineria-y-11-24-de-la-Direccion-de-Proteccion-Ambiental.pdf\" rel=\"attachment wp-att-4478\" style=\"color: #0091f2\">Resoluci\u00f3n Conjunta 37-24 de la Direcci\u00f3n de Miner\u00eda y 11-24 de la Direcci\u00f3n de Protecci\u00f3n Ambiental facultad de crear Unidad de Gesti\u00f3n Ambiental. Planes de Manejos.<\/a><\/span><\/p>\n<p><a href=\"https:\/\/mza-dicaws-portal-uploads-media-prod.s3.amazonaws.com\/informacion-oficial\/uploads\/sites\/12\/2025\/09\/Resolucion-Conjunta-106-25-de-la-Direccion-de-Mineria-y-36-25-de-la-Direccion-de-Proteccion-Ambiental-\u2013.pdf\" rel=\"attachment wp-att-4479\"><span style=\"color: #0091f2\">Resoluci\u00f3n Conjunta 106-25 de la Direcci\u00f3n de Miner\u00eda y 36-25 de la Direcci\u00f3n de Protecci\u00f3n Ambiental \u2013del Informe de Partida para Canteras y Plantas de Beneficio\u00a0<\/span><\/a><\/p>\n<p>[\/et_pb_accordion_item][\/et_pb_accordion][\/et_pb_column][\/et_pb_row][\/et_pb_section]<\/p>\n","protected":false},"excerpt":{"rendered":"<p>Constitucion-Nacional Ley 1919 C\u00f3digo de Miner\u00eda de la Naci\u00f3n. Ley 24051 de Residuos peligrosos \u2013 Generaci\u00f3n, manipulaci\u00f3n, transporte y tratamiento. Ley 25612 de Gesti\u00f3n integral de residuos industriales y de actividades de servicios. Ley 25675 Ley General del Ambiente. Ley 25688 de R\u00e9gimen de Gesti\u00f3n Ambiental de las Aguas. Ley 25831 de R\u00e9gimen de libre [&hellip;]<\/p>\n","protected":false},"author":17,"featured_media":0,"parent":0,"menu_order":0,"comment_status":"closed","ping_status":"closed","template":"","meta":{"_et_pb_use_builder":"on","_et_pb_old_content":"","_et_gb_content_width":"","footnotes":""},"class_list":["post-1265","page","type-page","status-publish","hentry"],"_links":{"self":[{"href":"https:\/\/informacionoficial.mendoza.gob.ar\/energiayambiente\/wp-json\/wp\/v2\/pages\/1265","targetHints":{"allow":["GET"]}}],"collection":[{"href":"https:\/\/informacionoficial.mendoza.gob.ar\/energiayambiente\/wp-json\/wp\/v2\/pages"}],"about":[{"href":"https:\/\/informacionoficial.mendoza.gob.ar\/energiayambiente\/wp-json\/wp\/v2\/types\/page"}],"author":[{"embeddable":true,"href":"https:\/\/informacionoficial.mendoza.gob.ar\/energiayambiente\/wp-json\/wp\/v2\/users\/17"}],"replies":[{"embeddable":true,"href":"https:\/\/informacionoficial.mendoza.gob.ar\/energiayambiente\/wp-json\/wp\/v2\/comments?post=1265"}],"version-history":[{"count":22,"href":"https:\/\/informacionoficial.mendoza.gob.ar\/energiayambiente\/wp-json\/wp\/v2\/pages\/1265\/revisions"}],"predecessor-version":[{"id":4515,"href":"https:\/\/informacionoficial.mendoza.gob.ar\/energiayambiente\/wp-json\/wp\/v2\/pages\/1265\/revisions\/4515"}],"wp:attachment":[{"href":"https:\/\/informacionoficial.mendoza.gob.ar\/energiayambiente\/wp-json\/wp\/v2\/media?parent=1265"}],"curies":[{"name":"wp","href":"https:\/\/api.w.org\/{rel}","templated":true}]}}