{"id":1681,"date":"2025-06-18T15:18:55","date_gmt":"2025-06-18T13:18:55","guid":{"rendered":"https:\/\/informacionoficial.mendoza.gob.ar\/energiayambiente\/?page_id=1681"},"modified":"2025-06-18T16:01:45","modified_gmt":"2025-06-18T14:01:45","slug":"g-a-m","status":"publish","type":"page","link":"https:\/\/informacionoficial.mendoza.gob.ar\/energiayambiente\/g-a-m\/","title":{"rendered":"G.A.M."},"content":{"rendered":"<p>[et_pb_section fb_built=\u00bb1&#8243; _builder_version=\u00bb4.27.4&#8243; use_background_color_gradient=\u00bbon\u00bb background_color_gradient_direction=\u00bb1deg\u00bb background_color_gradient_stops=\u00bb#ffffff 6%|#000000 17%\u00bb background_image=\u00bbhttps:\/\/mza-dicaws-portal-uploads-media-prod.s3.us-east-1.amazonaws.com\/informacion-oficial\/uploads\/sites\/12\/2025\/06\/Atardecer-2.jpg\u00bb background_blend=\u00bbscreen\u00bb width=\u00bb100%\u00bb min_height=\u00bb1314.6px\u00bb custom_margin=\u00bb||-8px|||\u00bb custom_padding=\u00bb||8px|||\u00bb hover_enabled=\u00bb0&#8243; border_color_all=\u00bb#FFFFFF\u00bb global_colors_info=\u00bb{}\u00bb title_text=\u00bbAtardecer 2&#8243; sticky_enabled=\u00bb0&#8243;][et_pb_row _builder_version=\u00bb4.27.4&#8243; background_size=\u00bbinitial\u00bb background_position=\u00bbtop_left\u00bb background_repeat=\u00bbrepeat\u00bb max_width=\u00bb2560px\u00bb custom_padding=\u00bb27px|||||\u00bb global_colors_info=\u00bb{}\u00bb][et_pb_column type=\u00bb4_4&#8243; _builder_version=\u00bb4.27.4&#8243; _module_preset=\u00bbdefault\u00bb global_colors_info=\u00bb{}\u00bb][et_pb_heading title=\u00bbG.A.M.\u00bb _builder_version=\u00bb4.27.4&#8243; _module_preset=\u00bbdefault\u00bb title_font=\u00bb|300|||||||\u00bb title_text_align=\u00bbcenter\u00bb title_text_color=\u00bb#FFFFFF\u00bb title_font_size=\u00bb3.5rem\u00bb min_height=\u00bb54px\u00bb custom_margin=\u00bb||-1px|||\u00bb title_text_shadow_style=\u00bbpreset1&#8243; global_colors_info=\u00bb{}\u00bb][\/et_pb_heading][\/et_pb_column][\/et_pb_row][et_pb_row _builder_version=\u00bb4.27.4&#8243; _module_preset=\u00bbdefault\u00bb max_width=\u00bb2436px\u00bb hover_enabled=\u00bb0&#8243; global_colors_info=\u00bb{}\u00bb column_structure=\u00bb1_3,1_3,1_3&#8243; sticky_enabled=\u00bb0&#8243; background_color=\u00bbrgba(255,255,255,0.75)\u00bb border_radii=\u00bbon|8px|8px|8px|8px\u00bb custom_padding=\u00bb15px|25px|15px|25px|false|false\u00bb min_height=\u00bb1682.8px\u00bb][et_pb_column type=\u00bb1_3&#8243; _builder_version=\u00bb4.27.4&#8243; _module_preset=\u00bbdefault\u00bb hover_enabled=\u00bb0&#8243; global_colors_info=\u00bb{}\u00bb sticky_enabled=\u00bb0&#8243;][et_pb_text _builder_version=\u00bb4.27.4&#8243; _module_preset=\u00bbdefault\u00bb width=\u00bb100%\u00bb hover_enabled=\u00bb0&#8243; global_colors_info=\u00bb{}\u00bb sticky_enabled=\u00bb0&#8243; module_alignment=\u00bbcenter\u00bb text_orientation=\u00bbcenter\u00bb]<\/p>\n<p><a href=\"http:\/\/aconcagua.mendoza.gov.ar\/index.php?option=com_contact&amp;view=contact&amp;id=115:molina-fernando-javier&amp;catid=103&amp;Itemid=694\">MOLINA, FERNANDO JAVIER<\/a><br \/><a href=\"mailto:climb8a@hotmail.com\">climb8a@hotmail.com<\/a><br \/>54 261 4316478<br \/>54 9 261 6096643<\/p>\n<p><a href=\"http:\/\/aconcagua.mendoza.gov.ar\/index.php?option=com_contact&amp;view=contact&amp;id=123:vitale-mosso-pablo&amp;catid=103&amp;Itemid=694\">VITALE MOSSO, PABLO<\/a><br \/>ingl\u00e9s<br \/><a href=\"mailto:pablomosso73@gmail.com\">pablomosso73@gmail.com<\/a><br \/>00 54 9 261 54726500<\/p>\n<p><a href=\"http:\/\/aconcagua.mendoza.gov.ar\/index.php?option=com_contact&amp;view=contact&amp;id=140:beiza-javier&amp;catid=103&amp;Itemid=694\">BEIZA, JAVIER<\/a><br \/>ingl\u00e9s<br \/><a href=\"mailto:cachobeiza@hotmail.com\">cachobeiza@hotmail.com<\/a><br \/>00 54 261 4988966<br \/>00 54 9 261 5784018<\/p>\n<p><a href=\"http:\/\/aconcagua.mendoza.gov.ar\/index.php?option=com_contact&amp;view=contact&amp;id=160:araya-juan-daniel&amp;catid=103&amp;Itemid=694\">ARAYA, JUAN DANIEL<\/a><br \/>ingl\u00e9s<br \/><a href=\"mailto:juanchoaraya@gmail.com\">juanchoaraya@gmail.com<\/a><br \/>00 54 261 4965975<br \/>00 54 261 4708674<\/p>\n<p><a href=\"http:\/\/aconcagua.mendoza.gov.ar\/index.php?option=com_contact&amp;view=contact&amp;id=161:perinetti-ariel&amp;catid=103&amp;Itemid=694\">PERINETTI, ARIEL<\/a><br \/>ingl\u00e9s<br \/><a href=\"mailto:arielperinetti@gmail.com\">arielperinetti@gmail.com<\/a><\/p>\n<p>00 54 9 261 5962796<\/p>\n<p><a href=\"http:\/\/aconcagua.mendoza.gov.ar\/index.php?option=com_contact&amp;view=contact&amp;id=162:moreno-herman-ariel&amp;catid=103&amp;Itemid=694\">MORENO, HERMAN ARIEL<\/a><br \/>ingl\u00e9s \/\/ Franc\u00e9s<br \/><a href=\"mailto:hunuc@hunuc.com.ar\">hunuc@hunuc.com.ar<\/a><br \/>00 54 261 4987656<br \/>00 54 9 261 6559893<\/p>\n<p><a href=\"http:\/\/aconcagua.mendoza.gov.ar\/index.php?option=com_contact&amp;view=contact&amp;id=163:vazquez-mariano&amp;catid=103&amp;Itemid=694\">VAZQUEZ, MARIANO<\/a><br \/>ingl\u00e9s<br \/><a href=\"mailto:marianitovazquez@hotmail.com\">marianitovazquez@hotmail.com<\/a><br \/>00 54 9 261 5255888<\/p>\n<p><a href=\"http:\/\/aconcagua.mendoza.gov.ar\/index.php?option=com_contact&amp;view=contact&amp;id=164:gurrieri-pablo&amp;catid=103&amp;Itemid=694\">GURRIERI, PABLO<\/a><br \/>Ingl\u00e9s<br \/><a href=\"mailto:pablo_gurrieri@yahoo.com.ar\">pablo_gurrieri@yahoo.com.ar<\/a><br \/>00 54 9 261 5715851<\/p>\n<p><a href=\"http:\/\/aconcagua.mendoza.gov.ar\/index.php?option=com_contact&amp;view=contact&amp;id=165:herrera-juan&amp;catid=103&amp;Itemid=694\">HERRERA, JUAN<\/a><br \/>Ingl\u00e9s<br \/><a href=\"mailto:lyjandes@gmail.com\">lyjandes@gmail.com<\/a><br \/>00 54 261 4253691<br \/>00 54 9 261 5944514<\/p>\n<p><a href=\"http:\/\/aconcagua.mendoza.gov.ar\/index.php?option=com_contact&amp;view=contact&amp;id=167:lopez-vicente-miguel&amp;catid=103&amp;Itemid=694\">LOPEZ, VICENTE MIGUEL<\/a><br \/><a href=\"mailto:mickylopezguide@gmail.com\">mickylopezguide@gmail.com<\/a><br \/>54 261 4315141<br \/>54 9 261 4710868<\/p>\n<p><a href=\"http:\/\/aconcagua.mendoza.gov.ar\/index.php?option=com_contact&amp;view=contact&amp;id=168:dauria-lucas&amp;catid=103&amp;Itemid=694\">DAURIA, LUCAS<\/a><br \/><a href=\"mailto:lucasdau@hotmail.com\">lucasdau@hotmail.com<\/a><br \/>54 261 4296147<br \/>54 9 261 153477858<\/p>\n<p><a href=\"http:\/\/aconcagua.mendoza.gov.ar\/index.php?option=com_contact&amp;view=contact&amp;id=171:zuniga-matias&amp;catid=103&amp;Itemid=694\">ZU\u00d1IGA, MAT\u00cdAS<\/a><br \/>Ingl\u00e9s<br \/><a href=\"mailto:matozu@hotmail.com\">matozu@hotmail.com<\/a><br \/>00 54 9 261 5898608<\/p>\n<p><a href=\"http:\/\/aconcagua.mendoza.gov.ar\/index.php?option=com_contact&amp;view=contact&amp;id=173:zeimer-ilan&amp;catid=103&amp;Itemid=694\">ZEIMER, ILAN<\/a><br \/>ingl\u00e9s \/\/ hebreo<br \/><a href=\"mailto:ilanzeimer@yahoo.com.ar\">ilanzeimer@yahoo.com.ar<\/a><br \/>54 9 261 6107104<\/p>\n<p><a href=\"http:\/\/aconcagua.mendoza.gov.ar\/index.php?option=com_contact&amp;view=contact&amp;id=526:tapia-pablo&amp;catid=103&amp;Itemid=694\">TAPIA, PABLO<\/a><br \/>ingl\u00e9s<br \/><a href=\"mailto:ptapior77@gmail.com\">ptapior77@gmail.com<\/a><br \/>00 54 9 261 6052826<\/p>\n<p>[\/et_pb_text][\/et_pb_column][et_pb_column _builder_version=\u00bb4.27.4&#8243; _module_preset=\u00bbdefault\u00bb type=\u00bb1_3&#8243;][et_pb_text _builder_version=\u00bb4.27.4&#8243; _module_preset=\u00bbdefault\u00bb width=\u00bb100%\u00bb hover_enabled=\u00bb0&#8243; global_colors_info=\u00bb{}\u00bb sticky_enabled=\u00bb0&#8243; module_alignment=\u00bbcenter\u00bb text_orientation=\u00bbcenter\u00bb]<\/p>\n<p><a href=\"http:\/\/aconcagua.mendoza.gov.ar\/index.php?option=com_contact&amp;view=contact&amp;id=174:armesto-angel&amp;catid=103&amp;Itemid=694\">ARMESTO, ANGEL<\/a><br \/>ingl\u00e9s<br \/><a href=\"mailto:angel@araexpeditions.com\">angel@araexpeditions.com<\/a><br \/>54 9 261 5350670<\/p>\n<p><a href=\"http:\/\/aconcagua.mendoza.gov.ar\/index.php?option=com_contact&amp;view=contact&amp;id=175:sokolovsky-marcos&amp;catid=103&amp;Itemid=694\">SOKOLOVSKY, MARCOS<\/a><br \/>ingles<br \/><a href=\"mailto:soko8000@yahoo.com.ar\">soko8000@yahoo.com.ar<\/a><br \/>00 54 9 2944 4347627<\/p>\n<p><a href=\"http:\/\/aconcagua.mendoza.gov.ar\/index.php?option=com_contact&amp;view=contact&amp;id=176:avila-fermin&amp;catid=103&amp;Itemid=694\">AVILA, FERMIN<\/a><br \/>Ingl\u00e9s<br \/><a href=\"mailto:ferminmallin@hotmail.com\">ferminmallin@hotmail.com<\/a><br \/>00 54 9 2944 611361<\/p>\n<p><a href=\"http:\/\/aconcagua.mendoza.gov.ar\/index.php?option=com_contact&amp;view=contact&amp;id=178:castillo-gerardo&amp;catid=103&amp;Itemid=694\">CASTILLO, GERARDO<\/a><br \/>Ingl\u00e9s<br \/><a href=\"mailto:gerardocastillo@gmail.com\">gerardocastillo@gmail.com<\/a><br \/>00 54 9 261 5751781<\/p>\n<p><a href=\"http:\/\/aconcagua.mendoza.gov.ar\/index.php?option=com_contact&amp;view=contact&amp;id=179:lotfi-miguel&amp;catid=103&amp;Itemid=694\">LOTFI, MIGUEL<\/a><br \/>ingl\u00e9s b\u00e0sico \/\/ alem\u00e1n b\u00e0sico<br \/><a href=\"mailto:mijellotfi@msn.com\">mijellotfi@msn.com<\/a><br \/>54 261 4239885<br \/>54 9 261 5056218<\/p>\n<p><a href=\"http:\/\/aconcagua.mendoza.gov.ar\/index.php?option=com_contact&amp;view=contact&amp;id=180:sanchez-miguel&amp;catid=103&amp;Itemid=694\">SANCHEZ TOLEDO MIGUEL ANGEL<\/a><br \/>ingl\u00e9s<br \/><a href=\"mailto:litok2@gmail.com\">litok2@gmail.com<\/a><br \/>00 54 0261 4214049<br \/>00 54 9 261 5985580<\/p>\n<p><a href=\"http:\/\/aconcagua.mendoza.gov.ar\/index.php?option=com_contact&amp;view=contact&amp;id=253:satke-durruty-sebastian&amp;catid=103&amp;Itemid=694\">SATKE DURRUTY, SEBASTI\u00c1N<\/a><br \/>ingl\u00e9s<br \/><a href=\"mailto:sebastiansatke@gmail.com\">sebastiansatke@gmail.com<\/a><br \/>00 54 261 4318918<br \/>00 54 9 261 5717801<\/p>\n<p><a href=\"http:\/\/aconcagua.mendoza.gov.ar\/index.php?option=com_contact&amp;view=contact&amp;id=310:jimenez-guzman-temistocles-ivan&amp;catid=103&amp;Itemid=694\">JIMENEZ GUZMAN, TEMISTOCLES IVAN<\/a><br \/><a href=\"mailto:guiaivan@hotmail.com\">guiaivan@hotmail.com<\/a><br \/>54 9 261 156612795<\/p>\n<p><a href=\"http:\/\/aconcagua.mendoza.gov.ar\/index.php?option=com_contact&amp;view=contact&amp;id=330:orona-heber&amp;catid=103&amp;Itemid=694\">ORONA, HEBER<\/a><br \/>ingl\u00e9s<br \/><a href=\"mailto:heber@heberorona.com\">heber@heberorona.com<\/a><br \/>00 54 9 261 4189510<\/p>\n<p><a href=\"http:\/\/aconcagua.mendoza.gov.ar\/index.php?option=com_contact&amp;view=contact&amp;id=335:jones-andres&amp;catid=103&amp;Itemid=694\">JONES, Andres<\/a><br \/>ingl\u00e9s<br \/><a href=\"mailto:aconcagualail@hotmail.com\">aconcagualail@hotmail.com<\/a><br \/>00 54 9 261 15376187<\/p>\n<p><a href=\"http:\/\/aconcagua.mendoza.gov.ar\/index.php?option=com_contact&amp;view=contact&amp;id=341:eguiluz-castro-julver&amp;catid=103&amp;Itemid=694\">EGUILUZ CASTRO, JULVER<\/a><br \/>Ingl\u00e9s<br \/><a href=\"mailto:julver_mountrekk@hotmail.com\">julver_mountrekk@hotmail.com<\/a><br \/>00 54 9 261 6548300<\/p>\n<p><a href=\"http:\/\/aconcagua.mendoza.gov.ar\/index.php?option=com_contact&amp;view=contact&amp;id=342:poletti-emiliano&amp;catid=103&amp;Itemid=694\">POLETTI, EMILIANO<\/a><br \/>ingl\u00e9s<br \/><a href=\"mailto:emilianopoletti1@hotmail.com\">emilianopoletti1@hotmail.com<\/a><br \/>00 54 9 261 5378785<\/p>\n<p><a href=\"http:\/\/aconcagua.mendoza.gov.ar\/index.php?option=com_contact&amp;view=contact&amp;id=344:indovina-federico&amp;catid=103&amp;Itemid=694\">INDOVINA, FEDERICO<\/a><br \/>ingl\u00e9s \/\/ italiano<br \/><a href=\"mailto:fedeindovina@gmail.com\">fedeindovina@gmail.com<\/a><br \/>00 54 261 4440324<br \/>00 54 9 261 4859631<\/p>\n<p><a href=\"http:\/\/aconcagua.mendoza.gov.ar\/index.php?option=com_contact&amp;view=contact&amp;id=346:arnaudi-fernando&amp;catid=103&amp;Itemid=694\">ARNAUDI, FERNANDO<\/a><br \/>ingl\u00e9s<br \/><a href=\"mailto:ferarnaudi@hotmail.com\">ferarnaudi@hotmail.com<\/a><br \/>00 54 9 261 5942649<\/p>\n<figure class=\"wp-block-table\">\n<table class=\" table table-hover\">\n<tbody><\/tbody>\n<\/table>\n<\/figure>\n<p>[\/et_pb_text][\/et_pb_column][et_pb_column _builder_version=\u00bb4.27.4&#8243; _module_preset=\u00bbdefault\u00bb type=\u00bb1_3&#8243;][et_pb_text _builder_version=\u00bb4.27.4&#8243; _module_preset=\u00bbdefault\u00bb width=\u00bb100%\u00bb hover_enabled=\u00bb0&#8243; global_colors_info=\u00bb{}\u00bb sticky_enabled=\u00bb0&#8243; module_alignment=\u00bbcenter\u00bb min_height=\u00bb1821.8px\u00bb text_orientation=\u00bbcenter\u00bb]<\/p>\n<p><a href=\"http:\/\/aconcagua.mendoza.gov.ar\/index.php?option=com_contact&amp;view=contact&amp;id=350:cangiani-adrian&amp;catid=103&amp;Itemid=694\">CANGIANI, ADRIAN<\/a><br \/>Ingl\u00e9s<br \/><a href=\"mailto:roger_cangiani@yahoo.com.ar\">roger_cangiani@yahoo.com.ar<\/a><br \/>00 54 261 4272181<br \/>00 54 9 261 3021156<\/p>\n<p><a href=\"http:\/\/aconcagua.mendoza.gov.ar\/index.php?option=com_contact&amp;view=contact&amp;id=353:penzotti-adrian&amp;catid=103&amp;Itemid=694\">PENZOTTI, ADRIAN<\/a><br \/>ingl\u00e9s<br \/><a href=\"mailto:apenzotti@hotmail.com\">apenzotti@hotmail.com<\/a><br \/>00 54 9 294 4333999<\/p>\n<p><a href=\"http:\/\/aconcagua.mendoza.gov.ar\/index.php?option=com_contact&amp;view=contact&amp;id=379:corvalan-ulises&amp;catid=103&amp;Itemid=694\">CORVALAN, ULISES<\/a><br \/>ingl\u00e9s<br \/><a href=\"mailto:info@ulisescorvalan.com.ar\">info@ulisescorvalan.com.ar<\/a><br \/>00 54 9 261 6605156<\/p>\n<p><a href=\"http:\/\/aconcagua.mendoza.gov.ar\/index.php?option=com_contact&amp;view=contact&amp;id=380:garcia-sebastian&amp;catid=103&amp;Itemid=694\">GARCIA, SEBASTIAN<\/a><br \/>ingl\u00e9s<br \/><a href=\"mailto:cumbre360@hotmail.com\">cumbre360@hotmail.com<\/a><br \/>00 54 9 351 6801160<\/p>\n<p><a href=\"http:\/\/aconcagua.mendoza.gov.ar\/index.php?option=com_contact&amp;view=contact&amp;id=383:dicarlantonio-ariel&amp;catid=103&amp;Itemid=694\">DI CARLANTONIO, ARIEL<\/a><br \/>ingl\u00e9s<br \/><a href=\"mailto:arieldicarlantonio@gmail.com\">arieldicarlantonio@gmail.com<\/a><br \/>00 54 9 260 4316709<\/p>\n<p><a href=\"http:\/\/aconcagua.mendoza.gov.ar\/index.php?option=com_contact&amp;view=contact&amp;id=392:estevez-daniel&amp;catid=103&amp;Itemid=694\">ESTEVEZ, DANIEL<\/a><br \/>ingl\u00e9s<br \/><a href=\"mailto:comando1_07@yahoo.com.ar\">comando1_07@yahoo.com.ar<\/a><br \/>00 54 9 261 5898808<\/p>\n<p><a href=\"http:\/\/aconcagua.mendoza.gov.ar\/index.php?option=com_contact&amp;view=contact&amp;id=403:reguera-pablo&amp;catid=103&amp;Itemid=694\">REGUERA, PABLO<\/a><br \/>Ingl\u00e9s<br \/><a href=\"mailto:pablopabloreguera@hotmail.com\">pablopabloreguera@hotmail.com<\/a><br \/>00 54 9 249 4481074<\/p>\n<p><a href=\"http:\/\/aconcagua.mendoza.gov.ar\/index.php?option=com_contact&amp;view=contact&amp;id=409:marquez-gerardo&amp;catid=103&amp;Itemid=694\">MARQUEZ, GERARDO<\/a><br \/><a href=\"mailto:bauty15@hotmail.com\">bauty15@hotmail.com<\/a><br \/>54 9 261 6519828<\/p>\n<p><a href=\"http:\/\/aconcagua.mendoza.gov.ar\/index.php?option=com_contact&amp;view=contact&amp;id=414:fernandez-mauricio-javier&amp;catid=103&amp;Itemid=694\">FERNANDEZ, MAURICIO JAVIER<\/a><br \/>Ingl\u00e9s<br \/><a href=\"mailto:summitmendoza@gmail.com\">summitmendoza@gmail.com<\/a><br \/>00 54 261 4964177<br \/>00 54 9 261 6580738<\/p>\n<p><a href=\"http:\/\/aconcagua.mendoza.gov.ar\/index.php?option=com_contact&amp;view=contact&amp;id=416:sanchez-wensate&amp;catid=103&amp;Itemid=694\">SANCHEZ, WENISAT\u00c9<\/a><br \/>ingl\u00e9s<br \/><a href=\"mailto:wennysanchez@gmail.com\">wennysanchez@gmail.com<\/a><br \/>00 54 9 5808854<\/p>\n<p><a href=\"http:\/\/aconcagua.mendoza.gov.ar\/index.php?option=com_contact&amp;view=contact&amp;id=418:capano-gianni&amp;catid=103&amp;Itemid=694\">CAPANO, GIANNI<\/a><br \/>Ingl\u00e9s<br \/><a href=\"mailto:giannicapano@hotmail.com\">giannicapano@hotmail.com<\/a><br \/>00 54 9 294 5468270<\/p>\n<p><a href=\"http:\/\/aconcagua.mendoza.gov.ar\/index.php?option=com_contact&amp;view=contact&amp;id=440:barral-gabriel&amp;catid=103&amp;Itemid=694\">BARRAL, GABRIEL<\/a><br \/>ingl\u00e9s<br \/><a href=\"mailto:barralg@yahoo.com.ar\">barralg@yahoo.com.ar<\/a><br \/>00 54 011 20007983<br \/>00 54 9 11 31560852<\/p>\n<p><a href=\"http:\/\/aconcagua.mendoza.gov.ar\/index.php?option=com_contact&amp;view=contact&amp;id=444:pilotta-pablo&amp;catid=103&amp;Itemid=694\">PILOTTA, PABLO<\/a><br \/>ingl\u00e9s<br \/><a href=\"mailto:pablopilotta@gmail.com\">pablopilotta@gmail.com<\/a><br \/>54 9 223 154063260<br \/>54 9 223 562953200<\/p>\n<p><a href=\"http:\/\/aconcagua.mendoza.gov.ar\/index.php?option=com_contact&amp;view=contact&amp;id=483:daneri-lucero-fernando&amp;catid=103&amp;Itemid=694\">DANERI LUCERO FERNANDO<\/a><br \/><a href=\"mailto:info@colanguil.com\">info@colanguil.com<\/a><br \/>00 54 9 261 6571328<\/p>\n<p>&nbsp;<\/p>\n<p>[\/et_pb_text][\/et_pb_column][\/et_pb_row][\/et_pb_section]<\/p>\n","protected":false},"excerpt":{"rendered":"<p>MOLINA, FERNANDO JAVIERclimb8a@hotmail.com54 261 431647854 9 261 6096643 VITALE MOSSO, PABLOingl\u00e9spablomosso73@gmail.com00 54 9 261 54726500 BEIZA, JAVIERingl\u00e9scachobeiza@hotmail.com00 54 261 498896600 54 9 261 5784018 ARAYA, JUAN DANIELingl\u00e9sjuanchoaraya@gmail.com00 54 261 496597500 54 261 4708674 PERINETTI, ARIELingl\u00e9sarielperinetti@gmail.com 00 54 9 261 5962796 MORENO, HERMAN ARIELingl\u00e9s \/\/ Franc\u00e9shunuc@hunuc.com.ar00 54 261 498765600 54 9 261 6559893 VAZQUEZ, MARIANOingl\u00e9smarianitovazquez@hotmail.com00 54 [&hellip;]<\/p>\n","protected":false},"author":17,"featured_media":0,"parent":0,"menu_order":0,"comment_status":"closed","ping_status":"closed","template":"","meta":{"_et_pb_use_builder":"on","_et_pb_old_content":"","_et_gb_content_width":"","footnotes":""},"class_list":["post-1681","page","type-page","status-publish","hentry"],"_links":{"self":[{"href":"https:\/\/informacionoficial.mendoza.gob.ar\/energiayambiente\/wp-json\/wp\/v2\/pages\/1681","targetHints":{"allow":["GET"]}}],"collection":[{"href":"https:\/\/informacionoficial.mendoza.gob.ar\/energiayambiente\/wp-json\/wp\/v2\/pages"}],"about":[{"href":"https:\/\/informacionoficial.mendoza.gob.ar\/energiayambiente\/wp-json\/wp\/v2\/types\/page"}],"author":[{"embeddable":true,"href":"https:\/\/informacionoficial.mendoza.gob.ar\/energiayambiente\/wp-json\/wp\/v2\/users\/17"}],"replies":[{"embeddable":true,"href":"https:\/\/informacionoficial.mendoza.gob.ar\/energiayambiente\/wp-json\/wp\/v2\/comments?post=1681"}],"version-history":[{"count":6,"href":"https:\/\/informacionoficial.mendoza.gob.ar\/energiayambiente\/wp-json\/wp\/v2\/pages\/1681\/revisions"}],"predecessor-version":[{"id":1695,"href":"https:\/\/informacionoficial.mendoza.gob.ar\/energiayambiente\/wp-json\/wp\/v2\/pages\/1681\/revisions\/1695"}],"wp:attachment":[{"href":"https:\/\/informacionoficial.mendoza.gob.ar\/energiayambiente\/wp-json\/wp\/v2\/media?parent=1681"}],"curies":[{"name":"wp","href":"https:\/\/api.w.org\/{rel}","templated":true}]}}