{"id":1743,"date":"2025-06-19T15:11:43","date_gmt":"2025-06-19T13:11:43","guid":{"rendered":"https:\/\/informacionoficial.mendoza.gob.ar\/energiayambiente\/?page_id=1743"},"modified":"2025-08-14T14:31:46","modified_gmt":"2025-08-14T12:31:46","slug":"guias-de-montana","status":"publish","type":"page","link":"https:\/\/informacionoficial.mendoza.gob.ar\/energiayambiente\/guias-de-montana\/","title":{"rendered":"Gu\u00edas de Monta\u00f1a"},"content":{"rendered":"<p>[et_pb_section fb_built=\u00bb1&#8243; _builder_version=\u00bb4.27.4&#8243; use_background_color_gradient=\u00bbon\u00bb background_color_gradient_direction=\u00bb1deg\u00bb background_color_gradient_stops=\u00bb#ffffff 6%|#000000 17%\u00bb background_image=\u00bbhttps:\/\/mza-dicaws-portal-uploads-media-prod.s3.us-east-1.amazonaws.com\/informacion-oficial\/uploads\/sites\/12\/2025\/06\/Atardecer-2.jpg\u00bb background_blend=\u00bbscreen\u00bb width=\u00bb100%\u00bb min_height=\u00bb1314.6px\u00bb custom_margin=\u00bb||-8px|||\u00bb custom_padding=\u00bb||8px|||\u00bb border_color_all=\u00bb#FFFFFF\u00bb global_colors_info=\u00bb{}\u00bb][et_pb_row _builder_version=\u00bb4.27.4&#8243; background_size=\u00bbinitial\u00bb background_position=\u00bbtop_left\u00bb background_repeat=\u00bbrepeat\u00bb max_width=\u00bb2560px\u00bb custom_padding=\u00bb27px|||||\u00bb global_colors_info=\u00bb{}\u00bb][et_pb_column type=\u00bb4_4&#8243; _builder_version=\u00bb4.27.4&#8243; _module_preset=\u00bbdefault\u00bb global_colors_info=\u00bb{}\u00bb][et_pb_heading title=\u00bbGu\u00edas de Monta\u00f1a\u00bb _builder_version=\u00bb4.27.4&#8243; _module_preset=\u00bbdefault\u00bb title_font=\u00bb|300|||||||\u00bb title_text_align=\u00bbcenter\u00bb title_text_color=\u00bb#FFFFFF\u00bb title_font_size=\u00bb3.5rem\u00bb min_height=\u00bb54px\u00bb custom_margin=\u00bb||-1px|||\u00bb title_text_shadow_style=\u00bbpreset1&#8243; global_colors_info=\u00bb{}\u00bb][\/et_pb_heading][\/et_pb_column][\/et_pb_row][et_pb_row column_structure=\u00bb1_3,1_3,1_3&#8243; _builder_version=\u00bb4.27.4&#8243; _module_preset=\u00bbdefault\u00bb background_color=\u00bbrgba(255,255,255,0.75)\u00bb max_width=\u00bb2436px\u00bb min_height=\u00bb1682.8px\u00bb custom_padding=\u00bb35px|25px|15px|25px|false|false\u00bb border_radii=\u00bbon|8px|8px|8px|8px\u00bb global_colors_info=\u00bb{}\u00bb][et_pb_column type=\u00bb1_3&#8243; _builder_version=\u00bb4.27.4&#8243; _module_preset=\u00bbdefault\u00bb global_colors_info=\u00bb{}\u00bb][et_pb_text _builder_version=\u00bb4.27.4&#8243; _module_preset=\u00bbdefault\u00bb text_orientation=\u00bbcenter\u00bb width=\u00bb100%\u00bb module_alignment=\u00bbcenter\u00bb global_colors_info=\u00bb{}\u00bb]<a href=\"http:\/\/www.aconcaguaviejo.mendoza.gov.ar\/index.php?option=com_contact&amp;view=contact&amp;id=143:poletti-emiliano&amp;catid=106&amp;Itemid=697\">PALLOTTI SANCHEZ, DIEGO JAVIER<\/a><br \/>\ningl\u00e9s<br \/>\n<a href=\"mailto:diegopallotti@hotmail.com\">diegopallotti@hotmail.com<\/a><br \/>\n54 9 261 6843057<a href=\"http:\/\/www.aconcaguaviejo.mendoza.gov.ar\/index.php?option=com_contact&amp;view=contact&amp;id=114:romero-gabriel-hernan&amp;catid=106&amp;Itemid=697\"><\/a><\/p>\n<p><a href=\"http:\/\/www.aconcaguaviejo.mendoza.gov.ar\/index.php?option=com_contact&amp;view=contact&amp;id=114:romero-gabriel-hernan&amp;catid=106&amp;Itemid=697\">ROMERO, GABRIEL HERN\u00c1N<\/a> ingl\u00e9s <a href=\"mailto:gabriel_romero76@hotmail.com\">gabriel_romero76@hotmail.com<\/a> 00 54 9 261 3672650 <a href=\"http:\/\/www.aconcaguaviejo.mendoza.gov.ar\/index.php?option=com_contact&amp;view=contact&amp;id=116:barrera-ruben&amp;catid=106&amp;Itemid=697\">BARRERA, RUB\u00c9N<\/a> ingl\u00e9s <a href=\"mailto:rubeninfanta@yahoo.com.ar\">rubeninfanta@yahoo.com.ar<\/a> 00 54 4445550 00 54 9 261 6968399 <a href=\"http:\/\/www.aconcaguaviejo.mendoza.gov.ar\/index.php?option=com_contact&amp;view=contact&amp;id=118:gutierrez-javier&amp;catid=106&amp;Itemid=697\">GUTIERREZ, JAVIER EMILIO<\/a> ingl\u00e9s <a href=\"mailto:huarpeadventures@gmail.com\">huarpeadventures@gmail.com<\/a> 00 54 261 4390173 00 54 9 261 6679687 <a href=\"http:\/\/www.aconcaguaviejo.mendoza.gov.ar\/index.php?option=com_contact&amp;view=contact&amp;id=125:calamaro-marco-gabrielle&amp;catid=106&amp;Itemid=697\">CALAMARO, MARCO GABRIELLE<\/a> ingl\u00e9s \/\/ italiano <a href=\"mailto:mcalamaro@gmail.com\">mcalamaro@gmail.com<\/a> 00 54 9 261 6000776 <a href=\"http:\/\/www.aconcaguaviejo.mendoza.gov.ar\/index.php?option=com_contact&amp;view=contact&amp;id=126:goldengruss-pablo-javier&amp;catid=106&amp;Itemid=697\">GOLDENGRUSS, PABLO JAVIER<\/a> ingl\u00e9s <a href=\"mailto:pgruss@gmail.com\">pgruss@gmail.com<\/a> 00 54 9 261 5015904 <a href=\"http:\/\/www.aconcaguaviejo.mendoza.gov.ar\/index.php?option=com_contact&amp;view=contact&amp;id=130:paviglianiti-andres&amp;catid=106&amp;Itemid=697\">PAVIGLIANITI, ANDR\u00c9S<\/a> ingl\u00e9s <a href=\"mailto:andres.paviglianiti@yahoo.com\">andres.paviglianiti@yahoo.com<\/a> 00 54 9 261 152503120 <a href=\"http:\/\/www.aconcaguaviejo.mendoza.gov.ar\/index.php?option=com_contact&amp;view=contact&amp;id=139:de-haro-guillermo&amp;catid=106&amp;Itemid=697\">DE HARO, GUILLERMO<\/a> ingl\u00e9s <a href=\"mailto:guillermodeharo1@gmail.com\">guillermodeharo1@gmail.com<\/a> 00 54 9 261 5370563 <a href=\"http:\/\/www.aconcaguaviejo.mendoza.gov.ar\/index.php?option=com_contact&amp;view=contact&amp;id=149:villegas-leandro&amp;catid=106&amp;Itemid=697\">VILLEGAS, LEANDRO<\/a> ingl\u00e9s <a href=\"mailto:LRVERTICAL@GMAIL.COM\">LRVERTICAL@GMAIL.COM<\/a> 00 54 9 261 5884453 <a href=\"http:\/\/www.aconcaguaviejo.mendoza.gov.ar\/index.php?option=com_contact&amp;view=contact&amp;id=154:grancelli-enrique&amp;catid=106&amp;Itemid=697\">GRANCELLI, ENRIQUE<\/a> ingl\u00e9s <a href=\"mailto:grancelliclaudio@gmail.com\">grancelliclaudio@gmail.com<\/a> 00 54 9 261 6720286 <a href=\"http:\/\/www.aconcaguaviejo.mendoza.gov.ar\/index.php?option=com_contact&amp;view=contact&amp;id=159:spur-jorge&amp;catid=106&amp;Itemid=697\">SPUR, JORGE<\/a> <a href=\"mailto:jorgespur@gmail.com\">jorgespur@gmail.com<\/a> 54 9 2945 528806 <a href=\"http:\/\/www.aconcaguaviejo.mendoza.gov.ar\/index.php?option=com_contact&amp;view=contact&amp;id=247:boccia-emmanuel&amp;catid=106&amp;Itemid=697\">BOCCIA, EMMANUEL<\/a> Ingl\u00e9s \/\/ Portugu\u00e9s b\u00e1sico <a href=\"mailto:emmanuelboccia@gmail.com\">emmanuelboccia@gmail.com<\/a> 54 9 261 6935151 <a href=\"http:\/\/www.aconcaguaviejo.mendoza.gov.ar\/index.php?option=com_contact&amp;view=contact&amp;id=303:molina-gaston-adrian&amp;catid=106&amp;Itemid=697\">MOLINA, GAST\u00d3N ADRI\u00c1N<\/a> ingl\u00e9s <a href=\"mailto:gastonmolina86@hotmail.com\">gastonmolina86@hotmail.com<\/a> 00 54 261 4456872 00 54 9 261 6933585 <a href=\"http:\/\/www.aconcaguaviejo.mendoza.gov.ar\/index.php?option=com_contact&amp;view=contact&amp;id=305:badino&amp;catid=106&amp;Itemid=697\">BADINO, LUCIANO<\/a> ingl\u00e9s \/\/ Italiano <a href=\"mailto:lucianobadino@gmail.com\">lucianobadino@gmail.com<\/a> 00 54 9 261 6518552 <a href=\"http:\/\/www.aconcaguaviejo.mendoza.gov.ar\/index.php?option=com_contact&amp;view=contact&amp;id=306:colobini-fernando&amp;catid=106&amp;Itemid=697\">COLOBINI, FERNANDO<\/a> ingl\u00e9s <a href=\"mailto:fernandocolobini@yahoo.com.ar\">fernandocolobini@yahoo.com.ar<\/a> 00 54 261 4901028 00 54 9 261 6861033 <a href=\"http:\/\/www.aconcaguaviejo.mendoza.gov.ar\/index.php?option=com_contact&amp;view=contact&amp;id=308:castro-mariano&amp;catid=106&amp;Itemid=697\">CASTRO, MARIANO<\/a> ingl\u00e9s <a href=\"mailto:marianoagustincastro@gmail.com\">marianoagustincastro@gmail.com<\/a> 54 9 261 4700444 <a href=\"http:\/\/www.aconcaguaviejo.mendoza.gov.ar\/index.php?option=com_contact&amp;view=contact&amp;id=309:vega-javier&amp;catid=106&amp;Itemid=697\">VEGA, JAVIER<\/a> ingl\u00e9s <a href=\"mailto:eljavivega@gmail.com\">eljavivega@gmail.com<\/a> 00 54 9 261 6933141 <a href=\"http:\/\/www.aconcaguaviejo.mendoza.gov.ar\/index.php?option=com_contact&amp;view=contact&amp;id=312:zambrano-agustin&amp;catid=106&amp;Itemid=697\">ZAMBRANO, AGUST\u00cdN<\/a> ingl\u00e9s <a href=\"mailto:agusclimb@gmail.com\">agusclimb@gmail.com<\/a> 00 54 9 261 6647259 <a href=\"http:\/\/www.aconcaguaviejo.mendoza.gov.ar\/index.php?option=com_contact&amp;view=contact&amp;id=314:lucero-martin&amp;catid=106&amp;Itemid=697\">LUCERO, Mart\u00edn Enrique<\/a> ingl\u00e9s <a href=\"mailto:altacimas@gmail.com\">altacimas@gmail.com<\/a> 54 9 261 5383078 <a href=\"http:\/\/www.aconcaguaviejo.mendoza.gov.ar\/index.php?option=com_contact&amp;view=contact&amp;id=331:aramayo-agustin&amp;catid=106&amp;Itemid=697\">ARAMAYO, AGUSTIN<\/a> ingl\u00e9s \/\/ franc\u00e9s <a href=\"mailto:apu_aramayo@hotmail.com\">apu_aramayo@hotmail.com<\/a> 00 54 9 261 3890505[\/et_pb_text][\/et_pb_column][et_pb_column type=\u00bb1_3&#8243; _builder_version=\u00bb4.27.4&#8243; _module_preset=\u00bbdefault\u00bb global_colors_info=\u00bb{}\u00bb][et_pb_text _builder_version=\u00bb4.27.4&#8243; _module_preset=\u00bbdefault\u00bb text_orientation=\u00bbcenter\u00bb width=\u00bb100%\u00bb module_alignment=\u00bbcenter\u00bb global_colors_info=\u00bb{}\u00bb]<\/p>\n<p><a href=\"http:\/\/www.aconcaguaviejo.mendoza.gov.ar\/index.php?option=com_contact&amp;view=contact&amp;id=332:isaurralde-julian&amp;catid=106&amp;Itemid=697\">INSARRALDE, JULIAN<\/a> ingl\u00e9s <a href=\"mailto:info@julianinsarralde.com.ar\">info@julianinsarralde.com.ar<\/a> 00 54 2323 429279 00 54 9 2323 522946 <a href=\"http:\/\/www.aconcaguaviejo.mendoza.gov.ar\/index.php?option=com_contact&amp;view=contact&amp;id=334:fontenla-nils&amp;catid=106&amp;Itemid=697\">FONTENLA, Nils<\/a> Ing\u00e9s <a href=\"mailto:nilsfontenla@gmail.com\">nilsfontenla@gmail.com<\/a> 54 9 261 6174654 Luj\u00e1n Mendoza <a href=\"http:\/\/www.aconcaguaviejo.mendoza.gov.ar\/index.php?option=com_contact&amp;view=contact&amp;id=338:karriere-agustin&amp;catid=106&amp;Itemid=697\">KARRIERE, AGUSTIN<\/a> <a href=\"mailto:udika6@gmail.com\">udika6@gmail.com<\/a> 54 9 2944 701488 <a href=\"http:\/\/www.aconcaguaviejo.mendoza.gov.ar\/index.php?option=com_contact&amp;view=contact&amp;id=339:farias-maria-isabel&amp;catid=106&amp;Itemid=697\">FARIAS, Maria Isabel<\/a> Ingl\u00e9s <a href=\"mailto:chabefarias@gmail.com\">chabefarias@gmail.com<\/a> 54 9 261 4677076 <a href=\"http:\/\/www.aconcaguaviejo.mendoza.gov.ar\/index.php?option=com_contact&amp;view=contact&amp;id=343:fuentes-guillermo&amp;catid=106&amp;Itemid=697\">FUENTES, GUILLERMO<\/a> ingl\u00e9s <a href=\"mailto:guille.vallecitos@yahoo.com.ar\">guille.vallecitos@yahoo.com.ar<\/a> 00 54 9 261 6601227 <a href=\"http:\/\/www.aconcaguaviejo.mendoza.gov.ar\/index.php?option=com_contact&amp;view=contact&amp;id=355:serra-martin&amp;catid=106&amp;Itemid=697\">SERRA, MART\u00cdN<\/a> <a href=\"http:\/\/www.aconcaguaviejo.mendoza.gov.ar\/index.php?option=com_contact&amp;view=contact&amp;id=356:hidalgo-matias&amp;catid=106&amp;Itemid=697\">HIDALGO, MATIAS<\/a> ingl\u00e9s \/\/ alem\u00e1n <a href=\"mailto:hidalgomatias4@gmail.com\">hidalgomatias4@gmail.com<\/a> 00 54 261 4973916 <a href=\"http:\/\/www.aconcaguaviejo.mendoza.gov.ar\/index.php?option=com_contact&amp;view=contact&amp;id=359:kuntz-pablo&amp;catid=106&amp;Itemid=697\">KUNTZ, PABLO<\/a> ingl\u00e9s \/\/ Franc\u00e9s \/\/ Portugu\u00e9s \/\/ Italiano <a href=\"mailto:pablokuntz@gmail.com\">pablokuntz@gmail.com<\/a> 00 54 9 261 6604262 <a href=\"http:\/\/www.aconcaguaviejo.mendoza.gov.ar\/index.php?option=com_contact&amp;view=contact&amp;id=360:quiroz-cesar&amp;catid=106&amp;Itemid=697\">QUIROZ, CESAR<\/a> INGLES\/\/ALEMAN \/\/PORTUGU\u00c9S <a href=\"mailto:cesarequiroz@gmail.com\">cesarequiroz@gmail.com<\/a> 54 9 261 5021509 <a href=\"http:\/\/www.aconcaguaviejo.mendoza.gov.ar\/index.php?option=com_contact&amp;view=contact&amp;id=361:magni-vito&amp;catid=106&amp;Itemid=697\">MAGNI NU\u00d1EZ, VITO<\/a> <a href=\"mailto:vito-magni@hotmail.com\">vito-magni@hotmail.com<\/a> 00 54 9 260 4347907 <a href=\"http:\/\/www.aconcaguaviejo.mendoza.gov.ar\/index.php?option=com_contact&amp;view=contact&amp;id=364:riollo-gaston&amp;catid=106&amp;Itemid=697\">RIOLLO, GASTON<\/a> ingl\u00e9s <a href=\"mailto:gastonriollo@gmail.com\">gastonriollo@gmail.com<\/a> 00 54 9 2622 556831 <a href=\"http:\/\/www.aconcaguaviejo.mendoza.gov.ar\/index.php?option=com_contact&amp;view=contact&amp;id=372:angulo-cecilia-belen&amp;catid=106&amp;Itemid=697\">ANGULO, CECILIA BEL\u00c9N<\/a> ingl\u00e9s <a href=\"mailto:angulocecilia4@gmail.com\">angulocecilia4@gmail.com<\/a> 00 54 9 261 5774090 <a href=\"http:\/\/www.aconcaguaviejo.mendoza.gov.ar\/index.php?option=com_contact&amp;view=contact&amp;id=373:quiroga-balmaceda-gonzalo&amp;catid=106&amp;Itemid=697\">QUIROGA BALMACEDA, GONZALO<\/a> Ingl\u00e9s \/\/ Italiano <a href=\"mailto:gonzaloquiroga@hotmail.com\">gonzaloquiroga@hotmail.com<\/a> 00 54 261 4236096 00 54 9 261 4704102 <a href=\"http:\/\/www.aconcaguaviejo.mendoza.gov.ar\/index.php?option=com_contact&amp;view=contact&amp;id=377:calabro-diego-hernan&amp;catid=106&amp;Itemid=697\">CALABRO, DIEGO HERNAN<\/a> ingl\u00e9s <a href=\"mailto:diegocalabro@yahoo.com.ar\">diegocalabro@yahoo.com.ar<\/a> 54 9 3541 649200 <a href=\"http:\/\/www.aconcaguaviejo.mendoza.gov.ar\/index.php?option=com_contact&amp;view=contact&amp;id=382:ruiz-castillo-sebastian&amp;catid=106&amp;Itemid=697\">RUIZ CASTILLO, SEBASTIAN<\/a> <a href=\"mailto:sebastian.riz.mdz@gmail.com\">sebastian.riz.mdz@gmail.com<\/a> 54 9 261 6119886 <a href=\"http:\/\/www.aconcaguaviejo.mendoza.gov.ar\/index.php?option=com_contact&amp;view=contact&amp;id=406:gutierrez-rodrigo&amp;catid=106&amp;Itemid=697\">GUTIERREZ, RODRIGO<\/a> ingl\u00e9s <a href=\"mailto:rodrigogutierrez5.10@gmail.com\">rodrigogutierrez5.10@gmail.com<\/a> 00 54 9 261 6814666 <a href=\"http:\/\/www.aconcaguaviejo.mendoza.gov.ar\/index.php?option=com_contact&amp;view=contact&amp;id=420:marun-luciana&amp;catid=106&amp;Itemid=697\">MARUN, LUCIANA<\/a> <a href=\"mailto:luchi_137@hotmail.com\">luchi_137@hotmail.com<\/a> 54 9 264 155041792 <a href=\"http:\/\/www.aconcaguaviejo.mendoza.gov.ar\/index.php?option=com_contact&amp;view=contact&amp;id=421:oliver-bernardo&amp;catid=106&amp;Itemid=697\">OLIVER, BERNARDO<\/a> ingl\u00e9s <a href=\"mailto:bernardojoliver@gmail.com\">bernardojoliver@gmail.com<\/a> 00 54 9 261 4692242 <a href=\"http:\/\/www.aconcaguaviejo.mendoza.gov.ar\/index.php?option=com_contact&amp;view=contact&amp;id=422:stahringer-manuel&amp;catid=106&amp;Itemid=697\">STAHRINGER, MANUEL<\/a> ingl\u00e9s <a href=\"mailto:manuelstahringer87@gmail.com\">manuelstahringer87@gmail.com<\/a> 00 54 9 261 5073379 <a href=\"http:\/\/www.aconcaguaviejo.mendoza.gov.ar\/index.php?option=com_contact&amp;view=contact&amp;id=423:randis&amp;catid=106&amp;Itemid=697\">RANDIS, FELIPE<\/a> ingl\u00e9s <a href=\"mailto:feliperandis87@hotmail.com\">feliperandis87@hotmail.com<\/a> 00 54 9 261 3898176\u00a0<\/p>\n<p><a href=\"http:\/\/www.aconcaguaviejo.mendoza.gov.ar\/index.php?option=com_contact&amp;view=contact&amp;id=430:caselli-gustavo&amp;catid=106&amp;Itemid=697\">CASELLI, GUSTAVO<\/a> ingl\u00e9s <a href=\"mailto:gcmountainguide@gmail.com\">gcmountainguide@gmail.com<\/a> 54 9 24904380027 Mendoza<\/p>\n<p>&nbsp;<\/p>\n<p>[\/et_pb_text][\/et_pb_column][et_pb_column type=\u00bb1_3&#8243; _builder_version=\u00bb4.27.4&#8243; _module_preset=\u00bbdefault\u00bb global_colors_info=\u00bb{}\u00bb][et_pb_text _builder_version=\u00bb4.27.4&#8243; _module_preset=\u00bbdefault\u00bb text_orientation=\u00bbcenter\u00bb width=\u00bb100%\u00bb module_alignment=\u00bbcenter\u00bb min_height=\u00bb1821.8px\u00bb hover_enabled=\u00bb0&#8243; global_colors_info=\u00bb{}\u00bb sticky_enabled=\u00bb0&#8243;]<\/p>\n<p><a href=\"http:\/\/www.aconcaguaviejo.mendoza.gov.ar\/index.php?option=com_contact&amp;view=contact&amp;id=435:colson-damien&amp;catid=106&amp;Itemid=697\">COLSON, DAMIEN<\/a> Ingl\u00e9s \/\/ Franc\u00e9s <a href=\"mailto:damien.colson@laposte.net\">damien.colson@laposte.net<\/a> 00 54 9 261 2157225 <a href=\"http:\/\/www.aconcaguaviejo.mendoza.gov.ar\/index.php?option=com_contact&amp;view=contact&amp;id=442:fracchia-gabriel&amp;catid=106&amp;Itemid=697\">FRACCHIA, GABRIEL<\/a> ingl\u00e9s <a href=\"mailto:gabrielfracchia.aconcagua@gmail.com\">gabrielfracchia.aconcagua@gmail.com<\/a> 00 54 9 261 5916202 <a href=\"http:\/\/www.aconcaguaviejo.mendoza.gov.ar\/index.php?option=com_contact&amp;view=contact&amp;id=445:binder-hernan&amp;catid=106&amp;Itemid=697\">BINDER, HERNAN<\/a> Alem\u00e1n <a href=\"mailto:h_comechingones@yahoo.com.ar\">h_comechingones@yahoo.com.ar<\/a> 00 54 9 3544 569716 <a href=\"http:\/\/www.aconcaguaviejo.mendoza.gov.ar\/index.php?option=com_contact&amp;view=contact&amp;id=457:de-quadros-camara-humberto&amp;catid=106&amp;Itemid=697\">DE QUADROS C\u00c0MARA, HUMBERTO<\/a> <a href=\"mailto:infoventonegro@gmail.com\">infoventonegro@gmail.com<\/a> 54 9 261 156601227 <a href=\"http:\/\/www.aconcaguaviejo.mendoza.gov.ar\/index.php?option=com_contact&amp;view=contact&amp;id=460:blay-lysiane-patricia&amp;catid=106&amp;Itemid=697\">BLAY LYSIANE PATRICIA<\/a> ingl\u00e9s \/\/ Franc\u00e9s <a href=\"mailto:lysiane.blay@yahoo.fr\">lysiane.blay@yahoo.fr<\/a> 00 54 9 261 6848887 <a href=\"http:\/\/www.aconcaguaviejo.mendoza.gov.ar\/index.php?option=com_contact&amp;view=contact&amp;id=461:motta-delvaux-marcelo&amp;catid=106&amp;Itemid=697\">MOTTA DELVAUX MARCELO<\/a> ingl\u00e9s \/\/ portugu\u00e9s <a href=\"mailto:marcelodelvaux@yahoo.com.br\">marcelodelvaux@yahoo.com.br<\/a> 00 54 9 261 4699540 <a href=\"http:\/\/www.aconcaguaviejo.mendoza.gov.ar\/index.php?option=com_contact&amp;view=contact&amp;id=470:castro-videla-julian-ernesto&amp;catid=106&amp;Itemid=697\">CASTRO VIDELA, JULIAN ERNESTO<\/a> ingl\u00e9s <a href=\"mailto:julcastrovidela@hotmail.com\">julcastrovidela@hotmail.com<\/a> 00 54 9 261 6581194 <a href=\"http:\/\/www.aconcaguaviejo.mendoza.gov.ar\/index.php?option=com_contact&amp;view=contact&amp;id=473:tonetti-eduardo&amp;catid=106&amp;Itemid=697\">TONETTI EDUARDO<\/a> ingl\u00e9s \/\/ portugu\u00e9s <a href=\"mailto:tonertie@hotmail.com\">tonertie@hotmail.com<\/a> 261 4283086 00 54 9 261 3170590 <a href=\"http:\/\/www.aconcaguaviejo.mendoza.gov.ar\/index.php?option=com_contact&amp;view=contact&amp;id=476:lugones-fernandez-luis-rodrigo&amp;catid=106&amp;Itemid=697\">LUGONES FERNANDEZ LUIS RODRIGO<\/a> ingl\u00e9s \/\/ portugu\u00e9s <a href=\"mailto:latinoafricanos@gmail.com\">latinoafricanos@gmail.com<\/a> 00 54 261 4312406 00 54 9 261 510434 <a href=\"http:\/\/www.aconcaguaviejo.mendoza.gov.ar\/index.php?option=com_contact&amp;view=contact&amp;id=484:pacheco-esteban-felipe&amp;catid=106&amp;Itemid=697\">PACHECO ESTEBAN FELIPE<\/a> Ingl\u00e9s \/\/ Italiano <a href=\"mailto:chachazo@yahoo.com\">chachazo@yahoo.com<\/a> 00 54 9 3544 532651 <a href=\"http:\/\/www.aconcaguaviejo.mendoza.gov.ar\/index.php?option=com_contact&amp;view=contact&amp;id=486:spaguoli-graciela&amp;catid=106&amp;Itemid=697\">SPAGNUOLI GRACIELA<\/a> ingl\u00e9s <a href=\"mailto:popispagnuoli@yahoo.com.ar\">popispagnuoli@yahoo.com.ar<\/a> 00 54 9 261 6407036 <a href=\"http:\/\/www.aconcaguaviejo.mendoza.gov.ar\/index.php?option=com_contact&amp;view=contact&amp;id=487:bauducco-jeremias&amp;catid=106&amp;Itemid=697\">BAUDUCCO JEREMIAS<\/a> Ingl\u00e9s <a href=\"mailto:jeremias.bauducco@gmail.com\">jeremias.bauducco@gmail.com<\/a> 54 9351 7697445 <a href=\"http:\/\/www.aconcaguaviejo.mendoza.gov.ar\/index.php?option=com_contact&amp;view=contact&amp;id=488:maique-rodrigo&amp;catid=106&amp;Itemid=697\">MAIQUE RODRIGO<\/a> ingl\u00e9s <a href=\"mailto:rodrigomaique@gmail.com\">rodrigomaique@gmail.com<\/a> 00 54 9 261 676564 <a href=\"http:\/\/www.aconcaguaviejo.mendoza.gov.ar\/index.php?option=com_contact&amp;view=contact&amp;id=489:piccolo-medrano-agustin&amp;catid=106&amp;Itemid=697\">PICCOLO MEDRANO AGUSTIN<\/a> Ingl\u00e9s <a href=\"mailto:agustinpm22@hotmail.com\">agustinpm22@hotmail.com<\/a> 54 9 261 5104184 <a href=\"http:\/\/www.aconcaguaviejo.mendoza.gov.ar\/index.php?option=com_contact&amp;view=contact&amp;id=507:griffouliere-andres&amp;catid=106&amp;Itemid=697\">GRIFFOULIERE ANDRES<\/a> ingl\u00e9s <a href=\"mailto:andresgrifu@gmail.com\">andresgrifu@gmail.com<\/a> 00 54 9 261 6541092 <a href=\"http:\/\/www.aconcaguaviejo.mendoza.gov.ar\/index.php?option=com_contact&amp;view=contact&amp;id=519:miranda-de-maria-adrian&amp;catid=106&amp;Itemid=697\">MIRANDA DE MARIA, ADRIAN ESTEBAN<\/a> Ingl\u00e9s <a href=\"mailto:aemdmg@gmail.com\">aemdmg@gmail.com<\/a> 00 54 261 5343900 00 54 9 261 5343900 <a href=\"http:\/\/www.aconcaguaviejo.mendoza.gov.ar\/index.php?option=com_contact&amp;view=contact&amp;id=520:vianna-julio-oscar&amp;catid=106&amp;Itemid=697\">VIANNA JULIO OSCAR<\/a> <a href=\"mailto:andesclimbing@yahoo.com.ar\">andesclimbing@yahoo.com.ar<\/a> 02214270732<\/p>\n<p><a href=\"http:\/\/www.aconcaguaviejo.mendoza.gov.ar\/index.php?option=com_contact&amp;view=contact&amp;id=522:rios-hernan-anibal&amp;catid=106&amp;Itemid=697\">RIOS, HERN\u00c1N \u00c0NIBAL<\/a> Franc\u00e9s \/\/ Ingl\u00e9s <a href=\"mailto:rioshernan62@hotmail.com\">rioshernan62@hotmail.com<\/a> 00 54 261 4392245 00 54 9 261 2160306 <a href=\"http:\/\/www.aconcaguaviejo.mendoza.gov.ar\/index.php?option=com_contact&amp;view=contact&amp;id=523:duran-meca-maecelo&amp;catid=106&amp;Itemid=697\">Dur\u00e1n Meca, Marcelo<\/a> Ingl\u00e9s <a href=\"mailto:marceloduran@live.com.ar\">marceloduran@live.com.ar<\/a> 00 54 261 4811962<\/p>\n<p><a href=\"http:\/\/www.aconcaguaviejo.mendoza.gov.ar\/index.php?option=com_contact&amp;view=contact&amp;id=536:pereira-alejandro&amp;catid=106&amp;Itemid=697\">PEREIRA, Alejandro<\/a> <a href=\"mailto:pereiraalejandrojose@gmail.com\">pereiraalejandrojose@gmail.com<\/a> 00 54 9 261 4180389 <a href=\"http:\/\/www.aconcaguaviejo.mendoza.gov.ar\/index.php?option=com_contact&amp;view=contact&amp;id=556:fabrizio-matias&amp;catid=106&amp;Itemid=697\">FABRIZIO, Matias<\/a> 54 9 261 5501700 <a href=\"http:\/\/www.aconcaguaviejo.mendoza.gov.ar\/index.php?option=com_contact&amp;view=contact&amp;id=567:salomon-emiliano&amp;catid=106&amp;Itemid=697\">SALOMON, Emiliano<\/a> Ingl\u00e9s <a href=\"mailto:salomon.emi@gmail.com\">salomon.emi@gmail.com<\/a> 54 9 261 3021055 <a href=\"http:\/\/www.aconcaguaviejo.mendoza.gov.ar\/index.php?option=com_contact&amp;view=contact&amp;id=568:lucero-ignaicio-javier&amp;catid=106&amp;Itemid=697\">LUCERO, Ignaicio Javier<\/a> Ingl\u00e9s <a href=\"mailto:ignn@hotmail.com\">ignn@hotmail.com<\/a> 54 9 261 3659087 <a href=\"http:\/\/www.aconcaguaviejo.mendoza.gov.ar\/index.php?option=com_contact&amp;view=contact&amp;id=594:quiroga-paulo-sebastian&amp;catid=106&amp;Itemid=697\">QUIROGA, PAULO SEBASTI\u00c1N<\/a> <a href=\"mailto:sebastian.quiroga@yahoo.com.ar\">sebastian.quiroga@yahoo.com.ar<\/a> 02622667740<\/p>\n<p>[\/et_pb_text][\/et_pb_column][\/et_pb_row][\/et_pb_section]<\/p>\n","protected":false},"excerpt":{"rendered":"<p>PALLOTTI SANCHEZ, DIEGO JAVIER ingl\u00e9s diegopallotti@hotmail.com 54 9 261 6843057 ROMERO, GABRIEL HERN\u00c1N ingl\u00e9s gabriel_romero76@hotmail.com 00 54 9 261 3672650 BARRERA, RUB\u00c9N ingl\u00e9s rubeninfanta@yahoo.com.ar 00 54 4445550 00 54 9 261 6968399 GUTIERREZ, JAVIER EMILIO ingl\u00e9s huarpeadventures@gmail.com 00 54 261 4390173 00 54 9 261 6679687 CALAMARO, MARCO GABRIELLE ingl\u00e9s \/\/ italiano mcalamaro@gmail.com 00 54 [&hellip;]<\/p>\n","protected":false},"author":17,"featured_media":0,"parent":0,"menu_order":0,"comment_status":"closed","ping_status":"closed","template":"","meta":{"_et_pb_use_builder":"on","_et_pb_old_content":"","_et_gb_content_width":"","footnotes":""},"class_list":["post-1743","page","type-page","status-publish","hentry"],"_links":{"self":[{"href":"https:\/\/informacionoficial.mendoza.gob.ar\/energiayambiente\/wp-json\/wp\/v2\/pages\/1743","targetHints":{"allow":["GET"]}}],"collection":[{"href":"https:\/\/informacionoficial.mendoza.gob.ar\/energiayambiente\/wp-json\/wp\/v2\/pages"}],"about":[{"href":"https:\/\/informacionoficial.mendoza.gob.ar\/energiayambiente\/wp-json\/wp\/v2\/types\/page"}],"author":[{"embeddable":true,"href":"https:\/\/informacionoficial.mendoza.gob.ar\/energiayambiente\/wp-json\/wp\/v2\/users\/17"}],"replies":[{"embeddable":true,"href":"https:\/\/informacionoficial.mendoza.gob.ar\/energiayambiente\/wp-json\/wp\/v2\/comments?post=1743"}],"version-history":[{"count":4,"href":"https:\/\/informacionoficial.mendoza.gob.ar\/energiayambiente\/wp-json\/wp\/v2\/pages\/1743\/revisions"}],"predecessor-version":[{"id":2332,"href":"https:\/\/informacionoficial.mendoza.gob.ar\/energiayambiente\/wp-json\/wp\/v2\/pages\/1743\/revisions\/2332"}],"wp:attachment":[{"href":"https:\/\/informacionoficial.mendoza.gob.ar\/energiayambiente\/wp-json\/wp\/v2\/media?parent=1743"}],"curies":[{"name":"wp","href":"https:\/\/api.w.org\/{rel}","templated":true}]}}