{"id":1861,"date":"2025-06-24T13:29:16","date_gmt":"2025-06-24T11:29:16","guid":{"rendered":"https:\/\/informacionoficial.mendoza.gob.ar\/energiayambiente\/?page_id=1861"},"modified":"2025-06-24T14:05:12","modified_gmt":"2025-06-24T12:05:12","slug":"osos","status":"publish","type":"page","link":"https:\/\/informacionoficial.mendoza.gob.ar\/energiayambiente\/osos\/","title":{"rendered":"Osos"},"content":{"rendered":"<p>[et_pb_section fb_built=\u00bb1&#8243; _builder_version=\u00bb4.27.4&#8243; use_background_color_gradient=\u00bbon\u00bb background_color_gradient_direction=\u00bb1deg\u00bb background_color_gradient_stops=\u00bb#ffffff 6%|#000000 17%\u00bb background_image=\u00bbhttps:\/\/mza-dicaws-portal-uploads-media-prod.s3.us-east-1.amazonaws.com\/informacion-oficial\/uploads\/sites\/12\/2025\/06\/TWAS_MendozaBear12-700&#215;467-1.jpg\u00bb background_blend=\u00bbscreen\u00bb width=\u00bb100%\u00bb min_height=\u00bb1314.6px\u00bb custom_margin=\u00bb||-8px|||\u00bb custom_padding=\u00bb||154px|||\u00bb border_color_all=\u00bb#FFFFFF\u00bb global_colors_info=\u00bb{}\u00bb][et_pb_row _builder_version=\u00bb4.27.4&#8243; background_size=\u00bbinitial\u00bb background_position=\u00bbtop_left\u00bb background_repeat=\u00bbrepeat\u00bb max_width=\u00bb2560px\u00bb custom_padding=\u00bb39px|||||\u00bb global_colors_info=\u00bb{}\u00bb][et_pb_column type=\u00bb4_4&#8243; _builder_version=\u00bb4.27.4&#8243; _module_preset=\u00bbdefault\u00bb global_colors_info=\u00bb{}\u00bb][et_pb_heading title=\u00bbUNA DECENA DE OSOS\u00bb _builder_version=\u00bb4.27.4&#8243; _module_preset=\u00bbdefault\u00bb title_font=\u00bb|300|||||||\u00bb title_text_align=\u00bbcenter\u00bb title_text_color=\u00bb#FFFFFF\u00bb title_font_size=\u00bb3.5rem\u00bb min_height=\u00bb54px\u00bb custom_margin=\u00bb||-1px|||\u00bb title_text_shadow_style=\u00bbpreset1&#8243; global_colors_info=\u00bb{}\u00bb][\/et_pb_heading][\/et_pb_column][\/et_pb_row][et_pb_row _builder_version=\u00bb4.27.4&#8243; _module_preset=\u00bbdefault\u00bb max_width=\u00bb2560px\u00bb global_colors_info=\u00bb{}\u00bb][et_pb_column type=\u00bb4_4&#8243; _builder_version=\u00bb4.27.4&#8243; _module_preset=\u00bbdefault\u00bb global_colors_info=\u00bb{}\u00bb][et_pb_slider use_bg_overlay=\u00bbon\u00bb use_text_overlay=\u00bboff\u00bb _builder_version=\u00bb4.27.4&#8243; _module_preset=\u00bbdefault\u00bb header_font_size=\u00bb1.5rem\u00bb body_text_align=\u00bbleft\u00bb background_color=\u00bbrgba(10,10,10,0.3)\u00bb max_width=\u00bb800px\u00bb module_alignment=\u00bbcenter\u00bb custom_margin=\u00bb||||false|false\u00bb custom_padding=\u00bb20px||||false|false\u00bb border_radii=\u00bbon|8px|8px|8px|8px\u00bb global_colors_info=\u00bb{}\u00bb][et_pb_slide heading=\u00bbHistoria\u00bb button_link=\u00bbhttps:\/\/drive.google.com\/file\/d\/0ByNYmTjUZAPyQ3duMXFlNmhoUTg\/view?usp=sharing\u00bb _builder_version=\u00bb4.27.4&#8243; _module_preset=\u00bbdefault\u00bb global_colors_info=\u00bb{}\u00bb sticky_transition=\u00bbon\u00bb]<\/p>\n<p>En noviembre de 2019, la totalidad de los osos pardos del ex zool\u00f3gico son trasladados a The Wild Animal Sanctuary, en Keenesburg, Colorado, Estados Unidos.<\/p>\n<p>Se culmin\u00f3 con el proceso que demand\u00f3 m\u00e1s de dos a\u00f1os de trabajo involucrando el Gobierno de Mendoza, Enfoque Animal, Fundaci\u00f3n Franz Weber y The Wild Animal Sanctuary, para lograr el traslado de los \u00faltimos 10 osos que habitaban en el Ecoparque Mendoza al renombrado santuario internacional The Wild Animal Sanctuary, localizado en Keenesburg, Colorado, Estados Unidos.<\/p>\n<p>El Gobernador Alfredo Cornejo dijo que se sigue con este proyecto integral \u201cque propusimos en 2015 y que lleva su tiempo. Un Ecoparque con nuestra fauna y nuestra flora, sin especies ex\u00f3ticas. Hacerlo es complejo y costoso\u201d.<\/p>\n<p>Cornejo detall\u00f3 el operativo de traslado de los osos al santuario en Estados Unidos, \u201cen viaje de cuatro d\u00edas, en el que se toman todas los recaudos bajo un procedimiento elaborado por el personal de la planta permanente del Ecoparque. Los trabajadores llevan tres d\u00edas con tareas enormes, porque se trata de varios animales que, en algunos casos, llevan casi 20 a\u00f1os encerrados\u201d.<\/p>\n<p>Ilustrar con del proceso de derivaci\u00f3n y visita del gobernador (Ver archivo de Prensa)<\/p>\n<p>undo.<\/p>\n<p>[\/et_pb_slide][et_pb_slide heading=\u00bbHistoria\u00bb button_link=\u00bbhttps:\/\/drive.google.com\/file\/d\/0ByNYmTjUZAPyQ3duMXFlNmhoUTg\/view?usp=sharing\u00bb _builder_version=\u00bb4.27.4&#8243; _module_preset=\u00bbdefault\u00bb global_colors_info=\u00bb{}\u00bb sticky_transition=\u00bbon\u00bb]<\/p>\n<p>Mabel. Es la osa m\u00e1s geronte, nacida en cautiverio en el ex zool\u00f3gico de Mendoza. Actualmente vive sola, confinada en un recinto de pobre enriquecimiento ambiental.<\/p>\n<p>Sorpresa. Es rosarina de nacimiento, proviene del ex zool\u00f3gico de Rosario. Lleg\u00f3 a Mendoza junto a su mam\u00e1 Mirtha (fallecida recientemente), en 2001. Tiene 22 a\u00f1os.<\/p>\n<p>Julieta. Nacida en el ex zool\u00f3gico de Mendoza, fruto de una relaci\u00f3n entre Sorpresa y Fausto. Tiene 11 a\u00f1os aproximadamente. Hasta 2016 vivi\u00f3 sola y en la actualidad convive con sus dos hermanas.<\/p>\n<p>Esperanza, Libertad y Rosa. Nacidas en el ex zool\u00f3gico de Mendoza, fruto de una relaci\u00f3n entre Sorpresa y Fausto. Hermanas de Julieta, tienen 9 a\u00f1os aproximadamente. Vivieron juntas hasta 2013. Luego, por las limitaciones de la infraestructura, debieron ser separadas. Fue reci\u00e9n en 2016 cuando Esperanza y Libertad pudieron reconstruir su relaci\u00f3n con su otra hermana Julieta, gracias a las adecuaciones de los recintos. Lamentablemente, Rosa a\u00fan vive en soledad.<\/p>\n<p>Athila. Es rosarino adulto, proviene del ex zool\u00f3gico de Rosario. Lleg\u00f3 a Mendoza aproximadamente entre 1998 y 1999. Vivi\u00f3 en el recinto 29 con otros de su especie hasta que luego de un intento de escape fue confinado al recinto actual, en 2000. Athila es uno de los animales que m\u00e1s ha padecido el encierro. Desde hace 19 a\u00f1os su recinto es an\u00e1logo a una fosa, no tiene perspectiva de horizonte, lo cual imposibilita percibir las estimulaciones del entorno. Los visitantes del ex zoo, al recorrer el paseo, no pod\u00edan percibir la presencia de Athila. Es uno de los tantos individuos e historias invisibilizadas.<\/p>\n<p>Fausto y Buko. Fausto, nacido en cautiverio en el ex zool\u00f3gico de Mendoza, convive con su hijo Buko en el mismo recinto, donde alternan salidas al \u00e1rea exterior d\u00eda por medio, ya que tambi\u00e9n comparten recinto con Sorpresa. En la \u00e9poca de celo, ambos machos se tornan conflictivos, cuando se denota un dominio del m\u00e1s joven sobre el adulto.<\/p>\n<p>Yogui. Nacido en cautiverio en el ex zool\u00f3gico de Mendoza, hijo de Fausto. Vive solo desde hace varios a\u00f1os. Las secuelas del encierro se hacen evidentes por el comportamiento estereotipado que presenta.<\/p>\n<p>[\/et_pb_slide][et_pb_slide heading=\u00bbUna demanda social atendida\u00bb button_link=\u00bbhttp:\/\/Fallo%20Judicial%20-%20Cecilia%20persona%20no%20Humana\u00bb _builder_version=\u00bb4.27.4&#8243; _module_preset=\u00bbdefault\u00bb global_colors_info=\u00bb{}\u00bb sticky_transition=\u00bbon\u00bb]<\/p>\n<p>Cornejo agreg\u00f3 que \u201cmejorar la vida de los animales del ex zool\u00f3gico y trasladar a las especies ex\u00f3ticas a santuarios \u201ces una demanda social que no exist\u00eda fuertemente hasta hace 10 a\u00f1os y que nosotros encaramos con decisi\u00f3n. Un ejemplo que ya est\u00e1 siendo tomado en otros sitios de la Argentina\u201d.<\/p>\n<p>\u201cSe trata de un operativo in\u00e9dito -dijo Cornejo-, no solo por la especie sino por la cantidad de animales que se derivan. Somos m\u00e1s humanos mejorando la vida de estos animales\u201d.<\/p>\n<p>La directora de Ecoparque, Mariana Caram, dijo: \u201cEn el marco del Plan de Derivaciones de Animales Ex\u00f3ticos, continuamos trasladando animales a reconocidos santuarios naturales del mundo, velando por la mejor calidad e vida de todos los animales que se alojan en el Ecoparque de Mendoza. Entendemos que el mundo est\u00e1 cambiando de paradigma y los animales no merecen ser un objeto de exhibicionismo para el entretenimiento de los dem\u00e1s\u201d.<\/p>\n<p>Tambi\u00e9n explic\u00f3 la funcionaria a cargo del paseo: \u201cSon muchas las personas e instituciones que hacen esto posible, en especial el personal que trabaja en el Ecoparque Mendoza, que hicieron un trabajo sumamente profesional y gracias a su aporte esto hoy se puede concretar. Tambi\u00e9n al aporte del Gobierno de Mendoza, Enfoque Animal, Fundaci\u00f3n Franz Weber y The Wild Animal Sanctuary, y con el aval del Consejo Consultivo de Ecoparque Mendoza, los 10 osos pardos son trasladados a los Estados Unidos para disfrutar de amplios espacios naturales, pisar tierra natural y convivir con otros pares de la misma especie\u201d.<\/p>\n<p>Los 10 ejemplares nacieron en cautiverio y pasaron muchos a\u00f1os en jaulas, con condiciones completamente ajenas a sus h\u00e1bitats naturales, como los son el cemento y las rejas. Uno de los casos m\u00e1s tristes es el del oso Athila, uno de los ejemplares m\u00e1s grandes que habit\u00f3 en el ex zool\u00f3gico de Mendoza, quien por haber intentado escapar de su recinto fue confinado a pasar casi 20 a\u00f1os en un peque\u00f1o recinto a modo de fosa oculto al p\u00fablico, originalmente destinado para per\u00edodos de reproducci\u00f3n de esta especie. Este espacio no cumple con las condiciones m\u00ednimas aceptables para \u00e9l.<\/p>\n<p>[\/et_pb_slide][et_pb_slide heading=\u00bbUna demanda social atendida\u00bb button_link=\u00bbhttp:\/\/Fallo%20Judicial%20-%20Cecilia%20persona%20no%20Humana\u00bb _builder_version=\u00bb4.27.4&#8243; _module_preset=\u00bbdefault\u00bb global_colors_info=\u00bb{}\u00bb sticky_transition=\u00bbon\u00bb]<\/p>\n<p>\u201cEste es un hecho hist\u00f3rico en todo el mundo, ya que el Ecoparque de Mendoza se est\u00e1 convirtiendo en un modelo a seguir en diversos procesos de reconversi\u00f3n mundial que llevan adelante otras instituciones zool\u00f3gicas reconocidas. Este traslado es el primero que se hace en el pa\u00eds de manera numerosa y trascendente\u201d, coment\u00f3 el secretario de Ambiente y Ordenamiento Territorial, Humberto Mingorance.<\/p>\n<p>Adem\u00e1s, el funcionario agreg\u00f3: \u201cTodas las derivaciones que venimos realizando cada semana, para garantizar una mejor calidad de vida a los animales que por a\u00f1os han vivido en este paseo, son necesarias para poder avanzar en la etapa de las obras de reconversi\u00f3n. Ya tenemos un proyecto ejecutivo en mano con todos los est\u00e1ndares ambientales para hacer de este paseo un portal ambiental en donde todos los visitante puedan convivir y aprender de la biodiversidad\u201d.<\/p>\n<p>El Consejo Consultivo, junto con el personal de Ecoparque, procedieron a bautizar con los nombres Esperanza y Libertad a las dos hermanas de la osa Rosa que todav\u00eda no ten\u00edan nombre de pila. Los nombres se eligieron en honor a este gran acontecimiento de traslado y en conmemoraci\u00f3n a todos los animales que, gracias a las gestiones realizadas por la Direcci\u00f3n de Ecoparque a nivel nacional e internacional, pudieron y podr\u00e1n recuperar la esperanza y libertad.<\/p>\n<p>\u201cEs importante comprender la gran mejora y cambio en la vida de los osos y de todos los animales que se han trasladado y se trasladar\u00e1n hacia los santuarios y reservas. Sus vidas cambiar\u00e1n para siempre, les estamos devolviendo un poco de la libertad que perdieron en el encierro. Por eso, Mabel, Sorpresa, Julieta, Rosa y sus hermanas Esperanza y Libertad, Athila, Fausto, Buko y Yogi le agradecer\u00e1n por siempre a todos los mendocinos\u201d, se\u00f1al\u00f3 Leandro Fruitos, representante de Fundaci\u00f3n Franz Weber e integrante del Consejo Consultivo del Ecoparque Mendoza.<\/p>\n<p>[\/et_pb_slide][\/et_pb_slider][\/et_pb_column][\/et_pb_row][\/et_pb_section][et_pb_section fb_built=\u00bb1&#8243; _builder_version=\u00bb4.27.4&#8243; background_color=\u00bbRGBA(255,255,255,0)\u00bb background_image=\u00bbhttps:\/\/mza-dicaws-portal-uploads-media-prod.s3.us-east-1.amazonaws.com\/informacion-oficial\/uploads\/sites\/12\/2025\/06\/South-Sanctuary-The-Wildlife-Refuge-TWAS-002-700&#215;394-1.png\u00bb background_blend=\u00bbscreen\u00bb background_enable_video_mp4=\u00bboff\u00bb custom_margin=\u00bb3px|||||\u00bb custom_padding=\u00bb40px|||||\u00bb global_colors_info=\u00bb{}\u00bb][et_pb_row module_id=\u00bbfauna\u00bb _builder_version=\u00bb4.27.4&#8243; background_size=\u00bbinitial\u00bb background_position=\u00bbtop_left\u00bb background_repeat=\u00bbrepeat\u00bb max_width=\u00bb2560px\u00bb min_height=\u00bb100px\u00bb custom_margin=\u00bb|auto|-3px|auto||\u00bb custom_padding=\u00bb5px||4px|||\u00bb global_colors_info=\u00bb{}\u00bb][et_pb_column type=\u00bb4_4&#8243; _builder_version=\u00bb4.27.4&#8243; _module_preset=\u00bbdefault\u00bb global_colors_info=\u00bb{}\u00bb][et_pb_heading title=\u00bbEL NUEVO HOGAR\u00bb admin_label=\u00bbFlora Nativa\u00bb module_id=\u00bbnautica\u00bb _builder_version=\u00bb4.27.4&#8243; _module_preset=\u00bbdefault\u00bb title_level=\u00bbh2&#8243; title_font=\u00bb|300|||||||\u00bb title_text_align=\u00bbleft\u00bb title_text_color=\u00bbgcid-heading-color\u00bb title_font_size=\u00bb40px\u00bb min_height=\u00bb25px\u00bb custom_margin=\u00bb||-1px|||\u00bb custom_padding=\u00bb|0px||||\u00bb global_colors_info=\u00bb{%22gcid-heading-color%22:%91%22title_text_color%22%93}\u00bb][\/et_pb_heading][et_pb_heading title=\u00bbTHE WILD ANIMAL SANTUARY\u00bb admin_label=\u00bbFlora Nativa\u00bb module_id=\u00bbnautica\u00bb _builder_version=\u00bb4.27.4&#8243; _module_preset=\u00bbdefault\u00bb title_level=\u00bbh2&#8243; title_font=\u00bb|300|||||||\u00bb title_text_align=\u00bbleft\u00bb title_text_color=\u00bbgcid-heading-color\u00bb title_font_size=\u00bb40px\u00bb min_height=\u00bb25px\u00bb custom_margin=\u00bb||-1px|||\u00bb custom_padding=\u00bb|0px||||\u00bb global_colors_info=\u00bb{%22gcid-heading-color%22:%91%22title_text_color%22%93,%22gcid-body-color%22:%91%22title_text_color%22%93}\u00bb][\/et_pb_heading][\/et_pb_column][\/et_pb_row][et_pb_row column_structure=\u00bb1_4,3_4&#8243; _builder_version=\u00bb4.27.4&#8243; background_size=\u00bbinitial\u00bb background_position=\u00bbtop_left\u00bb background_repeat=\u00bbrepeat\u00bb max_width=\u00bb2560px\u00bb min_height=\u00bb404.7px\u00bb custom_margin=\u00bb|auto|-3px|auto||\u00bb custom_padding=\u00bb5px|0px|4px|||\u00bb global_colors_info=\u00bb{}\u00bb][et_pb_column type=\u00bb1_4&#8243; _builder_version=\u00bb4.27.4&#8243; _module_preset=\u00bbdefault\u00bb global_colors_info=\u00bb{}\u00bb][et_pb_image src=\u00bbhttps:\/\/mza-dicaws-portal-uploads-media-prod.s3.us-east-1.amazonaws.com\/informacion-oficial\/uploads\/sites\/12\/2025\/06\/TWAS_MendozaBear11-700&#215;467-1.jpg\u00bb title_text=\u00bbTWAS_MendozaBear11-700&#215;467&#8243; _builder_version=\u00bb4.27.4&#8243; _module_preset=\u00bbdefault\u00bb width=\u00bb100%\u00bb max_width=\u00bb350px\u00bb custom_margin=\u00bb36px|24px|||false|false\u00bb custom_padding=\u00bb45px|0px||||\u00bb global_colors_info=\u00bb{}\u00bb][\/et_pb_image][et_pb_image src=\u00bbhttps:\/\/mza-dicaws-portal-uploads-media-prod.s3.us-east-1.amazonaws.com\/informacion-oficial\/uploads\/sites\/12\/2025\/06\/TWAS_MendozaBear1-700&#215;487-1.jpg\u00bb title_text=\u00bbTWAS_MendozaBear1-700&#215;487&#8243; _builder_version=\u00bb4.27.4&#8243; _module_preset=\u00bbdefault\u00bb width=\u00bb100%\u00bb max_width=\u00bb350px\u00bb custom_margin=\u00bb-53px|24px|||false|false\u00bb custom_padding=\u00bb45px|0px||||\u00bb global_colors_info=\u00bb{}\u00bb][\/et_pb_image][et_pb_image src=\u00bbhttps:\/\/mza-dicaws-portal-uploads-media-prod.s3.us-east-1.amazonaws.com\/informacion-oficial\/uploads\/sites\/12\/2025\/06\/TWAS_MendozaBear4-700&#215;571-1.jpg\u00bb title_text=\u00bbTWAS_MendozaBear4-700&#215;571&#8243; _builder_version=\u00bb4.27.4&#8243; _module_preset=\u00bbdefault\u00bb width=\u00bb100%\u00bb max_width=\u00bb350px\u00bb custom_margin=\u00bb-50px|24px|||false|false\u00bb custom_padding=\u00bb45px|0px||||\u00bb global_colors_info=\u00bb{}\u00bb][\/et_pb_image][\/et_pb_column][et_pb_column type=\u00bb3_4&#8243; _builder_version=\u00bb4.27.4&#8243; _module_preset=\u00bbdefault\u00bb global_colors_info=\u00bb{}\u00bb][et_pb_heading _builder_version=\u00bb4.27.4&#8243; _module_preset=\u00bbdefault\u00bb title_level=\u00bbh3&#8243; title_font=\u00bb|300|||||||\u00bb title_text_color=\u00bbgcid-bb9c0857-25e3-4051-b4b2-87f09afe6b01&#8243; min_height=\u00bb24px\u00bb custom_padding=\u00bb0px|||||\u00bb global_colors_info=\u00bb{%22gcid-bb9c0857-25e3-4051-b4b2-87f09afe6b01%22:%91%22title_text_color%22%93}\u00bb][\/et_pb_heading][et_pb_text _builder_version=\u00bb4.27.4&#8243; _module_preset=\u00bbdefault\u00bb text_text_color=\u00bbgcid-heading-color\u00bb text_font_size=\u00bb16px\u00bb text_orientation=\u00bbjustified\u00bb width=\u00bb100%\u00bb max_width=\u00bb800px\u00bb module_alignment=\u00bbright\u00bb min_height=\u00bb329.7px\u00bb custom_margin=\u00bb|-23px|46px|37px||\u00bb custom_padding=\u00bb|0px||4px||\u00bb global_colors_info=\u00bb{%22gcid-heading-color%22:%91%22text_text_color%22%93}\u00bb]<\/p>\n<p>Es el santuario sin fines de lucro m\u00e1s antiguo y m\u00e1s grande del mundo, dedicado exclusivamente a rescatar a grandes carn\u00edvoros ex\u00f3ticos y en peligro de extinci\u00f3n. Se les proporciona una vida maravillosa y se educa sobre la tr\u00e1gica situaci\u00f3n que enfrentan unos 30.000 animales en Am\u00e9rica hoy.<\/p>\n<p>El Santuario en Keenesburg actualmente est\u00e1 situado en 320 hect\u00e1reas que se encuentran a 50 km al norte de Denver y 80 km al este de Boulder. Es un gran espacio con una inmensa superficie disponible para albergar a los animales sin dejar de mantener grandes reservas de pastizales. El santuario tambi\u00e9n opera un refugio de 4.000 hect\u00e1reas al sur de Colorado cerca de la ciudad de Springfield, Colorado.<\/p>\n<p>Ubicado en pastizales rurales y ondulados al noreste del \u00e1rea metropolitana de Denver, alberga a m\u00e1s de 500 leones, tigres, osos, leopardos, leones de monta\u00f1a, lobos y otros grandes carn\u00edvoros. Es el primer santuario de este tipo en crear h\u00e1bitats espec\u00edficos de especies de gran superficie para animales rescatados.<\/p>\n<p>Desde enero de 1980, The Wild Animal Sanctuary (TWAS) ha respondido a m\u00e1s de 1.000 solicitudes de ciudadanos privados y agencias gubernamentales para rescatar animales de Estados Unidos y de todo el mundo que fueron abusados, abandonados, mantenidos ilegalmente y v\u00edctimas de situaciones terribles.<\/p>\n<p>El lema del Santuario es\u00a0<em>\u00a1En TWAS, los animales son lo primero!<\/em><\/p>\n<p>Expertos brindan permanente atenci\u00f3n y rehabilitaci\u00f3n a todos los animales que lo habitan. Se les administran dietas especiales y se les proveen grandes espacios en los que deambular. Todo esto hace que la vida de los animales rescatados sea el tipo de vida que tendr\u00edan si pudieran elegirlo.<\/p>\n<p>The Wild Sanctuary afirma que la educaci\u00f3n sobre la crisis de la vida silvestre en cautiverio y sus causas y soluciones es de mucha importancia para cambiar la conciencia social en la actualidad, a fin de proporcionar un mejor futuro para la vida silvestre en cautiverio. Las instalaciones educativas cerca de Keenesburg est\u00e1n abiertas todo el a\u00f1o.<\/p>\n<p>[\/et_pb_text][\/et_pb_column][\/et_pb_row][et_pb_row _builder_version=\u00bb4.27.4&#8243; _module_preset=\u00bbdefault\u00bb global_colors_info=\u00bb{}\u00bb][et_pb_column type=\u00bb4_4&#8243; _builder_version=\u00bb4.27.4&#8243; _module_preset=\u00bbdefault\u00bb global_colors_info=\u00bb{}\u00bb][et_pb_video src=\u00bbhttps:\/\/youtu.be\/yvtCzmNeCHA\u00bb _builder_version=\u00bb4.27.4&#8243; _module_preset=\u00bbdefault\u00bb global_colors_info=\u00bb{}\u00bb][\/et_pb_video][\/et_pb_column][\/et_pb_row][\/et_pb_section][et_pb_section fb_built=\u00bb1&#8243; _builder_version=\u00bb4.27.4&#8243; background_color=\u00bbRGBA(255,255,255,0)\u00bb use_background_color_gradient=\u00bbon\u00bb background_color_gradient_direction=\u00bb169deg\u00bb background_color_gradient_stops=\u00bb#ffffff 15%|#0a0000 100%\u00bb background_image=\u00bbhttps:\/\/mza-dicaws-portal-uploads-media-prod.s3.us-east-1.amazonaws.com\/informacion-oficial\/uploads\/sites\/12\/2025\/06\/6-1-700&#215;466-700&#215;466-1.jpg\u00bb background_blend=\u00bbscreen\u00bb custom_margin=\u00bb3px|||||\u00bb global_colors_info=\u00bb{}\u00bb][et_pb_row _builder_version=\u00bb4.27.4&#8243; _module_preset=\u00bbdefault\u00bb max_width=\u00bb2560px\u00bb global_colors_info=\u00bb{}\u00bb][et_pb_column type=\u00bb4_4&#8243; _builder_version=\u00bb4.27.4&#8243; _module_preset=\u00bbdefault\u00bb global_colors_info=\u00bb{}\u00bb][et_pb_gallery gallery_ids=\u00bb1881,1869,1879,1880,1878,1876,1868,1877,1875,1874,1872,1873,1871,1870,1867&#8243; posts_number=\u00bb8&#8243; _builder_version=\u00bb4.27.4&#8243; _module_preset=\u00bbdefault\u00bb title_font=\u00bb|300|||||||\u00bb title_text_color=\u00bbRGBA(255,255,255,0)\u00bb title_font_size=\u00bb1px\u00bb caption_font_size=\u00bb1px\u00bb caption_line_height=\u00bb1px\u00bb pagination_font=\u00bb|700|||||||\u00bb pagination_text_align=\u00bbcenter\u00bb pagination_text_color=\u00bbgcid-b2777ccc-45bf-4762-b379-294426a7f0ff\u00bb pagination_font_size=\u00bb1rem\u00bb background_layout=\u00bbdark\u00bb max_height=\u00bb500px\u00bb border_radii=\u00bbon|8px|8px|8px|8px\u00bb global_colors_info=\u00bb{%22gcid-b2777ccc-45bf-4762-b379-294426a7f0ff%22:%91%22pagination_text_color%22%93}\u00bb][\/et_pb_gallery][\/et_pb_column][\/et_pb_row][\/et_pb_section][et_pb_section fb_built=\u00bb1&#8243; module_id=\u00bbcontacto\u00bb _builder_version=\u00bb4.27.4&#8243; _module_preset=\u00bbdefault\u00bb global_colors_info=\u00bb{}\u00bb][\/et_pb_section]<\/p>\n","protected":false},"excerpt":{"rendered":"<p>En noviembre de 2019, la totalidad de los osos pardos del ex zool\u00f3gico son trasladados a The Wild Animal Sanctuary, en Keenesburg, Colorado, Estados Unidos. Se culmin\u00f3 con el proceso que demand\u00f3 m\u00e1s de dos a\u00f1os de trabajo involucrando el Gobierno de Mendoza, Enfoque Animal, Fundaci\u00f3n Franz Weber y The Wild Animal Sanctuary, para lograr [&hellip;]<\/p>\n","protected":false},"author":13,"featured_media":0,"parent":0,"menu_order":0,"comment_status":"closed","ping_status":"closed","template":"","meta":{"_et_pb_use_builder":"on","_et_pb_old_content":"","_et_gb_content_width":"","footnotes":""},"class_list":["post-1861","page","type-page","status-publish","hentry"],"_links":{"self":[{"href":"https:\/\/informacionoficial.mendoza.gob.ar\/energiayambiente\/wp-json\/wp\/v2\/pages\/1861","targetHints":{"allow":["GET"]}}],"collection":[{"href":"https:\/\/informacionoficial.mendoza.gob.ar\/energiayambiente\/wp-json\/wp\/v2\/pages"}],"about":[{"href":"https:\/\/informacionoficial.mendoza.gob.ar\/energiayambiente\/wp-json\/wp\/v2\/types\/page"}],"author":[{"embeddable":true,"href":"https:\/\/informacionoficial.mendoza.gob.ar\/energiayambiente\/wp-json\/wp\/v2\/users\/13"}],"replies":[{"embeddable":true,"href":"https:\/\/informacionoficial.mendoza.gob.ar\/energiayambiente\/wp-json\/wp\/v2\/comments?post=1861"}],"version-history":[{"count":7,"href":"https:\/\/informacionoficial.mendoza.gob.ar\/energiayambiente\/wp-json\/wp\/v2\/pages\/1861\/revisions"}],"predecessor-version":[{"id":1893,"href":"https:\/\/informacionoficial.mendoza.gob.ar\/energiayambiente\/wp-json\/wp\/v2\/pages\/1861\/revisions\/1893"}],"wp:attachment":[{"href":"https:\/\/informacionoficial.mendoza.gob.ar\/energiayambiente\/wp-json\/wp\/v2\/media?parent=1861"}],"curies":[{"name":"wp","href":"https:\/\/api.w.org\/{rel}","templated":true}]}}