{"id":1895,"date":"2025-06-24T16:03:11","date_gmt":"2025-06-24T14:03:11","guid":{"rendered":"https:\/\/informacionoficial.mendoza.gob.ar\/energiayambiente\/?page_id=1895"},"modified":"2025-06-24T16:14:07","modified_gmt":"2025-06-24T14:14:07","slug":"monos-cai","status":"publish","type":"page","link":"https:\/\/informacionoficial.mendoza.gob.ar\/energiayambiente\/monos-cai\/","title":{"rendered":"Monos Ca\u00ed"},"content":{"rendered":"<p>[et_pb_section fb_built=\u00bb1&#8243; _builder_version=\u00bb4.27.4&#8243; use_background_color_gradient=\u00bbon\u00bb background_color_gradient_direction=\u00bb1deg\u00bb background_color_gradient_stops=\u00bb#ffffff 6%|#000000 17%\u00bb background_blend=\u00bbscreen\u00bb width=\u00bb100%\u00bb min_height=\u00bb1314.6px\u00bb custom_margin=\u00bb||-8px|||\u00bb custom_padding=\u00bb||154px|||\u00bb hover_enabled=\u00bb0&#8243; border_color_all=\u00bb#FFFFFF\u00bb global_colors_info=\u00bb{}\u00bb theme_builder_area=\u00bbpost_content\u00bb title_text=\u00bb20181205_103524-700&#215;340&#8243; background_image=\u00bbhttps:\/\/mza-dicaws-portal-uploads-media-prod.s3.us-east-1.amazonaws.com\/informacion-oficial\/uploads\/sites\/12\/2025\/06\/20181205_103524-700&#215;340-1.jpg\u00bb sticky_enabled=\u00bb0&#8243;][et_pb_row _builder_version=\u00bb4.27.4&#8243; background_size=\u00bbinitial\u00bb background_position=\u00bbtop_left\u00bb background_repeat=\u00bbrepeat\u00bb max_width=\u00bb2560px\u00bb custom_padding=\u00bb39px|||||\u00bb global_colors_info=\u00bb{}\u00bb theme_builder_area=\u00bbpost_content\u00bb][et_pb_column type=\u00bb4_4&#8243; _builder_version=\u00bb4.27.4&#8243; _module_preset=\u00bbdefault\u00bb global_colors_info=\u00bb{}\u00bb theme_builder_area=\u00bbpost_content\u00bb][et_pb_heading title=\u00bbMONOS CA\u00cd\u00bb _builder_version=\u00bb4.27.4&#8243; _module_preset=\u00bbdefault\u00bb title_font=\u00bb|300|||||||\u00bb title_text_align=\u00bbcenter\u00bb title_text_color=\u00bb#FFFFFF\u00bb title_font_size=\u00bb3.5rem\u00bb min_height=\u00bb54px\u00bb custom_margin=\u00bb||-1px|||\u00bb hover_enabled=\u00bb0&#8243; title_text_shadow_style=\u00bbpreset1&#8243; global_colors_info=\u00bb{}\u00bb theme_builder_area=\u00bbpost_content\u00bb sticky_enabled=\u00bb0&#8243;][\/et_pb_heading][\/et_pb_column][\/et_pb_row][et_pb_row _builder_version=\u00bb4.27.4&#8243; _module_preset=\u00bbdefault\u00bb max_width=\u00bb2560px\u00bb global_colors_info=\u00bb{}\u00bb theme_builder_area=\u00bbpost_content\u00bb][et_pb_column type=\u00bb4_4&#8243; _builder_version=\u00bb4.27.4&#8243; _module_preset=\u00bbdefault\u00bb global_colors_info=\u00bb{}\u00bb theme_builder_area=\u00bbpost_content\u00bb][et_pb_slider use_bg_overlay=\u00bbon\u00bb use_text_overlay=\u00bboff\u00bb _builder_version=\u00bb4.27.4&#8243; _module_preset=\u00bbdefault\u00bb header_font_size=\u00bb1.5rem\u00bb body_text_align=\u00bbleft\u00bb background_color=\u00bbrgba(10,10,10,0.3)\u00bb max_width=\u00bb800px\u00bb module_alignment=\u00bbcenter\u00bb custom_margin=\u00bb||||false|false\u00bb custom_padding=\u00bb20px||||false|false\u00bb hover_enabled=\u00bb0&#8243; border_radii=\u00bbon|8px|8px|8px|8px\u00bb global_colors_info=\u00bb{}\u00bb theme_builder_area=\u00bbpost_content\u00bb sticky_enabled=\u00bb0&#8243;][et_pb_slide heading=\u00bbHistoria\u00bb button_link=\u00bbhttps:\/\/drive.google.com\/file\/d\/0ByNYmTjUZAPyQ3duMXFlNmhoUTg\/view?usp=sharing\u00bb _builder_version=\u00bb4.27.4&#8243; _module_preset=\u00bbdefault\u00bb hover_enabled=\u00bb0&#8243; global_colors_info=\u00bb{}\u00bb sticky_transition=\u00bbon\u00bb theme_builder_area=\u00bbpost_content\u00bb sticky_enabled=\u00bb0&#8243;]<\/p>\n<p><strong>Los monos ca\u00ed captan la mirada de miles de personas que visitan la Ciudad de Mendoza. Se trata de animales silvestres, no aut\u00f3ctonos de la provincia, viviendo libremente en un espacio p\u00fablico urbano<\/strong><\/p>\n<p>\u00bfQui\u00e9nes son estos primates? \u00bfDe d\u00f3nde vienen y por qu\u00e9 est\u00e1n en Mendoza? \u00bfC\u00f3mo podemos relacionarnos respetuosamente con ellos? \u00bfCu\u00e1l es el presente y cu\u00e1l ser\u00e1 el futuro de estos animales?<\/p>\n<p>Estos animales son end\u00e9micos de las regiones c\u00e1lidas del centro de Am\u00e9rica del Sur. De h\u00e1bitos arbor\u00edcolas, su dieta es omn\u00edvora principalmente basada en frutas e insectos. Son especies gregarias, pol\u00edgamas, y viven en grupos entre 7 y 44 individuos. En Argentina los monos ca\u00ed, identificados cient\u00edficamente como Sapajus cay y Sapajus nigritus, corresponden a especies aut\u00f3ctonas de las ecorregiones de yungas, chaco h\u00famedo, y de la selva paranaense. Es decir, son especies que no est\u00e1n adaptadas para vivir en las ecorregiones que integran a la Provincia de Mendoza, y menos a\u00fan son especies propias de ambientes urbanos.<\/p>\n<p>[\/et_pb_slide][et_pb_slide heading=\u00bbHistoria\u00bb button_link=\u00bbhttps:\/\/drive.google.com\/file\/d\/0ByNYmTjUZAPyQ3duMXFlNmhoUTg\/view?usp=sharing\u00bb _builder_version=\u00bb4.27.4&#8243; _module_preset=\u00bbdefault\u00bb hover_enabled=\u00bb0&#8243; global_colors_info=\u00bb{}\u00bb sticky_transition=\u00bbon\u00bb theme_builder_area=\u00bbpost_content\u00bb sticky_enabled=\u00bb0&#8243;]<\/p>\n<p>El ex-zool\u00f3gico de Mendoza, actual Ecoparque, durante d\u00e9cadas ha sido un sitio receptor de animales incautados en procedimientos oficiales contra el tr\u00e1fico ilegal de fauna silvestre. Ese es justamente el origen de la presencia de esta especie en Mendoza, situaci\u00f3n que data al menos desde los a\u00f1os 90, que comenz\u00f3 con un par de ejemplares y a\u00f1o tras a\u00f1o fue incrementando su poblaci\u00f3n ante la ausencia de pol\u00edticas de control de natalidad. Desde aquella \u00e9poca a la actualidad, los individuos de esta especie intentan adaptarse a condiciones que no les son propias habitando un bosque urbano que hoy es su hogar transitoriamente.<\/p>\n<p>Desde que arribaron al ex-zool\u00f3gico provincial, los monos ca\u00ed han vivido en un contexto de semi-libertad. Como especie de h\u00e1bitos fuertemente territoriales, han sabido reconocer que el Ecoparque es su hogar y como tal no se van del sitio a pesar de no tener obst\u00e1culos f\u00edsicos para hacerlo.<\/p>\n<p>[\/et_pb_slide][et_pb_slide heading=\u00bbSu cuidado\u00bb button_link=\u00bbhttp:\/\/Fallo%20Judicial%20-%20Cecilia%20persona%20no%20Humana\u00bb _builder_version=\u00bb4.27.4&#8243; _module_preset=\u00bbdefault\u00bb hover_enabled=\u00bb0&#8243; global_colors_info=\u00bb{}\u00bb sticky_transition=\u00bbon\u00bb theme_builder_area=\u00bbpost_content\u00bb sticky_enabled=\u00bb0&#8243;]<\/p>\n<p>El equipo humano del Ecoparque cuida de los monos, atento a sus necesidades les ofrece una dieta balanceada y vigila su situaci\u00f3n sanitaria velando por su bienestar. Sin embargo, hay aspectos que son dif\u00edciles de controlar en un h\u00e1bitat que no es propio de la especie tales como la temperatura ambiental, el desplazamiento territorial, el v\u00ednculo con humanos y otros animales, y su interacci\u00f3n con los artefactos e instalaciones antr\u00f3picas, es decir que no son naturales.<\/p>\n<p>En la Ciudad de Mendoza la temperatura invernal media es de 7.4 \u00b0C, un valor muy bajo en comparaci\u00f3n con las temperaturas propias de las zonas de distribuci\u00f3n natural de los monos ca\u00ed. Este aspecto motiva a estos primates a buscar refugios en el bosque urbano mendocino para protegerse del intenso fr\u00edo lo que trae asociado situaciones tr\u00e1gicas tales como electrocuciones, amputaciones y muertes por la b\u00fasqueda de calor en l\u00e1mparas del alumbrado p\u00fablico o transformadores el\u00e9ctricos.<\/p>\n<p>Esta situaci\u00f3n motiv\u00f3 en los \u00faltimos a\u00f1os la readecuaci\u00f3n de todas las instalaciones el\u00e9ctricas del Ecoparque Mendoza para eliminar las electrocuciones por parte de los monos, situaci\u00f3n que se ha corregido exitosamente.<\/p>\n<p>[\/et_pb_slide][et_pb_slide heading=\u00bbSu cuidado\u00bb button_link=\u00bbhttp:\/\/Fallo%20Judicial%20-%20Cecilia%20persona%20no%20Humana\u00bb _builder_version=\u00bb4.27.4&#8243; _module_preset=\u00bbdefault\u00bb hover_enabled=\u00bb0&#8243; global_colors_info=\u00bb{}\u00bb sticky_transition=\u00bbon\u00bb theme_builder_area=\u00bbpost_content\u00bb sticky_enabled=\u00bb0&#8243;]<\/p>\n<p>Las personas que visitan las inmediaciones del Ecoparque se encuentran habitualmente con los monos. Si bien el sitio se encuentra cerrado al p\u00fablico desde hace algunos a\u00f1os, los monos han encontrado su estrategia para ir al encuentro con los turistas en la puerta del ex-zoo o en la base del Monumento al Ej\u00e9rcito de Los Andes, quienes les ofrecen galletas y otros alimentos ricos en az\u00facares y calor\u00edas. Claro que para los monos es dif\u00edcil resistirse a las \u201cgolosinas\u201d ofrecidas por los turistas frente a una dieta estricta que prepara el m\u00e9dico veterinario. Esto que parece un detalle inofensivo, en verdad significa un acto de maltrato involuntario hacia el animal silvestre ya que lo habit\u00faa a comportamientos antinaturales, ponen en peligro su salud, y restringe sus oportunidades de volver a la naturaleza en un futuro.<\/p>\n<p>\u201cEl Ecoparque Mendoza ha incorporado recientemente actividades de educaci\u00f3n ambiental en las inmediaciones de la instituci\u00f3n como as\u00ed tambi\u00e9n en las escuelas y medios de comunicaci\u00f3n a los efectos de generar conciencia sobre c\u00f3mo construir un v\u00ednculo respetuoso con la fauna silvestre evitando el contacto directo con los animales; absteni\u00e9ndose de ofrecer comida; respetando una distancia prudencial para con el animal; procurando una actitud atenta, silenciosa y calma en todo momento.\u201d, detall\u00f3 el Funcionario.<\/p>\n<p>[\/et_pb_slide][\/et_pb_slider][\/et_pb_column][\/et_pb_row][\/et_pb_section][et_pb_section fb_built=\u00bb1&#8243; _builder_version=\u00bb4.27.4&#8243; background_color=\u00bbRGBA(255,255,255,0)\u00bb background_blend=\u00bbscreen\u00bb background_enable_video_mp4=\u00bboff\u00bb custom_margin=\u00bb3px|||||\u00bb custom_padding=\u00bb40px|||||\u00bb hover_enabled=\u00bb0&#8243; global_colors_info=\u00bb{}\u00bb theme_builder_area=\u00bbpost_content\u00bb title_text=\u00bb20181205_093937-700&#215;340&#8243; background_image=\u00bbhttps:\/\/mza-dicaws-portal-uploads-media-prod.s3.us-east-1.amazonaws.com\/informacion-oficial\/uploads\/sites\/12\/2025\/06\/20181205_093937-700&#215;340-1.jpg\u00bb sticky_enabled=\u00bb0&#8243;][et_pb_row module_id=\u00bbfauna\u00bb _builder_version=\u00bb4.27.4&#8243; background_size=\u00bbinitial\u00bb background_position=\u00bbtop_left\u00bb background_repeat=\u00bbrepeat\u00bb max_width=\u00bb2560px\u00bb min_height=\u00bb100px\u00bb custom_margin=\u00bb|auto|-3px|auto||\u00bb custom_padding=\u00bb5px||4px|||\u00bb global_colors_info=\u00bb{}\u00bb theme_builder_area=\u00bbpost_content\u00bb][et_pb_column type=\u00bb4_4&#8243; _builder_version=\u00bb4.27.4&#8243; _module_preset=\u00bbdefault\u00bb global_colors_info=\u00bb{}\u00bb theme_builder_area=\u00bbpost_content\u00bb][et_pb_heading title=\u00bbUN VIAJE A SU NATURALEZA\u00bb admin_label=\u00bbFlora Nativa\u00bb module_id=\u00bbnautica\u00bb _builder_version=\u00bb4.27.4&#8243; _module_preset=\u00bbdefault\u00bb title_level=\u00bbh2&#8243; title_font=\u00bb|300|||||||\u00bb title_text_align=\u00bbleft\u00bb title_text_color=\u00bbgcid-heading-color\u00bb title_font_size=\u00bb40px\u00bb min_height=\u00bb25px\u00bb custom_margin=\u00bb||-1px|||\u00bb custom_padding=\u00bb|0px||||\u00bb hover_enabled=\u00bb0&#8243; global_colors_info=\u00bb{%22gcid-heading-color%22:%91%22title_text_color%22%93}\u00bb theme_builder_area=\u00bbpost_content\u00bb sticky_enabled=\u00bb0&#8243;][\/et_pb_heading][et_pb_heading title=\u00bbEN LISTA DE ESPERA\u00bb admin_label=\u00bbFlora Nativa\u00bb module_id=\u00bbnautica\u00bb _builder_version=\u00bb4.27.4&#8243; _module_preset=\u00bbdefault\u00bb title_level=\u00bbh2&#8243; title_font=\u00bb|300|||||||\u00bb title_text_align=\u00bbleft\u00bb title_text_color=\u00bbgcid-heading-color\u00bb title_font_size=\u00bb40px\u00bb min_height=\u00bb25px\u00bb custom_margin=\u00bb||-1px|||\u00bb custom_padding=\u00bb|0px||||\u00bb hover_enabled=\u00bb0&#8243; global_colors_info=\u00bb{%22gcid-heading-color%22:%91%22title_text_color%22%93,%22gcid-body-color%22:%91%22title_text_color%22%93}\u00bb theme_builder_area=\u00bbpost_content\u00bb sticky_enabled=\u00bb0&#8243;][\/et_pb_heading][\/et_pb_column][\/et_pb_row][et_pb_row column_structure=\u00bb1_4,3_4&#8243; _builder_version=\u00bb4.27.4&#8243; background_size=\u00bbinitial\u00bb background_position=\u00bbtop_left\u00bb background_repeat=\u00bbrepeat\u00bb max_width=\u00bb2560px\u00bb min_height=\u00bb404.7px\u00bb custom_margin=\u00bb|auto|-3px|auto||\u00bb custom_padding=\u00bb5px|0px|4px|||\u00bb global_colors_info=\u00bb{}\u00bb theme_builder_area=\u00bbpost_content\u00bb][et_pb_column type=\u00bb1_4&#8243; _builder_version=\u00bb4.27.4&#8243; _module_preset=\u00bbdefault\u00bb global_colors_info=\u00bb{}\u00bb theme_builder_area=\u00bbpost_content\u00bb][et_pb_image title_text=\u00bb20181205_094304-700&#215;340&#8243; _builder_version=\u00bb4.27.4&#8243; _module_preset=\u00bbdefault\u00bb width=\u00bb100%\u00bb max_width=\u00bb350px\u00bb custom_margin=\u00bb97px|24px|||false|false\u00bb custom_padding=\u00bb45px|0px||||\u00bb hover_enabled=\u00bb0&#8243; global_colors_info=\u00bb{}\u00bb theme_builder_area=\u00bbpost_content\u00bb sticky_enabled=\u00bb0&#8243; src=\u00bbhttps:\/\/mza-dicaws-portal-uploads-media-prod.s3.us-east-1.amazonaws.com\/informacion-oficial\/uploads\/sites\/12\/2025\/06\/20181205_094304-700&#215;340-1.jpg\u00bb][\/et_pb_image][\/et_pb_column][et_pb_column type=\u00bb3_4&#8243; _builder_version=\u00bb4.27.4&#8243; _module_preset=\u00bbdefault\u00bb global_colors_info=\u00bb{}\u00bb theme_builder_area=\u00bbpost_content\u00bb][et_pb_heading _builder_version=\u00bb4.27.4&#8243; _module_preset=\u00bbdefault\u00bb title_level=\u00bbh3&#8243; title_font=\u00bb|300|||||||\u00bb title_text_color=\u00bbgcid-bb9c0857-25e3-4051-b4b2-87f09afe6b01&#8243; min_height=\u00bb24px\u00bb custom_padding=\u00bb0px|||||\u00bb global_colors_info=\u00bb{%22gcid-bb9c0857-25e3-4051-b4b2-87f09afe6b01%22:%91%22title_text_color%22%93}\u00bb theme_builder_area=\u00bbpost_content\u00bb][\/et_pb_heading][et_pb_text _builder_version=\u00bb4.27.4&#8243; _module_preset=\u00bbdefault\u00bb text_text_color=\u00bbgcid-heading-color\u00bb text_font_size=\u00bb16px\u00bb text_orientation=\u00bbjustified\u00bb width=\u00bb100%\u00bb max_width=\u00bb800px\u00bb module_alignment=\u00bbright\u00bb min_height=\u00bb329.7px\u00bb custom_margin=\u00bb|-23px|46px|37px||\u00bb custom_padding=\u00bb|8px||4px|false|false\u00bb hover_enabled=\u00bb0&#8243; global_colors_info=\u00bb{%22gcid-heading-color%22:%91%22text_text_color%22%93}\u00bb theme_builder_area=\u00bbpost_content\u00bb sticky_enabled=\u00bb0&#8243;]<\/p>\n<p>Los monos ca\u00ed que viven en Mendoza deben volver a sus lugares de distribuci\u00f3n natural. Esa es una de las misiones del Ecoparque encomendadas por Ley.<\/p>\n<p>Desde el a\u00f1o 2018 se trabaja en un protocolo interjurisdiccional que permita el traslado de los monos ca\u00ed a centros de rescate y rehabilitaci\u00f3n. Sin embargo, no es tarea f\u00e1cil hacerlo realidad.<\/p>\n<p>La situaci\u00f3n de los primates en el pa\u00eds es cr\u00edtica debido a las amenazas antr\u00f3picas que ponen en peligro su existencia, por ende toda decisi\u00f3n respecto al manejo de estos animales debe tomarse en el marco del Plan Nacional de Conservaci\u00f3n de Primates dispuesto por el Gobierno Nacional.<\/p>\n<p>Esto significa un gran esfuerzo de articulaci\u00f3n pol\u00edtica y t\u00e9cnica para generar la oportunidad de retornar a sitios controlados y apropiados a los primates valorando la necesidades de reacondicionamiento conductual y la vigilancia sanitaria de cada individuo.<\/p>\n<p>[\/et_pb_text][\/et_pb_column][\/et_pb_row][\/et_pb_section][et_pb_section fb_built=\u00bb1&#8243; _builder_version=\u00bb4.27.4&#8243; background_color=\u00bbRGBA(255,255,255,0)\u00bb use_background_color_gradient=\u00bbon\u00bb background_color_gradient_direction=\u00bb169deg\u00bb background_color_gradient_stops=\u00bb#ffffff 15%|#0a0000 100%\u00bb background_image=\u00bbhttps:\/\/mza-dicaws-portal-uploads-media-prod.s3.us-east-1.amazonaws.com\/informacion-oficial\/uploads\/sites\/12\/2025\/06\/6-1-700&#215;466-700&#215;466-1.jpg\u00bb background_blend=\u00bbscreen\u00bb custom_margin=\u00bb3px|||||\u00bb global_colors_info=\u00bb{}\u00bb theme_builder_area=\u00bbpost_content\u00bb][et_pb_row _builder_version=\u00bb4.27.4&#8243; _module_preset=\u00bbdefault\u00bb max_width=\u00bb2560px\u00bb hover_enabled=\u00bb0&#8243; global_colors_info=\u00bb{}\u00bb theme_builder_area=\u00bbpost_content\u00bb sticky_enabled=\u00bb0&#8243;][et_pb_column type=\u00bb4_4&#8243; _builder_version=\u00bb4.27.4&#8243; _module_preset=\u00bbdefault\u00bb global_colors_info=\u00bb{}\u00bb theme_builder_area=\u00bbpost_content\u00bb][et_pb_gallery gallery_ids=\u00bb1906,1905,1904,1903,1902&#8243; _builder_version=\u00bb4.27.4&#8243; _module_preset=\u00bbdefault\u00bb title_font=\u00bb|300|||||||\u00bb title_text_color=\u00bbRGBA(255,255,255,0)\u00bb title_font_size=\u00bb1px\u00bb caption_font_size=\u00bb1px\u00bb caption_line_height=\u00bb1px\u00bb pagination_font=\u00bb|700|||||||\u00bb pagination_text_align=\u00bbcenter\u00bb pagination_text_color=\u00bbgcid-b2777ccc-45bf-4762-b379-294426a7f0ff\u00bb pagination_font_size=\u00bb1rem\u00bb background_layout=\u00bbdark\u00bb max_height=\u00bb500px\u00bb hover_enabled=\u00bb0&#8243; border_radii=\u00bbon|8px|8px|8px|8px\u00bb global_colors_info=\u00bb{%22gcid-b2777ccc-45bf-4762-b379-294426a7f0ff%22:%91%22pagination_text_color%22%93}\u00bb theme_builder_area=\u00bbpost_content\u00bb sticky_enabled=\u00bb0&#8243;][\/et_pb_gallery][\/et_pb_column][\/et_pb_row][\/et_pb_section][et_pb_section fb_built=\u00bb1&#8243; module_id=\u00bbcontacto\u00bb _builder_version=\u00bb4.27.4&#8243; _module_preset=\u00bbdefault\u00bb global_colors_info=\u00bb{}\u00bb theme_builder_area=\u00bbpost_content\u00bb][\/et_pb_section]<\/p>\n","protected":false},"excerpt":{"rendered":"<p>Los monos ca\u00ed captan la mirada de miles de personas que visitan la Ciudad de Mendoza. Se trata de animales silvestres, no aut\u00f3ctonos de la provincia, viviendo libremente en un [&hellip;]<\/p>\n","protected":false},"author":13,"featured_media":0,"parent":0,"menu_order":0,"comment_status":"closed","ping_status":"closed","template":"","meta":{"_et_pb_use_builder":"on","_et_pb_old_content":"","_et_gb_content_width":"","footnotes":""},"class_list":["post-1895","page","type-page","status-publish","hentry"],"_links":{"self":[{"href":"https:\/\/informacionoficial.mendoza.gob.ar\/energiayambiente\/wp-json\/wp\/v2\/pages\/1895","targetHints":{"allow":["GET"]}}],"collection":[{"href":"https:\/\/informacionoficial.mendoza.gob.ar\/energiayambiente\/wp-json\/wp\/v2\/pages"}],"about":[{"href":"https:\/\/informacionoficial.mendoza.gob.ar\/energiayambiente\/wp-json\/wp\/v2\/types\/page"}],"author":[{"embeddable":true,"href":"https:\/\/informacionoficial.mendoza.gob.ar\/energiayambiente\/wp-json\/wp\/v2\/users\/13"}],"replies":[{"embeddable":true,"href":"https:\/\/informacionoficial.mendoza.gob.ar\/energiayambiente\/wp-json\/wp\/v2\/comments?post=1895"}],"version-history":[{"count":5,"href":"https:\/\/informacionoficial.mendoza.gob.ar\/energiayambiente\/wp-json\/wp\/v2\/pages\/1895\/revisions"}],"predecessor-version":[{"id":1908,"href":"https:\/\/informacionoficial.mendoza.gob.ar\/energiayambiente\/wp-json\/wp\/v2\/pages\/1895\/revisions\/1908"}],"wp:attachment":[{"href":"https:\/\/informacionoficial.mendoza.gob.ar\/energiayambiente\/wp-json\/wp\/v2\/media?parent=1895"}],"curies":[{"name":"wp","href":"https:\/\/api.w.org\/{rel}","templated":true}]}}