{"id":1913,"date":"2025-06-24T16:18:36","date_gmt":"2025-06-24T14:18:36","guid":{"rendered":"https:\/\/informacionoficial.mendoza.gob.ar\/energiayambiente\/?page_id=1913"},"modified":"2025-06-24T18:02:01","modified_gmt":"2025-06-24T16:02:01","slug":"tigres","status":"publish","type":"page","link":"https:\/\/informacionoficial.mendoza.gob.ar\/energiayambiente\/tigres\/","title":{"rendered":"Tigres"},"content":{"rendered":"<p>[et_pb_section fb_built=\u00bb1&#8243; _builder_version=\u00bb4.27.4&#8243; use_background_color_gradient=\u00bbon\u00bb background_color_gradient_direction=\u00bb1deg\u00bb background_color_gradient_stops=\u00bb#ffffff 6%|#000000 17%\u00bb background_blend=\u00bbscreen\u00bb width=\u00bb100%\u00bb min_height=\u00bb1314.6px\u00bb custom_margin=\u00bb||-8px|||\u00bb custom_padding=\u00bb||154px|||\u00bb hover_enabled=\u00bb0&#8243; border_color_all=\u00bb#FFFFFF\u00bb global_colors_info=\u00bb{}\u00bb theme_builder_area=\u00bbpost_content\u00bb title_text=\u00bbENFOQUE ANIMAL (11)\u00bb sticky_enabled=\u00bb0&#8243; background_image=\u00bbhttps:\/\/mza-dicaws-portal-uploads-media-prod.s3.us-east-1.amazonaws.com\/informacion-oficial\/uploads\/sites\/12\/2025\/06\/ENFOQUE-ANIMAL-11-scaled.jpg\u00bb][et_pb_row _builder_version=\u00bb4.27.4&#8243; background_size=\u00bbinitial\u00bb background_position=\u00bbtop_left\u00bb background_repeat=\u00bbrepeat\u00bb max_width=\u00bb2560px\u00bb custom_padding=\u00bb39px|||||\u00bb global_colors_info=\u00bb{}\u00bb theme_builder_area=\u00bbpost_content\u00bb][et_pb_column type=\u00bb4_4&#8243; _builder_version=\u00bb4.27.4&#8243; _module_preset=\u00bbdefault\u00bb global_colors_info=\u00bb{}\u00bb theme_builder_area=\u00bbpost_content\u00bb][et_pb_heading title=\u00bbLUCY\u00bb _builder_version=\u00bb4.27.4&#8243; _module_preset=\u00bbdefault\u00bb title_font=\u00bb|300|||||||\u00bb title_text_align=\u00bbcenter\u00bb title_text_color=\u00bb#FFFFFF\u00bb title_font_size=\u00bb3.5rem\u00bb min_height=\u00bb54px\u00bb custom_margin=\u00bb||-1px|||\u00bb hover_enabled=\u00bb0&#8243; title_text_shadow_style=\u00bbpreset1&#8243; global_colors_info=\u00bb{}\u00bb theme_builder_area=\u00bbpost_content\u00bb sticky_enabled=\u00bb0&#8243;][\/et_pb_heading][et_pb_heading title=\u00bbLa \u00faltima tigresa de bengala del ex-zoo de Mendoza trasladada a The WildCat Sanctuary\u00bb _builder_version=\u00bb4.27.4&#8243; _module_preset=\u00bbdefault\u00bb title_font=\u00bb|300|||||||\u00bb title_text_align=\u00bbcenter\u00bb title_text_color=\u00bb#FFFFFF\u00bb title_font_size=\u00bb3.5rem\u00bb min_height=\u00bb54px\u00bb custom_margin=\u00bb||-1px|||\u00bb hover_enabled=\u00bb0&#8243; title_text_shadow_style=\u00bbpreset1&#8243; global_colors_info=\u00bb{}\u00bb theme_builder_area=\u00bbpost_content\u00bb sticky_enabled=\u00bb0&#8243;][\/et_pb_heading][\/et_pb_column][\/et_pb_row][et_pb_row column_structure=\u00bb1_4,3_4&#8243; _builder_version=\u00bb4.27.4&#8243; background_size=\u00bbinitial\u00bb background_position=\u00bbtop_left\u00bb background_repeat=\u00bbrepeat\u00bb max_width=\u00bb2560px\u00bb min_height=\u00bb404.7px\u00bb custom_margin=\u00bb|auto|-3px|auto||\u00bb custom_padding=\u00bb5px|0px|4px|||\u00bb global_colors_info=\u00bb{}\u00bb theme_builder_area=\u00bbpost_content\u00bb][et_pb_column type=\u00bb1_4&#8243; _builder_version=\u00bb4.27.4&#8243; _module_preset=\u00bbdefault\u00bb global_colors_info=\u00bb{}\u00bb theme_builder_area=\u00bbpost_content\u00bb][et_pb_image title_text=\u00bblUCY\u00bb _builder_version=\u00bb4.27.4&#8243; _module_preset=\u00bbdefault\u00bb width=\u00bb100%\u00bb max_width=\u00bb350px\u00bb custom_margin=\u00bb97px|24px|||false|false\u00bb custom_padding=\u00bb45px|0px||||\u00bb hover_enabled=\u00bb0&#8243; global_colors_info=\u00bb{}\u00bb theme_builder_area=\u00bbpost_content\u00bb src=\u00bbhttps:\/\/mza-dicaws-portal-uploads-media-prod.s3.us-east-1.amazonaws.com\/informacion-oficial\/uploads\/sites\/12\/2025\/06\/lUCY.jpg\u00bb sticky_enabled=\u00bb0&#8243;][\/et_pb_image][et_pb_image title_text=\u00bbENFOQUE ANIMAL EN USA 1 (12)\u00bb _builder_version=\u00bb4.27.4&#8243; _module_preset=\u00bbdefault\u00bb width=\u00bb100%\u00bb max_width=\u00bb350px\u00bb custom_margin=\u00bb97px|24px|||false|false\u00bb custom_padding=\u00bb45px|0px||||\u00bb hover_enabled=\u00bb0&#8243; global_colors_info=\u00bb{}\u00bb theme_builder_area=\u00bbpost_content\u00bb sticky_enabled=\u00bb0&#8243; src=\u00bbhttps:\/\/mza-dicaws-portal-uploads-media-prod.s3.us-east-1.amazonaws.com\/informacion-oficial\/uploads\/sites\/12\/2025\/06\/ENFOQUE-ANIMAL-EN-USA-1-12.jpg\u00bb][\/et_pb_image][et_pb_image title_text=\u00bbENFOQUE ANIMAL EN USA 1 (14)\u00bb _builder_version=\u00bb4.27.4&#8243; _module_preset=\u00bbdefault\u00bb width=\u00bb100%\u00bb max_width=\u00bb350px\u00bb custom_margin=\u00bb97px|24px|||false|false\u00bb custom_padding=\u00bb45px|0px||||\u00bb hover_enabled=\u00bb0&#8243; global_colors_info=\u00bb{}\u00bb theme_builder_area=\u00bbpost_content\u00bb sticky_enabled=\u00bb0&#8243; src=\u00bbhttps:\/\/mza-dicaws-portal-uploads-media-prod.s3.us-east-1.amazonaws.com\/informacion-oficial\/uploads\/sites\/12\/2025\/06\/ENFOQUE-ANIMAL-EN-USA-1-14.jpg\u00bb][\/et_pb_image][\/et_pb_column][et_pb_column type=\u00bb3_4&#8243; _builder_version=\u00bb4.27.4&#8243; _module_preset=\u00bbdefault\u00bb global_colors_info=\u00bb{}\u00bb theme_builder_area=\u00bbpost_content\u00bb][et_pb_heading _builder_version=\u00bb4.27.4&#8243; _module_preset=\u00bbdefault\u00bb title_level=\u00bbh3&#8243; title_font=\u00bb|300|||||||\u00bb title_text_color=\u00bbgcid-bb9c0857-25e3-4051-b4b2-87f09afe6b01&#8243; min_height=\u00bb24px\u00bb custom_padding=\u00bb0px|||||\u00bb global_colors_info=\u00bb{%22gcid-bb9c0857-25e3-4051-b4b2-87f09afe6b01%22:%91%22title_text_color%22%93}\u00bb theme_builder_area=\u00bbpost_content\u00bb][\/et_pb_heading][et_pb_text _builder_version=\u00bb4.27.4&#8243; _module_preset=\u00bbdefault\u00bb text_text_color=\u00bbgcid-heading-color\u00bb text_font_size=\u00bb16px\u00bb text_orientation=\u00bbjustified\u00bb width=\u00bb100%\u00bb max_width=\u00bb800px\u00bb module_alignment=\u00bbright\u00bb min_height=\u00bb329.7px\u00bb custom_margin=\u00bb|-23px|46px|37px||\u00bb custom_padding=\u00bb|8px||4px|false|false\u00bb hover_enabled=\u00bb0&#8243; global_colors_info=\u00bb{%22gcid-heading-color%22:%91%22text_text_color%22%93}\u00bb theme_builder_area=\u00bbpost_content\u00bb sticky_enabled=\u00bb0&#8243;]<\/p>\n<p>Despu\u00e9s de ocho a\u00f1os de arduo trabajo en el Ecoparque Mendoza (ex-zool\u00f3gico), se ha concretado el esperado traslado de la \u00faltima tigresa de bengala, Lucy, a un santuario natural en Minnesota, Estados Unidos. Este hito marca un nuevo cap\u00edtulo en la transformaci\u00f3n de una instituci\u00f3n centenaria que se dedica ahora a la conservaci\u00f3n de la biodiversidad local.<\/p>\n<p>El traslado internacional de fauna silvestre puede ser una epopeya. En Mendoza, cuando comenz\u00f3 la refuncionalizaci\u00f3n del ex-zool\u00f3gico, hab\u00eda dos tigresas de bengala. En 2018, con el traslado de los leones africanos Chupino y Salte\u00f1a a The WildCat Sanctuary, tambi\u00e9n comenzaron los esfuerzos para encontrar<\/p>\n<p>una oportunidad de traslado para las tigresas, que a\u00fan permanecer\u00edan en la provincia algunos a\u00f1os m\u00e1s. La tarea no fue f\u00e1cil, ya que hay m\u00e1s tigres de bengala en cautiverio que en estado salvaje, y los sitios de rescate suelen tener una disponibilidad muy limitada.<\/p>\n<p>En 2023, el Gobierno de la Provincia de Mendoza recibi\u00f3 la grata noticia de que The WildCat Sanctuary ten\u00eda disponibilidad para recibir a las dos tigresas mendocinas, Violeta y Lucy. Ese destino es una de las mejores opciones en el mundo, con prestigiosas credenciales en el cuidado de grandes felinos v\u00edctimas del cautiverio, siendo parte de la Global Federation of Animal Sanctuaries, la American Sanctuary Association y la Big Cat Alliance. Esto garantiza una significativa mejora en la calidad de vida de los animales en comparaci\u00f3n con las condiciones actuales, contando adem\u00e1s con los permisos y habilitaciones necesarias emitidas por las autoridades competentes de Estados Unidos para llevar a cabo su labor.<\/p>\n<p>Con un nuevo hogar disponible, el equipo del Ecoparque Mendoza, la Fundaci\u00f3n Franz Weber y Enfoque Animal comenzaron los preparativos log\u00edsticos, administrativos y sanitarios para el traslado de las tigresas. En octubre de 2023, se realizaron estudios m\u00e9dicos exhaustivos para conocer su estado de salud, lo que permiti\u00f3 corregir aspectos de su nutrici\u00f3n y tratamientos de salud espec\u00edficos para animales adultos.<\/p>\n<p>Lamentablemente, en enero de 2024, Violeta falleci\u00f3 a los 18 a\u00f1os debido a problemas de salud. Violeta hab\u00eda sido rescatada por tenencia ilegal en 2007 y hab\u00eda vivido el resto de su vida en cautiverio. Lucy, de 16 a\u00f1os, lleg\u00f3 al ex-zool\u00f3gico de Mendoza en 2011 a trav\u00e9s de un canje de animales con el ex-zool\u00f3gico de Bat\u00e1n, en la Provincia de Buenos Aires.<\/p>\n<p>En septiembre de 2024, una aerol\u00ednea confirm\u00f3 la excepci\u00f3n para trasladar a Lucy a su nuevo hogar en Minnesota. El equipo del Ecoparque construy\u00f3 su caja de transporte cumpliendo con los est\u00e1ndares internacionales y obtuvo el presupuesto necesario para el traslado. Tras un viaje de m\u00e1s de 48 horas, Lucy arrib\u00f3 a The WildCat Sanctuary el 10 de octubre de 2024.<\/p>\n<p>Por primera vez, Lucy tiene acceso a un espacio natural y servicios de alta complejidad y calidad que satisfacen sus necesidades. En el futuro, tambi\u00e9n tendr\u00e1 la oportunidad de integrarse a grupos de individuos de su misma especie, estableciendo nuevas relaciones que enriquecer\u00e1n sus \u00faltimos a\u00f1os de vida.<\/p>\n<p>Es el momento de un nuevo comienzo para Lucy. Este traslado representa una medida de reparaci\u00f3n y sanaci\u00f3n para su historia de cautiverio y exhibici\u00f3n en la industria zool\u00f3gica.<\/p>\n<p><strong><em><a href=\"https:\/\/www.instagram.com\/reel\/DA9TsEDBBTI\/?utm_source=ig_web_copy_link&amp;igsh=MzRlODBiNWFlZA==\">\u201cEl nuevo atardecer de Lucy\u201d<\/a><\/em><\/strong><\/p>\n<p>[\/et_pb_text][\/et_pb_column][\/et_pb_row][\/et_pb_section][et_pb_section fb_built=\u00bb1&#8243; _builder_version=\u00bb4.27.4&#8243; background_color=\u00bbRGBA(255,255,255,0)\u00bb background_blend=\u00bbscreen\u00bb background_enable_video_mp4=\u00bboff\u00bb custom_margin=\u00bb3px|||||\u00bb custom_padding=\u00bb40px|||||\u00bb hover_enabled=\u00bb0&#8243; global_colors_info=\u00bb{}\u00bb theme_builder_area=\u00bbpost_content\u00bb title_text=\u00bblUCY\u00bb background_image=\u00bbhttps:\/\/mza-dicaws-portal-uploads-media-prod.s3.us-east-1.amazonaws.com\/informacion-oficial\/uploads\/sites\/12\/2025\/06\/lUCY.jpg\u00bb sticky_enabled=\u00bb0&#8243;][et_pb_row module_id=\u00bbfauna\u00bb _builder_version=\u00bb4.27.4&#8243; background_size=\u00bbinitial\u00bb background_position=\u00bbtop_left\u00bb background_repeat=\u00bbrepeat\u00bb max_width=\u00bb2560px\u00bb min_height=\u00bb100px\u00bb custom_margin=\u00bb|auto|-3px|auto||\u00bb custom_padding=\u00bb5px||4px|||\u00bb global_colors_info=\u00bb{}\u00bb theme_builder_area=\u00bbpost_content\u00bb][et_pb_column type=\u00bb4_4&#8243; _builder_version=\u00bb4.27.4&#8243; _module_preset=\u00bbdefault\u00bb global_colors_info=\u00bb{}\u00bb theme_builder_area=\u00bbpost_content\u00bb][et_pb_video _builder_version=\u00bb4.27.4&#8243; _module_preset=\u00bbdefault\u00bb theme_builder_area=\u00bbpost_content\u00bb src=\u00bbhttps:\/\/youtu.be\/JfRDxpJ9zdY\u00bb hover_enabled=\u00bb0&#8243; sticky_enabled=\u00bb0&#8243;][\/et_pb_video][\/et_pb_column][\/et_pb_row][\/et_pb_section][et_pb_section fb_built=\u00bb1&#8243; _builder_version=\u00bb4.27.4&#8243; background_color=\u00bbRGBA(255,255,255,0)\u00bb use_background_color_gradient=\u00bbon\u00bb background_color_gradient_direction=\u00bb169deg\u00bb background_color_gradient_stops=\u00bb#ffffff 15%|#0a0000 100%\u00bb background_blend=\u00bbscreen\u00bb custom_margin=\u00bb3px|||||\u00bb hover_enabled=\u00bb0&#8243; global_colors_info=\u00bb{}\u00bb theme_builder_area=\u00bbpost_content\u00bb title_text=\u00bblUCY2&#8243; background_image=\u00bbhttps:\/\/mza-dicaws-portal-uploads-media-prod.s3.us-east-1.amazonaws.com\/informacion-oficial\/uploads\/sites\/12\/2025\/06\/lUCY2.jpg\u00bb sticky_enabled=\u00bb0&#8243;][et_pb_row _builder_version=\u00bb4.27.4&#8243; _module_preset=\u00bbdefault\u00bb max_width=\u00bb2560px\u00bb hover_enabled=\u00bb0&#8243; global_colors_info=\u00bb{}\u00bb theme_builder_area=\u00bbpost_content\u00bb sticky_enabled=\u00bb0&#8243;][et_pb_column type=\u00bb4_4&#8243; _builder_version=\u00bb4.27.4&#8243; _module_preset=\u00bbdefault\u00bb global_colors_info=\u00bb{}\u00bb theme_builder_area=\u00bbpost_content\u00bb][et_pb_gallery gallery_ids=\u00bb1917,1918,1921,1922,1923,1924&#8243; posts_number=\u00bb8&#8243; _builder_version=\u00bb4.27.4&#8243; _module_preset=\u00bbdefault\u00bb title_font=\u00bb|300|||||||\u00bb title_text_color=\u00bbRGBA(255,255,255,0)\u00bb title_font_size=\u00bb1px\u00bb caption_font_size=\u00bb1px\u00bb caption_line_height=\u00bb1px\u00bb pagination_font=\u00bb|700|||||||\u00bb pagination_text_align=\u00bbcenter\u00bb pagination_text_color=\u00bbgcid-b2777ccc-45bf-4762-b379-294426a7f0ff\u00bb pagination_font_size=\u00bb1rem\u00bb background_layout=\u00bbdark\u00bb max_height=\u00bb500px\u00bb hover_enabled=\u00bb0&#8243; border_radii=\u00bbon|8px|8px|8px|8px\u00bb global_colors_info=\u00bb{%22gcid-b2777ccc-45bf-4762-b379-294426a7f0ff%22:%91%22pagination_text_color%22%93}\u00bb theme_builder_area=\u00bbpost_content\u00bb sticky_enabled=\u00bb0&#8243;][\/et_pb_gallery][\/et_pb_column][\/et_pb_row][\/et_pb_section][et_pb_section fb_built=\u00bb1&#8243; module_id=\u00bbcontacto\u00bb _builder_version=\u00bb4.27.4&#8243; _module_preset=\u00bbdefault\u00bb global_colors_info=\u00bb{}\u00bb theme_builder_area=\u00bbpost_content\u00bb][\/et_pb_section]<\/p>\n","protected":false},"excerpt":{"rendered":"<p>Despu\u00e9s de ocho a\u00f1os de arduo trabajo en el Ecoparque Mendoza (ex-zool\u00f3gico), se ha concretado el esperado traslado de la \u00faltima tigresa de bengala, Lucy, a un santuario natural en Minnesota, Estados Unidos. Este hito marca un nuevo cap\u00edtulo en la transformaci\u00f3n de una instituci\u00f3n centenaria que se dedica ahora a la conservaci\u00f3n de la [&hellip;]<\/p>\n","protected":false},"author":13,"featured_media":0,"parent":0,"menu_order":0,"comment_status":"closed","ping_status":"closed","template":"","meta":{"_et_pb_use_builder":"on","_et_pb_old_content":"","_et_gb_content_width":"","footnotes":""},"class_list":["post-1913","page","type-page","status-publish","hentry"],"_links":{"self":[{"href":"https:\/\/informacionoficial.mendoza.gob.ar\/energiayambiente\/wp-json\/wp\/v2\/pages\/1913","targetHints":{"allow":["GET"]}}],"collection":[{"href":"https:\/\/informacionoficial.mendoza.gob.ar\/energiayambiente\/wp-json\/wp\/v2\/pages"}],"about":[{"href":"https:\/\/informacionoficial.mendoza.gob.ar\/energiayambiente\/wp-json\/wp\/v2\/types\/page"}],"author":[{"embeddable":true,"href":"https:\/\/informacionoficial.mendoza.gob.ar\/energiayambiente\/wp-json\/wp\/v2\/users\/13"}],"replies":[{"embeddable":true,"href":"https:\/\/informacionoficial.mendoza.gob.ar\/energiayambiente\/wp-json\/wp\/v2\/comments?post=1913"}],"version-history":[{"count":4,"href":"https:\/\/informacionoficial.mendoza.gob.ar\/energiayambiente\/wp-json\/wp\/v2\/pages\/1913\/revisions"}],"predecessor-version":[{"id":1925,"href":"https:\/\/informacionoficial.mendoza.gob.ar\/energiayambiente\/wp-json\/wp\/v2\/pages\/1913\/revisions\/1925"}],"wp:attachment":[{"href":"https:\/\/informacionoficial.mendoza.gob.ar\/energiayambiente\/wp-json\/wp\/v2\/media?parent=1913"}],"curies":[{"name":"wp","href":"https:\/\/api.w.org\/{rel}","templated":true}]}}