{"id":1934,"date":"2025-06-25T14:02:06","date_gmt":"2025-06-25T12:02:06","guid":{"rendered":"https:\/\/informacionoficial.mendoza.gob.ar\/energiayambiente\/?page_id=1934"},"modified":"2025-06-25T16:38:37","modified_gmt":"2025-06-25T14:38:37","slug":"instructivo-para-carga-de-inscripciones-nuevas-de-generadores-de-residuos-peligrosos","status":"publish","type":"page","link":"https:\/\/informacionoficial.mendoza.gob.ar\/energiayambiente\/instructivo-para-carga-de-inscripciones-nuevas-de-generadores-de-residuos-peligrosos\/","title":{"rendered":"Instructivo para carga de Inscripciones nuevas de Generadores de Residuos Peligrosos"},"content":{"rendered":"<p>[et_pb_section fb_built=\u00bb1&#8243; _builder_version=\u00bb4.27.4&#8243; use_background_color_gradient=\u00bbon\u00bb background_color_gradient_direction=\u00bb1deg\u00bb background_color_gradient_stops=\u00bb#ffffff 6%|#000000 63%\u00bb background_image=\u00bbhttps:\/\/mza-dicaws-portal-uploads-media-prod.s3.us-east-1.amazonaws.com\/informacion-oficial\/uploads\/sites\/12\/2025\/05\/RP.jpg\u00bb background_blend=\u00bbscreen\u00bb width=\u00bb100%\u00bb min_height=\u00bb1314.6px\u00bb custom_margin=\u00bb||-8px|||\u00bb custom_padding=\u00bb||55px|||\u00bb border_color_all=\u00bb#FFFFFF\u00bb global_colors_info=\u00bb{}\u00bb][et_pb_row _builder_version=\u00bb4.27.4&#8243; background_size=\u00bbinitial\u00bb background_position=\u00bbtop_left\u00bb background_repeat=\u00bbrepeat\u00bb max_width=\u00bb2560px\u00bb custom_padding=\u00bb39px|||||\u00bb global_colors_info=\u00bb{}\u00bb][et_pb_column type=\u00bb4_4&#8243; _builder_version=\u00bb4.27.4&#8243; _module_preset=\u00bbdefault\u00bb global_colors_info=\u00bb{}\u00bb][et_pb_heading title=\u00bbInstructivo para carga de Inscripciones nuevas de Generadores de Residuos Peligrosos\u00bb _builder_version=\u00bb4.27.4&#8243; _module_preset=\u00bbdefault\u00bb title_font=\u00bb|300|||||||\u00bb title_text_align=\u00bbcenter\u00bb title_text_color=\u00bb#FFFFFF\u00bb title_font_size=\u00bb3.5rem\u00bb background_color=\u00bbrgba(0,0,0,0.49)\u00bb min_height=\u00bb54px\u00bb custom_margin=\u00bb||-1px|||\u00bb title_text_shadow_style=\u00bbpreset1&#8243; border_radii=\u00bbon|8px|8px|8px|8px\u00bb global_colors_info=\u00bb{}\u00bb][\/et_pb_heading][\/et_pb_column][\/et_pb_row][et_pb_row module_id=\u00bbfauna\u00bb _builder_version=\u00bb4.27.4&#8243; background_color=\u00bbrgba(0,0,0,0.4)\u00bb background_size=\u00bbinitial\u00bb background_position=\u00bbtop_left\u00bb background_repeat=\u00bbrepeat\u00bb max_width=\u00bb2560px\u00bb min_height=\u00bb100px\u00bb custom_margin=\u00bb|auto|-3px|auto||\u00bb custom_padding=\u00bb5px||4px|||\u00bb border_radii=\u00bbon|8px|8px|8px|8px\u00bb global_colors_info=\u00bb{}\u00bb][et_pb_column type=\u00bb4_4&#8243; _builder_version=\u00bb4.27.4&#8243; _module_preset=\u00bbdefault\u00bb global_colors_info=\u00bb{}\u00bb][et_pb_heading title=\u00bbREQUISITOS INDISPENSABLES PARA LA CARGA DE\u00bb admin_label=\u00bbFlora Nativa\u00bb module_id=\u00bbnautica\u00bb _builder_version=\u00bb4.27.4&#8243; _module_preset=\u00bbdefault\u00bb title_level=\u00bbh2&#8243; title_font=\u00bb|300|||||||\u00bb title_text_align=\u00bbleft\u00bb title_text_color=\u00bbgcid-heading-color\u00bb title_font_size=\u00bb40px\u00bb min_height=\u00bb25px\u00bb custom_margin=\u00bb||-1px|||\u00bb custom_padding=\u00bb|0px||||\u00bb global_colors_info=\u00bb{%22gcid-heading-color%22:%91%22title_text_color%22%93}\u00bb][\/et_pb_heading][et_pb_heading title=\u00bbFORMULARIOS DE INSCRIPCIONES NUEVAS\u00bb admin_label=\u00bbFlora Nativa\u00bb module_id=\u00bbnautica\u00bb _builder_version=\u00bb4.27.4&#8243; _module_preset=\u00bbdefault\u00bb title_level=\u00bbh2&#8243; title_font=\u00bb|300|||||||\u00bb title_text_align=\u00bbleft\u00bb title_text_color=\u00bbgcid-heading-color\u00bb title_font_size=\u00bb40px\u00bb min_height=\u00bb25px\u00bb custom_margin=\u00bb||-1px|||\u00bb custom_padding=\u00bb|0px||||\u00bb global_colors_info=\u00bb{%22gcid-heading-color%22:%91%22title_text_color%22%93,%22gcid-body-color%22:%91%22title_text_color%22%93}\u00bb][\/et_pb_heading][\/et_pb_column][\/et_pb_row][et_pb_row _builder_version=\u00bb4.27.4&#8243; background_color=\u00bbrgba(0,0,0,0.62)\u00bb background_size=\u00bbinitial\u00bb background_position=\u00bbtop_left\u00bb background_repeat=\u00bbrepeat\u00bb max_width=\u00bb2560px\u00bb min_height=\u00bb404.7px\u00bb custom_margin=\u00bb|auto|-3px|auto||\u00bb custom_padding=\u00bb5px|0px|4px|||\u00bb border_radii=\u00bbon|8px|8px|8px|8px\u00bb global_colors_info=\u00bb{}\u00bb][et_pb_column type=\u00bb4_4&#8243; _builder_version=\u00bb4.27.4&#8243; _module_preset=\u00bbdefault\u00bb global_colors_info=\u00bb{}\u00bb][et_pb_text _builder_version=\u00bb4.27.4&#8243; _module_preset=\u00bbdefault\u00bb text_text_color=\u00bbgcid-heading-color\u00bb text_font_size=\u00bb16px\u00bb text_orientation=\u00bbjustified\u00bb width=\u00bb100%\u00bb max_width=\u00bb1200px\u00bb module_alignment=\u00bbright\u00bb min_height=\u00bb329.7px\u00bb custom_margin=\u00bb|-23px|46px|37px||\u00bb custom_padding=\u00bb|8px||4px|false|false\u00bb global_colors_info=\u00bb{%22gcid-heading-color%22:%91%22text_text_color%22%93}\u00bb]<\/p>\n<p>Previo a la carga del formulario de inscripci\u00f3n deber\u00e1 contar con la siguiente documentaci\u00f3n la que se deber\u00e1 subir en un archivo en formato PDF:<\/p>\n<p>1- MEMORIA TECNICA.<br \/>Debe contener:<\/p>\n<ul id=\"block-0426f9a4-993a-48e6-9475-a7fc2556a3a4\">\n<li>DESCRIPCI\u00d3N DE LA ACTIVIDAD<\/li>\n<li>PLANO DE UBICACI\u00d3N<\/li>\n<li>PERSONAL TOTAL DE LA EMPRESA<\/li>\n<li>LISTADO DE SUSTANCIAS PELIGROSAS UTILIZADAS<\/li>\n<li>SISTEMA CONTRA INCENDIO (Plano de ubicaci\u00f3n de los matafuegos, etc.)<\/li>\n<li>DIAGRAMA DE PROCESOS (representaci\u00f3n gr\u00e1fica del proceso de actividad)<\/li>\n<li>DESCRIPCION DE EFLUENTES (si corresponde, permiso de vuelco a cauce o cloacas)<\/li>\n<li>PROCEDIMIENTOS PRECAUTORIOS Y DIAGNOSTICO PRECOZ (precauciones para evitar contingencias)<\/li>\n<li>MATERIAS PRIMAS\/INSUMOS<\/li>\n<li>MEDIDAS DE HIGIENE Y SEGURIDAD (caracter\u00edsticas, ubicaci\u00f3n y confecci\u00f3n del dep\u00f3sito de RRPP)<\/li>\n<\/ul>\n<p>2- FACTURA DE LUZ (donde figura el consumo el\u00e9ctrico)<br \/>3- HABILITACION MUNICIPAL O CONSTANCIA DE TRAMITE<br \/>4- CONSTANCIA AFIP<br \/>5- DOCUMENTACION LEGAL DE LA EMPRESA (solo personas jur\u00eddicas)<br \/>6- CONTRATO DE ALQUILER (si corresponde).<br \/>7- SI POSEE CERTIFICACION ISO 14000 O SIMILAR (Adjuntar certificado)<\/p>\n<p>Se deber\u00e1n ingresar al inicio del tr\u00e1mite los datos de la empresa que solicite la inscripci\u00f3n como generador y no los datos de la persona que realiza el tr\u00e1mite.<\/p>\n<p>La falta de la documentaci\u00f3n solicitada invalidar\u00e1 el inicio del tr\u00e1mite.<\/p>\n<p>Cualquier duda o consulta comunicarse al tel\u00e9fono 0261 3852692.<\/p>\n<p>[\/et_pb_text][et_pb_button button_text=\u00bbREALIZAR INSCRIPCI\u00d3N\u00bb _builder_version=\u00bb4.27.4&#8243; _module_preset=\u00bbdefault\u00bb url_new_window=\u00bbon\u00bb button_url=\u00bbhttps:\/\/ticketsform.mendoza.gov.ar\/ticketsform\/servlet\/responderformulario?FORMULARIO_RESIDUOS_PELIGROSOS_G_1&#8243; hover_enabled=\u00bb0&#8243; sticky_enabled=\u00bb0&#8243; button_alignment=\u00bbcenter\u00bb custom_margin=\u00bb||28px|||\u00bb][\/et_pb_button][\/et_pb_column][\/et_pb_row][\/et_pb_section]<\/p>\n","protected":false},"excerpt":{"rendered":"<p>Previo a la carga del formulario de inscripci\u00f3n deber\u00e1 contar con la siguiente documentaci\u00f3n la que se deber\u00e1 subir en un archivo en formato PDF: 1- MEMORIA TECNICA.Debe contener: DESCRIPCI\u00d3N DE LA ACTIVIDAD PLANO DE UBICACI\u00d3N PERSONAL TOTAL DE LA EMPRESA LISTADO DE SUSTANCIAS PELIGROSAS UTILIZADAS SISTEMA CONTRA INCENDIO (Plano de ubicaci\u00f3n de los matafuegos, [&hellip;]<\/p>\n","protected":false},"author":13,"featured_media":0,"parent":0,"menu_order":0,"comment_status":"closed","ping_status":"closed","template":"","meta":{"_et_pb_use_builder":"on","_et_pb_old_content":"","_et_gb_content_width":"","footnotes":""},"class_list":["post-1934","page","type-page","status-publish","hentry"],"_links":{"self":[{"href":"https:\/\/informacionoficial.mendoza.gob.ar\/energiayambiente\/wp-json\/wp\/v2\/pages\/1934","targetHints":{"allow":["GET"]}}],"collection":[{"href":"https:\/\/informacionoficial.mendoza.gob.ar\/energiayambiente\/wp-json\/wp\/v2\/pages"}],"about":[{"href":"https:\/\/informacionoficial.mendoza.gob.ar\/energiayambiente\/wp-json\/wp\/v2\/types\/page"}],"author":[{"embeddable":true,"href":"https:\/\/informacionoficial.mendoza.gob.ar\/energiayambiente\/wp-json\/wp\/v2\/users\/13"}],"replies":[{"embeddable":true,"href":"https:\/\/informacionoficial.mendoza.gob.ar\/energiayambiente\/wp-json\/wp\/v2\/comments?post=1934"}],"version-history":[{"count":13,"href":"https:\/\/informacionoficial.mendoza.gob.ar\/energiayambiente\/wp-json\/wp\/v2\/pages\/1934\/revisions"}],"predecessor-version":[{"id":1970,"href":"https:\/\/informacionoficial.mendoza.gob.ar\/energiayambiente\/wp-json\/wp\/v2\/pages\/1934\/revisions\/1970"}],"wp:attachment":[{"href":"https:\/\/informacionoficial.mendoza.gob.ar\/energiayambiente\/wp-json\/wp\/v2\/media?parent=1934"}],"curies":[{"name":"wp","href":"https:\/\/api.w.org\/{rel}","templated":true}]}}