{"id":2027,"date":"2025-07-01T16:26:49","date_gmt":"2025-07-01T14:26:49","guid":{"rendered":"https:\/\/informacionoficial.mendoza.gob.ar\/energiayambiente\/?page_id=2027"},"modified":"2026-03-02T13:07:58","modified_gmt":"2026-03-02T16:07:58","slug":"atencion-ciudadana-ministerios","status":"publish","type":"page","link":"https:\/\/informacionoficial.mendoza.gob.ar\/energiayambiente\/atencion-ciudadana-ministerios\/","title":{"rendered":"Atenci\u00f3n Ciudadana Energ\u00eda y Ambiente"},"content":{"rendered":"<p>[et_pb_section fb_built=\u00bb1&#8243; _builder_version=\u00bb4.27.4&#8243; _module_preset=\u00bbdefault\u00bb background_color=\u00bb#f2f2f2&#8243; custom_margin=\u00bb||||false|false\u00bb custom_padding=\u00bb1rem||1rem||false|false\u00bb global_colors_info=\u00bb{}\u00bb][et_pb_row _builder_version=\u00bb4.27.4&#8243; _module_preset=\u00bbdefault\u00bb custom_margin=\u00bb1rem||||false|false\u00bb custom_padding=\u00bb1rem||1rem||false|false\u00bb locked=\u00bboff\u00bb global_colors_info=\u00bb{}\u00bb][et_pb_column type=\u00bb4_4&#8243; _builder_version=\u00bb4.27.4&#8243; _module_preset=\u00bbdefault\u00bb global_colors_info=\u00bb{}\u00bb][et_pb_heading title=\u00bbAtenci\u00f3n Ciudadana\u00bb _builder_version=\u00bb4.27.4&#8243; _module_preset=\u00bbdefault\u00bb title_text_align=\u00bbcenter\u00bb title_text_color=\u00bb#141414&#8243; background_color=\u00bb#ffffff\u00bb custom_padding=\u00bb1em||1em||true|false\u00bb border_radii=\u00bbon|15px|15px|15px|15px\u00bb box_shadow_style=\u00bbpreset1&#8243; global_colors_info=\u00bb{}\u00bb][\/et_pb_heading][\/et_pb_column][\/et_pb_row][et_pb_row _builder_version=\u00bb4.27.4&#8243; _module_preset=\u00bbdefault\u00bb global_colors_info=\u00bb{}\u00bb][et_pb_column type=\u00bb4_4&#8243; _builder_version=\u00bb4.27.4&#8243; _module_preset=\u00bbdefault\u00bb global_colors_info=\u00bb{}\u00bb][et_pb_code _builder_version=\u00bb4.27.4&#8243; _module_preset=\u00bbdefault\u00bb width=\u00bb100%\u00bb max_width=\u00bb100%\u00bb custom_css_free_form=\u00bb.custom-search-form {||    text-align: center;||    margin: 20px auto;||    max-width: 80%;||    border: 1px solid #ccc;||    padding: 20px 4px;||    border-radius: 50px;||    font-size: 20px;||    box-shadow: 0 4px 8px rgba(0, 0, 0, 0.1);||    background: white;||    display: flex;||    flex-wrap: wrap;||    justify-content: center;||    gap: 10px;||}||||.custom-search-input {||    padding: 10px;||    width: 70%;||    border: none !important;||    background: transparent;||    border-radius: 50px;||    font-size: 20px;||}||||.custom-search-button {||    padding: 15px 20px 15px  20px;||    border: none;||    border-radius: 40px;||    background: rgb(223, 172, 107);||    color: white;||    font-size: 15px;||    cursor: pointer;||  \twidth:100px;||}||.custom-search-button img{||  display:none;||}||||||\/* Estilos responsive para m\u00f3viles *\/||@media screen and (max-width: 768px) {||    .custom-search-input {||        width: 70%;||        font-size: 18px;||    }||  .custom-search-input::placeholder {||    font-size: 12px;||}||||    .custom-search-button {||        width: 20%;||        padding: 15px;||        font-size: 16px;||    }||  .custom-search-button img{||    width:20px;||    display:flex||  }|| .custom-search-button p{||    display: none;||  }||    .custom-search-form {||        padding: 10px;||        font-size: 18px;||    }||}||\u00bb global_colors_info=\u00bb{}\u00bb]\n    <form method=\"get\" action=\"https:\/\/atencionciudadana.mendoza.gob.ar\/\" class=\"custom-search-form\">\n        <input type=\"text\" name=\"s\" placeholder=\"\u00bfQu\u00e9 tr\u00e1mite necesit\u00e1s?\" class=\"custom-search-input\" value=\"\" required>\n        <button type=\"submit\" class=\"custom-search-button\"><p>Buscar<\/p><image src=\"http:\/\/atencionciudadana.mendoza.gob.ar\/wp-content\/uploads\/2025\/06\/Diseno_sin_titulo__1_-removebg-preview.png\" alt=\"buscar\"\/><\/button>\n    <\/form>\n\n\n    [\/et_pb_code][\/et_pb_column][\/et_pb_row][et_pb_row use_custom_gutter=\u00bbon\u00bb gutter_width=\u00bb2&#8243; make_equal=\u00bbon\u00bb _builder_version=\u00bb4.27.4&#8243; _module_preset=\u00bbdefault\u00bb custom_margin=\u00bb0px||0px||false|false\u00bb custom_padding=\u00bb1rem||1rem||true|false\u00bb locked=\u00bboff\u00bb global_colors_info=\u00bb{}\u00bb][et_pb_column type=\u00bb4_4&#8243; _builder_version=\u00bb4.27.4&#8243; _module_preset=\u00bbdefault\u00bb custom_padding=\u00bb1em||||false|false\u00bb global_colors_info=\u00bb{}\u00bb][et_pb_text module_id=\u00bbcultura\u00bb _builder_version=\u00bb4.27.4&#8243; _module_preset=\u00bbdefault\u00bb text_font=\u00bb|600|||||||\u00bb text_text_color=\u00bb#FFFFFF\u00bb text_font_size=\u00bb20px\u00bb background_color=\u00bb#3CB4E5&#8243; custom_margin=\u00bb0px||0px||true|false\u00bb custom_padding=\u00bb1rem||1rem||true|false\u00bb border_radii=\u00bboff|15px|15px||\u00bb global_colors_info=\u00bb{}\u00bb]<\/p>\n<p style=\"text-align: center\">Tr\u00e1mites m\u00e1s buscados<\/p>\n<p>[\/et_pb_text][et_pb_text _builder_version=\u00bb4.27.4&#8243; _module_preset=\u00bbdefault\u00bb text_font=\u00bb|700|||||||\u00bb text_text_color=\u00bbgcid-840cd285-ee6f-49c1-abc9-5e893f3235b8&#8243; text_font_size=\u00bb0.85rem\u00bb text_line_height=\u00bb0.85rem\u00bb custom_margin=\u00bb19px||30px||false|false\u00bb locked=\u00bboff\u00bb global_colors_info=\u00bb{%22gcid-840cd285-ee6f-49c1-abc9-5e893f3235b8%22:%91%22text_text_color%22%93}\u00bb]<\/p>\n<p style=\"text-align: center\">Permiso Aconcagua<\/p>\n<p style=\"text-align: center\">_______________________________________<\/p>\n<p style=\"text-align: center\">Audiencias P\u00fablicas<\/p>\n<p style=\"text-align: center\">_______________________________________<\/p>\n<p style=\"text-align: center\">Carnet de Pesca<\/p>\n<p style=\"text-align: center\">_______________________________________<\/p>\n<p style=\"text-align: center\">Evaluaci\u00f3n de Impacto Ambiental<\/p>\n<p>[\/et_pb_text][\/et_pb_column][\/et_pb_row][et_pb_row column_structure=\u00bb1_2,1_2&#8243; use_custom_gutter=\u00bbon\u00bb gutter_width=\u00bb2&#8243; make_equal=\u00bbon\u00bb _builder_version=\u00bb4.27.4&#8243; _module_preset=\u00bbdefault\u00bb custom_margin=\u00bb0px||0px||false|false\u00bb custom_padding=\u00bb1rem||1rem||true|false\u00bb locked=\u00bboff\u00bb global_colors_info=\u00bb{}\u00bb][et_pb_column type=\u00bb1_2&#8243; _builder_version=\u00bb4.27.4&#8243; _module_preset=\u00bbdefault\u00bb custom_padding=\u00bb1em||||false|false\u00bb global_colors_info=\u00bb{}\u00bb][et_pb_text module_id=\u00bbcultura\u00bb _builder_version=\u00bb4.27.4&#8243; _module_preset=\u00bbdefault\u00bb text_font=\u00bb|600|||||||\u00bb text_text_color=\u00bb#FFFFFF\u00bb text_font_size=\u00bb20px\u00bb background_color=\u00bb#3CB4E5&#8243; custom_margin=\u00bb0px||0px||true|false\u00bb custom_padding=\u00bb1rem||1rem||true|false\u00bb border_radii=\u00bboff|15px|15px||\u00bb global_colors_info=\u00bb{}\u00bb]<\/p>\n<p style=\"text-align: center\">Energ\u00eda y Miner\u00eda<\/p>\n<p>[\/et_pb_text][et_pb_toggle title=\u00bbMiner\u00eda\u00bb open=\u00bbon\u00bb _builder_version=\u00bb4.27.4&#8243; _module_preset=\u00bbdefault\u00bb locked=\u00bboff\u00bb global_colors_info=\u00bb{}\u00bb]<\/p>\n<ul>\n<li><span style=\"color: #0091f2\"><a href=\"https:\/\/atencionciudadana.mendoza.gob.ar\/inscripcion-de-productores\/\" style=\"color: #0091f2\">Inscripci\u00f3n de Productores<\/a><\/span><\/li>\n<li><span style=\"color: #0091f2\"><a href=\"https:\/\/atencionciudadana.mendoza.gob.ar\/inscripcion-de-minas-de-tercera-categoria-obra-publica\/\" style=\"color: #0091f2\">Inscripci\u00f3n de Minas de 3ra Categor\u00eda.<\/a><\/span><\/li>\n<li><span style=\"color: #0091f2\">Solicitud de Mina de 3ra Categor\u00eda (F.N\u00b0)<\/span><\/li>\n<li><span style=\"color: #0091f2\"><a href=\"https:\/\/atencionciudadana.mendoza.gob.ar\/solicitud-guia-de-transporte-de-muestras\/\" style=\"color: #0091f2\">Solicitud de gu\u00eda de transporte de muestras<\/a><\/span><\/li>\n<li><span style=\"color: #0091f2\"><a href=\"https:\/\/atencionciudadana.mendoza.gob.ar\/registro-de-plantas-de-tratamiento-de-minerales\/\" style=\"color: #0091f2\">Registro de Plantas de Tratamiento de Minerales<\/a><\/span><\/li>\n<li><span style=\"color: #0091f2\"><a href=\"https:\/\/atencionciudadana.mendoza.gob.ar\/encuesta-anual-de-produccion\/\" style=\"color: #0091f2\">Encuesta Anual de Producci\u00f3n<\/a><\/span><\/li>\n<li><span style=\"color: #0091f2\"><a href=\"https:\/\/atencionciudadana.mendoza.gob.ar\/declaracion-jurada-de-buenas-practicas\/\" style=\"color: #0091f2\">Declaraci\u00f3n Jurada de Buenas Pr\u00e1cticas<\/a><\/span><\/li>\n<li><span style=\"color: #0091f2\"><a href=\"https:\/\/atencionciudadana.mendoza.gob.ar\/declaracion-jurada-tecnica\/\" style=\"color: #0091f2\">Declaraci\u00f3n Jurada T\u00e9cnica<\/a><\/span><\/li>\n<li><a href=\"https:\/\/atencionciudadana.mendoza.gob.ar\/solicitud-de-analisis-quimico-y-o-ensayos-metalurgicos\/\"><span style=\"color: #0091f2\">Solicitud de an\u00e1lisis<\/span><\/a><\/li>\n<\/ul>\n<p>[\/et_pb_toggle][\/et_pb_column][et_pb_column type=\u00bb1_2&#8243; _builder_version=\u00bb4.27.4&#8243; _module_preset=\u00bbdefault\u00bb custom_padding=\u00bb1em||||false|false\u00bb global_colors_info=\u00bb{}\u00bb][et_pb_text module_id=\u00bbcultura\u00bb _builder_version=\u00bb4.27.4&#8243; _module_preset=\u00bbdefault\u00bb text_font=\u00bb|600|||||||\u00bb text_text_color=\u00bb#FFFFFF\u00bb text_font_size=\u00bb20px\u00bb background_color=\u00bb#3CB4E5&#8243; custom_margin=\u00bb0px||0px||true|false\u00bb custom_padding=\u00bb1rem||1rem||true|false\u00bb border_radii=\u00bboff|15px|15px||\u00bb global_colors_info=\u00bb{}\u00bb]<\/p>\n<p style=\"text-align: center\">Ambiente<\/p>\n<p>[\/et_pb_text][et_pb_toggle title=\u00bbDenuncias\u00bb _builder_version=\u00bb4.27.4&#8243; _module_preset=\u00bbdefault\u00bb global_colors_info=\u00bb{}\u00bb]<\/p>\n<ul>\n<li><span style=\"color: #0091f2\"><a href=\"https:\/\/atencionciudadana.mendoza.gob.ar\/denuncias-por-maltrato-de-animales-domesticos\/\" style=\"color: #0091f2\">Por maltrato de animales dom\u00e9sticos<\/a><\/span><\/li>\n<li><span style=\"color: #0091f2\"><a href=\"https:\/\/atencionciudadana.mendoza.gob.ar\/denuncia-maltrato-de-animales-silvestres-y-domesticos\/\" style=\"color: #0091f2\">Por maltrato animal<\/a><\/span><\/li>\n<li><span style=\"color: #0091f2\"><a href=\"https:\/\/atencionciudadana.mendoza.gob.ar\/denuncia-ambiental\/\" style=\"color: #0091f2\">Ambientales<\/a><\/span><\/li>\n<li><span style=\"color: #0091f2\"><a href=\"https:\/\/atencionciudadana.mendoza.gob.ar\/denuncias\/\" style=\"color: #0091f2\">Hidr\u00e1ulicas (cauces de agua)<\/a><\/span><\/li>\n<\/ul>\n<p>[\/et_pb_toggle][et_pb_toggle title=\u00bb\u00c1reas Protegidas\u00bb _builder_version=\u00bb4.27.4&#8243; _module_preset=\u00bbdefault\u00bb global_colors_info=\u00bb{}\u00bb]<\/p>\n<ul>\n<li><span style=\"color: #0091f2\"><a href=\"https:\/\/atencionciudadana.mendoza.gob.ar\/reserva-natural-la-payunia-acampe\/\" style=\"color: #0091f2\">Reserva natural La Payunia &#8211; Acampe<\/a><\/span><\/li>\n<li><span style=\"color: #0091f2\"><a href=\"https:\/\/atencionciudadana.mendoza.gob.ar\/reserva-natural-la-payunia-visita-circuito\/\" style=\"color: #0091f2\">Reserva natural La Payunia visita circuito<\/a><\/span><\/li>\n<li><span style=\"color: #0091f2\"><a href=\"https:\/\/atencionciudadana.mendoza.gob.ar\/rerserva-natural-laguna-del-diamante\/\" style=\"color: #0091f2\">Reserva natural Laguna del Diamante<\/a><\/span><\/li>\n<li><span style=\"color: #0091f2\"><a href=\"https:\/\/atencionciudadana.mendoza.gob.ar\/reserva-natural-y-santuario-de-fauna-divisadero-largo\/\" style=\"color: #0091f2\">Reserva natural y santuario de fauna Divisadero Largo<\/a><\/span><\/li>\n<li><span style=\"color: #0091f2\"><a href=\"https:\/\/atencionciudadana.mendoza.gob.ar\/reserva-natual-caverna-de-las-brujas-recorrido-parcial\/\" style=\"color: #0091f2\">Reserva natural Caverna de las Brujas recorrido parcial<\/a><\/span><\/li>\n<li><span style=\"color: #0091f2\"><a href=\"https:\/\/atencionciudadana.mendoza.gob.ar\/reserva-natual-caverna-de-las-brujas-recorrido-total\/\" style=\"color: #0091f2\">Reserva natural Caverna de las Brujas recorrido total<\/a><\/span><\/li>\n<li><span style=\"color: #0091f2\"><a href=\"https:\/\/atencionciudadana.mendoza.gob.ar\/reserva-de-biosfera-nacunan-visita-por-el-dia\/\" style=\"color: #0091f2\">Reserva de Biosfera \u00d1acu\u00f1an visita por el dia<\/a><\/span><\/li>\n<li><span style=\"color: #0091f2\"><a href=\"https:\/\/atencionciudadana.mendoza.gob.ar\/reserva-de-biosfera-nacunan-acampe\/\" style=\"color: #0091f2\">Reserva de Biosfera \u00d1acu\u00f1an acampe<\/a><\/span><\/li>\n<li><span style=\"color: #0091f2\"><a href=\"https:\/\/atencionciudadana.mendoza.gob.ar\/area-natural-protegida-humedal-llancanelo\/\" style=\"color: #0091f2\">Area natural protegida Humedal Llancanelo<\/a><\/span><\/li>\n<li><span style=\"color: #0091f2\"><a href=\"https:\/\/atencionciudadana.mendoza.gob.ar\/circuito-turistico-interpretativo-laguna-de-los-horcones-quebrada-de-horcones\/\" style=\"color: #0091f2\">Circuito turistico interpretativo Laguna de los Horcones quebrada de horcones<\/a><\/span><\/li>\n<li><span style=\"color: #0091f2\"><a href=\"https:\/\/atencionciudadana.mendoza.gob.ar\/turno-de-escuelas-para-ingresar-a-areas-naturales-protegidas\/\" style=\"color: #0091f2\">Turno de escuelas para ingresar a areas naturales protegidas<\/a><\/span><\/li>\n<li><a href=\"https:\/\/atencionciudadana.mendoza.gob.ar\/informes-de-avance-e-informe-final\/\"><span style=\"color: #0091f2\">Investigaciones. Informe de avance e informe\u00a0 final<\/span><\/a><\/li>\n<\/ul>\n<p>[\/et_pb_toggle][et_pb_toggle title=\u00bbBiodiversidad y Ecoparque\u00bb _builder_version=\u00bb4.27.4&#8243; _module_preset=\u00bbdefault\u00bb global_colors_info=\u00bb{}\u00bb]<\/p>\n<ul>\n<li><span style=\"color: #0091f2\"><a href=\"https:\/\/atencionciudadana.mendoza.gob.ar\/denuncia-maltrato-de-animales-silvestres-y-domesticos\/\" style=\"color: #0091f2\">Denuncias por maltrato animal (dom\u00e9stico o silvestre)<\/a><\/span><\/li>\n<li><span style=\"color: #0091f2\"><a href=\"https:\/\/atencionciudadana.mendoza.gob.ar\/fauna-silvestre-inscripcion-de-agentes-de-venta-de-tickets-de-pesca\/\" style=\"color: #0091f2\">Inscripci\u00f3n de agentes de venta de tickets de pesca<\/a><\/span><\/li>\n<li><a href=\"https:\/\/atencionciudadana.mendoza.gob.ar\/adopcion-responsable-de-animales-de-corral\/\"><span style=\"color: #0091f2\">Adopci\u00f3n responsable de animales de corral<\/span><\/a><span style=\"font-size: 12px\"><\/span><\/li>\n<\/ul>\n<p>[\/et_pb_toggle][et_pb_toggle title=\u00bbOrganizaciones Ambientales\u00bb _builder_version=\u00bb4.27.4&#8243; _module_preset=\u00bbdefault\u00bb locked=\u00bboff\u00bb global_colors_info=\u00bb{}\u00bb]<\/p>\n<p><span style=\"color: #0091f2\"><a href=\"https:\/\/atencionciudadana.mendoza.gob.ar\/inscripcion-inventario-provincial-de-organizaciones-ambientales\/\" style=\"color: #0091f2\">Inscripci\u00f3n inventario provincial de organizaciones ambientales<\/a><\/span><\/p>\n<p>[\/et_pb_toggle][et_pb_toggle title=\u00bbN\u00e1utica\u00bb _builder_version=\u00bb4.27.4&#8243; _module_preset=\u00bbdefault\u00bb global_colors_info=\u00bb{}\u00bb]<\/p>\n<ul>\n<li><span style=\"color: #0091f2\"><a href=\"https:\/\/atencionciudadana.mendoza.gob.ar\/alta-de-embarcaciones-o-motores-en-el-registro-provincial-de-matriculas-nauticas\/\" style=\"color: #0091f2\">Alta de Embarcaciones o Motores en el Registro Provincial de Matr\u00edculas N\u00e1uticas<\/a><\/span><\/li>\n<li><span style=\"color: #0091f2\"><a href=\"https:\/\/atencionciudadana.mendoza.gob.ar\/baja-de-una-matricula-embarcacion\/\" style=\"color: #0091f2\">Baja de una matr\u00edcula embarcaci\u00f3n<\/a><\/span><\/li>\n<li><span style=\"color: #0091f2\"><a href=\"https:\/\/atencionciudadana.mendoza.gob.ar\/cambio-de-motor-de-una-embarcacion\/\" style=\"color: #0091f2\">Cambio de Motor de una embarcaci\u00f3n<\/a><\/span><\/li>\n<li><span style=\"color: #0091f2\"><a href=\"https:\/\/atencionciudadana.mendoza.gob.ar\/transferencia-de-embarcaciones\/\" style=\"color: #0091f2\">Transferencia de embarcaciones<\/a><a href=\"https:\/\/atencionciudadana.mendoza.gob.ar\/baja-de-una-matricula-embarcacion\/\" style=\"color: #0091f2\"><\/a><\/span><\/li>\n<li><span style=\"color: #0091f2\"><a href=\"https:\/\/atencionciudadana.mendoza.gob.ar\/licencia-de-conducir-embarcaciones\/\" style=\"color: #0091f2\">Licencia de conducir embarcaciones<\/a><\/span><\/li>\n<li><span style=\"color: #0091f2\"><a href=\"https:\/\/atencionciudadana.mendoza.gob.ar\/renovacion-licencia-de-conducir\/\" style=\"color: #0091f2\">Renovaci\u00f3n Licencia de conducir embarcaciones<\/a><\/span><\/li>\n<li><span style=\"color: #0091f2\"><a href=\"https:\/\/atencionciudadana.mendoza.gob.ar\/practicas-de-competencias-en-espejos-de-agua-de-la-provincia\/\" style=\"color: #0091f2\">Pr\u00e1cticas de competencias en espejos de agua de la provincia<\/a><\/span><\/li>\n<li><a href=\"https:\/\/atencionciudadana.mendoza.gob.ar\/practica-de-natacion-en-aguas-abiertas\/\"><span style=\"color: #0091f2\">Pr\u00e1cticas de nataci\u00f3n en aguas abiertas<\/span><\/a><\/li>\n<\/ul>\n<p><strong><\/strong><\/p>\n<ul><\/ul>\n<p>[\/et_pb_toggle][et_pb_toggle title=\u00bbGesti\u00f3n y Fiscalizaci\u00f3n Ambiental\u00bb _builder_version=\u00bb4.27.4&#8243; _module_preset=\u00bbdefault\u00bb hover_enabled=\u00bb0&#8243; global_colors_info=\u00bb{}\u00bb sticky_enabled=\u00bb0&#8243;]<\/p>\n<p>&nbsp;<\/p>\n<ul>\n<li><a href=\"https:\/\/atencionciudadana.mendoza.gob.ar\/inscripcion-de-generadores-de-residuos-peligrosos\/\"><span style=\"color: #0091f2\">Inscripci\u00f3n de Generadores de Residuos Peligrosos<\/span><\/a><\/li>\n<li><span style=\"color: #0091f2\"><a href=\"https:\/\/atencionciudadana.mendoza.gob.ar\/inscripcion-nuevos-operadores-fijos\/\" style=\"color: #0091f2\">Inscripci\u00f3n Nuevos Operadores Fijos<\/a><\/span><\/li>\n<li><a href=\"https:\/\/atencionciudadana.mendoza.gob.ar\/inscripcion-operadores-in-situ-de-residuos-peligrosos\/\"><span style=\"color: #0091f2\">Inscripci\u00f3n Nuevos Operadores In Situ<\/span><\/a><\/li>\n<li><span style=\"color: #0091f2\"><a href=\"https:\/\/atencionciudadana.mendoza.gob.ar\/renovacion-operadores-in-situ-de-residuos-peligrosos\/\" style=\"color: #0091f2\">Renovaci\u00f3n operadores in situ de residuos peligrosos<\/a><\/span><\/li>\n<li><span style=\"color: #0091f2\"><a href=\"https:\/\/atencionciudadana.mendoza.gob.ar\/renovacion-de-generadores-de-residuos-peligrosos-sin-cambios\/\" style=\"color: #0091f2\">Renovaci\u00f3n de generadores de residuos peligrosos sin cambios<\/a><\/span><\/li>\n<li><a href=\"https:\/\/atencionciudadana.mendoza.gob.ar\/renovacion-de-generadores-de-residuos-peligrosos-con-cambios\/\"><span style=\"color: #0091f2\">Renovaci\u00f3n de generadores de residuos peligrosos con cambios<\/span><\/a><\/li>\n<li><a href=\"https:\/\/atencionciudadana.mendoza.gob.ar\/renovacion-de-operadores-fijos-de-residuos-peligrosos\/\"><span style=\"color: #0091f2\">Renovaci\u00f3n de operadores fijos de residuos peligrosos<\/span><\/a><\/li>\n<\/ul>\n<p>[\/et_pb_toggle][et_pb_toggle title=\u00bbHidr\u00e1ulica\u00bb _builder_version=\u00bb4.27.4&#8243; _module_preset=\u00bbdefault\u00bb global_colors_info=\u00bb{}\u00bb]<\/p>\n<ul>\n<li><span style=\"color: #0091f2\"><a href=\"https:\/\/atencionciudadana.mendoza.gob.ar\/caracterizacion-de-riesgo-aluvional-o-inundable-de-terrenos\/\" style=\"color: #0091f2\">Caracterizaci\u00f3n de riesgo aluvional o inundable de terrenos<\/a><\/span><\/li>\n<li><span style=\"color: #0091f2\"><a href=\"https:\/\/atencionciudadana.mendoza.gob.ar\/emision-de-visado-del-proyecto-pluvioaluvional\/\" style=\"color: #0091f2\">Emisi\u00f3n visado de proyecto pluvioaluvional<\/a><\/span><\/li>\n<li><span style=\"color: #0091f2\"><a href=\"https:\/\/atencionciudadana.mendoza.gob.ar\/presentacion-correcciones-al-estudio-hidrologico-e-hidraulico\/\" style=\"color: #0091f2\">Presentaci\u00f3n de correcciones a proyectos pluvioaluvional<\/a><\/span><\/li>\n<li><span style=\"color: #0091f2\"><a href=\"https:\/\/atencionciudadana.mendoza.gob.ar\/emision-de-certificados-referidos-a-interferencia-de-servicios-publicos-con-cauces-y-o-infraestructura-de-la-direccion-de-hidraulica\/\" style=\"color: #0091f2\">Certificados de interferencia en servicios p\u00fablicos (cauces)<\/a><\/span><\/li>\n<li><span style=\"color: #0091f2\"><a href=\"https:\/\/atencionciudadana.mendoza.gob.ar\/certificado-final-de-obras\/\" style=\"color: #0091f2\">Certificado de final de obra<\/a><\/span><\/li>\n<li><a href=\"https:\/\/atencionciudadana.mendoza.gob.ar\/denuncias\/\"><span style=\"color: #0091f2\">Denuncias<\/span><\/a><\/li>\n<\/ul>\n<p>[\/et_pb_toggle][et_pb_toggle title=\u00bbUnidad de Evaluaciones Ambientales\u00bb _builder_version=\u00bb4.27.4&#8243; _module_preset=\u00bbdefault\u00bb global_colors_info=\u00bb{}\u00bb]<\/p>\n<ul>\n<li><a href=\"https:\/\/atencionciudadana.mendoza.gob.ar\/registro-de-consultores-ambientales-y-centros-de-investigacion-de-mendoza-inscripcion\/\" style=\"color: #0091f2\">Inscripci\u00f3n al Registro de Consultores Ambientales<\/a><\/li>\n<\/ul>\n<ul>\n<li><a href=\"\/\/atencionciudadana.mendoza.gob.ar\/registro-de-consultores-ambientales-y-centros-de-investigacion-de-mendoza-renovacion\/\"><span style=\"color: #0091f2\"><\/span><\/a><\/li>\n<\/ul>\n<p>[\/et_pb_toggle][\/et_pb_column][\/et_pb_row][\/et_pb_section]<\/p>\n","protected":false},"excerpt":{"rendered":"<p>\n    <form method=\"get\" action=\"https:\/\/atencionciudadana.mendoza.gob.ar\/\" class=\"custom-search-form\">\n        <input type=\"text\" name=\"s\" placeholder=\"\u00bfQu\u00e9 tr\u00e1mite necesit\u00e1s?\" class=\"custom-search-input\" value=\"\" required>\n        <button type=\"submit\" class=\"custom-search-button\"><p>Buscar<\/p><image src=\"http:\/\/atencionciudadana.mendoza.gob.ar\/wp-content\/uploads\/2025\/06\/Diseno_sin_titulo__1_-removebg-preview.png\" alt=\"buscar\"\/><\/button>\n    <\/form>\n\n\n    Tr\u00e1mites m\u00e1s buscadosPermiso Aconcagua _______________________________________ Audiencias P\u00fablicas _______________________________________ Carnet de Pesca _______________________________________ Evaluaci\u00f3n de Impacto AmbientalEnerg\u00eda y Miner\u00eda Inscripci\u00f3n de Productores Inscripci\u00f3n de Minas de 3ra Categor\u00eda. Solicitud de Mina de 3ra Categor\u00eda (F.N\u00b0) Solicitud de gu\u00eda de transporte de muestras Registro de Plantas de Tratamiento de Minerales Encuesta Anual de Producci\u00f3n Declaraci\u00f3n Jurada de [&hellip;]<\/p>\n","protected":false},"author":60,"featured_media":0,"parent":0,"menu_order":0,"comment_status":"closed","ping_status":"closed","template":"","meta":{"_et_pb_use_builder":"on","_et_pb_old_content":"","_et_gb_content_width":"","footnotes":""},"class_list":["post-2027","page","type-page","status-publish","hentry"],"_links":{"self":[{"href":"https:\/\/informacionoficial.mendoza.gob.ar\/energiayambiente\/wp-json\/wp\/v2\/pages\/2027","targetHints":{"allow":["GET"]}}],"collection":[{"href":"https:\/\/informacionoficial.mendoza.gob.ar\/energiayambiente\/wp-json\/wp\/v2\/pages"}],"about":[{"href":"https:\/\/informacionoficial.mendoza.gob.ar\/energiayambiente\/wp-json\/wp\/v2\/types\/page"}],"author":[{"embeddable":true,"href":"https:\/\/informacionoficial.mendoza.gob.ar\/energiayambiente\/wp-json\/wp\/v2\/users\/60"}],"replies":[{"embeddable":true,"href":"https:\/\/informacionoficial.mendoza.gob.ar\/energiayambiente\/wp-json\/wp\/v2\/comments?post=2027"}],"version-history":[{"count":36,"href":"https:\/\/informacionoficial.mendoza.gob.ar\/energiayambiente\/wp-json\/wp\/v2\/pages\/2027\/revisions"}],"predecessor-version":[{"id":6921,"href":"https:\/\/informacionoficial.mendoza.gob.ar\/energiayambiente\/wp-json\/wp\/v2\/pages\/2027\/revisions\/6921"}],"wp:attachment":[{"href":"https:\/\/informacionoficial.mendoza.gob.ar\/energiayambiente\/wp-json\/wp\/v2\/media?parent=2027"}],"curies":[{"name":"wp","href":"https:\/\/api.w.org\/{rel}","templated":true}]}}