{"id":2334,"date":"2025-08-14T14:36:46","date_gmt":"2025-08-14T12:36:46","guid":{"rendered":"https:\/\/informacionoficial.mendoza.gob.ar\/energiayambiente\/?page_id=2334"},"modified":"2025-08-14T14:40:31","modified_gmt":"2025-08-14T12:40:31","slug":"guias-de-trekking","status":"publish","type":"page","link":"https:\/\/informacionoficial.mendoza.gob.ar\/energiayambiente\/guias-de-trekking\/","title":{"rendered":"Gu\u00edas de Trekking"},"content":{"rendered":"<p>[et_pb_section fb_built=\u00bb1&#8243; _builder_version=\u00bb4.27.4&#8243; use_background_color_gradient=\u00bbon\u00bb background_color_gradient_direction=\u00bb1deg\u00bb background_color_gradient_stops=\u00bb#ffffff 6%|#000000 17%\u00bb background_image=\u00bbhttps:\/\/mza-dicaws-portal-uploads-media-prod.s3.us-east-1.amazonaws.com\/informacion-oficial\/uploads\/sites\/12\/2025\/06\/Atardecer-2.jpg\u00bb background_blend=\u00bbscreen\u00bb width=\u00bb100%\u00bb min_height=\u00bb1314.6px\u00bb custom_margin=\u00bb||-8px|||\u00bb custom_padding=\u00bb||8px|||\u00bb border_color_all=\u00bb#FFFFFF\u00bb global_colors_info=\u00bb{}\u00bb theme_builder_area=\u00bbpost_content\u00bb][et_pb_row _builder_version=\u00bb4.27.4&#8243; background_size=\u00bbinitial\u00bb background_position=\u00bbtop_left\u00bb background_repeat=\u00bbrepeat\u00bb max_width=\u00bb2560px\u00bb custom_padding=\u00bb27px|||||\u00bb global_colors_info=\u00bb{}\u00bb theme_builder_area=\u00bbpost_content\u00bb][et_pb_column type=\u00bb4_4&#8243; _builder_version=\u00bb4.27.4&#8243; _module_preset=\u00bbdefault\u00bb global_colors_info=\u00bb{}\u00bb theme_builder_area=\u00bbpost_content\u00bb][et_pb_heading title=\u00bbGu\u00edas de Trekking\u00bb _builder_version=\u00bb4.27.4&#8243; _module_preset=\u00bbdefault\u00bb title_font=\u00bb|300|||||||\u00bb title_text_align=\u00bbcenter\u00bb title_text_color=\u00bb#FFFFFF\u00bb title_font_size=\u00bb3.5rem\u00bb min_height=\u00bb54px\u00bb custom_margin=\u00bb||-1px|||\u00bb hover_enabled=\u00bb0&#8243; title_text_shadow_style=\u00bbpreset1&#8243; global_colors_info=\u00bb{}\u00bb theme_builder_area=\u00bbpost_content\u00bb sticky_enabled=\u00bb0&#8243;][\/et_pb_heading][\/et_pb_column][\/et_pb_row][et_pb_row column_structure=\u00bb1_3,1_3,1_3&#8243; _builder_version=\u00bb4.27.4&#8243; _module_preset=\u00bbdefault\u00bb background_color=\u00bbrgba(255,255,255,0.75)\u00bb max_width=\u00bb2436px\u00bb min_height=\u00bb1682.8px\u00bb custom_padding=\u00bb35px|25px|15px|25px|false|false\u00bb border_radii=\u00bbon|8px|8px|8px|8px\u00bb global_colors_info=\u00bb{}\u00bb theme_builder_area=\u00bbpost_content\u00bb][et_pb_column type=\u00bb1_3&#8243; _builder_version=\u00bb4.27.4&#8243; _module_preset=\u00bbdefault\u00bb global_colors_info=\u00bb{}\u00bb theme_builder_area=\u00bbpost_content\u00bb][et_pb_text _builder_version=\u00bb4.27.4&#8243; _module_preset=\u00bbdefault\u00bb text_orientation=\u00bbcenter\u00bb width=\u00bb100%\u00bb module_alignment=\u00bbcenter\u00bb hover_enabled=\u00bb0&#8243; global_colors_info=\u00bb{}\u00bb theme_builder_area=\u00bbpost_content\u00bb sticky_enabled=\u00bb0&#8243;]<a href=\"http:\/\/www.aconcaguaviejo.mendoza.gov.ar\/index.php?option=com_contact&amp;view=contact&amp;id=119:scellato-carlos&amp;catid=102&amp;Itemid=693\">SCELLATO, CARLOS<\/a><\/td>\n<td>ingl\u00e9s<\/td>\n<td><a href=\"mailto:carloscellato33@gmail.com\">carloscellato33@gmail.com<\/a><\/td>\n<td>00 54 261 4324079<\/td>\n<td>00 54 9 261 2053091<\/td>\n<td><\/td>\n<\/tr>\n<tr>\n<td><a href=\"http:\/\/www.aconcaguaviejo.mendoza.gov.ar\/index.php?option=com_contact&amp;view=contact&amp;id=122:fredes-claudio&amp;catid=102&amp;Itemid=693\">FREDES, CLAUDIO<\/a><\/td>\n<td>ingl\u00e9s<\/td>\n<td><a href=\"mailto:claudio_fredes2007@hotmail.com\">claudio_fredes2007@hotmail.com<\/a><\/td>\n<td><\/td>\n<td>00 54 9 261 6094132<\/td>\n<td><\/td>\n<\/tr>\n<tr>\n<td><a href=\"http:\/\/www.aconcaguaviejo.mendoza.gov.ar\/index.php?option=com_contact&amp;view=contact&amp;id=128:gomez-santiago-cesar&amp;catid=102&amp;Itemid=693\">GOMEZ, SANTIAGO CESAR<\/a><\/td>\n<td>Ingl\u00e9s<\/td>\n<td><a href=\"mailto:santiago.andes@gmail.com\">santiago.andes@gmail.com<\/a><\/td>\n<td><\/td>\n<td>00 54 261 9 5169487<\/td>\n<td><\/td>\n<\/tr>\n<tr>\n<td><a href=\"http:\/\/www.aconcaguaviejo.mendoza.gov.ar\/index.php?option=com_contact&amp;view=contact&amp;id=129:de-filippi-bruno-javier&amp;catid=102&amp;Itemid=693\">DE FILIPPI, BRUNO JAVIER<\/a><\/td>\n<td>Ingl\u00e9s<\/td>\n<td><a href=\"mailto:bjdefilippi@gmail.com\">bjdefilippi@gmail.com<\/a><\/td>\n<td>54 261 4241596<\/td>\n<td>54 9 261 544404<\/td>\n<td><\/td>\n<\/tr>\n<tr>\n<td><a href=\"http:\/\/www.aconcaguaviejo.mendoza.gov.ar\/index.php?option=com_contact&amp;view=contact&amp;id=135:del-campo-ezequiel&amp;catid=102&amp;Itemid=693\">DEL CAMPO, EZEQUIEL<\/a><\/td>\n<td>ingl\u00e9s \/\/ portugu\u00e9s<\/td>\n<td><a href=\"mailto:ezebm1@hotmail.com\">ezebm1@hotmail.com<\/a><\/td>\n<td>00 54 0261 4242975<\/td>\n<td>00 54 9 261 5615803<\/td>\n<td><\/td>\n<\/tr>\n<tr>\n<td><a href=\"http:\/\/www.aconcaguaviejo.mendoza.gov.ar\/index.php?option=com_contact&amp;view=contact&amp;id=146:vaglienti-jorge&amp;catid=102&amp;Itemid=693\">VAGLIENTTI, JORGE<\/a><\/td>\n<td>\u2026.<\/td>\n<td><a href=\"mailto:jorge@acampartrek.com.ar\">jorge@acampartrek.com.ar<\/a><\/td>\n<td>00 54 341 4351750<\/td>\n<td>00 54 9 341 5427965<\/td>\n<td><\/td>\n<\/tr>\n<tr>\n<td><a href=\"http:\/\/www.aconcaguaviejo.mendoza.gov.ar\/index.php?option=com_contact&amp;view=contact&amp;id=148:disparti-daniel&amp;catid=102&amp;Itemid=693\">DISPARTI, DANIEL<\/a><\/td>\n<td>ingl\u00e9s<\/td>\n<td><a href=\"mailto:info@danieldisparti.com.ar\">info@danieldisparti.com.ar<\/a><\/td>\n<td><\/td>\n<td>00 54 9 261 6659245<\/td>\n<td>MENDOZA<\/td>\n<\/tr>\n<tr>\n<td><a href=\"http:\/\/www.aconcaguaviejo.mendoza.gov.ar\/index.php?option=com_contact&amp;view=contact&amp;id=152:ancieta-oscar&amp;catid=102&amp;Itemid=693\">ANCIETA, OSCAR<\/a><\/td>\n<td>ingl\u00e9s<\/td>\n<td><a href=\"mailto:ancietaapn@yahoo.com.ar\">ancietaapn@yahoo.com.ar<\/a><\/td>\n<td><\/td>\n<td>54 9 261 5355067<\/td>\n<td><\/td>\n<\/tr>\n<tr>\n<td><a href=\"http:\/\/www.aconcaguaviejo.mendoza.gov.ar\/index.php?option=com_contact&amp;view=contact&amp;id=156:aveiro-ruben-dario&amp;catid=102&amp;Itemid=693\">AVEIRO, RUBEN DARIO<\/a><\/td>\n<td><\/td>\n<td><\/td>\n<td><\/td>\n<td><\/td>\n<td><\/td>\n<\/tr>\n<tr>\n<td><a href=\"http:\/\/www.aconcaguaviejo.mendoza.gov.ar\/index.php?option=com_contact&amp;view=contact&amp;id=273:esparza-agustin&amp;catid=102&amp;Itemid=693\">ESPARZA, CRISTIAN AGUST\u00cdN<\/a><\/td>\n<td>Ingl\u00e9s<\/td>\n<td><a href=\"mailto:cristianesparza22@yahoo.com\">cristianesparza22@yahoo.com<\/a><\/td>\n<td><\/td>\n<td>00 54 9 3541 389215<\/td>\n<td><\/td>\n<\/tr>\n<tr>\n<td><a href=\"http:\/\/www.aconcaguaviejo.mendoza.gov.ar\/index.php?option=com_contact&amp;view=contact&amp;id=336:sotelo-nicolas&amp;catid=102&amp;Itemid=693\">SOTELO, Nicolas<\/a><\/td>\n<td>ingl\u00e9s<\/td>\n<td><a href=\"mailto:nicolas.sotelo@hotmail.com\">nicolas.sotelo@hotmail.com<\/a><\/td>\n<td><\/td>\n<td>00 54 9 261 5692650<\/td>\n<td><\/td>\n<\/tr>\n<tr>\n<td><a href=\"http:\/\/www.aconcaguaviejo.mendoza.gov.ar\/index.php?option=com_contact&amp;view=contact&amp;id=340:sentis-marcos&amp;catid=102&amp;Itemid=693\">SENTIS, MARCOS<\/a><\/td>\n<td><\/td>\n<td><a href=\"mailto:sentismarcos@yahoo.com\">sentismarcos@yahoo.com<\/a><\/td>\n<td><\/td>\n<td>54 9 261 5199319<\/td>\n<td><\/td>\n<\/tr>\n<tr>\n<td><a href=\"http:\/\/www.aconcaguaviejo.mendoza.gov.ar\/index.php?option=com_contact&amp;view=contact&amp;id=358:cibantos-paola&amp;catid=102&amp;Itemid=693\">CIBANTOS, PAOLA<\/a><\/td>\n<td><\/td>\n<td><a href=\"mailto:paocibantos@hotmail.com\">paocibantos@hotmail.com<\/a><\/td>\n<td><\/td>\n<td>54 9 260 4562076<\/td>\n<td><\/td>\n<\/tr>\n<tr>\n<td><a href=\"http:\/\/www.aconcaguaviejo.mendoza.gov.ar\/index.php?option=com_contact&amp;view=contact&amp;id=366:grosz-javier&amp;catid=102&amp;Itemid=693\">GROSZ, JAVIER<\/a><\/td>\n<td>ingl\u00e9s<\/td>\n<td><a href=\"mailto:javierestebangrosz@yahoo.com.ar\">javierestebangrosz@yahoo.com.ar<\/a><\/td>\n<td><\/td>\n<td>00 54 9 261 5757744<\/td>\n<td><\/td>\n<\/tr>\n<tr>\n<td><a href=\"http:\/\/www.aconcaguaviejo.mendoza.gov.ar\/index.php?option=com_contact&amp;view=contact&amp;id=368:calderon-mauricio&amp;catid=102&amp;Itemid=693\">CALDERON, MAURICIO<\/a><\/td>\n<td>Ingl\u00e9s<\/td>\n<td><a href=\"mailto:mauriciocalderonguide@gmail.com\">mauriciocalderonguide@gmail.com<\/a><\/td>\n<td><\/td>\n<td>00 54 9 261 4668595<\/td>\n<td><\/td>\n<\/tr>\n<tr>\n<td><a href=\"http:\/\/www.aconcaguaviejo.mendoza.gov.ar\/index.php?option=com_contact&amp;view=contact&amp;id=370:roldan-guillermo&amp;catid=102&amp;Itemid=693\">ROLDAN, GUILLERMO<\/a><\/td>\n<td><\/td>\n<td><\/td>\n<td><\/td>\n<td><\/td>\n<td><\/td>\n<\/tr>\n<tr>\n<td><a href=\"http:\/\/www.aconcaguaviejo.mendoza.gov.ar\/index.php?option=com_contact&amp;view=contact&amp;id=375:rodriguez-martin-gonzalo&amp;catid=102&amp;Itemid=693\">RODRIGUEZ MARTIN, GONZALO<\/a><\/td>\n<td><\/td>\n<td><a href=\"mailto:22knverticales@gmail.com\">22knverticales@gmail.com<\/a><\/td>\n<td><\/td>\n<td>54 9 351 6281818<\/td>\n<td><\/td>\n<\/tr>\n<tr>\n<td><a href=\"http:\/\/www.aconcaguaviejo.mendoza.gov.ar\/index.php?option=com_contact&amp;view=contact&amp;id=376:abaca-rolando-alberto&amp;catid=102&amp;Itemid=693\">ABACA, ROLANDO ALBERTO<\/a><\/td>\n<td><\/td>\n<td><a href=\"mailto:roloabaca@hotmail.com\">roloabaca@hotmail.com<\/a><\/td>\n<td><\/td>\n<td>54 9 261 5178207<\/td>\n<td><\/td>\n<\/tr>\n<\/tbody>\n<\/table>\n<p>[\/et_pb_text][\/et_pb_column][et_pb_column type=\u00bb1_3&#8243; _builder_version=\u00bb4.27.4&#8243; _module_preset=\u00bbdefault\u00bb global_colors_info=\u00bb{}\u00bb theme_builder_area=\u00bbpost_content\u00bb][et_pb_text _builder_version=\u00bb4.27.4&#8243; _module_preset=\u00bbdefault\u00bb text_orientation=\u00bbcenter\u00bb width=\u00bb100%\u00bb module_alignment=\u00bbcenter\u00bb global_colors_info=\u00bb{}\u00bb theme_builder_area=\u00bbpost_content\u00bb]<a href=\"http:\/\/www.aconcaguaviejo.mendoza.gov.ar\/index.php?option=com_contact&amp;view=contact&amp;id=386:altamiranda-maria-paula&amp;catid=102&amp;Itemid=693\">ALTAMIRANDA, MARIA PAULA<\/a><\/td>\n<td>Ingl\u00e9s<\/td>\n<td><a href=\"mailto:paula-altamiranda@hotmail.com\">paula-altamiranda@hotmail.com<\/a><\/td>\n<td><\/td>\n<td>54 9 260 4390544<\/td>\n<p>&gt;<a href=\"http:\/\/www.aconcaguaviejo.mendoza.gov.ar\/index.php?option=com_contact&amp;view=contact&amp;id=398:argumedo-esteban&amp;catid=102&amp;Itemid=693\">ARGUMEDO, ESTEBAN<\/a><\/td>\n<td>ingl\u00e9s<\/td>\n<td><a href=\"mailto:maxiargumedo@gmail.com\">maxiargumedo@gmail.com<\/a><\/td>\n<td><\/td>\n<td>54 9 261 6026924<\/td>\n<p><a href=\"http:\/\/www.aconcaguaviejo.mendoza.gov.ar\/index.php?option=com_contact&amp;view=contact&amp;id=400:campos-juan&amp;catid=102&amp;Itemid=693\">CAMPOS, JUAN MARTIN<\/a><\/td>\n<td>Ingl\u00e9s \u2013 Portugu\u00e9s<\/td>\n<td><a href=\"mailto:jmcampos@live.com.ar\">jmcampos@live.com.ar<\/a><\/td>\n<td><\/td>\n<td>54 9 261 5713733<\/td>\n<td><\/td>\n<\/tr>\n<tr>\n<td><a href=\"http:\/\/www.aconcaguaviejo.mendoza.gov.ar\/index.php?option=com_contact&amp;view=contact&amp;id=424:vilche&amp;catid=102&amp;Itemid=693\">VILCHE, JUAN<\/a><\/td>\n<p><a href=\"http:\/\/www.aconcaguaviejo.mendoza.gov.ar\/index.php?option=com_contact&amp;view=contact&amp;id=425:martinez-taca-vladimir&amp;catid=102&amp;Itemid=693\">MARTINEZ TACA, VLADIMIR<\/a><\/td>\n<td><\/td>\n<td><a href=\"mailto:mtvladimiro@yahoo.com.ar\">mtvladimiro@yahoo.com.ar<\/a><\/td>\n<td><\/td>\n<td>54 9 261 5533824<\/td>\n<td><\/td>\n<\/tr>\n<tr>\n<td><a href=\"http:\/\/www.aconcaguaviejo.mendoza.gov.ar\/index.php?option=com_contact&amp;view=contact&amp;id=438:torres-florencia&amp;catid=102&amp;Itemid=693\">TORRES, FLORENCIA<\/a><\/td>\n<td>Ingl\u00e8s<\/td>\n<td><a href=\"mailto:flor.ts@hotmail.com\">flor.ts@hotmail.com<\/a><\/td>\n<td>54 261 4316196<\/td>\n<td>54 9 261 5194907<\/td>\n<td><\/td>\n<\/tr>\n<tr>\n<td><a href=\"http:\/\/www.aconcaguaviejo.mendoza.gov.ar\/index.php?option=com_contact&amp;view=contact&amp;id=449:balado-rodrigo&amp;catid=102&amp;Itemid=693\">BALADO, RODRIGO<\/a><\/td>\n<td><\/td>\n<td><a href=\"mailto:rodrigobalado@yahoo.com.ar\">rodrigobalado@yahoo.com.ar<\/a><\/td>\n<td>00 54 261 4318411<\/td>\n<td>00 54 9 261 5945633<\/td>\n<td><\/td>\n<\/tr>\n<tr>\n<td><a href=\"http:\/\/www.aconcaguaviejo.mendoza.gov.ar\/index.php?option=com_contact&amp;view=contact&amp;id=453:morales-bettiana&amp;catid=102&amp;Itemid=693\">MORALES, BETTIANA<\/a><\/td>\n<td>ingl\u00e9s<\/td>\n<td><a href=\"mailto:delmonteconzonda@gmail.com\">delmonteconzonda@gmail.com<\/a><\/td>\n<td>00 54 261 4941288 \/\/ 00 54 261 4248423<\/td>\n<td>00 54 9 261 6093997<\/td>\n<td><\/td>\n<\/tr>\n<tr>\n<td><a href=\"http:\/\/www.aconcaguaviejo.mendoza.gov.ar\/index.php?option=com_contact&amp;view=contact&amp;id=456:spinelli-sebastian-daniel&amp;catid=102&amp;Itemid=693\">SPINELLI, SEBASTIAN DANIEL<\/a><\/td>\n<td>ingl\u00e9s<\/td>\n<td><a href=\"mailto:seba.spinelli15@gmail.com\">seba.spinelli15@gmail.com<\/a><\/td>\n<td>54 261 4323442<\/td>\n<td>54 9 261 6157774<\/td>\n<td><\/td>\n<\/tr>\n<tr>\n<td><a href=\"http:\/\/www.aconcaguaviejo.mendoza.gov.ar\/index.php?option=com_contact&amp;view=contact&amp;id=464:zangrandi-dario&amp;catid=102&amp;Itemid=693\">ZANGRANDI DARIO<\/a><\/td>\n<td><\/td>\n<td><a href=\"mailto:comunidadapa@gmail.com\">comunidadapa@gmail.com<\/a><\/td>\n<td><\/td>\n<td><\/td>\n<td><\/td>\n<\/tr>\n<tr>\n<td><a href=\"http:\/\/www.aconcaguaviejo.mendoza.gov.ar\/index.php?option=com_contact&amp;view=contact&amp;id=475:nestares-padilla-cruz-matias-nicolas&amp;catid=102&amp;Itemid=693\">NESTARES PADILLA CRUZ MATIAS NICOLAS<\/a><\/td>\n<td><\/td>\n<td><a href=\"mailto:nestaresmn@hotmail.com\">nestaresmn@hotmail.com<\/a><\/td>\n<td>54 261 4287827<\/td>\n<td>54 9 261 3657280<\/td>\n<td><\/td>\n<\/tr>\n<tr>\n<td><a href=\"http:\/\/www.aconcaguaviejo.mendoza.gov.ar\/index.php?option=com_contact&amp;view=contact&amp;id=508:loretti-jonathan-jesus&amp;catid=102&amp;Itemid=693\">LORETTI Jonathan Jes\u00fas<\/a><\/td>\n<td>Ingl\u00e9s<\/td>\n<td><a href=\"mailto:hipjoni-05@hotmail.com\">hipjoni-05@hotmail.com<\/a><\/td>\n<td><\/td>\n<td>00 54 9 261 5591231<\/td>\n<td><\/td>\n<\/tr>\n<tr>\n<td><a href=\"http:\/\/www.aconcaguaviejo.mendoza.gov.ar\/index.php?option=com_contact&amp;view=contact&amp;id=509:doldan-ezequiel&amp;catid=102&amp;Itemid=693\">DOLDAN, EZEQUIEL<\/a><\/td>\n<td><\/td>\n<td><a href=\"mailto:comunidadapa@gmail.com\">comunidadapa@gmail.com<\/a><\/td>\n<td><\/td>\n<td><\/td>\n<td><\/td>\n<\/tr>\n<tr>\n<td><a href=\"http:\/\/www.aconcaguaviejo.mendoza.gov.ar\/index.php?option=com_contact&amp;view=contact&amp;id=527:juarez-facundo&amp;catid=102&amp;Itemid=693\">JUAREZ, FACUNDO<\/a><\/td>\n<td><\/td>\n<td><a href=\"mailto:facundojz@gmail.com\">facundojz@gmail.com<\/a><\/td>\n<td>00 54 220 4777076<\/td>\n<td>00 54 9 2227 415853<\/td>\n<td><\/td>\n<\/tr>\n<tr>\n<td><a href=\"http:\/\/www.aconcaguaviejo.mendoza.gov.ar\/index.php?option=com_contact&amp;view=contact&amp;id=530:vargas&amp;catid=102&amp;Itemid=693\">VARGAS, Carolina<\/a><\/td>\n<td>ingl\u00e9s<\/td>\n<td><a href=\"mailto:caros31@hotmail.com\">caros31@hotmail.com<\/a><\/td>\n<td>00 54 261 4978652<\/td>\n<td>00 54 9 261 6903105<\/td>\n<td><\/td>\n<\/tr>\n<tr>\n<td><a href=\"http:\/\/www.aconcaguaviejo.mendoza.gov.ar\/index.php?option=com_contact&amp;view=contact&amp;id=534:castelucci-pablo-fabian&amp;catid=102&amp;Itemid=693\">CASTELUCCI, Pablo Fabi\u00e1n<\/a><\/td>\n<td><\/td>\n<td><a href=\"mailto:castelucci.pablo@gmail.com\">castelucci.pablo@gmail.com<\/a><\/td>\n<td>54 261 4951433<\/td>\n<td>54 9 261 3906636<\/td>\n<td><\/td>\n<\/tr>\n<tr>\n<td><a href=\"http:\/\/www.aconcaguaviejo.mendoza.gov.ar\/index.php?option=com_contact&amp;view=contact&amp;id=538:farmache-maria-emilia&amp;catid=102&amp;Itemid=693\">FARMACHE, Maria Emilia<\/a><\/td>\n<td>Ingl\u00e9s<\/td>\n<td><a href=\"mailto:mefarmache@hotmail.com\">mefarmache@hotmail.com<\/a><\/td>\n<td>00 54 261 4965035<\/td>\n<td>00 54 9 261 2061207<\/td>\n<td><\/td>\n<\/tr>\n<tr>\n<td><a href=\"http:\/\/www.aconcaguaviejo.mendoza.gov.ar\/index.php?option=com_contact&amp;view=contact&amp;id=542:jones-martin&amp;catid=102&amp;Itemid=693\">JONES, Mart\u00edn<\/a><\/td>\n<td>Ingl\u00e9s<\/td>\n<td><a href=\"mailto:tinchojones@yahoo.com\">tinchojones@yahoo.com<\/a><\/td>\n<td><\/td>\n<td>54 9 261 5432171<\/td>\n<td><\/td>\n<\/tr>\n<tr>\n<td><a href=\"http:\/\/www.aconcaguaviejo.mendoza.gov.ar\/index.php?option=com_contact&amp;view=contact&amp;id=543:arcos-diego-alberto&amp;catid=102&amp;Itemid=693\">ARCOS, Diego Alberto<\/a><\/td>\n<td>Ingl\u00e9s<\/td>\n<td><a href=\"mailto:diego.arcos931@gmail.com\">diego.arcos931@gmail.com<\/a><\/td>\n<td>00 54 261 4964223<\/td>\n<td>00 54 9 261 6636029<\/td>\n<\/tr>\n<\/tbody>\n<\/table>\n<\/figure>\n<p>&nbsp;[\/et_pb_text][\/et_pb_column][et_pb_column type=\u00bb1_3&#8243; _builder_version=\u00bb4.27.4&#8243; _module_preset=\u00bbdefault\u00bb global_colors_info=\u00bb{}\u00bb theme_builder_area=\u00bbpost_content\u00bb][et_pb_text _builder_version=\u00bb4.27.4&#8243; _module_preset=\u00bbdefault\u00bb text_orientation=\u00bbcenter\u00bb width=\u00bb100%\u00bb module_alignment=\u00bbcenter\u00bb min_height=\u00bb1821.8px\u00bb hover_enabled=\u00bb0&#8243; global_colors_info=\u00bb{}\u00bb theme_builder_area=\u00bbpost_content\u00bb sticky_enabled=\u00bb0&#8243;]<a href=\"http:\/\/www.aconcaguaviejo.mendoza.gov.ar\/index.php?option=com_contact&amp;view=contact&amp;id=549:sarmiento-yemil-eloy&amp;catid=102&amp;Itemid=693\">SARMIENTO, Yemil Eloy<\/a> Ingl\u00e9s <a href=\"mailto:yemil@altorumbo.com.ar\">yemil@altorumbo.com.ar<\/a> 00 54 9 351 6164949 <a href=\"http:\/\/www.aconcaguaviejo.mendoza.gov.ar\/index.php?option=com_contact&amp;view=contact&amp;id=553:dell-agnola-gonzalo&amp;catid=102&amp;Itemid=693\">DELL AGNOLA, Gonzalo<\/a> Ingl\u00e9s \/\/ Franc\u00e9s <a href=\"mailto:gdelascumbres@gmail.com\">gdelascumbres@gmail.com<\/a> 54 261 4913905 54 9 261 3455186 <a href=\"http:\/\/www.aconcaguaviejo.mendoza.gov.ar\/index.php?option=com_contact&amp;view=contact&amp;id=554:martinez-estefania&amp;catid=102&amp;Itemid=693\">MARTINEZ, ESTEFANIA<\/a> \u2026. <a href=\"mailto:estefaniamartinezlarsen@gmail.com\">estefaniamartinezlarsen@gmail.com<\/a> 00 54 9 261 5921034<\/p>\n<p><a href=\"http:\/\/www.aconcaguaviejo.mendoza.gov.ar\/index.php?option=com_contact&amp;view=contact&amp;id=555:estevez-christian&amp;catid=102&amp;Itemid=693\">ESTEVEZ CHRISTIAN<\/a> Ingl\u00e9s <a href=\"mailto:estevezchristian@hotmail.com\">estevezchristian@hotmail.com<\/a> 54 9 261 3017383 <a href=\"http:\/\/www.aconcaguaviejo.mendoza.gov.ar\/index.php?option=com_contact&amp;view=contact&amp;id=557:crespo-juan-david&amp;catid=102&amp;Itemid=693\">CRESPO, Juan David<\/a> <a href=\"http:\/\/www.aconcaguaviejo.mendoza.gov.ar\/index.php?option=com_contact&amp;view=contact&amp;id=559:aristiaran-victor&amp;catid=102&amp;Itemid=693\">ARISTIARAN, Victor<\/a> Ingl\u00e9s <a href=\"mailto:victor75a@hotmail.com\">victor75a@hotmail.com<\/a> 54 261 6015917 <a href=\"http:\/\/www.aconcaguaviejo.mendoza.gov.ar\/index.php?option=com_contact&amp;view=contact&amp;id=560:roldan-camila&amp;catid=102&amp;Itemid=693\">ROLDAN, Camila<\/a> Ingl\u00e9s <a href=\"mailto:camiroldan@hotmail.com\">camiroldan@hotmail.com<\/a> 54 261 4442421 54 9 261 57375999 <a href=\"http:\/\/www.aconcaguaviejo.mendoza.gov.ar\/index.php?option=com_contact&amp;view=contact&amp;id=561:garay-blake-maximiliano&amp;catid=102&amp;Itemid=693\">GARAY BLAKE, Maximiliano<\/a> Ingl\u00e9s 54 9 261 2546430 <a href=\"http:\/\/www.aconcaguaviejo.mendoza.gov.ar\/index.php?option=com_contact&amp;view=contact&amp;id=564:gonzalez-martin-carlos-gaston-sebastian&amp;catid=102&amp;Itemid=693\">GONZALEZ MARTIN, Carlos Gast\u00f3n Sebasti\u00e1n<\/a> Ingl\u00e9s <a href=\"mailto:seba_gonza84@hotmail.com\">seba_gonza84@hotmail.com<\/a> 54 261 4245959 54 9 261 6792930 <a href=\"http:\/\/www.aconcaguaviejo.mendoza.gov.ar\/index.php?option=com_contact&amp;view=contact&amp;id=565:moran-gomez-rodrigo-alejandro&amp;catid=102&amp;Itemid=693\">MORAN GOMEZ, Rodrigo Alejandro<\/a> Ingl\u00e9s <a href=\"mailto:alejandromoran230690@gmail.com\">alejandromoran230690@gmail.com<\/a> 00 54 2902 406219 <a href=\"http:\/\/www.aconcaguaviejo.mendoza.gov.ar\/index.php?option=com_contact&amp;view=contact&amp;id=566:blasco-jose-gabriel&amp;catid=102&amp;Itemid=693\">BLASCO, Jos\u00e9 Gabriel<\/a> Ingl\u00e9s <a href=\"mailto:gabi.blasco@gmail.com\">gabi.blasco@gmail.com<\/a> 54 9 351 2368847 <a href=\"http:\/\/www.aconcaguaviejo.mendoza.gov.ar\/index.php?option=com_contact&amp;view=contact&amp;id=571:german-alfredo-bellene&amp;catid=102&amp;Itemid=693\">BELLENE, Germ\u00e1n<\/a> Ingl\u00e9s \/\/ Portugu\u00e9s <a href=\"mailto:germanbellene@gmail.com\">germanbellene@gmail.com<\/a> 54 9 261 5009620 <a href=\"http:\/\/www.aconcaguaviejo.mendoza.gov.ar\/index.php?option=com_contact&amp;view=contact&amp;id=577:giannotti-andres&amp;catid=102&amp;Itemid=693\">GIANNOTTI, Andr\u00e9s<\/a> <a href=\"mailto:giannotti601@gmail.com\">giannotti601@gmail.com<\/a> 00 54 261 6142605 <a href=\"http:\/\/www.aconcaguaviejo.mendoza.gov.ar\/index.php?option=com_contact&amp;view=contact&amp;id=579:mas-julio-cesar&amp;catid=102&amp;Itemid=693\">MAS, Julio Cesar<\/a> Ingl\u00e9s <a href=\"mailto:jmasmza@gmail.com\">jmasmza@gmail.com<\/a> 54 9 261 5460669 <a href=\"http:\/\/www.aconcaguaviejo.mendoza.gov.ar\/index.php?option=com_contact&amp;view=contact&amp;id=582:cairone-nicolas&amp;catid=102&amp;Itemid=693\">CAIRONE, Nicol\u00e1s<\/a> Ingl\u00e9s <a href=\"mailto:nicolascairone@gmail.com\">nicolascairone@gmail.com<\/a> 54 9 261 6819609 <a href=\"http:\/\/www.aconcaguaviejo.mendoza.gov.ar\/index.php?option=com_contact&amp;view=contact&amp;id=583:gomez-sergio-emanuel&amp;catid=102&amp;Itemid=693\">GOMEZ, Sergio Emanuel<\/a> <a href=\"mailto:chechorg87@hotmail.com.ar\">chechorg87@hotmail.com.ar<\/a> 54 261 4974363 54 9 261 3365776 <a href=\"http:\/\/www.aconcaguaviejo.mendoza.gov.ar\/index.php?option=com_contact&amp;view=contact&amp;id=587:salinas-joaquin&amp;catid=102&amp;Itemid=693\">SALINAS, Joaqu\u00edn<\/a> Ingl\u00e9s <a href=\"mailto:joaquinsalinass@gmail.com\">joaquinsalinass@gmail.com<\/a> 54 351 3647092 <a href=\"http:\/\/www.aconcaguaviejo.mendoza.gov.ar\/index.php?option=com_contact&amp;view=contact&amp;id=589:barrera-pablo&amp;catid=102&amp;Itemid=693\">BARRERA, Pablo<\/a> Ingl\u00e9s <a href=\"mailto:pabloba-dry@hotmail.com\">pabloba-dry@hotmail.com<\/a> 54 261 4274347 54 9 261 5865508 <a href=\"http:\/\/www.aconcaguaviejo.mendoza.gov.ar\/index.php?option=com_contact&amp;view=contact&amp;id=591:garritano-leonardo-martin&amp;catid=102&amp;Itemid=693\">GARRITANO, Leonardo Mart\u00edn<\/a> <a href=\"mailto:martin_garritano@yahoo.com.ar\">martin_garritano@yahoo.com.ar<\/a> 2615580184 Mendoza <a href=\"http:\/\/www.aconcaguaviejo.mendoza.gov.ar\/index.php?option=com_contact&amp;view=contact&amp;id=593:abudi-emilio&amp;catid=102&amp;Itemid=693\">ABUDI, EMILIO<\/a> <a href=\"mailto:abudiemilio@gmail.com\">abudiemilio@gmail.com<\/a> 03874580681 <a href=\"http:\/\/www.aconcaguaviejo.mendoza.gov.ar\/index.php?option=com_contact&amp;view=contact&amp;id=595:cavassa-diego-alejandro&amp;catid=102&amp;Itemid=693\">CAVASSA, DIEGO ALEJANDRO<\/a> <a href=\"mailto:diegocavassa@hotmail.com\">diegocavassa@hotmail.com<\/a> 2613742876<br \/>\n<a href=\"http:\/\/www.aconcaguaviejo.mendoza.gov.ar\/index.php?option=com_contact&amp;view=contact&amp;id=607:varela-marcos&amp;catid=102&amp;Itemid=693\">VARELA, Marcos<\/a><\/td>\n<td><\/td>\n<td><a href=\"mailto:mdvtato22@hotmail.com\">mdvtato22@hotmail.com<\/a><\/td>\n<td><\/td>\n<td>54 9 3541 657405<\/td>\n<p>[\/et_pb_text][\/et_pb_column][\/et_pb_row][\/et_pb_section]<\/p>\n","protected":false},"excerpt":{"rendered":"<p>SCELLATO, CARLOS ingl\u00e9s carloscellato33@gmail.com 00 54 261 4324079 00 54 9 261 2053091 FREDES, CLAUDIO ingl\u00e9s claudio_fredes2007@hotmail.com 00 54 9 261 6094132 GOMEZ, SANTIAGO CESAR Ingl\u00e9s santiago.andes@gmail.com 00 54 261 9 5169487 DE FILIPPI, BRUNO JAVIER Ingl\u00e9s bjdefilippi@gmail.com 54 261 4241596 54 9 261 544404 DEL CAMPO, EZEQUIEL ingl\u00e9s \/\/ portugu\u00e9s ezebm1@hotmail.com 00 54 0261 [&hellip;]<\/p>\n","protected":false},"author":17,"featured_media":0,"parent":0,"menu_order":0,"comment_status":"closed","ping_status":"closed","template":"","meta":{"_et_pb_use_builder":"on","_et_pb_old_content":"","_et_gb_content_width":"","footnotes":""},"class_list":["post-2334","page","type-page","status-publish","hentry"],"_links":{"self":[{"href":"https:\/\/informacionoficial.mendoza.gob.ar\/energiayambiente\/wp-json\/wp\/v2\/pages\/2334","targetHints":{"allow":["GET"]}}],"collection":[{"href":"https:\/\/informacionoficial.mendoza.gob.ar\/energiayambiente\/wp-json\/wp\/v2\/pages"}],"about":[{"href":"https:\/\/informacionoficial.mendoza.gob.ar\/energiayambiente\/wp-json\/wp\/v2\/types\/page"}],"author":[{"embeddable":true,"href":"https:\/\/informacionoficial.mendoza.gob.ar\/energiayambiente\/wp-json\/wp\/v2\/users\/17"}],"replies":[{"embeddable":true,"href":"https:\/\/informacionoficial.mendoza.gob.ar\/energiayambiente\/wp-json\/wp\/v2\/comments?post=2334"}],"version-history":[{"count":4,"href":"https:\/\/informacionoficial.mendoza.gob.ar\/energiayambiente\/wp-json\/wp\/v2\/pages\/2334\/revisions"}],"predecessor-version":[{"id":2339,"href":"https:\/\/informacionoficial.mendoza.gob.ar\/energiayambiente\/wp-json\/wp\/v2\/pages\/2334\/revisions\/2339"}],"wp:attachment":[{"href":"https:\/\/informacionoficial.mendoza.gob.ar\/energiayambiente\/wp-json\/wp\/v2\/media?parent=2334"}],"curies":[{"name":"wp","href":"https:\/\/api.w.org\/{rel}","templated":true}]}}