{"id":2494,"date":"2025-08-18T16:59:16","date_gmt":"2025-08-18T14:59:16","guid":{"rendered":"https:\/\/informacionoficial.mendoza.gob.ar\/energiayambiente\/?page_id=2494"},"modified":"2025-08-18T17:51:20","modified_gmt":"2025-08-18T15:51:20","slug":"preguntas-frecuentes","status":"publish","type":"page","link":"https:\/\/informacionoficial.mendoza.gob.ar\/energiayambiente\/preguntas-frecuentes\/","title":{"rendered":"Preguntas Frecuentes"},"content":{"rendered":"<p>[et_pb_section fb_built=\u00bb1&#8243; _builder_version=\u00bb4.27.4&#8243; _module_preset=\u00bbdefault\u00bb global_colors_info=\u00bb{}\u00bb theme_builder_area=\u00bbpost_content\u00bb][et_pb_row _builder_version=\u00bb4.27.4&#8243; _module_preset=\u00bbdefault\u00bb max_width=\u00bb2560px\u00bb global_colors_info=\u00bb{}\u00bb theme_builder_area=\u00bbpost_content\u00bb][et_pb_column type=\u00bb4_4&#8243; _builder_version=\u00bb4.27.4&#8243; _module_preset=\u00bbdefault\u00bb global_colors_info=\u00bb{}\u00bb theme_builder_area=\u00bbpost_content\u00bb][et_pb_text _builder_version=\u00bb4.27.4&#8243; _module_preset=\u00bbdefault\u00bb text_text_color=\u00bb#225555&#8243; header_text_color=\u00bb#225555&#8243; min_height=\u00bb45.6px\u00bb hover_enabled=\u00bb0&#8243; global_colors_info=\u00bb{}\u00bb theme_builder_area=\u00bbpost_content\u00bb sticky_enabled=\u00bb0&#8243;]<\/p>\n<div class=\"row\">\n<div class=\"col-md-12\">\n<h1>Preguntas Frecuentes<\/h1>\n<p>&nbsp;<\/p>\n<p>&nbsp;<\/p>\n<\/div>\n<\/div>\n<div class=\"row\">\n<article id=\"post-311\" class=\"post-311 page type-page status-publish hentry\">\n<div class=\"col-md-10\">\n<ul>\n<li><strong>\u00bfDebo cargar los datos de mi empresa si tengo certificado MIPYME?<\/strong><\/li>\n<\/ul>\n<p>Si tu empresa est\u00e1 registrada como Micro, Peque\u00f1a o Mediana Empresa (MiPyME), la carga de informaci\u00f3n es voluntaria por el momento. Aun as\u00ed, tu participaci\u00f3n es muy valiosa para fortalecer la calidad del Inventario Provincial de Emisiones de Gases de Efecto Invernadero (GEI).<br \/>En este caso, pod\u00e9s respaldar tu condici\u00f3n de MiPyME adjuntando el Certificado correspondiente emitido por la Secretar\u00eda de la Peque\u00f1a y Mediana Empresa, Emprendedores y Econom\u00eda del Conocimiento de la Naci\u00f3n.<\/p>\n<ul>\n<li><strong>\u00bfQui\u00e9nes est\u00e1n obligados a cargar los datos?\u00a0<\/strong><\/li>\n<\/ul>\n<p>De acuerdo con lo establecido en los art\u00edculos 5\u00ba y 6\u00ba del Decreto N\u00ba 758\/2025, <strong>las grandes industrias est\u00e1n obligadas a presentar la informaci\u00f3n solicitada<\/strong>.<\/p>\n<p>Esto aplica a aquellas empresas que no califican como MiPyMEs, seg\u00fan los par\u00e1metros establecidos por la normativa vigente.<\/p>\n<p>De todos modos, invitamos tambi\u00e9n a las MiPyMEs a sumarse de manera voluntaria: su aporte ser\u00e1 fundamental para mejorar la calidad de los datos y avanzar hacia una Mendoza m\u00e1s sostenible.<\/p>\n<ul>\n<li><strong>\u00bfEn qu\u00e9 plataforma cargo la informaci\u00f3n?\u00a0<\/strong><\/li>\n<\/ul>\n<p>La carga se realiza a trav\u00e9s del Sistema Ticket. Pod\u00e9s ingresar directamente desde este enlace:<\/p>\n<p>\ud83d\udc49<a href=\"https:\/\/ticketsform.mendoza.gov.ar\/ticketsform\/com.tickets.responderformulario?MEYA_SOSTENIBILIDAD_GEI\">https:\/\/ticketsform.mendoza.gov.ar\/ticketsform\/com.tickets.responderformulario?MEYA_SOSTENIBILIDAD_GEI<\/a>\u00a0\u00a0<\/p>\n<p>\u26a0 \ufe0f <strong>Importante<\/strong>: los datos que ingreses tienen <strong>car\u00e1cter de Declaraci\u00f3n Jurada<\/strong> y deben corresponder a la raz\u00f3n social y datos legales de tu empresa.<\/p>\n<ul>\n<li><strong>\u00bfCu\u00e1l es el documento que debo Adjuntar en Sistema Ticket?\u00a0\u00a0\u00a0<\/strong><\/li>\n<\/ul>\n<p>En la web oficial de la Coordinaci\u00f3n pod\u00e9s descargar la plantilla Excel (<strong>Template<\/strong>) que deber\u00e1s completar con los datos de tu empresa. Adem\u00e1s, encontrar\u00e1s el <strong>Manual de Carga<\/strong>, un recurso que te ayudar\u00e1 a completar el Template. Ambos recursos est\u00e1n disponibles en el siguiente enlace:<br \/>\ud83d\udc49<a href=\"https:\/\/www.mendoza.gov.ar\/energiayambiente\/coordinacion-de-sostenibilidad\/gases-de-efecto-invernadero\/\">https:\/\/www.mendoza.gov.ar\/energiayambiente\/coordinacion-de-sostenibilidad\/gases-de-efecto-invernadero\/<br \/><\/a>Una vez que completes el <strong>Template<\/strong>, <strong>deber\u00e1s adjuntarlo en el paso final del formulario del Sistema Ticket.<\/strong><\/p>\n<ul>\n<li><strong>\u00bfQu\u00e9 a\u00f1o debo aportar para el Inventario?<\/strong><\/li>\n<\/ul>\n<p>Seg\u00fan la Resoluci\u00f3n N\u00ba 001\/2025 DTE, <strong>los datos solicitados corresponden al a\u00f1o 2023.<\/strong><\/p>\n<p>Si tambi\u00e9n quer\u00e9s incluir los datos del a\u00f1o 2024, pod\u00e9s hacerlo modificando la columna \u201cA\u00f1o de reporte\u201d en el Template. En ese caso, deber\u00e1s adjuntar dos archivos: uno con los datos del 2023 y otro con los del 2024, en la etapa final de carga en el Sistema Ticket.<\/p>\n<ul>\n<li><strong>\u00bfEl Inventario de Emisiones de GEI es lo mismo que el Registro Provincial de Fuentes Fijas?<\/strong><\/li>\n<\/ul>\n<p>No,<strong> son tr\u00e1mites distintos.<\/strong><\/p>\n<p>El Registro de Fuentes Fijas, a cargo de la Direcci\u00f3n de Fiscalizaci\u00f3n y Control Ambiental (ex Direcci\u00f3n de Protecci\u00f3n Ambiental), eval\u00faa caracter\u00edsticas e impactos ambientales integrales de las emisiones.<\/p>\n<p>En cambio, <strong>el Inventario de Emisiones de GEI busca cuantificar espec\u00edficamente la cantidad de gases de efecto invernadero<\/strong> liberados a la atm\u00f3sfera, considerando su impacto en el cambio clim\u00e1tico.<\/p>\n<p>\ud83d\udccc Este tr\u00e1mite es gratuito: no se cobra ninguna tasa, aforo ni sellado.<\/p>\n<ul>\n<li><strong>\u00bfPor qu\u00e9 necesitamos un Inventario de GEI?\u00a0<\/strong><\/li>\n<\/ul>\n<p>El Inventario de Gases de Efecto Invernadero (GEI) es una herramienta clave para entender cu\u00e1nto y c\u00f3mo estamos emitiendo estos gases en la provincia. Nos permite identificar las principales fuentes de emisiones, tomar decisiones basadas en evidencia y dise\u00f1ar pol\u00edticas p\u00fablicas m\u00e1s efectivas para enfrentar el cambio clim\u00e1tico.<\/p>\n<p>Contar con datos precisos y actualizados es fundamental para planificar acciones que impulsen una transici\u00f3n energ\u00e9tica justa, protejan el ambiente y mejoren la calidad de vida de las y los mendocinos. Adem\u00e1s, al tener una medici\u00f3n clara, Mendoza puede comprometerse con metas concretas de reducci\u00f3n y posicionarse como una provincia comprometida con la sostenibilidad.<\/p>\n<\/div>\n<\/article>\n<\/div>\n<p>[\/et_pb_text][\/et_pb_column][\/et_pb_row][\/et_pb_section]<\/p>\n","protected":false},"excerpt":{"rendered":"<p>Preguntas Frecuentes &nbsp; &nbsp; \u00bfDebo cargar los datos de mi empresa si tengo certificado MIPYME? Si tu empresa est\u00e1 registrada como Micro, Peque\u00f1a o Mediana Empresa (MiPyME), la carga de informaci\u00f3n es voluntaria por el momento. Aun as\u00ed, tu participaci\u00f3n es muy valiosa para fortalecer la calidad del Inventario Provincial de Emisiones de Gases de [&hellip;]<\/p>\n","protected":false},"author":13,"featured_media":0,"parent":0,"menu_order":0,"comment_status":"closed","ping_status":"closed","template":"","meta":{"_et_pb_use_builder":"on","_et_pb_old_content":"","_et_gb_content_width":"","footnotes":""},"class_list":["post-2494","page","type-page","status-publish","hentry"],"_links":{"self":[{"href":"https:\/\/informacionoficial.mendoza.gob.ar\/energiayambiente\/wp-json\/wp\/v2\/pages\/2494","targetHints":{"allow":["GET"]}}],"collection":[{"href":"https:\/\/informacionoficial.mendoza.gob.ar\/energiayambiente\/wp-json\/wp\/v2\/pages"}],"about":[{"href":"https:\/\/informacionoficial.mendoza.gob.ar\/energiayambiente\/wp-json\/wp\/v2\/types\/page"}],"author":[{"embeddable":true,"href":"https:\/\/informacionoficial.mendoza.gob.ar\/energiayambiente\/wp-json\/wp\/v2\/users\/13"}],"replies":[{"embeddable":true,"href":"https:\/\/informacionoficial.mendoza.gob.ar\/energiayambiente\/wp-json\/wp\/v2\/comments?post=2494"}],"version-history":[{"count":5,"href":"https:\/\/informacionoficial.mendoza.gob.ar\/energiayambiente\/wp-json\/wp\/v2\/pages\/2494\/revisions"}],"predecessor-version":[{"id":2504,"href":"https:\/\/informacionoficial.mendoza.gob.ar\/energiayambiente\/wp-json\/wp\/v2\/pages\/2494\/revisions\/2504"}],"wp:attachment":[{"href":"https:\/\/informacionoficial.mendoza.gob.ar\/energiayambiente\/wp-json\/wp\/v2\/media?parent=2494"}],"curies":[{"name":"wp","href":"https:\/\/api.w.org\/{rel}","templated":true}]}}