{"id":2798,"date":"2025-08-26T17:58:21","date_gmt":"2025-08-26T15:58:21","guid":{"rendered":"https:\/\/informacionoficial.mendoza.gob.ar\/energiayambiente\/?page_id=2798"},"modified":"2025-08-26T18:04:46","modified_gmt":"2025-08-26T16:04:46","slug":"estimulacion-hidraulica-todo-lo-que-hay-que-saber","status":"publish","type":"page","link":"https:\/\/informacionoficial.mendoza.gob.ar\/energiayambiente\/estimulacion-hidraulica-todo-lo-que-hay-que-saber\/","title":{"rendered":"Estimulaci\u00f3n Hidr\u00e1ulica: Todo lo que hay que saber"},"content":{"rendered":"<p>[et_pb_section fb_built=\u00bb1&#8243; _builder_version=\u00bb4.27.4&#8243; use_background_color_gradient=\u00bbon\u00bb background_color_gradient_direction=\u00bb1deg\u00bb background_color_gradient_stops=\u00bb#000000 6%|#ffffff 68%\u00bb background_image=\u00bbhttps:\/\/mza-dicaws-portal-uploads-media-prod.s3.us-east-1.amazonaws.com\/informacion-oficial\/uploads\/sites\/12\/2025\/05\/IMG-20240606-WA0055.jpg\u00bb background_blend=\u00bbscreen\u00bb width=\u00bb100%\u00bb min_height=\u00bb1314.6px\u00bb custom_margin=\u00bb||-8px|||\u00bb custom_padding=\u00bb||0px|||\u00bb hover_enabled=\u00bb0&#8243; border_color_all=\u00bb#FFFFFF\u00bb global_colors_info=\u00bb{}\u00bb theme_builder_area=\u00bbpost_content\u00bb sticky_enabled=\u00bb0&#8243;][et_pb_row _builder_version=\u00bb4.27.4&#8243; background_size=\u00bbinitial\u00bb background_position=\u00bbtop_left\u00bb background_repeat=\u00bbrepeat\u00bb max_width=\u00bb2560px\u00bb min_height=\u00bb117px\u00bb custom_margin=\u00bb|auto|-3px|auto||\u00bb custom_padding=\u00bb5px|||||\u00bb global_colors_info=\u00bb{}\u00bb theme_builder_area=\u00bbpost_content\u00bb][et_pb_column type=\u00bb4_4&#8243; _builder_version=\u00bb4.27.4&#8243; _module_preset=\u00bbdefault\u00bb global_colors_info=\u00bb{}\u00bb theme_builder_area=\u00bbpost_content\u00bb][et_pb_heading title=\u00bbESTIMULACI\u00d3N HIDR\u00c1ULICA:\u00bb admin_label=\u00bbFlora Nativa\u00bb module_id=\u00bbunidad\u00bb _builder_version=\u00bb4.27.4&#8243; _module_preset=\u00bbdefault\u00bb title_level=\u00bbh2&#8243; title_font=\u00bb|300|||||||\u00bb title_text_align=\u00bbleft\u00bb title_text_color=\u00bbgcid-heading-color\u00bb title_font_size=\u00bb40px\u00bb min_height=\u00bb39px\u00bb custom_margin=\u00bb||-1px|||\u00bb hover_enabled=\u00bb0&#8243; global_colors_info=\u00bb{%22gcid-heading-color%22:%91%22title_text_color%22%93}\u00bb theme_builder_area=\u00bbpost_content\u00bb sticky_enabled=\u00bb0&#8243;][\/et_pb_heading][et_pb_heading title=\u00bbTODO LO QUE HAY QUE SABER\u00bb admin_label=\u00bbFlora Nativa\u00bb _builder_version=\u00bb4.27.4&#8243; _module_preset=\u00bbdefault\u00bb title_level=\u00bbh2&#8243; title_font=\u00bb|300|||||||\u00bb title_text_align=\u00bbleft\u00bb title_text_color=\u00bbgcid-heading-color\u00bb title_font_size=\u00bb40px\u00bb min_height=\u00bb42px\u00bb custom_margin=\u00bb||-3px|||\u00bb custom_padding=\u00bb||0px|||\u00bb hover_enabled=\u00bb0&#8243; global_colors_info=\u00bb{%22gcid-heading-color%22:%91%22title_text_color%22%93}\u00bb theme_builder_area=\u00bbpost_content\u00bb sticky_enabled=\u00bb0&#8243;][\/et_pb_heading][\/et_pb_column][\/et_pb_row][et_pb_row _builder_version=\u00bb4.27.4&#8243; _module_preset=\u00bbdefault\u00bb theme_builder_area=\u00bbpost_content\u00bb][et_pb_column _builder_version=\u00bb4.27.4&#8243; _module_preset=\u00bbdefault\u00bb type=\u00bb4_4&#8243; theme_builder_area=\u00bbpost_content\u00bb][et_pb_text _builder_version=\u00bb4.27.4&#8243; _module_preset=\u00bbdefault\u00bb theme_builder_area=\u00bbpost_content\u00bb hover_enabled=\u00bb0&#8243; sticky_enabled=\u00bb0&#8243;]<\/p>\n<ul>\n<li><a href=\"https:\/\/www.mendoza.gov.ar\/dpa\/wp-content\/uploads\/sites\/34\/2018\/04\/1-Audiencia-P%C3%BAblica.pdf\">Audiencia-P\u00fablica<\/a><\/li>\n<li><a href=\"https:\/\/www.mendoza.gov.ar\/dpa\/wp-content\/uploads\/sites\/34\/2018\/04\/2-Decreto-Reglamentario.pdf\">Decreto Reglamentario<\/a><\/li>\n<li><a href=\"https:\/\/www.mendoza.gov.ar\/dpa\/wp-content\/uploads\/sites\/34\/2018\/04\/3-Expediente-EH.pdf\">Expediente EH<\/a><\/li>\n<li><a href=\"https:\/\/www.mendoza.gov.ar\/dpa\/wp-content\/uploads\/sites\/34\/2018\/04\/4-Documento-IE-ANI.pdf\">Documento \u2013 IE ANI<\/a><\/li>\n<li><a href=\"https:\/\/www.mendoza.gov.ar\/dpa\/wp-content\/uploads\/sites\/34\/2018\/04\/5-Informe-Fracking-IE-ANI-Documento.pdf\">Informe-Fracking-IE-ANI-Documento<\/a><\/li>\n<li><a href=\"https:\/\/www.mendoza.gov.ar\/dpa\/wp-content\/uploads\/sites\/34\/2018\/04\/6-National-Geographic-Vaca-Muerta.pdf\">National Geographic \u2013 Vaca Muerta<\/a><\/li>\n<li><a href=\"https:\/\/www.mendoza.gov.ar\/dpa\/wp-content\/uploads\/sites\/34\/2018\/04\/7-Documento-ABC-Fracking-IAPG.pdf\">Documento ABC Fracking \u2013 IAPG<\/a><\/li>\n<li><a href=\"https:\/\/www.mendoza.gov.ar\/dpa\/wp-content\/uploads\/sites\/34\/2018\/04\/ANALISIS-TOMA-DE-AGUA_069134.pdf\">Evaluaci\u00f3n de las tomas de an\u00e1lisis de agua de los freat\u00edmetros de Cerro Pencal<\/a><\/li>\n<li><a href=\"https:\/\/www.mendoza.gov.ar\/dpa\/wp-content\/uploads\/sites\/34\/2018\/04\/Informe-Estimulaci%C3%B3n-Hidraulica-Mendoza-Vaca-Muerta.pdf\">Informe Estimulaci\u00f3n Hidr\u00e1ulica Mendoza Vaca Muerta<\/a><\/li>\n<li><a href=\"https:\/\/www.mendoza.gov.ar\/dpa\/wp-content\/uploads\/sites\/34\/2018\/04\/Informe-de-Estimulaci%C3%B3n-Hidr%C3%A1ulica-UNCuyo.pdf\">Informe de Estimulaci\u00f3n Hidr\u00e1ulica UNCuyo<\/a><\/li>\n<\/ul>\n<p>Prensa Nacional e Internacional<\/p>\n<ul>\n<li><a href=\"https:\/\/www.cronista.com\/financialtimes\/Australia-elimina-la-prohibicion-del-fracking-y-se-propone-imitar-a-EE.UU.-20180419-0009.html\">El Cronista<\/a><\/li>\n<li><a href=\"http:\/\/www.elmundo.es\/ciencia\/2016\/10\/06\/57f69453268e3ec30a8b4679.html\">El Mundo<br \/><\/a><\/li>\n<\/ul>\n<p>Videos explicativos sobre el proceso de Estimulaci\u00f3n Hidr\u00e1ulica<\/p>\n<p>[\/et_pb_text][\/et_pb_column][\/et_pb_row][et_pb_row _builder_version=\u00bb4.27.4&#8243; _module_preset=\u00bbdefault\u00bb theme_builder_area=\u00bbpost_content\u00bb][et_pb_column _builder_version=\u00bb4.27.4&#8243; _module_preset=\u00bbdefault\u00bb type=\u00bb4_4&#8243; theme_builder_area=\u00bbpost_content\u00bb][et_pb_video_slider _builder_version=\u00bb4.27.4&#8243; _module_preset=\u00bbdefault\u00bb theme_builder_area=\u00bbpost_content\u00bb hover_enabled=\u00bb0&#8243; sticky_enabled=\u00bb0&#8243;][et_pb_video_slider_item src=\u00bbhttps:\/\/youtu.be\/JKX3INmbd-s\u00bb _builder_version=\u00bb4.27.4&#8243; _module_preset=\u00bbdefault\u00bb theme_builder_area=\u00bbpost_content\u00bb show_image_overlay=\u00bboff\u00bb hover_enabled=\u00bb0&#8243; sticky_enabled=\u00bb0&#8243;][\/et_pb_video_slider_item][et_pb_video_slider_item src=\u00bbhttps:\/\/youtu.be\/2otERwVKchY\u00bb _builder_version=\u00bb4.27.4&#8243; _module_preset=\u00bbdefault\u00bb theme_builder_area=\u00bbpost_content\u00bb show_image_overlay=\u00bboff\u00bb hover_enabled=\u00bb0&#8243; sticky_enabled=\u00bb0&#8243;][\/et_pb_video_slider_item][et_pb_video_slider_item src=\u00bbhttps:\/\/youtu.be\/j2D1w9lkIqg\u00bb _builder_version=\u00bb4.27.4&#8243; _module_preset=\u00bbdefault\u00bb theme_builder_area=\u00bbpost_content\u00bb show_image_overlay=\u00bboff\u00bb hover_enabled=\u00bb0&#8243; sticky_enabled=\u00bb0&#8243;][\/et_pb_video_slider_item][\/et_pb_video_slider][\/et_pb_column][\/et_pb_row][et_pb_row _builder_version=\u00bb4.27.4&#8243; _module_preset=\u00bbdefault\u00bb theme_builder_area=\u00bbpost_content\u00bb column_structure=\u00bb1_3,1_3,1_3&#8243;][et_pb_column _builder_version=\u00bb4.27.4&#8243; _module_preset=\u00bbdefault\u00bb type=\u00bb1_3&#8243; theme_builder_area=\u00bbpost_content\u00bb][et_pb_image src=\u00bbhttps:\/\/mza-dicaws-portal-uploads-media-prod.s3.amazonaws.com\/informacion-oficial\/uploads\/sites\/12\/2025\/08\/Placa-2-700&#215;700-1.jpg\u00bb _builder_version=\u00bb4.27.4&#8243; _module_preset=\u00bbdefault\u00bb theme_builder_area=\u00bbpost_content\u00bb title_text=\u00bbPlaca-2-700&#215;700&#8243; hover_enabled=\u00bb0&#8243; sticky_enabled=\u00bb0&#8243; align=\u00bbcenter\u00bb][\/et_pb_image][\/et_pb_column][et_pb_column _builder_version=\u00bb4.27.4&#8243; _module_preset=\u00bbdefault\u00bb type=\u00bb1_3&#8243; theme_builder_area=\u00bbpost_content\u00bb][et_pb_image src=\u00bbhttps:\/\/mza-dicaws-portal-uploads-media-prod.s3.amazonaws.com\/informacion-oficial\/uploads\/sites\/12\/2025\/08\/Placa-3-700&#215;700-1.jpg\u00bb _builder_version=\u00bb4.27.4&#8243; _module_preset=\u00bbdefault\u00bb theme_builder_area=\u00bbpost_content\u00bb title_text=\u00bbPlaca-3-700&#215;700&#8243; hover_enabled=\u00bb0&#8243; sticky_enabled=\u00bb0&#8243;][\/et_pb_image][\/et_pb_column][et_pb_column _builder_version=\u00bb4.27.4&#8243; _module_preset=\u00bbdefault\u00bb type=\u00bb1_3&#8243; theme_builder_area=\u00bbpost_content\u00bb][et_pb_image src=\u00bbhttps:\/\/mza-dicaws-portal-uploads-media-prod.s3.amazonaws.com\/informacion-oficial\/uploads\/sites\/12\/2025\/08\/Placa-4-700&#215;700-1.jpg\u00bb _builder_version=\u00bb4.27.4&#8243; _module_preset=\u00bbdefault\u00bb theme_builder_area=\u00bbpost_content\u00bb title_text=\u00bbPlaca-4-700&#215;700&#8243; hover_enabled=\u00bb0&#8243; sticky_enabled=\u00bb0&#8243;][\/et_pb_image][\/et_pb_column][\/et_pb_row][et_pb_row _builder_version=\u00bb4.27.4&#8243; _module_preset=\u00bbdefault\u00bb theme_builder_area=\u00bbpost_content\u00bb column_structure=\u00bb1_3,1_3,1_3&#8243;][et_pb_column _builder_version=\u00bb4.27.4&#8243; _module_preset=\u00bbdefault\u00bb type=\u00bb1_3&#8243; theme_builder_area=\u00bbpost_content\u00bb][et_pb_image src=\u00bbhttps:\/\/mza-dicaws-portal-uploads-media-prod.s3.amazonaws.com\/informacion-oficial\/uploads\/sites\/12\/2025\/08\/Placa-5-700&#215;700-1.jpg\u00bb _builder_version=\u00bb4.27.4&#8243; _module_preset=\u00bbdefault\u00bb theme_builder_area=\u00bbpost_content\u00bb title_text=\u00bbPlaca-5-700&#215;700&#8243; hover_enabled=\u00bb0&#8243; sticky_enabled=\u00bb0&#8243; align=\u00bbcenter\u00bb][\/et_pb_image][\/et_pb_column][et_pb_column _builder_version=\u00bb4.27.4&#8243; _module_preset=\u00bbdefault\u00bb type=\u00bb1_3&#8243; theme_builder_area=\u00bbpost_content\u00bb][et_pb_image src=\u00bbhttps:\/\/mza-dicaws-portal-uploads-media-prod.s3.amazonaws.com\/informacion-oficial\/uploads\/sites\/12\/2025\/08\/Placa-6-700&#215;700-1.jpg\u00bb _builder_version=\u00bb4.27.4&#8243; _module_preset=\u00bbdefault\u00bb theme_builder_area=\u00bbpost_content\u00bb title_text=\u00bbPlaca-6-700&#215;700&#8243; hover_enabled=\u00bb0&#8243; sticky_enabled=\u00bb0&#8243;][\/et_pb_image][\/et_pb_column][et_pb_column _builder_version=\u00bb4.27.4&#8243; _module_preset=\u00bbdefault\u00bb type=\u00bb1_3&#8243; theme_builder_area=\u00bbpost_content\u00bb][et_pb_image src=\u00bbhttps:\/\/mza-dicaws-portal-uploads-media-prod.s3.amazonaws.com\/informacion-oficial\/uploads\/sites\/12\/2025\/08\/Placa-7-700&#215;700-1.jpg\u00bb _builder_version=\u00bb4.27.4&#8243; _module_preset=\u00bbdefault\u00bb theme_builder_area=\u00bbpost_content\u00bb title_text=\u00bbPlaca-7-700&#215;700&#8243; hover_enabled=\u00bb0&#8243; sticky_enabled=\u00bb0&#8243;][\/et_pb_image][\/et_pb_column][\/et_pb_row][et_pb_row _builder_version=\u00bb4.27.4&#8243; _module_preset=\u00bbdefault\u00bb global_colors_info=\u00bb{}\u00bb theme_builder_area=\u00bbpost_content\u00bb][et_pb_column type=\u00bb4_4&#8243; _builder_version=\u00bb4.27.4&#8243; _module_preset=\u00bbdefault\u00bb global_colors_info=\u00bb{}\u00bb theme_builder_area=\u00bbpost_content\u00bb][et_pb_cta title=\u00bbContacto\u00bb button_text=\u00bbClics\u00bb _builder_version=\u00bb4.27.4&#8243; _module_preset=\u00bbdefault\u00bb background_color=\u00bbrgba(0,15,159,0.75)\u00bb min_height=\u00bb167.4px\u00bb custom_margin=\u00bb35px|||||\u00bb custom_padding=\u00bb25px||3px|||\u00bb border_radii=\u00bbon|8px|8px|8px|8px\u00bb global_colors_info=\u00bb{}\u00bb theme_builder_area=\u00bbpost_content\u00bb]<\/p>\n<p style=\"text-align: center\"><a rel=\"noreferrer noopener\" href=\"mailto:direcciondemineria@mendoza.gov.ar\" target=\"_blank\">direcciondemineria@mendoza.gov.ar<\/a><\/p>\n<p style=\"text-align: center\">+54 261-3620056 (chat de whatsapp)<\/p>\n<p>[\/et_pb_cta][\/et_pb_column][\/et_pb_row][\/et_pb_section]<\/p>\n","protected":false},"excerpt":{"rendered":"<p>Audiencia-P\u00fablica Decreto Reglamentario Expediente EH Documento \u2013 IE ANI Informe-Fracking-IE-ANI-Documento National Geographic \u2013 Vaca Muerta Documento ABC Fracking \u2013 IAPG Evaluaci\u00f3n de las tomas de an\u00e1lisis de agua de los freat\u00edmetros de Cerro Pencal Informe Estimulaci\u00f3n Hidr\u00e1ulica Mendoza Vaca Muerta Informe de Estimulaci\u00f3n Hidr\u00e1ulica UNCuyo Prensa Nacional e Internacional El Cronista El Mundo Videos explicativos [&hellip;]<\/p>\n","protected":false},"author":13,"featured_media":0,"parent":0,"menu_order":0,"comment_status":"closed","ping_status":"closed","template":"","meta":{"_et_pb_use_builder":"on","_et_pb_old_content":"","_et_gb_content_width":"","footnotes":""},"class_list":["post-2798","page","type-page","status-publish","hentry"],"_links":{"self":[{"href":"https:\/\/informacionoficial.mendoza.gob.ar\/energiayambiente\/wp-json\/wp\/v2\/pages\/2798","targetHints":{"allow":["GET"]}}],"collection":[{"href":"https:\/\/informacionoficial.mendoza.gob.ar\/energiayambiente\/wp-json\/wp\/v2\/pages"}],"about":[{"href":"https:\/\/informacionoficial.mendoza.gob.ar\/energiayambiente\/wp-json\/wp\/v2\/types\/page"}],"author":[{"embeddable":true,"href":"https:\/\/informacionoficial.mendoza.gob.ar\/energiayambiente\/wp-json\/wp\/v2\/users\/13"}],"replies":[{"embeddable":true,"href":"https:\/\/informacionoficial.mendoza.gob.ar\/energiayambiente\/wp-json\/wp\/v2\/comments?post=2798"}],"version-history":[{"count":5,"href":"https:\/\/informacionoficial.mendoza.gob.ar\/energiayambiente\/wp-json\/wp\/v2\/pages\/2798\/revisions"}],"predecessor-version":[{"id":2815,"href":"https:\/\/informacionoficial.mendoza.gob.ar\/energiayambiente\/wp-json\/wp\/v2\/pages\/2798\/revisions\/2815"}],"wp:attachment":[{"href":"https:\/\/informacionoficial.mendoza.gob.ar\/energiayambiente\/wp-json\/wp\/v2\/media?parent=2798"}],"curies":[{"name":"wp","href":"https:\/\/api.w.org\/{rel}","templated":true}]}}