{"id":2831,"date":"2025-08-27T13:29:31","date_gmt":"2025-08-27T11:29:31","guid":{"rendered":"https:\/\/informacionoficial.mendoza.gob.ar\/energiayambiente\/?page_id=2831"},"modified":"2026-02-25T12:58:41","modified_gmt":"2026-02-25T15:58:41","slug":"catastro","status":"publish","type":"page","link":"https:\/\/informacionoficial.mendoza.gob.ar\/energiayambiente\/catastro\/","title":{"rendered":"Catastro"},"content":{"rendered":"<p>[et_pb_section fb_built=\u00bb1&#8243; _builder_version=\u00bb4.27.4&#8243; background_color=\u00bbRGBA(255,255,255,0)\u00bb use_background_color_gradient=\u00bbon\u00bb background_color_gradient_direction=\u00bb169deg\u00bb background_color_gradient_stops=\u00bb#ffffff 15%|#0a0000 100%\u00bb background_image=\u00bbhttps:\/\/mza-dicaws-portal-uploads-media-prod.s3.us-east-1.amazonaws.com\/informacion-oficial\/uploads\/sites\/12\/2025\/05\/control-minero.png\u00bb background_blend=\u00bbscreen\u00bb min_height=\u00bb1135px\u00bb custom_margin=\u00bb3px|||||\u00bb custom_padding=\u00bb3px||75px|||\u00bb global_colors_info=\u00bb{}\u00bb][et_pb_row _builder_version=\u00bb4.27.4&#8243; background_size=\u00bbinitial\u00bb background_position=\u00bbtop_left\u00bb background_repeat=\u00bbrepeat\u00bb max_width=\u00bb2560px\u00bb min_height=\u00bb117px\u00bb custom_margin=\u00bb|auto|-3px|auto||\u00bb custom_padding=\u00bb5px|||||\u00bb global_colors_info=\u00bb{}\u00bb][et_pb_column type=\u00bb4_4&#8243; _builder_version=\u00bb4.27.4&#8243; _module_preset=\u00bbdefault\u00bb global_colors_info=\u00bb{}\u00bb][et_pb_heading title=\u00bbCATASTRO\u00bb admin_label=\u00bbFlora Nativa\u00bb _builder_version=\u00bb4.27.4&#8243; _module_preset=\u00bbdefault\u00bb title_level=\u00bbh2&#8243; title_font=\u00bb|300|||||||\u00bb title_text_align=\u00bbleft\u00bb title_text_color=\u00bbgcid-body-color\u00bb title_font_size=\u00bb40px\u00bb min_height=\u00bb42px\u00bb custom_margin=\u00bb||-3px|||\u00bb custom_padding=\u00bb||0px|||\u00bb global_colors_info=\u00bb{%22gcid-body-color%22:%91%22title_text_color%22%93}\u00bb][\/et_pb_heading][et_pb_heading title=\u00bbDISTRITOS MINEROS EN MENDOZA\u00bb admin_label=\u00bbFlora Nativa\u00bb _builder_version=\u00bb4.27.4&#8243; _module_preset=\u00bbdefault\u00bb title_level=\u00bbh2&#8243; title_font=\u00bb|300|||||||\u00bb title_text_align=\u00bbleft\u00bb title_text_color=\u00bbgcid-body-color\u00bb title_font_size=\u00bb40px\u00bb min_height=\u00bb42px\u00bb custom_margin=\u00bb||-3px|||\u00bb custom_padding=\u00bb||0px|||\u00bb global_colors_info=\u00bb{%22gcid-body-color%22:%91%22title_text_color%22%93}\u00bb][\/et_pb_heading][\/et_pb_column][\/et_pb_row][et_pb_row column_structure=\u00bb1_3,2_3&#8243; _builder_version=\u00bb4.27.4&#8243; _module_preset=\u00bbdefault\u00bb max_width=\u00bb2649px\u00bb global_colors_info=\u00bb{}\u00bb][et_pb_column type=\u00bb1_3&#8243; _builder_version=\u00bb4.27.4&#8243; _module_preset=\u00bbdefault\u00bb global_colors_info=\u00bb{}\u00bb][et_pb_blurb title=\u00bbMapa Interactivo\u00bb url=\u00bbhttps:\/\/mapas-mineria.mendoza.gov.ar\/catalogue\/#\/map\/6&#8243; url_new_window=\u00bbon\u00bb use_icon=\u00bbon\u00bb font_icon=\u00bb&#xe081;||divi||400&#8243; icon_color=\u00bb#FFFFFF\u00bb _builder_version=\u00bb4.27.4&#8243; _module_preset=\u00bbdefault\u00bb header_text_align=\u00bbcenter\u00bb header_text_color=\u00bb#FFFFFF\u00bb body_text_color=\u00bbgcid-840cd285-ee6f-49c1-abc9-5e893f3235b8&#8243; custom_margin=\u00bb|30px|0px|30px|false|false\u00bb hover_enabled=\u00bb0&#8243; locked=\u00bboff\u00bb global_colors_info=\u00bb{%22gcid-840cd285-ee6f-49c1-abc9-5e893f3235b8%22:%91%22body_text_color%22,%22header_text_color%22,%22body_text_color%22,%22header_text_color%22,%22body_text_color%22,%22header_text_color%22%93}\u00bb sticky_enabled=\u00bb0&#8243; border_radii=\u00bbon|8px|8px|8px|8px\u00bb custom_padding=\u00bb20px||4px||false|false\u00bb image_icon_background_color=\u00bbrgba(255,255,255,0)\u00bb background_color=\u00bb#000f9f\u00bb header_font=\u00bb|600|||||||\u00bb box_shadow_style=\u00bbpreset2&#8243; box_shadow_blur=\u00bb12px\u00bb content_max_width=\u00bb200px\u00bb width=\u00bb100%\u00bb min_height=\u00bb70px\u00bb max_height=\u00bb100px\u00bb icon_placement=\u00bbleft\u00bb max_width=\u00bb100%\u00bb module_alignment=\u00bbcenter\u00bb][\/et_pb_blurb][\/et_pb_column][et_pb_column type=\u00bb2_3&#8243; _builder_version=\u00bb4.27.4&#8243; _module_preset=\u00bbdefault\u00bb global_colors_info=\u00bb{}\u00bb][et_pb_text _builder_version=\u00bb4.27.4&#8243; _module_preset=\u00bbdefault\u00bb global_colors_info=\u00bb{}\u00bb]<\/p>\n<p>El Padr\u00f3n Minero 2024 ha sido emitido conforme a las resoluciones del H. Consejo de Miner\u00eda y a los Registros de Escriban\u00eda de Minas al 31\/03\/2024.<\/p>\n<p>[\/et_pb_text][\/et_pb_column][\/et_pb_row][et_pb_row column_structure=\u00bb1_2,1_2&#8243; _builder_version=\u00bb4.27.4&#8243; _module_preset=\u00bbdefault\u00bb global_colors_info=\u00bb{}\u00bb][et_pb_column type=\u00bb1_2&#8243; _builder_version=\u00bb4.27.4&#8243; _module_preset=\u00bbdefault\u00bb global_colors_info=\u00bb{}\u00bb][et_pb_image src=\u00bbhttps:\/\/mza-dicaws-portal-uploads-media-prod.s3.amazonaws.com\/informacion-oficial\/uploads\/sites\/12\/2025\/08\/PHOTO-2024-08-15-09-54-30-1086&#215;1536-1.jpg\u00bb title_text=\u00bbPHOTO-2024-08-15-09-54-30-1086&#215;1536&#8243; _builder_version=\u00bb4.27.4&#8243; _module_preset=\u00bbdefault\u00bb global_colors_info=\u00bb{}\u00bb][\/et_pb_image][\/et_pb_column][et_pb_column type=\u00bb1_2&#8243; _builder_version=\u00bb4.27.4&#8243; _module_preset=\u00bbdefault\u00bb global_colors_info=\u00bb{}\u00bb][et_pb_image src=\u00bbhttps:\/\/mza-dicaws-portal-uploads-media-prod.s3.amazonaws.com\/informacion-oficial\/uploads\/sites\/12\/2025\/08\/PHOTO-2024-08-15-09-54-31-1086&#215;1536-1.jpg\u00bb title_text=\u00bbPHOTO-2024-08-15-09-54-31-1086&#215;1536&#8243; _builder_version=\u00bb4.27.4&#8243; _module_preset=\u00bbdefault\u00bb global_colors_info=\u00bb{}\u00bb][\/et_pb_image][\/et_pb_column][\/et_pb_row][\/et_pb_section]<\/p>\n","protected":false},"excerpt":{"rendered":"<p>El Padr\u00f3n Minero 2024 ha sido emitido conforme a las resoluciones del H. Consejo de Miner\u00eda y a los Registros de Escriban\u00eda de Minas al 31\/03\/2024.<\/p>\n","protected":false},"author":13,"featured_media":0,"parent":0,"menu_order":0,"comment_status":"closed","ping_status":"closed","template":"","meta":{"_et_pb_use_builder":"on","_et_pb_old_content":"","_et_gb_content_width":"","footnotes":""},"class_list":["post-2831","page","type-page","status-publish","hentry"],"_links":{"self":[{"href":"https:\/\/informacionoficial.mendoza.gob.ar\/energiayambiente\/wp-json\/wp\/v2\/pages\/2831","targetHints":{"allow":["GET"]}}],"collection":[{"href":"https:\/\/informacionoficial.mendoza.gob.ar\/energiayambiente\/wp-json\/wp\/v2\/pages"}],"about":[{"href":"https:\/\/informacionoficial.mendoza.gob.ar\/energiayambiente\/wp-json\/wp\/v2\/types\/page"}],"author":[{"embeddable":true,"href":"https:\/\/informacionoficial.mendoza.gob.ar\/energiayambiente\/wp-json\/wp\/v2\/users\/13"}],"replies":[{"embeddable":true,"href":"https:\/\/informacionoficial.mendoza.gob.ar\/energiayambiente\/wp-json\/wp\/v2\/comments?post=2831"}],"version-history":[{"count":4,"href":"https:\/\/informacionoficial.mendoza.gob.ar\/energiayambiente\/wp-json\/wp\/v2\/pages\/2831\/revisions"}],"predecessor-version":[{"id":6817,"href":"https:\/\/informacionoficial.mendoza.gob.ar\/energiayambiente\/wp-json\/wp\/v2\/pages\/2831\/revisions\/6817"}],"wp:attachment":[{"href":"https:\/\/informacionoficial.mendoza.gob.ar\/energiayambiente\/wp-json\/wp\/v2\/media?parent=2831"}],"curies":[{"name":"wp","href":"https:\/\/api.w.org\/{rel}","templated":true}]}}