{"id":39,"date":"2025-04-09T15:42:42","date_gmt":"2025-04-09T13:42:42","guid":{"rendered":"https:\/\/informacionoficial.mendoza.gob.ar\/energiayambiente\/?page_id=39"},"modified":"2025-10-01T15:14:40","modified_gmt":"2025-10-01T18:14:40","slug":"39-2","status":"publish","type":"page","link":"https:\/\/informacionoficial.mendoza.gob.ar\/energiayambiente\/39-2\/","title":{"rendered":"Permisos"},"content":{"rendered":"<p>[et_pb_section fb_built=\u00bb1&#8243; admin_label=\u00bbHeader\u00bb _builder_version=\u00bb4.27.4&#8243; _module_preset=\u00bb_initial\u00bb background_color=\u00bb#000000&#8243; use_background_color_gradient=\u00bbon\u00bb background_image=\u00bbhttps:\/\/mza-dicaws-portal-uploads-media-prod.s3.us-east-1.amazonaws.com\/informacion-oficial\/uploads\/sites\/12\/2025\/04\/DSC0144-en-retoque-scaled-e1744286462385.jpg\u00bb parallax=\u00bbon\u00bb min_height=\u00bb832.8px\u00bb custom_padding=\u00bb106px||53px||false|false\u00bb collapsed=\u00bbon\u00bb global_colors_info=\u00bb{%22gcid-1f1bf5fb-a99d-4acc-8d9e-ddac074c158c%22:%91%22background_color_gradient_stops%22,%22background_color_gradient_stops%22%93,%22gcid-4c79ba3d-a281-4fb6-9b14-02f9a4c793f2%22:%91%22background_color_gradient_stops%22,%22background_color_gradient_stops%22%93,%22gcid-688c464a-d6f2-4296-b592-395352c71c79%22:%91%22background_color_gradient_stops%22,%22background_color_gradient_stops%22%93,%22gcid-d119accd-44d7-4f2f-b9d7-599c8463324b%22:%91%22background_color_gradient_stops%22,%22background_color_gradient_stops%22%93}\u00bb][et_pb_row _builder_version=\u00bb4.27.4&#8243; _module_preset=\u00bbdefault\u00bb max_width=\u00bb2560px\u00bb min_height=\u00bb146.4px\u00bb custom_margin=\u00bb-76px|auto|-12px|auto||\u00bb custom_padding=\u00bb||20px|||\u00bb global_colors_info=\u00bb{}\u00bb][et_pb_column type=\u00bb4_4&#8243; _builder_version=\u00bb4.25.1&#8243; _module_preset=\u00bbdefault\u00bb global_colors_info=\u00bb{}\u00bb][et_pb_heading title=\u00bbPERMISOS, AUTORIZACIONES\u00bb _builder_version=\u00bb4.27.4&#8243; _dynamic_attributes=\u00bbtitle\u00bb _module_preset=\u00bb_initial\u00bb title_font=\u00bb|300|||||||\u00bb title_text_align=\u00bbcenter\u00bb title_text_color=\u00bb#FFFFFF\u00bb title_font_size=\u00bb3.5rem\u00bb title_text_shadow_style=\u00bbpreset1&#8243; locked=\u00bboff\u00bb global_colors_info=\u00bb{%22gcid-bb9c0857-25e3-4051-b4b2-87f09afe6b01%22:%91%22title_text_shadow_color%22%93}\u00bb][\/et_pb_heading][\/et_pb_column][\/et_pb_row][et_pb_row _builder_version=\u00bb4.27.4&#8243; _module_preset=\u00bbdefault\u00bb max_width=\u00bb2560px\u00bb global_colors_info=\u00bb{}\u00bb][et_pb_column type=\u00bb4_4&#8243; _builder_version=\u00bb4.23.4&#8243; _module_preset=\u00bbdefault\u00bb global_colors_info=\u00bb{}\u00bb][et_pb_search button_color=\u00bb#0C71C3&#8243; _builder_version=\u00bb4.27.4&#8243; _module_preset=\u00bbdefault\u00bb form_field_text_color=\u00bb#0C71C3&#8243; button_font=\u00bb|700|||||||\u00bb button_text_color=\u00bb#FFFFFF\u00bb background_color=\u00bbrgba(255,255,255,0.4)\u00bb max_width=\u00bb800px\u00bb module_alignment=\u00bbcenter\u00bb custom_margin=\u00bb||2px|||\u00bb hover_enabled=\u00bb0&#8243; custom_css_free_form=\u00bbselector .et_pb_searchsubmit{||  width:150px !important;||}\u00bb locked=\u00bboff\u00bb global_colors_info=\u00bb{}\u00bb sticky_enabled=\u00bb0&#8243;][\/et_pb_search][\/et_pb_column][\/et_pb_row][et_pb_row column_structure=\u00bb1_3,1_3,1_3&#8243; _builder_version=\u00bb4.27.4&#8243; _module_preset=\u00bbdefault\u00bb max_width=\u00bb2560px\u00bb min_height=\u00bb260.4px\u00bb custom_margin=\u00bb||5%||false|false\u00bb custom_padding=\u00bb12px|||||\u00bb global_colors_info=\u00bb{}\u00bb][et_pb_column type=\u00bb1_3&#8243; _builder_version=\u00bb4.27.4&#8243; _module_preset=\u00bbdefault\u00bb global_colors_info=\u00bb{}\u00bb][et_pb_heading title=\u00bbPermisos\u00bb _builder_version=\u00bb4.27.4&#8243; _module_preset=\u00bb_initial\u00bb title_font=\u00bb|700|||||||\u00bb title_text_align=\u00bbcenter\u00bb title_text_color=\u00bb#FFFFFF\u00bb title_font_size=\u00bb20px\u00bb background_color=\u00bb#000f9f\u00bb custom_margin=\u00bb||||false|false\u00bb custom_padding=\u00bb10px||||false|false\u00bb global_colors_info=\u00bb{}\u00bb][\/et_pb_heading][et_pb_toggle title=\u00bbLicencias\u00bb open_toggle_text_color=\u00bbgcid-f173c7a3-9e00-4e82-b195-d41f2add7ec5&#8243; closed_toggle_text_color=\u00bbgcid-fcbed51f-1664-4c30-a96c-48c9375b111b\u00bb _builder_version=\u00bb4.27.4&#8243; _module_preset=\u00bbdefault\u00bb title_text_color=\u00bbgcid-53054839-b83d-4ef0-8659-8a010e6148fd\u00bb background_color=\u00bbrgba(255,255,255,0.6)\u00bb global_colors_info=\u00bb{%22gcid-53054839-b83d-4ef0-8659-8a010e6148fd%22:%91%22title_text_color%22,%22title_text_color%22%93,%22gcid-f173c7a3-9e00-4e82-b195-d41f2add7ec5%22:%91%22open_toggle_text_color%22,%22open_toggle_text_color%22%93,%22gcid-bb9c0857-25e3-4051-b4b2-87f09afe6b01%22:%91%22body_text_color%22%93,%22gcid-fcbed51f-1664-4c30-a96c-48c9375b111b%22:%91%22closed_toggle_text_color%22%93}\u00bb]<\/p>\n<p>Credencial de Conducci\u00f3n N\u00e1utica<\/p>\n<p>Credencial de Pesca<\/p>\n<p>Credencial de Caza\u00a0<\/p>\n<p>&nbsp;<\/p>\n<p>[\/et_pb_toggle][et_pb_toggle title=\u00bbIngreso \u00c1reas Naturales Protegidas\u00bb open_toggle_text_color=\u00bbgcid-f173c7a3-9e00-4e82-b195-d41f2add7ec5&#8243; _builder_version=\u00bb4.27.4&#8243; _module_preset=\u00bbdefault\u00bb title_text_color=\u00bbgcid-53054839-b83d-4ef0-8659-8a010e6148fd\u00bb body_text_color=\u00bbgcid-840cd285-ee6f-49c1-abc9-5e893f3235b8&#8243; background_color=\u00bbrgba(255,255,255,0.6)\u00bb global_colors_info=\u00bb{%22gcid-53054839-b83d-4ef0-8659-8a010e6148fd%22:%91%22title_text_color%22%93,%22gcid-f173c7a3-9e00-4e82-b195-d41f2add7ec5%22:%91%22open_toggle_text_color%22%93,%22gcid-840cd285-ee6f-49c1-abc9-5e893f3235b8%22:%91%22body_text_color%22%93}\u00bb]<\/p>\n<p><a href=\"https:\/\/turneroanp.mendoza.gov.ar\/turneroanppub\/servlet\/com.turneroanp.solturno002?b+vznqv92L0C82rOhKLZY1bnizM+NlHNCg0cZ5MiFzkBcse_j+BbxPWFB378FWDu\"><span>ACONCAGUA (circuito lagunero tur\u00edstico)<\/span><\/a><\/p>\n<p><a href=\"https:\/\/aconcagua.mendoza.gov.ar\/ticket\/aconcagua\/registro.php\"><span>ASCENSO ACONCAGUA (Trekkins de temporada)<\/span><\/a><\/p>\n<p><a href=\"https:\/\/turneroanp.mendoza.gov.ar\/turneroanppub\/servlet\/com.turneroanp.solturno002?b+vznqv92L0C82rOhKLZY4+es72L5zVj_Oh5aa61l+LsCPfINM3QeWKEIjestpwB\"><span>CAVERNA DE LAS BRUJAS<\/span><\/a><\/p>\n<p>Tickets <span>RESERVA NATURAL LA PAYUNIA<\/span><\/p>\n<p>Tickets <span>\u00c1REA NATURAL PROTEGIDA HUMEDAL LLANCANELO<\/span><\/p>\n<p>Tickets <span>RESERVA NATURAL Y SANTUARIO DE FAUNA DIVISADERO LARGO<\/span><\/p>\n<p>Tickets <span>RESERVA DE BI\u00d3SFERA \u00d1ACU\u00d1\u00c1N<\/span><\/p>\n<p>Permisos de Trekking\/Ascenso Parque Provincial Aconcagua<\/p>\n<p>Declaraci\u00f3n Jurada T\u00e9cnica<\/p>\n<p>Solicitud de an\u00e1lsis<\/p>\n<p>Solicitud de Mina (Manifestaci\u00f3n de Descubrimiento)<\/p>\n<p>&nbsp;<\/p>\n<p>[\/et_pb_toggle][\/et_pb_column][et_pb_column type=\u00bb1_3&#8243; _builder_version=\u00bb4.27.4&#8243; _module_preset=\u00bbdefault\u00bb global_colors_info=\u00bb{}\u00bb][et_pb_heading title=\u00bbAutorizaciones\u00bb _builder_version=\u00bb4.23.4&#8243; _module_preset=\u00bb_initial\u00bb title_font=\u00bb|700|||||||\u00bb title_text_align=\u00bbcenter\u00bb title_text_color=\u00bb#FFFFFF\u00bb title_font_size=\u00bb20px\u00bb background_color=\u00bb#000f9f\u00bb custom_margin=\u00bb||||false|false\u00bb custom_padding=\u00bb10px||||false|false\u00bb global_colors_info=\u00bb{}\u00bb][\/et_pb_heading][et_pb_toggle title=\u00bbBiodiversidad y Ecoparque\u00bb open_toggle_text_color=\u00bbgcid-f173c7a3-9e00-4e82-b195-d41f2add7ec5&#8243; _builder_version=\u00bb4.23.4&#8243; _module_preset=\u00bbdefault\u00bb title_text_color=\u00bbgcid-53054839-b83d-4ef0-8659-8a010e6148fd\u00bb background_color=\u00bbrgba(255,255,255,0.6)\u00bb global_colors_info=\u00bb{%22gcid-53054839-b83d-4ef0-8659-8a010e6148fd%22:%91%22title_text_color%22,%22title_text_color%22%93,%22gcid-f173c7a3-9e00-4e82-b195-d41f2add7ec5%22:%91%22open_toggle_text_color%22,%22open_toggle_text_color%22%93,%22gcid-bb9c0857-25e3-4051-b4b2-87f09afe6b01%22:%91%22body_text_color%22%93}\u00bb]<\/p>\n<p>Denuncia de Maltrato Animal<\/p>\n<p>Adopci\u00f3n Responsable<\/p>\n<p>Inscripci\u00f3n Registro de Fauna<\/p>\n<p>Inscripci\u00f3n Venta Tickets de Pesca<\/p>\n<p>Tenencia de Fauna Silvestre (COLT)<\/p>\n<p>Gu\u00eda Tr\u00e1nsito de Fauna Silvestre<\/p>\n<p>Autorizaci\u00f3n Coto de Caza<\/p>\n<p>Permiso de Caza\u00a0<\/p>\n<p>[\/et_pb_toggle][et_pb_toggle title=\u00bbReservas Naturales\u00bb open_toggle_text_color=\u00bbgcid-f173c7a3-9e00-4e82-b195-d41f2add7ec5&#8243; _builder_version=\u00bb4.23.4&#8243; _module_preset=\u00bbdefault\u00bb title_text_color=\u00bbgcid-53054839-b83d-4ef0-8659-8a010e6148fd\u00bb background_color=\u00bbrgba(255,255,255,0.6)\u00bb global_colors_info=\u00bb{%22gcid-53054839-b83d-4ef0-8659-8a010e6148fd%22:%91%22title_text_color%22,%22title_text_color%22%93,%22gcid-f173c7a3-9e00-4e82-b195-d41f2add7ec5%22:%91%22open_toggle_text_color%22,%22open_toggle_text_color%22%93,%22gcid-bb9c0857-25e3-4051-b4b2-87f09afe6b01%22:%91%22body_text_color%22%93}\u00bb]<\/p>\n<p>Permisos para Aconcagua<\/p>\n<p>Permiso Caverna de Brujas<\/p>\n<p>Permiso Laguna del Diamante<\/p>\n<p>Permiso La Payunia<\/p>\n<p>Permiso LLancanelo<\/p>\n<p>Permiso Divisadero Largo<\/p>\n<p>Permiso \u00d1ancu\u00f1an\u00a0<\/p>\n<p>Permisos para Escuelas<\/p>\n<p>**Prestadores de servicio<\/p>\n<p>**Voluntariados\u00a0<\/p>\n<p>[\/et_pb_toggle][et_pb_toggle title=\u00bb\u00c1reas Protegidas\u00bb open_toggle_text_color=\u00bbgcid-f173c7a3-9e00-4e82-b195-d41f2add7ec5&#8243; _builder_version=\u00bb4.23.4&#8243; _module_preset=\u00bbdefault\u00bb title_text_color=\u00bbgcid-53054839-b83d-4ef0-8659-8a010e6148fd\u00bb background_color=\u00bbrgba(255,255,255,0.6)\u00bb global_colors_info=\u00bb{%22gcid-53054839-b83d-4ef0-8659-8a010e6148fd%22:%91%22title_text_color%22,%22title_text_color%22%93,%22gcid-f173c7a3-9e00-4e82-b195-d41f2add7ec5%22:%91%22open_toggle_text_color%22,%22open_toggle_text_color%22%93,%22gcid-bb9c0857-25e3-4051-b4b2-87f09afe6b01%22:%91%22body_text_color%22%93}\u00bb]<\/p>\n<p>Investigaciones Cient\u00edficas<\/p>\n<p>Eventos Especiales en las ANP<\/p>\n<p>Leg\u00edtima Tenencia de Flora Nativa (COLT)<\/p>\n<p>Gu\u00eda de Tr\u00e1nsito<\/p>\n<p>Inspecci\u00f3n\u00a0 Apertura de Picada Cortafuegos<\/p>\n<p>Extracci\u00f3n Productos Bosques Nativos<\/p>\n<p>Corta de Forestales<\/p>\n<p>Pr\u00e1ctica de Nataci\u00f3n en Aguas Abiertas<\/p>\n<p>Pr\u00e1ctica de Competencia en Espejos de Agua<\/p>\n<p>Licencia en Conducci\u00f3n de Embarcaciones<\/p>\n<p>Alta de Embarcaciones\/Motores<\/p>\n<p>Transferencia de Embarcaciones<\/p>\n<p>Cambio de Motor de Embarcaci\u00f3n<\/p>\n<p>Baja de Embarcaci\u00f3n<\/p>\n<p>&nbsp;<\/p>\n<p>[\/et_pb_toggle][et_pb_toggle title=\u00bbHidr\u00e1ulica\u00bb open_toggle_text_color=\u00bbgcid-f173c7a3-9e00-4e82-b195-d41f2add7ec5&#8243; _builder_version=\u00bb4.27.4&#8243; _module_preset=\u00bbdefault\u00bb title_text_color=\u00bbgcid-53054839-b83d-4ef0-8659-8a010e6148fd\u00bb background_color=\u00bbrgba(255,255,255,0.6)\u00bb global_colors_info=\u00bb{%22gcid-53054839-b83d-4ef0-8659-8a010e6148fd%22:%91%22title_text_color%22,%22title_text_color%22%93,%22gcid-f173c7a3-9e00-4e82-b195-d41f2add7ec5%22:%91%22open_toggle_text_color%22,%22open_toggle_text_color%22%93,%22gcid-bb9c0857-25e3-4051-b4b2-87f09afe6b01%22:%91%22body_text_color%22%93}\u00bb]<\/p>\n<p><span style=\"font-size: 12px\">Caracterizaci\u00f3n Riesgo Aluvional<\/span><\/p>\n<p>Emisi\u00f3n visado Proyecto Pluvioluvional<span style=\"font-size: 12px\"><\/span><\/p>\n<p>Correcciones al Proyecto Pluvioluvional\u00a0<\/p>\n<p>Emisi\u00f3n Certificados de interferencia<\/p>\n<p>Emisi\u00f3n Certificado Final de Obra<\/p>\n<p>Denuncias<\/p>\n<p><em><\/em><\/p>\n<p><span style=\"font-size: 12px\"><\/span><\/p>\n<p>[\/et_pb_toggle][\/et_pb_column][et_pb_column type=\u00bb1_3&#8243; _builder_version=\u00bb4.27.4&#8243; _module_preset=\u00bbdefault\u00bb global_colors_info=\u00bb{}\u00bb][et_pb_heading title=\u00bbSolicitudes\u00bb _builder_version=\u00bb4.27.4&#8243; _module_preset=\u00bb_initial\u00bb title_font=\u00bb|700|||||||\u00bb title_text_align=\u00bbcenter\u00bb title_text_color=\u00bb#FFFFFF\u00bb title_font_size=\u00bb20px\u00bb background_color=\u00bb#000f9f\u00bb custom_margin=\u00bb||||false|false\u00bb custom_padding=\u00bb10px||||false|false\u00bb global_colors_info=\u00bb{}\u00bb][\/et_pb_heading][et_pb_toggle title=\u00bbImpacto Ambiental\u00bb open_toggle_text_color=\u00bbgcid-f173c7a3-9e00-4e82-b195-d41f2add7ec5&#8243; _builder_version=\u00bb4.27.4&#8243; _module_preset=\u00bbdefault\u00bb title_text_color=\u00bbgcid-53054839-b83d-4ef0-8659-8a010e6148fd\u00bb background_color=\u00bbrgba(255,255,255,0.6)\u00bb global_colors_info=\u00bb{%22gcid-53054839-b83d-4ef0-8659-8a010e6148fd%22:%91%22title_text_color%22,%22title_text_color%22%93,%22gcid-f173c7a3-9e00-4e82-b195-d41f2add7ec5%22:%91%22open_toggle_text_color%22,%22open_toggle_text_color%22%93,%22gcid-bb9c0857-25e3-4051-b4b2-87f09afe6b01%22:%91%22body_text_color%22%93}\u00bb]<\/p>\n<p><span style=\"font-size: 12px\">Caracterizaci\u00f3n Riesgo Aluvional<\/span><\/p>\n<p>Emisi\u00f3n visado Proyecto Pluvioluvional<span style=\"font-size: 12px\"><\/span><\/p>\n<p>Correcciones al Proyecto Pluvioluvional\u00a0<\/p>\n<p>Emisi\u00f3n Certificados de interferencia<\/p>\n<p>Emisi\u00f3n Certificado Final de Obra<\/p>\n<p>Denuncias<\/p>\n<p><em><\/em><\/p>\n<p><span style=\"font-size: 12px\"><\/span><\/p>\n<p>[\/et_pb_toggle][\/et_pb_column][\/et_pb_row][\/et_pb_section][et_pb_section fb_built=\u00bb1&#8243; _builder_version=\u00bb4.23.4&#8243; _module_preset=\u00bb_initial\u00bb min_height=\u00bb600.4px\u00bb custom_margin=\u00bb-72px|||||\u00bb custom_padding=\u00bb0px||0px|||\u00bb global_colors_info=\u00bb{}\u00bb][et_pb_row column_structure=\u00bb1_4,1_4,1_4,1_4&#8243; make_equal=\u00bbon\u00bb _builder_version=\u00bb4.27.4&#8243; _module_preset=\u00bbdefault\u00bb background_color=\u00bb#000f9f\u00bb max_width=\u00bb2560px\u00bb global_colors_info=\u00bb{}\u00bb][et_pb_column type=\u00bb1_4&#8243; _builder_version=\u00bb4.23.4&#8243; _module_preset=\u00bbdefault\u00bb global_colors_info=\u00bb{}\u00bb][et_pb_circle_counter title=\u00bbTURNOS\u00bb number=\u00bb600&#8243; percent_sign=\u00bboff\u00bb bar_bg_color=\u00bb#3cb4e5&#8243; _builder_version=\u00bb4.23.4&#8243; _module_preset=\u00bbdefault\u00bb title_font=\u00bb|700|||||||\u00bb title_text_align=\u00bbcenter\u00bb title_text_color=\u00bb#FFFFFF\u00bb title_font_size=\u00bb18px\u00bb background_layout=\u00bbdark\u00bb width=\u00bb65%\u00bb custom_margin=\u00bb0px|auto|0px|auto|false|false\u00bb global_colors_info=\u00bb{}\u00bb][\/et_pb_circle_counter][\/et_pb_column][et_pb_column type=\u00bb1_4&#8243; _builder_version=\u00bb4.23.4&#8243; _module_preset=\u00bbdefault\u00bb global_colors_info=\u00bb{}\u00bb][et_pb_circle_counter title=\u00bbTR\u00c1MITES\u00bb number=\u00bb300&#8243; percent_sign=\u00bboff\u00bb bar_bg_color=\u00bb#3cb4e5&#8243; _builder_version=\u00bb4.23.4&#8243; _module_preset=\u00bbdefault\u00bb title_font=\u00bb|700|||||||\u00bb title_text_align=\u00bbcenter\u00bb title_text_color=\u00bb#FFFFFF\u00bb title_font_size=\u00bb18px\u00bb background_layout=\u00bbdark\u00bb width=\u00bb65%\u00bb custom_margin=\u00bb0px|auto|0px|auto|false|false\u00bb link_option_url=\u00bbtramites\u00bb global_colors_info=\u00bb{}\u00bb][\/et_pb_circle_counter][\/et_pb_column][et_pb_column type=\u00bb1_4&#8243; _builder_version=\u00bb4.23.4&#8243; _module_preset=\u00bbdefault\u00bb global_colors_info=\u00bb{}\u00bb][et_pb_blurb title=\u00bb911 Emergencias\u00bb use_icon=\u00bbon\u00bb font_icon=\u00bb&#xf590;||fa||900&#8243; image_icon_width=\u00bb126px\u00bb _builder_version=\u00bb4.23.4&#8243; _module_preset=\u00bbdefault\u00bb header_level=\u00bbh3&#8243; header_font=\u00bb|700|||||||\u00bb header_text_align=\u00bbcenter\u00bb header_text_color=\u00bb#FFFFFF\u00bb text_orientation=\u00bbcenter\u00bb custom_margin=\u00bb||||false|false\u00bb custom_padding=\u00bb0px||||false|false\u00bb global_colors_info=\u00bb{}\u00bb][\/et_pb_blurb][\/et_pb_column][et_pb_column type=\u00bb1_4&#8243; _builder_version=\u00bb4.23.4&#8243; _module_preset=\u00bbdefault\u00bb global_colors_info=\u00bb{}\u00bb][et_pb_blurb title=\u00bbVentanilla \u00danica\u00bb image=\u00bbhttps:\/\/mza-dicaws-portal-uploads-media-prod.s3.us-east-1.amazonaws.com\/informacion-oficial\/uploads\/sites\/12\/2025\/04\/148-1.png\u00bb image_icon_width=\u00bb80%\u00bb _builder_version=\u00bb4.23.4&#8243; _module_preset=\u00bbdefault\u00bb header_level=\u00bbh3&#8243; header_font=\u00bb|700|||||||\u00bb header_text_align=\u00bbcenter\u00bb header_text_color=\u00bb#FFFFFF\u00bb text_orientation=\u00bbcenter\u00bb custom_margin=\u00bb||||false|false\u00bb custom_padding=\u00bb0px||||false|false\u00bb global_colors_info=\u00bb{}\u00bb][\/et_pb_blurb][\/et_pb_column][\/et_pb_row][\/et_pb_section]<\/p>\n","protected":false},"excerpt":{"rendered":"<p>Credencial de Conducci\u00f3n N\u00e1utica Credencial de Pesca Credencial de Caza\u00a0 &nbsp;ACONCAGUA (circuito lagunero tur\u00edstico) ASCENSO ACONCAGUA (Trekkins de temporada) CAVERNA DE LAS BRUJAS Tickets RESERVA NATURAL LA PAYUNIA Tickets \u00c1REA [&hellip;]<\/p>\n","protected":false},"author":17,"featured_media":0,"parent":0,"menu_order":0,"comment_status":"closed","ping_status":"closed","template":"","meta":{"_et_pb_use_builder":"on","_et_pb_old_content":"","_et_gb_content_width":"","footnotes":""},"class_list":["post-39","page","type-page","status-publish","hentry"],"_links":{"self":[{"href":"https:\/\/informacionoficial.mendoza.gob.ar\/energiayambiente\/wp-json\/wp\/v2\/pages\/39","targetHints":{"allow":["GET"]}}],"collection":[{"href":"https:\/\/informacionoficial.mendoza.gob.ar\/energiayambiente\/wp-json\/wp\/v2\/pages"}],"about":[{"href":"https:\/\/informacionoficial.mendoza.gob.ar\/energiayambiente\/wp-json\/wp\/v2\/types\/page"}],"author":[{"embeddable":true,"href":"https:\/\/informacionoficial.mendoza.gob.ar\/energiayambiente\/wp-json\/wp\/v2\/users\/17"}],"replies":[{"embeddable":true,"href":"https:\/\/informacionoficial.mendoza.gob.ar\/energiayambiente\/wp-json\/wp\/v2\/comments?post=39"}],"version-history":[{"count":28,"href":"https:\/\/informacionoficial.mendoza.gob.ar\/energiayambiente\/wp-json\/wp\/v2\/pages\/39\/revisions"}],"predecessor-version":[{"id":4810,"href":"https:\/\/informacionoficial.mendoza.gob.ar\/energiayambiente\/wp-json\/wp\/v2\/pages\/39\/revisions\/4810"}],"wp:attachment":[{"href":"https:\/\/informacionoficial.mendoza.gob.ar\/energiayambiente\/wp-json\/wp\/v2\/media?parent=39"}],"curies":[{"name":"wp","href":"https:\/\/api.w.org\/{rel}","templated":true}]}}