{"id":6576,"date":"2026-01-30T11:54:06","date_gmt":"2026-01-30T14:54:06","guid":{"rendered":"https:\/\/informacionoficial.mendoza.gob.ar\/energiayambiente\/?page_id=6576"},"modified":"2026-01-30T13:06:20","modified_gmt":"2026-01-30T16:06:20","slug":"base-de-datos-proveedores-mineros","status":"publish","type":"page","link":"https:\/\/informacionoficial.mendoza.gob.ar\/energiayambiente\/mineria\/base-de-datos-proveedores-mineros\/","title":{"rendered":"Base de Datos Proveedores Mineros"},"content":{"rendered":"<p>[et_pb_section fb_built=\u00bb1&#8243; _builder_version=\u00bb4.27.4&#8243; background_color=\u00bbRGBA(255,255,255,0)\u00bb use_background_color_gradient=\u00bbon\u00bb background_color_gradient_direction=\u00bb38deg\u00bb background_color_gradient_stops=\u00bb#ffffff 67%|#0a0000 100%\u00bb background_image=\u00bbhttps:\/\/mza-dicaws-portal-uploads-media-prod.s3.amazonaws.com\/informacion-oficial\/uploads\/sites\/12\/2025\/04\/DJI_0223.jpg\u00bb background_blend=\u00bbscreen\u00bb min_height=\u00bb589px\u00bb custom_margin=\u00bb3px|||||\u00bb custom_padding=\u00bb3px||0px|||\u00bb global_colors_info=\u00bb{}\u00bb][et_pb_row _builder_version=\u00bb4.27.4&#8243; background_size=\u00bbinitial\u00bb background_position=\u00bbtop_left\u00bb background_repeat=\u00bbrepeat\u00bb max_width=\u00bb2560px\u00bb min_height=\u00bb117px\u00bb custom_margin=\u00bb|auto|-3px|auto||\u00bb custom_padding=\u00bb5px|||||\u00bb global_colors_info=\u00bb{}\u00bb][et_pb_column type=\u00bb4_4&#8243; _builder_version=\u00bb4.27.4&#8243; _module_preset=\u00bbdefault\u00bb global_colors_info=\u00bb{}\u00bb][et_pb_heading title=\u00bbBASE DE DATOS DE PROVEEDORES MINEROS\u00bb admin_label=\u00bbFlora Nativa\u00bb _builder_version=\u00bb4.27.4&#8243; _module_preset=\u00bbdefault\u00bb title_level=\u00bbh2&#8243; title_font=\u00bb|300|||||||\u00bb title_text_align=\u00bbleft\u00bb title_text_color=\u00bbgcid-body-color\u00bb title_font_size=\u00bb40px\u00bb min_height=\u00bb42px\u00bb custom_margin=\u00bb||-3px|||\u00bb custom_padding=\u00bb||0px|||\u00bb global_colors_info=\u00bb{%22gcid-body-color%22:%91%22title_text_color%22%93}\u00bb][\/et_pb_heading][\/et_pb_column][\/et_pb_row][et_pb_row column_structure=\u00bb1_3,2_3&#8243; _builder_version=\u00bb4.27.4&#8243; _module_preset=\u00bbdefault\u00bb max_width=\u00bb2649px\u00bb global_colors_info=\u00bb{}\u00bb][et_pb_column type=\u00bb1_3&#8243; _builder_version=\u00bb4.27.4&#8243; _module_preset=\u00bbdefault\u00bb global_colors_info=\u00bb{}\u00bb][et_pb_icon font_icon=\u00bb&#xf1c0;||fa||900&#8243; icon_width=\u00bb200px\u00bb _builder_version=\u00bb4.27.4&#8243; _module_preset=\u00bbdefault\u00bb custom_padding=\u00bb|0px||||\u00bb global_colors_info=\u00bb{}\u00bb][\/et_pb_icon][\/et_pb_column][et_pb_column type=\u00bb2_3&#8243; _builder_version=\u00bb4.27.4&#8243; _module_preset=\u00bbdefault\u00bb global_colors_info=\u00bb{}\u00bb][et_pb_image src=\u00bbhttps:\/\/mza-dicaws-portal-uploads-media-prod.s3.amazonaws.com\/informacion-oficial\/uploads\/sites\/12\/2026\/01\/CICLOS-DE-CAPACITACION-BANNER.png\u00bb _builder_version=\u00bb4.27.4&#8243; _module_preset=\u00bbdefault\u00bb title_text=\u00bbCICLOS DE CAPACITACI\u00d3N BANNER\u00bb url=\u00bbhttps:\/\/prensa.mendoza.gob.ar\/finalizo-con-gran-participacion-la-convocatoria-del-ciclo-capacidad-local-para-fortalecer-la-cadena-minera\/\u00bb hover_enabled=\u00bb0&#8243; sticky_enabled=\u00bb0&#8243;][\/et_pb_image][et_pb_text _builder_version=\u00bb4.27.4&#8243; _module_preset=\u00bbdefault\u00bb background_color=\u00bbrgba(255,255,255,0.63)\u00bb custom_padding=\u00bb20px|21px|19px|21px|false|false\u00bb hover_enabled=\u00bb0&#8243; border_radii=\u00bbon|8px|8px|8px|8px\u00bb global_colors_info=\u00bb{}\u00bb sticky_enabled=\u00bb0&#8243;]<\/p>\n<p class=\"wp-block-heading\"><em>La iniciativa de la Direcci\u00f3n de Miner\u00eda, del Ministerio de Energ\u00eda y Ambiente, cerr\u00f3 con 138 propuestas de capacitaci\u00f3n. El objetivo es fortalecer la innovaci\u00f3n, la sostenibilidad y la competitividad de los proveedores locales de la cadena minera. Las propuestas ser\u00e1n evaluadas para seleccionar a quienes integrar\u00e1n la agenda definitiva del ciclo.<\/em><\/p>\n<p>[\/et_pb_text][et_pb_button button_url=\u00bbhttps:\/\/prensa.mendoza.gob.ar\/finalizo-con-gran-participacion-la-convocatoria-del-ciclo-capacidad-local-para-fortalecer-la-cadena-minera\/\u00bb button_text=\u00bbLEER M\u00c1S \u00bb _builder_version=\u00bb4.27.4&#8243; _module_preset=\u00bbdefault\u00bb custom_button=\u00bbon\u00bb button_text_color=\u00bb#0C71C3&#8243; hover_enabled=\u00bb0&#8243; global_colors_info=\u00bb{}\u00bb sticky_enabled=\u00bb0&#8243;][\/et_pb_button][et_pb_text _builder_version=\u00bb4.27.4&#8243; _module_preset=\u00bbdefault\u00bb background_color=\u00bbrgba(255,255,255,0.63)\u00bb custom_padding=\u00bb20px|21px|19px|21px|false|false\u00bb border_radii=\u00bbon|8px|8px|8px|8px\u00bb global_colors_info=\u00bb{}\u00bb]<\/p>\n<div class=\"ahS2Le\">\n<div class=\"F9yp7e ikZYwf LgNcQe\" dir=\"auto\" role=\"heading\"><b>\u00a1Bienvenidos!<\/b><\/div>\n<\/div>\n<div class=\"cBGGJ OIC90c\" dir=\"auto\">\n<div>\n<div>\n<div>\n<div>\n<div><\/div>\n<\/div>\n<\/div>\n<\/div>\n<\/div>\n<div>\n<p><span>Desde la Direcci\u00f3n de Miner\u00eda de Mendoza agradecemos su inter\u00e9s y colaboraci\u00f3n. Este formulario est\u00e1 dise\u00f1ado para recopilar informaci\u00f3n detallada sobre <b>proveedores mineros de la provincia<\/b>, con el prop\u00f3sito de integrarlos a nuestra <i>base de datos interna<\/i>.<\/span><\/p>\n<p>La informaci\u00f3n proporcionada nos permitir\u00e1 mantenerlos informados sobre actividades, novedades y eventos relacionados con la miner\u00eda, adem\u00e1s de invitarlos a participar de futuras iniciativas que llevemos a cabo.<\/p>\n<p>Les agradecemos de antemano su tiempo y disposici\u00f3n. \u00a1Nos entusiasma la posibilidad de trabajar juntos y construir un v\u00ednculo m\u00e1s cercano con todos los actores de la cadena de valor minera!<\/p>\n<\/div>\n<\/div>\n<p>[\/et_pb_text][et_pb_button button_url=\u00bbhttps:\/\/forms.gle\/zu5iC83ujzzfqVXj7&#8243; button_text=\u00bbRELLENAR FORMULARIO\u00bb _builder_version=\u00bb4.27.4&#8243; _module_preset=\u00bbdefault\u00bb custom_button=\u00bbon\u00bb button_text_color=\u00bb#0C71C3&#8243; global_colors_info=\u00bb{}\u00bb][\/et_pb_button][\/et_pb_column][\/et_pb_row][\/et_pb_section]<\/p>\n","protected":false},"excerpt":{"rendered":"<p>La iniciativa de la Direcci\u00f3n de Miner\u00eda, del Ministerio de Energ\u00eda y Ambiente, cerr\u00f3 con 138 propuestas de capacitaci\u00f3n. El objetivo es fortalecer la innovaci\u00f3n, la sostenibilidad y la competitividad de los proveedores locales de la cadena minera. Las propuestas ser\u00e1n evaluadas para seleccionar a quienes integrar\u00e1n la agenda definitiva del ciclo. \u00a1Bienvenidos! Desde la [&hellip;]<\/p>\n","protected":false},"author":13,"featured_media":0,"parent":923,"menu_order":0,"comment_status":"closed","ping_status":"closed","template":"","meta":{"_et_pb_use_builder":"on","_et_pb_old_content":"","_et_gb_content_width":"","footnotes":""},"class_list":["post-6576","page","type-page","status-publish","hentry"],"_links":{"self":[{"href":"https:\/\/informacionoficial.mendoza.gob.ar\/energiayambiente\/wp-json\/wp\/v2\/pages\/6576","targetHints":{"allow":["GET"]}}],"collection":[{"href":"https:\/\/informacionoficial.mendoza.gob.ar\/energiayambiente\/wp-json\/wp\/v2\/pages"}],"about":[{"href":"https:\/\/informacionoficial.mendoza.gob.ar\/energiayambiente\/wp-json\/wp\/v2\/types\/page"}],"author":[{"embeddable":true,"href":"https:\/\/informacionoficial.mendoza.gob.ar\/energiayambiente\/wp-json\/wp\/v2\/users\/13"}],"replies":[{"embeddable":true,"href":"https:\/\/informacionoficial.mendoza.gob.ar\/energiayambiente\/wp-json\/wp\/v2\/comments?post=6576"}],"version-history":[{"count":7,"href":"https:\/\/informacionoficial.mendoza.gob.ar\/energiayambiente\/wp-json\/wp\/v2\/pages\/6576\/revisions"}],"predecessor-version":[{"id":6604,"href":"https:\/\/informacionoficial.mendoza.gob.ar\/energiayambiente\/wp-json\/wp\/v2\/pages\/6576\/revisions\/6604"}],"up":[{"embeddable":true,"href":"https:\/\/informacionoficial.mendoza.gob.ar\/energiayambiente\/wp-json\/wp\/v2\/pages\/923"}],"wp:attachment":[{"href":"https:\/\/informacionoficial.mendoza.gob.ar\/energiayambiente\/wp-json\/wp\/v2\/media?parent=6576"}],"curies":[{"name":"wp","href":"https:\/\/api.w.org\/{rel}","templated":true}]}}