{"id":6455,"date":"2025-09-22T12:13:25","date_gmt":"2025-09-22T15:13:25","guid":{"rendered":"https:\/\/informacionoficial.mendoza.gob.ar\/gobiernoinfraestructura\/?page_id=6455"},"modified":"2026-04-17T13:59:22","modified_gmt":"2026-04-17T16:59:22","slug":"nuevas-obras-fondo-del-resarcimiento","status":"publish","type":"page","link":"https:\/\/informacionoficial.mendoza.gob.ar\/gobiernoinfraestructura\/nuevas-obras-fondo-del-resarcimiento\/","title":{"rendered":"Nuevas Obras Fondo del Resarcimiento"},"content":{"rendered":"<p>[et_pb_section fb_built=\u00bb1&#8243; _builder_version=\u00bb4.27.4&#8243; _module_preset=\u00bbdefault\u00bb global_colors_info=\u00bb{}\u00bb][et_pb_row _builder_version=\u00bb4.27.4&#8243; _module_preset=\u00bbdefault\u00bb hover_enabled=\u00bb0&#8243; global_colors_info=\u00bb{}\u00bb sticky_enabled=\u00bb0&#8243;][et_pb_column type=\u00bb4_4&#8243; _builder_version=\u00bb4.27.4&#8243; _module_preset=\u00bbdefault\u00bb global_colors_info=\u00bb{}\u00bb][et_pb_accordion _builder_version=\u00bb4.27.4&#8243; _module_preset=\u00bbdefault\u00bb custom_margin=\u00bb0px|||||\u00bb hover_enabled=\u00bb0&#8243; global_colors_info=\u00bb{}\u00bb sticky_enabled=\u00bb0&#8243;][et_pb_accordion_item open=\u00bbon\u00bb _builder_version=\u00bb4.27.4&#8243; _module_preset=\u00bbdefault\u00bb global_colors_info=\u00bb{}\u00bb]<\/p>\n<h1>Licitaciones Obras Fondo del Resarcimiento<\/h1>\n<article id=\"post-2879\" class=\"post-2879 page type-page status-publish has-post-thumbnail hentry\">\n<div class=\"col-xs-12 col-sm-12 col-md-12 col-lg-12\">\n<p><strong>ESTIMADO INTERESADO Y P\u00daBLICO EN GENERAL:<\/strong><br \/>En el presente espacio, usted podr\u00e1 visualizar los proyectos de<span>\u00a0<\/span><span>PLIEGOS PROVISORIOS\u00a0<\/span>por las obras que pr\u00f3ximamente licitar\u00e1 el Gobierno de Mendoza cuyo financiamiento proviene de los recursos del<span>\u00a0\u201cFIDEICOMISO DE ADMINISTRACI\u00d3N DE LOS FONDOS POR RESARCIMIENTO DE LOS DA\u00d1OS DE LA PROMOCI\u00d3N INDUSTRIAL\u201d.<\/span><br \/><span>Los que deseen realizar observaciones, consu<\/span>ltas y sugerencias de cualquier \u00edndole, podr\u00e1n realizarlas hasta la finalizaci\u00f3n del per\u00edodo de publicaci\u00f3n y enviarlos a<span>\u00a0<\/span><a href=\"mailto:obrasfr@mendoza.gov.ar\">obrasfr@mendoza.gov.ar<\/a>.<br \/>El \u00d3rgano Licitante se reserva el derecho de responder las consultas y de dar o no lugar a las sugerencias u observaciones efectuadas.<br \/>Una vez acordados los t\u00e9rminos definitivos se publicar\u00e1 el pliego licitatorio correspondiente con su fecha y hora de apertura, tal y como habitualmente se realiza, por los medios correspondientes y en los sitios web de cada organismo subejecutor.<\/p>\n<p>&nbsp;<\/p>\n<table border=\"1\" style=\"border-collapse: collapse;width: 100.096%;height: 432px\">\n<tbody>\n<tr style=\"height: 24px\">\n<td style=\"width: 245.219px;height: 24px\"><strong>Tipo de Obra<\/strong><\/td>\n<td style=\"width: 256.328px;height: 24px\"><strong>Estado del Pliego<\/strong><\/td>\n<td style=\"width: 155.547px;height: 24px\"><strong>Obra<\/strong><\/td>\n<td style=\"width: 312.016px;height: 24px\"><strong>Organismo Subejecutor<\/strong><\/td>\n<\/tr>\n<tr style=\"height: 24px\">\n<td style=\"width: 245.219px;height: 24px\"><\/td>\n<td style=\"width: 256.328px;height: 24px\"><\/td>\n<td style=\"width: 155.547px;height: 24px\"><a href=\"https:\/\/mza-dicaws-portal-uploads-media-prod.s3.amazonaws.com\/informacion-oficial\/uploads\/sites\/13\/2025\/10\/Acueducto-Centro-I-Tupungato-PP.pdf\" rel=\"attachment wp-att-6836\">\u00a0<\/a><\/td>\n<td style=\"width: 312.016px;height: 24px\"><\/td>\n<\/tr>\n<tr style=\"height: 24px\">\n<td style=\"width: 245.219px;height: 24px\">AGUA Y SANEAMIENTO<\/td>\n<td style=\"width: 256.328px;height: 24px\"><span>Provisorio<\/span><\/td>\n<td style=\"width: 155.547px;height: 24px\"><a href=\"https:\/\/mza-dicaws-portal-uploads-media-prod.s3.amazonaws.com\/informacion-oficial\/uploads\/sites\/13\/2025\/10\/Acueducto-Centro-II-Tupungato-PP.pdf\" rel=\"attachment wp-att-6837\">Acueducto Centro II<\/a><\/td>\n<td style=\"width: 312.016px;height: 24px\">MUNICIPIO DE TUPUNGATO<\/td>\n<\/tr>\n<tr>\n<td style=\"width: 245.219px\">INFRAESTRUCTURA P\u00daBLICA TUR\u00cdSTICA<\/td>\n<td style=\"width: 256.328px\">Provisorio<\/td>\n<td style=\"width: 155.547px\"><a href=\"https:\/\/drive.google.com\/drive\/folders\/1sj7w79p3o0iIHiq9qXzu8Uoa1fNhupnY\">Ciudad del Vino<\/a><\/td>\n<td style=\"width: 312.016px\">MUNICIPIO DE GODOY CRUZ<\/td>\n<\/tr>\n<tr style=\"height: 168px\">\n<td style=\"width: 245.219px;height: 168px\"><\/td>\n<td style=\"width: 256.328px;height: 168px\"><\/td>\n<td style=\"width: 155.547px;height: 168px\"><\/td>\n<td style=\"width: 312.016px;height: 168px\"><\/td>\n<\/tr>\n<tr style=\"height: 120px\">\n<td style=\"width: 245.219px;height: 120px\"><\/td>\n<td style=\"width: 256.328px;height: 120px\"><\/td>\n<td style=\"width: 155.547px;height: 120px\"><\/td>\n<td style=\"width: 312.016px;height: 120px\"><\/td>\n<\/tr>\n<tr style=\"height: 48px\">\n<td style=\"width: 245.219px;height: 48px\"><\/td>\n<td style=\"width: 256.328px;height: 48px\"><\/td>\n<td style=\"width: 155.547px;height: 48px\"><a href=\"https:\/\/fopiatzad-my.sharepoint.com\/:b:\/g\/personal\/admin_fopiatzad_ar\/IQBZ8SnKxNLyQ5Koazj9K7sXAfprmIw2jtxLpQRXJbCZjIA?e=EP7HOT\"><\/a><\/td>\n<td style=\"width: 312.016px;height: 48px\"><\/td>\n<\/tr>\n<\/tbody>\n<\/table>\n<p>&nbsp;<\/p>\n<\/div>\n<\/article>\n<p>[\/et_pb_accordion_item][\/et_pb_accordion][\/et_pb_column][\/et_pb_row][\/et_pb_section]<\/p>\n","protected":false},"excerpt":{"rendered":"<p>Licitaciones Obras Fondo del Resarcimiento ESTIMADO INTERESADO Y P\u00daBLICO EN GENERAL:En el presente espacio, usted podr\u00e1 visualizar los proyectos de\u00a0PLIEGOS PROVISORIOS\u00a0por las obras que pr\u00f3ximamente licitar\u00e1 el Gobierno de Mendoza cuyo financiamiento proviene de los recursos del\u00a0\u201cFIDEICOMISO DE ADMINISTRACI\u00d3N DE LOS FONDOS POR RESARCIMIENTO DE LOS DA\u00d1OS DE LA PROMOCI\u00d3N INDUSTRIAL\u201d.Los que deseen realizar observaciones, [&hellip;]<\/p>\n","protected":false},"author":47,"featured_media":0,"parent":0,"menu_order":0,"comment_status":"closed","ping_status":"closed","template":"","meta":{"_et_pb_use_builder":"on","_et_pb_old_content":"","_et_gb_content_width":"","footnotes":""},"class_list":["post-6455","page","type-page","status-publish","hentry"],"_links":{"self":[{"href":"https:\/\/informacionoficial.mendoza.gob.ar\/gobiernoinfraestructura\/wp-json\/wp\/v2\/pages\/6455","targetHints":{"allow":["GET"]}}],"collection":[{"href":"https:\/\/informacionoficial.mendoza.gob.ar\/gobiernoinfraestructura\/wp-json\/wp\/v2\/pages"}],"about":[{"href":"https:\/\/informacionoficial.mendoza.gob.ar\/gobiernoinfraestructura\/wp-json\/wp\/v2\/types\/page"}],"author":[{"embeddable":true,"href":"https:\/\/informacionoficial.mendoza.gob.ar\/gobiernoinfraestructura\/wp-json\/wp\/v2\/users\/47"}],"replies":[{"embeddable":true,"href":"https:\/\/informacionoficial.mendoza.gob.ar\/gobiernoinfraestructura\/wp-json\/wp\/v2\/comments?post=6455"}],"version-history":[{"count":40,"href":"https:\/\/informacionoficial.mendoza.gob.ar\/gobiernoinfraestructura\/wp-json\/wp\/v2\/pages\/6455\/revisions"}],"predecessor-version":[{"id":7923,"href":"https:\/\/informacionoficial.mendoza.gob.ar\/gobiernoinfraestructura\/wp-json\/wp\/v2\/pages\/6455\/revisions\/7923"}],"wp:attachment":[{"href":"https:\/\/informacionoficial.mendoza.gob.ar\/gobiernoinfraestructura\/wp-json\/wp\/v2\/media?parent=6455"}],"curies":[{"name":"wp","href":"https:\/\/api.w.org\/{rel}","templated":true}]}}