{"id":17072,"date":"2025-12-09T18:59:07","date_gmt":"2025-12-09T21:59:07","guid":{"rendered":"https:\/\/informacionoficial.mendoza.gob.ar\/haciendayfinanzas\/?page_id=17072"},"modified":"2026-02-24T10:44:40","modified_gmt":"2026-02-24T13:44:40","slug":"contrataciones-publicas","status":"publish","type":"page","link":"https:\/\/informacionoficial.mendoza.gob.ar\/haciendayfinanzas\/contrataciones-publicas\/","title":{"rendered":"Contrataciones P\u00fablicas"},"content":{"rendered":"<p>[et_pb_section fb_built=\u00bb1&#8243; admin_label=\u00bbSecci\u00f3n\u00bb _builder_version=\u00bb4.27.4&#8243; _module_preset=\u00bbdefault\u00bb background_color=\u00bbRGBA(255,255,255,0)\u00bb background_image=\u00bbhttps:\/\/mza-dicaws-portal-uploads-media-prod.s3.amazonaws.com\/informacion-oficial\/uploads\/sites\/11\/2025\/05\/Casa_Gobierno_Mendoza_Argentina.jpg\u00bb background_size=\u00bbcustom\u00bb background_image_width=\u00bb100%\u00bb background_blend=\u00bbsoft-light\u00bb background_enable_video_mp4=\u00bboff\u00bb background_video_width=\u00bb100%\u00bb background_video_height=\u00bb100%\u00bb module_alignment=\u00bbcenter\u00bb min_height=\u00bb40em\u00bb custom_margin=\u00bb3px||-13px|||\u00bb custom_margin_tablet=\u00bb3px||-13px|||\u00bb custom_margin_phone=\u00bb3px||||false|false\u00bb custom_margin_last_edited=\u00bbon|phone\u00bb custom_padding=\u00bb4px||26px|||\u00bb background_last_edited=\u00bbon|phone\u00bb background_position_phone=\u00bbtop_center\u00bb locked=\u00bboff\u00bb global_colors_info=\u00bb{}\u00bb][et_pb_row _builder_version=\u00bb4.27.4&#8243; _module_preset=\u00bbdefault\u00bb custom_margin=\u00bb3em||||false|false\u00bb custom_padding=\u00bb0em||3em||false|false\u00bb global_colors_info=\u00bb{}\u00bb][et_pb_column type=\u00bb4_4&#8243; admin_label=\u00bbColumna\u00bb _builder_version=\u00bb4.27.4&#8243; _module_preset=\u00bbdefault\u00bb global_colors_info=\u00bb{}\u00bb][et_pb_post_title meta=\u00bboff\u00bb featured_image=\u00bboff\u00bb admin_label=\u00bbNombre del micrositio\u00bb _builder_version=\u00bb4.27.4&#8243; _module_preset=\u00bbdefault\u00bb title_level=\u00bbh2&#8243; title_font=\u00bbRoboto|700|||||||\u00bb title_text_align=\u00bbcenter\u00bb title_text_color=\u00bb#FFFFFF\u00bb title_font_size=\u00bb44px\u00bb title_letter_spacing=\u00bb1px\u00bb title_line_height=\u00bb1.1em\u00bb background_enable_color=\u00bboff\u00bb text_orientation=\u00bbcenter\u00bb custom_margin=\u00bb1em||1em||false|false\u00bb animation_style=\u00bbfade\u00bb title_font_size_tablet=\u00bb44px\u00bb title_font_size_phone=\u00bb38px\u00bb title_font_size_last_edited=\u00bbon|phone\u00bb title_text_shadow_style=\u00bbpreset1&#8243; title_text_shadow_color=\u00bb#000000&#8243; border_color_all=\u00bb#FFFFFF\u00bb global_colors_info=\u00bb{}\u00bb][\/et_pb_post_title][\/et_pb_column][\/et_pb_row][et_pb_row column_structure=\u00bb1_3,1_3,1_3&#8243; use_custom_gutter=\u00bbon\u00bb gutter_width=\u00bb2&#8243; make_equal=\u00bbon\u00bb _builder_version=\u00bb4.27.4&#8243; _module_preset=\u00bbdefault\u00bb width=\u00bb70%\u00bb max_width=\u00bb80%\u00bb module_alignment=\u00bbcenter\u00bb min_height=\u00bb153px\u00bb custom_margin=\u00bb1em||||false|false\u00bb custom_margin_tablet=\u00bb1em||||false|false\u00bb custom_margin_phone=\u00bb2em||||false|false\u00bb custom_margin_last_edited=\u00bbon|phone\u00bb animation_style=\u00bbfade\u00bb global_colors_info=\u00bb{}\u00bb][et_pb_column type=\u00bb1_3&#8243; _builder_version=\u00bb4.27.4&#8243; _dynamic_attributes=\u00bblink_option_url\u00bb _module_preset=\u00bbdefault\u00bb link_option_url=\u00bb@ET-DC@eyJkeW5hbWljIjp0cnVlLCJjb250ZW50IjoicG9zdF9saW5rX3VybF9wYWdlIiwic2V0dGluZ3MiOnsicG9zdF9pZCI6IjE0OTY4IiwiZW5hYmxlX2h0bWwiOiJvZmYifX0=@\u00bb global_colors_info=\u00bb{}\u00bb][et_pb_text module_class=\u00bbmi-estilo\u00bb _builder_version=\u00bb4.27.4&#8243; _dynamic_attributes=\u00bblink_option_url\u00bb _module_preset=\u00bbdefault\u00bb header_text_align=\u00bbleft\u00bb header_3_font=\u00bb|600|||||||\u00bb header_3_text_align=\u00bbcenter\u00bb header_3_text_color=\u00bb#FFFFFF\u00bb background_color=\u00bbrgba(0,0,0,0.33)\u00bb module_alignment=\u00bbcenter\u00bb custom_margin_tablet=\u00bb\u00bb custom_margin_phone=\u00bb3em||||false|false\u00bb custom_margin_last_edited=\u00bbon|phone\u00bb custom_padding=\u00bb2em|1em|2em|1em|true|true\u00bb link_option_url=\u00bb@ET-DC@eyJkeW5hbWljIjp0cnVlLCJjb250ZW50IjoicG9zdF9saW5rX3VybF9wYWdlIiwic2V0dGluZ3MiOnsicG9zdF9pZCI6IjE0OTY4IiwiZW5hYmxlX2h0bWwiOiJvZmYifX0=@\u00bb border_radii=\u00bbon|15px|15px|15px|15px\u00bb border_width_all=\u00bb3px\u00bb border_color_all=\u00bb#FFFFFF\u00bb global_colors_info=\u00bb{}\u00bb background_color__hover=\u00bb#0C71C3&#8243; background__hover_enabled=\u00bbon|hover\u00bb border_width_all__hover=\u00bb3px\u00bb border_width_all__hover_enabled=\u00bbon|desktop\u00bb border_color_all__hover=\u00bb#0C71C3&#8243; border_color_all__hover_enabled=\u00bbon|hover\u00bb background_enable_color__hover=\u00bbon\u00bb]<\/p>\n<h3><strong><span style=\"color: #ffffff\">Atenci\u00f3n Ciudadana<\/span><\/strong><\/h3>\n<p>[\/et_pb_text][\/et_pb_column][et_pb_column type=\u00bb1_3&#8243; _builder_version=\u00bb4.27.4&#8243; _dynamic_attributes=\u00bblink_option_url\u00bb _module_preset=\u00bbdefault\u00bb link_option_url=\u00bb@ET-DC@eyJkeW5hbWljIjp0cnVlLCJjb250ZW50IjoicG9zdF9saW5rX3VybF9wYWdlIiwic2V0dGluZ3MiOnsicG9zdF9pZCI6IjE1ODk4IiwiZW5hYmxlX2h0bWwiOiJvZmYifX0=@\u00bb global_colors_info=\u00bb{}\u00bb][et_pb_text _builder_version=\u00bb4.27.4&#8243; _module_preset=\u00bbdefault\u00bb header_text_align=\u00bbleft\u00bb header_3_font=\u00bb|600|||||||\u00bb header_3_text_align=\u00bbcenter\u00bb header_3_text_color=\u00bb#FFFFFF\u00bb background_color=\u00bbrgba(0,0,0,0.33)\u00bb module_alignment=\u00bbcenter\u00bb custom_padding=\u00bb2em|1em|2em|1em|true|true\u00bb link_option_url=\u00bbhttps:\/\/informacionoficial.mendoza.gob.ar\/haciendayfinanzas\/mesa-de-ayuda\/\u00bb border_radii=\u00bbon|15px|15px|15px|15px\u00bb border_width_all=\u00bb3px\u00bb border_color_all=\u00bb#FFFFFF\u00bb locked=\u00bboff\u00bb global_colors_info=\u00bb{}\u00bb background_color__hover=\u00bb#0C71C3&#8243; background__hover_enabled=\u00bbon|hover\u00bb border_width_all__hover=\u00bb3px\u00bb border_width_all__hover_enabled=\u00bbon|desktop\u00bb border_color_all__hover=\u00bb#0C71C3&#8243; border_color_all__hover_enabled=\u00bbon|hover\u00bb background_enable_color__hover=\u00bbon\u00bb]<\/p>\n<h3><strong><span style=\"color: #ffffff\">Mesa de Ayuda<\/span><\/strong><\/h3>\n<p>[\/et_pb_text][\/et_pb_column][et_pb_column type=\u00bb1_3&#8243; _builder_version=\u00bb4.27.4&#8243; _module_preset=\u00bbdefault\u00bb global_colors_info=\u00bb{}\u00bb][et_pb_text _builder_version=\u00bb4.27.4&#8243; _module_preset=\u00bbdefault\u00bb header_text_align=\u00bbleft\u00bb header_3_font=\u00bb|600|||||||\u00bb header_3_text_align=\u00bbcenter\u00bb header_3_text_color=\u00bb#FFFFFF\u00bb background_color=\u00bbrgba(0,0,0,0.33)\u00bb module_alignment=\u00bbcenter\u00bb custom_padding=\u00bb2em|1em|2em|1em|true|true\u00bb link_option_url=\u00bbhttps:\/\/comprar.mendoza.gov.ar\/Default.aspx\u00bb link_option_url_new_window=\u00bbon\u00bb border_radii=\u00bbon|15px|15px|15px|15px\u00bb border_width_all=\u00bb3px\u00bb border_color_all=\u00bb#FFFFFF\u00bb locked=\u00bboff\u00bb global_colors_info=\u00bb{}\u00bb background_color__hover=\u00bb#0C71C3&#8243; border_width_all__hover=\u00bb3px\u00bb border_width_all__hover_enabled=\u00bbon|desktop\u00bb border_color_all__hover=\u00bb#0C71C3&#8243; border_color_all__hover_enabled=\u00bbon|hover\u00bb background_enable_color__hover=\u00bbon\u00bb background__hover_enabled=\u00bbon|hover\u00bb]<\/p>\n<h3><strong><span style=\"color: #ffffff\">Licitaciones P\u00fablicas<\/span><\/strong><\/h3>\n<p>[\/et_pb_text][\/et_pb_column][\/et_pb_row][\/et_pb_section][et_pb_section fb_built=\u00bb1&#8243; _builder_version=\u00bb4.27.4&#8243; _module_preset=\u00bbdefault\u00bb custom_margin=\u00bb0px|0px|0px|0px|false|false\u00bb custom_padding=\u00bb0px|0px|0px|0px|false|false\u00bb global_colors_info=\u00bb{}\u00bb][et_pb_row column_structure=\u00bb1_3,1_3,1_3&#8243; use_custom_gutter=\u00bbon\u00bb make_equal=\u00bbon\u00bb _builder_version=\u00bb4.27.4&#8243; _module_preset=\u00bbdefault\u00bb custom_margin=\u00bb||||true|false\u00bb custom_padding=\u00bb||||false|false\u00bb global_colors_info=\u00bb{}\u00bb][et_pb_column type=\u00bb1_3&#8243; _builder_version=\u00bb4.27.4&#8243; _module_preset=\u00bbdefault\u00bb link_option_url=\u00bbhttps:\/\/comprasapps.mendoza.gov.ar\/Compras\/servlet\/hli00049&#8243; link_option_url_new_window=\u00bbon\u00bb global_colors_info=\u00bb{}\u00bb][et_pb_blurb title=\u00bbLicitaciones Municipales \u00bb url_new_window=\u00bbon\u00bb use_icon=\u00bbon\u00bb font_icon=\u00bb&#xf674;||fa||900&#8243; icon_color=\u00bb#2ea3f2&#8243; image_icon_width=\u00bb60px\u00bb module_class=\u00bbmy-button\u00bb _builder_version=\u00bb4.27.4&#8243; _module_preset=\u00bbdefault\u00bb header_font=\u00bb|700|||||||\u00bb header_text_align=\u00bbcenter\u00bb header_text_color=\u00bb#0c19d1&#8243; header_font_size=\u00bb20px\u00bb header_line_height=\u00bb1.2em\u00bb body_text_color=\u00bb#0c19d1&#8243; background_color=\u00bb#FFFFFF\u00bb custom_margin=\u00bb||1rem||false|false\u00bb custom_padding=\u00bb1rem|1rem|1rem|1rem|true|true\u00bb border_radii=\u00bbon|15px|15px|15px|15px\u00bb border_color_all=\u00bb#3CB4E5&#8243; box_shadow_style=\u00bbpreset3&#8243; global_colors_info=\u00bb{}\u00bb icon_color__hover=\u00bb#FFFFFF\u00bb icon_color__hover_enabled=\u00bbon|hover\u00bb header_text_color__hover=\u00bb#FFFFFF\u00bb header_text_color__hover_enabled=\u00bbon|hover\u00bb background_color__hover=\u00bb#3CB4E5&#8243; border_color_all__hover=\u00bb#3CB4E5&#8243; border_color_all__hover_enabled=\u00bbon|desktop\u00bb background_enable_color__hover=\u00bbon\u00bb background__hover_enabled=\u00bbon|hover\u00bb][\/et_pb_blurb][\/et_pb_column][et_pb_column type=\u00bb1_3&#8243; _builder_version=\u00bb4.27.4&#8243; _module_preset=\u00bbdefault\u00bb link_option_url=\u00bbhttps:\/\/informacionoficial.mendoza.gob.ar\/haciendayfinanzas\/precios-de-referencia\/\u00bb global_colors_info=\u00bb{}\u00bb][et_pb_blurb title=\u00bbPrecios de referencia\u00bb url=\u00bbhttps:\/\/informacionoficial.mendoza.gob.ar\/haciendayfinanzas\/precios-de-referencia\/\u00bb use_icon=\u00bbon\u00bb font_icon=\u00bb&#xf662;||fa||900&#8243; icon_color=\u00bb#2ea3f2&#8243; image_icon_width=\u00bb60px\u00bb module_class=\u00bbmy-button\u00bb _builder_version=\u00bb4.27.4&#8243; _module_preset=\u00bbdefault\u00bb header_font=\u00bb|700|||||||\u00bb header_text_align=\u00bbcenter\u00bb header_text_color=\u00bb#0c19d1&#8243; header_font_size=\u00bb20px\u00bb header_line_height=\u00bb1.2em\u00bb body_text_color=\u00bb#0c19d1&#8243; background_color=\u00bb#FFFFFF\u00bb custom_margin=\u00bb||1rem||false|false\u00bb custom_padding=\u00bb1rem|1rem|1rem|1rem|true|true\u00bb link_option_url=\u00bbhttps:\/\/informacionoficial.mendoza.gob.ar\/haciendayfinanzas\/precios-de-referencia\/\u00bb border_radii=\u00bbon|15px|15px|15px|15px\u00bb border_color_all=\u00bb#3CB4E5&#8243; box_shadow_style=\u00bbpreset3&#8243; global_colors_info=\u00bb{}\u00bb icon_color__hover=\u00bb#FFFFFF\u00bb icon_color__hover_enabled=\u00bbon|hover\u00bb header_text_color__hover=\u00bb#FFFFFF\u00bb header_text_color__hover_enabled=\u00bbon|hover\u00bb border_color_all__hover=\u00bb#3CB4E5&#8243; border_color_all__hover_enabled=\u00bbon|desktop\u00bb background_color__hover=\u00bb#3CB4E5&#8243; background__hover_enabled=\u00bbon|hover\u00bb background_enable_color__hover=\u00bbon\u00bb][\/et_pb_blurb][\/et_pb_column][et_pb_column type=\u00bb1_3&#8243; _builder_version=\u00bb4.27.4&#8243; _dynamic_attributes=\u00bblink_option_url\u00bb _module_preset=\u00bbdefault\u00bb link_option_url=\u00bb@ET-DC@eyJkeW5hbWljIjp0cnVlLCJjb250ZW50IjoicG9zdF9saW5rX3VybF9wYWdlIiwic2V0dGluZ3MiOnsicG9zdF9pZCI6IjE1OTM2IiwiZW5hYmxlX2h0bWwiOiJvZmYifX0=@\u00bb global_colors_info=\u00bb{}\u00bb][et_pb_blurb title=\u00bbDenuncias compras p\u00fablicas\u00bb url=\u00bbhttps:\/\/informacionoficial.mendoza.gob.ar\/haciendayfinanzas\/denuncias-compras-publicas\/\u00bb url_new_window=\u00bbon\u00bb use_icon=\u00bbon\u00bb font_icon=\u00bb&#xf56c;||fa||900&#8243; icon_color=\u00bb#2ea3f2&#8243; image_icon_width=\u00bb60px\u00bb module_class=\u00bbmy-button\u00bb _builder_version=\u00bb4.27.4&#8243; _module_preset=\u00bbdefault\u00bb header_font=\u00bb|700|||||||\u00bb header_text_align=\u00bbcenter\u00bb header_text_color=\u00bb#0c19d1&#8243; header_font_size=\u00bb20px\u00bb header_line_height=\u00bb1.2em\u00bb body_text_color=\u00bb#0c19d1&#8243; background_color=\u00bb#FFFFFF\u00bb custom_margin=\u00bb||1rem||false|false\u00bb custom_padding=\u00bb1rem|1rem|1rem|1rem|true|true\u00bb link_option_url=\u00bbhttps:\/\/informacionoficial.mendoza.gob.ar\/haciendayfinanzas\/denuncias-compras-publicas\/\u00bb border_radii=\u00bbon|15px|15px|15px|15px\u00bb border_color_all=\u00bb#3CB4E5&#8243; box_shadow_style=\u00bbpreset3&#8243; global_colors_info=\u00bb{}\u00bb icon_color__hover=\u00bb#FFFFFF\u00bb icon_color__hover_enabled=\u00bbon|hover\u00bb header_text_color__hover=\u00bb#FFFFFF\u00bb header_text_color__hover_enabled=\u00bbon|hover\u00bb border_color_all__hover=\u00bb#3CB4E5&#8243; border_color_all__hover_enabled=\u00bbon|desktop\u00bb background_color__hover=\u00bb#3CB4E5&#8243; background__hover_enabled=\u00bbon|hover\u00bb background_enable_color__hover=\u00bbon\u00bb][\/et_pb_blurb][\/et_pb_column][\/et_pb_row][\/et_pb_section][et_pb_section fb_built=\u00bb1&#8243; _builder_version=\u00bb4.27.4&#8243; _module_preset=\u00bbdefault\u00bb background_color=\u00bb#f7f7f7&#8243; min_height=\u00bb662.6px\u00bb custom_margin=\u00bb0px||||false|false\u00bb custom_padding=\u00bb0px||0px||false|false\u00bb border_color_all=\u00bb#FFFFFF\u00bb locked=\u00bboff\u00bb global_colors_info=\u00bb{}\u00bb][et_pb_row column_structure=\u00bb1_2,1_2&#8243; make_equal=\u00bbon\u00bb _builder_version=\u00bb4.27.4&#8243; _module_preset=\u00bbdefault\u00bb global_colors_info=\u00bb{}\u00bb][et_pb_column type=\u00bb1_2&#8243; _builder_version=\u00bb4.27.4&#8243; _module_preset=\u00bbdefault\u00bb global_colors_info=\u00bb{}\u00bb][et_pb_blurb title=\u00bbInformaci\u00f3n Registro de Proveedores\u00bb url=\u00bbhttps:\/\/informacionoficial.mendoza.gob.ar\/haciendayfinanzas\/estado-de-proveedores-rup\/\u00bb use_icon=\u00bbon\u00bb font_icon=\u00bb&#xf2c2;||fa||900&#8243; icon_color=\u00bb#2ea3f2&#8243; image_icon_background_color=\u00bbRGBA(255,255,255,0)\u00bb icon_placement=\u00bbleft\u00bb image_icon_width=\u00bb60px\u00bb module_class=\u00bbmy-button\u00bb _builder_version=\u00bb4.27.4&#8243; _dynamic_attributes=\u00bblink_option_url\u00bb _module_preset=\u00bbdefault\u00bb header_font=\u00bb|700|||||||\u00bb header_text_align=\u00bbcenter\u00bb header_text_color=\u00bb#0c19d1&#8243; header_font_size=\u00bb20px\u00bb header_line_height=\u00bb2.5em\u00bb body_text_color=\u00bb#0c19d1&#8243; background_color=\u00bb#FFFFFF\u00bb custom_margin=\u00bb0px||1rem||false|false\u00bb custom_padding=\u00bb1rem|1rem|1rem|1rem|true|true\u00bb link_option_url=\u00bb@ET-DC@eyJkeW5hbWljIjp0cnVlLCJjb250ZW50IjoicG9zdF9saW5rX3VybF9wYWdlIiwic2V0dGluZ3MiOnsicG9zdF9pZCI6IjEyMzUiLCJlbmFibGVfaHRtbCI6Im9mZiJ9fQ==@\u00bb border_radii=\u00bbon|15px|15px|15px|15px\u00bb box_shadow_style=\u00bbpreset3&#8243; global_colors_info=\u00bb{}\u00bb background_enable_color__hover=\u00bbon\u00bb background__hover_enabled=\u00bbon|hover\u00bb background_color__hover=\u00bb#3CB4E5&#8243; icon_color__hover_enabled=\u00bbon|hover\u00bb icon_color__hover=\u00bb#FFFFFF\u00bb header_text_color__hover_enabled=\u00bbon|hover\u00bb header_text_color__hover=\u00bb#FFFFFF\u00bb body_text_color__hover_enabled=\u00bbon|hover\u00bb body_text_color__hover=\u00bb#FFFFFF\u00bb]<\/p>\n<p style=\"text-align: center\">Estado de Proveedores<\/p>\n<p>[\/et_pb_blurb][et_pb_blurb title=\u00bbCompras P\u00fablicas Sustentables\u00bb url=\u00bbhttps:\/\/informacionoficial.mendoza.gob.ar\/haciendayfinanzas\/biblioteca-haps-dgcpygb\/\u00bb use_icon=\u00bbon\u00bb font_icon=\u00bb&#xf06c;||fa||900&#8243; icon_color=\u00bb#2ea3f2&#8243; image_icon_background_color=\u00bbRGBA(255,255,255,0)\u00bb icon_placement=\u00bbleft\u00bb image_icon_width=\u00bb60px\u00bb module_class=\u00bbmy-button\u00bb _builder_version=\u00bb4.27.4&#8243; _module_preset=\u00bbdefault\u00bb header_font=\u00bb|700|||||||\u00bb header_text_align=\u00bbcenter\u00bb header_text_color=\u00bb#0c19d1&#8243; header_font_size=\u00bb20px\u00bb header_line_height=\u00bb2.5em\u00bb body_text_color=\u00bb#0c19d1&#8243; background_color=\u00bb#FFFFFF\u00bb custom_margin=\u00bb0px||1rem||false|false\u00bb custom_padding=\u00bb1rem|1rem|1rem|1rem|true|true\u00bb link_option_url=\u00bbhttps:\/\/informacionoficial.mendoza.gob.ar\/haciendayfinanzas\/biblioteca-haps-dgcpygb\/\u00bb hover_enabled=\u00bb0&#8243; border_radii=\u00bbon|15px|15px|15px|15px\u00bb box_shadow_style=\u00bbpreset3&#8243; global_colors_info=\u00bb{}\u00bb icon_color__hover=\u00bb#FFFFFF\u00bb icon_color__hover_enabled=\u00bbon|hover\u00bb header_text_color__hover=\u00bb#FFFFFF\u00bb header_text_color__hover_enabled=\u00bbon|hover\u00bb body_text_color__hover=\u00bb#FFFFFF\u00bb body_text_color__hover_enabled=\u00bbon|hover\u00bb background_color__hover=\u00bb#3CB4E5&#8243; background__hover_enabled=\u00bbon|hover\u00bb background_enable_color__hover=\u00bbon\u00bb sticky_enabled=\u00bb0&#8243;]<\/p>\n<p style=\"text-align: center\">O.D.S &#8211; H.A.P.S. &#8211; Material Complementario<\/p>\n<p>[\/et_pb_blurb][et_pb_blurb title=\u00bbDatos Abiertos \u00bb url=\u00bbhttps:\/\/datosabiertos-compras.mendoza.gov.ar\/\u00bb url_new_window=\u00bbon\u00bb use_icon=\u00bbon\u00bb font_icon=\u00bb&#xf233;||fa||900&#8243; icon_color=\u00bb#2ea3f2&#8243; image_icon_background_color=\u00bbRGBA(255,255,255,0)\u00bb icon_placement=\u00bbleft\u00bb image_icon_width=\u00bb60px\u00bb module_class=\u00bbmy-button\u00bb _builder_version=\u00bb4.27.4&#8243; _module_preset=\u00bbdefault\u00bb header_font=\u00bb|700|||||||\u00bb header_text_align=\u00bbcenter\u00bb header_text_color=\u00bb#0c19d1&#8243; header_font_size=\u00bb20px\u00bb header_line_height=\u00bb2.5em\u00bb body_text_color=\u00bb#0c19d1&#8243; background_color=\u00bb#FFFFFF\u00bb custom_margin=\u00bb0px||1rem||false|false\u00bb custom_padding=\u00bb1rem|1rem|1rem|1rem|true|true\u00bb link_option_url=\u00bbhttps:\/\/datosabiertos-compras.mendoza.gov.ar\/\u00bb link_option_url_new_window=\u00bbon\u00bb border_radii=\u00bbon|15px|15px|15px|15px\u00bb box_shadow_style=\u00bbpreset3&#8243; global_colors_info=\u00bb{}\u00bb icon_color__hover=\u00bb#FFFFFF\u00bb icon_color__hover_enabled=\u00bbon|hover\u00bb header_text_color__hover=\u00bb#FFFFFF\u00bb header_text_color__hover_enabled=\u00bbon|hover\u00bb body_text_color__hover=\u00bb#FFFFFF\u00bb body_text_color__hover_enabled=\u00bbon|hover\u00bb background_color__hover=\u00bb#3CB4E5&#8243; background__hover_enabled=\u00bbon|hover\u00bb background_enable_color__hover=\u00bbon\u00bb]<\/p>\n<p style=\"text-align: center\"><span>Portal De Compras P\u00fablicas de la Provincia de Mendoza<\/span><\/p>\n<p>[\/et_pb_blurb][et_pb_blurb title=\u00bbMonitoreos y Estad\u00edsticas\u00bb url=\u00bbhttps:\/\/informacionoficial.mendoza.gob.ar\/haciendayfinanzas\/informes-de-monitoreo-e-inspecciones-virtuales\/\u00bb use_icon=\u00bbon\u00bb font_icon=\u00bb&#xf51c;||fa||900&#8243; icon_color=\u00bb#2ea3f2&#8243; image_icon_background_color=\u00bbRGBA(255,255,255,0)\u00bb icon_placement=\u00bbleft\u00bb image_icon_width=\u00bb60px\u00bb module_class=\u00bbmy-button\u00bb _builder_version=\u00bb4.27.4&#8243; _module_preset=\u00bbdefault\u00bb header_font=\u00bb|700|||||||\u00bb header_text_align=\u00bbcenter\u00bb header_text_color=\u00bb#0c19d1&#8243; header_font_size=\u00bb20px\u00bb header_line_height=\u00bb2.5em\u00bb body_text_color=\u00bb#0c19d1&#8243; background_color=\u00bb#FFFFFF\u00bb custom_margin=\u00bb0px|-1px|1rem||false|false\u00bb custom_padding=\u00bb1rem|1rem|1rem|1rem|true|true\u00bb link_option_url=\u00bbhttps:\/\/informacionoficial.mendoza.gob.ar\/haciendayfinanzas\/informes-de-monitoreo-e-inspecciones-virtuales\/\u00bb border_radii=\u00bbon|15px|15px|15px|15px\u00bb box_shadow_style=\u00bbpreset3&#8243; global_colors_info=\u00bb{}\u00bb icon_color__hover=\u00bb#FFFFFF\u00bb icon_color__hover_enabled=\u00bbon|hover\u00bb header_text_color__hover=\u00bb#FFFFFF\u00bb header_text_color__hover_enabled=\u00bbon|hover\u00bb body_text_color__hover=\u00bb#FFFFFF\u00bb body_text_color__hover_enabled=\u00bbon|hover\u00bb background_color__hover=\u00bb#3CB4E5&#8243; background__hover_enabled=\u00bbon|hover\u00bb background_enable_color__hover=\u00bbon\u00bb]<\/p>\n<p style=\"text-align: center\">Reportes, Inspecciones y Estad\u00edsticas<\/p>\n<p>[\/et_pb_blurb][\/et_pb_column][et_pb_column type=\u00bb1_2&#8243; _builder_version=\u00bb4.27.4&#8243; _module_preset=\u00bbdefault\u00bb global_colors_info=\u00bb{}\u00bb][et_pb_blurb title=\u00bbAcuerdos Marcos\u00bb url=\u00bbhttps:\/\/informacionoficial.mendoza.gob.ar\/haciendayfinanzas\/prensa-dgcpygb\/\u00bb use_icon=\u00bbon\u00bb font_icon=\u00bb&#xf1ea;||fa||900&#8243; icon_color=\u00bb#2ea3f2&#8243; image_icon_background_color=\u00bbRGBA(255,255,255,0)\u00bb icon_placement=\u00bbleft\u00bb image_icon_width=\u00bb44px\u00bb module_class=\u00bbmy-button\u00bb _builder_version=\u00bb4.27.4&#8243; _module_preset=\u00bbdefault\u00bb header_font=\u00bb|700|||||||\u00bb header_text_align=\u00bbcenter\u00bb header_text_color=\u00bb#0c19d1&#8243; header_font_size=\u00bb20px\u00bb header_line_height=\u00bb2.5em\u00bb body_text_color=\u00bb#0c19d1&#8243; background_color=\u00bb#FFFFFF\u00bb image_icon_custom_padding=\u00bb11px||||false|false\u00bb min_height=\u00bb76px\u00bb custom_margin=\u00bb0px||0rem||false|false\u00bb custom_padding=\u00bb8px|2rem|8px|2rem|true|true\u00bb link_option_url=\u00bbhttps:\/\/informacionoficial.mendoza.gob.ar\/haciendayfinanzas\/prensa-dgcpygb\/\u00bb border_radii=\u00bbon|15px|15px|15px|15px\u00bb box_shadow_style=\u00bbpreset3&#8243; locked=\u00bboff\u00bb global_colors_info=\u00bb{}\u00bb icon_color__hover=\u00bb#FFFFFF\u00bb icon_color__hover_enabled=\u00bbon|hover\u00bb header_text_color__hover=\u00bb#FFFFFF\u00bb header_text_color__hover_enabled=\u00bbon|hover\u00bb body_text_color__hover=\u00bb#FFFFFF\u00bb body_text_color__hover_enabled=\u00bbon|hover\u00bb background_color__hover=\u00bb#3CB4E5&#8243; background__hover_enabled=\u00bbon|hover\u00bb background_enable_color__hover=\u00bbon\u00bb][\/et_pb_blurb][et_pb_post_slider posts_number=\u00bb5&#8243; include_categories=\u00bb10&#8243; more_text=\u00bbVer m\u00e1s\u00bb excerpt_length=\u00bb0&#8243; show_meta=\u00bboff\u00bb use_text_overlay=\u00bboff\u00bb _builder_version=\u00bb4.27.4&#8243; _module_preset=\u00bbdefault\u00bb background_color=\u00bb#000F9F\u00bb button_alignment=\u00bbcenter\u00bb width=\u00bb100%\u00bb max_width=\u00bb100%\u00bb module_alignment=\u00bbcenter\u00bb min_height=\u00bb154px\u00bb height=\u00bb419px\u00bb custom_margin=\u00bb20px|4px||13px|false|false\u00bb custom_padding=\u00bb|6px||||\u00bb animation_style=\u00bbfade\u00bb border_radii=\u00bbon|12px|12px|12px|12px\u00bb box_shadow_style=\u00bbpreset2&#8243; box_shadow_spread=\u00bb-9px\u00bb box_shadow_color=\u00bb#FFFFFF\u00bb global_colors_info=\u00bb{}\u00bb][\/et_pb_post_slider][\/et_pb_column][\/et_pb_row][\/et_pb_section]<\/p>\n","protected":false},"excerpt":{"rendered":"<p>Atenci\u00f3n CiudadanaMesa de AyudaLicitaciones P\u00fablicasEstado de ProveedoresO.D.S &#8211; H.A.P.S. &#8211; Material ComplementarioPortal De Compras P\u00fablicas de la Provincia de MendozaReportes, Inspecciones y Estad\u00edsticas<\/p>\n","protected":false},"author":1,"featured_media":0,"parent":0,"menu_order":0,"comment_status":"closed","ping_status":"closed","template":"","meta":{"_et_pb_use_builder":"on","_et_pb_old_content":"","_et_gb_content_width":"","footnotes":""},"class_list":["post-17072","page","type-page","status-publish","hentry"],"_links":{"self":[{"href":"https:\/\/informacionoficial.mendoza.gob.ar\/haciendayfinanzas\/wp-json\/wp\/v2\/pages\/17072","targetHints":{"allow":["GET"]}}],"collection":[{"href":"https:\/\/informacionoficial.mendoza.gob.ar\/haciendayfinanzas\/wp-json\/wp\/v2\/pages"}],"about":[{"href":"https:\/\/informacionoficial.mendoza.gob.ar\/haciendayfinanzas\/wp-json\/wp\/v2\/types\/page"}],"author":[{"embeddable":true,"href":"https:\/\/informacionoficial.mendoza.gob.ar\/haciendayfinanzas\/wp-json\/wp\/v2\/users\/1"}],"replies":[{"embeddable":true,"href":"https:\/\/informacionoficial.mendoza.gob.ar\/haciendayfinanzas\/wp-json\/wp\/v2\/comments?post=17072"}],"version-history":[{"count":25,"href":"https:\/\/informacionoficial.mendoza.gob.ar\/haciendayfinanzas\/wp-json\/wp\/v2\/pages\/17072\/revisions"}],"predecessor-version":[{"id":17637,"href":"https:\/\/informacionoficial.mendoza.gob.ar\/haciendayfinanzas\/wp-json\/wp\/v2\/pages\/17072\/revisions\/17637"}],"wp:attachment":[{"href":"https:\/\/informacionoficial.mendoza.gob.ar\/haciendayfinanzas\/wp-json\/wp\/v2\/media?parent=17072"}],"curies":[{"name":"wp","href":"https:\/\/api.w.org\/{rel}","templated":true}]}}