{"id":17100,"date":"2025-12-10T08:34:30","date_gmt":"2025-12-10T11:34:30","guid":{"rendered":"https:\/\/informacionoficial.mendoza.gob.ar\/haciendayfinanzas\/?page_id=17100"},"modified":"2026-03-16T11:24:55","modified_gmt":"2026-03-16T14:24:55","slug":"informacion-de-contacto","status":"publish","type":"page","link":"https:\/\/informacionoficial.mendoza.gob.ar\/haciendayfinanzas\/informacion-de-contacto\/","title":{"rendered":"Informaci\u00f3n de Contacto"},"content":{"rendered":"<p>[et_pb_section fb_built=\u00bb1&#8243; _builder_version=\u00bb4.27.4&#8243; _module_preset=\u00bbdefault\u00bb custom_padding=\u00bb0px|||||\u00bb global_colors_info=\u00bb{}\u00bb][et_pb_row _builder_version=\u00bb4.27.2&#8243; _module_preset=\u00bbdefault\u00bb custom_margin=\u00bb12px|auto||auto||\u00bb locked=\u00bboff\u00bb global_colors_info=\u00bb{}\u00bb][et_pb_column type=\u00bb4_4&#8243; _builder_version=\u00bb4.27.2&#8243; _module_preset=\u00bbdefault\u00bb global_colors_info=\u00bb{}\u00bb][et_pb_heading title=\u00bbInformaci\u00f3n de contacto\u00bb _builder_version=\u00bb4.27.2&#8243; _module_preset=\u00bbdefault\u00bb title_text_align=\u00bbcenter\u00bb title_text_color=\u00bb#FFFFFF\u00bb background_color=\u00bb#C8A977&#8243; custom_margin=\u00bb0px||||false|false\u00bb custom_padding=\u00bb5px||||false|false\u00bb border_radii=\u00bbon|12px|12px|12px|12px\u00bb text_shadow_style=\u00bbpreset1&#8243; global_colors_info=\u00bb{}\u00bb][\/et_pb_heading][\/et_pb_column][\/et_pb_row][et_pb_row column_structure=\u00bb1_2,1_2&#8243; _builder_version=\u00bb4.27.2&#8243; _module_preset=\u00bbdefault\u00bb custom_padding=\u00bb4px|||||\u00bb locked=\u00bboff\u00bb global_colors_info=\u00bb{}\u00bb][et_pb_column type=\u00bb1_2&#8243; _builder_version=\u00bb4.27.2&#8243; _module_preset=\u00bbdefault\u00bb global_colors_info=\u00bb{}\u00bb][et_pb_text _builder_version=\u00bb4.27.2&#8243; _module_preset=\u00bbdefault\u00bb global_colors_info=\u00bb{}\u00bb]<\/p>\n<h3><strong><span style=\"color: #0a0a0a\">Sistema Compr.ar<\/span><\/strong><\/h3>\n<p><strong><span style=\"color: #0a0a0a\">Atenci\u00f3n de Proveedores<\/span><\/strong><\/p>\n<ul>\n<li><span style=\"color: #9e1a1a\"><strong>Atenci\u00f3n de 08 a 13 hs:<\/strong><\/span><\/li>\n<\/ul>\n<p><span style=\"color: #0a0a0a\"><span style=\"color: #000f9f\"><strong>Tel\u00e9fono:<\/strong><\/span> 3852448<\/span><\/p>\n<p><span style=\"color: #0a0a0a\"><strong><span style=\"color: #000f9f\">Contactos:<\/span><br \/><\/strong>Andrea M\u00e9ndez: almendez<\/span><span style=\"color: #0a0a0a\"><a href=\"mailto:rjsolti@mendoza.gov.ar\" style=\"color: #0a0a0a\">@mendoza.gov.ar<\/a><\/span><\/p>\n<p><strong><span style=\"color: #0a0a0a\">Atenci\u00f3n Oficinas Compradoras<\/span><\/strong><\/p>\n<ul>\n<li><span style=\"color: #9e1a1a\"><strong>Atenci\u00f3n de 08 a 15 hs:<\/strong><\/span><\/li>\n<\/ul>\n<p><span style=\"color: #0a0a0a\"><span style=\"color: #000f9f\"><strong>Tel\u00e9fono:<\/strong><\/span>\u00a03852460<\/span><\/p>\n<p><span style=\"color: #0a0a0a\"><strong><span style=\"color: #000f9f\">Contactos:<\/span><br \/><\/strong><\/span><span style=\"color: #0a0a0a\">Romina Solti: <a href=\"mailto:rjsolti@mendoza.gov.ar\" style=\"color: #0a0a0a\">rjsolti@mendoza.gov.ar<\/a><\/span><\/p>\n<p><span style=\"color: #0a0a0a\"><\/span><\/p>\n<h3><span style=\"color: #0a0a0a\"><strong>R.U.P. (Registro \u00danico de Proveedores)<\/strong><\/span><\/h3>\n<ul>\n<li><span style=\"color: #9e1a1a\"><strong>Atenci\u00f3n de Proveedores (08 a 15 hs):<\/strong><\/span><\/li>\n<\/ul>\n<p><span style=\"color: #0a0a0a\"><span style=\"color: #118800\"><strong>Whatsapp Institucional:<\/strong><\/span> 2612113906<\/span><\/p>\n<p><span style=\"color: #0a0a0a\"><span style=\"color: #000f9f\"><strong>Mails R.U.P.:<\/strong>\u00a0<\/span><span style=\"color: #000000\"><a href=\".\" style=\"color: #000000\">proveedores@mendoza.gov.ar<\/a><\/span><\/span><\/p>\n<p><span style=\"color: #9e1a1a\"><span style=\"color: #0a0a0a\"><span style=\"font-size: 18.72px\"><b><br \/>HAPS Y ODS<\/b><\/span><\/span><\/span><\/p>\n<ul>\n<li><span style=\"color: #9e1a1a\"><strong style=\"color: #9e1a1a\">Atenci\u00f3n de Proveedores (09 a 13 hs):<\/strong><\/span><\/li>\n<\/ul>\n<p><span style=\"color: #0a0a0a\"><span style=\"color: #000f9f\"><strong>Tel\u00e9fono:<\/strong><\/span> <span>3852448 \/ 3852456<\/span><\/span><br \/><span style=\"color: #0a0a0a\"><strong><span style=\"color: #000f9f\">Contactos:<\/span><br \/><\/strong><span>Andrea M\u00e9ndez<\/span>: almendez@mendoza.gov.ar\u00a0<\/span><\/p>\n<p><span style=\"color: #0a0a0a\"><\/span><\/p>\n<p>[\/et_pb_text][\/et_pb_column][et_pb_column type=\u00bb1_2&#8243; _builder_version=\u00bb4.27.2&#8243; _module_preset=\u00bbdefault\u00bb global_colors_info=\u00bb{}\u00bb][et_pb_text _builder_version=\u00bb4.27.2&#8243; _module_preset=\u00bbdefault\u00bb custom_padding=\u00bb||0px|||\u00bb global_colors_info=\u00bb{}\u00bb]<\/p>\n<h3><span style=\"color: #0a0a0a\"><b>Mesa de Ayuda<\/b><\/span><\/h3>\n<ul>\n<li><span style=\"color: #9e1a1a\"><strong style=\"color: #9e1a1a\">Atenci\u00f3n de Proveedores (08 a 15 hs):<\/strong><\/span><\/li>\n<\/ul>\n<p><span style=\"color: #0a0a0a\"><span style=\"color: #118800\"><strong>Whatsapp Institucional:<\/strong><\/span> 2612113906<\/span><\/p>\n<p><span style=\"color: #0a0a0a\"><span style=\"color: #000f9f\"><strong>Correo Institucional: <\/strong><span style=\"color: #02000a\">despacho.contrataciones@gmail.com<\/span><\/span><\/span><\/p>\n<h3><strong><span style=\"color: #02000a\"><br \/>Unidad de Administraci\u00f3n Despacho<\/span><\/strong><\/h3>\n<ul>\n<li><span style=\"color: #9e1a1a\"><strong>Atenci\u00f3n de 08 a 15 hs<\/strong><\/span><\/li>\n<\/ul>\n<p><span style=\"color: #0a0a0a\"><span style=\"color: #000f9f\"><strong>Cel. Institucional:<\/strong><\/span><span>\u00a0<\/span>2612457481<\/span><\/p>\n<p><span style=\"color: #0a0a0a\"><span style=\"color: #000f9f\"><strong>Mails: <\/strong><span style=\"color: #02000a\"><a id=\"ctl00_pie_linkIncidencias\" href=\"mailto:despacho.contrataciones@gmail.com\" target=\"_blank\" rel=\"noopener\" style=\"color: #02000a\"><span id=\"ctl00_pie_lblMailMesaAyuda\">despacho.contrataciones@gmail.com<\/span><\/a><\/span><\/span><\/span><span style=\"font-size: 14px\">\u00a0<\/span><\/p>\n<h3><strong><span style=\"color: #02000a\"><br \/>Responsable del Nomenclador de Insumos\u00a0<\/span><\/strong><\/h3>\n<p><span style=\"color: #0a0a0a\"><strong><span style=\"color: #000f9f\">Contactos:<\/span><br \/><\/strong>Silvana Tuzzi: <span style=\"color: #02000a\"><a href=\"mailto:nomencladordeins@mendoza.gov.ar\" style=\"color: #02000a\">nomencladordeins@mendoza.gov.ar<\/a>\u00a0<\/span><\/span><\/p>\n<p><span style=\"color: #0a0a0a\"><\/span><\/p>\n<h3><strong><span style=\"color: #02000a\">Generador de Usuarios para Of. Compradoras<\/span><\/strong><\/h3>\n<p><span style=\"color: #0a0a0a\"><strong><span style=\"color: #000f9f\">Contactos:<\/span><br \/><\/strong><\/span><span style=\"color: #0a0a0a\"><span style=\"color: #02000a\">Romina Solti: rjsolti@mendoza.gov.ar<\/span><\/span><\/p>\n<h3><strong><span style=\"color: #02000a\"><br \/>Unidad de Transparencia y Monitoreo<\/span><\/strong><\/h3>\n<ul>\n<li><span style=\"color: #9e1a1a\"><strong>Atenci\u00f3n de 08 a 13 hs:<\/strong><\/span><\/li>\n<\/ul>\n<p><span style=\"color: #0a0a0a\"><span style=\"color: #118800\"><strong><span><span style=\"color: #000f9f\">Tel\u00e9fono:<\/span><\/span><\/strong><\/span> 3852451\/3852450 (Mart\u00edn Montenegro\/Gabriel Bertaina\/Eduardo Rojos)<\/span><\/p>\n<p>[\/et_pb_text][\/et_pb_column][\/et_pb_row][\/et_pb_section]<\/p>\n","protected":false},"excerpt":{"rendered":"<p>Sistema Compr.ar Atenci\u00f3n de Proveedores Atenci\u00f3n de 08 a 13 hs: Tel\u00e9fono: 3852448 Contactos:Andrea M\u00e9ndez: almendez@mendoza.gov.ar Atenci\u00f3n Oficinas Compradoras Atenci\u00f3n de 08 a 15 hs: Tel\u00e9fono:\u00a03852460 Contactos:Romina Solti: rjsolti@mendoza.gov.ar R.U.P. (Registro \u00danico de Proveedores) Atenci\u00f3n de Proveedores (08 a 15 hs): Whatsapp Institucional: 2612113906 Mails R.U.P.:\u00a0proveedores@mendoza.gov.ar HAPS Y ODS Atenci\u00f3n de Proveedores (09 a 13 [&hellip;]<\/p>\n","protected":false},"author":35,"featured_media":0,"parent":0,"menu_order":0,"comment_status":"closed","ping_status":"closed","template":"","meta":{"_et_pb_use_builder":"on","_et_pb_old_content":"","_et_gb_content_width":"","footnotes":""},"class_list":["post-17100","page","type-page","status-publish","hentry"],"_links":{"self":[{"href":"https:\/\/informacionoficial.mendoza.gob.ar\/haciendayfinanzas\/wp-json\/wp\/v2\/pages\/17100","targetHints":{"allow":["GET"]}}],"collection":[{"href":"https:\/\/informacionoficial.mendoza.gob.ar\/haciendayfinanzas\/wp-json\/wp\/v2\/pages"}],"about":[{"href":"https:\/\/informacionoficial.mendoza.gob.ar\/haciendayfinanzas\/wp-json\/wp\/v2\/types\/page"}],"author":[{"embeddable":true,"href":"https:\/\/informacionoficial.mendoza.gob.ar\/haciendayfinanzas\/wp-json\/wp\/v2\/users\/35"}],"replies":[{"embeddable":true,"href":"https:\/\/informacionoficial.mendoza.gob.ar\/haciendayfinanzas\/wp-json\/wp\/v2\/comments?post=17100"}],"version-history":[{"count":5,"href":"https:\/\/informacionoficial.mendoza.gob.ar\/haciendayfinanzas\/wp-json\/wp\/v2\/pages\/17100\/revisions"}],"predecessor-version":[{"id":17799,"href":"https:\/\/informacionoficial.mendoza.gob.ar\/haciendayfinanzas\/wp-json\/wp\/v2\/pages\/17100\/revisions\/17799"}],"wp:attachment":[{"href":"https:\/\/informacionoficial.mendoza.gob.ar\/haciendayfinanzas\/wp-json\/wp\/v2\/media?parent=17100"}],"curies":[{"name":"wp","href":"https:\/\/api.w.org\/{rel}","templated":true}]}}