{"id":1798,"date":"2025-07-16T12:28:48","date_gmt":"2025-07-16T15:28:48","guid":{"rendered":"https:\/\/informacionoficial.mendoza.gob.ar\/haciendayfinanzas\/?page_id=1798"},"modified":"2025-08-18T08:59:47","modified_gmt":"2025-08-18T11:59:47","slug":"ejecucion-presupuestaria","status":"publish","type":"page","link":"https:\/\/informacionoficial.mendoza.gob.ar\/haciendayfinanzas\/668-2\/ejecucion-presupuestaria\/","title":{"rendered":"Ejecuci\u00f3n Presupuestaria"},"content":{"rendered":"<p>[et_pb_section fb_built=\u00bb1&#8243; admin_label=\u00bbCall to Action\u00bb _builder_version=\u00bb4.23.1&#8243; _module_preset=\u00bbdefault\u00bb locked=\u00bboff\u00bb collapsed=\u00bbon\u00bb global_colors_info=\u00bb{}\u00bb][et_pb_row column_structure=\u00bb1_3,1_3,1_3&#8243; _builder_version=\u00bb4.27.4&#8243; _module_preset=\u00bb5138c454-be54-4233-bd3b-f8e6a8747976&#8243; global_colors_info=\u00bb{}\u00bb][et_pb_column type=\u00bb1_3&#8243; _builder_version=\u00bb4.27.4&#8243; _module_preset=\u00bb73121f80-a3ef-4484-8763-c3f18e3c56d2&#8243; global_colors_info=\u00bb{}\u00bb][et_pb_cta title=\u00bbEjecuciones presupuestarias provinciales\u00bb button_url=\u00bb@ET-DC@eyJkeW5hbWljIjp0cnVlLCJjb250ZW50IjoicG9zdF9saW5rX3VybF9wYWdlIiwic2V0dGluZ3MiOnsicG9zdF9pZCI6IjE0Mjk0IiwiZW5hYmxlX2h0bWwiOiJvZmYifX0=@\u00bb button_text=\u00bbVer Informaci\u00f3n\u00bb _builder_version=\u00bb4.27.4&#8243; _dynamic_attributes=\u00bbbutton_url\u00bb _module_preset=\u00bb0cae81ab-7223-4b50-8e71-bfb309c58c86&#8243; header_font=\u00bb|REM_weight|||||||\u00bb header_font_size=\u00bb22px\u00bb header_line_height=\u00bb1.2em\u00bb body_font=\u00bb|Roboto_weight|||||||\u00bb body_font_size=\u00bb15px\u00bb body_line_height=\u00bb1.2em\u00bb body_link_text_color=\u00bb#FFFFFF\u00bb background_color=\u00bb#004b23&#8243; background_enable_color=\u00bboff\u00bb use_background_color_gradient=\u00bbon\u00bb background_color_gradient_stops=\u00bbrgba(0,0,0,0.75) 0%|rgba(0,0,0,0.75) 100%\u00bb background_color_gradient_overlays_image=\u00bbon\u00bb background_image=\u00bbhttps:\/\/mza-dicaws-portal-uploads-media-prod.s3.amazonaws.com\/informacion-oficial\/uploads\/sites\/11\/2025\/07\/LA7_0994-scaled.jpg\u00bb custom_button=\u00bbon\u00bb button_text_size=\u00bb14px\u00bb button_text_color=\u00bb#000F9F\u00bb button_bg_color=\u00bb#FFFFFF\u00bb button_border_width=\u00bb0px\u00bb button_border_radius=\u00bb100px\u00bb button_font=\u00bb|700|||||||\u00bb button_custom_padding=\u00bb12px|24px|12px|24px|true|true\u00bb custom_padding=\u00bb5vw|60px|5vw|60px|true|true\u00bb custom_padding_tablet=\u00bb|30px||30px|true|true\u00bb custom_padding_phone=\u00bb|20px||20px|true|true\u00bb custom_padding_last_edited=\u00bbon|desktop\u00bb header_font_size_tablet=\u00bb28px\u00bb header_font_size_phone=\u00bb20px\u00bb header_font_size_last_edited=\u00bbon|phone\u00bb body_font_size_tablet=\u00bb16px\u00bb body_font_size_phone=\u00bb14px\u00bb body_font_size_last_edited=\u00bbon|phone\u00bb border_radii=\u00bbon|6px|6px|6px|6px\u00bb locked=\u00bboff\u00bb global_colors_info=\u00bb{}\u00bb text_font_size_tablet=\u00bb16px\u00bb text_font_size_phone=\u00bb14px\u00bb text_font_size_last_edited=\u00bbon|phone\u00bb]<\/p>\n<p>Acced\u00e9 a los datos detallados sobre la gesti\u00f3n de los recursos provinciales.<\/p>\n<p>[\/et_pb_cta][\/et_pb_column][et_pb_column type=\u00bb1_3&#8243; _builder_version=\u00bb4.27.4&#8243; _module_preset=\u00bb73121f80-a3ef-4484-8763-c3f18e3c56d2&#8243; global_colors_info=\u00bb{}\u00bb][et_pb_cta title=\u00bbEjecuciones presupuestarias municipales\u00bb button_url=\u00bb@ET-DC@eyJkeW5hbWljIjp0cnVlLCJjb250ZW50IjoicG9zdF9saW5rX3VybF9wYWdlIiwic2V0dGluZ3MiOnsicG9zdF9pZCI6IjE0MzYzIiwiZW5hYmxlX2h0bWwiOiJvZmYifX0=@\u00bb button_text=\u00bbVer Informaci\u00f3n\u00bb _builder_version=\u00bb4.27.4&#8243; _dynamic_attributes=\u00bbbutton_url\u00bb _module_preset=\u00bb0cae81ab-7223-4b50-8e71-bfb309c58c86&#8243; header_font=\u00bb|REM_weight|||||||\u00bb header_font_size=\u00bb22px\u00bb header_line_height=\u00bb1.2em\u00bb body_font=\u00bb|Roboto_weight|||||||\u00bb body_font_size=\u00bb15px\u00bb body_line_height=\u00bb1.2em\u00bb body_link_text_color=\u00bb#FFFFFF\u00bb background_color=\u00bb#004b23&#8243; background_enable_color=\u00bboff\u00bb use_background_color_gradient=\u00bbon\u00bb background_color_gradient_stops=\u00bbrgba(0,0,0,0.75) 0%|rgba(0,0,0,0.75) 100%\u00bb background_color_gradient_overlays_image=\u00bbon\u00bb background_image=\u00bbhttps:\/\/mza-dicaws-portal-uploads-media-prod.s3.amazonaws.com\/informacion-oficial\/uploads\/sites\/11\/2025\/07\/LA7_0964-scaled.jpg\u00bb custom_button=\u00bbon\u00bb button_text_size=\u00bb14px\u00bb button_text_color=\u00bb#000F9F\u00bb button_bg_color=\u00bb#FFFFFF\u00bb button_border_width=\u00bb0px\u00bb button_border_radius=\u00bb100px\u00bb button_font=\u00bb|700|||||||\u00bb button_custom_padding=\u00bb12px|24px|12px|24px|true|true\u00bb custom_padding=\u00bb5vw|60px|5vw|60px|true|true\u00bb custom_padding_tablet=\u00bb|30px||30px|true|true\u00bb custom_padding_phone=\u00bb|20px||20px|true|true\u00bb custom_padding_last_edited=\u00bbon|desktop\u00bb header_font_size_tablet=\u00bb28px\u00bb header_font_size_phone=\u00bb20px\u00bb header_font_size_last_edited=\u00bbon|phone\u00bb body_font_size_tablet=\u00bb16px\u00bb body_font_size_phone=\u00bb14px\u00bb body_font_size_last_edited=\u00bbon|phone\u00bb border_radii=\u00bbon|6px|6px|6px|6px\u00bb locked=\u00bboff\u00bb global_colors_info=\u00bb{}\u00bb text_font_size_tablet=\u00bb16px\u00bb text_font_size_phone=\u00bb14px\u00bb text_font_size_last_edited=\u00bbon|phone\u00bb]<\/p>\n<p>Acced\u00e9 a los datos detallados sobre la gesti\u00f3n de los recursos municipales.<\/p>\n<p>[\/et_pb_cta][\/et_pb_column][et_pb_column type=\u00bb1_3&#8243; _builder_version=\u00bb4.27.4&#8243; _module_preset=\u00bb73121f80-a3ef-4484-8763-c3f18e3c56d2&#8243; global_colors_info=\u00bb{}\u00bb][et_pb_cta title=\u00bbFideicomiso de Administraci\u00f3n de los Fondos de Resarcimiento\u00bb button_url=\u00bb@ET-DC@eyJkeW5hbWljIjp0cnVlLCJjb250ZW50IjoicG9zdF9saW5rX3VybF9wYWdlIiwic2V0dGluZ3MiOnsicG9zdF9pZCI6IjE1MjM3IiwiZW5hYmxlX2h0bWwiOiJvZmYifX0=@\u00bb button_text=\u00bbVer Informaci\u00f3n\u00bb _builder_version=\u00bb4.27.4&#8243; _dynamic_attributes=\u00bbbutton_url\u00bb _module_preset=\u00bb0cae81ab-7223-4b50-8e71-bfb309c58c86&#8243; header_font=\u00bb|REM_weight|||||||\u00bb header_font_size=\u00bb22px\u00bb header_line_height=\u00bb1.2em\u00bb body_font=\u00bb|Roboto_weight|||||||\u00bb body_font_size=\u00bb15px\u00bb body_line_height=\u00bb1.2em\u00bb body_link_text_color=\u00bb#FFFFFF\u00bb background_color=\u00bb#004b23&#8243; background_enable_color=\u00bboff\u00bb use_background_color_gradient=\u00bbon\u00bb background_color_gradient_stops=\u00bbrgba(0,0,0,0.75) 0%|rgba(0,0,0,0.75) 100%\u00bb background_color_gradient_overlays_image=\u00bbon\u00bb background_image=\u00bbhttps:\/\/mza-dicaws-portal-uploads-media-prod.s3.amazonaws.com\/informacion-oficial\/uploads\/sites\/11\/2025\/07\/LA7_0980-scaled.jpg\u00bb custom_button=\u00bbon\u00bb button_text_size=\u00bb14px\u00bb button_text_color=\u00bb#000F9F\u00bb button_bg_color=\u00bb#FFFFFF\u00bb button_border_width=\u00bb0px\u00bb button_border_radius=\u00bb100px\u00bb button_font=\u00bb|700|||||||\u00bb button_custom_padding=\u00bb12px|24px|12px|24px|true|true\u00bb custom_padding=\u00bb5vw|60px|5vw|60px|true|true\u00bb custom_padding_tablet=\u00bb|30px||30px|true|true\u00bb custom_padding_phone=\u00bb|20px||20px|true|true\u00bb custom_padding_last_edited=\u00bbon|desktop\u00bb header_font_size_tablet=\u00bb28px\u00bb header_font_size_phone=\u00bb20px\u00bb header_font_size_last_edited=\u00bbon|phone\u00bb body_font_size_tablet=\u00bb16px\u00bb body_font_size_phone=\u00bb14px\u00bb body_font_size_last_edited=\u00bbon|phone\u00bb border_radii=\u00bbon|6px|6px|6px|6px\u00bb locked=\u00bboff\u00bb global_colors_info=\u00bb{}\u00bb text_font_size_tablet=\u00bb16px\u00bb text_font_size_phone=\u00bb14px\u00bb text_font_size_last_edited=\u00bbon|phone\u00bb]<\/p>\n<p>Acced\u00e9 al detalle de la situaci\u00f3n del fideicomiso<\/p>\n<p>[\/et_pb_cta][\/et_pb_column][\/et_pb_row][\/et_pb_section]<\/p>\n","protected":false},"excerpt":{"rendered":"<p>Acced\u00e9 a los datos detallados sobre la gesti\u00f3n de los recursos provinciales.Acced\u00e9 a los datos detallados sobre la gesti\u00f3n de los recursos municipales.Acced\u00e9 al detalle de la situaci\u00f3n del fideicomiso<\/p>\n","protected":false},"author":12,"featured_media":0,"parent":668,"menu_order":0,"comment_status":"closed","ping_status":"closed","template":"","meta":{"_et_pb_use_builder":"on","_et_pb_old_content":"","_et_gb_content_width":"","footnotes":""},"class_list":["post-1798","page","type-page","status-publish","hentry"],"_links":{"self":[{"href":"https:\/\/informacionoficial.mendoza.gob.ar\/haciendayfinanzas\/wp-json\/wp\/v2\/pages\/1798","targetHints":{"allow":["GET"]}}],"collection":[{"href":"https:\/\/informacionoficial.mendoza.gob.ar\/haciendayfinanzas\/wp-json\/wp\/v2\/pages"}],"about":[{"href":"https:\/\/informacionoficial.mendoza.gob.ar\/haciendayfinanzas\/wp-json\/wp\/v2\/types\/page"}],"author":[{"embeddable":true,"href":"https:\/\/informacionoficial.mendoza.gob.ar\/haciendayfinanzas\/wp-json\/wp\/v2\/users\/12"}],"replies":[{"embeddable":true,"href":"https:\/\/informacionoficial.mendoza.gob.ar\/haciendayfinanzas\/wp-json\/wp\/v2\/comments?post=1798"}],"version-history":[{"count":18,"href":"https:\/\/informacionoficial.mendoza.gob.ar\/haciendayfinanzas\/wp-json\/wp\/v2\/pages\/1798\/revisions"}],"predecessor-version":[{"id":15328,"href":"https:\/\/informacionoficial.mendoza.gob.ar\/haciendayfinanzas\/wp-json\/wp\/v2\/pages\/1798\/revisions\/15328"}],"up":[{"embeddable":true,"href":"https:\/\/informacionoficial.mendoza.gob.ar\/haciendayfinanzas\/wp-json\/wp\/v2\/pages\/668"}],"wp:attachment":[{"href":"https:\/\/informacionoficial.mendoza.gob.ar\/haciendayfinanzas\/wp-json\/wp\/v2\/media?parent=1798"}],"curies":[{"name":"wp","href":"https:\/\/api.w.org\/{rel}","templated":true}]}}