{"id":379,"date":"2025-05-21T10:29:27","date_gmt":"2025-05-21T13:29:27","guid":{"rendered":"https:\/\/informacionoficial.mendoza.gob.ar\/haciendayfinanzas\/?page_id=379"},"modified":"2025-12-12T08:43:24","modified_gmt":"2025-12-12T11:43:24","slug":"prensa-dgcpygb","status":"publish","type":"page","link":"https:\/\/informacionoficial.mendoza.gob.ar\/haciendayfinanzas\/prensa-dgcpygb\/","title":{"rendered":"Prensa DGCPyGB"},"content":{"rendered":"<p>[et_pb_section fb_built=\u00bb1&#8243; _builder_version=\u00bb4.27.4&#8243; _module_preset=\u00bbdefault\u00bb background_color=\u00bb#FFFFFF\u00bb custom_margin=\u00bb0px||||false|false\u00bb top_divider_style=\u00bbwaves2&#8243; top_divider_color=\u00bb#C8A977&#8243; top_divider_height=\u00bb80px\u00bb global_colors_info=\u00bb{}\u00bb][et_pb_row _builder_version=\u00bb4.27.4&#8243; _module_preset=\u00bbdefault\u00bb custom_padding=\u00bb47px||19px|||\u00bb animation_style=\u00bbfade\u00bb global_colors_info=\u00bb{}\u00bb][et_pb_column type=\u00bb4_4&#8243; _builder_version=\u00bb4.27.4&#8243; _module_preset=\u00bbdefault\u00bb global_colors_info=\u00bb{}\u00bb][et_pb_heading title=\u00bbAcuerdos Marcos\u00bb _builder_version=\u00bb4.27.4&#8243; _module_preset=\u00bbdefault\u00bb title_font=\u00bb||||||||\u00bb title_text_align=\u00bbcenter\u00bb title_text_color=\u00bb#C8A977&#8243; background_color=\u00bb#000F9F\u00bb custom_margin=\u00bb9px|||0px|false|false\u00bb custom_padding=\u00bb4px||1px||false|false\u00bb border_radii=\u00bbon|8px|8px|8px|8px\u00bb border_width_all=\u00bb4px\u00bb border_color_all=\u00bb#FFFFFF\u00bb box_shadow_style=\u00bbpreset1&#8243; box_shadow_color=\u00bb#000000&#8243; text_shadow_style=\u00bbpreset1&#8243; text_shadow_color=\u00bb#000000&#8243; global_colors_info=\u00bb{}\u00bb][\/et_pb_heading][\/et_pb_column][\/et_pb_row][et_pb_row _builder_version=\u00bb4.27.4&#8243; _module_preset=\u00bbdefault\u00bb custom_padding=\u00bb3px||19px|||\u00bb animation_style=\u00bbfade\u00bb global_colors_info=\u00bb{}\u00bb][et_pb_column type=\u00bb4_4&#8243; _builder_version=\u00bb4.27.4&#8243; _module_preset=\u00bbdefault\u00bb global_colors_info=\u00bb{}\u00bb][et_pb_text _builder_version=\u00bb4.27.4&#8243; _module_preset=\u00bbdefault\u00bb global_colors_info=\u00bb{}\u00bb]<\/p>\n<p>Las Oficinas Compradoras, los Proveedores y la ciudadan\u00eda en general encontrar\u00e1n en este espacio informaci\u00f3n esencial relacionada con los Acuerdos Marcos vigentes, administrados por la Direcci\u00f3n General de Contrataciones P\u00fablicas, como por ejemplo: Disposiciones de Adjudiaci\u00f3n, Circulares Aclaratorias, tutoriales y opiniones consultivas, entre otros detalles.<\/p>\n<p>[\/et_pb_text][\/et_pb_column][\/et_pb_row][et_pb_row _builder_version=\u00bb4.27.4&#8243; _module_preset=\u00bbdefault\u00bb custom_css_before=\u00bbheight: 170px;\u00bb custom_css_free_form=\u00bb.entry-title {||  height: 50px;||  overflow: hidden;||  text-overflow: ellipsis;||}||\u00bb global_colors_info=\u00bb{}\u00bb][et_pb_column type=\u00bb4_4&#8243; _builder_version=\u00bb4.27.4&#8243; _module_preset=\u00bbdefault\u00bb global_colors_info=\u00bb{}\u00bb][et_pb_blog fullwidth=\u00bboff\u00bb posts_number=\u00bb100&#8243; include_categories=\u00bb9,10&#8243; use_manual_excerpt=\u00bboff\u00bb excerpt_length=\u00bb0&#8243; show_more=\u00bbon\u00bb show_author=\u00bboff\u00bb show_categories=\u00bboff\u00bb _builder_version=\u00bb4.27.4&#8243; _module_preset=\u00bbdefault\u00bb header_text_color=\u00bb#000F9F\u00bb header_font_size=\u00bb16px\u00bb body_text_color=\u00bb#000000&#8243; read_more_font=\u00bb|700|||on||||\u00bb read_more_text_color=\u00bb#3CB4E5&#8243; read_more_font_size=\u00bb16px\u00bb pagination_text_color=\u00bb#FFFFFF\u00bb width=\u00bb100%\u00bb module_alignment=\u00bbcenter\u00bb custom_margin=\u00bb0px|||0px|false|false\u00bb custom_padding=\u00bb0px|||0px|false|false\u00bb child_mix_blend_mode=\u00bbmultiply\u00bb animation_style=\u00bbfade\u00bb hover_enabled=\u00bb0&#8243; header_text_shadow_style=\u00bbpreset1&#8243; header_text_shadow_color=\u00bb#FFFFFF\u00bb border_radii_image=\u00bbon|10px|10px|10px|10px\u00bb global_colors_info=\u00bb{}\u00bb sticky_enabled=\u00bb0&#8243;][\/et_pb_blog][\/et_pb_column][\/et_pb_row][\/et_pb_section]<\/p>\n","protected":false},"excerpt":{"rendered":"<p>Las Oficinas Compradoras, los Proveedores y la ciudadan\u00eda en general encontrar\u00e1n en este espacio informaci\u00f3n esencial relacionada con los Acuerdos Marcos vigentes, administrados por la Direcci\u00f3n General de Contrataciones P\u00fablicas, como por ejemplo: Disposiciones de Adjudiaci\u00f3n, Circulares Aclaratorias, tutoriales y opiniones consultivas, entre otros detalles.<\/p>\n","protected":false},"author":35,"featured_media":0,"parent":0,"menu_order":0,"comment_status":"closed","ping_status":"closed","template":"","meta":{"_et_pb_use_builder":"on","_et_pb_old_content":"","_et_gb_content_width":"","footnotes":""},"class_list":["post-379","page","type-page","status-publish","hentry"],"_links":{"self":[{"href":"https:\/\/informacionoficial.mendoza.gob.ar\/haciendayfinanzas\/wp-json\/wp\/v2\/pages\/379","targetHints":{"allow":["GET"]}}],"collection":[{"href":"https:\/\/informacionoficial.mendoza.gob.ar\/haciendayfinanzas\/wp-json\/wp\/v2\/pages"}],"about":[{"href":"https:\/\/informacionoficial.mendoza.gob.ar\/haciendayfinanzas\/wp-json\/wp\/v2\/types\/page"}],"author":[{"embeddable":true,"href":"https:\/\/informacionoficial.mendoza.gob.ar\/haciendayfinanzas\/wp-json\/wp\/v2\/users\/35"}],"replies":[{"embeddable":true,"href":"https:\/\/informacionoficial.mendoza.gob.ar\/haciendayfinanzas\/wp-json\/wp\/v2\/comments?post=379"}],"version-history":[{"count":43,"href":"https:\/\/informacionoficial.mendoza.gob.ar\/haciendayfinanzas\/wp-json\/wp\/v2\/pages\/379\/revisions"}],"predecessor-version":[{"id":17174,"href":"https:\/\/informacionoficial.mendoza.gob.ar\/haciendayfinanzas\/wp-json\/wp\/v2\/pages\/379\/revisions\/17174"}],"wp:attachment":[{"href":"https:\/\/informacionoficial.mendoza.gob.ar\/haciendayfinanzas\/wp-json\/wp\/v2\/media?parent=379"}],"curies":[{"name":"wp","href":"https:\/\/api.w.org\/{rel}","templated":true}]}}