{"id":233,"date":"2025-08-14T12:04:45","date_gmt":"2025-08-14T15:04:45","guid":{"rendered":"https:\/\/informacionoficial.mendoza.gob.ar\/juegosycasinos\/?page_id=233"},"modified":"2025-08-14T12:06:26","modified_gmt":"2025-08-14T15:06:26","slug":"atencion-ciudadana","status":"publish","type":"page","link":"https:\/\/informacionoficial.mendoza.gob.ar\/juegosycasinos\/atencion-ciudadana\/","title":{"rendered":"Atenci\u00f3n Ciudadana"},"content":{"rendered":"\n[et_pb_section fb_built=\u00bb1&#8243; _builder_version=\u00bb4.27.4&#8243; _module_preset=\u00bbdefault\u00bb background_color=\u00bb#f2f2f2&#8243; custom_margin=\u00bb||||false|false\u00bb custom_padding=\u00bb1rem||1rem||false|false\u00bb global_colors_info=\u00bb{}\u00bb theme_builder_area=\u00bbpost_content\u00bb][et_pb_row _builder_version=\u00bb4.27.4&#8243; _module_preset=\u00bbdefault\u00bb custom_margin=\u00bb1rem||||false|false\u00bb custom_padding=\u00bb1rem||1rem||false|false\u00bb locked=\u00bboff\u00bb global_colors_info=\u00bb{}\u00bb theme_builder_area=\u00bbpost_content\u00bb][et_pb_column type=\u00bb4_4&#8243; _builder_version=\u00bb4.27.4&#8243; _module_preset=\u00bbdefault\u00bb global_colors_info=\u00bb{}\u00bb theme_builder_area=\u00bbpost_content\u00bb][et_pb_post_title meta=\u00bboff\u00bb featured_image=\u00bboff\u00bb _builder_version=\u00bb4.27.4&#8243; _module_preset=\u00bbdefault\u00bb title_font=\u00bb|700|||||||\u00bb title_text_align=\u00bbcenter\u00bb title_text_color=\u00bb#000000&#8243; title_font_size=\u00bb30px\u00bb background_color=\u00bb#FFFFFF\u00bb module_alignment=\u00bbcenter\u00bb custom_margin=\u00bb0px||0px||false|false\u00bb custom_padding=\u00bb1em||1em||false|false\u00bb title_font_size_tablet=\u00bb30px\u00bb title_font_size_phone=\u00bb26px\u00bb title_font_size_last_edited=\u00bbon|phone\u00bb border_radii=\u00bbon|15px|15px|15px|15px\u00bb box_shadow_style=\u00bbpreset1&#8243; global_colors_info=\u00bb{}\u00bb theme_builder_area=\u00bbpost_content\u00bb][\/et_pb_post_title][\/et_pb_column][\/et_pb_row][et_pb_row _builder_version=\u00bb4.27.4&#8243; _module_preset=\u00bbdefault\u00bb global_colors_info=\u00bb{}\u00bb theme_builder_area=\u00bbpost_content\u00bb][et_pb_column type=\u00bb4_4&#8243; _builder_version=\u00bb4.27.4&#8243; _module_preset=\u00bbdefault\u00bb global_colors_info=\u00bb{}\u00bb theme_builder_area=\u00bbpost_content\u00bb][et_pb_code _builder_version=\u00bb4.27.4&#8243; _module_preset=\u00bbdefault\u00bb width=\u00bb100%\u00bb max_width=\u00bb100%\u00bb custom_css_free_form=\u00bb.custom-search-form {||    text-align: center;||    margin: 20px auto;||    max-width: 80%;||    border: 1px solid #ccc;||    padding: 20px 4px;||    border-radius: 50px;||    font-size: 20px;||    box-shadow: 0 4px 8px rgba(0, 0, 0, 0.1);||    background: white;||    display: flex;||    flex-wrap: wrap;||    justify-content: center;||    gap: 10px;||}||||.custom-search-input {||    padding: 10px;||    width: 70%;||    border: none !important;||    background: transparent;||    border-radius: 50px;||    font-size: 20px;||}||||.custom-search-button {||    padding: 15px 20px 15px  20px;||    border: none;||    border-radius: 40px;||    background: rgb(223, 172, 107);||    color: white;||    font-size: 15px;||    cursor: pointer;||  \twidth:100px;||}||.custom-search-button img{||  display:none;||}||||||\/* Estilos responsive para m\u00f3viles *\/||@media screen and (max-width: 768px) {||    .custom-search-input {||        width: 70%;||        font-size: 18px;||    }||  .custom-search-input::placeholder {||    font-size: 12px;||}||||    .custom-search-button {||        width: 20%;||        padding: 15px;||        font-size: 16px;||    }||  .custom-search-button img{||    width:20px;||    display:flex||  }|| .custom-search-button p{||    display: none;||  }||    .custom-search-form {||        padding: 10px;||        font-size: 18px;||    }||}||\u00bb global_colors_info=\u00bb{}\u00bb theme_builder_area=\u00bbpost_content\u00bb]\n    <form method=\"get\" action=\"https:\/\/atencionciudadana.mendoza.gob.ar\/\" class=\"custom-search-form\">\n        <input type=\"text\" name=\"s\" placeholder=\"\u00bfQu\u00e9 tr\u00e1mite necesit\u00e1s?\" class=\"custom-search-input\" value=\"\" required>\n        <button type=\"submit\" class=\"custom-search-button\"><p>Buscar<\/p><image src=\"http:\/\/atencionciudadana.mendoza.gob.ar\/wp-content\/uploads\/2025\/06\/Diseno_sin_titulo__1_-removebg-preview.png\" alt=\"buscar\"\/><\/button>\n    <\/form>\n\n\n    [\/et_pb_code][\/et_pb_column][\/et_pb_row][et_pb_row column_structure=\u00bb1_3,1_3,1_3&#8243; use_custom_gutter=\u00bbon\u00bb gutter_width=\u00bb2&#8243; make_equal=\u00bbon\u00bb _builder_version=\u00bb4.27.4&#8243; _module_preset=\u00bbdefault\u00bb custom_margin=\u00bb0px||0px||false|false\u00bb custom_padding=\u00bb1rem||1rem||true|false\u00bb locked=\u00bboff\u00bb global_colors_info=\u00bb{}\u00bb theme_builder_area=\u00bbpost_content\u00bb][et_pb_column type=\u00bb1_3&#8243; _builder_version=\u00bb4.27.4&#8243; _module_preset=\u00bbdefault\u00bb custom_padding=\u00bb1em||||false|false\u00bb global_colors_info=\u00bb{}\u00bb theme_builder_area=\u00bbpost_content\u00bb][et_pb_text module_id=\u00bbcultura\u00bb _builder_version=\u00bb4.27.4&#8243; _module_preset=\u00bbdefault\u00bb text_font=\u00bb|600|||||||\u00bb text_text_color=\u00bb#FFFFFF\u00bb text_font_size=\u00bb20px\u00bb background_color=\u00bb#3CB4E5&#8243; custom_margin=\u00bb0px||0px||true|false\u00bb custom_padding=\u00bb1rem||1rem||true|false\u00bb border_radii=\u00bboff|15px|15px||\u00bb global_colors_info=\u00bb{}\u00bb theme_builder_area=\u00bbpost_content\u00bb]<p style=\"text-align: center\">Dependencia o categor\u00eda<\/p>[\/et_pb_text][et_pb_toggle title=\u00bbVer tr\u00e1mites\u00bb _builder_version=\u00bb4.27.4&#8243; _module_preset=\u00bbdefault\u00bb locked=\u00bboff\u00bb global_colors_info=\u00bb{}\u00bb theme_builder_area=\u00bbpost_content\u00bb]<ul>\n<li>tramirte 1<\/li>\n<li>tramite 2<\/li>\n<li>tramite 3<\/li>\n<\/ul>[\/et_pb_toggle][\/et_pb_column][et_pb_column type=\u00bb1_3&#8243; _builder_version=\u00bb4.27.4&#8243; _module_preset=\u00bbdefault\u00bb custom_padding=\u00bb1em||||false|false\u00bb global_colors_info=\u00bb{}\u00bb theme_builder_area=\u00bbpost_content\u00bb][et_pb_text module_id=\u00bbcultura\u00bb _builder_version=\u00bb4.27.4&#8243; _module_preset=\u00bbdefault\u00bb text_font=\u00bb|600|||||||\u00bb text_text_color=\u00bb#FFFFFF\u00bb text_font_size=\u00bb20px\u00bb background_color=\u00bb#3CB4E5&#8243; custom_margin=\u00bb0px||0px||true|false\u00bb custom_padding=\u00bb1rem||1rem||true|false\u00bb border_radii=\u00bboff|15px|15px||\u00bb global_colors_info=\u00bb{}\u00bb theme_builder_area=\u00bbpost_content\u00bb]<p style=\"text-align: center\">Dependencia o categor\u00eda<\/p>[\/et_pb_text][et_pb_toggle title=\u00bbVer tr\u00e1mites\u00bb _builder_version=\u00bb4.27.4&#8243; _module_preset=\u00bbdefault\u00bb global_colors_info=\u00bb{}\u00bb theme_builder_area=\u00bbpost_content\u00bb]<ul>\n<li>tramirte 1<\/li>\n<li>tramite 2<\/li>\n<li>tramite 3<\/li>\n<\/ul>[\/et_pb_toggle][\/et_pb_column][et_pb_column type=\u00bb1_3&#8243; _builder_version=\u00bb4.27.4&#8243; _module_preset=\u00bbdefault\u00bb custom_padding=\u00bb1em||||false|false\u00bb global_colors_info=\u00bb{}\u00bb theme_builder_area=\u00bbpost_content\u00bb][et_pb_text module_id=\u00bbcultura\u00bb _builder_version=\u00bb4.27.4&#8243; _module_preset=\u00bbdefault\u00bb text_font=\u00bb|600|||||||\u00bb text_text_color=\u00bb#FFFFFF\u00bb text_font_size=\u00bb20px\u00bb background_color=\u00bb#3CB4E5&#8243; custom_margin=\u00bb0px||0px||true|false\u00bb custom_padding=\u00bb1rem||1rem||true|false\u00bb border_radii=\u00bboff|15px|15px||\u00bb global_colors_info=\u00bb{}\u00bb theme_builder_area=\u00bbpost_content\u00bb]<p style=\"text-align: center\">Dependencia o categor\u00eda<\/p>[\/et_pb_text][et_pb_toggle title=\u00bbVer tr\u00e1mites\u00bb _builder_version=\u00bb4.27.4&#8243; _module_preset=\u00bbdefault\u00bb locked=\u00bboff\u00bb global_colors_info=\u00bb{}\u00bb theme_builder_area=\u00bbpost_content\u00bb]<ul>\n<li>tramirte 1<\/li>\n<li>tramite 2<\/li>\n<li>tramite 3<\/li>\n<\/ul>[\/et_pb_toggle][\/et_pb_column][\/et_pb_row][\/et_pb_section]\n","protected":false},"excerpt":{"rendered":"<p>\n    <form method=\"get\" action=\"https:\/\/atencionciudadana.mendoza.gob.ar\/\" class=\"custom-search-form\">\n        <input type=\"text\" name=\"s\" placeholder=\"\u00bfQu\u00e9 tr\u00e1mite necesit\u00e1s?\" class=\"custom-search-input\" value=\"\" required>\n        <button type=\"submit\" class=\"custom-search-button\"><p>Buscar<\/p><image src=\"http:\/\/atencionciudadana.mendoza.gob.ar\/wp-content\/uploads\/2025\/06\/Diseno_sin_titulo__1_-removebg-preview.png\" alt=\"buscar\"\/><\/button>\n    <\/form>\n\n\n    Dependencia o categor\u00eda tramirte 1 tramite 2 tramite 3 Dependencia o categor\u00eda tramirte 1 tramite 2 tramite 3 Dependencia o categor\u00eda tramirte 1 tramite 2 tramite 3<\/p>\n","protected":false},"author":60,"featured_media":0,"parent":0,"menu_order":0,"comment_status":"closed","ping_status":"closed","template":"","meta":{"_et_pb_use_builder":"on","_et_pb_old_content":"","_et_gb_content_width":"","footnotes":""},"class_list":["post-233","page","type-page","status-publish","hentry"],"_links":{"self":[{"href":"https:\/\/informacionoficial.mendoza.gob.ar\/juegosycasinos\/wp-json\/wp\/v2\/pages\/233","targetHints":{"allow":["GET"]}}],"collection":[{"href":"https:\/\/informacionoficial.mendoza.gob.ar\/juegosycasinos\/wp-json\/wp\/v2\/pages"}],"about":[{"href":"https:\/\/informacionoficial.mendoza.gob.ar\/juegosycasinos\/wp-json\/wp\/v2\/types\/page"}],"author":[{"embeddable":true,"href":"https:\/\/informacionoficial.mendoza.gob.ar\/juegosycasinos\/wp-json\/wp\/v2\/users\/60"}],"replies":[{"embeddable":true,"href":"https:\/\/informacionoficial.mendoza.gob.ar\/juegosycasinos\/wp-json\/wp\/v2\/comments?post=233"}],"version-history":[{"count":4,"href":"https:\/\/informacionoficial.mendoza.gob.ar\/juegosycasinos\/wp-json\/wp\/v2\/pages\/233\/revisions"}],"predecessor-version":[{"id":561,"href":"https:\/\/informacionoficial.mendoza.gob.ar\/juegosycasinos\/wp-json\/wp\/v2\/pages\/233\/revisions\/561"}],"wp:attachment":[{"href":"https:\/\/informacionoficial.mendoza.gob.ar\/juegosycasinos\/wp-json\/wp\/v2\/media?parent=233"}],"curies":[{"name":"wp","href":"https:\/\/api.w.org\/{rel}","templated":true}]}}