{"id":241,"date":"2025-07-10T07:36:28","date_gmt":"2025-07-10T10:36:28","guid":{"rendered":"https:\/\/informacionoficial.mendoza.gob.ar\/juegosycasinos\/?page_id=241"},"modified":"2025-07-30T16:02:10","modified_gmt":"2025-07-30T19:02:10","slug":"transparencia","status":"publish","type":"page","link":"https:\/\/informacionoficial.mendoza.gob.ar\/juegosycasinos\/transparencia\/","title":{"rendered":"Transparencia"},"content":{"rendered":"<p>[et_pb_section fb_built=\u00bb1&#8243; _builder_version=\u00bb4.27.4&#8243; _module_preset=\u00bbdefault\u00bb hover_enabled=\u00bb0&#8243; global_colors_info=\u00bb{}\u00bb custom_margin=\u00bb0px|0px|0px|0px|false|false\u00bb custom_padding=\u00bb0px|0px|0px|0px|false|false\u00bb sticky_enabled=\u00bb0&#8243;][et_pb_row _builder_version=\u00bb4.27.4&#8243; _module_preset=\u00bbdefault\u00bb hover_enabled=\u00bb0&#8243; global_colors_info=\u00bb{}\u00bb custom_margin=\u00bb0px||0px||false|false\u00bb custom_padding=\u00bb1rem||1rem||true|false\u00bb sticky_enabled=\u00bb0&#8243;][et_pb_column type=\u00bb4_4&#8243; _builder_version=\u00bb4.27.4&#8243; _module_preset=\u00bbdefault\u00bb global_colors_info=\u00bb{}\u00bb][et_pb_heading title=\u00bbTransparencia\u00bb _builder_version=\u00bb4.27.4&#8243; _module_preset=\u00bbdefault\u00bb title_text_color=\u00bb#000000&#8243; custom_padding=\u00bb8px|||||\u00bb global_colors_info=\u00bb{}\u00bb][\/et_pb_heading][et_pb_tabs _builder_version=\u00bb4.27.4&#8243; _module_preset=\u00bbdefault\u00bb global_colors_info=\u00bb{}\u00bb][et_pb_tab title=\u00bbIntroducci\u00f3n y Uso del Sitio\u00bb _builder_version=\u00bb4.27.4&#8243; _module_preset=\u00bbdefault\u00bb global_colors_info=\u00bb{}\u00bb]<\/p>\n<div class=\"wp-block-group\">\n<div class=\"wp-block-group__inner-container\">\n<h3><span style=\"color: #808080\"><strong>Ley N\u00b0 9070<\/strong><\/span><\/h3>\n<p>&nbsp;<\/p>\n<\/div>\n<\/div>\n<div class=\"wp-block-group\">\n<div class=\"wp-block-group__inner-container\">\n<p>El objeto de la presente Ley es regular los mecanismos de acceso a la informaci\u00f3n p\u00fablica, estableciendo el marco general de desarrollo y procedimientos para su solicitud, y de la publicidad activa de los actos de gobierno que garanticen la transparencia, fomentando el Estado Abierto.<\/p>\n<p><a href=\"https:\/\/eticapublica.mendoza.gov.ar\/pdfs\/ley-9070.pdf\" target=\"_blank\" rel=\"noopener noreferrer\">Ley N\u00b0 907<\/a><\/p>\n<p>&nbsp;<\/p>\n<\/div>\n<\/div>\n<h3><span style=\"color: #808080\">Oficiales Garantes<\/span><\/h3>\n<p><span style=\"color: #808080\"><\/span><\/p>\n<p><strong>Funcionario Garante Titular:<\/strong> Cdra. Laura Vanesa Barbagallo<br \/><strong>Profesi\u00f3n:<\/strong> Contador P\u00fablico Nacional<br \/><strong>Cargo:<\/strong> Auditor Interno<\/p>\n<p><strong>Funcionario Garante Suplente:<\/strong> Cdra. Valeria Marina Castignani<br \/><strong>Profesi\u00f3n:<\/strong> Contador P\u00fablico Nacional<br \/><strong>Cargo:<\/strong> Auditor Interno.<\/p>\n<p>[\/et_pb_tab][et_pb_tab title=\u00bbInformaci\u00f3n Institucional Organizativa y de Gesti\u00f3n\u00bb _builder_version=\u00bb4.27.4&#8243; _module_preset=\u00bbdefault\u00bb global_colors_info=\u00bb{}\u00bb]<\/p>\n<p>Seg\u00fan la Ley N\u00ba 9070 de Acceso a la Informaci\u00f3n P\u00fablica:<\/p>\n<p><strong>CAP\u00cdTULO II<\/strong><\/p>\n<p>INFORMACI\u00d3N INSTITUCIONAL, ORGANIZATIVA Y DE PLANIFICACI\u00d3N<\/p>\n<p>Los Sujetos Obligados publicar\u00e1n informaci\u00f3n relativa a las funciones que desarrollan, la normativa que les sea de aplicaci\u00f3n as\u00ed como a su estructura organizativa. A estos efectos, incluir\u00e1n un organigrama actualizado que identifique a los responsables de los diferentes \u00f3rganos, su perfil y trayectoria profesional.<\/p>\n<p>Los Sujetos Obligados har\u00e1n p\u00fablicos los planes y programas anuales y plurianuales en los que se fijen objetivos concretos, as\u00ed como las actividades, medios y tiempo previsto para su consecuci\u00f3n. Su grado de cumplimiento y resultados deber\u00e1n ser objeto de evaluaci\u00f3n y publicaci\u00f3n peri\u00f3dica junto con los indicadores de medida y valoraci\u00f3n, en la forma en que se determine por cada Administraci\u00f3n competente.<\/p>\n<p>&nbsp;<\/p>\n<p><a href=\"https:\/\/www.mendoza.gov.ar\/juegosycasinos\/wp-content\/uploads\/sites\/18\/2019\/02\/org-IPJyC-V00.png\">Organigrama IPJyC<\/a><\/p>\n<p><a href=\"https:\/\/www.mendoza.gov.ar\/juegosycasinos\/institucional-2\/autoridades\/\">Autoridades<\/a><\/p>\n<p><a href=\"http:\/\/datosabiertos.mendoza.gov.ar\/dataset?q=instituto\">Datos Abiertos<\/a><\/p>\n<p><a href=\"https:\/\/www.mendoza.gov.ar\/juegosycasinos\/sapia\/\">SAPIA<\/a><\/p>\n<p>[\/et_pb_tab][et_pb_tab title=\u00bbInformaci\u00f3n Econ\u00f3mica, Presupuestaria y Estad\u00edstica\u00bb _builder_version=\u00bb4.27.4&#8243; _module_preset=\u00bbdefault\u00bb global_colors_info=\u00bb{}\u00bb]<\/p>\n<p>Seg\u00fan la Ley N\u00ba 9070 de Acceso a la Informaci\u00f3n P\u00fablica:<\/p>\n<p><strong>CAP\u00cdTULO IV<\/strong><\/p>\n<p><strong>INFORMACI\u00d3N ECON\u00d3MICA, PRESUPUESTARIA Y ESTAD\u00cdSTICA<\/strong><\/p>\n<p>Los Sujetos Obligados incluidos en el \u00e1mbito de\u00a0aplicaci\u00f3n de este T\u00edtulo deber\u00e1n hacer p\u00fablica, como m\u00ednimo, la informaci\u00f3n\u00a0relativa a los actos de gesti\u00f3n administrativa con repercusi\u00f3n econ\u00f3mica o\u00a0presupuestaria que se indican a continuaci\u00f3n:<\/p>\n<p>a) todos los contratos, con indicaci\u00f3n del objeto, duraci\u00f3n, el importe de\u00a0licitaci\u00f3n y de adjudicaci\u00f3n. Igualmente ser\u00e1n objeto de publicaci\u00f3n las\u00a0decisiones de desistimiento y renuncia de los contratos.<\/p>\n<p>b) La relaci\u00f3n de los convenios suscriptos, con menci\u00f3n de las partes firmantes,\u00a0su objeto, plazo de duraci\u00f3n, modificaciones realizadas, obligados a la\u00a0realizaci\u00f3n de las prestaciones y, en su caso, las obligaciones econ\u00f3micas<br \/>convenidas.<\/p>\n<p>c) Las subvenciones y ayudas p\u00fablicas concedidas con indicaci\u00f3n de su importe,\u00a0objetivo o finalidad y beneficiarios.<\/p>\n<p>d) Los presupuestos, con descripci\u00f3n de las principales partidas presupuestarias\u00a0e informaci\u00f3n actualizada y comprensible sobre su estado de ejecuci\u00f3n y sobre el\u00a0cumplimiento de los objetivos de estabilidad presupuestaria y sostenibilidad\u00a0financiera de la Administraci\u00f3n P\u00fablica.<\/p>\n<p>e) Las cuentas anuales que deban rendirse y los informes de auditor\u00eda de cuentas\u00a0y de fiscalizaci\u00f3n por parte de los \u00f3rganos de control externo que sobre ellos\u00a0se emitan.<\/p>\n<p>f) Las resoluciones de autorizaci\u00f3n o reconocimiento de compatibilidad que\u00a0afecten a los empleados p\u00fablicos.<\/p>\n<p>g) Las declaraciones juradas anuales de bienes y actividades seg\u00fan lo dispuesto\u00a0por la Ley Provincial N\u00b0 8993.<\/p>\n<p>h) La informaci\u00f3n estad\u00edstica necesaria para valorar el grado de cumplimiento y\u00a0calidad de los servicios p\u00fablicos que sean de su competencia, en los t\u00e9rminos\u00a0que defina cada administraci\u00f3n competente.<\/p>\n<p><a href=\"https:\/\/www.mendoza.gov.ar\/juegosycasinos\/ej-pres\/\" target=\"_blank\" rel=\"noopener noreferrer\">Ejecuci\u00f3n Presupuestaria<\/a><\/p>\n<p><a href=\"https:\/\/www.mendoza.gov.ar\/juegosycasinos\/responsabilidad-fiscal\/\" target=\"_blank\" rel=\"noopener noreferrer\">Responsabilidad Fiscal (Ley 7134)<\/a><\/p>\n<p><a href=\"https:\/\/www.mendoza.gov.ar\/juegosycasinos\/transferencia-de-fondos\/\" target=\"_blank\" rel=\"noopener noreferrer\">Transferencia de Fondos<\/a><\/p>\n<p>[\/et_pb_tab][et_pb_tab title=\u00bbSolicitar Informaci\u00f3n P\u00fablica\u00bb _builder_version=\u00bb4.27.4&#8243; _module_preset=\u00bbdefault\u00bb global_colors_info=\u00bb{}\u00bb]<\/p>\n<p>Si usted desea solicitar informaci\u00f3n p\u00fablica puede hacerlo por v\u00eda electr\u00f3nica por este medio o en formato papel a trav\u00e9s del formulario tipo de acceso a la informaci\u00f3n p\u00fablica al funcionario garante que entienda de la\u00a0informaci\u00f3n solicitada.<\/p>\n<h5><a href=\"https:\/\/tickets.mendoza.gov.ar\/ticketsprd\/servlet\/responderformulario?AIP_SOLICITUDINFORMACIONPUBLICA\" target=\"_blank\" rel=\"noopener\">SOLICITAR INFORMACI\u00d3N P\u00daBLICA FORMULARIO ELECTR\u00d3NICO<\/a><\/h5>\n<p>&nbsp;<\/p>\n<h5>SOLICITAR INFORMACI\u00d3N P\u00daBLICA FORMULARIO PAPEL<\/h5>\n<ul>\n<li><a href=\"https:\/\/www.mendoza.gov.ar\/transparencia\/wp-content\/uploads\/sites\/62\/2019\/04\/Formulario-Solicitud-de-Informaci%C3%B3n-Formato-PDF.pdf\" target=\"_blank\" rel=\"noopener\">Formulario Solicitud de Informaci\u00f3n\u00a0 (Formato PDF)<\/a><\/li>\n<li><a href=\"https:\/\/www.mendoza.gov.ar\/transparencia\/wp-content\/uploads\/sites\/62\/2019\/04\/Formulario-Solicitud-de-Informaci%C3%B3n-P%C3%BAblica-Formato-Word.docx\" target=\"_blank\" rel=\"noopener\">Formulario Solicitud de Informaci\u00f3n (Formato Word)<\/a><\/li>\n<li><a href=\"https:\/\/www.mendoza.gov.ar\/transparencia\/wp-content\/uploads\/sites\/62\/2019\/04\/Formulario-Solicitud-de-Informaci%C3%B3n-P%C3%BAblica-Formato-OpenDocument.odt\" target=\"_blank\" rel=\"noopener\">Formulario Solicitud de Informaci\u00f3n (Formato OpenDocument)<\/a><\/li>\n<\/ul>\n<p>[\/et_pb_tab][et_pb_tab title=\u00bbReclmar Incumplimiento\u00bb _builder_version=\u00bb4.27.4&#8243; _module_preset=\u00bbdefault\u00bb global_colors_info=\u00bb{}\u00bb]<\/p>\n<p>Si su pedido de informaci\u00f3n p\u00fablica no hubiera sido respondido dentro de los plazos establecidos por la Ley de Acceso a la Informaci\u00f3n, si la denegatoria del pedido no fue fundada, si recibi\u00f3 una respuesta ambigua, inexacta o incompleta puede interponer un \u00a0Recurso por Incumplimiento\u00a0ante la Autoridad de Aplicaci\u00f3n.<\/p>\n<p>Usted puede realizar su reclamo por este medio o en formato papel por medio del \u00a0formulario tipo de recurso por incumplimiento y deber\u00e1 ser entregado en la Oficina de la Autoridad de Aplicaci\u00f3n.<\/p>\n<h5><a href=\"https:\/\/tickets.mendoza.gov.ar\/ticketsprd\/servlet\/responderformulario?AIP_RECURSODEINCUMPLIMIENTO\" target=\"_blank\" rel=\"noopener\">SOLICITAR RECURSO POR INCUMPLIMIENTO FORMULARIO ELECTR\u00d3NICO<\/a><\/h5>\n<p>&nbsp;<\/p>\n<h5><strong>SOLICITAR RECURSO POR INCUMPLIMIENTO FORMULARIO PAPEL<\/strong><\/h5>\n<ul>\n<li><a href=\"https:\/\/www.mendoza.gov.ar\/transparencia\/wp-content\/uploads\/sites\/62\/2019\/05\/Formulario-Recurso-por-Incumplimiento-Formato-PDF.pdf\" target=\"_blank\" rel=\"noopener\">Formulario Recurso por Incumplimiento (Formato PDF)<\/a><\/li>\n<li><a href=\"https:\/\/www.mendoza.gov.ar\/transparencia\/wp-content\/uploads\/sites\/62\/2019\/05\/Formulario-Recurso-por-Incumplimiento-Formato-Word.docx\" target=\"_blank\" rel=\"noopener\">Formulario Recurso por Incumplimiento (Formato Word)<\/a><\/li>\n<li><a href=\"https:\/\/www.mendoza.gov.ar\/transparencia\/wp-content\/uploads\/sites\/62\/2019\/05\/Formulario-Recurso-por-Incumplimiento-Formato-OpenDocument.odt\" target=\"_blank\" rel=\"noopener\">Formulario Recurso por Incumplimiento (Formato OpenDocument)<\/a><\/li>\n<\/ul>\n<p>[\/et_pb_tab][et_pb_tab title=\u00bbSeguimiento de Solicitud\u00bb _builder_version=\u00bb4.27.4&#8243; _module_preset=\u00bbdefault\u00bb global_colors_info=\u00bb{}\u00bb]<\/p>\n<h5><a href=\"http:\/\/tickets-web.mendoza.gov.ar\/ticketspubprd\/servlet\/pubtickethome\" target=\"_blank\" rel=\"noopener\"><strong>SEGUIMIENTO DE SOLICITUD<\/strong><\/a><\/h5>\n<p>[\/et_pb_tab][et_pb_tab title=\u00bbLicitaciones\u00bb _builder_version=\u00bb4.27.4&#8243; _module_preset=\u00bbdefault\u00bb global_colors_info=\u00bb{}\u00bb]<\/p>\n<h4><a href=\"https:\/\/www.mendoza.gov.ar\/juegosycasinos\/licitacion\/\" target=\"_blank\" rel=\"noopener noreferrer\"><strong>Ir a Licitaciones &gt;&gt;&gt;<\/strong><\/a><\/h4>\n<p>[\/et_pb_tab][\/et_pb_tabs][\/et_pb_column][\/et_pb_row][\/et_pb_section]<\/p>\n","protected":false},"excerpt":{"rendered":"<p>Ley N\u00b0 9070 &nbsp; El objeto de la presente Ley es regular los mecanismos de acceso a la informaci\u00f3n p\u00fablica, estableciendo el marco general de desarrollo y procedimientos para su solicitud, y de la publicidad activa de los actos de gobierno que garanticen la transparencia, fomentando el Estado Abierto. Ley N\u00b0 907 &nbsp; Oficiales Garantes [&hellip;]<\/p>\n","protected":false},"author":29,"featured_media":0,"parent":0,"menu_order":0,"comment_status":"closed","ping_status":"closed","template":"","meta":{"_et_pb_use_builder":"on","_et_pb_old_content":"","_et_gb_content_width":"","footnotes":""},"class_list":["post-241","page","type-page","status-publish","hentry"],"_links":{"self":[{"href":"https:\/\/informacionoficial.mendoza.gob.ar\/juegosycasinos\/wp-json\/wp\/v2\/pages\/241","targetHints":{"allow":["GET"]}}],"collection":[{"href":"https:\/\/informacionoficial.mendoza.gob.ar\/juegosycasinos\/wp-json\/wp\/v2\/pages"}],"about":[{"href":"https:\/\/informacionoficial.mendoza.gob.ar\/juegosycasinos\/wp-json\/wp\/v2\/types\/page"}],"author":[{"embeddable":true,"href":"https:\/\/informacionoficial.mendoza.gob.ar\/juegosycasinos\/wp-json\/wp\/v2\/users\/29"}],"replies":[{"embeddable":true,"href":"https:\/\/informacionoficial.mendoza.gob.ar\/juegosycasinos\/wp-json\/wp\/v2\/comments?post=241"}],"version-history":[{"count":7,"href":"https:\/\/informacionoficial.mendoza.gob.ar\/juegosycasinos\/wp-json\/wp\/v2\/pages\/241\/revisions"}],"predecessor-version":[{"id":460,"href":"https:\/\/informacionoficial.mendoza.gob.ar\/juegosycasinos\/wp-json\/wp\/v2\/pages\/241\/revisions\/460"}],"wp:attachment":[{"href":"https:\/\/informacionoficial.mendoza.gob.ar\/juegosycasinos\/wp-json\/wp\/v2\/media?parent=241"}],"curies":[{"name":"wp","href":"https:\/\/api.w.org\/{rel}","templated":true}]}}