{"id":1135,"date":"2025-08-06T06:39:44","date_gmt":"2025-08-06T04:39:44","guid":{"rendered":"https:\/\/informacionoficial.mendoza.gob.ar\/produccion\/?page_id=1135"},"modified":"2026-02-05T13:05:43","modified_gmt":"2026-02-05T16:05:43","slug":"enlazados-con-continuidad","status":"publish","type":"page","link":"https:\/\/informacionoficial.mendoza.gob.ar\/produccion\/enlazados-con-continuidad\/","title":{"rendered":"Enlazados con continuidad"},"content":{"rendered":"<p>[et_pb_section fb_built=\u00bb1&#8243; _builder_version=\u00bb4.27.4&#8243; _module_preset=\u00bbdefault\u00bb global_colors_info=\u00bb{}\u00bb][et_pb_row column_structure=\u00bb2_5,3_5&#8243; _builder_version=\u00bb4.27.4&#8243; _module_preset=\u00bbdefault\u00bb global_colors_info=\u00bb{}\u00bb][et_pb_column type=\u00bb2_5&#8243; _builder_version=\u00bb4.27.4&#8243; _module_preset=\u00bbdefault\u00bb global_colors_info=\u00bb{}\u00bb][et_pb_image src=\u00bbhttps:\/\/mza-dicaws-portal-uploads-media-prod.s3.us-east-1.amazonaws.com\/informacion-oficial\/uploads\/sites\/17\/2025\/08\/ENLAZADOS-CON-CONTINUIDAD-700&#215;383-1.png\u00bb title_text=\u00bbENLAZADOS-CON-CONTINUIDAD-700&#215;383&#8243; _builder_version=\u00bb4.27.4&#8243; _module_preset=\u00bbdefault\u00bb global_colors_info=\u00bb{}\u00bb][\/et_pb_image][\/et_pb_column][et_pb_column type=\u00bb3_5&#8243; _builder_version=\u00bb4.27.4&#8243; _module_preset=\u00bbdefault\u00bb global_colors_info=\u00bb{}\u00bb][et_pb_text _builder_version=\u00bb4.27.4&#8243; _module_preset=\u00bbdefault\u00bb global_colors_info=\u00bb{}\u00bb]<\/p>\n<p><strong>\u00bfQu\u00e9 es Enlazados Continuidad?<\/strong><\/p>\n<p>Es una l\u00ednea de sostenimiento del empleo que permite la continuidad de las relaciones laborales genuinas generadas en el marco del Programa Enlazados.<\/p>\n<p>El objetivo es que el Estado provincial aporte un nuevo incentivo al salario durante 2 meses m\u00e1s por cada persona trabajadora que contin\u00fae su relaci\u00f3n laboral bajo esta modalidad.<\/p>\n<p>&nbsp;<\/p>\n<ul><\/ul>\n<p>[\/et_pb_text][\/et_pb_column][\/et_pb_row][et_pb_row _builder_version=\u00bb4.27.4&#8243; _module_preset=\u00bbdefault\u00bb global_colors_info=\u00bb{}\u00bb][et_pb_column type=\u00bb4_4&#8243; _builder_version=\u00bb4.27.4&#8243; _module_preset=\u00bbdefault\u00bb global_colors_info=\u00bb{}\u00bb][et_pb_tabs active_tab_background_color=\u00bb#0C71C3&#8243; active_tab_text_color=\u00bb#FFFFFF\u00bb _builder_version=\u00bb4.27.4&#8243; _module_preset=\u00bbdefault\u00bb filter_contrast=\u00bb116%\u00bb border_radii=\u00bbon|15px|15px|15px|15px\u00bb box_shadow_style=\u00bbpreset3&#8243; box_shadow_spread=\u00bb-13px\u00bb box_shadow_color=\u00bbrgba(0,0,0,0.29)\u00bb global_colors_info=\u00bb{}\u00bb][et_pb_tab title=\u00bbFuncionamiento y Beneficios para Empresas\u00bb _builder_version=\u00bb4.27.4&#8243; _module_preset=\u00bbdefault\u00bb global_colors_info=\u00bb{}\u00bb]<\/p>\n<p><strong>Funcionamiento y Beneficios para Empresas<\/strong><\/p>\n<ul>\n<li><strong>Mecanismo del Incentivo:<\/strong>\n<ul>\n<li>El est\u00edmulo es mensual y equivale al cien por ciento (100%) del Salario M\u00ednimo Vital y M\u00f3vil (SMVM) para una jornada laboral de tiempo completo, seg\u00fan lo establecido por el Convenio Colectivo de Trabajo de la actividad econ\u00f3mica declarada.<\/li>\n<li>Para contrataciones con jornadas laborales equivalentes a media jornada (fijada por convenio colectivo de trabajo), el Programa aportar\u00e1 un monto equivalente al cincuenta por ciento (50%) del SMVM.<\/li>\n<li>El incentivo se actualizar\u00e1 de acuerdo con las modificaciones del SMVM fijadas por el Gobierno nacional.<\/li>\n<\/ul>\n<\/li>\n<li><strong>Duraci\u00f3n del Incentivo:<\/strong>\n<ul>\n<li>El beneficio se pagar\u00e1 por un lapso de 2 meses consecutivos, una vez que la postulaci\u00f3n empresarial haya superado las instancias evaluatorias a cargo de la Direcci\u00f3n de Empleo y Desarrollo Empresarial y cuente con la aprobaci\u00f3n definitiva de la autoridad competente.<\/li>\n<\/ul>\n<\/li>\n<li><strong>Proceso de Pago:<\/strong>\n<ul>\n<li>La transferencia de estos incentivos se realizar\u00e1 de forma directa a cada persona empleada, a mes vencido, mediante dep\u00f3sito bancario.<\/li>\n<li>Las entidades empleadoras deber\u00e1n cubrir el aporte restante para alcanzar los montos salariales establecidos por el convenio colectivo de trabajo para cada rama de actividad.<\/li>\n<li>El pago se har\u00e1 efectivo en el mes inmediatamente posterior al vencimiento de los per\u00edodos de vigencia de las personas trabajadoras alcanzadas por el Programa Enlazados, en la cuenta consignada por la entidad empleadora.<\/li>\n<\/ul>\n<\/li>\n<\/ul>\n<ul><\/ul>\n<p>[\/et_pb_tab][et_pb_tab title=\u00bbRequisitos para Empresas \u00bb _builder_version=\u00bb4.27.4&#8243; _module_preset=\u00bbdefault\u00bb global_colors_info=\u00bb{}\u00bb]<\/p>\n<p>&nbsp;<\/p>\n<ul>\n<li>\n<p><strong>Requisitos para Empresas Participantes<\/strong><\/p>\n<ul>\n<li><strong>Condiciones Generales:<\/strong>\n<ol>\n<li>Haber participado previamente en el Programa Enlazados.<\/li>\n<li>No haber disminuido su n\u00f3mina de personal (salvo excepciones justificadas como jubilaciones, renuncias, despidos con justa causa o fallecimientos).<\/li>\n<li>Mantener la relaci\u00f3n laboral vigente con la persona trabajadora por la que se solicita la continuidad.<\/li>\n<li>Estar al d\u00eda con los cumplimientos fiscales de la Provincia.<\/li>\n<li>No figurar en el Registro P\u00fablico de Empleadores con Sanciones Laborales (REPSAL).<\/li>\n<li>Cumplimentar con la tributaci\u00f3n fiscal de tasas provinciales y municipales vigentes.<\/li>\n<\/ol>\n<\/li>\n<li><strong>Documentaci\u00f3n Necesaria:<\/strong>\n<ol>\n<li>Formulario F931 y n\u00f3mina de personas empleadas emitida por ARCA del mes donde la empresa recibe el \u00faltimo incentivo de Enlazados (quinto o s\u00e9ptimo mes, seg\u00fan inscripci\u00f3n original) y los dos meses posteriores a la finalizaci\u00f3n de su participaci\u00f3n en dicho programa. En caso de disminuci\u00f3n de la n\u00f3mina, presentar nota bajo car\u00e1cter de Declaraci\u00f3n Jurada justificando la reducci\u00f3n.<\/li>\n<li>Constancia de alta temprana en el sistema registral ARCA.<\/li>\n<li>Copia de los bonos de sueldo correspondientes al mes donde la empresa percibi\u00f3 el \u00faltimo incentivo del Programa Enlazados (quinto o s\u00e9ptimo mes) y los dos meses posteriores.<\/li>\n<li>Certificaci\u00f3n de libre deuda de ATM actualizada.<\/li>\n<li>Certificaci\u00f3n REPSAL actualizada.<\/li>\n<li>Captura de pantalla correspondiente al ticket de la persona a prorrogar.<\/li>\n<\/ol>\n<\/li>\n<\/ul>\n<\/li>\n<\/ul>\n<p>[\/et_pb_tab][et_pb_tab title=\u00bbPreguntas frecuentes\u00bb _builder_version=\u00bb4.27.4&#8243; _module_preset=\u00bbdefault\u00bb global_colors_info=\u00bb{}\u00bb]<\/p>\n<p><strong style=\"font-size: 14px\">\u00bfQui\u00e9nes pueden ser participantes del Programa?<\/strong><\/p>\n<p>Los contratados con una modalidad a tiempo indeterminado que hayan estado en Enlazados.<\/p>\n<p><strong>\u00bfQu\u00e9 comercios, pymes y empresas pueden adherirse?<\/strong><\/p>\n<p>Todas las radicadas en Mendoza que hayan participado o no en Enlazados y cumplan con la reglamentaci\u00f3n fijada por el Programa.<\/p>\n<p><strong>\u00bfQu\u00e9 pasa si la empresa ya es parte de un programa nacional?<\/strong><\/p>\n<p>En el caso de empresas participantes que perciban aportes o est\u00edmulos de programas y\/o l\u00edneas nacionales que coincidan en sus objetivos con Enlazados, recibir\u00e1n de parte de la Provincia el monto necesario para completar el equivalente al SMVM vigente.<\/p>\n<p><strong>\u00bfPueden participar entidades sin fines de lucro o cooperativas?<\/strong><\/p>\n<p>S\u00ed, siempre y cuando revistan el car\u00e1cter de empleadores. Las condiciones y requisitos espec\u00edficos para estas entidades se regir\u00e1n por la reglamentaci\u00f3n y en el marco de lo establecido por esta Ley 9330 para el caso de empresas.<\/p>\n<p><strong>\u00bfPor qu\u00e9 afectar el presupuesto provincial para este Programa si la Naci\u00f3n tiene l\u00edneas similares?<\/strong><\/p>\n<p>Los programas nacionales apuntan a un universo poblacional acotado y con caracter\u00edsticas espec\u00edficas. Las personas desempleadas que est\u00e1n fuera de esos perfiles no cuentan con asistencia de ning\u00fan tipo. Frente a esta situaci\u00f3n, Enlazados mejora el universo y las posibilidades de empleabilidad de los y las ciudadanas.<\/p>\n<p><strong>\u00bfC\u00f3mo es el proceso de inscripci\u00f3n para las empresas?<\/strong><\/p>\n<p>El sector empresarial deber\u00e1 ingresar en el icono de \u201cInscripci\u00f3n\u201d donde deber\u00e1 completar con los datos requeridos y adjuntar los documentos solicitados.<\/p>\n<p><strong>\u00bfPuedo incorporar como candidato a un familiar?<\/strong><\/p>\n<p>S\u00ed, el l\u00edmite para participar es de 2 personas por grupo familiar, siempre y cuando la persona cumpla con el requisito de provenir de Enlazados.<\/p>\n<p><strong>Soy monotributista \u00bfpuedo participar?<\/strong><\/p>\n<p>Si, podr\u00e1n participar del programa los monotributistas categor\u00eda B en adelante como empleadores.<\/p>\n<p><strong>\u00bfCu\u00e1l es el rango de edades apto para participar como empleado\/a?<\/strong><\/p>\n<p>Podr\u00e1n participar todas las personas que cumplan los requisitos ya mencionados y que est\u00e9n dentro del rango etario de 18 a 60 a\u00f1os de edad en el caso de mujeres y hasta los 65 a\u00f1os en el caso de hombres.<\/p>\n<p><strong>\u00bfCu\u00e1ndo comienzan los pagos del incentivo?<\/strong><\/p>\n<p>Los incentivos se pagar\u00e1n a mes vencido y se har\u00e1n efectivos desde el 1 al 10 de cada mes.<\/p>\n<p><strong>\u00bfQu\u00e9 sucede en caso de que la relaci\u00f3n laboral finalice de forma anticipada?<\/strong><\/p>\n<p>Si la relaci\u00f3n laboral resulta finalizada de forma anticipada e injustificada, el Programa cesar\u00e1 el dep\u00f3sito a ese empleado\/a. De existir debida justificaci\u00f3n, la empresa deber\u00e1 mandar una nota aclaratoria sobre las causas de la misma.<\/p>\n<p><strong>\u00bfQu\u00e9 sucede una vez finalizada la participaci\u00f3n en Enlazados?<\/strong><\/p>\n<p>El trabajador\/a incorporado\/a contin\u00faa dentro de la empresa bajo la modalidad de contrataci\u00f3n oportunamente contra\u00edda, sujeto a las normativas legales provinciales y nacionales vigentes. Luego del quinto o s\u00e9ptimo mes, correspondiente a la acreditaci\u00f3n en reconocimiento a las empresas, la misma debe aguardar dos meses consecutivos para poder presentar la solicitud de incorporaci\u00f3n a Enlazados con Continuidad; siempre y cuando la relaci\u00f3n haya seguido vigente.<\/p>\n<p><strong>Como empleador\/a \u00bfCu\u00e1ntas incorporaciones puedo realizar?<\/strong><\/p>\n<p>La participaci\u00f3n de las empresas no tiene l\u00edmites en cuanto a las incorporaciones que pueda realizar.<\/p>\n<p>Esto implica que toda incorporaci\u00f3n de trabajadores\/as con contrataciones a tiempo indefinido, podr\u00e1n ser incluidas en el Programa, siempre y cuando cumplan con los requisitos establecidos.<\/p>\n<p>Para toda circunstancia, queda establecido que el l\u00edmite de Enlazados con Continuidad est\u00e1 determinado por la disponibilidad presupuestaria del mismo.<\/p>\n<p><strong>\u00bfPuedo participar conjuntamente de Pre Enlace, Enlace, Enlazados, Enlazados con Continuidad y Enlazados +50?<\/strong><\/p>\n<p>Es posible acceder a todas las l\u00edneas de mejora de la empleabilidad, siempre que la participaci\u00f3n se ajuste a las reglamentaciones establecidas.<\/p>\n<p><strong>\u00bfCu\u00e1les son las v\u00edas de contacto?<\/strong><\/p>\n<p>Para las consultas del Programa se debe escribir a<span>\u00a0<\/span><a href=\"mailto:enlazadoscontinuidad@gmail.com\">enlazadoscontinuidad@gmail.com<\/a><\/p>\n<p>En caso de tener alg\u00fan reclamo, se debe escribir a<span>\u00a0<\/span><a href=\"mailto:reclamosenlazados@yahoo.com\">reclamosenlazados@yahoo.com<\/a><span>\u00a0<\/span>entre los d\u00edas 1 y 15 de cada mes.<\/p>\n<p>[\/et_pb_tab][\/et_pb_tabs][\/et_pb_column][\/et_pb_row][et_pb_row _builder_version=\u00bb4.27.4&#8243; _module_preset=\u00bbdefault\u00bb global_colors_info=\u00bb{}\u00bb][et_pb_column type=\u00bb4_4&#8243; _builder_version=\u00bb4.27.4&#8243; _module_preset=\u00bbdefault\u00bb global_colors_info=\u00bb{}\u00bb][et_pb_text _builder_version=\u00bb4.27.4&#8243; _module_preset=\u00bbdefault\u00bb text_font=\u00bb|800|||||||\u00bb header_4_text_color=\u00bb#141414&#8243; global_colors_info=\u00bb{}\u00bb]<\/p>\n<h4>Proceso de Inscripci\u00f3n y Gesti\u00f3n<\/h4>\n<p>[\/et_pb_text][\/et_pb_column][\/et_pb_row][et_pb_row _builder_version=\u00bb4.27.4&#8243; _module_preset=\u00bbdefault\u00bb custom_padding=\u00bb18px|||||\u00bb global_colors_info=\u00bb{}\u00bb][et_pb_column type=\u00bb4_4&#8243; _builder_version=\u00bb4.27.4&#8243; _module_preset=\u00bbdefault\u00bb global_colors_info=\u00bb{}\u00bb][et_pb_text _builder_version=\u00bb4.27.4&#8243; _module_preset=\u00bbdefault\u00bb global_colors_info=\u00bb{}\u00bb]<\/p>\n<p><strong>Proceso de Inscripci\u00f3n y Fechas Clave<\/strong><\/p>\n<ul>\n<li><strong>Inscripci\u00f3n:<\/strong>\n<ul>\n<li>El sector privado interesado deber\u00e1 inscribirse a trav\u00e9s de la plataforma Ticket de Mendoza (<span><a href=\"https:\/\/ticketsform.mendoza.gov.ar\/ticketsform\/servlet\/responderformulario?PROGRAMA_ENLAZADOS_CONTINUIDAD\">SISTEMA TICKET ENLAZADOS CONTINUIDAD<\/a><\/span>). Se debe completar un formulario por cada participante a incorporar en el Programa, adjuntando la documentaci\u00f3n requerida.<\/li>\n<li>Plazo de inscripci\u00f3n: Del 1 al 15 de cada mes.<\/li>\n<\/ul>\n<\/li>\n<li><strong>Manual de Usuario:<\/strong>\n<ul>\n<li>Es obligatorio leer el \u00abMANUAL DE USUARIO para empresas solicitantes\u00bb antes de generar una nueva inscripci\u00f3n. (<span><a href=\"https:\/\/mza-dicaws-portal-uploads-media-prod.s3.amazonaws.com\/informacion-oficial\/uploads\/sites\/17\/2025\/10\/MANUAL-DE-USUARIO-ENLAZADOS-CONTINUIDAD-PDF.pdf\">MANUAL DE USUARIO<\/a><\/span>).<\/li>\n<\/ul>\n<\/li>\n<li><strong>Calendario:<\/strong>\n<ul>\n<li>APERTURA DE INSCRIPCI\u00d3N: D\u00eda 1 de cada mes.<\/li>\n<li>CIERRE DE INSCRIPCI\u00d3N: D\u00eda 15 de cada mes.<\/li>\n<\/ul>\n<\/li>\n<\/ul>\n<p><strong>Gesti\u00f3n del Programa: Bajas, Modificaciones y Control<\/strong><\/p>\n<ul>\n<li><strong>Bajas o Modificaciones:<\/strong>\n<ul>\n<li><span> <\/span>Solicitud de baja: Fecha l\u00edmite 23 de cada mes. (<span><a href=\"https:\/\/ticketsform.mendoza.gov.ar\/ticketsform\/com.tickets.responderformulario?BAJA_PROGRAMA_ENLAZADOS\">SOLICITUD DE BAJA<\/a><\/span>)<\/li>\n<li><span> <\/span>Solicitud de modificaci\u00f3n: (<span><a href=\"https:\/\/ticketsform.mendoza.gov.ar\/ticketsform\/com.tickets.responderformulario?BAJA_PROGRAMA_ENLAZADOS\">SOLICITUD DE MODIFICACI\u00d3N<\/a><\/span>)<\/li>\n<\/ul>\n<\/li>\n<li><span> <\/span><strong>Control Mensual:<\/strong>\n<ul>\n<li><span> <\/span>Se enviar\u00e1 un correo electr\u00f3nico con un enlace para que cada empresa cargue la documentaci\u00f3n requerida. (<span><a href=\"https:\/\/ticketsform.mendoza.gov.ar\/ticketsform\/servlet\/responderformulario?PROGRAMA_ENLAZADOS_CONTROL_MENSUAL\">CONTROL MENSUAL<\/a><\/span>)<\/li>\n<\/ul>\n<\/li>\n<\/ul>\n<p><strong>Consultas<\/strong><\/p>\n<ul>\n<li><strong>Consultas Telef\u00f3nicas:<\/strong> 261 7476801<\/li>\n<\/ul>\n<p>[\/et_pb_text][\/et_pb_column][\/et_pb_row][et_pb_row column_structure=\u00bb1_3,1_3,1_3&#8243; _builder_version=\u00bb4.27.4&#8243; _module_preset=\u00bbdefault\u00bb hover_enabled=\u00bb0&#8243; global_colors_info=\u00bb{}\u00bb sticky_enabled=\u00bb0&#8243;][et_pb_column type=\u00bb1_3&#8243; _builder_version=\u00bb4.27.4&#8243; _module_preset=\u00bbdefault\u00bb link_option_url=\u00bbhttps:\/\/atencionciudadana.mendoza.gob.ar\/enlazados-continuidad-inscripcion\/\u00bb hover_enabled=\u00bb0&#8243; global_colors_info=\u00bb{}\u00bb sticky_enabled=\u00bb0&#8243;][et_pb_blurb title=\u00bbInscripci\u00f3n\u00bb url=\u00bbhttps:\/\/atencionciudadana.mendoza.gob.ar\/enlazados-continuidad-inscripcion\/\u00bb use_icon=\u00bbon\u00bb font_icon=\u00bb&#xf05a;||fa||900&#8243; icon_color=\u00bb#FFFFFF\u00bb image_icon_width=\u00bb72px\u00bb _builder_version=\u00bb4.27.4&#8243; _module_preset=\u00bbdefault\u00bb header_text_align=\u00bbcenter\u00bb header_text_color=\u00bb#FFFFFF\u00bb background_color=\u00bb#C8A977&#8243; custom_padding=\u00bb1em|1em|1em|1em|true|true\u00bb hover_enabled=\u00bb0&#8243; border_radii=\u00bbon|15px|15px|15px|15px\u00bb box_shadow_style=\u00bbpreset3&#8243; global_colors_info=\u00bb{}\u00bb sticky_enabled=\u00bb0&#8243;][\/et_pb_blurb][\/et_pb_column][et_pb_column type=\u00bb1_3&#8243; _builder_version=\u00bb4.27.4&#8243; _module_preset=\u00bbdefault\u00bb link_option_url=\u00bbhttps:\/\/atencionciudadana.mendoza.gob.ar\/enlace-joven-inscripcion-empresa\/\u00bb global_colors_info=\u00bb{}\u00bb][et_pb_blurb title=\u00bbBaja o modificaciones\u00bb url=\u00bbhttps:\/\/atencionciudadana.mendoza.gob.ar\/baja-o-modificaciones-del-programa-enlazados-continuidad\/\u00bb use_icon=\u00bbon\u00bb font_icon=\u00bb&#xf05a;||fa||900&#8243; icon_color=\u00bb#FFFFFF\u00bb image_icon_width=\u00bb72px\u00bb _builder_version=\u00bb4.27.4&#8243; _module_preset=\u00bbdefault\u00bb header_text_align=\u00bbcenter\u00bb header_text_color=\u00bb#FFFFFF\u00bb background_color=\u00bb#0C71C3&#8243; custom_padding=\u00bb1em|1em|1em|1em|true|true\u00bb border_radii=\u00bbon|15px|15px|15px|15px\u00bb box_shadow_style=\u00bbpreset3&#8243; global_colors_info=\u00bb{}\u00bb][\/et_pb_blurb][\/et_pb_column][et_pb_column type=\u00bb1_3&#8243; _builder_version=\u00bb4.27.4&#8243; _module_preset=\u00bbdefault\u00bb global_colors_info=\u00bb{}\u00bb][et_pb_blurb title=\u00bbControl Mensual\u00bb url=\u00bbhttps:\/\/atencionciudadana.mendoza.gob.ar\/control-mensual-enlazados-continuidad\/\u00bb use_icon=\u00bbon\u00bb font_icon=\u00bb&#xf05a;||fa||900&#8243; icon_color=\u00bb#0C71C3&#8243; image_icon_width=\u00bb72px\u00bb _builder_version=\u00bb4.27.4&#8243; _module_preset=\u00bbdefault\u00bb header_text_align=\u00bbcenter\u00bb header_text_color=\u00bb#0C71C3&#8243; background_color=\u00bb#FFFFFF\u00bb custom_padding=\u00bb1em|1em|1em|1em|true|true\u00bb border_radii=\u00bbon|15px|15px|15px|15px\u00bb box_shadow_style=\u00bbpreset3&#8243; global_colors_info=\u00bb{}\u00bb][\/et_pb_blurb][\/et_pb_column][\/et_pb_row][\/et_pb_section][et_pb_section fb_built=\u00bb1&#8243; admin_label=\u00bbFeatures\u00bb _builder_version=\u00bb4.27.4&#8243; _module_preset=\u00bbdefault\u00bb background_color=\u00bbgcid-b6c4f12c-f25d-4f61-9fb1-6e96404634cd\u00bb locked=\u00bboff\u00bb global_colors_info=\u00bb{%22gcid-b6c4f12c-f25d-4f61-9fb1-6e96404634cd%22:%91%22background_color%22%93}\u00bb][et_pb_row column_structure=\u00bb1_2,1_2&#8243; _builder_version=\u00bb4.27.4&#8243; _module_preset=\u00bbdefault\u00bb global_colors_info=\u00bb{}\u00bb][et_pb_column type=\u00bb1_2&#8243; _builder_version=\u00bb4.27.4&#8243; _module_preset=\u00bbdefault\u00bb global_colors_info=\u00bb{}\u00bb][et_pb_image src=\u00bbhttps:\/\/mza-dicaws-portal-uploads-media-prod.s3.amazonaws.com\/informacion-oficial\/uploads\/sites\/17\/2025\/10\/Continuidad-PROVENIENTES.png\u00bb title_text=\u00bbContinuidad PROVENIENTES\u00bb _builder_version=\u00bb4.27.4&#8243; _module_preset=\u00bbdefault\u00bb global_colors_info=\u00bb{}\u00bb][\/et_pb_image][\/et_pb_column][et_pb_column type=\u00bb1_2&#8243; _builder_version=\u00bb4.27.4&#8243; _module_preset=\u00bbdefault\u00bb global_colors_info=\u00bb{}\u00bb][et_pb_image src=\u00bbhttps:\/\/mza-dicaws-portal-uploads-media-prod.s3.amazonaws.com\/informacion-oficial\/uploads\/sites\/17\/2025\/10\/Continuidad-NO-provenientes.png\u00bb title_text=\u00bbContinuidad NO provenientes\u00bb _builder_version=\u00bb4.27.4&#8243; _module_preset=\u00bbdefault\u00bb global_colors_info=\u00bb{}\u00bb][\/et_pb_image][\/et_pb_column][\/et_pb_row][\/et_pb_section][et_pb_section fb_built=\u00bb1&#8243; fullwidth=\u00bbon\u00bb _builder_version=\u00bb4.27.4&#8243; _module_preset=\u00bbdefault\u00bb global_colors_info=\u00bb{}\u00bb][\/et_pb_section][et_pb_section fb_built=\u00bb1&#8243; fullwidth=\u00bbon\u00bb _builder_version=\u00bb4.27.4&#8243; _module_preset=\u00bbdefault\u00bb global_colors_info=\u00bb{}\u00bb][\/et_pb_section]<\/p>\n","protected":false},"excerpt":{"rendered":"<p>\u00bfQu\u00e9 es Enlazados Continuidad? Es una l\u00ednea de sostenimiento del empleo que permite la continuidad de las relaciones laborales genuinas generadas en el marco del Programa Enlazados. El objetivo es que el Estado provincial aporte un nuevo incentivo al salario durante 2 meses m\u00e1s por cada persona trabajadora que contin\u00fae su relaci\u00f3n laboral bajo esta [&hellip;]<\/p>\n","protected":false},"author":22,"featured_media":0,"parent":0,"menu_order":0,"comment_status":"closed","ping_status":"closed","template":"","meta":{"_et_pb_use_builder":"on","_et_pb_old_content":"","_et_gb_content_width":"","footnotes":""},"class_list":["post-1135","page","type-page","status-publish","hentry"],"_links":{"self":[{"href":"https:\/\/informacionoficial.mendoza.gob.ar\/produccion\/wp-json\/wp\/v2\/pages\/1135","targetHints":{"allow":["GET"]}}],"collection":[{"href":"https:\/\/informacionoficial.mendoza.gob.ar\/produccion\/wp-json\/wp\/v2\/pages"}],"about":[{"href":"https:\/\/informacionoficial.mendoza.gob.ar\/produccion\/wp-json\/wp\/v2\/types\/page"}],"author":[{"embeddable":true,"href":"https:\/\/informacionoficial.mendoza.gob.ar\/produccion\/wp-json\/wp\/v2\/users\/22"}],"replies":[{"embeddable":true,"href":"https:\/\/informacionoficial.mendoza.gob.ar\/produccion\/wp-json\/wp\/v2\/comments?post=1135"}],"version-history":[{"count":12,"href":"https:\/\/informacionoficial.mendoza.gob.ar\/produccion\/wp-json\/wp\/v2\/pages\/1135\/revisions"}],"predecessor-version":[{"id":2709,"href":"https:\/\/informacionoficial.mendoza.gob.ar\/produccion\/wp-json\/wp\/v2\/pages\/1135\/revisions\/2709"}],"wp:attachment":[{"href":"https:\/\/informacionoficial.mendoza.gob.ar\/produccion\/wp-json\/wp\/v2\/media?parent=1135"}],"curies":[{"name":"wp","href":"https:\/\/api.w.org\/{rel}","templated":true}]}}