{"id":1150,"date":"2025-08-06T06:51:15","date_gmt":"2025-08-06T04:51:15","guid":{"rendered":"https:\/\/informacionoficial.mendoza.gob.ar\/produccion\/?page_id=1150"},"modified":"2025-08-14T16:41:56","modified_gmt":"2025-08-14T14:41:56","slug":"refuerza-mendoza","status":"publish","type":"page","link":"https:\/\/informacionoficial.mendoza.gob.ar\/produccion\/refuerza-mendoza\/","title":{"rendered":"Refuerza Mendoza"},"content":{"rendered":"<p>[et_pb_section fb_built=\u00bb1&#8243; _builder_version=\u00bb4.27.4&#8243; _module_preset=\u00bbdefault\u00bb global_colors_info=\u00bb{}\u00bb][et_pb_row _builder_version=\u00bb4.27.4&#8243; _module_preset=\u00bbdefault\u00bb global_colors_info=\u00bb{}\u00bb][et_pb_column type=\u00bb4_4&#8243; _builder_version=\u00bb4.27.4&#8243; _module_preset=\u00bbdefault\u00bb global_colors_info=\u00bb{}\u00bb][et_pb_post_title meta=\u00bboff\u00bb featured_image=\u00bboff\u00bb _builder_version=\u00bb4.27.4&#8243; _module_preset=\u00bbdefault\u00bb title_text_align=\u00bbcenter\u00bb title_text_color=\u00bb#141414&#8243; global_colors_info=\u00bb{}\u00bb][\/et_pb_post_title][\/et_pb_column][\/et_pb_row][et_pb_row _builder_version=\u00bb4.27.4&#8243; _module_preset=\u00bbdefault\u00bb global_colors_info=\u00bb{}\u00bb][et_pb_column type=\u00bb4_4&#8243; _builder_version=\u00bb4.27.4&#8243; _module_preset=\u00bbdefault\u00bb global_colors_info=\u00bb{}\u00bb][et_pb_text _builder_version=\u00bb4.27.4&#8243; _module_preset=\u00bbdefault\u00bb global_colors_info=\u00bb{}\u00bb]<\/p>\n<div class=\"row\">\n<div class=\"col-md-12\">\n<h1><strong style=\"font-size: 14px;color: #666666\"><u>Decreto 1096<\/u><\/strong><\/h1>\n<\/div>\n<\/div>\n<div class=\"row\">\n<article id=\"post-10996\" class=\"post-10996 page type-page status-publish hentry\">\n<div class=\"col-md-10\">\n<p><strong>\u00bfQu\u00e9 es?<\/strong><\/p>\n<p>Es un Programa que tiene por objeto propender a la recuperaci\u00f3n, desarrollo y formaci\u00f3n profesionalizante de actividades laborales productivas, amenazadas o impedidas en su realizaci\u00f3n por fen\u00f3menos clim\u00e1ticos; a trav\u00e9s de una l\u00ednea de asistencia econ\u00f3mica. En esta oportunidad se comprende a aquellas actividades alcanzadas por el Decreto\u00a0 43\/2025 del Ministerio de Producci\u00f3n, que declara el Estado de Emergencia y\/o Desastre Agropecuario.<\/p>\n<p><strong>\u00bfC\u00f3mo funciona?<\/strong><\/p>\n<ul>\n<li>Para las postulaciones s\u00f3lo podr\u00e1n ser trabajadores bajo relaci\u00f3n de dependencia, el l\u00edmite de participantes a incorporar es de hasta 60 trabajadores por Unidad Productiva bajo Modalidad 08, 110 o 112, siempre que dicha Unidad posea una superficie total de 60 hect\u00e1reas.<\/li>\n<li>Las postulaciones deber\u00e1n ser presentadas por la Unidad Productiva, una sola postulaci\u00f3n por CUIT, mediante Sistema Tickets, y toda la documentaci\u00f3n deber\u00e1 encontrarse completa, legible y vigente.<\/li>\n<li>Una vez aprobado el proyecto por la autoridad competente, bajo ninguna circunstancia se permitir\u00e1 el reemplazo de un o una participante. S\u00f3lo se aceptar\u00e1n bajas debidamente informadas.<\/li>\n<li>La liquidaci\u00f3n se har\u00e1 efectiva de forma mensual, bancarizada a la titularidad de cada persona f\u00edsica individual participante en el Programa, quien deber\u00e1 informar CBU (no CVU) propio vigente.<\/li>\n<\/ul>\n<p><strong>Duraci\u00f3n, modalidades de contrataci\u00f3n e incentivo<\/strong><\/p>\n<p>Refuerza Mendoza tiene una duraci\u00f3n de 3 meses, SIN posibilidad de extenderlo.<\/p>\n<p>El incentivo a percibir por los\/as trabajadores\/as que ya pertenezcan a las Unidades Productivas, y cuenten con Modalidad de Contrataci\u00f3n 08, 110 o 112, ser\u00e1 el equivalente al 60% del Salario M\u00ednimo, Vital y M\u00f3vil vigente en cada uno de los 3 meses de duraci\u00f3n del Programa<\/p>\n<\/div>\n<\/article>\n<\/div>\n<p>[\/et_pb_text][\/et_pb_column][\/et_pb_row][\/et_pb_section][et_pb_section fb_built=\u00bb1&#8243; admin_label=\u00bbFeatures\u00bb _builder_version=\u00bb4.27.4&#8243; _module_preset=\u00bbdefault\u00bb background_color=\u00bbgcid-b6c4f12c-f25d-4f61-9fb1-6e96404634cd\u00bb locked=\u00bboff\u00bb global_colors_info=\u00bb{%22gcid-b6c4f12c-f25d-4f61-9fb1-6e96404634cd%22:%91%22background_color%22%93}\u00bb][et_pb_row _builder_version=\u00bb4.27.4&#8243; _module_preset=\u00bbdefault\u00bb global_colors_info=\u00bb{}\u00bb][et_pb_column type=\u00bb4_4&#8243; _builder_version=\u00bb4.27.4&#8243; _module_preset=\u00bbdefault\u00bb global_colors_info=\u00bb{}\u00bb][et_pb_blurb title=\u00bbInscripci\u00f3n\u00bb url=\u00bbhttps:\/\/ticketsform.mendoza.gov.ar\/ticketsform\/com.tickets.responderformulario?PROGRAMA_UNIDADES_PRODUCTIVAS\u00bb use_icon=\u00bbon\u00bb font_icon=\u00bb&#xf05a;||fa||900&#8243; icon_color=\u00bb#FFFFFF\u00bb image_icon_width=\u00bb72px\u00bb _builder_version=\u00bb4.27.4&#8243; _module_preset=\u00bbdefault\u00bb header_text_align=\u00bbcenter\u00bb header_text_color=\u00bb#FFFFFF\u00bb background_color=\u00bb#000F9F\u00bb custom_padding=\u00bb1em|1em|1em|1em|true|true\u00bb border_radii=\u00bbon|15px|15px|15px|15px\u00bb box_shadow_style=\u00bbpreset3&#8243; locked=\u00bboff\u00bb global_colors_info=\u00bb{}\u00bb][\/et_pb_blurb][et_pb_text _builder_version=\u00bb4.27.4&#8243; _module_preset=\u00bbdefault\u00bb global_colors_info=\u00bb{}\u00bb]<\/p>\n<div class=\"row\">\n<article id=\"post-10996\" class=\"post-10996 page type-page status-publish hentry\">\n<div class=\"col-md-10\">\n<p>&nbsp;<\/p>\n<p><strong>Inscripciones:<\/strong><\/p>\n<p>Las inscripciones deber\u00e1n realizarse del 27 de mayo de 2025 hasta 10 d\u00edas corridos.<\/p>\n<div class=\"widget table-list striped\"><\/div>\n<p><strong>Requisitos Para Unidades Productivas participantes<\/strong><\/p>\n<ul>\n<li>De hasta 60 hect\u00e1reas de superficie total por Unidad Productiva.<\/li>\n<li>Constancia de Inscripci\u00f3n en ARCA de la Unidad Productiva, emitida el mes anterior a la postulaci\u00f3n al Programa.<\/li>\n<li>Encontrarse, la unidad productiva, radicada en la Provincia de Mendoza.<\/li>\n<li>Presentar Constancia de Cumplimiento Fiscal de ATM.<\/li>\n<li>Adjuntar Constancia Oficial en donde se indique el porcentaje de da\u00f1o de la Unidad Productividad.<\/li>\n<li>Acta Constitutiva de la Raz\u00f3n Social en donde se indiquen los miembros de la misma.<\/li>\n<li>Constancias de RUT bajo el mismo CUIT de la Raz\u00f3n Social (Hasta 60 hect\u00e1reas de superficie total por Unidad Productiva)<\/li>\n<li>F931 de ARCA de la Raz\u00f3n Social, emitida el mes anterior a la postulaci\u00f3n al Programa (hasta 60 trabajadores bajo la modalidad estipulada)<\/li>\n<li>N\u00f3mina Completa de la Raz\u00f3n Social, emitida el mes anterior a la postulaci\u00f3n al Programa (hasta 60 trabajadores bajo la modalidad estipulada)<\/li>\n<li><strong>Se encuentran excluidas aquellas unidades productivas que hayan participado del fondo compensador.<\/strong><\/li>\n<\/ul>\n<p><strong>Requisitos para Trabajadores de Unidades Productivas<\/strong><\/p>\n<ul>\n<li>Participantes trabajadores o trabajadoras registradas (s\u00f3lo podr\u00e1n ser postulados a trav\u00e9s de unidades productivas):<\/li>\n<li>Ser mayor de 18 a\u00f1os.<\/li>\n<li>Residentes en la Provincia de Mendoza.<\/li>\n<li>Ser presentado por el due\u00f1o, responsable o apoderado legal de la unidad productiva que denuncie la contingencia clim\u00e1tica.<\/li>\n<li>Copia del \u00faltimo bono de sueldo.<\/li>\n<li>Ser titular de un CBU (no CVU).<\/li>\n<li>Adjuntar Copia de Alta en n\u00f3mina bajo la modalidad 08, 110 o 112<\/li>\n<\/ul>\n<p><strong>La misma persona s\u00f3lo podr\u00e1 percibir un \u00fanico est\u00edmulo econ\u00f3mico al mes durante el per\u00edodo que dure su inclusi\u00f3n en el Programa.<\/strong><\/p>\n<p><strong>Control Mensual<\/strong><\/p>\n<p>El control mensual deber\u00e1 presentarse del 1 al 15 de cada mes presentando:<\/p>\n<ul>\n<li>N\u00f3mina de Empleados<\/li>\n<li>Bono de Sueldo descontando el 60% del Salario M\u00ednimo Vital y M\u00f3vil a trav\u00e9s del Decreto 1096\/25<\/li>\n<\/ul>\n<figure class=\"wp-block-gallery columns-3 is-cropped\">\n<ul class=\"blocks-gallery-grid\"><\/ul>\n<\/figure>\n<\/div>\n<\/article>\n<\/div>\n<p>[\/et_pb_text][et_pb_blurb title=\u00bbControl Mensual\u00bb url=\u00bbhttps:\/\/ticketsform.mendoza.gov.ar\/ticketsform\/com.tickets.responderformulario?PROGR_REFUERZA_MENDOZA_CONTROL_MENSUAL\u00bb use_icon=\u00bbon\u00bb font_icon=\u00bb&#xf05a;||fa||900&#8243; icon_color=\u00bb#FFFFFF\u00bb image_icon_width=\u00bb72px\u00bb _builder_version=\u00bb4.27.4&#8243; _module_preset=\u00bbdefault\u00bb header_text_align=\u00bbcenter\u00bb header_text_color=\u00bb#FFFFFF\u00bb background_color=\u00bb#000F9F\u00bb custom_padding=\u00bb1em|1em|1em|1em|true|true\u00bb border_radii=\u00bbon|15px|15px|15px|15px\u00bb box_shadow_style=\u00bbpreset3&#8243; locked=\u00bboff\u00bb global_colors_info=\u00bb{}\u00bb][\/et_pb_blurb][\/et_pb_column][\/et_pb_row][\/et_pb_section]<\/p>\n","protected":false},"excerpt":{"rendered":"<p>Decreto 1096 \u00bfQu\u00e9 es? Es un Programa que tiene por objeto propender a la recuperaci\u00f3n, desarrollo y formaci\u00f3n profesionalizante de actividades laborales productivas, amenazadas o impedidas en su realizaci\u00f3n por fen\u00f3menos clim\u00e1ticos; a trav\u00e9s de una l\u00ednea de asistencia econ\u00f3mica. En esta oportunidad se comprende a aquellas actividades alcanzadas por el Decreto\u00a0 43\/2025 del Ministerio [&hellip;]<\/p>\n","protected":false},"author":22,"featured_media":0,"parent":0,"menu_order":0,"comment_status":"closed","ping_status":"closed","template":"","meta":{"_et_pb_use_builder":"on","_et_pb_old_content":"","_et_gb_content_width":"","footnotes":""},"class_list":["post-1150","page","type-page","status-publish","hentry"],"_links":{"self":[{"href":"https:\/\/informacionoficial.mendoza.gob.ar\/produccion\/wp-json\/wp\/v2\/pages\/1150","targetHints":{"allow":["GET"]}}],"collection":[{"href":"https:\/\/informacionoficial.mendoza.gob.ar\/produccion\/wp-json\/wp\/v2\/pages"}],"about":[{"href":"https:\/\/informacionoficial.mendoza.gob.ar\/produccion\/wp-json\/wp\/v2\/types\/page"}],"author":[{"embeddable":true,"href":"https:\/\/informacionoficial.mendoza.gob.ar\/produccion\/wp-json\/wp\/v2\/users\/22"}],"replies":[{"embeddable":true,"href":"https:\/\/informacionoficial.mendoza.gob.ar\/produccion\/wp-json\/wp\/v2\/comments?post=1150"}],"version-history":[{"count":3,"href":"https:\/\/informacionoficial.mendoza.gob.ar\/produccion\/wp-json\/wp\/v2\/pages\/1150\/revisions"}],"predecessor-version":[{"id":1318,"href":"https:\/\/informacionoficial.mendoza.gob.ar\/produccion\/wp-json\/wp\/v2\/pages\/1150\/revisions\/1318"}],"wp:attachment":[{"href":"https:\/\/informacionoficial.mendoza.gob.ar\/produccion\/wp-json\/wp\/v2\/media?parent=1150"}],"curies":[{"name":"wp","href":"https:\/\/api.w.org\/{rel}","templated":true}]}}