{"id":1154,"date":"2025-08-06T06:56:55","date_gmt":"2025-08-06T04:56:55","guid":{"rendered":"https:\/\/informacionoficial.mendoza.gob.ar\/produccion\/?page_id=1154"},"modified":"2025-09-30T12:23:04","modified_gmt":"2025-09-30T15:23:04","slug":"pre-enlace-plus","status":"publish","type":"page","link":"https:\/\/informacionoficial.mendoza.gob.ar\/produccion\/pre-enlace-plus\/","title":{"rendered":"Pre-enlace Plus"},"content":{"rendered":"<p>[et_pb_section fb_built=\u00bb1&#8243; _builder_version=\u00bb4.27.4&#8243; _module_preset=\u00bbdefault\u00bb global_colors_info=\u00bb{}\u00bb][et_pb_row column_structure=\u00bb2_5,3_5&#8243; _builder_version=\u00bb4.27.4&#8243; _module_preset=\u00bbdefault\u00bb global_colors_info=\u00bb{}\u00bb][et_pb_column type=\u00bb2_5&#8243; _builder_version=\u00bb4.27.4&#8243; _module_preset=\u00bbdefault\u00bb global_colors_info=\u00bb{}\u00bb][et_pb_image src=\u00bbhttps:\/\/mza-dicaws-portal-uploads-media-prod.s3.us-east-1.amazonaws.com\/informacion-oficial\/uploads\/sites\/17\/2025\/08\/pre-enlace-transparente-700&#215;277-1.png\u00bb title_text=\u00bbpre-enlace-transparente-700&#215;277&#8243; _builder_version=\u00bb4.27.4&#8243; _module_preset=\u00bbdefault\u00bb global_colors_info=\u00bb{}\u00bb][\/et_pb_image][\/et_pb_column][et_pb_column type=\u00bb3_5&#8243; _builder_version=\u00bb4.27.4&#8243; _module_preset=\u00bbdefault\u00bb global_colors_info=\u00bb{}\u00bb][et_pb_text _builder_version=\u00bb4.27.4&#8243; _module_preset=\u00bbdefault\u00bb hover_enabled=\u00bb0&#8243; global_colors_info=\u00bb{}\u00bb sticky_enabled=\u00bb0&#8243;]<\/p>\n<div class=\"row\">\n<div class=\"col-md-12\">\n<p><strong>Programa Pre Enlace Plus: Formaci\u00f3n Profesionalizante para Perfiles de Alta Demanda<\/strong><\/p>\n<p><strong><span>Objetivos del Programa<\/span><\/strong><\/p>\n<ul>\n<li><span> <\/span><span>Propender a la formaci\u00f3n laboral de recursos humanos altamente calificados, inexistentes en el mercado laboral, con demanda real para la inserci\u00f3n laboral genuina.<\/span><\/li>\n<\/ul>\n<p><strong><span>\u00bfC\u00f3mo se implementa?<\/span><\/strong><\/p>\n<p><span>Este programa es autogestionable. La empresa presenta ante la Coordinaci\u00f3n de Mejora de la Empleabilidad, para su evaluaci\u00f3n, un proyecto de formaci\u00f3n profesionalizante. En dicho proyecto, se justifican las necesidades de toma de personal con perfiles laborales que no se encuentran actualmente en el mercado laboral.<\/span><\/p>\n<p><span>Los proyectos se proponen a trav\u00e9s del Sistema Ticket de la Provincia de Mendoza. Se puede acceder al enlace mediante la p\u00e1gina web del Ministerio de Producci\u00f3n de la Provincia de Mendoza. Una vez en el Sistema Ticket, se podr\u00e1n consultar los requisitos y formularios, as\u00ed como los distintos avances informados a la empresa.<\/span><\/p>\n<\/div>\n<\/div>\n<p>[\/et_pb_text][\/et_pb_column][\/et_pb_row][et_pb_row column_structure=\u00bb1_3,1_3,1_3&#8243; _builder_version=\u00bb4.27.4&#8243; _module_preset=\u00bbdefault\u00bb hover_enabled=\u00bb0&#8243; global_colors_info=\u00bb{}\u00bb sticky_enabled=\u00bb0&#8243;][et_pb_column type=\u00bb1_3&#8243; _builder_version=\u00bb4.27.4&#8243; _module_preset=\u00bbdefault\u00bb link_option_url=\u00bbhttps:\/\/ticketsform.mendoza.gov.ar\/ticketsform\/com.tickets.responderformulario?PROGRAMA_PRE_ENLACE\u00bb hover_enabled=\u00bb0&#8243; global_colors_info=\u00bb{}\u00bb sticky_enabled=\u00bb0&#8243;][et_pb_blurb title=\u00bbInscripci\u00f3n Empresa\u00bb url=\u00bbhttps:\/\/ticketsform.mendoza.gov.ar\/ticketsform\/com.tickets.responderformulario?PROGRAMA_PRE_ENLACE\u00bb use_icon=\u00bbon\u00bb font_icon=\u00bb&#xf05a;||fa||900&#8243; icon_color=\u00bb#FFFFFF\u00bb image_icon_width=\u00bb72px\u00bb _builder_version=\u00bb4.27.4&#8243; _module_preset=\u00bbdefault\u00bb header_text_align=\u00bbcenter\u00bb header_text_color=\u00bb#FFFFFF\u00bb background_color=\u00bb#000F9F\u00bb custom_padding=\u00bb1em|1em|1em|1em|true|true\u00bb border_radii=\u00bbon|15px|15px|15px|15px\u00bb box_shadow_style=\u00bbpreset3&#8243; locked=\u00bboff\u00bb global_colors_info=\u00bb{}\u00bb][\/et_pb_blurb][\/et_pb_column][et_pb_column type=\u00bb1_3&#8243; _builder_version=\u00bb4.27.4&#8243; _module_preset=\u00bbdefault\u00bb link_option_url=\u00bbhttps:\/\/ticketsform.mendoza.gov.ar\/ticketsform\/com.tickets.responderformulario?PROGRAMA_PRE_ENLACE_PLUS\u00bb global_colors_info=\u00bb{}\u00bb][et_pb_blurb title=\u00bbInscripci\u00f3n Persona\u00bb url=\u00bbhttps:\/\/ticketsform.mendoza.gov.ar\/ticketsform\/com.tickets.responderformulario?PROGRAMA_PRE_ENLACE_PLUS\u00bb use_icon=\u00bbon\u00bb font_icon=\u00bb&#xf05a;||fa||900&#8243; icon_color=\u00bb#FFFFFF\u00bb image_icon_width=\u00bb72px\u00bb _builder_version=\u00bb4.27.4&#8243; _module_preset=\u00bbdefault\u00bb header_text_align=\u00bbcenter\u00bb header_text_color=\u00bb#FFFFFF\u00bb background_color=\u00bb#000F9F\u00bb custom_padding=\u00bb1em|1em|1em|1em|true|true\u00bb hover_enabled=\u00bb0&#8243; border_radii=\u00bbon|15px|15px|15px|15px\u00bb box_shadow_style=\u00bbpreset3&#8243; locked=\u00bboff\u00bb global_colors_info=\u00bb{}\u00bb sticky_enabled=\u00bb0&#8243;][\/et_pb_blurb][\/et_pb_column][et_pb_column type=\u00bb1_3&#8243; _builder_version=\u00bb4.27.4&#8243; _module_preset=\u00bbdefault\u00bb global_colors_info=\u00bb{}\u00bb][et_pb_blurb title=\u00bbManual de usuario\u00bb url=\u00bbhttps:\/\/mza-dicaws-portal-uploads-media-prod.s3.amazonaws.com\/informacion-oficial\/uploads\/sites\/17\/2025\/08\/PROGRAMA-PRE-ENLACE-PLUS-2024-MANUAL-DE-USUARIO.pdf\u00bb use_icon=\u00bbon\u00bb font_icon=\u00bb&#xf05a;||fa||900&#8243; icon_color=\u00bb#FFFFFF\u00bb image_icon_width=\u00bb72px\u00bb _builder_version=\u00bb4.27.4&#8243; _module_preset=\u00bbdefault\u00bb header_text_align=\u00bbcenter\u00bb header_text_color=\u00bb#FFFFFF\u00bb background_color=\u00bb#000F9F\u00bb custom_padding=\u00bb1em|1em|1em|1em|true|true\u00bb hover_enabled=\u00bb0&#8243; border_radii=\u00bbon|15px|15px|15px|15px\u00bb box_shadow_style=\u00bbpreset3&#8243; locked=\u00bboff\u00bb global_colors_info=\u00bb{}\u00bb sticky_enabled=\u00bb0&#8243;][\/et_pb_blurb][\/et_pb_column][\/et_pb_row][\/et_pb_section][et_pb_section fb_built=\u00bb1&#8243; admin_label=\u00bbFeatures\u00bb _builder_version=\u00bb4.27.4&#8243; _module_preset=\u00bbdefault\u00bb background_color=\u00bbgcid-b6c4f12c-f25d-4f61-9fb1-6e96404634cd\u00bb locked=\u00bboff\u00bb global_colors_info=\u00bb{%22gcid-b6c4f12c-f25d-4f61-9fb1-6e96404634cd%22:%91%22background_color%22%93}\u00bb][et_pb_row _builder_version=\u00bb4.27.4&#8243; _module_preset=\u00bbdefault\u00bb global_colors_info=\u00bb{}\u00bb][et_pb_column type=\u00bb4_4&#8243; _builder_version=\u00bb4.27.4&#8243; _module_preset=\u00bbdefault\u00bb global_colors_info=\u00bb{}\u00bb][et_pb_text _builder_version=\u00bb4.27.4&#8243; _module_preset=\u00bbdefault\u00bb global_colors_info=\u00bb{}\u00bb]<\/p>\n<p><strong><span>Caracter\u00edsticas de la Formaci\u00f3n<\/span><\/strong><\/p>\n<ul>\n<li><span> <\/span><strong><span>Duraci\u00f3n y Carga Horaria:<\/span><\/strong>\n<ul>\n<li><span> <\/span><span>La duraci\u00f3n de esta etapa de formaci\u00f3n, previa a los Programas Enlace o Enlazados, tendr\u00e1 un plazo m\u00e1ximo de 3 meses, con una posibilidad \u00fanica de pr\u00f3rroga por otros 3 meses.<\/span><\/li>\n<li><span> <\/span><span>Las personas participantes asistir\u00e1n a la capacitaci\u00f3n 2 veces por semana, en jornadas de hasta 4 horas por d\u00eda. La empresa podr\u00e1 coordinar con ellas los d\u00edas y horarios.<\/span><\/li>\n<li><span> <\/span><span>El dictado de la capacitaci\u00f3n podr\u00e1 desarrollarse de lunes a viernes, en la franja horaria de 6 a 22 horas. No se podr\u00e1n realizar capacitaciones durante fines de semana ni feriados.<\/span><\/li>\n<\/ul>\n<\/li>\n<\/ul>\n<p><strong><span>Incentivo Econ\u00f3mico<\/span><\/strong><\/p>\n<p><span>La etapa de formaci\u00f3n profesionalizante PRE-ENLACE PLUS establece un aporte econ\u00f3mico mensual tanto para la empresa como para la persona participante del proyecto. Este aporte es equivalente al 15% del Salario M\u00ednimo Vital y M\u00f3vil (SMVM) por cada mes bajo capacitaci\u00f3n.<\/span><\/p>\n<p><span>Este monto es actualizable de acuerdo con las variaciones que el SMVM tenga a nivel nacional.<\/span><\/p>\n<p><strong><span>Requisitos de Participaci\u00f3n<\/span><\/strong><\/p>\n<p><strong><span>Para Empresas e Instituciones Formadoras<\/span><\/strong><\/p>\n<ul>\n<li><span> <\/span><span>Residencia en Mendoza.<\/span><\/li>\n<li><span> <\/span><span>Presentar un proyecto de capacitaci\u00f3n detallado, con un informe sobre la demanda espec\u00edfica de mano de obra.<\/span><\/li>\n<li><span> <\/span><span>Contar con habilitaci\u00f3n municipal, en caso de ser pertinente.<\/span><\/li>\n<li><span> <\/span><span>Acreditar el pago del seguro de Accidentes Personales.<\/span><\/li>\n<li><span> <\/span><span>No figurar en el Registro P\u00fablico de Empleadores con Sanciones Laborales (REPSAL).<\/span><\/li>\n<li><span> <\/span><span>Cumplimiento fiscal de ATM al d\u00eda.<\/span><\/li>\n<li><span> <\/span><span>Encontrarse constituidas jur\u00eddicamente como:<\/span>\n<ul>\n<li><span> <\/span><span>Sociedad An\u00f3nima (SA), Sociedad An\u00f3nima Simplificada (SAS), Sociedad de Responsabilidad Limitada (SRL).<\/span><\/li>\n<li><span> <\/span><span>Responsables Inscriptos.<\/span><\/li>\n<li><span> <\/span><span><\/span><\/li>\n<li><span> <\/span><span>Monotributistas de Categor\u00eda B en adelante.<\/span><\/li>\n<li><span> <\/span><span>Instituciones formadoras (debidamente constituidas).<\/span><\/li>\n<li><span> <\/span><span>Fundaciones o instituciones educativas, siempre que el proyecto formativo est\u00e9 articulado con empresas demandantes de perfiles laborales espec\u00edficos.<\/span><\/li>\n<\/ul>\n<\/li>\n<\/ul>\n<p><strong><span>Para Personas que Buscan Capacitaci\u00f3n<\/span><\/strong><\/p>\n<ul>\n<li><span> <\/span><span>Personas desocupadas de 18 a 60 a\u00f1os de edad (mujeres) y de 18 a 65 a\u00f1os de edad (varones), con residencia permanente en la provincia de Mendoza.<\/span><\/li>\n<li><span> <\/span><span>Personas con discapacidad que tengan vigente el Certificado \u00danico de Discapacidad (CUD).<\/span><\/li>\n<li><span> <\/span><span>Estar registradas en la Red Provincial de Empleo.<\/span><\/li>\n<li><span> <\/span><span>No percibir Prestaciones previsionales o Seguro de Desempleo, ni estar participando en otro Programa de Empleo o Capacitaci\u00f3n Laboral de \u00edndole provincial o nacional.<\/span><\/li>\n<li><span> <\/span><span>S\u00ed podr\u00e1n participar quienes se encuentren percibiendo pensiones no contributivas, beneficios de la Ley 8910 y Asignaci\u00f3n Universal por Hijo (AUH).<\/span><\/li>\n<li><span> <\/span><span>No ser deudor o deudora alimentaria.<\/span><\/li>\n<\/ul>\n<p><strong>Consultas<\/strong><\/p>\n<ul>\n<li><strong>Consultas Telef\u00f3nicas:<\/strong> 261 7476801<\/li>\n<\/ul>\n<p>[\/et_pb_text][\/et_pb_column][\/et_pb_row][\/et_pb_section][et_pb_section fb_built=\u00bb1&#8243; fullwidth=\u00bbon\u00bb _builder_version=\u00bb4.27.4&#8243; _module_preset=\u00bbdefault\u00bb global_colors_info=\u00bb{}\u00bb][\/et_pb_section]<\/p>\n","protected":false},"excerpt":{"rendered":"<p>Programa Pre Enlace Plus: Formaci\u00f3n Profesionalizante para Perfiles de Alta Demanda Objetivos del Programa Propender a la formaci\u00f3n laboral de recursos humanos altamente calificados, inexistentes en el mercado laboral, con demanda real para la inserci\u00f3n laboral genuina. \u00bfC\u00f3mo se implementa? Este programa es autogestionable. La empresa presenta ante la Coordinaci\u00f3n de Mejora de la Empleabilidad, [&hellip;]<\/p>\n","protected":false},"author":22,"featured_media":0,"parent":0,"menu_order":0,"comment_status":"closed","ping_status":"closed","template":"","meta":{"_et_pb_use_builder":"on","_et_pb_old_content":"","_et_gb_content_width":"","footnotes":""},"class_list":["post-1154","page","type-page","status-publish","hentry"],"_links":{"self":[{"href":"https:\/\/informacionoficial.mendoza.gob.ar\/produccion\/wp-json\/wp\/v2\/pages\/1154","targetHints":{"allow":["GET"]}}],"collection":[{"href":"https:\/\/informacionoficial.mendoza.gob.ar\/produccion\/wp-json\/wp\/v2\/pages"}],"about":[{"href":"https:\/\/informacionoficial.mendoza.gob.ar\/produccion\/wp-json\/wp\/v2\/types\/page"}],"author":[{"embeddable":true,"href":"https:\/\/informacionoficial.mendoza.gob.ar\/produccion\/wp-json\/wp\/v2\/users\/22"}],"replies":[{"embeddable":true,"href":"https:\/\/informacionoficial.mendoza.gob.ar\/produccion\/wp-json\/wp\/v2\/comments?post=1154"}],"version-history":[{"count":11,"href":"https:\/\/informacionoficial.mendoza.gob.ar\/produccion\/wp-json\/wp\/v2\/pages\/1154\/revisions"}],"predecessor-version":[{"id":1994,"href":"https:\/\/informacionoficial.mendoza.gob.ar\/produccion\/wp-json\/wp\/v2\/pages\/1154\/revisions\/1994"}],"wp:attachment":[{"href":"https:\/\/informacionoficial.mendoza.gob.ar\/produccion\/wp-json\/wp\/v2\/media?parent=1154"}],"curies":[{"name":"wp","href":"https:\/\/api.w.org\/{rel}","templated":true}]}}