{"id":1183,"date":"2025-08-06T07:15:03","date_gmt":"2025-08-06T05:15:03","guid":{"rendered":"https:\/\/informacionoficial.mendoza.gob.ar\/produccion\/?page_id=1183"},"modified":"2025-09-29T12:13:22","modified_gmt":"2025-09-29T15:13:22","slug":"enlazados-grandes-inversores","status":"publish","type":"page","link":"https:\/\/informacionoficial.mendoza.gob.ar\/produccion\/enlazados-grandes-inversores\/","title":{"rendered":"Enlazados Grandes Inversores"},"content":{"rendered":"<p>[et_pb_section fb_built=\u00bb1&#8243; _builder_version=\u00bb4.27.4&#8243; _module_preset=\u00bbdefault\u00bb global_colors_info=\u00bb{}\u00bb custom_padding=\u00bb||53px|||\u00bb][et_pb_row _builder_version=\u00bb4.27.4&#8243; _module_preset=\u00bbdefault\u00bb global_colors_info=\u00bb{}\u00bb custom_margin=\u00bb|auto||134px||\u00bb][et_pb_column type=\u00bb4_4&#8243; _builder_version=\u00bb4.27.4&#8243; _module_preset=\u00bbdefault\u00bb global_colors_info=\u00bb{}\u00bb][et_pb_text _builder_version=\u00bb4.27.4&#8243; _module_preset=\u00bbdefault\u00bb global_colors_info=\u00bb{}\u00bb]<\/p>\n<p>Programa Enlazados Grandes Inversiones: Impulso al Empleo a Gran Escala en Mendoza<\/p>\n<p><strong>\u00bfQu\u00e9 es Enlazados Grandes Inversiones?<\/strong><\/p>\n<p>Es una iniciativa del Gobierno de Mendoza que tiene por objetivo reconocer el aporte del sector privado a la generaci\u00f3n de empleo genuino y a la mejora de las condiciones de empleabilidad de las personas en Mendoza. Est\u00e1 dirigido a todas aquellas nuevas empresas que se radiquen en la provincia e incorporen en relaci\u00f3n de dependencia a 51 o m\u00e1s personas trabajadoras.<\/p>\n<ul><\/ul>\n<ul>\n<li>\n<ul>\n<li><\/li>\n<\/ul>\n<\/li>\n<\/ul>\n<p>[\/et_pb_text][\/et_pb_column][\/et_pb_row][et_pb_row _builder_version=\u00bb4.27.4&#8243; _module_preset=\u00bbdefault\u00bb global_colors_info=\u00bb{}\u00bb locked=\u00bboff\u00bb][et_pb_column type=\u00bb4_4&#8243; _builder_version=\u00bb4.27.4&#8243; _module_preset=\u00bbdefault\u00bb global_colors_info=\u00bb{}\u00bb][et_pb_tabs active_tab_background_color=\u00bb#0C71C3&#8243; active_tab_text_color=\u00bb#FFFFFF\u00bb _builder_version=\u00bb4.27.4&#8243; _module_preset=\u00bbdefault\u00bb filter_contrast=\u00bb116%\u00bb hover_enabled=\u00bb0&#8243; border_radii=\u00bbon|15px|15px|15px|15px\u00bb box_shadow_style=\u00bbpreset3&#8243; box_shadow_spread=\u00bb-13px\u00bb box_shadow_color=\u00bbrgba(0,0,0,0.29)\u00bb global_colors_info=\u00bb{}\u00bb sticky_enabled=\u00bb0&#8243;][et_pb_tab title=\u00bbImplementaci\u00f3n\u00bb _builder_version=\u00bb4.27.4&#8243; _module_preset=\u00bbdefault\u00bb global_colors_info=\u00bb{}\u00bb]<\/p>\n<p>&nbsp;<\/p>\n<ul>\n<li>\n<p><strong>Implementaci\u00f3n y Beneficios para Empresas con Grandes Inversiones<\/strong><\/p>\n<p>El Estado Provincial, a trav\u00e9s del Ministerio de Producci\u00f3n, aportar\u00e1 un incentivo por cada persona trabajadora que forme parte de la plantilla de m\u00e1s de 51 nuevas incorporaciones, realizadas bajo la modalidad de contrato por tiempo indeterminado.<\/p>\n<\/li>\n<\/ul>\n<p><span><a href=\"https:\/\/www.mendoza.gov.ar\/wp-content\/uploads\/sites\/23\/2025\/05\/PROGRAMA-ENLACE-MANUAL-DE-USUARIO2025-2.pdf\">\u00abMANUAL DE USUARIO\u00bb<\/a><\/span><\/p>\n<p>[\/et_pb_tab][et_pb_tab title=\u00bbCaracter\u00edsticas del Entrenamiento\u00bb _builder_version=\u00bb4.27.4&#8243; _module_preset=\u00bbdefault\u00bb global_colors_info=\u00bb{}\u00bb]<\/p>\n<p>&nbsp;<\/p>\n<p>&nbsp;<\/p>\n<ul>\n<li><strong>Monto del Incentivo:<\/strong>\n<ul>\n<li>Ser\u00e1 mensual y equivalente al 100% del Salario M\u00ednimo Vital y M\u00f3vil (SMVM) para una jornada laboral de tiempo completo, seg\u00fan lo establecido por el Convenio Colectivo de Trabajo de la actividad econ\u00f3mica declarada.<\/li>\n<li>Para contrataciones cuyas jornadas laborales impliquen una carga horaria laboral equivalente a media jornada (fijada por convenio colectivo de trabajo), el Programa aportar\u00e1 un monto equivalente al 50% del SMVM.<\/li>\n<\/ul>\n<\/li>\n<li><strong>Proceso de Pago:<\/strong>\n<ul>\n<li>La transferencia de fondos por parte de la provincia se realizar\u00e1 de forma directa a cada persona empleada, a mes vencido, mediante dep\u00f3sito bancario.<\/li>\n<li>Las entidades empleadoras deber\u00e1n cubrir el aporte restante para alcanzar los montos salariales establecidos por el convenio colectivo de trabajo para cada rama de actividad.<\/li>\n<li>El aporte estatal se actualizar\u00e1 de acuerdo con las modificaciones del Salario M\u00ednimo Vital y M\u00f3vil, fijadas por el Gobierno nacional.<\/li>\n<\/ul>\n<\/li>\n<li><strong>Duraci\u00f3n del Incentivo:<\/strong> El beneficio ser\u00e1 pagado por un lapso de hasta 12 meses consecutivos, siempre y cuando se d\u00e9 continuidad a la relaci\u00f3n laboral original. Esto se efectiviza una vez que la postulaci\u00f3n empresarial haya superado las instancias evaluatorias a cargo de la Direcci\u00f3n de Empleo y Desarrollo Empresarial y cuente con la aprobaci\u00f3n definitiva de la autoridad competente.<\/li>\n<\/ul>\n<ul>\n<li>\n<ul><\/ul>\n<\/li>\n<\/ul>\n<p>[\/et_pb_tab][et_pb_tab title=\u00bbRequisitos \u00bb _builder_version=\u00bb4.27.4&#8243; _module_preset=\u00bbdefault\u00bb hover_enabled=\u00bb0&#8243; global_colors_info=\u00bb{}\u00bb sticky_enabled=\u00bb0&#8243;]<\/p>\n<p><strong>Requisitos de Participaci\u00f3n<\/strong><\/p>\n<p><strong>Para Empresas<\/strong><\/p>\n<ul>\n<li>Ser una nueva empresa radicada en la provincia de Mendoza que incorpore 51 o m\u00e1s personas trabajadoras en relaci\u00f3n de dependencia.<\/li>\n<li>No figurar en el Registro P\u00fablico de Empleadores con Sanciones Laborales (REPSAL).<\/li>\n<li>Poseer habilitaci\u00f3n municipal pertinente si la actividad principal declarada as\u00ed lo amerita.<\/li>\n<li>Cumplimentar con la tributaci\u00f3n fiscal de tasas provinciales y municipales vigentes.<\/li>\n<li>Poseer domicilio del desarrollo de actividades en la provincia de Mendoza.<\/li>\n<li>Encontrarse constituida jur\u00eddicamente como Sociedad An\u00f3nima, Sociedad An\u00f3nima Simplificada, Sociedad de Responsabilidad Limitada, otras entidades con o sin fines de lucro, ser Responsable Inscripto o Cooperativa.<\/li>\n<li>En caso de ser Monotributista, encontrarse categorizada en la categor\u00eda B o superiores. (Nota: verificar aplicabilidad para empresas de +51 empleados).<\/li>\n<li><strong>Tipos de Empresas:<\/strong> Pueden participar micro, peque\u00f1as, medianas o grandes empresas constituidas jur\u00eddicamente (SA, SRL, SAS, SCS, SC y restantes).<\/li>\n<\/ul>\n<p><strong>Para Personas Trabajadoras Postuladas<\/strong><\/p>\n<ul>\n<li>Personas desocupadas entre 18 y 60 a\u00f1os de edad en el caso de mujeres, y entre 18 y 65 a\u00f1os en el caso de varones (acreditable mediante copia del DNI, pasaporte o documentaci\u00f3n oficial respaldatoria).<\/li>\n<li>Ser residentes de la provincia de Mendoza (acreditable mediante copia del DNI, pasaporte o certificado de residencia emitido por autoridad competente).<\/li>\n<li>Personas con discapacidad: contar con Certificado \u00danico de Discapacidad (CUD) vigente.<\/li>\n<li>Estar registrada en la Red Provincial de Empleo. En caso de no estarlo, el registro se puede realizar a trav\u00e9s del siguiente enlace: <span><a href=\"https:\/\/redprovincialdeempleo.mendoza.gov.ar\/\">RED PROVINCIAL DE EMPLEO<\/a><\/span>.<\/li>\n<li>No figurar en el registro de Deudores Alimentarios (se verifica con Certificaci\u00f3n Negativa de ANSES).<\/li>\n<\/ul>\n<p>[\/et_pb_tab][et_pb_tab title=\u00bbConsultas\u00bb _builder_version=\u00bb4.27.4&#8243; _module_preset=\u00bbdefault\u00bb hover_enabled=\u00bb0&#8243; sticky_enabled=\u00bb0&#8243;]<\/p>\n<p>&nbsp;<\/p>\n<ul>\n<li><strong>Consultas Telef\u00f3nicas:<\/strong> 261 7476801<\/li>\n<\/ul>\n<p>[\/et_pb_tab][\/et_pb_tabs][\/et_pb_column][\/et_pb_row][et_pb_row _builder_version=\u00bb4.27.4&#8243; _module_preset=\u00bbdefault\u00bb][et_pb_column _builder_version=\u00bb4.27.4&#8243; _module_preset=\u00bbdefault\u00bb type=\u00bb4_4&#8243;][et_pb_text _builder_version=\u00bb4.27.4&#8243; _module_preset=\u00bbdefault\u00bb text_font=\u00bb|800|||||||\u00bb header_4_text_color=\u00bb#141414&#8243; global_colors_info=\u00bb{}\u00bb locked=\u00bboff\u00bb]<\/p>\n<h4><strong>Proceso de Inscripci\u00f3n y Gesti\u00f3n<\/strong><\/h4>\n<p>[\/et_pb_text][\/et_pb_column][\/et_pb_row][et_pb_row column_structure=\u00bb1_4,1_4,1_4,1_4&#8243; _builder_version=\u00bb4.27.4&#8243; _module_preset=\u00bbdefault\u00bb global_colors_info=\u00bb{}\u00bb locked=\u00bboff\u00bb][et_pb_column type=\u00bb1_4&#8243; _builder_version=\u00bb4.27.4&#8243; _module_preset=\u00bbdefault\u00bb link_option_url=\u00bbhttps:\/\/forms.gle\/SrCpHwww6K8isgtr5&#8243; global_colors_info=\u00bb{}\u00bb][et_pb_blurb title=\u00bbInscripci\u00f3n Empresas\u00bb url=\u00bbhttps:\/\/ticketsform.mendoza.gov.ar\/ticketsform\/com.tickets.responderformulario?PROG_ENLAZADOS_GINV_EMPRESAS\u00bb use_icon=\u00bbon\u00bb font_icon=\u00bb&#xf05a;||fa||900&#8243; icon_color=\u00bb#FFFFFF\u00bb image_icon_width=\u00bb72px\u00bb _builder_version=\u00bb4.27.4&#8243; _module_preset=\u00bbdefault\u00bb header_text_align=\u00bbcenter\u00bb header_text_color=\u00bb#FFFFFF\u00bb background_color=\u00bb#0C71C3&#8243; custom_padding=\u00bb1em|1em|1em|1em|true|true\u00bb hover_enabled=\u00bb0&#8243; border_radii=\u00bbon|15px|15px|15px|15px\u00bb box_shadow_style=\u00bbpreset3&#8243; global_colors_info=\u00bb{}\u00bb sticky_enabled=\u00bb0&#8243;][\/et_pb_blurb][\/et_pb_column][et_pb_column type=\u00bb1_4&#8243; _builder_version=\u00bb4.27.4&#8243; _module_preset=\u00bbdefault\u00bb global_colors_info=\u00bb{}\u00bb][et_pb_blurb title=\u00bbInscripci\u00f3n Trabajadores\u00bb url=\u00bbhttps:\/\/ticketsform.mendoza.gov.ar\/ticketsform\/com.tickets.responderformulario?PROG_ENLAZADOS_GINV_TRABAJADOR\u00bb use_icon=\u00bbon\u00bb font_icon=\u00bb&#xf05a;||fa||900&#8243; icon_color=\u00bb#FFFFFF\u00bb image_icon_width=\u00bb72px\u00bb _builder_version=\u00bb4.27.4&#8243; _module_preset=\u00bbdefault\u00bb header_text_align=\u00bbcenter\u00bb header_text_color=\u00bb#FFFFFF\u00bb background_color=\u00bb#0C71C3&#8243; custom_padding=\u00bb1em|1em|1em|1em|true|true\u00bb hover_enabled=\u00bb0&#8243; border_radii=\u00bbon|15px|15px|15px|15px\u00bb box_shadow_style=\u00bbpreset3&#8243; global_colors_info=\u00bb{}\u00bb sticky_enabled=\u00bb0&#8243;][\/et_pb_blurb][\/et_pb_column][et_pb_column type=\u00bb1_4&#8243; _builder_version=\u00bb4.27.4&#8243; _module_preset=\u00bbdefault\u00bb global_colors_info=\u00bb{}\u00bb][et_pb_blurb title=\u00bbBajas\u00bb url=\u00bbhttps:\/\/ticketsform.mendoza.gov.ar\/ticketsform\/com.tickets.responderformulario?BAJA_PROGRAMA_ENLAZADOS\u00bb use_icon=\u00bbon\u00bb font_icon=\u00bb&#xf05a;||fa||900&#8243; icon_color=\u00bb#0C71C3&#8243; image_icon_width=\u00bb72px\u00bb _builder_version=\u00bb4.27.4&#8243; _module_preset=\u00bbdefault\u00bb header_text_align=\u00bbcenter\u00bb header_text_color=\u00bb#0C71C3&#8243; background_color=\u00bb#FFFFFF\u00bb custom_padding=\u00bb1em|1em|1em|1em|true|true\u00bb hover_enabled=\u00bb0&#8243; border_radii=\u00bbon|15px|15px|15px|15px\u00bb box_shadow_style=\u00bbpreset3&#8243; global_colors_info=\u00bb{}\u00bb sticky_enabled=\u00bb0&#8243;][\/et_pb_blurb][\/et_pb_column][et_pb_column type=\u00bb1_4&#8243; _builder_version=\u00bb4.27.4&#8243; _module_preset=\u00bbdefault\u00bb global_colors_info=\u00bb{}\u00bb][et_pb_blurb title=\u00bbControl Mensual\u00bb url=\u00bbhttps:\/\/informacionoficial.mendoza.gob.ar\/produccion\/enlazados\/ \u00bb use_icon=\u00bbon\u00bb font_icon=\u00bb&#xf05a;||fa||900&#8243; icon_color=\u00bb#FFFFFF\u00bb image_icon_width=\u00bb72px\u00bb _builder_version=\u00bb4.27.4&#8243; _module_preset=\u00bbdefault\u00bb header_text_align=\u00bbcenter\u00bb header_text_color=\u00bb#FFFFFF\u00bb background_color=\u00bb#000F9F\u00bb custom_padding=\u00bb1em|1em|1em|1em|true|true\u00bb hover_enabled=\u00bb0&#8243; border_radii=\u00bbon|15px|15px|15px|15px\u00bb box_shadow_style=\u00bbpreset3&#8243; global_colors_info=\u00bb{}\u00bb sticky_enabled=\u00bb0&#8243;][\/et_pb_blurb][\/et_pb_column][\/et_pb_row][et_pb_row _builder_version=\u00bb4.27.4&#8243; _module_preset=\u00bbdefault\u00bb][et_pb_column _builder_version=\u00bb4.27.4&#8243; _module_preset=\u00bbdefault\u00bb type=\u00bb4_4&#8243;][et_pb_text _builder_version=\u00bb4.27.4&#8243; _module_preset=\u00bbdefault\u00bb hover_enabled=\u00bb0&#8243; sticky_enabled=\u00bb0&#8243;]<\/p>\n<p><strong>\u00a0Fechas Clave<\/strong><\/p>\n<ul>\n<li><strong>Inscripci\u00f3n para Empresas:<\/strong> El sector privado deber\u00e1 inscribirse a trav\u00e9s de la plataforma Ticket del 1 al 15 de cada mes. (<span><a href=\"https:\/\/ticketsform.mendoza.gov.ar\/ticketsform\/com.tickets.responderformulario?PROG_ENLAZADOS_GINV_EMPRESAS\">INSCRIPCI\u00d3N EMPRESAS ENLAZADOS GRANDES INVERSIONES<\/a><\/span>).<\/li>\n<li><strong>Manual de Usuario:<\/strong> Es obligatorio leer el \u00abMANUAL DE USUARIO para empresas solicitantes\u00bb antes de generar una nueva inscripci\u00f3n. (Sugerencia: enlazar directamente al manual de usuario).<\/li>\n<li><strong>Inscripci\u00f3n para Personas Trabajadoras:<\/strong> El sector privado deber\u00e1 inscribir a los trabajadores registrado a trav\u00e9s de ARCA a trav\u00e9s de la plataforma Ticket del 1 al 15 de cada mes \u00ab<span><a href=\"https:\/\/ticketsform.mendoza.gov.ar\/ticketsform\/com.tickets.responderformulario?PROG_ENLAZADOS_GINV_TRABAJADOR\">Inscripci\u00f3n Trabajadores<\/a><\/span>\u00ab<\/li>\n<li><strong>Gesti\u00f3n del Programa: Bajas, Modificaciones y Control<\/strong><\/li>\n<li><span> <\/span><strong>Bajas y Modificaciones:<\/strong>\n<ul>\n<li><span> <\/span>Solicitud de baja: Fecha l\u00edmite 23 de cada mes. (<span><a href=\"https:\/\/ticketsform.mendoza.gov.ar\/ticketsform\/com.tickets.responderformulario?BAJA_PROGRAMA_ENLAZADOS\">SOLICITUD DE BAJA<\/a><\/span>)<\/li>\n<li><span> <\/span>Solicitud de modificaci\u00f3n: (<span><a href=\"https:\/\/ticketsform.mendoza.gov.ar\/ticketsform\/com.tickets.responderformulario?BAJA_PROGRAMA_ENLAZADOS\">SOLICITUD DE MODIFICACI\u00d3N<\/a><\/span>)<\/li>\n<\/ul>\n<\/li>\n<li><span> <\/span><strong>Control Mensual:<\/strong>\n<ul>\n<li><span> <\/span>Se enviar\u00e1 un correo electr\u00f3nico con un enlace para que cada empresa cargue la documentaci\u00f3n requerida. (<span><a href=\"https:\/\/ticketsform.mendoza.gov.ar\/ticketsform\/servlet\/responderformulario?PROGRAMA_ENLAZADOS_CONTROL_MENSUAL\">CONTROL MENSUAL<\/a><\/span>)<\/li>\n<\/ul>\n<\/li>\n<\/ul>\n<p>[\/et_pb_text][\/et_pb_column][\/et_pb_row][\/et_pb_section]<\/p>\n","protected":false},"excerpt":{"rendered":"<p>Programa Enlazados Grandes Inversiones: Impulso al Empleo a Gran Escala en Mendoza \u00bfQu\u00e9 es Enlazados Grandes Inversiones? Es una iniciativa del Gobierno de Mendoza que tiene por objetivo reconocer el aporte del sector privado a la generaci\u00f3n de empleo genuino y a la mejora de las condiciones de empleabilidad de las personas en Mendoza. Est\u00e1 [&hellip;]<\/p>\n","protected":false},"author":22,"featured_media":0,"parent":0,"menu_order":0,"comment_status":"closed","ping_status":"closed","template":"","meta":{"_et_pb_use_builder":"on","_et_pb_old_content":"","_et_gb_content_width":"","footnotes":""},"class_list":["post-1183","page","type-page","status-publish","hentry"],"_links":{"self":[{"href":"https:\/\/informacionoficial.mendoza.gob.ar\/produccion\/wp-json\/wp\/v2\/pages\/1183","targetHints":{"allow":["GET"]}}],"collection":[{"href":"https:\/\/informacionoficial.mendoza.gob.ar\/produccion\/wp-json\/wp\/v2\/pages"}],"about":[{"href":"https:\/\/informacionoficial.mendoza.gob.ar\/produccion\/wp-json\/wp\/v2\/types\/page"}],"author":[{"embeddable":true,"href":"https:\/\/informacionoficial.mendoza.gob.ar\/produccion\/wp-json\/wp\/v2\/users\/22"}],"replies":[{"embeddable":true,"href":"https:\/\/informacionoficial.mendoza.gob.ar\/produccion\/wp-json\/wp\/v2\/comments?post=1183"}],"version-history":[{"count":11,"href":"https:\/\/informacionoficial.mendoza.gob.ar\/produccion\/wp-json\/wp\/v2\/pages\/1183\/revisions"}],"predecessor-version":[{"id":1971,"href":"https:\/\/informacionoficial.mendoza.gob.ar\/produccion\/wp-json\/wp\/v2\/pages\/1183\/revisions\/1971"}],"wp:attachment":[{"href":"https:\/\/informacionoficial.mendoza.gob.ar\/produccion\/wp-json\/wp\/v2\/media?parent=1183"}],"curies":[{"name":"wp","href":"https:\/\/api.w.org\/{rel}","templated":true}]}}