{"id":1223,"date":"2025-08-06T15:10:09","date_gmt":"2025-08-06T13:10:09","guid":{"rendered":"https:\/\/informacionoficial.mendoza.gob.ar\/produccion\/?page_id=1223"},"modified":"2025-08-14T17:48:44","modified_gmt":"2025-08-14T15:48:44","slug":"capacitacion","status":"publish","type":"page","link":"https:\/\/informacionoficial.mendoza.gob.ar\/produccion\/capacitacion\/","title":{"rendered":"Capacitaci\u00f3n"},"content":{"rendered":"<p>[et_pb_section fb_built=\u00bb1&#8243; admin_label=\u00bbLanding Hero\u00bb _builder_version=\u00bb4.27.4&#8243; background_color=\u00bbrgba(20,20,20,0.78)\u00bb background_image=\u00bbhttps:\/\/mza-dicaws-portal-uploads-media-prod.s3.us-east-1.amazonaws.com\/informacion-oficial\/uploads\/sites\/17\/2025\/07\/LA7_7453-1-scaled-1-e1742850119821.jpg\u00bb background_blend=\u00bbmultiply\u00bb custom_padding=\u00bb100px|0px|100px|0px\u00bb animation_style=\u00bbslide\u00bb animation_direction=\u00bbtop\u00bb animation_intensity_slide=\u00bb2%\u00bb locked=\u00bboff\u00bb global_colors_info=\u00bb{}\u00bb][et_pb_row _builder_version=\u00bb4.16&#8243; custom_margin=\u00bb|||\u00bb custom_padding=\u00bb65px|||||\u00bb custom_width_px=\u00bb1280px\u00bb global_colors_info=\u00bb{}\u00bb][et_pb_column type=\u00bb4_4&#8243; _builder_version=\u00bb4.16&#8243; custom_padding=\u00bb|||\u00bb global_colors_info=\u00bb{}\u00bb custom_padding__hover=\u00bb|||\u00bb][et_pb_text _builder_version=\u00bb4.16&#8243; header_font=\u00bb|on|||\u00bb header_font_size=\u00bb42px\u00bb header_line_height=\u00bb1.3em\u00bb background_layout=\u00bbdark\u00bb custom_padding=\u00bb|||\u00bb header_font_size_last_edited=\u00bboff|desktop\u00bb locked=\u00bboff\u00bb global_colors_info=\u00bb{}\u00bb]<\/p>\n<h1>Capacitaci\u00f3n<\/h1>\n<p>[\/et_pb_text][\/et_pb_column][\/et_pb_row][\/et_pb_section][et_pb_section fb_built=\u00bb1&#8243; admin_label=\u00bbLearn by Doing\u00bb _builder_version=\u00bb4.27.4&#8243; custom_padding=\u00bb100px|0px|100px|0px\u00bb global_colors_info=\u00bb{}\u00bb][et_pb_row column_structure=\u00bb1_2,1_2&#8243; admin_label=\u00bbBuild Your Portfolio\u00bb _builder_version=\u00bb4.27.4&#8243; custom_padding=\u00bb90px|0px|90px|0px\u00bb global_colors_info=\u00bb{}\u00bb][et_pb_column type=\u00bb1_2&#8243; _builder_version=\u00bb4.16&#8243; custom_padding=\u00bb|||\u00bb global_colors_info=\u00bb{}\u00bb custom_padding__hover=\u00bb|||\u00bb][et_pb_image src=\u00bbhttps:\/\/mza-dicaws-portal-uploads-media-prod.s3.us-east-1.amazonaws.com\/informacion-oficial\/uploads\/sites\/17\/2025\/08\/coding-isometric-04.png\u00bb align_tablet=\u00bbcenter\u00bb align_phone=\u00bbcenter\u00bb align_last_edited=\u00bbon|desktop\u00bb _builder_version=\u00bb4.16&#8243; max_width=\u00bb90%\u00bb module_alignment=\u00bbcenter\u00bb animation_style=\u00bbzoom\u00bb animation_direction=\u00bbright\u00bb animation_delay=\u00bb100ms\u00bb animation_intensity_zoom=\u00bb20%\u00bb global_colors_info=\u00bb{}\u00bb][\/et_pb_image][\/et_pb_column][et_pb_column type=\u00bb1_2&#8243; _builder_version=\u00bb4.16&#8243; custom_padding=\u00bb|||\u00bb global_colors_info=\u00bb{}\u00bb custom_padding__hover=\u00bb|||\u00bb][et_pb_image src=\u00bbhttps:\/\/mza-dicaws-portal-uploads-media-prod.s3.us-east-1.amazonaws.com\/informacion-oficial\/uploads\/sites\/17\/2025\/08\/coding-iconArtboard-19-copy-9.jpg\u00bb align_tablet=\u00bbcenter\u00bb align_phone=\u00bbcenter\u00bb align_last_edited=\u00bbon|desktop\u00bb _builder_version=\u00bb4.16&#8243; max_width=\u00bb64px\u00bb animation_style=\u00bbzoom\u00bb locked=\u00bboff\u00bb global_colors_info=\u00bb{}\u00bb][\/et_pb_image][et_pb_text _builder_version=\u00bb4.16&#8243; header_font=\u00bb||||||||\u00bb header_2_font=\u00bb|700|||||||\u00bb header_2_text_color=\u00bb#7272ff\u00bb header_2_font_size=\u00bb36px\u00bb header_2_line_height=\u00bb1.3em\u00bb custom_margin=\u00bb||20px|\u00bb custom_padding=\u00bb2px|||40px||\u00bb animation_style=\u00bbslide\u00bb animation_direction=\u00bbbottom\u00bb animation_intensity_slide=\u00bb10%\u00bb locked=\u00bboff\u00bb global_colors_info=\u00bb{}\u00bb header_font_size__hover=\u00bb30px\u00bb header_font_size__hover_enabled=\u00bb30px\u00bb header_letter_spacing__hover=\u00bb0px\u00bb header_letter_spacing__hover_enabled=\u00bb0px\u00bb header_text_shadow_style__hover=\u00bbnone\u00bb header_text_shadow_style__hover_enabled=\u00bbnone\u00bb header_text_shadow_color__hover=\u00bbrgba(0,0,0,0.4)\u00bb header_text_shadow_color__hover_enabled=\u00bbrgba(0,0,0,0.4)\u00bb]<\/p>\n<h2><span style=\"color: #000f9f\">Capacitaciones<\/span><\/h2>\n<p>[\/et_pb_text][et_pb_divider color=\u00bb#09e1c0&#8243; divider_weight=\u00bb4px\u00bb disabled_on=\u00bbon|on|off\u00bb _builder_version=\u00bb4.16&#8243; background_size=\u00bbinitial\u00bb background_position=\u00bbtop_left\u00bb background_repeat=\u00bbrepeat\u00bb max_width=\u00bb40px\u00bb module_alignment=\u00bbleft\u00bb custom_margin=\u00bb||10px|\u00bb animation_style=\u00bbzoom\u00bb animation_direction=\u00bbleft\u00bb saved_tabs=\u00bball\u00bb locked=\u00bboff\u00bb global_colors_info=\u00bb{}\u00bb][\/et_pb_divider][et_pb_text _builder_version=\u00bb4.16&#8243; text_font=\u00bb||||||||\u00bb text_text_color=\u00bb#8585bd\u00bb text_font_size=\u00bb16px\u00bb text_line_height=\u00bb1.9em\u00bb header_font=\u00bb||||||||\u00bb header_4_font=\u00bb|700|||||||\u00bb header_4_font_size=\u00bb16px\u00bb header_4_line_height=\u00bb1.9em\u00bb animation_style=\u00bbzoom\u00bb animation_intensity_zoom=\u00bb6%\u00bb locked=\u00bboff\u00bb global_colors_info=\u00bb{}\u00bb]<\/p>\n<h4><\/h4>\n<p><span style=\"color: #8585bd\"><b>Esta secci\u00f3n estar\u00e1 habilitada pr\u00f3ximamente con toda la oferta de capacitaciones del Ministerio, actualmente esta en proceso de armado<\/b><\/span><\/p>\n<p>&nbsp;<\/p>\n<p>[\/et_pb_text][\/et_pb_column][\/et_pb_row][\/et_pb_section][et_pb_section fb_built=\u00bb1&#8243; admin_label=\u00bbFAQ\u00bb _builder_version=\u00bb4.16&#8243; custom_padding=\u00bb100px|0px|180px|0px\u00bb global_colors_info=\u00bb{}\u00bb][et_pb_row column_structure=\u00bb1_3,1_3,1_3&#8243; _builder_version=\u00bb4.27.4&#8243; global_colors_info=\u00bb{}\u00bb][et_pb_column type=\u00bb1_3&#8243; _builder_version=\u00bb4.16&#8243; custom_padding=\u00bb|||\u00bb global_colors_info=\u00bb{}\u00bb custom_padding__hover=\u00bb|||\u00bb][et_pb_divider color=\u00bb#09e1c0&#8243; divider_weight=\u00bb4px\u00bb disabled_on=\u00bbon|on|off\u00bb _builder_version=\u00bb4.16&#8243; background_size=\u00bbinitial\u00bb background_position=\u00bbtop_left\u00bb background_repeat=\u00bbrepeat\u00bb max_width=\u00bb40px\u00bb module_alignment=\u00bbleft\u00bb custom_margin=\u00bb||10px|\u00bb animation_style=\u00bbzoom\u00bb animation_direction=\u00bbleft\u00bb saved_tabs=\u00bball\u00bb locked=\u00bboff\u00bb global_colors_info=\u00bb{}\u00bb][\/et_pb_divider][et_pb_text _builder_version=\u00bb4.16&#8243; header_font=\u00bb||||||||\u00bb header_2_font=\u00bb|700|||||||\u00bb header_2_text_color=\u00bb#7272ff\u00bb header_2_font_size=\u00bb36px\u00bb header_2_line_height=\u00bb1.3em\u00bb custom_margin=\u00bb||20px|\u00bb custom_padding=\u00bb2px|||||\u00bb animation_style=\u00bbslide\u00bb animation_direction=\u00bbbottom\u00bb animation_intensity_slide=\u00bb10%\u00bb locked=\u00bboff\u00bb global_colors_info=\u00bb{}\u00bb header_font_size__hover=\u00bb30px\u00bb header_font_size__hover_enabled=\u00bb30px\u00bb header_letter_spacing__hover=\u00bb0px\u00bb header_letter_spacing__hover_enabled=\u00bb0px\u00bb header_text_shadow_style__hover=\u00bbnone\u00bb header_text_shadow_style__hover_enabled=\u00bbnone\u00bb header_text_shadow_color__hover=\u00bbrgba(0,0,0,0.4)\u00bb header_text_shadow_color__hover_enabled=\u00bbrgba(0,0,0,0.4)\u00bb]<\/p>\n<h2><span style=\"color: #000f9f\">Oferta<\/span><\/h2>\n<p>[\/et_pb_text][et_pb_text _builder_version=\u00bb4.27.4&#8243; header_font=\u00bb||||||||\u00bb header_2_font=\u00bb|700|||||||\u00bb header_2_text_color=\u00bb#7272ff\u00bb header_2_font_size=\u00bb36px\u00bb header_2_line_height=\u00bb1.3em\u00bb custom_margin=\u00bb||20px|\u00bb custom_padding=\u00bb2px|||||\u00bb animation_style=\u00bbslide\u00bb animation_direction=\u00bbbottom\u00bb animation_intensity_slide=\u00bb10%\u00bb locked=\u00bboff\u00bb global_colors_info=\u00bb{}\u00bb header_font_size__hover=\u00bb30px\u00bb header_font_size__hover_enabled=\u00bb30px\u00bb header_letter_spacing__hover=\u00bb0px\u00bb header_letter_spacing__hover_enabled=\u00bb0px\u00bb header_text_shadow_style__hover=\u00bbnone\u00bb header_text_shadow_style__hover_enabled=\u00bbnone\u00bb header_text_shadow_color__hover=\u00bbrgba(0,0,0,0.4)\u00bb header_text_shadow_color__hover_enabled=\u00bbrgba(0,0,0,0.4)\u00bb]<\/p>\n<h4 class=\"titulo\" id=\"0\"><span style=\"color: #003366\"><strong>Plataforma educativa gratuita y renovada del Ministerio de Producci\u00f3n Mendoza<\/strong><\/span><\/h4>\n<p><span style=\"color: #003366\"><strong><\/strong><\/span><\/p>\n<p>[\/et_pb_text][et_pb_text _builder_version=\u00bb4.27.4&#8243; header_font=\u00bb||||||||\u00bb header_2_font=\u00bb|700|||||||\u00bb header_2_text_color=\u00bb#7272ff\u00bb header_2_font_size=\u00bb36px\u00bb header_2_line_height=\u00bb1.3em\u00bb custom_margin=\u00bb||20px|\u00bb custom_padding=\u00bb2px|||||\u00bb animation_style=\u00bbslide\u00bb animation_direction=\u00bbbottom\u00bb animation_intensity_slide=\u00bb10%\u00bb hover_enabled=\u00bb0&#8243; locked=\u00bboff\u00bb global_colors_info=\u00bb{}\u00bb header_font_size__hover=\u00bb30px\u00bb header_font_size__hover_enabled=\u00bb30px\u00bb header_letter_spacing__hover=\u00bb0px\u00bb header_letter_spacing__hover_enabled=\u00bb0px\u00bb header_text_shadow_style__hover=\u00bbnone\u00bb header_text_shadow_style__hover_enabled=\u00bbnone\u00bb header_text_shadow_color__hover=\u00bbrgba(0,0,0,0.4)\u00bb header_text_shadow_color__hover_enabled=\u00bbrgba(0,0,0,0.4)\u00bb sticky_enabled=\u00bb0&#8243;]<\/p>\n<p class=\"titulo\" id=\"0\">Estos cursos est\u00e1n dise\u00f1ados para brindarte herramientas pr\u00e1cticas y potenciar tus oportunidades laborales en diferentes sectores.<\/p>\n<p><span style=\"color: #003366\"><strong><\/strong><\/span><\/p>\n<p>[\/et_pb_text][et_pb_button button_url=\u00bbhttps:\/\/ia-enlace.firebaseapp.com\/auth\/login\u00bb button_text=\u00bbInscribite\u00bb _builder_version=\u00bb4.27.4&#8243; _module_preset=\u00bbdefault\u00bb global_colors_info=\u00bb{}\u00bb][\/et_pb_button][\/et_pb_column][et_pb_column type=\u00bb1_3&#8243; _builder_version=\u00bb4.16&#8243; custom_padding=\u00bb|||\u00bb global_colors_info=\u00bb{}\u00bb custom_padding__hover=\u00bb|||\u00bb][et_pb_blurb title=\u00bbEntorno de Capacitaci\u00f3n Enlace 2.0&#8243; url=\u00bbhttps:\/\/informacionoficial.mendoza.gob.ar\/produccion\/entorno-de-capacitacion\/\u00bb use_icon=\u00bbon\u00bb font_icon=\u00bb&#x5c;||divi||400&#8243; icon_color=\u00bb#000F9F\u00bb icon_placement=\u00bbleft\u00bb _builder_version=\u00bb4.27.4&#8243; header_font=\u00bb|on|||\u00bb header_text_color=\u00bb#2e2545&#8243; header_line_height=\u00bb1.5em\u00bb body_text_color=\u00bb#8585bd\u00bb body_line_height=\u00bb1.9em\u00bb custom_margin=\u00bb||0px|\u00bb custom_padding=\u00bb20px||20px|\u00bb animation_style=\u00bbzoom\u00bb animation_direction=\u00bbleft\u00bb animation_intensity_zoom=\u00bb10%\u00bb hover_enabled=\u00bb0&#8243; locked=\u00bboff\u00bb global_colors_info=\u00bb{}\u00bb sticky_enabled=\u00bb0&#8243;]<\/p>\n<p><span><span style=\"color: #00ccff\"><strong>Curso de<\/strong><\/span><br \/><span style=\"color: #00ccff\"><strong>Empleabilidad<\/strong><\/span><br \/>Introducci\u00f3n al mundo digital, que abarca desde la creaci\u00f3n de una cuenta de email, navegaci\u00f3n en internet, hasta el uso de herramientas ofim\u00e1ticas como Word, Excel y PowerPoint.<br \/><\/span><\/p>\n<p>[\/et_pb_blurb][et_pb_blurb title=\u00bbEntorno de Capacitaci\u00f3n Enlace 2.0&#8243; url=\u00bbhttps:\/\/informacionoficial.mendoza.gob.ar\/produccion\/entorno-de-capacitacion\/\u00bb use_icon=\u00bbon\u00bb font_icon=\u00bb&#x5c;||divi||400&#8243; icon_color=\u00bb#000F9F\u00bb icon_placement=\u00bbleft\u00bb _builder_version=\u00bb4.27.4&#8243; header_font=\u00bb|on|||\u00bb header_text_color=\u00bb#2e2545&#8243; header_line_height=\u00bb1.5em\u00bb body_text_color=\u00bb#8585bd\u00bb body_line_height=\u00bb1.9em\u00bb custom_margin=\u00bb||0px|\u00bb custom_padding=\u00bb20px||20px|\u00bb animation_style=\u00bbzoom\u00bb animation_direction=\u00bbleft\u00bb animation_intensity_zoom=\u00bb10%\u00bb hover_enabled=\u00bb0&#8243; locked=\u00bboff\u00bb global_colors_info=\u00bb{}\u00bb sticky_enabled=\u00bb0&#8243;]<\/p>\n<p><span><span style=\"color: #3cb4e5\"><strong>Atenci\u00f3n al P\u00fablico<\/strong><\/span><br \/>Capacitaci\u00f3n en atenci\u00f3n al cliente, resoluci\u00f3n de conflictos y recursos interactivos para mejorar la experiencia del usuario.<br \/><\/span><\/p>\n<p>[\/et_pb_blurb][et_pb_blurb title=\u00bbEntorno de Capacitaci\u00f3n Enlace 2.0&#8243; url=\u00bbhttps:\/\/informacionoficial.mendoza.gob.ar\/produccion\/entorno-de-capacitacion\/\u00bb use_icon=\u00bbon\u00bb font_icon=\u00bb&#x5c;||divi||400&#8243; icon_color=\u00bb#000F9F\u00bb icon_placement=\u00bbleft\u00bb _builder_version=\u00bb4.27.4&#8243; header_font=\u00bb|on|||\u00bb header_text_color=\u00bb#2e2545&#8243; header_line_height=\u00bb1.5em\u00bb body_text_color=\u00bb#8585bd\u00bb body_line_height=\u00bb1.9em\u00bb custom_margin=\u00bb||0px|\u00bb custom_padding=\u00bb20px||20px|\u00bb animation_style=\u00bbzoom\u00bb animation_direction=\u00bbleft\u00bb animation_intensity_zoom=\u00bb10%\u00bb hover_enabled=\u00bb0&#8243; locked=\u00bboff\u00bb global_colors_info=\u00bb{}\u00bb sticky_enabled=\u00bb0&#8243;]<\/p>\n<p><span><span style=\"color: #00ccff\"><strong>Gesti\u00f3n de Dep\u00f3sitos<\/strong><\/span><br \/>Organizaci\u00f3n de inventarios, control en almacenes y simuladores para armado de pedidos en log\u00edstica y dep\u00f3sitos.<br \/><\/span><\/p>\n<p>[\/et_pb_blurb][et_pb_blurb title=\u00bbEntorno de Capacitaci\u00f3n Enlace 2.0&#8243; url=\u00bbhttps:\/\/informacionoficial.mendoza.gob.ar\/produccion\/entorno-de-capacitacion\/\u00bb use_icon=\u00bbon\u00bb font_icon=\u00bb&#x5c;||divi||400&#8243; icon_color=\u00bb#000F9F\u00bb icon_placement=\u00bbleft\u00bb _builder_version=\u00bb4.27.4&#8243; header_font=\u00bb|on|||\u00bb header_text_color=\u00bb#2e2545&#8243; header_line_height=\u00bb1.5em\u00bb body_text_color=\u00bb#8585bd\u00bb body_line_height=\u00bb1.9em\u00bb custom_margin=\u00bb||0px|\u00bb custom_padding=\u00bb20px||20px|\u00bb animation_style=\u00bbzoom\u00bb animation_direction=\u00bbleft\u00bb animation_intensity_zoom=\u00bb10%\u00bb hover_enabled=\u00bb0&#8243; locked=\u00bboff\u00bb global_colors_info=\u00bb{}\u00bb sticky_enabled=\u00bb0&#8243;]<\/p>\n<p><span><span style=\"color: #00ccff\"><strong>Operaci\u00f3n de Drones para Tareas Agr\u00edcolas<\/strong><\/span><br \/>Identificaci\u00f3n de componentes, normativas, aplicaciones en agricultura, gesti\u00f3n de agroqu\u00edmicos, con simuladores para pr\u00e1cticas seguras.<br \/><\/span><\/p>\n<p>[\/et_pb_blurb][\/et_pb_column][et_pb_column type=\u00bb1_3&#8243; _builder_version=\u00bb4.16&#8243; custom_padding=\u00bb|||\u00bb global_colors_info=\u00bb{}\u00bb custom_padding__hover=\u00bb|||\u00bb][et_pb_blurb title=\u00bbEntorno de Capacitaci\u00f3n Enlace 2.0&#8243; url=\u00bbhttps:\/\/informacionoficial.mendoza.gob.ar\/produccion\/entorno-de-capacitacion\/\u00bb use_icon=\u00bbon\u00bb font_icon=\u00bb&#x5c;||divi||400&#8243; icon_color=\u00bb#000F9F\u00bb icon_placement=\u00bbleft\u00bb _builder_version=\u00bb4.27.4&#8243; header_font=\u00bb|on|||\u00bb header_text_color=\u00bb#2e2545&#8243; header_line_height=\u00bb1.5em\u00bb body_text_color=\u00bb#8585bd\u00bb body_line_height=\u00bb1.9em\u00bb custom_margin=\u00bb||0px|\u00bb custom_padding=\u00bb20px||20px|\u00bb animation_style=\u00bbzoom\u00bb animation_direction=\u00bbleft\u00bb animation_intensity_zoom=\u00bb10%\u00bb hover_enabled=\u00bb0&#8243; locked=\u00bboff\u00bb global_colors_info=\u00bb{}\u00bb sticky_enabled=\u00bb0&#8243;]<\/p>\n<p><span><strong><span style=\"color: #00ccff\">Curso de<\/span><\/strong><br \/><strong><span style=\"color: #00ccff\">Alfabetizaci\u00f3n Digital<\/span><\/strong><br \/>Desarrollo de habilidades blandas, confecci\u00f3n de CV, t\u00e9cnicas de b\u00fasqueda de empleo y preparaci\u00f3n para entrevistas laborales.<br \/><\/span><\/p>\n<p>[\/et_pb_blurb][et_pb_blurb title=\u00bbEntorno de Capacitaci\u00f3n Enlace 2.0&#8243; url=\u00bbhttps:\/\/informacionoficial.mendoza.gob.ar\/produccion\/entorno-de-capacitacion\/\u00bb use_icon=\u00bbon\u00bb font_icon=\u00bb&#x5c;||divi||400&#8243; icon_color=\u00bb#000F9F\u00bb icon_placement=\u00bbleft\u00bb _builder_version=\u00bb4.27.4&#8243; header_font=\u00bb|on|||\u00bb header_text_color=\u00bb#2e2545&#8243; header_line_height=\u00bb1.5em\u00bb body_text_color=\u00bb#8585bd\u00bb body_line_height=\u00bb1.9em\u00bb custom_margin=\u00bb||0px|\u00bb custom_padding=\u00bb20px||20px|\u00bb animation_style=\u00bbzoom\u00bb animation_direction=\u00bbleft\u00bb animation_intensity_zoom=\u00bb10%\u00bb hover_enabled=\u00bb0&#8243; locked=\u00bboff\u00bb global_colors_info=\u00bb{}\u00bb sticky_enabled=\u00bb0&#8243;]<\/p>\n<p><span><span style=\"color: #00ccff\"><strong>Operaci\u00f3n de Cajas<\/strong><\/span><br \/>Formaci\u00f3n en el uso seguro de cajas registradoras, aspectos financieros y atenci\u00f3n responsable en el sector comercial.<br \/><\/span><\/p>\n<p>[\/et_pb_blurb][et_pb_blurb title=\u00bbEntorno de Capacitaci\u00f3n Enlace 2.0&#8243; url=\u00bbhttps:\/\/informacionoficial.mendoza.gob.ar\/produccion\/entorno-de-capacitacion\/\u00bb use_icon=\u00bbon\u00bb font_icon=\u00bb&#x5c;||divi||400&#8243; icon_color=\u00bb#000F9F\u00bb icon_placement=\u00bbleft\u00bb _builder_version=\u00bb4.27.4&#8243; header_font=\u00bb|on|||\u00bb header_text_color=\u00bb#2e2545&#8243; header_line_height=\u00bb1.5em\u00bb body_text_color=\u00bb#8585bd\u00bb body_line_height=\u00bb1.9em\u00bb custom_margin=\u00bb||0px|\u00bb custom_padding=\u00bb20px||20px|\u00bb animation_style=\u00bbzoom\u00bb animation_direction=\u00bbleft\u00bb animation_intensity_zoom=\u00bb10%\u00bb hover_enabled=\u00bb0&#8243; locked=\u00bboff\u00bb global_colors_info=\u00bb{}\u00bb sticky_enabled=\u00bb0&#8243;]<\/p>\n<p><span><span style=\"color: #00ccff\"><strong>Gesti\u00f3n de Reuniones y Elaboraci\u00f3n de Informes<\/strong><\/span><br \/>Planificaci\u00f3n, gesti\u00f3n del tiempo, elaboraci\u00f3n de informes y uso de herramientas digitales como Google Calendar, Trello y Evernote.<br \/><\/span><\/p>\n<p>[\/et_pb_blurb][et_pb_blurb title=\u00bbEntorno de Capacitaci\u00f3n Enlace 2.0&#8243; url=\u00bbhttps:\/\/informacionoficial.mendoza.gob.ar\/produccion\/entorno-de-capacitacion\/\u00bb use_icon=\u00bbon\u00bb font_icon=\u00bb&#x5c;||divi||400&#8243; icon_color=\u00bb#000F9F\u00bb icon_placement=\u00bbleft\u00bb _builder_version=\u00bb4.27.4&#8243; header_font=\u00bb|on|||\u00bb header_text_color=\u00bb#2e2545&#8243; header_line_height=\u00bb1.5em\u00bb body_text_color=\u00bb#8585bd\u00bb body_line_height=\u00bb1.9em\u00bb custom_margin=\u00bb||0px|\u00bb custom_padding=\u00bb20px||20px|\u00bb animation_style=\u00bbzoom\u00bb animation_direction=\u00bbleft\u00bb animation_intensity_zoom=\u00bb10%\u00bb hover_enabled=\u00bb0&#8243; locked=\u00bboff\u00bb global_colors_info=\u00bb{}\u00bb sticky_enabled=\u00bb0&#8243;]<\/p>\n<p><span><strong><span style=\"color: #00ccff\">Marketing Digital<\/span><br \/><\/strong>Creaci\u00f3n y gesti\u00f3n de campa\u00f1as en redes sociales, estrategia digital y potenciaci\u00f3n de emprendimientos.<br \/><\/span><\/p>\n<p>[\/et_pb_blurb][et_pb_blurb title=\u00bbEntorno de Capacitaci\u00f3n Enlace 2.0&#8243; url=\u00bbhttps:\/\/informacionoficial.mendoza.gob.ar\/produccion\/entorno-de-capacitacion\/\u00bb use_icon=\u00bbon\u00bb font_icon=\u00bb&#x5c;||divi||400&#8243; icon_color=\u00bb#000F9F\u00bb icon_placement=\u00bbleft\u00bb _builder_version=\u00bb4.27.4&#8243; header_font=\u00bb|on|||\u00bb header_text_color=\u00bb#2e2545&#8243; header_line_height=\u00bb1.5em\u00bb body_text_color=\u00bb#8585bd\u00bb body_line_height=\u00bb1.9em\u00bb custom_margin=\u00bb||0px|\u00bb custom_padding=\u00bb20px||20px|\u00bb animation_style=\u00bbzoom\u00bb animation_direction=\u00bbleft\u00bb animation_intensity_zoom=\u00bb10%\u00bb hover_enabled=\u00bb0&#8243; locked=\u00bboff\u00bb global_colors_info=\u00bb{}\u00bb sticky_enabled=\u00bb0&#8243;]<\/p>\n<p><span><strong><span style=\"color: #00ccff\">Operador de Tractores<\/span><br \/><\/strong>Conocimientos sobre partes del tractor, mantenimiento preventivo, buenas pr\u00e1cticas y pr\u00e1cticas en campo, con simuladores y actividades en terreno.<br \/><\/span><\/p>\n<p>[\/et_pb_blurb][\/et_pb_column][\/et_pb_row][\/et_pb_section]<\/p>\n","protected":false},"excerpt":{"rendered":"<p>Capacitaci\u00f3nCapacitaciones Esta secci\u00f3n estar\u00e1 habilitada pr\u00f3ximamente con toda la oferta de capacitaciones del Ministerio, actualmente esta en proceso de armado &nbsp;OfertaPlataforma educativa gratuita y renovada del Ministerio de Producci\u00f3n Mendoza [&hellip;]<\/p>\n","protected":false},"author":22,"featured_media":0,"parent":0,"menu_order":0,"comment_status":"closed","ping_status":"closed","template":"","meta":{"_et_pb_use_builder":"on","_et_pb_old_content":"","_et_gb_content_width":"","footnotes":""},"class_list":["post-1223","page","type-page","status-publish","hentry"],"_links":{"self":[{"href":"https:\/\/informacionoficial.mendoza.gob.ar\/produccion\/wp-json\/wp\/v2\/pages\/1223","targetHints":{"allow":["GET"]}}],"collection":[{"href":"https:\/\/informacionoficial.mendoza.gob.ar\/produccion\/wp-json\/wp\/v2\/pages"}],"about":[{"href":"https:\/\/informacionoficial.mendoza.gob.ar\/produccion\/wp-json\/wp\/v2\/types\/page"}],"author":[{"embeddable":true,"href":"https:\/\/informacionoficial.mendoza.gob.ar\/produccion\/wp-json\/wp\/v2\/users\/22"}],"replies":[{"embeddable":true,"href":"https:\/\/informacionoficial.mendoza.gob.ar\/produccion\/wp-json\/wp\/v2\/comments?post=1223"}],"version-history":[{"count":18,"href":"https:\/\/informacionoficial.mendoza.gob.ar\/produccion\/wp-json\/wp\/v2\/pages\/1223\/revisions"}],"predecessor-version":[{"id":1343,"href":"https:\/\/informacionoficial.mendoza.gob.ar\/produccion\/wp-json\/wp\/v2\/pages\/1223\/revisions\/1343"}],"wp:attachment":[{"href":"https:\/\/informacionoficial.mendoza.gob.ar\/produccion\/wp-json\/wp\/v2\/media?parent=1223"}],"curies":[{"name":"wp","href":"https:\/\/api.w.org\/{rel}","templated":true}]}}