{"id":1929,"date":"2025-09-26T12:31:51","date_gmt":"2025-09-26T15:31:51","guid":{"rendered":"https:\/\/informacionoficial.mendoza.gob.ar\/produccion\/?page_id=1929"},"modified":"2025-09-26T12:50:04","modified_gmt":"2025-09-26T15:50:04","slug":"heladas","status":"publish","type":"page","link":"https:\/\/informacionoficial.mendoza.gob.ar\/produccion\/heladas\/","title":{"rendered":"Heladas"},"content":{"rendered":"<p>[et_pb_section fb_built=\u00bb1&#8243; theme_builder_area=\u00bbpost_content\u00bb _builder_version=\u00bb4.27.4&#8243; _module_preset=\u00bbdefault\u00bb][et_pb_row _builder_version=\u00bb4.27.4&#8243; _module_preset=\u00bbdefault\u00bb theme_builder_area=\u00bbpost_content\u00bb][et_pb_column _builder_version=\u00bb4.27.4&#8243; _module_preset=\u00bbdefault\u00bb type=\u00bb4_4&#8243; theme_builder_area=\u00bbpost_content\u00bb][et_pb_blurb title=\u00bbHeladas\u00bb image=\u00bbhttps:\/\/mza-dicaws-portal-uploads-media-prod.s3.amazonaws.com\/informacion-oficial\/uploads\/sites\/17\/2025\/09\/contingencias-heladas.jpg\u00bb _builder_version=\u00bb4.27.4&#8243; _module_preset=\u00bbdefault\u00bb theme_builder_area=\u00bbpost_content\u00bb hover_enabled=\u00bb0&#8243; sticky_enabled=\u00bb0&#8243; title_text=\u00bbcontingencias-heladas\u00bb]<\/p>\n<p><strong><span><\/span><\/strong><\/p>\n<p><strong><span>\u00bfCu\u00e1ndo se produce una helada?<\/span><\/strong><\/p>\n<p><span>Una helada ocurre cuando la temperatura baja tanto que el agua dentro de las plantas se congela. Esto da\u00f1a sus tejidos y puede llegar a matar brotes, flores o frutos.<\/span><\/p>\n<p><span>\u00a0<\/span><\/p>\n<p><strong><span>\u00bfQu\u00e9 da\u00f1os provoca?<\/span><\/strong><\/p>\n<p><span>El hielo dentro de las c\u00e9lulas perfora sus paredes y las seca. Los brotes j\u00f3venes y las flores son los m\u00e1s sensibles porque tienen m\u00e1s agua. Las heladas pueden arruinar yemas, flores y frutos en desarrollo, dejando deformaciones o p\u00e9rdidas totales.<\/span><\/p>\n<p><span>\u00a0<\/span><\/p>\n<p><strong><span>\u00bfQu\u00e9 factores influyen?<\/span><\/strong><\/p>\n<p><span>\u00a0<\/span><\/p>\n<p><span>\u00a0Nubes: ayudan a retener el calor y reducen el riesgo.<\/span><\/p>\n<p><span>\u00a0Viento: mezcla el aire fr\u00edo con el m\u00e1s c\u00e1lido y disminuye la posibilidad de helada.<\/span><\/p>\n<p><span>\u00a0Humedad: si el aire est\u00e1 h\u00famedo, la formaci\u00f3n de roc\u00edo o hielo libera calor y protege algo a las plantas; en aire seco, el riesgo es mayor (helada negra).<\/span><\/p>\n<p><span>\u00a0Suelo y vegetaci\u00f3n: el suelo desnudo y h\u00famedo guarda m\u00e1s calor; las malezas o el suelo suelto aumentan el riesgo.<\/span><\/p>\n<p><span>\u00a0<\/span><\/p>\n<p><strong><span>\u00bfC\u00f3mo se pueden prevenir o combatir?<\/span><\/strong><\/p>\n<p><span>\u00a0<\/span><\/p>\n<ol>\n<li><span> Defensa pasiva (prevenci\u00f3n)<\/span><\/li>\n<\/ol>\n<p><span>\u00a0<\/span><\/p>\n<p><span>Elegir bien la zona de cultivo, evitando lugares bajos donde se acumula aire fr\u00edo. Escoger especies o variedades m\u00e1s resistentes (los c\u00edtricos son muy sensibles; el manzano, m\u00e1s resistente).<\/span><\/p>\n<p><span>Orientar bien las hileras, podar de manera que las yemas queden m\u00e1s altas y manejar el suelo (limpio, h\u00famedo, compacto).<\/span><\/p>\n<p><span>Consultar mapas de riesgo de heladas para planificar la producci\u00f3n.<\/span><\/p>\n<p><span>\u00a0<\/span><\/p>\n<ol start=\"2\">\n<li><span> Defensa activa (durante la helada)<\/span><\/li>\n<\/ol>\n<p><span>Se aplican cuando la temperatura ya est\u00e1 bajando:<\/span><\/p>\n<p><span>Aspersi\u00f3n de agua: mantener las plantas mojadas evita que bajen de 0 \u00b0C.<\/span><\/p>\n<p><span>Calefactores o quemadores: se colocan en el campo y aumentan la temperatura unos grados.<\/span><\/p>\n<p><span>Ventiladores o h\u00e9lices: mezclan el aire fr\u00edo con el c\u00e1lido.<\/span><\/p>\n<p><span>Helic\u00f3pteros: cumplen la misma funci\u00f3n, pero son caros.<\/span><\/p>\n<p><span>Otras t\u00e9cnicas: cortinas pl\u00e1sticas, humo, radiadores o combinaciones de las anteriores.<\/span><\/p>\n<p><span>\u00a0<\/span><\/p>\n<p><strong><span>Quema de cubiertas<\/span><\/strong><\/p>\n<p><span>Bajo ninguna circunstancias se deben quemar cubiertas como m\u00e9todo de prevenci\u00f3n. Esta pr\u00e1ctica est\u00e1 prohibida por ley debido a su grave impacto ambiental y de salud. Al generarse la combusti\u00f3n aparecen gases t\u00f3xicos que afectan principalmente el sistema respiratorio, con signos de asma e incluso c\u00e1ncer, tambi\u00e9n causan enfermedades de piel, ojos e inclusive afecciones card\u00edacas.<\/span><\/p>\n<p><span>\u00a0<\/span><\/p>\n<p><span>Por otro lado, el m\u00e9todo no es eficiente, al quemar cubiertas solo crea una densa capa de humo que cubre el aire, pero no eleva la temperatura del suelo lo suficiente como para proteger los cultivos de la helada.<\/span><\/p>\n<p><span><\/span><\/p>\n<table>\n<tbody>\n<tr>\n<td width=\"62\"><strong>Especie<\/strong><\/td>\n<td width=\"93\"><strong>Receso Invernal<\/strong><\/td>\n<td width=\"100\"><strong>Yemas cerradas<\/strong><\/td>\n<td width=\"95\"><strong>Plena floraci\u00f3n<\/strong><\/td>\n<td width=\"127\"><strong>Peque\u00f1os frutos verdes<\/strong><\/td>\n<td width=\"104\"><strong>Fruto 2 cm.<\/strong><\/td>\n<\/tr>\n<tr>\n<td width=\"62\"><strong>Duraznero<\/strong><\/td>\n<td width=\"93\">-26,1\u00b0<\/td>\n<td width=\"100\">-3,9\u00b0<\/td>\n<td width=\"95\">-2,8\u00b0<\/td>\n<td width=\"127\">1,1\u00b0<\/td>\n<td width=\"104\">-3\u00b0<\/td>\n<\/tr>\n<tr>\n<td width=\"62\"><strong>Cerezo<\/strong><\/td>\n<td width=\"93\">-28,9\u00b0<\/td>\n<td width=\"100\">-2,8\u00b0<\/td>\n<td width=\"95\">-2,2\u00b0<\/td>\n<td width=\"127\">1,1\u00b0<\/td>\n<td width=\"104\">-3\u00b0<\/td>\n<\/tr>\n<tr>\n<td width=\"62\"><strong>Peral<\/strong><\/td>\n<td width=\"93\">-28,9\u00b0<\/td>\n<td width=\"100\">-3,9\u00b0<\/td>\n<td width=\"95\">-2,2\u00b0<\/td>\n<td width=\"127\">1,1\u00b0<\/td>\n<td width=\"104\">-4\u00b0<\/td>\n<\/tr>\n<tr>\n<td width=\"62\"><strong>Ciruelo<\/strong><\/td>\n<td width=\"93\">\u00a0<\/td>\n<td width=\"100\">-3.4\u00b0<\/td>\n<td width=\"95\">-2,2\u00b0<\/td>\n<td width=\"127\">1,1\u00b0<\/td>\n<td width=\"104\">-2\u00b0<\/td>\n<\/tr>\n<tr>\n<td width=\"62\"><strong>Manzano <\/strong><\/td>\n<td width=\"93\">\u00a0<\/td>\n<td width=\"100\">-3,9\u00b0<\/td>\n<td width=\"95\">-2,2\u00b0<\/td>\n<td width=\"127\">1,7\u00b0<\/td>\n<td width=\"104\">-4\u00b0<\/td>\n<\/tr>\n<tr>\n<td width=\"62\"><strong>Almendro <\/strong><\/td>\n<td width=\"93\">\u00a0<\/td>\n<td width=\"100\">-3,3\u00b0<\/td>\n<td width=\"95\">-2,7\u00b0<\/td>\n<td width=\"127\">1,1\u00b0<\/td>\n<td width=\"104\">\u00a0<\/td>\n<\/tr>\n<tr>\n<td width=\"62\"><strong>Damasco<\/strong><\/td>\n<td width=\"93\">\u00a0<\/td>\n<td width=\"100\">-3,8\u00b0<\/td>\n<td width=\"95\">-2,2\u00b0<\/td>\n<td width=\"127\">0,5\u00b0<\/td>\n<td width=\"104\">\u00a0<\/td>\n<\/tr>\n<tr>\n<td width=\"62\"><strong>Nogal<\/strong><\/td>\n<td width=\"93\">\u00a0<\/td>\n<td width=\"100\">-1,0\u00b0<\/td>\n<td width=\"95\">0,5\u00b0<\/td>\n<td width=\"127\">\u00a0<\/td>\n<td width=\"104\">\u00a0<\/td>\n<\/tr>\n<tr>\n<td width=\"62\"><strong>Olivo<\/strong><\/td>\n<td width=\"93\">\u00a0<\/td>\n<td width=\"100\">\u00a0<\/td>\n<td width=\"95\">0,5\u00b0<\/td>\n<td width=\"127\">\u00a0<\/td>\n<td width=\"104\">\u00a0<\/td>\n<\/tr>\n<\/tbody>\n<\/table>\n<p>[\/et_pb_blurb][\/et_pb_column][\/et_pb_row][\/et_pb_section][et_pb_section fb_built=\u00bb1&#8243; fullwidth=\u00bbon\u00bb theme_builder_area=\u00bbpost_content\u00bb _builder_version=\u00bb4.27.4&#8243; _module_preset=\u00bbdefault\u00bb][\/et_pb_section]<\/p>\n","protected":false},"excerpt":{"rendered":"<p>\u00bfCu\u00e1ndo se produce una helada? Una helada ocurre cuando la temperatura baja tanto que el agua dentro de las plantas se congela. Esto da\u00f1a sus tejidos y puede llegar a matar brotes, flores o frutos. \u00a0 \u00bfQu\u00e9 da\u00f1os provoca? El hielo dentro de las c\u00e9lulas perfora sus paredes y las seca. Los brotes j\u00f3venes y [&hellip;]<\/p>\n","protected":false},"author":22,"featured_media":0,"parent":0,"menu_order":0,"comment_status":"closed","ping_status":"closed","template":"","meta":{"_et_pb_use_builder":"on","_et_pb_old_content":"","_et_gb_content_width":"","footnotes":""},"class_list":["post-1929","page","type-page","status-publish","hentry"],"_links":{"self":[{"href":"https:\/\/informacionoficial.mendoza.gob.ar\/produccion\/wp-json\/wp\/v2\/pages\/1929","targetHints":{"allow":["GET"]}}],"collection":[{"href":"https:\/\/informacionoficial.mendoza.gob.ar\/produccion\/wp-json\/wp\/v2\/pages"}],"about":[{"href":"https:\/\/informacionoficial.mendoza.gob.ar\/produccion\/wp-json\/wp\/v2\/types\/page"}],"author":[{"embeddable":true,"href":"https:\/\/informacionoficial.mendoza.gob.ar\/produccion\/wp-json\/wp\/v2\/users\/22"}],"replies":[{"embeddable":true,"href":"https:\/\/informacionoficial.mendoza.gob.ar\/produccion\/wp-json\/wp\/v2\/comments?post=1929"}],"version-history":[{"count":6,"href":"https:\/\/informacionoficial.mendoza.gob.ar\/produccion\/wp-json\/wp\/v2\/pages\/1929\/revisions"}],"predecessor-version":[{"id":1938,"href":"https:\/\/informacionoficial.mendoza.gob.ar\/produccion\/wp-json\/wp\/v2\/pages\/1929\/revisions\/1938"}],"wp:attachment":[{"href":"https:\/\/informacionoficial.mendoza.gob.ar\/produccion\/wp-json\/wp\/v2\/media?parent=1929"}],"curies":[{"name":"wp","href":"https:\/\/api.w.org\/{rel}","templated":true}]}}