{"id":2366,"date":"2025-11-26T11:43:55","date_gmt":"2025-11-26T14:43:55","guid":{"rendered":"https:\/\/informacionoficial.mendoza.gob.ar\/produccion\/?page_id=2366"},"modified":"2026-01-19T10:52:26","modified_gmt":"2026-01-19T13:52:26","slug":"bpa-3","status":"publish","type":"page","link":"https:\/\/informacionoficial.mendoza.gob.ar\/produccion\/bpa-3\/","title":{"rendered":"BPA"},"content":{"rendered":"<p>[et_pb_section fb_built=\u00bb1&#8243; admin_label=\u00bbFeatures\u00bb _builder_version=\u00bb4.27.4&#8243; _module_preset=\u00bbdefault\u00bb background_color=\u00bbgcid-b6c4f12c-f25d-4f61-9fb1-6e96404634cd\u00bb locked=\u00bboff\u00bb global_colors_info=\u00bb{%22gcid-b6c4f12c-f25d-4f61-9fb1-6e96404634cd%22:%91%22background_color%22%93}\u00bb][et_pb_row _builder_version=\u00bb4.27.4&#8243; _module_preset=\u00bbdefault\u00bb background_color=\u00bb#FFFFFF\u00bb global_colors_info=\u00bb{}\u00bb][et_pb_column type=\u00bb4_4&#8243; _builder_version=\u00bb4.27.4&#8243; _module_preset=\u00bbdefault\u00bb background_color=\u00bb#000F9F\u00bb custom_padding=\u00bb6px||6px|9px|true|false\u00bb animation_style=\u00bbfade\u00bb global_colors_info=\u00bb{}\u00bb][et_pb_heading title=\u00bbBuenas Pr\u00e1cticas Agr\u00edcolas\u00bb _builder_version=\u00bb4.27.4&#8243; _module_preset=\u00bbdefault\u00bb title_text_color=\u00bb#FFFFFF\u00bb custom_padding=\u00bb4px|||||\u00bb border_color_all=\u00bb#FFFFFF\u00bb global_colors_info=\u00bb{}\u00bb][\/et_pb_heading][\/et_pb_column][\/et_pb_row][et_pb_row column_structure=\u00bb1_2,1_2&#8243; _builder_version=\u00bb4.27.4&#8243; _module_preset=\u00bbdefault\u00bb global_colors_info=\u00bb{}\u00bb][et_pb_column type=\u00bb1_2&#8243; _builder_version=\u00bb4.27.4&#8243; _module_preset=\u00bbdefault\u00bb global_colors_info=\u00bb{}\u00bb][et_pb_image src=\u00bbhttps:\/\/mza-dicaws-portal-uploads-media-prod.s3.amazonaws.com\/informacion-oficial\/uploads\/sites\/17\/2025\/11\/BPA-1.jpeg\u00bb title_text=\u00bbBPA\u00bb _builder_version=\u00bb4.27.4&#8243; _module_preset=\u00bbdefault\u00bb global_colors_info=\u00bb{}\u00bb][\/et_pb_image][\/et_pb_column][et_pb_column type=\u00bb1_2&#8243; _builder_version=\u00bb4.27.4&#8243; _module_preset=\u00bbdefault\u00bb global_colors_info=\u00bb{}\u00bb][et_pb_accordion _builder_version=\u00bb4.27.4&#8243; _module_preset=\u00bbdefault\u00bb global_colors_info=\u00bb{}\u00bb][et_pb_accordion_item title=\u00bbBPA\u00bb open=\u00bbon\u00bb _builder_version=\u00bb4.27.4&#8243; _module_preset=\u00bbdefault\u00bb global_colors_info=\u00bb{}\u00bb]<\/p>\n<p><span>Se trata de un <strong>conjunto de principios, normas y recomendaciones t\u00e9cnicas<\/strong> aplicadas en la producci\u00f3n, procesamiento y transporte de alimentos de origen agr\u00edcola, con el objetivo de:<\/span><\/p>\n<ul>\n<li><strong><span>Garantizar la inocuidad de los alimentos<\/span><\/strong><span> (que sean seguros para el consumo).<\/span><\/li>\n<li><strong><span>Proteger el ambiente<\/span><\/strong><span> y los recursos naturales (suelo, agua, biodiversidad).<\/span><\/li>\n<li><strong><span>Cuidar la salud y el bienestar de los trabajadores rurales.<\/span><\/strong><\/li>\n<li><strong><span>Asegurar la trazabilidad y la calidad<\/span><\/strong><span> de los productos agr\u00edcolas.<\/span><\/li>\n<\/ul>\n<p><span>En resumen, las BPA buscan lograr una <strong>producci\u00f3n responsable, sostenible y segura<\/strong>, equilibrando la rentabilidad con el respeto por las personas y el entorno.<\/span><\/p>\n<p><span>Auto-evaluaci\u00f3n BPA: <a href=\"https:\/\/marcosamontoya.github.io\/bpamendoza.github.io\/\">https:\/\/marcosamontoya.github.io\/bpamendoza.github.io\/<\/a> <\/span><\/p>\n<p>[\/et_pb_accordion_item][\/et_pb_accordion][\/et_pb_column][\/et_pb_row][\/et_pb_section][et_pb_section fb_built=\u00bb1&#8243; admin_label=\u00bbFeatures\u00bb _builder_version=\u00bb4.27.4&#8243; _module_preset=\u00bbdefault\u00bb background_color=\u00bbgcid-b6c4f12c-f25d-4f61-9fb1-6e96404634cd\u00bb global_colors_info=\u00bb{%22gcid-b6c4f12c-f25d-4f61-9fb1-6e96404634cd%22:%91%22background_color%22%93}\u00bb locked=\u00bboff\u00bb][et_pb_row _builder_version=\u00bb4.27.4&#8243; _module_preset=\u00bbdefault\u00bb background_color=\u00bb#FFFFFF\u00bb global_colors_info=\u00bb{}\u00bb][et_pb_column type=\u00bb4_4&#8243; _builder_version=\u00bb4.27.4&#8243; _module_preset=\u00bbdefault\u00bb background_color=\u00bb#000F9F\u00bb custom_padding=\u00bb6px||6px|9px|true|false\u00bb animation_style=\u00bbfade\u00bb global_colors_info=\u00bb{}\u00bb][et_pb_heading title=\u00bbBuenas Pr\u00e1cticas Agr\u00edcolas\u00bb _builder_version=\u00bb4.27.4&#8243; _module_preset=\u00bbdefault\u00bb title_text_color=\u00bb#FFFFFF\u00bb custom_padding=\u00bb5px|||||\u00bb border_color_all=\u00bb#FFFFFF\u00bb global_colors_info=\u00bb{}\u00bb][\/et_pb_heading][\/et_pb_column][\/et_pb_row][et_pb_row column_structure=\u00bb1_3,1_3,1_3&#8243; _builder_version=\u00bb4.27.4&#8243; _module_preset=\u00bbdefault\u00bb locked=\u00bboff\u00bb global_colors_info=\u00bb{}\u00bb][et_pb_column type=\u00bb1_3&#8243; _builder_version=\u00bb4.27.4&#8243; _module_preset=\u00bbdefault\u00bb link_option_url=\u00bbhttps:\/\/www.mendoza.gov.ar\/economia\/enlace\/\u00bb global_colors_info=\u00bb{}\u00bb][et_pb_blurb title=\u00bbMANEJO DE SUELOS\u00bb url=\u00bbhttps:\/\/www.mendoza.gov.ar\/economia\/cultivos\/\u00bb use_icon=\u00bbon\u00bb font_icon=\u00bb&#xf722;||fa||900&#8243; icon_color=\u00bb#FFFFFF\u00bb image_icon_width=\u00bb72px\u00bb _builder_version=\u00bb4.27.4&#8243; _module_preset=\u00bbdefault\u00bb header_text_align=\u00bbcenter\u00bb header_text_color=\u00bb#FFFFFF\u00bb background_color=\u00bb#C8A977&#8243; custom_padding=\u00bb1em|1em|1em|1em|true|true\u00bb border_radii=\u00bbon|15px|15px|15px|15px\u00bb box_shadow_style=\u00bbpreset3&#8243; global_colors_info=\u00bb{}\u00bb][\/et_pb_blurb][et_pb_accordion _builder_version=\u00bb4.27.4&#8243; _module_preset=\u00bbdefault\u00bb global_colors_info=\u00bb{}\u00bb][et_pb_accordion_item title=\u00bb\u00bfDe que trata?\u00bb open=\u00bboff\u00bb _builder_version=\u00bb4.27.4&#8243; _module_preset=\u00bbdefault\u00bb global_colors_info=\u00bb{}\u00bb]<\/p>\n<p><span>Se trata de un <strong>conjunto de principios, normas y recomendaciones t\u00e9cnicas<\/strong> aplicadas en la producci\u00f3n, procesamiento y transporte de alimentos de origen agr\u00edcola, con el objetivo de:<\/span><\/p>\n<ul>\n<li><strong><span>Garantizar la inocuidad de los alimentos<\/span><\/strong><span> (que sean seguros para el consumo).<\/span><\/li>\n<li><strong><span>Proteger el ambiente<\/span><\/strong><span> y los recursos naturales (suelo, agua, biodiversidad).<\/span><\/li>\n<li><strong><span>Cuidar la salud y el bienestar de los trabajadores rurales.<\/span><\/strong><\/li>\n<li><strong><span>Asegurar la trazabilidad y la calidad<\/span><\/strong><span> de los productos agr\u00edcolas.<\/span><\/li>\n<\/ul>\n<p><span>En resumen, las BPA buscan lograr una <strong>producci\u00f3n responsable, sostenible y segura<\/strong>, equilibrando la rentabilidad con el respeto por las personas y el entorno.<\/span><\/p>\n<p>[\/et_pb_accordion_item][et_pb_accordion_item title=\u00bbObjetivos\u00bb _builder_version=\u00bb4.27.4&#8243; _module_preset=\u00bbdefault\u00bb global_colors_info=\u00bb{}\u00bb open=\u00bboff\u00bb]<\/p>\n<p>Estas pr\u00e1cticas incluyen la rotaci\u00f3n de cultivos, el uso adecuado de fertilizantes, el control de la erosi\u00f3n, la incorporaci\u00f3n de materia org\u00e1nica, el riego eficiente y el uso de t\u00e9cnicas que favorezcan la biodiversidad del suelo.<\/p>\n<p>Toda la informaci\u00f3n para la correcta aplicaci\u00f3n de productos fitosanitarios se encuentra en el siguiente material<\/p>\n<p><a href=\"https:\/\/mza-dicaws-portal-uploads-media-prod.s3.amazonaws.com\/informacion-oficial\/uploads\/sites\/17\/2025\/08\/Direccion-de-Agricultura-fertilizantesyenmiendasorganicas.pdf\">Fertilizantes y enmiendas organicas<\/a><\/p>\n<p><a href=\"https:\/\/mza-dicaws-portal-uploads-media-prod.s3.amazonaws.com\/informacion-oficial\/uploads\/sites\/17\/2025\/08\/Direccion-de-Agricultura-suelosustratosycultivosinsuelo.pdf\">Suelosustratos y cultivos insuelo<\/a><\/p>\n<p>&nbsp;<\/p>\n<p>[\/et_pb_accordion_item][et_pb_accordion_item title=\u00bbHerramientas\u00bb _builder_version=\u00bb4.27.4&#8243; _module_preset=\u00bbdefault\u00bb global_colors_info=\u00bb{}\u00bb open=\u00bbon\u00bb]<\/p>\n<p><span>Le ofrecemos la siguiente herramienta: un formulario de autoevaluaci\u00f3n que permite obtener un porcentaje orientativo sobre el grado de cumplimiento de las <strong>Buenas Pr\u00e1cticas Agr\u00edcolas (BPA)<\/strong>. Esta herramienta le ayudar\u00e1 al productor a evaluar, de manera general y sencilla, el estado actual de sus pr\u00e1cticas productivas.<\/p>\n<p><a href=\"https:\/\/marcosamontoya.github.io\/bpamendoza.github.io\/%20\u00a0\u00a0\">Autoevaluaci\u00f3n de Buenas Pr\u00e1cticas Agr\u00edcolas<\/a><br \/><\/span><\/p>\n<p>Poner como Material Formativo lo que est\u00e1 en el drive en aparte\u00a0 que dice <a href=\"https:\/\/drive.google.com\/drive\/folders\/144hOEXpbs2rkIRBbdnPNqblzb_klu0eg?usp=drive_link\">CUADERNO DE CAMPO<\/a><\/p>\n<p>&nbsp;<\/p>\n<p>[\/et_pb_accordion_item][\/et_pb_accordion][\/et_pb_column][et_pb_column type=\u00bb1_3&#8243; _builder_version=\u00bb4.27.4&#8243; _module_preset=\u00bbdefault\u00bb link_option_url=\u00bbhttps:\/\/www.mendoza.gov.ar\/economia\/enlazados\/\u00bb global_colors_info=\u00bb{}\u00bb][et_pb_blurb title=\u00bbAPLICACIONES\u00bb use_icon=\u00bbon\u00bb font_icon=\u00bb&#xf5bd;||fa||900&#8243; icon_color=\u00bb#FFFFFF\u00bb image_icon_width=\u00bb72px\u00bb _builder_version=\u00bb4.27.4&#8243; _module_preset=\u00bbdefault\u00bb header_text_align=\u00bbcenter\u00bb header_text_color=\u00bb#FFFFFF\u00bb background_color=\u00bb#0C71C3&#8243; custom_padding=\u00bb1em|1em|1em|1em|true|true\u00bb border_radii=\u00bbon|15px|15px|15px|15px\u00bb box_shadow_style=\u00bbpreset3&#8243; global_colors_info=\u00bb{}\u00bb][\/et_pb_blurb][et_pb_accordion _builder_version=\u00bb4.27.4&#8243; _module_preset=\u00bbdefault\u00bb global_colors_info=\u00bb{}\u00bb][et_pb_accordion_item open=\u00bbon\u00bb _builder_version=\u00bb4.27.4&#8243; _module_preset=\u00bbdefault\u00bb global_colors_info=\u00bb{}\u00bb]<\/p>\n<p>Los productos fitosanitarios son sustancias qu\u00edmicas, biol\u00f3gicas o de origen natural utilizadas en la agricultura para prevenir, controlar o eliminar organismos nocivos que afectan la sanidad de los cultivos, como plagas, enfermedades o malezas.<\/p>\n<p>[\/et_pb_accordion_item][et_pb_accordion_item title=\u00bbAplicaci\u00f3n \u00bb _builder_version=\u00bb4.27.4&#8243; _module_preset=\u00bbdefault\u00bb global_colors_info=\u00bb{}\u00bb open=\u00bboff\u00bb]<\/p>\n<p>Su uso tiene como objetivo proteger las plantas, asegurar el rendimiento agr\u00edcola y garantizar la calidad de los productos obtenidos.<\/p>\n<p>Estos productos incluyen insecticidas, fungicidas, herbicidas, acaricidas, reguladores del crecimiento, entre otros, y deben ser aplicados de forma segura y responsable, cumpliendo con las normativas vigentes, para minimizar riesgos a la salud humana, la fauna ben\u00e9fica y el medio ambiente.<\/p>\n<p>[\/et_pb_accordion_item][et_pb_accordion_item title=\u00bbMaterial\u00bb _builder_version=\u00bb4.27.4&#8243; _module_preset=\u00bbdefault\u00bb global_colors_info=\u00bb{}\u00bb open=\u00bboff\u00bb]<\/p>\n<p>Toda la informaci\u00f3n para la correcta aplicaci\u00f3n de productos fitosanitarios se encuentra en el siguiente material<\/p>\n<p><a href=\"https:\/\/mza-dicaws-portal-uploads-media-prod.s3.amazonaws.com\/informacion-oficial\/uploads\/sites\/17\/2025\/08\/Direccion-de-Agricultura-aplicacionesfitosanitarias.pdf\">Aplicaciones fitosanitarias<\/a><br \/><a href=\"https:\/\/mza-dicaws-portal-uploads-media-prod.s3.amazonaws.com\/informacion-oficial\/uploads\/sites\/17\/2025\/08\/Direccion-de-Agricultura-manejointegradodeplagasypolinizadores.pdf\">Manejo Integrado de Plagas y Polinizadores<\/a><br \/><a href=\"https:\/\/mza-dicaws-portal-uploads-media-prod.s3.amazonaws.com\/informacion-oficial\/uploads\/sites\/17\/2025\/08\/Direccion-de-Agricultura-productosfitosanitarios.pdf\">Productos Fitosanitarios<\/a><\/p>\n<p>&nbsp;<\/p>\n<p>[\/et_pb_accordion_item][\/et_pb_accordion][\/et_pb_column][et_pb_column type=\u00bb1_3&#8243; _builder_version=\u00bb4.27.4&#8243; _module_preset=\u00bbdefault\u00bb global_colors_info=\u00bb{}\u00bb][et_pb_blurb title=\u00bbRIEGO\u00bb use_icon=\u00bbon\u00bb font_icon=\u00bb&#xe005;||fa||900&#8243; icon_color=\u00bb#FFFFFF\u00bb image_icon_width=\u00bb72px\u00bb _builder_version=\u00bb4.27.4&#8243; _module_preset=\u00bbdefault\u00bb header_text_align=\u00bbcenter\u00bb header_text_color=\u00bb#FFFFFF\u00bb background_color=\u00bb#0C71C3&#8243; custom_padding=\u00bb1em|1em|1em|1em|true|true\u00bb border_radii=\u00bbon|15px|15px|15px|15px\u00bb box_shadow_style=\u00bbpreset3&#8243; global_colors_info=\u00bb{}\u00bb][\/et_pb_blurb][et_pb_accordion _builder_version=\u00bb4.27.4&#8243; _module_preset=\u00bbdefault\u00bb global_colors_info=\u00bb{}\u00bb][et_pb_accordion_item title=\u00bb\u00bfDe que trata?\u00bb open=\u00bbon\u00bb _builder_version=\u00bb4.27.4&#8243; _module_preset=\u00bbdefault\u00bb global_colors_info=\u00bb{}\u00bb]<\/p>\n<p><span>Un correcto riego y agua de calidad son fundamentales para garantizar la productividad, la sostenibilidad y la calidad de los cultivos<\/span>.<\/p>\n<p>[\/et_pb_accordion_item][et_pb_accordion_item title=\u00bbObjetivo\u00bb _builder_version=\u00bb4.27.4&#8243; _module_preset=\u00bbdefault\u00bb global_colors_info=\u00bb{}\u00bb open=\u00bboff\u00bb]<\/p>\n<p><span>La importancia de dicha labor tiene como objetivo<\/span><\/p>\n<ul>\n<li>Mejorar el rendimiento y la calidad de los cultivos.<\/li>\n<li>Conservar recursos h\u00eddricos favoreciendo la eficiencia h\u00eddrica y contribuyendo al uso sostenible de este recurso.<\/li>\n<li>Prevenir la erosi\u00f3n y la salinizaci\u00f3n del suelo, preservando la fertilidad y estructura del suelo.<\/li>\n<li>Facilitar la planificaci\u00f3n agr\u00edcola con una mayor precisi\u00f3n.<\/li>\n<\/ul>\n<p>La informaci\u00f3n para un mejor uso del recurso h\u00eddrico se encuentra en el siguiente material<\/p>\n<p><a href=\"https:\/\/mza-dicaws-portal-uploads-media-prod.s3.amazonaws.com\/informacion-oficial\/uploads\/sites\/17\/2025\/08\/Direccion-de-Agricultura-aguaehigiene.pdf\">Agua e\u00a0higiene<\/a><\/p>\n<p><a href=\"https:\/\/mza-dicaws-portal-uploads-media-prod.s3.amazonaws.com\/informacion-oficial\/uploads\/sites\/17\/2025\/08\/Direccion-de-Agricultura-instruccionesparatomademuestradeagua.pdf\">Instrucciones para toma de muestra de agua<\/a><\/p>\n<p>[\/et_pb_accordion_item][\/et_pb_accordion][\/et_pb_column][\/et_pb_row][et_pb_row _builder_version=\u00bb4.27.4&#8243; _module_preset=\u00bbdefault\u00bb global_colors_info=\u00bb{}\u00bb][et_pb_column type=\u00bb4_4&#8243; _builder_version=\u00bb4.27.4&#8243; _module_preset=\u00bbdefault\u00bb background_color=\u00bb#000F9F\u00bb custom_padding=\u00bb6px||6px|9px|true|false\u00bb animation_style=\u00bbfade\u00bb global_colors_info=\u00bb{}\u00bb][et_pb_heading _builder_version=\u00bb4.27.4&#8243; _module_preset=\u00bbdefault\u00bb title_text_color=\u00bb#FFFFFF\u00bb global_colors_info=\u00bb{}\u00bb][\/et_pb_heading][et_pb_heading title=\u00bb Capacitaciones\u00bb _builder_version=\u00bb4.27.4&#8243; _module_preset=\u00bbdefault\u00bb title_text_color=\u00bb#FFFFFF\u00bb global_colors_info=\u00bb{}\u00bb][\/et_pb_heading][et_pb_heading title=\u00bbEntorno de Capacitaci\u00f3n\u00bb _builder_version=\u00bb4.27.4&#8243; _module_preset=\u00bbdefault\u00bb title_level=\u00bbh2&#8243; title_text_color=\u00bb#0C71C3&#8243; custom_padding=\u00bb||0px|||\u00bb global_colors_info=\u00bb{}\u00bb][\/et_pb_heading][et_pb_icon font_icon=\u00bb&#x22;||divi||400&#8243; icon_color=\u00bb#FFFFFF\u00bb icon_width=\u00bb52px\u00bb _builder_version=\u00bb4.27.4&#8243; _module_preset=\u00bbdefault\u00bb animation_style=\u00bbslide\u00bb animation_direction=\u00bbtop\u00bb global_colors_info=\u00bb{}\u00bb][\/et_pb_icon][\/et_pb_column][\/et_pb_row][et_pb_row column_structure=\u00bb1_2,1_2&#8243; _builder_version=\u00bb4.27.4&#8243; _module_preset=\u00bbdefault\u00bb locked=\u00bboff\u00bb global_colors_info=\u00bb{}\u00bb][et_pb_column type=\u00bb1_2&#8243; _builder_version=\u00bb4.27.4&#8243; _module_preset=\u00bbdefault\u00bb global_colors_info=\u00bb{}\u00bb][et_pb_toggle title=\u00bb  BUENAS PRACTICAS AGRICOLAS\u00bb open_toggle_text_color=\u00bb#FFFFFF\u00bb open_toggle_background_color=\u00bb#0C71C3&#8243; closed_toggle_background_color=\u00bb#0C71C3&#8243; icon_color=\u00bb#FFFFFF\u00bb open_icon_color=\u00bb#FFFFFF\u00bb _builder_version=\u00bb4.27.4&#8243; _module_preset=\u00bbdefault\u00bb title_text_color=\u00bb#FFFFFF\u00bb body_text_color=\u00bb#FFFFFF\u00bb background_color=\u00bb#FFFFFF\u00bb border_radii=\u00bbon|15px|15px|15px|15px\u00bb locked=\u00bboff\u00bb global_colors_info=\u00bb{}\u00bb]<\/p>\n<p><span>Las <strong>Buenas Pr\u00e1cticas Agr\u00edcolas (BPA)<\/strong> son un conjunto de t\u00e9cnicas y normas aplicadas en la producci\u00f3n agr\u00edcola para asegurar alimentos seguros, proteger el medio ambiente y garantizar el bienestar de los trabajadores. <\/span><\/p>\n<p><strong><span>Objetivo:<\/span><\/strong><span> Lograr una producci\u00f3n sostenible, eficiente y responsable, minimizando los riesgos para la salud humana y la naturaleza. Incluyen el uso adecuado de agroqu\u00edmicos, el manejo del agua, la higiene en la cosecha y la trazabilidad de los productos.<\/span><\/p>\n<p><strong><span>Preguntas Frecuentes<\/span><\/strong><\/p>\n<p><strong><span><\/span><\/strong><\/p>\n<p><strong><span>\u00bfC\u00d3MO ME INSCRIBO?<\/span><\/strong><\/p>\n<p><span>Pod\u00e9s inscribirte enviando tus datos personales al correo de la Direcci\u00f3n de Agricultura (<strong>direcciondeagricultura@mendoza.gov.ar<\/strong>), incluyendo: nombre y apellido, DNI, departamento de residencia, ocupaci\u00f3n, tel\u00e9fono, correo electr\u00f3nico y capacitaci\u00f3n de inter\u00e9s.<\/span><\/p>\n<p><span><\/span><\/p>\n<p><strong>\u00bfQUI\u00c9NES PUEDEN PARTICIPAR?<\/strong><\/p>\n<p><span>Podr\u00e1n participar todos los mendocinos y mendocinas mayores de 18 a\u00f1os, dedicados a la producci\u00f3n agr\u00edcola, que deseen capacitarse y adquirir conocimientos en pr\u00e1cticas de producci\u00f3n sostenible.<\/span><\/p>\n<p><span><\/span><\/p>\n<p><strong><span>\u00bfC\u00d3MO ES EL PROCESO UNA <\/span><\/strong><strong><span>VEZ INSCRIPTO\/A?<\/span><\/strong><\/p>\n<p><span>Una vez que env\u00ede sus datos al correo oficial de la Direcci\u00f3n de Agricultura (<strong>direcciondeagricultura@mendoza.gov.ar<\/strong>), nos pondremos en contacto a trav\u00e9s de nuestros canales oficiales. Recibir\u00e1 informaci\u00f3n cada vez que se organice una capacitaci\u00f3n de esta tem\u00e1tica en su zona de residencia, utilizando los datos de contacto proporcionados. Le solicitamos mantenerse atento a su correo electr\u00f3nico, que constituye nuestro medio de comunicaci\u00f3n m\u00e1s frecuente.<\/span><\/p>\n<p><span>\u00a0<\/span><\/p>\n<p><strong>\u00bfCU\u00c1LES SON LOS PRINCIPALES EJES DE CONTENIDO?<\/strong><\/p>\n<p><span>Los principales contenidos incluyen: normativas y documentaci\u00f3n necesarias para la implementaci\u00f3n de Buenas Pr\u00e1cticas Agr\u00edcolas (BPA); uso adecuado del cuaderno de campo; aplicaciones fitosanitarias y cuidados esenciales para su correcta ejecuci\u00f3n; uso eficiente del agua; y manejo responsable del recurso suelo<\/span><\/p>\n<p><strong><span><\/span><\/strong><\/p>\n<p>&nbsp;<\/p>\n<p>[\/et_pb_toggle][\/et_pb_column][et_pb_column type=\u00bb1_2&#8243; _builder_version=\u00bb4.27.4&#8243; _module_preset=\u00bbdefault\u00bb global_colors_info=\u00bb{}\u00bb][et_pb_toggle title=\u00bb ENCARGADO DE FINCA\u00bb open_toggle_text_color=\u00bb#FFFFFF\u00bb open_toggle_background_color=\u00bb#0C71C3&#8243; closed_toggle_background_color=\u00bb#0C71C3&#8243; icon_color=\u00bb#FFFFFF\u00bb open_icon_color=\u00bb#FFFFFF\u00bb _builder_version=\u00bb4.27.4&#8243; _module_preset=\u00bbdefault\u00bb title_text_color=\u00bb#FFFFFF\u00bb body_text_color=\u00bb#FFFFFF\u00bb background_color=\u00bb#EFE7B9&#8243; border_radii=\u00bbon|15px|15px|15px|15px\u00bb locked=\u00bboff\u00bb global_colors_info=\u00bb{}\u00bb]<\/p>\n<p><span>Programa de capacitaci\u00f3n especialmente dise\u00f1ado para profesionales del sector agropecuario. La iniciativa busca seguir fortaleciendo las competencias t\u00e9cnicas y de gesti\u00f3n de quienes lideran equipos y dirigen operaciones en fincas de la regi\u00f3n.<\/span><\/p>\n<p><strong><span>Objetivo: <\/span><\/strong><span>Contribuir a la formaci\u00f3n de encargados de cultivos frut\u00edcolas, hort\u00edcolas y vit\u00edcolas mediante herramientas te\u00f3ricas y pr\u00e1cticas para el manejo eficiente y sustentable de explotaciones agr\u00edcolas.<\/span><\/p>\n<p><span>\u00a0<\/span><\/p>\n<p><strong><span>Preguntas Frecuentes<\/span><\/strong><\/p>\n<p><strong><span>\u00bfC\u00d3MO ME INSCRIBO?<\/span><\/strong><\/p>\n<p><span>Pod\u00e9s inscribirte enviando tus datos personales al correo de la Direcci\u00f3n de Agricultura (<strong>direcciondeagricultura@mendoza.gov.ar<\/strong>), incluyendo: nombre y apellido, DNI, departamento de residencia, ocupaci\u00f3n, tel\u00e9fono, correo electr\u00f3nico y capacitaci\u00f3n de inter\u00e9s.<\/span><\/p>\n<p><span><\/span><\/p>\n<p><strong>\u00bfQUI\u00c9NES PUEDEN PARTICIPAR?<\/strong><span><\/span><\/p>\n<p><span>Podr\u00e1n participar todos los mendocinos y mendocinas mayores de 18 a\u00f1os, dedicados a la producci\u00f3n agr\u00edcola, que deseen capacitarse y adquirir conocimientos en pr\u00e1cticas de producci\u00f3n sostenible.<\/span><\/p>\n<p><span><\/span><\/p>\n<p><strong><span>\u00bfC\u00d3MO ES EL PROCESO UNA VEZ INSCRIPTO\/A?<\/span><\/strong><\/p>\n<p>Una vez que env\u00ede sus datos al correo oficial de la Direcci\u00f3n de Agricultura (<strong>direcciondeagricultura@mendoza.gov.ar<\/strong>), nos pondremos en contacto a trav\u00e9s de nuestros canales oficiales. Recibir\u00e1 informaci\u00f3n cada vez que se organice una capacitaci\u00f3n de esta tem\u00e1tica en su zona de residencia, utilizando los datos de contacto proporcionados. Le solicitamos mantenerse atento a su correo electr\u00f3nico, que constituye nuestro medio de comunicaci\u00f3n m\u00e1s frecuente<\/p>\n<p>&nbsp;<\/p>\n<p><strong>\u00bfCU\u00c1LES SON LOS PRINCIPALES EJES DE CONTENIDO?<\/strong><\/p>\n<p><span>Los principales contenidos son: mecanizaci\u00f3n agr\u00edcola, sistemas de riego, manejo de heladas, nutrici\u00f3n vegetal, uso de productos fitosanitarios, normas de calidad, planificaci\u00f3n y elaboraci\u00f3n de presupuestos, comunicaci\u00f3n y trabajo en equipo.<\/span><\/p>\n<p>[\/et_pb_toggle][\/et_pb_column][\/et_pb_row][\/et_pb_section]<\/p>\n","protected":false},"excerpt":{"rendered":"<p>Se trata de un conjunto de principios, normas y recomendaciones t\u00e9cnicas aplicadas en la producci\u00f3n, procesamiento y transporte de alimentos de origen agr\u00edcola, con el objetivo de: Garantizar la inocuidad de los alimentos (que sean seguros para el consumo). Proteger el ambiente y los recursos naturales (suelo, agua, biodiversidad). Cuidar la salud y el bienestar [&hellip;]<\/p>\n","protected":false},"author":22,"featured_media":0,"parent":0,"menu_order":0,"comment_status":"closed","ping_status":"closed","template":"","meta":{"_et_pb_use_builder":"on","_et_pb_old_content":"","_et_gb_content_width":"","footnotes":""},"class_list":["post-2366","page","type-page","status-publish","hentry"],"_links":{"self":[{"href":"https:\/\/informacionoficial.mendoza.gob.ar\/produccion\/wp-json\/wp\/v2\/pages\/2366","targetHints":{"allow":["GET"]}}],"collection":[{"href":"https:\/\/informacionoficial.mendoza.gob.ar\/produccion\/wp-json\/wp\/v2\/pages"}],"about":[{"href":"https:\/\/informacionoficial.mendoza.gob.ar\/produccion\/wp-json\/wp\/v2\/types\/page"}],"author":[{"embeddable":true,"href":"https:\/\/informacionoficial.mendoza.gob.ar\/produccion\/wp-json\/wp\/v2\/users\/22"}],"replies":[{"embeddable":true,"href":"https:\/\/informacionoficial.mendoza.gob.ar\/produccion\/wp-json\/wp\/v2\/comments?post=2366"}],"version-history":[{"count":7,"href":"https:\/\/informacionoficial.mendoza.gob.ar\/produccion\/wp-json\/wp\/v2\/pages\/2366\/revisions"}],"predecessor-version":[{"id":2590,"href":"https:\/\/informacionoficial.mendoza.gob.ar\/produccion\/wp-json\/wp\/v2\/pages\/2366\/revisions\/2590"}],"wp:attachment":[{"href":"https:\/\/informacionoficial.mendoza.gob.ar\/produccion\/wp-json\/wp\/v2\/media?parent=2366"}],"curies":[{"name":"wp","href":"https:\/\/api.w.org\/{rel}","templated":true}]}}