{"id":3045,"date":"2026-03-17T11:13:38","date_gmt":"2026-03-17T14:13:38","guid":{"rendered":"https:\/\/informacionoficial.mendoza.gob.ar\/produccion\/?page_id=3045"},"modified":"2026-03-30T10:39:36","modified_gmt":"2026-03-30T13:39:36","slug":"ajo-3","status":"publish","type":"page","link":"https:\/\/informacionoficial.mendoza.gob.ar\/produccion\/ajo-3\/","title":{"rendered":"Ajo"},"content":{"rendered":"<p>[et_pb_section fb_built=\u00bb1&#8243; admin_label=\u00bbLanding Hero\u00bb _builder_version=\u00bb4.27.4&#8243; use_background_color_gradient=\u00bbon\u00bb background_color_gradient_stops=\u00bb#474ab6 0%|#9271f6 100%\u00bb background_color_gradient_start=\u00bb#474ab6&#8243; background_color_gradient_end=\u00bb#9271f6&#8243; background_image=\u00bbhttps:\/\/mza-dicaws-portal-uploads-media-prod.s3.amazonaws.com\/informacion-oficial\/uploads\/sites\/17\/2026\/03\/ajo-2.jpg\u00bb background_blend=\u00bboverlay\u00bb custom_padding=\u00bb100px|0px|100px|0px\u00bb animation_style=\u00bbslide\u00bb animation_direction=\u00bbtop\u00bb animation_intensity_slide=\u00bb2%\u00bb locked=\u00bboff\u00bb global_colors_info=\u00bb{}\u00bb][et_pb_row column_structure=\u00bb1_2,1_2&#8243; _builder_version=\u00bb4.27.4&#8243; custom_margin=\u00bb|||\u00bb custom_padding=\u00bb65px|||||\u00bb custom_width_px=\u00bb1280px\u00bb global_colors_info=\u00bb{}\u00bb][et_pb_column type=\u00bb1_2&#8243; _builder_version=\u00bb4.16&#8243; custom_padding=\u00bb|||\u00bb global_colors_info=\u00bb{}\u00bb custom_padding__hover=\u00bb|||\u00bb][et_pb_text _builder_version=\u00bb4.27.4&#8243; text_font=\u00bb|&#8211;et_global_body_font_weight|||||||\u00bb header_font=\u00bb|on|||\u00bb header_font_size=\u00bb42px\u00bb header_line_height=\u00bb1.3em\u00bb background_layout=\u00bbdark\u00bb custom_padding=\u00bb|||\u00bb header_font_size_last_edited=\u00bboff|desktop\u00bb text_text_shadow_style=\u00bbpreset2&#8243; header_text_shadow_style=\u00bbpreset4&#8243; locked=\u00bboff\u00bb global_colors_info=\u00bb{}\u00bb]<\/p>\n<h1><strong>Ajo<\/strong><\/h1>\n<p>[\/et_pb_text][\/et_pb_column][et_pb_column type=\u00bb1_2&#8243; _builder_version=\u00bb4.16&#8243; custom_padding=\u00bb|||\u00bb global_colors_info=\u00bb{}\u00bb custom_padding__hover=\u00bb|||\u00bb][\/et_pb_column][\/et_pb_row][\/et_pb_section][et_pb_section fb_built=\u00bb1&#8243; _builder_version=\u00bb4.27.4&#8243; _module_preset=\u00bbdefault\u00bb locked=\u00bboff\u00bb global_colors_info=\u00bb{}\u00bb][et_pb_row column_structure=\u00bb1_2,1_2&#8243; _builder_version=\u00bb4.27.4&#8243; _module_preset=\u00bbdefault\u00bb global_colors_info=\u00bb{}\u00bb][et_pb_column type=\u00bb1_2&#8243; _builder_version=\u00bb4.27.4&#8243; _module_preset=\u00bbdefault\u00bb global_colors_info=\u00bb{}\u00bb][et_pb_text _builder_version=\u00bb4.27.4&#8243; _module_preset=\u00bbdefault\u00bb global_colors_info=\u00bb{}\u00bb]<\/p>\n<p><strong>Informes\u00a0<\/strong><\/p>\n<p>En esta secci\u00f3n encontrara informaci\u00f3n sobre el cultivo de ajo en la provincia de Mendoza. Podr\u00e1 acceder a informes t\u00e9cnicos y estad\u00edsticos elaborados por la Direcci\u00f3n de Agricultura, en los cuales se detalla la superficie cultivada, su distribuci\u00f3n y evoluci\u00f3n en el territorio provincial.<\/p>\n<p>[\/et_pb_text][\/et_pb_column][et_pb_column type=\u00bb1_2&#8243; _builder_version=\u00bb4.27.4&#8243; _module_preset=\u00bbdefault\u00bb global_colors_info=\u00bb{}\u00bb][et_pb_text _builder_version=\u00bb4.27.4&#8243; _module_preset=\u00bbdefault\u00bb global_colors_info=\u00bb{}\u00bb]<\/p>\n<p><a href=\"https:\/\/mza-dicaws-portal-uploads-media-prod.s3.amazonaws.com\/informacion-oficial\/uploads\/sites\/17\/2026\/03\/Imagenes-Satelitales-de-superficie-de-Ajo-2025.pdf\">Im\u00e1genes Satelitales de superficie de Ajo 2025<\/a><br \/><a href=\"https:\/\/mza-dicaws-portal-uploads-media-prod.s3.amazonaws.com\/informacion-oficial\/uploads\/sites\/17\/2026\/03\/Relevamiento-Invernal-de-Ajo-2025.pdf\">Relevamiento Invernal de Ajo 2025<\/a><\/p>\n<p>&nbsp;<\/p>\n<p>[\/et_pb_text][\/et_pb_column][\/et_pb_row][et_pb_row _builder_version=\u00bb4.27.4&#8243; _module_preset=\u00bbdefault\u00bb global_colors_info=\u00bb{}\u00bb][et_pb_column type=\u00bb4_4&#8243; _builder_version=\u00bb4.27.4&#8243; _module_preset=\u00bbdefault\u00bb global_colors_info=\u00bb{}\u00bb][et_pb_divider _builder_version=\u00bb4.27.4&#8243; _module_preset=\u00bbdefault\u00bb global_colors_info=\u00bb{}\u00bb][\/et_pb_divider][\/et_pb_column][\/et_pb_row][et_pb_row column_structure=\u00bb1_2,1_2&#8243; _builder_version=\u00bb4.27.4&#8243; _module_preset=\u00bbdefault\u00bb global_colors_info=\u00bb{}\u00bb][et_pb_column type=\u00bb1_2&#8243; _builder_version=\u00bb4.27.4&#8243; _module_preset=\u00bbdefault\u00bb global_colors_info=\u00bb{}\u00bb][et_pb_text _builder_version=\u00bb4.27.4&#8243; _module_preset=\u00bbdefault\u00bb global_colors_info=\u00bb{}\u00bb]<\/p>\n<p><strong>Tablero Din\u00e1mico<\/strong><\/p>\n<p>Adem\u00e1s, podr\u00e1 acceder a un <strong>tablero din\u00e1mico<\/strong> que re\u00fane y organiza los principales indicadores del sector, permitiendo visualizar de manera clara y actualizada la informaci\u00f3n m\u00e1s relevante vinculada a la actividad ajera.<\/p>\n<p>[\/et_pb_text][\/et_pb_column][et_pb_column type=\u00bb1_2&#8243; _builder_version=\u00bb4.27.4&#8243; _module_preset=\u00bbdefault\u00bb global_colors_info=\u00bb{}\u00bb][et_pb_button button_url=\u00bbhttps:\/\/lookerstudio.google.com\/embed\/u\/0\/reporting\/b78ad4a9-c818-4e18-ab8d-3394cc07c949\/page\/p_2kzv84iqmd \u00bb button_text=\u00bbLink del tablero\u00bb _builder_version=\u00bb4.27.4&#8243; _module_preset=\u00bbdefault\u00bb hover_enabled=\u00bb0&#8243; global_colors_info=\u00bb{}\u00bb sticky_enabled=\u00bb0&#8243;][\/et_pb_button][\/et_pb_column][\/et_pb_row][\/et_pb_section]<\/p>\n","protected":false},"excerpt":{"rendered":"<p>AjoInformes\u00a0 En esta secci\u00f3n encontrara informaci\u00f3n sobre el cultivo de ajo en la provincia de Mendoza. Podr\u00e1 acceder a informes t\u00e9cnicos y estad\u00edsticos elaborados por la Direcci\u00f3n de Agricultura, en los cuales se detalla la superficie cultivada, su distribuci\u00f3n y evoluci\u00f3n en el territorio provincial.Im\u00e1genes Satelitales de superficie de Ajo 2025Relevamiento Invernal de Ajo 2025 [&hellip;]<\/p>\n","protected":false},"author":22,"featured_media":0,"parent":0,"menu_order":0,"comment_status":"closed","ping_status":"closed","template":"","meta":{"_et_pb_use_builder":"on","_et_pb_old_content":"","_et_gb_content_width":"","footnotes":""},"class_list":["post-3045","page","type-page","status-publish","hentry"],"_links":{"self":[{"href":"https:\/\/informacionoficial.mendoza.gob.ar\/produccion\/wp-json\/wp\/v2\/pages\/3045","targetHints":{"allow":["GET"]}}],"collection":[{"href":"https:\/\/informacionoficial.mendoza.gob.ar\/produccion\/wp-json\/wp\/v2\/pages"}],"about":[{"href":"https:\/\/informacionoficial.mendoza.gob.ar\/produccion\/wp-json\/wp\/v2\/types\/page"}],"author":[{"embeddable":true,"href":"https:\/\/informacionoficial.mendoza.gob.ar\/produccion\/wp-json\/wp\/v2\/users\/22"}],"replies":[{"embeddable":true,"href":"https:\/\/informacionoficial.mendoza.gob.ar\/produccion\/wp-json\/wp\/v2\/comments?post=3045"}],"version-history":[{"count":3,"href":"https:\/\/informacionoficial.mendoza.gob.ar\/produccion\/wp-json\/wp\/v2\/pages\/3045\/revisions"}],"predecessor-version":[{"id":3109,"href":"https:\/\/informacionoficial.mendoza.gob.ar\/produccion\/wp-json\/wp\/v2\/pages\/3045\/revisions\/3109"}],"wp:attachment":[{"href":"https:\/\/informacionoficial.mendoza.gob.ar\/produccion\/wp-json\/wp\/v2\/media?parent=3045"}],"curies":[{"name":"wp","href":"https:\/\/api.w.org\/{rel}","templated":true}]}}