{"id":3287,"date":"2026-04-20T10:13:53","date_gmt":"2026-04-20T13:13:53","guid":{"rendered":"https:\/\/informacionoficial.mendoza.gob.ar\/produccion\/?page_id=3287"},"modified":"2026-04-24T12:33:01","modified_gmt":"2026-04-24T15:33:01","slug":"programa-365","status":"publish","type":"page","link":"https:\/\/informacionoficial.mendoza.gob.ar\/produccion\/programa-365\/","title":{"rendered":"Programa 365"},"content":{"rendered":"<p>[et_pb_section fb_built=\u00bb1&#8243; admin_label=\u00bbLanding Hero\u00bb _builder_version=\u00bb4.27.4&#8243; use_background_color_gradient=\u00bbon\u00bb background_color_gradient_stops=\u00bb#474ab6 0%|#9271f6 100%\u00bb background_color_gradient_start=\u00bb#474ab6&#8243; background_color_gradient_end=\u00bb#9271f6&#8243; background_image=\u00bbhttps:\/\/mza-dicaws-portal-uploads-media-prod.s3.amazonaws.com\/informacion-oficial\/uploads\/sites\/17\/2026\/04\/0153c3ee-2f71-4605-94d6-cce4115c349b.png\u00bb background_repeat=\u00bbrepeat-x\u00bb custom_padding=\u00bb100px|0px|100px|0px\u00bb animation_style=\u00bbslide\u00bb animation_direction=\u00bbtop\u00bb animation_intensity_slide=\u00bb2%\u00bb locked=\u00bboff\u00bb global_colors_info=\u00bb{}\u00bb][et_pb_row _builder_version=\u00bb4.27.4&#8243; _module_preset=\u00bbdefault\u00bb global_colors_info=\u00bb{}\u00bb][et_pb_column type=\u00bb4_4&#8243; _builder_version=\u00bb4.27.4&#8243; _module_preset=\u00bbdefault\u00bb global_colors_info=\u00bb{}\u00bb][et_pb_image src=\u00bbhttps:\/\/mza-dicaws-portal-uploads-media-prod.s3.amazonaws.com\/informacion-oficial\/uploads\/sites\/17\/2026\/04\/logo-1-scaled-e1776957666304.png\u00bb title_text=\u00bblogo\u00bb _builder_version=\u00bb4.27.4&#8243; _module_preset=\u00bbdefault\u00bb global_colors_info=\u00bb{}\u00bb][\/et_pb_image][\/et_pb_column][\/et_pb_row][\/et_pb_section][et_pb_section fb_built=\u00bb1&#8243; _builder_version=\u00bb4.27.4&#8243; _module_preset=\u00bbdefault\u00bb global_colors_info=\u00bb{}\u00bb][et_pb_row column_structure=\u00bb1_2,1_2&#8243; _builder_version=\u00bb4.27.4&#8243; _module_preset=\u00bbdefault\u00bb global_colors_info=\u00bb{}\u00bb][et_pb_column type=\u00bb1_2&#8243; _builder_version=\u00bb4.27.4&#8243; _module_preset=\u00bbdefault\u00bb global_colors_info=\u00bb{}\u00bb][et_pb_text _builder_version=\u00bb4.27.4&#8243; _module_preset=\u00bbdefault\u00bb global_colors_info=\u00bb{}\u00bb]<\/p>\n<p>Programa que busca fortalecer <strong>la producci\u00f3n primaria mendocina<\/strong> promoviendo el consumo de <strong>alimentos frescos y de estaci\u00f3n los 365 d\u00edas del a\u00f1o<\/strong>, en l\u00ednea con las recomendaciones de las <strong>Gu\u00edas Alimentarias para la Poblaci\u00f3n Argentina<\/strong>, generando mayor demanda de frutas y verduras y acompa\u00f1ando a los productores en su <strong>proceso de formaci\u00f3n, vinculaci\u00f3n comercial y acceso a nuevos mercados.<\/strong><\/p>\n<p>Programa basado en la pir\u00e1mide nutricional en conjunto con la Pir\u00e1mide de Desarrollo Productivo y Consumo Local: conecta producci\u00f3n primaria + mercado + consumo saludable.<\/p>\n<p>[\/et_pb_text][et_pb_image src=\u00bbhttps:\/\/mza-dicaws-portal-uploads-media-prod.s3.amazonaws.com\/informacion-oficial\/uploads\/sites\/17\/2026\/04\/logo-1-scaled.png\u00bb title_text=\u00bblogo\u00bb _builder_version=\u00bb4.27.4&#8243; _module_preset=\u00bbdefault\u00bb custom_padding=\u00bb|390px||||\u00bb global_colors_info=\u00bb{}\u00bb][\/et_pb_image][\/et_pb_column][et_pb_column type=\u00bb1_2&#8243; _builder_version=\u00bb4.27.4&#8243; _module_preset=\u00bbdefault\u00bb global_colors_info=\u00bb{}\u00bb][et_pb_video src=\u00bbhttps:\/\/mza-dicaws-portal-uploads-media-prod.s3.amazonaws.com\/informacion-oficial\/uploads\/sites\/17\/2026\/04\/Mendoza-365-Horizontal.mp4&#8243; _builder_version=\u00bb4.27.4&#8243; _module_preset=\u00bbdefault\u00bb global_colors_info=\u00bb{}\u00bb][\/et_pb_video][\/et_pb_column][\/et_pb_row][\/et_pb_section][et_pb_section fb_built=\u00bb1&#8243; _builder_version=\u00bb4.27.4&#8243; _module_preset=\u00bbdefault\u00bb global_colors_info=\u00bb{}\u00bb][et_pb_row _builder_version=\u00bb4.27.4&#8243; _module_preset=\u00bbdefault\u00bb global_colors_info=\u00bb{}\u00bb][et_pb_column type=\u00bb4_4&#8243; _builder_version=\u00bb4.27.4&#8243; _module_preset=\u00bbdefault\u00bb global_colors_info=\u00bb{}\u00bb][et_pb_tabs _builder_version=\u00bb4.27.4&#8243; _module_preset=\u00bbdefault\u00bb global_colors_info=\u00bb{}\u00bb][et_pb_tab title=\u00bbObjetivos\u00bb _builder_version=\u00bb4.27.4&#8243; _module_preset=\u00bbdefault\u00bb global_colors_info=\u00bb{}\u00bb]<\/p>\n<ol>\n<li><strong> <\/strong><strong>Estacionalidad de frutas y hortalizas<\/strong><\/li>\n<\/ol>\n<p>Difundir el calendario de producci\u00f3n local, revalorizando la importancia de consumir productos de estaci\u00f3n, m\u00e1s frescos, nutritivos y accesibles.<\/p>\n<ol start=\"2\">\n<li><strong> <\/strong><strong>Productores locales<\/strong><\/li>\n<\/ol>\n<p>Visibilizar y poner en valor el trabajo de quienes hacen posible la producci\u00f3n de alimentos, fortaleciendo su v\u00ednculo con la comunidad y el mercado local.<\/p>\n<ol start=\"3\">\n<li><strong> <\/strong><strong>Econom\u00eda <\/strong><\/li>\n<\/ol>\n<p>Generar impacto positivo en la comunidad mediante la dinamizaci\u00f3n de los circuitos de comercializaci\u00f3n, el fortalecimiento del productor local y el acceso a productos m\u00e1s econ\u00f3micos para el consumidor.<\/p>\n<ol start=\"4\">\n<li><strong> <\/strong><strong>Alimentaci\u00f3n saludable<\/strong><\/li>\n<\/ol>\n<p>Promover h\u00e1bitos alimentarios conscientes y equilibrados, que contemplen una mayor incorporaci\u00f3n de frutas y hortalizas frescas en la dieta diaria.<\/p>\n<p>&nbsp;<\/p>\n<p>[\/et_pb_tab][et_pb_tab title=\u00bbPir\u00e1mide del Programa\u00bb _builder_version=\u00bb4.27.4&#8243; _module_preset=\u00bbdefault\u00bb global_colors_info=\u00bb{}\u00bb]<\/p>\n<p><img loading=\"lazy\" decoding=\"async\" src=\"https:\/\/mza-dicaws-portal-uploads-media-prod.s3.amazonaws.com\/informacion-oficial\/uploads\/sites\/17\/2026\/04\/doble-piramide.png\" width=\"515\" height=\"284\" alt=\"\" class=\"wp-image-3324 aligncenter size-full\" srcset=\"https:\/\/mza-dicaws-portal-uploads-media-prod.s3.amazonaws.com\/informacion-oficial\/uploads\/sites\/17\/2026\/04\/doble-piramide.png 515w, https:\/\/mza-dicaws-portal-uploads-media-prod.s3.amazonaws.com\/informacion-oficial\/uploads\/sites\/17\/2026\/04\/doble-piramide-480x265.png 480w\" sizes=\"(min-width: 0px) and (max-width: 480px) 480px, (min-width: 481px) 515px, 100vw\" \/><\/p>\n<p>[\/et_pb_tab][et_pb_tab title=\u00bbEjes\u00bb _builder_version=\u00bb4.27.4&#8243; _module_preset=\u00bbdefault\u00bb global_colors_info=\u00bb{}\u00bb]<\/p>\n<p><strong>Eje 1: BASE DE LA PIRAMIDE \u2014 IDENTIFICACI\u00d3N DE PRODUCTORES MENDOCINOS <\/strong><\/p>\n<ul>\n<li>Relevamiento territorial<\/li>\n<li>Registro de productores primarios, RUT<\/li>\n<li>Identificaci\u00f3n de productos y estacionalidad<\/li>\n<\/ul>\n<p><strong>Eje 2 SEGUNDO NIVEL: FORTALECIMIENTO DE PRODUCTORES<\/strong><\/p>\n<ul>\n<li>Diagn\u00f3stico productivo y comercial<\/li>\n<li>Capacitaci\u00f3n de temas generales (dentro de calendario de instituciones referentes del sector)<\/li>\n<li>Formaci\u00f3n aspectos espec\u00edficos (calendario armado por ministerio)<\/li>\n<li>Preparaci\u00f3n para vinculaci\u00f3n comercial<\/li>\n<\/ul>\n<p><strong>Eje 3: TERCER NIVEL: PROMOCI\u00d3N DEL CONSUMO LOCAL<\/strong><\/p>\n<ul>\n<li>Campa\u00f1as de consumo de productos frescos<\/li>\n<li>Difusi\u00f3n del calendario de alimentos de estaci\u00f3n<\/li>\n<li>Actividades educativas y promoci\u00f3n territorial<\/li>\n<li>Acciones alineadas con las Gu\u00edas Alimentarias para la Poblaci\u00f3n Argentina del Ministerio de Salud de la Naci\u00f3n Argentina<\/li>\n<\/ul>\n<p><strong>Eje 4 CUARTO NIVEL: GENERACI\u00d3N DE CANALES DE COMERCIALIZACI\u00d3N<\/strong><\/p>\n<ul>\n<li>Ferias y mercados provinciales<\/li>\n<li>Vinculaci\u00f3n con comercios<\/li>\n<li>Articulaci\u00f3n con turismo y gastronom\u00eda<\/li>\n<li>Eventos de promoci\u00f3n de productos mendocinos<\/li>\n<\/ul>\n<p><strong>CIMA \u2014 IMPACTO DEL PROGRAMA &#8211;<\/strong> <strong>Mayor presencia de productos mendocinos en el mercado.<\/strong><\/p>\n<ul>\n<li>Mayor consumo de frutas y verduras mendocinas<\/li>\n<li>Concientizaci\u00f3n alimentaci\u00f3n saludable<\/li>\n<li>Nuevos mercados para productores<\/li>\n<li>Incremento de ventas de producci\u00f3n primaria<\/li>\n<\/ul>\n<p><img loading=\"lazy\" decoding=\"async\" src=\"https:\/\/mza-dicaws-portal-uploads-media-prod.s3.amazonaws.com\/informacion-oficial\/uploads\/sites\/17\/2026\/04\/piramide.png\" width=\"515\" height=\"284\" alt=\"\" class=\"wp-image-3323 aligncenter size-full\" srcset=\"https:\/\/mza-dicaws-portal-uploads-media-prod.s3.amazonaws.com\/informacion-oficial\/uploads\/sites\/17\/2026\/04\/piramide.png 515w, https:\/\/mza-dicaws-portal-uploads-media-prod.s3.amazonaws.com\/informacion-oficial\/uploads\/sites\/17\/2026\/04\/piramide-480x265.png 480w\" sizes=\"(min-width: 0px) and (max-width: 480px) 480px, (min-width: 481px) 515px, 100vw\" \/><\/p>\n<p>[\/et_pb_tab][\/et_pb_tabs][\/et_pb_column][\/et_pb_row][\/et_pb_section][et_pb_section fb_built=\u00bb1&#8243; admin_label=\u00bbFeatures\u00bb _builder_version=\u00bb4.27.4&#8243; _module_preset=\u00bbdefault\u00bb background_color=\u00bbgcid-b6c4f12c-f25d-4f61-9fb1-6e96404634cd\u00bb locked=\u00bboff\u00bb global_colors_info=\u00bb{%22gcid-b6c4f12c-f25d-4f61-9fb1-6e96404634cd%22:%91%22background_color%22%93}\u00bb][et_pb_row _builder_version=\u00bb4.27.4&#8243; _module_preset=\u00bbdefault\u00bb global_colors_info=\u00bb{}\u00bb][et_pb_column type=\u00bb4_4&#8243; _builder_version=\u00bb4.27.4&#8243; _module_preset=\u00bbdefault\u00bb background_color=\u00bb#000F9F\u00bb custom_padding=\u00bb6px||6px|9px|true|false\u00bb animation_style=\u00bbfade\u00bb global_colors_info=\u00bb{}\u00bb][et_pb_heading title=\u00bbCalendario de estacionalidad\u00bb _builder_version=\u00bb4.27.4&#8243; _module_preset=\u00bbdefault\u00bb title_text_color=\u00bb#FFFFFF\u00bb custom_padding=\u00bb4px|||||\u00bb global_colors_info=\u00bb{}\u00bb][\/et_pb_heading][\/et_pb_column][\/et_pb_row][et_pb_row _builder_version=\u00bb4.27.4&#8243; _module_preset=\u00bbdefault\u00bb global_colors_info=\u00bb{}\u00bb][et_pb_column type=\u00bb4_4&#8243; _builder_version=\u00bb4.27.4&#8243; _module_preset=\u00bbdefault\u00bb global_colors_info=\u00bb{}\u00bb][et_pb_image src=\u00bbhttps:\/\/mza-dicaws-portal-uploads-media-prod.s3.amazonaws.com\/informacion-oficial\/uploads\/sites\/17\/2026\/04\/02.jpg\u00bb title_text=\u00bb02&#8243; _builder_version=\u00bb4.27.4&#8243; _module_preset=\u00bbdefault\u00bb global_colors_info=\u00bb{}\u00bb][\/et_pb_image][\/et_pb_column][\/et_pb_row][et_pb_row _builder_version=\u00bb4.27.4&#8243; _module_preset=\u00bbdefault\u00bb global_colors_info=\u00bb{}\u00bb][et_pb_column type=\u00bb4_4&#8243; _builder_version=\u00bb4.27.4&#8243; _module_preset=\u00bbdefault\u00bb background_color=\u00bb#000F9F\u00bb custom_padding=\u00bb6px||6px|9px|true|false\u00bb animation_style=\u00bbfade\u00bb global_colors_info=\u00bb{}\u00bb][et_pb_heading title=\u00bbPromoci\u00f3n y concientizaci\u00f3n\u00bb _builder_version=\u00bb4.27.4&#8243; _module_preset=\u00bbdefault\u00bb title_text_color=\u00bb#FFFFFF\u00bb custom_padding=\u00bb4px|||||\u00bb global_colors_info=\u00bb{}\u00bb][\/et_pb_heading][\/et_pb_column][\/et_pb_row][et_pb_row column_structure=\u00bb3_5,2_5&#8243; _builder_version=\u00bb4.27.4&#8243; _module_preset=\u00bbdefault\u00bb global_colors_info=\u00bb{}\u00bb][et_pb_column type=\u00bb3_5&#8243; _builder_version=\u00bb4.27.4&#8243; _module_preset=\u00bbdefault\u00bb global_colors_info=\u00bb{}\u00bb][et_pb_text _builder_version=\u00bb4.27.4&#8243; _module_preset=\u00bbdefault\u00bb global_colors_info=\u00bb{}\u00bb]<\/p>\n<p>En conjunto con la Direcci\u00f3n General de Escuelas y el Ministerio de Salud trabajamos la concientizaci\u00f3n y promoci\u00f3n del consumo de productos mendocinos de estaci\u00f3n y en consecuencia la alimentaci\u00f3n y conductas saludables. Visitando y desarrollando una din\u00e1mica en cada instituci\u00f3n educativa y actividades.<\/p>\n<p>[\/et_pb_text][et_pb_button button_url=\u00bbhttps:\/\/mza-dicaws-portal-uploads-media-prod.s3.amazonaws.com\/informacion-oficial\/uploads\/sites\/17\/2026\/04\/informe-2025-pagina-1.pdf\u00bb button_text=\u00bbClics\u00bb _builder_version=\u00bb4.27.4&#8243; _module_preset=\u00bbdefault\u00bb hover_enabled=\u00bb0&#8243; global_colors_info=\u00bb{}\u00bb sticky_enabled=\u00bb0&#8243;][\/et_pb_button][\/et_pb_column][et_pb_column type=\u00bb2_5&#8243; _builder_version=\u00bb4.27.4&#8243; _module_preset=\u00bbdefault\u00bb global_colors_info=\u00bb{}\u00bb][et_pb_image src=\u00bbhttps:\/\/mza-dicaws-portal-uploads-media-prod.s3.amazonaws.com\/informacion-oficial\/uploads\/sites\/17\/2026\/04\/circulo.png\u00bb title_text=\u00bbcirculo\u00bb _builder_version=\u00bb4.27.4&#8243; _module_preset=\u00bbdefault\u00bb global_colors_info=\u00bb{}\u00bb][\/et_pb_image][\/et_pb_column][\/et_pb_row][et_pb_row column_structure=\u00bb1_2,1_2&#8243; _builder_version=\u00bb4.27.4&#8243; _module_preset=\u00bbdefault\u00bb locked=\u00bboff\u00bb global_colors_info=\u00bb{}\u00bb][et_pb_column type=\u00bb1_2&#8243; _builder_version=\u00bb4.27.4&#8243; _module_preset=\u00bbdefault\u00bb global_colors_info=\u00bb{}\u00bb][et_pb_toggle title=\u00bbLIBRO DE CAMPO\u00bb open_toggle_text_color=\u00bb#FFFFFF\u00bb open_toggle_background_color=\u00bb#0C71C3&#8243; closed_toggle_background_color=\u00bb#0C71C3&#8243; icon_color=\u00bb#FFFFFF\u00bb open_icon_color=\u00bb#FFFFFF\u00bb _builder_version=\u00bb4.27.4&#8243; _module_preset=\u00bbdefault\u00bb title_text_color=\u00bb#FFFFFF\u00bb body_text_color=\u00bb#FFFFFF\u00bb background_color=\u00bb#FFFFFF\u00bb hover_enabled=\u00bb0&#8243; border_radii=\u00bbon|15px|15px|15px|15px\u00bb locked=\u00bboff\u00bb global_colors_info=\u00bb{}\u00bb sticky_enabled=\u00bb0&#8243;]<\/p>\n<p>En conjunto con la Direcci\u00f3n de Agricultura trabajamos con la implementaci\u00f3n del libro campo en las fincas productivas de Mendoza. En el marco del programa +365 enfocadas en las tierras que producen frutas y hortalizas. Con el fin de mejorar la calidad y eficiencia de la producci\u00f3n, como as\u00ed tambi\u00e9n fomentando las BPA (Buenas Pr\u00e1cticas Agr\u00edcolas).<\/p>\n<p><em>+LIBRO DE CAMPO DIGITAL (Proximamente)<\/em><\/p>\n<p>[\/et_pb_toggle][\/et_pb_column][et_pb_column type=\u00bb1_2&#8243; _builder_version=\u00bb4.27.4&#8243; _module_preset=\u00bbdefault\u00bb global_colors_info=\u00bb{}\u00bb][et_pb_toggle title=\u00bbHERRAMIENTAS Y DATOS AGRICOLAS\u00bb open_toggle_text_color=\u00bb#FFFFFF\u00bb open_toggle_background_color=\u00bb#0C71C3&#8243; closed_toggle_background_color=\u00bb#0C71C3&#8243; icon_color=\u00bb#FFFFFF\u00bb open_icon_color=\u00bb#FFFFFF\u00bb _builder_version=\u00bb4.27.4&#8243; _module_preset=\u00bbdefault\u00bb title_text_color=\u00bb#FFFFFF\u00bb body_text_color=\u00bb#FFFFFF\u00bb background_color=\u00bb#EFE7B9&#8243; hover_enabled=\u00bb0&#8243; border_radii=\u00bbon|15px|15px|15px|15px\u00bb locked=\u00bboff\u00bb global_colors_info=\u00bb{}\u00bb link_option_url=\u00bbhttps:\/\/informacionoficial.mendoza.gob.ar\/produccion\/direccion-de-agricultura\/\u00bb sticky_enabled=\u00bb0&#8243;]<\/p>\n<p><a href=\"https:\/\/informacionoficial.mendoza.gob.ar\/produccion\/direccion-de-agricultura\/\"><i>Ir herramientas agricolas<\/i><\/a><\/p>\n<p>[\/et_pb_toggle][\/et_pb_column][\/et_pb_row][\/et_pb_section][et_pb_section fb_built=\u00bb1&#8243; _builder_version=\u00bb4.27.4&#8243; _module_preset=\u00bbdefault\u00bb custom_padding=\u00bb||54px|||\u00bb global_colors_info=\u00bb{}\u00bb][et_pb_row _builder_version=\u00bb4.27.4&#8243; _module_preset=\u00bbdefault\u00bb global_colors_info=\u00bb{}\u00bb][et_pb_column type=\u00bb4_4&#8243; _builder_version=\u00bb4.27.4&#8243; _module_preset=\u00bbdefault\u00bb global_colors_info=\u00bb{}\u00bb][et_pb_icon _builder_version=\u00bb4.27.4&#8243; _module_preset=\u00bbdefault\u00bb global_colors_info=\u00bb{}\u00bb][\/et_pb_icon][\/et_pb_column][\/et_pb_row][\/et_pb_section][et_pb_section fb_built=\u00bb1&#8243; _builder_version=\u00bb4.27.4&#8243; _module_preset=\u00bbdefault\u00bb hover_enabled=\u00bb0&#8243; global_colors_info=\u00bb{}\u00bb sticky_enabled=\u00bb0&#8243;][et_pb_row _builder_version=\u00bb4.27.4&#8243; _module_preset=\u00bbdefault\u00bb hover_enabled=\u00bb0&#8243; global_colors_info=\u00bb{}\u00bb sticky_enabled=\u00bb0&#8243;][et_pb_column type=\u00bb4_4&#8243; _builder_version=\u00bb4.27.4&#8243; _module_preset=\u00bbdefault\u00bb global_colors_info=\u00bb{}\u00bb][et_pb_social_media_follow _builder_version=\u00bb4.27.4&#8243; _module_preset=\u00bbdefault\u00bb hover_enabled=\u00bb0&#8243; global_colors_info=\u00bb{}\u00bb sticky_enabled=\u00bb0&#8243; width=\u00bb63.2%\u00bb custom_padding=\u00bb|||0px||\u00bb][et_pb_social_media_follow_network social_network=\u00bbinstagram\u00bb url=\u00bbhttps:\/\/www.instagram.com\/365.mendoza\/\u00bb _builder_version=\u00bb4.27.4&#8243; _module_preset=\u00bbdefault\u00bb background_color=\u00bb#ea2c59&#8243; hover_enabled=\u00bb0&#8243; global_colors_info=\u00bb{}\u00bb follow_button=\u00bboff\u00bb url_new_window=\u00bbon\u00bb sticky_enabled=\u00bb0&#8243;]instagram[\/et_pb_social_media_follow_network][\/et_pb_social_media_follow][et_pb_text _builder_version=\u00bb4.27.4&#8243; _module_preset=\u00bbdefault\u00bb global_colors_info=\u00bb{}\u00bb]<\/p>\n<p>Seguinos en nuestro Instagram @365.mendoza<br \/><a href=\"mailto:365mendoza@gmail.com\">365mendoza@gmail.com<\/a><\/p>\n<p>[\/et_pb_text][\/et_pb_column][\/et_pb_row][\/et_pb_section][et_pb_section fb_built=\u00bb1&#8243; _builder_version=\u00bb4.27.4&#8243; _module_preset=\u00bbdefault\u00bb global_colors_info=\u00bb{}\u00bb][et_pb_row _builder_version=\u00bb4.27.4&#8243; _module_preset=\u00bbdefault\u00bb global_colors_info=\u00bb{}\u00bb][et_pb_column type=\u00bb4_4&#8243; _builder_version=\u00bb4.27.4&#8243; _module_preset=\u00bbdefault\u00bb background_color=\u00bb#000F9F\u00bb custom_padding=\u00bb6px||6px|9px|true|false\u00bb animation_style=\u00bbfade\u00bb global_colors_info=\u00bb{}\u00bb][et_pb_heading title=\u00bbCapacitaciones\u00bb _builder_version=\u00bb4.27.4&#8243; _module_preset=\u00bbdefault\u00bb title_text_color=\u00bb#FFFFFF\u00bb custom_padding=\u00bb4px|||||\u00bb global_colors_info=\u00bb{}\u00bb][\/et_pb_heading][\/et_pb_column][\/et_pb_row][et_pb_row column_structure=\u00bb1_2,1_2&#8243; _builder_version=\u00bb4.27.4&#8243; _module_preset=\u00bbdefault\u00bb locked=\u00bboff\u00bb global_colors_info=\u00bb{}\u00bb][et_pb_column type=\u00bb1_2&#8243; _builder_version=\u00bb4.27.4&#8243; _module_preset=\u00bbdefault\u00bb global_colors_info=\u00bb{}\u00bb][et_pb_toggle title=\u00bb  BUENAS PRACTICAS AGRICOLAS\u00bb open_toggle_text_color=\u00bb#FFFFFF\u00bb open_toggle_background_color=\u00bb#0C71C3&#8243; closed_toggle_background_color=\u00bb#0C71C3&#8243; icon_color=\u00bb#FFFFFF\u00bb open_icon_color=\u00bb#FFFFFF\u00bb _builder_version=\u00bb4.27.4&#8243; _module_preset=\u00bbdefault\u00bb title_text_color=\u00bb#FFFFFF\u00bb body_text_color=\u00bb#FFFFFF\u00bb background_color=\u00bb#FFFFFF\u00bb border_radii=\u00bbon|15px|15px|15px|15px\u00bb locked=\u00bboff\u00bb global_colors_info=\u00bb{}\u00bb]<\/p>\n<p><span>Las <strong>Buenas Pr\u00e1cticas Agr\u00edcolas (BPA)<\/strong> son un conjunto de t\u00e9cnicas y normas aplicadas en la producci\u00f3n agr\u00edcola para asegurar alimentos seguros, proteger el medio ambiente y garantizar el bienestar de los trabajadores. <\/span><\/p>\n<p><strong><span>Objetivo:<\/span><\/strong><span> Lograr una producci\u00f3n sostenible, eficiente y responsable, minimizando los riesgos para la salud humana y la naturaleza. Incluyen el uso adecuado de agroqu\u00edmicos, el manejo del agua, la higiene en la cosecha y la trazabilidad de los productos.<\/span><\/p>\n<p><strong><span>Preguntas Frecuentes<\/span><\/strong><\/p>\n<p><strong><span><\/span><\/strong><\/p>\n<p><strong><span>\u00bfC\u00d3MO ME INSCRIBO?<\/span><\/strong><\/p>\n<p><span>Pod\u00e9s inscribirte enviando tus datos personales al correo de la Direcci\u00f3n de Agricultura (<strong>direcciondeagricultura@mendoza.gov.ar<\/strong>), incluyendo: nombre y apellido, DNI, departamento de residencia, ocupaci\u00f3n, tel\u00e9fono, correo electr\u00f3nico y capacitaci\u00f3n de inter\u00e9s.<\/span><\/p>\n<p><span><\/span><\/p>\n<p><strong>\u00bfQUI\u00c9NES PUEDEN PARTICIPAR?<\/strong><\/p>\n<p><span>Podr\u00e1n participar todos los mendocinos y mendocinas mayores de 18 a\u00f1os, dedicados a la producci\u00f3n agr\u00edcola, que deseen capacitarse y adquirir conocimientos en pr\u00e1cticas de producci\u00f3n sostenible.<\/span><\/p>\n<p><span><\/span><\/p>\n<p><strong><span>\u00bfC\u00d3MO ES EL PROCESO UNA <\/span><\/strong><strong><span>VEZ INSCRIPTO\/A?<\/span><\/strong><\/p>\n<p><span>Una vez que env\u00ede sus datos al correo oficial de la Direcci\u00f3n de Agricultura (<strong>direcciondeagricultura@mendoza.gov.ar<\/strong>), nos pondremos en contacto a trav\u00e9s de nuestros canales oficiales. Recibir\u00e1 informaci\u00f3n cada vez que se organice una capacitaci\u00f3n de esta tem\u00e1tica en su zona de residencia, utilizando los datos de contacto proporcionados. Le solicitamos mantenerse atento a su correo electr\u00f3nico, que constituye nuestro medio de comunicaci\u00f3n m\u00e1s frecuente.<\/span><\/p>\n<p><span>\u00a0<\/span><\/p>\n<p><strong>\u00bfCU\u00c1LES SON LOS PRINCIPALES EJES DE CONTENIDO?<\/strong><\/p>\n<p><span>Los principales contenidos incluyen: normativas y documentaci\u00f3n necesarias para la implementaci\u00f3n de Buenas Pr\u00e1cticas Agr\u00edcolas (BPA); uso adecuado del cuaderno de campo; aplicaciones fitosanitarias y cuidados esenciales para su correcta ejecuci\u00f3n; uso eficiente del agua; y manejo responsable del recurso suelo<\/span><\/p>\n<p><strong><span><\/span><\/strong><\/p>\n<p>&nbsp;<\/p>\n<p>[\/et_pb_toggle][\/et_pb_column][et_pb_column type=\u00bb1_2&#8243; _builder_version=\u00bb4.27.4&#8243; _module_preset=\u00bbdefault\u00bb global_colors_info=\u00bb{}\u00bb][et_pb_toggle title=\u00bb ENCARGADO DE FINCA\u00bb open_toggle_text_color=\u00bb#FFFFFF\u00bb open_toggle_background_color=\u00bb#0C71C3&#8243; closed_toggle_background_color=\u00bb#0C71C3&#8243; icon_color=\u00bb#FFFFFF\u00bb open_icon_color=\u00bb#FFFFFF\u00bb _builder_version=\u00bb4.27.4&#8243; _module_preset=\u00bbdefault\u00bb title_text_color=\u00bb#FFFFFF\u00bb body_text_color=\u00bb#FFFFFF\u00bb background_color=\u00bb#EFE7B9&#8243; border_radii=\u00bbon|15px|15px|15px|15px\u00bb locked=\u00bboff\u00bb global_colors_info=\u00bb{}\u00bb]<\/p>\n<p><span>Programa de capacitaci\u00f3n especialmente dise\u00f1ado para profesionales del sector agropecuario. La iniciativa busca seguir fortaleciendo las competencias t\u00e9cnicas y de gesti\u00f3n de quienes lideran equipos y dirigen operaciones en fincas de la regi\u00f3n.<\/span><\/p>\n<p><strong><span>Objetivo: <\/span><\/strong><span>Contribuir a la formaci\u00f3n de encargados de cultivos frut\u00edcolas, hort\u00edcolas y vit\u00edcolas mediante herramientas te\u00f3ricas y pr\u00e1cticas para el manejo eficiente y sustentable de explotaciones agr\u00edcolas.<\/span><\/p>\n<p><span>\u00a0<\/span><\/p>\n<p><strong><span>Preguntas Frecuentes<\/span><\/strong><\/p>\n<p><strong><span>\u00bfC\u00d3MO ME INSCRIBO?<\/span><\/strong><\/p>\n<p><span>Pod\u00e9s inscribirte enviando tus datos personales al correo de la Direcci\u00f3n de Agricultura (<strong>direcciondeagricultura@mendoza.gov.ar<\/strong>), incluyendo: nombre y apellido, DNI, departamento de residencia, ocupaci\u00f3n, tel\u00e9fono, correo electr\u00f3nico y capacitaci\u00f3n de inter\u00e9s.<\/span><\/p>\n<p><span><\/span><\/p>\n<p><strong>\u00bfQUI\u00c9NES PUEDEN PARTICIPAR?<\/strong><span><\/span><\/p>\n<p><span>Podr\u00e1n participar todos los mendocinos y mendocinas mayores de 18 a\u00f1os, dedicados a la producci\u00f3n agr\u00edcola, que deseen capacitarse y adquirir conocimientos en pr\u00e1cticas de producci\u00f3n sostenible.<\/span><\/p>\n<p><span><\/span><\/p>\n<p><strong><span>\u00bfC\u00d3MO ES EL PROCESO UNA VEZ INSCRIPTO\/A?<\/span><\/strong><\/p>\n<p>Una vez que env\u00ede sus datos al correo oficial de la Direcci\u00f3n de Agricultura (<strong>direcciondeagricultura@mendoza.gov.ar<\/strong>), nos pondremos en contacto a trav\u00e9s de nuestros canales oficiales. Recibir\u00e1 informaci\u00f3n cada vez que se organice una capacitaci\u00f3n de esta tem\u00e1tica en su zona de residencia, utilizando los datos de contacto proporcionados. Le solicitamos mantenerse atento a su correo electr\u00f3nico, que constituye nuestro medio de comunicaci\u00f3n m\u00e1s frecuente<\/p>\n<p>&nbsp;<\/p>\n<p><strong>\u00bfCU\u00c1LES SON LOS PRINCIPALES EJES DE CONTENIDO?<\/strong><\/p>\n<p><span>Los principales contenidos son: mecanizaci\u00f3n agr\u00edcola, sistemas de riego, manejo de heladas, nutrici\u00f3n vegetal, uso de productos fitosanitarios, normas de calidad, planificaci\u00f3n y elaboraci\u00f3n de presupuestos, comunicaci\u00f3n y trabajo en equipo.<\/span><\/p>\n<p>[\/et_pb_toggle][\/et_pb_column][\/et_pb_row][\/et_pb_section]<\/p>\n","protected":false},"excerpt":{"rendered":"<p>Programa que busca fortalecer la producci\u00f3n primaria mendocina promoviendo el consumo de alimentos frescos y de estaci\u00f3n los 365 d\u00edas del a\u00f1o, en l\u00ednea con las recomendaciones de las Gu\u00edas Alimentarias para la Poblaci\u00f3n Argentina, generando mayor demanda de frutas y verduras y acompa\u00f1ando a los productores en su proceso de formaci\u00f3n, vinculaci\u00f3n comercial y [&hellip;]<\/p>\n","protected":false},"author":22,"featured_media":0,"parent":0,"menu_order":0,"comment_status":"closed","ping_status":"closed","template":"","meta":{"_et_pb_use_builder":"on","_et_pb_old_content":"","_et_gb_content_width":"","footnotes":""},"class_list":["post-3287","page","type-page","status-publish","hentry"],"_links":{"self":[{"href":"https:\/\/informacionoficial.mendoza.gob.ar\/produccion\/wp-json\/wp\/v2\/pages\/3287","targetHints":{"allow":["GET"]}}],"collection":[{"href":"https:\/\/informacionoficial.mendoza.gob.ar\/produccion\/wp-json\/wp\/v2\/pages"}],"about":[{"href":"https:\/\/informacionoficial.mendoza.gob.ar\/produccion\/wp-json\/wp\/v2\/types\/page"}],"author":[{"embeddable":true,"href":"https:\/\/informacionoficial.mendoza.gob.ar\/produccion\/wp-json\/wp\/v2\/users\/22"}],"replies":[{"embeddable":true,"href":"https:\/\/informacionoficial.mendoza.gob.ar\/produccion\/wp-json\/wp\/v2\/comments?post=3287"}],"version-history":[{"count":14,"href":"https:\/\/informacionoficial.mendoza.gob.ar\/produccion\/wp-json\/wp\/v2\/pages\/3287\/revisions"}],"predecessor-version":[{"id":3367,"href":"https:\/\/informacionoficial.mendoza.gob.ar\/produccion\/wp-json\/wp\/v2\/pages\/3287\/revisions\/3367"}],"wp:attachment":[{"href":"https:\/\/informacionoficial.mendoza.gob.ar\/produccion\/wp-json\/wp\/v2\/media?parent=3287"}],"curies":[{"name":"wp","href":"https:\/\/api.w.org\/{rel}","templated":true}]}}