{"id":433,"date":"2025-06-23T17:14:38","date_gmt":"2025-06-23T15:14:38","guid":{"rendered":"https:\/\/informacionoficial.mendoza.gob.ar\/produccion\/?page_id=433"},"modified":"2025-10-20T13:10:17","modified_gmt":"2025-10-20T16:10:17","slug":"informacion-juridica-para-ministerios","status":"publish","type":"page","link":"https:\/\/informacionoficial.mendoza.gob.ar\/produccion\/informacion-juridica-para-ministerios\/","title":{"rendered":"Informaci\u00f3n Jur\u00eddica para ministerios"},"content":{"rendered":"<p>[et_pb_section fb_built=\u00bb1&#8243; _builder_version=\u00bb4.27.2&#8243; _module_preset=\u00bbdefault\u00bb custom_margin=\u00bb0px||0px||false|false\u00bb custom_padding=\u00bb0px||0px||false|false\u00bb global_colors_info=\u00bb{}\u00bb][et_pb_row _builder_version=\u00bb4.27.4&#8243; _module_preset=\u00bbdefault\u00bb max_width=\u00bb100%\u00bb global_colors_info=\u00bb{}\u00bb][et_pb_column type=\u00bb4_4&#8243; _builder_version=\u00bb4.27.4&#8243; _module_preset=\u00bbdefault\u00bb global_colors_info=\u00bb{}\u00bb][et_pb_post_title meta=\u00bboff\u00bb featured_image=\u00bboff\u00bb _builder_version=\u00bb4.27.4&#8243; _module_preset=\u00bbdefault\u00bb title_text_align=\u00bbcenter\u00bb title_text_color=\u00bb#666666&#8243; global_colors_info=\u00bb{}\u00bb][\/et_pb_post_title][\/et_pb_column][\/et_pb_row][\/et_pb_section][et_pb_section fb_built=\u00bb1&#8243; _builder_version=\u00bb4.27.2&#8243; _module_preset=\u00bbdefault\u00bb custom_margin=\u00bb0px||0px||false|false\u00bb custom_padding=\u00bb0px||0px||false|false\u00bb global_colors_info=\u00bb{}\u00bb][et_pb_row _builder_version=\u00bb4.27.4&#8243; _module_preset=\u00bbdefault\u00bb max_width=\u00bb100%\u00bb global_colors_info=\u00bb{}\u00bb][et_pb_column type=\u00bb4_4&#8243; _builder_version=\u00bb4.27.4&#8243; _module_preset=\u00bbdefault\u00bb global_colors_info=\u00bb{}\u00bb][et_pb_heading title=\u00bbNormativas\u00bb _builder_version=\u00bb4.27.4&#8243; _module_preset=\u00bbdefault\u00bb title_level=\u00bbh2&#8243; title_text_align=\u00bbcenter\u00bb background_color=\u00bb#C8A977&#8243; custom_margin=\u00bb0px||0px||false|false\u00bb custom_padding=\u00bb1em||1em||false|false\u00bb title_text_shadow_style=\u00bbpreset1&#8243; border_radii=\u00bboff|15px|15px||\u00bb global_colors_info=\u00bb{}\u00bb][\/et_pb_heading][et_pb_text _builder_version=\u00bb4.27.4&#8243; _module_preset=\u00bbdefault\u00bb custom_margin=\u00bb0px||0px||false|false\u00bb custom_padding=\u00bb1em|1em|1em|1em|false|false\u00bb border_radii=\u00bboff|||15px|15px\u00bb border_width_all=\u00bb1px\u00bb global_colors_info=\u00bb{}\u00bb]<\/p>\n<p><strong>Normativa del Ministerio de Producci\u00f3n<br \/><\/strong><strong><\/strong><\/p>\n<ul>\n<li><a href=\"https:\/\/www.mendoza.gov.ar\/wp-content\/uploads\/sites\/23\/2020\/01\/LEY-DE-MINISTERIOS-1.pdf\">Ley 9501 de Ministerios<\/a><\/li>\n<li><a href=\"https:\/\/www.mendoza.gov.ar\/wp-content\/uploads\/sites\/23\/2024\/01\/DECRETO-No-52-2024.pdf\">Decreto 52\/2024<\/a><br \/>Ley 8706 y Decreto 1000\/15 de Administraci\u00f3n Financiera<\/li>\n<li><a href=\"https:\/\/www.mendoza.gov.ar\/wp-content\/uploads\/sites\/23\/2020\/11\/LEY-9070-ACCESO-A-LA-INFORMACION-PUBLICA.pdf\">Ley 9070 de Acceso a la Informaci\u00f3n P\u00fablica<\/a><br \/><a rel=\"noreferrer noopener\" href=\"https:\/\/ticketsform.mendoza.gov.ar\/ticketsform\/servlet\/responderformulario?AIP_SOLICITUDINFORMACIONPUBLICA\" target=\"_blank\">Formulario en l\u00ednea para solicitar informaci\u00f3n p\u00fablica<\/a><br \/><a rel=\"noreferrer noopener\" href=\"https:\/\/ticketsform.mendoza.gov.ar\/ticketsform\/servlet\/responderformulario?AIP_RECURSODEINCUMPLIMIENTO\" target=\"_blank\">Formulario en l\u00ednea para presentar recurso por incumplimiento ante la Auditor\u00eda de \u00c9tica P\u00fablica<\/a><\/li>\n<li>Ley 9103 y Dec. 560\/73 Estatuto y R\u00e9gimen disciplinario del Empleado P\u00fablico<\/li>\n<li>Ley 4416 de Obras P\u00fablicas<\/li>\n<li>Ley 9003 de Procedimiento Administrativo<\/li>\n<li>Ley 9601 de Presupuesto<\/li>\n<li>Ley 1118 y Dec. 1370\/01 de Fiscalizaci\u00f3n y Control<\/li>\n<li>Ley 7314 de Responsabilidad Fiscal<\/li>\n<li>Dec. Nac. 274\/19 de Lealtad Comercial<\/li>\n<li>Ley 27.642 C\u00f3digo Alimentario<\/li>\n<li><a href=\"https:\/\/www.mendoza.gov.ar\/economia\/normativa-legal-del-ministerio\/\">Normativa legal del Ministerio<\/a>\n<p><strong><\/strong><\/p>\n<p><strong><\/strong><\/p>\n<\/li>\n<li>\n<p><strong>Direcci\u00f3n de Agricultura<br \/><\/strong><a href=\"https:\/\/mza-dicaws-portal-uploads-media-prod.s3.amazonaws.com\/informacion-oficial\/uploads\/sites\/17\/2025\/10\/decreto1186-PROGRAMADESOSTENIBILIDADAGRICOLA.pdf\" style=\"font-size: 14px\">Decreto 1189 PROGRAMA DE SOSTENIBILIDAD AGRICOLA<\/a><br \/><a href=\"https:\/\/mza-dicaws-portal-uploads-media-prod.s3.amazonaws.com\/informacion-oficial\/uploads\/sites\/17\/2025\/10\/ley9579-DIFUSION-DE-DATOS-DE-ACTIVIDADES-AGROPECUARIAS.pdf\">Ley 9579 DIFUSION DE DATOS DE ACTIVIDADES AGROPECUARIAS<\/a><br \/><strong>Buenas Practica Agr\u00edcola<\/strong><br \/><a href=\"https:\/\/mza-dicaws-portal-uploads-media-prod.s3.amazonaws.com\/informacion-oficial\/uploads\/sites\/17\/2025\/10\/codigoalimentarioART154-BPA.pdf\">C\u00f3digo alimentario ART 154 BPA<\/a><br \/><a href=\"https:\/\/mza-dicaws-portal-uploads-media-prod.s3.amazonaws.com\/informacion-oficial\/uploads\/sites\/17\/2025\/10\/ResolucionSENASA510-GUIA-DE-BPA-Y-DE-MANUFACTURA-.pdf\">Resoluci\u00f3n SANA SA 510<\/a><br \/><strong>FIDA<\/strong><br \/><a href=\"https:\/\/mza-dicaws-portal-uploads-media-prod.s3.amazonaws.com\/informacion-oficial\/uploads\/sites\/17\/2025\/10\/decreto2043-FIDA.pdf\">Decreto 2043<\/a><br \/><a href=\"https:\/\/mza-dicaws-portal-uploads-media-prod.s3.amazonaws.com\/informacion-oficial\/uploads\/sites\/17\/2025\/10\/ley6832-FIDA.pdf\">Ley 6832<\/a><br \/><a href=\"https:\/\/mza-dicaws-portal-uploads-media-prod.s3.amazonaws.com\/informacion-oficial\/uploads\/sites\/17\/2025\/10\/ley9000-FIDA-modificacion.pdf\">Ley 9000 (modificaci\u00f3n)<\/a><br \/><strong>FIDEC<br \/><\/strong><a href=\"https:\/\/mza-dicaws-portal-uploads-media-prod.s3.amazonaws.com\/informacion-oficial\/uploads\/sites\/17\/2025\/10\/decreto1446-FIDEC.pdf\">Decreto 1446<\/a><br \/><a href=\"https:\/\/mza-dicaws-portal-uploads-media-prod.s3.amazonaws.com\/informacion-oficial\/uploads\/sites\/17\/2025\/10\/ley9353-FIDEC.pdf\">Ley 9353\u00a0<\/a><br \/><strong>Inversiones Forestales<\/strong><br \/><a href=\"https:\/\/mza-dicaws-portal-uploads-media-prod.s3.amazonaws.com\/informacion-oficial\/uploads\/sites\/17\/2025\/10\/ley9300-ADHESION-LEY-25080.pdf\">Ley 9300 &#8211; ADHESION LEY 25080<\/a><br \/><a href=\"https:\/\/mza-dicaws-portal-uploads-media-prod.s3.amazonaws.com\/informacion-oficial\/uploads\/sites\/17\/2025\/10\/Ley25080-INVERSIONESPARABOSQUESCULTIVADOS.pdf\">Ley25080 -INVERSIONES PARA BOSQUES CULTIVADOS<\/a><br \/><a href=\"https:\/\/mza-dicaws-portal-uploads-media-prod.s3.amazonaws.com\/informacion-oficial\/uploads\/sites\/17\/2025\/10\/ley27487-INVERSIONESFORESTALES-modifica-25080.pdf\">Ley 27487- INVERSIONES FORESTALES (modifica 25080)<\/a><br \/><strong>Producci\u00f3n Org\u00e1nica<br \/><\/strong><a href=\"https:\/\/mza-dicaws-portal-uploads-media-prod.s3.amazonaws.com\/informacion-oficial\/uploads\/sites\/17\/2025\/10\/ley25127-PRODUCCION-ECOLOGICA-BIOLOGICA-U-ORGANICA.pdf\">Ley25127-\u00a0 PRODUCCION ECOLOGICA, BIOLOGICA U ORGANICA<\/a><br \/><a href=\"https:\/\/mza-dicaws-portal-uploads-media-prod.s3.amazonaws.com\/informacion-oficial\/uploads\/sites\/17\/2025\/10\/ley27734-PROMOCION-DE-LA-PRODUCCION-ORGANICA-PARA-ECONOMIAS-REGIONALES.pdf\">Ley 27734- PROMOCI\u00d3N DE LA PRODUCCI\u00d3N ORG\u00c1NICA PARA ECONOM\u00cdAS REGIONALES<\/a><br \/><strong>RUT<br \/><\/strong><a href=\"https:\/\/mza-dicaws-portal-uploads-media-prod.s3.amazonaws.com\/informacion-oficial\/uploads\/sites\/17\/2025\/10\/1ley4438-RUT.pdf\">Ley 4438\u00a0 RUT<\/a><br \/><a href=\"https:\/\/mza-dicaws-portal-uploads-media-prod.s3.amazonaws.com\/informacion-oficial\/uploads\/sites\/17\/2025\/10\/decreto229-RUT.pdf\">Decreto 229 RUT<\/a><br \/><strong>Vitivinicultura<br \/><\/strong><a href=\"https:\/\/mza-dicaws-portal-uploads-media-prod.s3.amazonaws.com\/informacion-oficial\/uploads\/sites\/17\/2025\/10\/ley9245-BANCODEVINOS.pdf\"> Ley 9245 BANCO DE VINOS<\/a><br \/><a href=\"https:\/\/mza-dicaws-portal-uploads-media-prod.s3.amazonaws.com\/informacion-oficial\/uploads\/sites\/17\/2025\/10\/ley14878-INV.pdf\">Ley 14878 INV<\/a><\/p>\n<\/li>\n<\/ul>\n<p>[\/et_pb_text][\/et_pb_column][\/et_pb_row][et_pb_row _builder_version=\u00bb4.27.4&#8243; _module_preset=\u00bbdefault\u00bb max_width=\u00bb100%\u00bb global_colors_info=\u00bb{}\u00bb][et_pb_column type=\u00bb4_4&#8243; _builder_version=\u00bb4.27.4&#8243; _module_preset=\u00bbdefault\u00bb global_colors_info=\u00bb{}\u00bb][et_pb_heading title=\u00bbBolet\u00edn Oficial\u00bb _builder_version=\u00bb4.27.4&#8243; _module_preset=\u00bbdefault\u00bb title_level=\u00bbh2&#8243; title_text_align=\u00bbcenter\u00bb background_color=\u00bb#C8A977&#8243; custom_margin=\u00bb0px||0px||false|false\u00bb custom_padding=\u00bb1em||1em||false|false\u00bb title_text_shadow_style=\u00bbpreset1&#8243; border_radii=\u00bboff|15px|15px||\u00bb global_colors_info=\u00bb{}\u00bb][\/et_pb_heading][et_pb_text _builder_version=\u00bb4.27.4&#8243; _module_preset=\u00bbdefault\u00bb custom_margin=\u00bb0px||0px||false|false\u00bb custom_padding=\u00bb1em|1em|1em|1em|false|false\u00bb border_radii=\u00bboff|||15px|15px\u00bb border_width_all=\u00bb1px\u00bb global_colors_info=\u00bb{}\u00bb]<\/p>\n<ul>\n<li><a href=\"https:\/\/www.mendoza.gov.ar\/boletinoficial\/\">Bolet\u00edn Oficial\u00a0<\/a><br \/>Consultas: Todas las consultas pueden realizarse por medio de correo electr\u00f3nico a boletinoficial@mendoza.gov.ar \u00f3 al tel\u00e9fono 261 \u2013 3852207\n<div class=\"service-content-block\">\n<h6 class=\"titulo\" id=\"1\">Requisitos para solicitar el alta de usuario al Sist<\/h6>\n<\/div>\n<\/li>\n<\/ul>\n<p>[\/et_pb_text][\/et_pb_column][\/et_pb_row][\/et_pb_section][et_pb_section fb_built=\u00bb1&#8243; _builder_version=\u00bb4.27.2&#8243; _module_preset=\u00bbdefault\u00bb custom_margin=\u00bb0px||0px||false|false\u00bb custom_padding=\u00bb0px||0px||false|false\u00bb global_colors_info=\u00bb{}\u00bb][et_pb_row _builder_version=\u00bb4.27.4&#8243; _module_preset=\u00bbdefault\u00bb max_width=\u00bb100%\u00bb global_colors_info=\u00bb{}\u00bb][et_pb_column type=\u00bb4_4&#8243; _builder_version=\u00bb4.27.4&#8243; _module_preset=\u00bbdefault\u00bb global_colors_info=\u00bb{}\u00bb][et_pb_heading title=\u00bbInformes &#8211; Estudios\u00bb _builder_version=\u00bb4.27.4&#8243; _module_preset=\u00bbdefault\u00bb title_level=\u00bbh2&#8243; title_text_align=\u00bbcenter\u00bb background_color=\u00bb#C8A977&#8243; custom_margin=\u00bb0px||0px||false|false\u00bb custom_padding=\u00bb1em||1em||false|false\u00bb title_text_shadow_style=\u00bbpreset1&#8243; border_radii=\u00bboff|15px|15px||\u00bb global_colors_info=\u00bb{}\u00bb][\/et_pb_heading][et_pb_text _builder_version=\u00bb4.27.4&#8243; _module_preset=\u00bbdefault\u00bb custom_margin=\u00bb0px||0px||false|false\u00bb custom_padding=\u00bb1em|1em|1em|1em|false|false\u00bb border_radii=\u00bboff|||15px|15px\u00bb border_width_all=\u00bb1px\u00bb global_colors_info=\u00bb{}\u00bb]<\/p>\n<ul>\n<li><a href=\"https:\/\/www.mendoza.gov.ar\/wp-content\/uploads\/sites\/23\/2024\/11\/INFORME-COMPORTAMIENTO-CONSUMIDOR-MIN-Julieta-Lemos-1.pdf\">Relevamientos Comerciales en la provincia de Mendoza<\/a><br \/><span>Desde la Direcci\u00f3n General de Desarrollo Productivo, a trav\u00e9s del programa Mendoza + Comercio se dispuso a realizar una investigaci\u00f3n sobre los comportamientos de consumo de la poblaci\u00f3n de nuestra Provincia<\/span><\/li>\n<li><a href=\"https:\/\/www.mendoza.gov.ar\/economia\/relevamiento-de-precios\/\"><span>Relevamiento de precios<\/span><\/a><br \/>Informes semanales de los precios al consumidor final de hortalizas, frutas y huevos de la provincia de Mendoza.<\/li>\n<li><a href=\"https:\/\/www.mendoza.gov.ar\/wp-content\/uploads\/sites\/23\/2025\/07\/Suplemento_Produccion_02_250519_125323.pdf\">Buenas Pr\u00e1cticas Agr\u00edcolas<\/a><\/li>\n<\/ul>\n<p>[\/et_pb_text][\/et_pb_column][\/et_pb_row][\/et_pb_section]<\/p>\n","protected":false},"excerpt":{"rendered":"<p>Normativa del Ministerio de Producci\u00f3n Ley 9501 de Ministerios Decreto 52\/2024Ley 8706 y Decreto 1000\/15 de Administraci\u00f3n Financiera Ley 9070 de Acceso a la Informaci\u00f3n P\u00fablicaFormulario en l\u00ednea para solicitar informaci\u00f3n p\u00fablicaFormulario en l\u00ednea para presentar recurso por incumplimiento ante la Auditor\u00eda de \u00c9tica P\u00fablica Ley 9103 y Dec. 560\/73 Estatuto y R\u00e9gimen disciplinario del [&hellip;]<\/p>\n","protected":false},"author":60,"featured_media":0,"parent":0,"menu_order":0,"comment_status":"closed","ping_status":"closed","template":"","meta":{"_et_pb_use_builder":"on","_et_pb_old_content":"","_et_gb_content_width":"","footnotes":""},"class_list":["post-433","page","type-page","status-publish","hentry"],"_links":{"self":[{"href":"https:\/\/informacionoficial.mendoza.gob.ar\/produccion\/wp-json\/wp\/v2\/pages\/433","targetHints":{"allow":["GET"]}}],"collection":[{"href":"https:\/\/informacionoficial.mendoza.gob.ar\/produccion\/wp-json\/wp\/v2\/pages"}],"about":[{"href":"https:\/\/informacionoficial.mendoza.gob.ar\/produccion\/wp-json\/wp\/v2\/types\/page"}],"author":[{"embeddable":true,"href":"https:\/\/informacionoficial.mendoza.gob.ar\/produccion\/wp-json\/wp\/v2\/users\/60"}],"replies":[{"embeddable":true,"href":"https:\/\/informacionoficial.mendoza.gob.ar\/produccion\/wp-json\/wp\/v2\/comments?post=433"}],"version-history":[{"count":9,"href":"https:\/\/informacionoficial.mendoza.gob.ar\/produccion\/wp-json\/wp\/v2\/pages\/433\/revisions"}],"predecessor-version":[{"id":2186,"href":"https:\/\/informacionoficial.mendoza.gob.ar\/produccion\/wp-json\/wp\/v2\/pages\/433\/revisions\/2186"}],"wp:attachment":[{"href":"https:\/\/informacionoficial.mendoza.gob.ar\/produccion\/wp-json\/wp\/v2\/media?parent=433"}],"curies":[{"name":"wp","href":"https:\/\/api.w.org\/{rel}","templated":true}]}}