{"id":582,"date":"2025-07-31T05:17:47","date_gmt":"2025-07-31T03:17:47","guid":{"rendered":"https:\/\/informacionoficial.mendoza.gob.ar\/produccion\/?page_id=582"},"modified":"2025-08-18T14:48:48","modified_gmt":"2025-08-18T12:48:48","slug":"informacion-institucional","status":"publish","type":"page","link":"https:\/\/informacionoficial.mendoza.gob.ar\/produccion\/informacion-institucional\/","title":{"rendered":"Informaci\u00f3n Institucional"},"content":{"rendered":"<p>[et_pb_section fb_built=\u00bb1&#8243; _builder_version=\u00bb4.27.2&#8243; _module_preset=\u00bbdefault\u00bb custom_margin=\u00bb0px||0px||false|false\u00bb custom_padding=\u00bb0px||0px||false|false\u00bb locked=\u00bboff\u00bb global_colors_info=\u00bb{}\u00bb][et_pb_row _builder_version=\u00bb4.27.4&#8243; _module_preset=\u00bbdefault\u00bb max_width=\u00bb100%\u00bb global_colors_info=\u00bb{}\u00bb][et_pb_column type=\u00bb4_4&#8243; _builder_version=\u00bb4.27.4&#8243; _module_preset=\u00bbdefault\u00bb global_colors_info=\u00bb{}\u00bb][et_pb_post_title meta=\u00bboff\u00bb featured_image=\u00bboff\u00bb _builder_version=\u00bb4.27.4&#8243; _module_preset=\u00bbdefault\u00bb title_text_align=\u00bbcenter\u00bb title_text_color=\u00bb#666666&#8243; global_colors_info=\u00bb{}\u00bb][\/et_pb_post_title][\/et_pb_column][\/et_pb_row][\/et_pb_section][et_pb_section fb_built=\u00bb1&#8243; _builder_version=\u00bb4.27.2&#8243; _module_preset=\u00bbdefault\u00bb custom_margin=\u00bb0px||0px||false|false\u00bb custom_padding=\u00bb0px||0px||false|false\u00bb locked=\u00bboff\u00bb global_colors_info=\u00bb{}\u00bb][et_pb_row _builder_version=\u00bb4.27.4&#8243; _module_preset=\u00bbdefault\u00bb max_width=\u00bb100%\u00bb global_colors_info=\u00bb{}\u00bb][et_pb_column type=\u00bb4_4&#8243; _builder_version=\u00bb4.27.4&#8243; _module_preset=\u00bbdefault\u00bb global_colors_info=\u00bb{}\u00bb][et_pb_heading title=\u00bbMisi\u00f3n\u00bb _builder_version=\u00bb4.27.4&#8243; _module_preset=\u00bbdefault\u00bb title_level=\u00bbh2&#8243; title_text_align=\u00bbcenter\u00bb background_color=\u00bb#C8A977&#8243; custom_margin=\u00bb0px||0px||false|false\u00bb custom_padding=\u00bb1em||1em||false|false\u00bb title_text_shadow_style=\u00bbpreset1&#8243; border_radii=\u00bboff|15px|15px||\u00bb global_colors_info=\u00bb{}\u00bb][\/et_pb_heading][et_pb_text _builder_version=\u00bb4.27.4&#8243; _module_preset=\u00bbdefault\u00bb custom_margin=\u00bb0px||0px||false|false\u00bb custom_padding=\u00bb1em|1em|1em|1em|false|false\u00bb border_radii=\u00bboff|||15px|15px\u00bb border_width_all=\u00bb1px\u00bb global_colors_info=\u00bb{}\u00bb]<\/p>\n<p>La misi\u00f3n del Ministerio de Producci\u00f3n de Mendoza es impulsar el desarrollo socio-productivo sustentable, promoviendo el nacimiento y crecimiento de emprendimientos productivos que generen mano de obra calificada y sean amigables con el medio ambiente y socialmente responsables. Adem\u00e1s, busca generar pol\u00edticas que fomenten la creaci\u00f3n y consolidaci\u00f3n de peque\u00f1as y medianas empresas de base tecnol\u00f3gica, productiva, de servicios y de cualquier otro emprendimiento que aporte al desarrollo cultural y social de la Provincia.<\/p>\n<p>[\/et_pb_text][\/et_pb_column][\/et_pb_row][et_pb_row _builder_version=\u00bb4.27.4&#8243; _module_preset=\u00bbdefault\u00bb background_image=\u00bbhttps:\/\/mza-dicaws-portal-uploads-media-prod.s3.us-east-1.amazonaws.com\/informacion-oficial\/uploads\/sites\/17\/2025\/07\/Organigrama-Ministerio-de-produccion2024-1-1024&#215;562.png\u00bb background_size=\u00bbcustom\u00bb background_image_width=\u00bb0%\u00bb background_image_height=\u00bb0%\u00bb max_width=\u00bb100%\u00bb global_colors_info=\u00bb{}\u00bb][et_pb_column type=\u00bb4_4&#8243; _builder_version=\u00bb4.27.4&#8243; _module_preset=\u00bbdefault\u00bb background_enable_image=\u00bboff\u00bb background_size=\u00bbinitial\u00bb transform_translate=\u00bb-6px|0px\u00bb global_colors_info=\u00bb{}\u00bb][et_pb_heading title=\u00bbOrganigrama\u00bb _builder_version=\u00bb4.27.4&#8243; _module_preset=\u00bbdefault\u00bb title_level=\u00bbh2&#8243; title_text_align=\u00bbcenter\u00bb background_color=\u00bb#C8A977&#8243; custom_margin=\u00bb0px||0px||false|false\u00bb custom_padding=\u00bb1em||1em||false|false\u00bb title_text_shadow_style=\u00bbpreset1&#8243; border_radii=\u00bboff|15px|15px||\u00bb global_colors_info=\u00bb{}\u00bb][\/et_pb_heading][et_pb_text _builder_version=\u00bb4.27.4&#8243; _module_preset=\u00bbdefault\u00bb background_image=\u00bbhttps:\/\/mza-dicaws-portal-uploads-media-prod.s3.us-east-1.amazonaws.com\/informacion-oficial\/uploads\/sites\/17\/2025\/07\/organigrama-1024&#215;558.jpg\u00bb custom_margin=\u00bb0px||0px||false|false\u00bb custom_padding=\u00bb1em|1em|1em|1em|false|false\u00bb hover_enabled=\u00bb0&#8243; border_radii=\u00bboff|||15px|15px\u00bb border_width_all=\u00bb1px\u00bb global_colors_info=\u00bb{}\u00bb sticky_enabled=\u00bb0&#8243;]<\/p>\n<p><img loading=\"lazy\" decoding=\"async\" src=\"https:\/\/mza-dicaws-portal-uploads-media-prod.s3.amazonaws.com\/informacion-oficial\/uploads\/sites\/17\/2025\/07\/organigrama-scaled.jpg\" width=\"2560\" height=\"1394\" alt=\"\" class=\"wp-image-590 alignnone size-full\" srcset=\"https:\/\/mza-dicaws-portal-uploads-media-prod.s3.amazonaws.com\/informacion-oficial\/uploads\/sites\/17\/2025\/07\/organigrama-scaled.jpg 2560w, https:\/\/mza-dicaws-portal-uploads-media-prod.s3.amazonaws.com\/informacion-oficial\/uploads\/sites\/17\/2025\/07\/organigrama-1280x697.jpg 1280w, https:\/\/mza-dicaws-portal-uploads-media-prod.s3.amazonaws.com\/informacion-oficial\/uploads\/sites\/17\/2025\/07\/organigrama-980x534.jpg 980w, https:\/\/mza-dicaws-portal-uploads-media-prod.s3.amazonaws.com\/informacion-oficial\/uploads\/sites\/17\/2025\/07\/organigrama-480x261.jpg 480w\" sizes=\"(min-width: 0px) and (max-width: 480px) 480px, (min-width: 481px) and (max-width: 980px) 980px, (min-width: 981px) and (max-width: 1280px) 1280px, (min-width: 1281px) 2560px, 100vw\" \/><\/p>\n<p>&nbsp;<\/p>\n<p>[\/et_pb_text][\/et_pb_column][\/et_pb_row][et_pb_row _builder_version=\u00bb4.27.4&#8243; _module_preset=\u00bbdefault\u00bb max_width=\u00bb100%\u00bb locked=\u00bboff\u00bb global_colors_info=\u00bb{}\u00bb][et_pb_column type=\u00bb4_4&#8243; _builder_version=\u00bb4.27.4&#8243; _module_preset=\u00bbdefault\u00bb global_colors_info=\u00bb{}\u00bb][et_pb_heading title=\u00bbAutoridades y responsables\u00bb _builder_version=\u00bb4.27.4&#8243; _module_preset=\u00bbdefault\u00bb title_level=\u00bbh2&#8243; title_text_align=\u00bbcenter\u00bb background_color=\u00bb#C8A977&#8243; custom_margin=\u00bb0px||0px||false|false\u00bb custom_padding=\u00bb1em||1em||false|false\u00bb title_text_shadow_style=\u00bbpreset1&#8243; border_radii=\u00bboff|15px|15px||\u00bb global_colors_info=\u00bb{}\u00bb][\/et_pb_heading][et_pb_text _builder_version=\u00bb4.27.4&#8243; _module_preset=\u00bbdefault\u00bb custom_margin=\u00bb0px||0px||false|false\u00bb custom_padding=\u00bb1em|1em|1em|1em|false|false\u00bb border_radii=\u00bboff|||15px|15px\u00bb border_width_all=\u00bb1px\u00bb global_colors_info=\u00bb{}\u00bb]<\/p>\n<ul>\n<li>\n<p><strong>\u00a0Ministro de Producci\u00f3n <\/strong>Lic. Rodolfo Vargas Arizu<br \/><strong style=\"font-size: 14px\">Jefe de Gabinete <\/strong><span style=\"font-size: 14px\">Gustavo Barachini<br \/><\/span><strong style=\"font-size: 14px\">Jefa de Prensa\u00a0<\/strong>Carolina Tricarico<br \/><strong style=\"font-size: 14px\">Secretar\u00eda Privada\u00a0<\/strong>Mar\u00eda Eugenia de la Reta Vautier<\/p>\n<p><span style=\"font-size: 14px\"><strong>Coordinador General y Planificaci\u00f3n Estrat\u00e9gica<\/strong> Marcelo Japaz<br \/><\/span><span style=\"font-size: 14px\"><strong>Direcci\u00f3n General de Desarrollo Productivo<\/strong><br \/><\/span><strong><span style=\"font-size: 14px\">Directora General de Administraci\u00f3n\u00a0<\/span><\/strong>Sandra Zavattieri<br \/><strong><span style=\"font-size: 14px\">Director de Asuntos Jur\u00eddicos\u00a0<\/span><\/strong>Alberto Eduardo Cicchitti<\/p>\n<p><strong>Agencia Mendocina de Innovaci\u00f3n, Ciencia y Tecnolog\u00eda <\/strong>Federico Mor\u00e1bito<\/p>\n<\/li>\n<li>\n<p><strong>Subsecretar\u00eda de Comercio, Industria y Log\u00edstica<\/strong><br \/><strong>Subsecretario <\/strong>Alberto Marengo<br \/><strong style=\"font-size: 14px\">Directora de Emprendedores y Cooperativas <\/strong>Andrea Nallim<br \/><strong style=\"font-size: 14px\">Director de Fiscalizaci\u00f3n, Control y Tecnolog\u00eda Agroindustrial\u00a0<\/strong>Leandro Rold\u00e1n<\/p>\n<p>&nbsp;<\/p>\n<\/li>\n<li>\n<p><strong><span style=\"font-size: 14px\">Subsecretar\u00eda de Empleo y Capacitaci\u00f3n<br \/><\/span><\/strong><strong style=\"font-size: 14px\">Subsecretaria <\/strong><span style=\"font-size: 14px\">Emilce Vega Espinoza<br \/><\/span><strong style=\"font-size: 14px\">Direcci\u00f3n de Empleo y Desarrollo Empresarial <\/strong><span style=\"font-size: 14px\">Malena Carricondo<br \/><\/span><strong style=\"font-size: 14px\">Coordinaci\u00f3n para la Mejora de la Empleabilidad <\/strong><span style=\"font-size: 14px\">Facundo Pajot<\/span><\/p>\n<p><span style=\"font-size: 14px\"><\/span><\/p>\n<\/li>\n<li>\n<p><strong><span style=\"font-size: 14px\">Subsecretar\u00eda de Agricultura y Ganader\u00eda<br \/><\/span><\/strong><strong>Subsecretario <\/strong>Sergio Moralejo<br \/><strong style=\"font-size: 14px\">Director de Agricultura <\/strong><span style=\"font-size: 14px\">Alfredo Draque<br \/><\/span><strong style=\"font-size: 14px\">Director de Ganader\u00eda <\/strong><span style=\"font-size: 14px\">Roberto Francisco R\u00edos<br \/><\/span><strong style=\"font-size: 14px\">Director de Contingencias Clim\u00e1ticas <\/strong><span style=\"font-size: 14px\">Julio Eluani<\/span><\/p>\n<p><a href=\"https:\/\/eticapublica.mendoza.gov.ar\/welcome\/declaraciones\" style=\"font-size: 14px\"><\/a><\/p>\n<\/li>\n<li>\n<p><a href=\"https:\/\/eticapublica.mendoza.gov.ar\/welcome\/declaraciones\" style=\"font-size: 14px\">DDJJ<\/a><\/p>\n<\/li>\n<\/ul>\n<p>[\/et_pb_text][\/et_pb_column][\/et_pb_row][\/et_pb_section]<\/p>\n","protected":false},"excerpt":{"rendered":"<p>La misi\u00f3n del Ministerio de Producci\u00f3n de Mendoza es impulsar el desarrollo socio-productivo sustentable, promoviendo el nacimiento y crecimiento de emprendimientos productivos que generen mano de obra calificada y sean [&hellip;]<\/p>\n","protected":false},"author":22,"featured_media":0,"parent":0,"menu_order":0,"comment_status":"closed","ping_status":"closed","template":"","meta":{"_et_pb_use_builder":"on","_et_pb_old_content":"","_et_gb_content_width":"","footnotes":""},"class_list":["post-582","page","type-page","status-publish","hentry"],"_links":{"self":[{"href":"https:\/\/informacionoficial.mendoza.gob.ar\/produccion\/wp-json\/wp\/v2\/pages\/582","targetHints":{"allow":["GET"]}}],"collection":[{"href":"https:\/\/informacionoficial.mendoza.gob.ar\/produccion\/wp-json\/wp\/v2\/pages"}],"about":[{"href":"https:\/\/informacionoficial.mendoza.gob.ar\/produccion\/wp-json\/wp\/v2\/types\/page"}],"author":[{"embeddable":true,"href":"https:\/\/informacionoficial.mendoza.gob.ar\/produccion\/wp-json\/wp\/v2\/users\/22"}],"replies":[{"embeddable":true,"href":"https:\/\/informacionoficial.mendoza.gob.ar\/produccion\/wp-json\/wp\/v2\/comments?post=582"}],"version-history":[{"count":11,"href":"https:\/\/informacionoficial.mendoza.gob.ar\/produccion\/wp-json\/wp\/v2\/pages\/582\/revisions"}],"predecessor-version":[{"id":1455,"href":"https:\/\/informacionoficial.mendoza.gob.ar\/produccion\/wp-json\/wp\/v2\/pages\/582\/revisions\/1455"}],"wp:attachment":[{"href":"https:\/\/informacionoficial.mendoza.gob.ar\/produccion\/wp-json\/wp\/v2\/media?parent=582"}],"curies":[{"name":"wp","href":"https:\/\/api.w.org\/{rel}","templated":true}]}}