{"id":848,"date":"2025-08-05T07:23:10","date_gmt":"2025-08-05T05:23:10","guid":{"rendered":"https:\/\/informacionoficial.mendoza.gob.ar\/produccion\/?page_id=848"},"modified":"2025-08-05T22:54:26","modified_gmt":"2025-08-05T20:54:26","slug":"direccion-de-fiscalizacion-control-y-tecnologia-agroindustrial","status":"publish","type":"page","link":"https:\/\/informacionoficial.mendoza.gob.ar\/produccion\/direccion-de-fiscalizacion-control-y-tecnologia-agroindustrial\/","title":{"rendered":"Direcci\u00f3n de Fiscalizaci\u00f3n, Control y Tecnolog\u00eda Agroindustrial"},"content":{"rendered":"<p>[et_pb_section fb_built=\u00bb1&#8243; admin_label=\u00bbLanding Hero\u00bb _builder_version=\u00bb4.27.4&#8243; use_background_color_gradient=\u00bbon\u00bb background_color_gradient_stops=\u00bb#474ab6 0%|#9271f6 100%\u00bb background_color_gradient_start=\u00bb#474ab6&#8243; background_color_gradient_end=\u00bb#9271f6&#8243; background_image=\u00bbhttps:\/\/mza-dicaws-portal-uploads-media-prod.s3.us-east-1.amazonaws.com\/informacion-oficial\/uploads\/sites\/17\/2025\/05\/produccion-0011-scaled.jpg\u00bb background_blend=\u00bboverlay\u00bb custom_padding=\u00bb100px|0px|100px|0px\u00bb animation_style=\u00bbslide\u00bb animation_direction=\u00bbtop\u00bb animation_intensity_slide=\u00bb2%\u00bb hover_enabled=\u00bb0&#8243; locked=\u00bboff\u00bb global_colors_info=\u00bb{}\u00bb theme_builder_area=\u00bbpost_content\u00bb title_text=\u00bbproducci\u00f3n-0011&#8243; sticky_enabled=\u00bb0&#8243;][et_pb_row column_structure=\u00bb1_2,1_2&#8243; _builder_version=\u00bb4.16&#8243; custom_margin=\u00bb|||\u00bb custom_padding=\u00bb65px|||||\u00bb custom_width_px=\u00bb1280px\u00bb global_colors_info=\u00bb{}\u00bb theme_builder_area=\u00bbpost_content\u00bb][et_pb_column type=\u00bb1_2&#8243; _builder_version=\u00bb4.16&#8243; custom_padding=\u00bb|||\u00bb global_colors_info=\u00bb{}\u00bb custom_padding__hover=\u00bb|||\u00bb theme_builder_area=\u00bbpost_content\u00bb][et_pb_text _builder_version=\u00bb4.16&#8243; header_font=\u00bb|on|||\u00bb header_font_size=\u00bb42px\u00bb header_line_height=\u00bb1.3em\u00bb background_layout=\u00bbdark\u00bb custom_padding=\u00bb|||\u00bb header_font_size_last_edited=\u00bboff|desktop\u00bb locked=\u00bboff\u00bb global_colors_info=\u00bb{}\u00bb theme_builder_area=\u00bbpost_content\u00bb]<\/p>\n<h1>Direcci\u00f3n de Fiscalizaci\u00f3n, Control y Tecnolog\u00eda Agroindustrial<\/h1>\n<p>[\/et_pb_text][\/et_pb_column][et_pb_column type=\u00bb1_2&#8243; _builder_version=\u00bb4.16&#8243; custom_padding=\u00bb|||\u00bb global_colors_info=\u00bb{}\u00bb custom_padding__hover=\u00bb|||\u00bb theme_builder_area=\u00bbpost_content\u00bb][et_pb_image src=\u00bbhttps:\/\/mza-dicaws-portal-uploads-media-prod.s3.us-east-1.amazonaws.com\/informacion-oficial\/uploads\/sites\/17\/2025\/08\/OIP-17.webp\u00bb align_tablet=\u00bbcenter\u00bb align_phone=\u00bbcenter\u00bb align_last_edited=\u00bbon|desktop\u00bb _builder_version=\u00bb4.27.4&#8243; custom_margin=\u00bb|||\u00bb custom_padding=\u00bb|||\u00bb animation_style=\u00bbzoom\u00bb animation_direction=\u00bbleft\u00bb animation_delay=\u00bb100ms\u00bb animation_intensity_zoom=\u00bb20%\u00bb hover_enabled=\u00bb0&#8243; global_colors_info=\u00bb{}\u00bb theme_builder_area=\u00bbpost_content\u00bb title_text=\u00bbOIP (17)\u00bb sticky_enabled=\u00bb0&#8243;][\/et_pb_image][\/et_pb_column][\/et_pb_row][\/et_pb_section][et_pb_section fb_built=\u00bb1&#8243; specialty=\u00bbon\u00bb admin_label=\u00bbAll Courses\u00bb _builder_version=\u00bb4.27.4&#8243; custom_padding=\u00bb100px|0px|100px|0px\u00bb global_colors_info=\u00bb{}\u00bb theme_builder_area=\u00bbpost_content\u00bb][et_pb_column type=\u00bb1_3&#8243; _builder_version=\u00bb4.16&#8243; custom_padding=\u00bb|||\u00bb global_colors_info=\u00bb{}\u00bb parallax__hover=\u00bboff\u00bb parallax_method__hover=\u00bbon\u00bb custom_padding__hover=\u00bb|||\u00bb theme_builder_area=\u00bbpost_content\u00bb][et_pb_image src=\u00bbhttps:\/\/mza-dicaws-portal-uploads-media-prod.s3.us-east-1.amazonaws.com\/informacion-oficial\/uploads\/sites\/17\/2025\/08\/coding-isometric-04.png\u00bb _builder_version=\u00bb4.27.4&#8243; _module_preset=\u00bbdefault\u00bb theme_builder_area=\u00bbpost_content\u00bb title_text=\u00bbcoding-isometric-04&#8243; hover_enabled=\u00bb0&#8243; sticky_enabled=\u00bb0&#8243;][\/et_pb_image][\/et_pb_column][et_pb_column type=\u00bb2_3&#8243; specialty_columns=\u00bb2&#8243; _builder_version=\u00bb4.16&#8243; custom_padding=\u00bb|||\u00bb global_colors_info=\u00bb{}\u00bb parallax__hover=\u00bboff\u00bb parallax_method__hover=\u00bbon\u00bb custom_padding__hover=\u00bb|||\u00bb theme_builder_area=\u00bbpost_content\u00bb][et_pb_row_inner _builder_version=\u00bb4.27.4&#8243; _module_preset=\u00bbdefault\u00bb global_colors_info=\u00bb{}\u00bb theme_builder_area=\u00bbpost_content\u00bb][et_pb_column_inner saved_specialty_column_type=\u00bb2_3&#8243; _builder_version=\u00bb4.27.4&#8243; _module_preset=\u00bbdefault\u00bb global_colors_info=\u00bb{}\u00bb theme_builder_area=\u00bbpost_content\u00bb][et_pb_text _builder_version=\u00bb4.27.4&#8243; _module_preset=\u00bbdefault\u00bb global_colors_info=\u00bb{}\u00bb theme_builder_area=\u00bbpost_content\u00bb]<\/p>\n<div class=\"elementor-column elementor-col-50 elementor-top-column elementor-element elementor-element-5e8a752\" data-id=\"5e8a752\" data-element_type=\"column\">\n<div class=\"elementor-widget-wrap elementor-element-populated\">\n<div class=\"elementor-element elementor-element-e05fc5d elementor-widget elementor-widget-text-editor\" data-id=\"e05fc5d\" data-element_type=\"widget\" data-widget_type=\"text-editor.default\">\n<div class=\"elementor-widget-container\">\n<p>La Direcci\u00f3n de Fiscalizaci\u00f3n, Control y Tecnolog\u00eda Agroindustrial (DFCyTA) forma parte de la Subsecretar\u00eda de Comercio, Industria y Log\u00edstica y es la encargada de aplicar y fiscalizar el cumplimiento de la Ley Nacional N.\u00ba 22.802 de Lealtad Comercial (decretos y resoluciones concordantes), la Ley Nacional N.\u00ba 19.511 de Metrolog\u00eda Legal, Ley Provincial N\u00b0 6981 de SICCOM, Ley Provincial N.\u00ba 7492\/96 (y su Decreto Reglamentario N\u00b0 28\/09 de Playas de Estacionamiento), Ley Provincial N\u00b0 1118 de Control de Industrias de Base Agraria, Ley Provincial N\u00b0 2532 de Az\u00facares y Edulcorantes Artificiales, Ley Provincial N\u00b0 7101 de Vinos de Terceros, Ley Provincial N\u00b0 917 Circulaci\u00f3n y Expendio de \u00c1cidos Minerales.<\/p>\n<p>&nbsp;<\/p>\n<p><span style=\"font-size: 14px\">La Direcci\u00f3n fue creada hace 107 a\u00f1os y actualmente est\u00e1 retomando el camino de la implementaci\u00f3n de Gesti\u00f3n de Calidad, trabajando en el redise\u00f1o de sus procesos y de su arquitectura organizacional, planificando, controlando y evaluando a trav\u00e9s de la definici\u00f3n de indicadores que permitan medir el logro de los objetivos establecidos, para iniciar as\u00ed el camino de la mejora continua y poder brindar un servicio a los ciudadanos basados en la calidad, cuidado del medio ambiente y su sustentabilidad.<\/span><\/p>\n<\/div>\n<\/div>\n<\/div>\n<\/div>\n<div class=\"elementor-column elementor-col-50 elementor-top-column elementor-element elementor-element-1540622\" data-id=\"1540622\" data-element_type=\"column\">\n<div class=\"elementor-widget-wrap elementor-element-populated\">\n<div class=\"elementor-element elementor-element-2791db0 elementor-widget elementor-widget-shortcode\" data-id=\"2791db0\" data-element_type=\"widget\" data-widget_type=\"shortcode.default\">\n<div class=\"elementor-widget-container\"><\/div>\n<\/div>\n<\/div>\n<\/div>\n<p>[\/et_pb_text][\/et_pb_column_inner][\/et_pb_row_inner][\/et_pb_column][\/et_pb_section][et_pb_section fb_built=\u00bb1&#8243; admin_label=\u00bbFeatures\u00bb _builder_version=\u00bb4.16&#8243; use_background_color_gradient=\u00bbon\u00bb background_color_gradient_stops=\u00bb#474ab6 0%|#9271f6 100%\u00bb background_color_gradient_start=\u00bb#474ab6&#8243; background_color_gradient_end=\u00bb#9271f6&#8243; background_image=\u00bbhttps:\/\/mza-dicaws-portal-uploads-media-prod.s3.us-east-1.amazonaws.com\/informacion-oficial\/uploads\/sites\/17\/2025\/08\/coding-background-texture.jpg\u00bb background_blend=\u00bboverlay\u00bb custom_padding=\u00bb100px|0px|100px|0px\u00bb global_colors_info=\u00bb{}\u00bb theme_builder_area=\u00bbpost_content\u00bb][et_pb_row _builder_version=\u00bb4.27.4&#8243; _module_preset=\u00bbdefault\u00bb theme_builder_area=\u00bbpost_content\u00bb][et_pb_column _builder_version=\u00bb4.27.4&#8243; _module_preset=\u00bbdefault\u00bb type=\u00bb4_4&#8243; theme_builder_area=\u00bbpost_content\u00bb][et_pb_text _builder_version=\u00bb4.27.4&#8243; _module_preset=\u00bbdefault\u00bb theme_builder_area=\u00bbpost_content\u00bb hover_enabled=\u00bb0&#8243; sticky_enabled=\u00bb0&#8243;]<\/p>\n<p><span style=\"color: #ffffff;font-size: xx-large\">Mesa de entradas 0800-333-3492<\/span><\/p>\n<p>[\/et_pb_text][\/et_pb_column][\/et_pb_row][\/et_pb_section][et_pb_section fb_built=\u00bb1&#8243; admin_label=\u00bbLearn by Doing\u00bb _builder_version=\u00bb4.16&#8243; custom_padding=\u00bb100px|0px|100px|0px\u00bb global_colors_info=\u00bb{}\u00bb theme_builder_area=\u00bbpost_content\u00bb][et_pb_row _builder_version=\u00bb4.16&#8243; custom_padding=\u00bb90px|0px|90px|0px\u00bb hover_enabled=\u00bb0&#8243; global_colors_info=\u00bb{}\u00bb theme_builder_area=\u00bbpost_content\u00bb sticky_enabled=\u00bb0&#8243;][et_pb_column type=\u00bb4_4&#8243; _builder_version=\u00bb4.16&#8243; custom_padding=\u00bb|||\u00bb global_colors_info=\u00bb{}\u00bb custom_padding__hover=\u00bb|||\u00bb theme_builder_area=\u00bbpost_content\u00bb][et_pb_text _builder_version=\u00bb4.16&#8243; header_font=\u00bb||||||||\u00bb header_2_font=\u00bb|700|||||||\u00bb header_2_text_color=\u00bb#7272ff\u00bb header_2_font_size=\u00bb36px\u00bb header_2_line_height=\u00bb1.3em\u00bb custom_margin=\u00bb||20px|\u00bb animation_style=\u00bbslide\u00bb animation_direction=\u00bbbottom\u00bb animation_intensity_slide=\u00bb10%\u00bb locked=\u00bboff\u00bb global_colors_info=\u00bb{}\u00bb header_font_size__hover=\u00bb30px\u00bb header_font_size__hover_enabled=\u00bb30px\u00bb header_letter_spacing__hover=\u00bb0px\u00bb header_letter_spacing__hover_enabled=\u00bb0px\u00bb header_text_shadow_style__hover=\u00bbnone\u00bb header_text_shadow_style__hover_enabled=\u00bbnone\u00bb header_text_shadow_color__hover=\u00bbrgba(0,0,0,0.4)\u00bb header_text_shadow_color__hover_enabled=\u00bbrgba(0,0,0,0.4)\u00bb theme_builder_area=\u00bbpost_content\u00bb]<\/p>\n<h2><strong>Tramites<\/strong><\/h2>\n<p>[\/et_pb_text][\/et_pb_column][\/et_pb_row][et_pb_row column_structure=\u00bb1_3,1_3,1_3&#8243; _builder_version=\u00bb4.27.4&#8243; _module_preset=\u00bbdefault\u00bb global_colors_info=\u00bb{}\u00bb locked=\u00bboff\u00bb theme_builder_area=\u00bbpost_content\u00bb][et_pb_column type=\u00bb1_3&#8243; _builder_version=\u00bb4.27.4&#8243; _module_preset=\u00bbdefault\u00bb global_colors_info=\u00bb{}\u00bb theme_builder_area=\u00bbpost_content\u00bb][et_pb_toggle title=\u00bbTramites generales\u00bb open_toggle_text_color=\u00bb#FFFFFF\u00bb open_toggle_background_color=\u00bb#0C71C3&#8243; closed_toggle_background_color=\u00bb#0C71C3&#8243; icon_color=\u00bb#FFFFFF\u00bb open_icon_color=\u00bb#FFFFFF\u00bb _builder_version=\u00bb4.27.4&#8243; _module_preset=\u00bbdefault\u00bb title_text_color=\u00bb#FFFFFF\u00bb body_text_color=\u00bb#FFFFFF\u00bb border_radii=\u00bbon|15px|15px|15px|15px\u00bb global_colors_info=\u00bb{}\u00bb theme_builder_area=\u00bbpost_content\u00bb]<\/p>\n<p>Laboratorio: <a href=\"mailto:laboratorio-dfyc@mendoza.gov.ar\">laboratorio-dfyc@mendoza.gov.ar<\/a><\/p>\n<p>Altas y reinicio de contrase\u00f1as: <a href=\"mailto:registros-industria@mendoza.gov.ar\">registros-industria@mendoza.gov.ar<\/a><\/p>\n<p>Aranceles: <a href=\"mailto:aranceles-industria@mendoza.gov.ar\">aranceles-industria@mendoza.gov.ar<\/a><\/p>\n<p>Directores t\u00e9cnicos (DT) \/ Profesionales\/ Asesores: <a href=\"mailto:profesionales-industria@mendoza.gov.ar\">profesionales-industria@mendoza.gov.ar<\/a><\/p>\n<p>Vigilancia alimentaria: <a href=\"mailto:registros-industria@mendoza.gov.ar\">registros-industria@mendoza.gov.ar<\/a><\/p>\n<p>&nbsp;<\/p>\n<p>[\/et_pb_toggle][\/et_pb_column][et_pb_column type=\u00bb1_3&#8243; _builder_version=\u00bb4.27.4&#8243; _module_preset=\u00bbdefault\u00bb global_colors_info=\u00bb{}\u00bb theme_builder_area=\u00bbpost_content\u00bb][et_pb_toggle title=\u00bbTramites referidos a establecimientos\u00bb open_toggle_text_color=\u00bb#FFFFFF\u00bb open_toggle_background_color=\u00bb#C8A977&#8243; closed_toggle_background_color=\u00bb#C8A977&#8243; icon_color=\u00bb#FFFFFF\u00bb open_icon_color=\u00bb#FFFFFF\u00bb _builder_version=\u00bb4.27.4&#8243; _module_preset=\u00bbdefault\u00bb title_text_color=\u00bb#FFFFFF\u00bb body_text_color=\u00bb#FFFFFF\u00bb border_radii=\u00bbon|15px|15px|15px|15px\u00bb global_colors_info=\u00bb{}\u00bb theme_builder_area=\u00bbpost_content\u00bb]<\/p>\n<p>&nbsp;<\/p>\n<p>Registro nacional de establecimientos alimenticios(RNE): <a href=\"mailto:establecimientos-industria@mendoza.gov.ar\">establecimientos-industria@mendoza.gov.ar<\/a><\/p>\n<p>Unidad de transporte de alimentos(UTA): <a href=\"mailto:establecimientos-industria@mendoza.gov.ar\">establecimientos-industria@mendoza.gov.ar<\/a><\/p>\n<p>Picado de carne: <br \/><a href=\"mailto:envases-industria@mendoza.gov.ar\">envases-industria@mendoza.gov.ar<\/a><\/p>\n<p>Registro nacional de establecimientos envase(RNEE): <br \/><a href=\"mailto:registros-industria@mendoza.gov.ar\">registros-industria@mendoza.gov.ar<\/a><\/p>\n<p>&nbsp;<\/p>\n<p>Registro nacional de establecimientos domisanitarios(RPED): <br \/><span><a href=\"mailto:domisanitarios-industria@mendoza.gov.ar\">domisanitarios-industria@mendoza.gov.ar<\/a><\/span><\/p>\n<p><span><\/span><\/p>\n<p>[\/et_pb_toggle][\/et_pb_column][et_pb_column _builder_version=\u00bb4.27.4&#8243; _module_preset=\u00bbdefault\u00bb type=\u00bb1_3&#8243; theme_builder_area=\u00bbpost_content\u00bb][et_pb_toggle title=\u00bbTramites referidos a productos\u00bb open_toggle_text_color=\u00bb#FFFFFF\u00bb open_toggle_background_color=\u00bb#0C71C3&#8243; closed_toggle_background_color=\u00bb#0C71C3&#8243; icon_color=\u00bb#FFFFFF\u00bb open_icon_color=\u00bb#FFFFFF\u00bb _builder_version=\u00bb4.27.4&#8243; _module_preset=\u00bbdefault\u00bb title_text_color=\u00bb#FFFFFF\u00bb body_text_color=\u00bb#FFFFFF\u00bb border_radii=\u00bbon|15px|15px|15px|15px\u00bb global_colors_info=\u00bb{}\u00bb theme_builder_area=\u00bbpost_content\u00bb]<\/p>\n<p>&nbsp;<\/p>\n<p>Registro nacional de productos alimenticios(RNPA): <a href=\"mailto:productos-industria@mendoza.gov.ar\">productos-industria@mendoza.gov.ar<\/a><\/p>\n<p>&nbsp;<\/p>\n<p>Registro nacional de productos envase(RNPE): <a href=\"mailto:envases-industria@mendoza.gov.ar\">envases-industria@mendoza.gov.ar<\/a><\/p>\n<p>&nbsp;<\/p>\n<p>Registro provincial de productos domisanitarios(RPPD): <a href=\"mailto:domisanitarios-industria@mendoza.gov.ar\">domisanitarios-industria@mendoza.gov.ar<\/a><\/p>\n<p>&nbsp;<\/p>\n<p>Agotamiento de stock: <a href=\"mailto:productos-industria@mendoza.gov.ar\">productos-industria@mendoza.gov.ar<\/a><\/p>\n<p>&nbsp;<\/p>\n<p>Inscripci\u00f3n de segundo orden: <span><a href=\"mailto:productos-industria@mendoza.gov.ar\">productos-industria@mendoza.gov.ar<\/a><\/span><\/p>\n<p><span><\/span><\/p>\n<p>[\/et_pb_toggle][\/et_pb_column][\/et_pb_row][et_pb_row _builder_version=\u00bb4.16&#8243; custom_padding=\u00bb90px|0px|90px|0px\u00bb hover_enabled=\u00bb0&#8243; global_colors_info=\u00bb{}\u00bb theme_builder_area=\u00bbpost_content\u00bb sticky_enabled=\u00bb0&#8243;][et_pb_column type=\u00bb4_4&#8243; _builder_version=\u00bb4.16&#8243; custom_padding=\u00bb|||\u00bb global_colors_info=\u00bb{}\u00bb custom_padding__hover=\u00bb|||\u00bb theme_builder_area=\u00bbpost_content\u00bb][et_pb_text _builder_version=\u00bb4.16&#8243; header_font=\u00bb||||||||\u00bb header_2_font=\u00bb|700|||||||\u00bb header_2_text_color=\u00bb#7272ff\u00bb header_2_font_size=\u00bb36px\u00bb header_2_line_height=\u00bb1.3em\u00bb custom_margin=\u00bb||20px|\u00bb animation_style=\u00bbslide\u00bb animation_direction=\u00bbbottom\u00bb animation_intensity_slide=\u00bb10%\u00bb locked=\u00bboff\u00bb global_colors_info=\u00bb{}\u00bb header_font_size__hover=\u00bb30px\u00bb header_font_size__hover_enabled=\u00bb30px\u00bb header_letter_spacing__hover=\u00bb0px\u00bb header_letter_spacing__hover_enabled=\u00bb0px\u00bb header_text_shadow_style__hover=\u00bbnone\u00bb header_text_shadow_style__hover_enabled=\u00bbnone\u00bb header_text_shadow_color__hover=\u00bbrgba(0,0,0,0.4)\u00bb header_text_shadow_color__hover_enabled=\u00bbrgba(0,0,0,0.4)\u00bb theme_builder_area=\u00bbpost_content\u00bb]<\/p>\n<h2><strong>Descargas<\/strong><\/h2>\n<p>[\/et_pb_text][\/et_pb_column][\/et_pb_row][et_pb_row _builder_version=\u00bb4.27.4&#8243; _module_preset=\u00bbdefault\u00bb hover_enabled=\u00bb0&#8243; global_colors_info=\u00bb{}\u00bb locked=\u00bboff\u00bb theme_builder_area=\u00bbpost_content\u00bb sticky_enabled=\u00bb0&#8243;][et_pb_column type=\u00bb4_4&#8243; _builder_version=\u00bb4.27.4&#8243; _module_preset=\u00bbdefault\u00bb hover_enabled=\u00bb0&#8243; global_colors_info=\u00bb{}\u00bb theme_builder_area=\u00bbpost_content\u00bb sticky_enabled=\u00bb0&#8243;][et_pb_tabs active_tab_background_color=\u00bb#0C71C3&#8243; active_tab_text_color=\u00bb#FFFFFF\u00bb _builder_version=\u00bb4.27.4&#8243; _module_preset=\u00bbdefault\u00bb filter_contrast=\u00bb116%\u00bb hover_enabled=\u00bb0&#8243; border_radii=\u00bbon|15px|15px|15px|15px\u00bb box_shadow_style=\u00bbpreset3&#8243; box_shadow_spread=\u00bb-13px\u00bb box_shadow_color=\u00bbrgba(0,0,0,0.29)\u00bb global_colors_info=\u00bb{}\u00bb theme_builder_area=\u00bbpost_content\u00bb sticky_enabled=\u00bb0&#8243; custom_padding=\u00bb|||29px||\u00bb][et_pb_tab title=\u00bbCarne\u00bb _builder_version=\u00bb4.27.4&#8243; _module_preset=\u00bbdefault\u00bb global_colors_info=\u00bb{}\u00bb theme_builder_area=\u00bbpost_content\u00bb]<\/p>\n<p><a href=\"https:\/\/industria.mendoza.gov.ar\/descargas\">Autorizaci\u00f3n de picado de carne fuera de vista del interesado<\/a><\/p>\n<p>[\/et_pb_tab][et_pb_tab title=\u00bbEstablecimientos\u00bb _builder_version=\u00bb4.27.4&#8243; _module_preset=\u00bbdefault\u00bb global_colors_info=\u00bb{}\u00bb theme_builder_area=\u00bbpost_content\u00bb]<\/p>\n<h5><span>Registro nacional de establecimientos alimenticio (RNE)<\/span><\/h5>\n<p><span>Bot\u00f3n: <\/span><span><a href=\"https:\/\/mendoza.sifega.anmat.gob.ar\/login.php\">SIFeGA Mendoza<\/a><\/span><\/p>\n<p><span>Bot\u00f3n: <\/span><span><a href=\"https:\/\/industria.mendoza.gov.ar\/descargas\">Alta SIFeGA<\/a><\/span><span> (alta_sifega.docx)<\/span><\/p>\n<p><span>Bot\u00f3n: <\/span><span><a href=\"https:\/\/industria.mendoza.gov.ar\/media\/higiene_empresas\/establecimientos\/rne\/instructivo_tramites_sifega_establecimiento.pdf\">Instructivo tr\u00e1mites SIFeGA establecimientos<\/a><\/span><\/p>\n<p><span>Bot\u00f3n: <\/span><span><a href=\"https:\/\/industria.mendoza.gov.ar\/media\/higiene_empresas\/establecimientos\/rne\/nomenclador.pdf\">Nomencaldor<\/a><\/span><\/p>\n<h5><span>Registro nacional de establecimientos de envases (RNEE)<\/span><\/h5>\n<p>Bot\u00f3n: <span><a href=\"https:\/\/industria.mendoza.gov.ar\/descargas\">ANEXO-I.A<\/a><\/span> (instructivo_RNEE_anexo_IA.doc)<\/p>\n<p>Bot\u00f3n: <span><a href=\"https:\/\/industria.mendoza.gov.ar\/descargas\">ANEXO-I.B<\/a><\/span> (formulario<span><a href=\"https:\/\/industria.mendoza.gov.ar\/media\/higiene_empresas\/establecimientos\/rne\/nomenclador.pdf\">Nomencaldor<\/a><\/span>_RNEE_anexo_IB.doc)<\/p>\n<h5><span>Registro nacional de establecimientos de envases (RNED)<\/span><\/h5>\n<p>Bot\u00f3n: <span><a href=\"https:\/\/industria.mendoza.gov.ar\/descargas\">Formulario RPED Domisanitario<\/a><\/span> (formulario_RPED_domisanitario.doc)<\/p>\n<p>[\/et_pb_tab][et_pb_tab title=\u00bbProfesionales\u00bb _builder_version=\u00bb4.27.4&#8243; _module_preset=\u00bbdefault\u00bb theme_builder_area=\u00bbpost_content\u00bb hover_enabled=\u00bb0&#8243; sticky_enabled=\u00bb0&#8243;]<\/p>\n<p>Bot\u00f3n: <span><a href=\"https:\/\/industria.mendoza.gov.ar\/descargas\">Formulario de inscripci\u00f3n profesional<\/a><\/span> (formulario_inscripcion_profesional.docx)<\/p>\n<p>Bot\u00f3n: <span><a href=\"https:\/\/industria.mendoza.gov.ar\/descargas\">Formulario de inscripci\u00f3n director tecnico alimenticio<\/a><\/span> (formulario_inscripcion_director_tecnico_alimenticio.docx)<\/p>\n<p>[\/et_pb_tab][et_pb_tab title=\u00bbVeh\u00edculos\u00bb _builder_version=\u00bb4.27.4&#8243; _module_preset=\u00bbdefault\u00bb theme_builder_area=\u00bbpost_content\u00bb hover_enabled=\u00bb0&#8243; sticky_enabled=\u00bb0&#8243;]<\/p>\n<h5><span>Unidad de transporte de alimentos (UTA)<\/span><\/h5>\n<p>Bot\u00f3n: <span><a href=\"https:\/\/industria.mendoza.gov.ar\/descargas\">Formulario uta 2023<\/a><\/span> (formulario_uta_2023.doc)<\/p>\n<p>[\/et_pb_tab][et_pb_tab title=\u00bbProductos\u00bb _builder_version=\u00bb4.27.4&#8243; _module_preset=\u00bbdefault\u00bb theme_builder_area=\u00bbpost_content\u00bb hover_enabled=\u00bb0&#8243; sticky_enabled=\u00bb0&#8243;]<\/p>\n<h5><u><span>Inscripci\u00f3n de productos de 2\u00ba orden<\/span><\/u><\/h5>\n<p>Bot\u00f3n: <span><a href=\"https:\/\/industria.mendoza.gov.ar\/descargas\">Formulario de inscripci\u00f3n de 2\u00ba orden 2024<\/a><\/span> (form_inscripcion.docx)<\/p>\n<p>[\/et_pb_tab][et_pb_tab title=\u00bbRNPA\u00bb _builder_version=\u00bb4.27.4&#8243; _module_preset=\u00bbdefault\u00bb theme_builder_area=\u00bbpost_content\u00bb hover_enabled=\u00bb0&#8243; sticky_enabled=\u00bb0&#8243;]<\/p>\n<p>Registro Nacional de productos alimenticios<\/p>\n<p>Bot\u00f3n: <span><a href=\"https:\/\/industria.mendoza.gov.ar\/media\/higiene_empresas\/productos\/rnpa\/instructivo_de_ingreso_de_RNPA_por_empresas.pdf\">Instructivo de Ingreso de RNPA por empresas<\/a><\/span><\/p>\n<p>Bot\u00f3n: <span><a href=\"https:\/\/industria.mendoza.gov.ar\/media\/higiene_empresas\/productos\/rnpa\/productos_rnpa_nomenclador.pdf\">Nomenclador para RNE-RNPA<\/a><\/span><\/p>\n<p>Bot\u00f3n: <span><a href=\"https:\/\/industria.mendoza.gov.ar\/media\/higiene_empresas\/productos\/rnpa\/documentacion_legal_utilizada_rnpa.pdf\">Documentaci\u00f3n legal utilizada<\/a><\/span><\/p>\n<p>Bot\u00f3n: <span><a href=\"https:\/\/industria.mendoza.gov.ar\/media\/higiene_empresas\/productos\/rnpa\/clasificacion_de_viandas.pdf\">Clasificaci\u00f3n de viandas<\/a><\/span><\/p>\n<p>Bot\u00f3n: <span><a href=\"https:\/\/industria.mendoza.gov.ar\/media\/higiene_empresas\/productos\/rnpa\/resolucion_315_2024.pdf\">Res. 315\/2024<\/a><\/span><\/p>\n<p>Boton: <span><a href=\"https:\/\/industria.mendoza.gov.ar\/media\/higiene_empresas\/productos\/rnpa\/fichas_modelo_rnpa.pdf\">Fichas modelo RNPA<\/a><\/span><\/p>\n<p>[\/et_pb_tab][et_pb_tab title=\u00bbTramites\u00bb _builder_version=\u00bb4.27.4&#8243; _module_preset=\u00bbdefault\u00bb theme_builder_area=\u00bbpost_content\u00bb hover_enabled=\u00bb0&#8243; sticky_enabled=\u00bb0&#8243;]<\/p>\n<p><span>Tr\u00e1mites<\/span><\/p>\n<p><span><a href=\"https:\/\/industria.mendoza.gov.ar\/media\/higiene_empresas\/preguntas_frecuentes_sifega.pdf\">Preguntas frecuentes SIFeGA<\/a><\/span><\/p>\n<p>&nbsp;<\/p>\n<p><span>Tr\u00e1mites<\/span><\/p>\n<p><span><a href=\"https:\/\/industria.mendoza.gov.ar\/media\/comercio\/formulario_agotamiento_stock.pdf\">Forn.agotamiento stock<\/a><\/span><\/p>\n<p>[\/et_pb_tab][\/et_pb_tabs][\/et_pb_column][\/et_pb_row][\/et_pb_section][et_pb_section fb_built=\u00bb1&#8243; fullwidth=\u00bbon\u00bb theme_builder_area=\u00bbpost_content\u00bb _builder_version=\u00bb4.27.4&#8243; _module_preset=\u00bbdefault\u00bb][\/et_pb_section]<\/p>\n","protected":false},"excerpt":{"rendered":"<p>Direcci\u00f3n de Fiscalizaci\u00f3n, Control y Tecnolog\u00eda Agroindustrial La Direcci\u00f3n de Fiscalizaci\u00f3n, Control y Tecnolog\u00eda Agroindustrial (DFCyTA) forma parte de la Subsecretar\u00eda de Comercio, Industria y Log\u00edstica y es la encargada de aplicar y fiscalizar el cumplimiento de la Ley Nacional N.\u00ba 22.802 de Lealtad Comercial (decretos y resoluciones concordantes), la Ley Nacional N.\u00ba 19.511 de [&hellip;]<\/p>\n","protected":false},"author":22,"featured_media":0,"parent":0,"menu_order":0,"comment_status":"closed","ping_status":"closed","template":"","meta":{"_et_pb_use_builder":"on","_et_pb_old_content":"","_et_gb_content_width":"","footnotes":""},"class_list":["post-848","page","type-page","status-publish","hentry"],"_links":{"self":[{"href":"https:\/\/informacionoficial.mendoza.gob.ar\/produccion\/wp-json\/wp\/v2\/pages\/848","targetHints":{"allow":["GET"]}}],"collection":[{"href":"https:\/\/informacionoficial.mendoza.gob.ar\/produccion\/wp-json\/wp\/v2\/pages"}],"about":[{"href":"https:\/\/informacionoficial.mendoza.gob.ar\/produccion\/wp-json\/wp\/v2\/types\/page"}],"author":[{"embeddable":true,"href":"https:\/\/informacionoficial.mendoza.gob.ar\/produccion\/wp-json\/wp\/v2\/users\/22"}],"replies":[{"embeddable":true,"href":"https:\/\/informacionoficial.mendoza.gob.ar\/produccion\/wp-json\/wp\/v2\/comments?post=848"}],"version-history":[{"count":9,"href":"https:\/\/informacionoficial.mendoza.gob.ar\/produccion\/wp-json\/wp\/v2\/pages\/848\/revisions"}],"predecessor-version":[{"id":1066,"href":"https:\/\/informacionoficial.mendoza.gob.ar\/produccion\/wp-json\/wp\/v2\/pages\/848\/revisions\/1066"}],"wp:attachment":[{"href":"https:\/\/informacionoficial.mendoza.gob.ar\/produccion\/wp-json\/wp\/v2\/media?parent=848"}],"curies":[{"name":"wp","href":"https:\/\/api.w.org\/{rel}","templated":true}]}}