{"id":858,"date":"2025-08-05T07:30:11","date_gmt":"2025-08-05T05:30:11","guid":{"rendered":"https:\/\/informacionoficial.mendoza.gob.ar\/produccion\/?page_id=858"},"modified":"2025-08-05T20:29:57","modified_gmt":"2025-08-05T18:29:57","slug":"direccion-de-desarrollo-productivo","status":"publish","type":"page","link":"https:\/\/informacionoficial.mendoza.gob.ar\/produccion\/direccion-de-desarrollo-productivo\/","title":{"rendered":"Direcci\u00f3n de Desarrollo Productivo"},"content":{"rendered":"<p>[et_pb_section fb_built=\u00bb1&#8243; theme_builder_area=\u00bbpost_content\u00bb _builder_version=\u00bb4.27.4&#8243; _module_preset=\u00bbdefault\u00bb][et_pb_row _builder_version=\u00bb4.27.4&#8243; _module_preset=\u00bbdefault\u00bb theme_builder_area=\u00bbpost_content\u00bb hover_enabled=\u00bb0&#8243; sticky_enabled=\u00bb0&#8243;][et_pb_column _builder_version=\u00bb4.27.4&#8243; _module_preset=\u00bbdefault\u00bb type=\u00bb4_4&#8243; theme_builder_area=\u00bbpost_content\u00bb hover_enabled=\u00bb0&#8243; sticky_enabled=\u00bb0&#8243;][et_pb_slider _builder_version=\u00bb4.27.4&#8243; _module_preset=\u00bbdefault\u00bb theme_builder_area=\u00bbpost_content\u00bb background_enable_image=\u00bboff\u00bb background_repeat=\u00bbspace\u00bb background_blend=\u00bbcolor-burn\u00bb hover_enabled=\u00bb0&#8243; sticky_enabled=\u00bb0&#8243; title_text=\u00bb5e6f7ea9b9bd9_1024_440!\u00bb][et_pb_slide heading=\u00bbDirecci\u00f3n General de Desarrollo Productivo\u00bb _builder_version=\u00bb4.27.4&#8243; _module_preset=\u00bbdefault\u00bb theme_builder_area=\u00bbpost_content\u00bb hover_enabled=\u00bb0&#8243; sticky_enabled=\u00bb0&#8243; background_color=\u00bb#000F9F\u00bb background_enable_color=\u00bbon\u00bb border_color_all_image=\u00bb#000F9F\u00bb]<\/p>\n<p>Promover la innovaci\u00f3n, la capacitaci\u00f3n y el fortalecimiento de las empresas locales, contribuyendo al desarrollo sostenible de la Provincia y potenciando las oportunidades comerciales y productivas en diversos sectores.<\/p>\n<p>&nbsp;<\/p>\n<p>[\/et_pb_slide][et_pb_slide _builder_version=\u00bb4.27.4&#8243; _module_preset=\u00bbdefault\u00bb theme_builder_area=\u00bbpost_content\u00bb]<\/p>\n<p>Trabaja en el fortalecimiento de cl\u00fasteres en la econom\u00eda regional, el an\u00e1lisis de cadenas de valor y el desarrollo de pol\u00edticas de especializaci\u00f3n.<\/p>\n<p>[\/et_pb_slide][\/et_pb_slider][\/et_pb_column][\/et_pb_row][et_pb_row _builder_version=\u00bb4.27.4&#8243; _module_preset=\u00bbdefault\u00bb theme_builder_area=\u00bbpost_content\u00bb column_structure=\u00bb2_5,3_5&#8243;][et_pb_column _builder_version=\u00bb4.27.4&#8243; _module_preset=\u00bbdefault\u00bb type=\u00bb2_5&#8243; theme_builder_area=\u00bbpost_content\u00bb][et_pb_image src=\u00bbhttps:\/\/mza-dicaws-portal-uploads-media-prod.s3.us-east-1.amazonaws.com\/informacion-oficial\/uploads\/sites\/17\/2025\/08\/OIP-16.webp\u00bb _builder_version=\u00bb4.27.4&#8243; _module_preset=\u00bbdefault\u00bb theme_builder_area=\u00bbpost_content\u00bb title_text=\u00bbOIP (16)\u00bb hover_enabled=\u00bb0&#8243; sticky_enabled=\u00bb0&#8243;][\/et_pb_image][\/et_pb_column][et_pb_column _builder_version=\u00bb4.27.4&#8243; _module_preset=\u00bbdefault\u00bb type=\u00bb3_5&#8243; theme_builder_area=\u00bbpost_content\u00bb][et_pb_text _builder_version=\u00bb4.27.4&#8243; _module_preset=\u00bbdefault\u00bb theme_builder_area=\u00bbpost_content\u00bb hover_enabled=\u00bb0&#8243; sticky_enabled=\u00bb0&#8243;]<\/p>\n<p><span>La Direcci\u00f3n General de Desarrollo Productivo se encarga de dise\u00f1ar, coordinar y ejecutar pol\u00edticas y programas que fomenten el crecimiento econ\u00f3mico y la competitividad de las PyMES y sectores productivos de Mendoza.<\/span><br \/><span>Su labor se centra en promover la innovaci\u00f3n, la capacitaci\u00f3n y el fortalecimiento de las empresas locales, contribuyendo al desarrollo sostenible de la Provincia y potenciando las oportunidades comerciales y productivas en diversos sectores.<\/span><br \/><span>Adem\u00e1s, trabaja en el fortalecimiento de cl\u00fasteres en la econom\u00eda regional, el an\u00e1lisis de cadenas de valor y el desarrollo de pol\u00edticas de especializaci\u00f3n.<\/span><\/p>\n<p>[\/et_pb_text][\/et_pb_column][\/et_pb_row][\/et_pb_section][et_pb_section fb_built=\u00bb1&#8243; theme_builder_area=\u00bbpost_content\u00bb _builder_version=\u00bb4.27.4&#8243; _module_preset=\u00bbdefault\u00bb][et_pb_row _builder_version=\u00bb4.27.4&#8243; _module_preset=\u00bbdefault\u00bb theme_builder_area=\u00bbpost_content\u00bb column_structure=\u00bb1_2,1_2&#8243;][et_pb_column _builder_version=\u00bb4.27.4&#8243; _module_preset=\u00bbdefault\u00bb type=\u00bb1_2&#8243; theme_builder_area=\u00bbpost_content\u00bb][et_pb_accordion _builder_version=\u00bb4.27.4&#8243; _module_preset=\u00bbdefault\u00bb theme_builder_area=\u00bbpost_content\u00bb hover_enabled=\u00bb0&#8243; sticky_enabled=\u00bb0&#8243;][et_pb_accordion_item title=\u00bbMENDOZA + COMERCIO\u00bb _builder_version=\u00bb4.27.4&#8243; _module_preset=\u00bbdefault\u00bb theme_builder_area=\u00bbpost_content\u00bb open=\u00bbon\u00bb]<\/p>\n<p>Objetivo General<\/p>\n<p>Crear una base s\u00f3lida para el crecimiento sostenible, progresivo y competitivo a largo plazo de las pymes en el sector comercial<\/p>\n<p><strong>\u00a0<\/strong><strong>Ejes De Trabajo<\/strong><\/p>\n<ol>\n<li><strong><em> Observatorio Comercial<\/em><\/strong>: Herramienta estrat\u00e9gica que permite recopilar, analizar y utilizar informaci\u00f3n relevante sobre el entorno comercial y econ\u00f3mico en el que opera para tener conocimiento llevando a tomar decisiones y plantear pol\u00edticas p\u00fablicas productivas.<\/li>\n<\/ol>\n<p><strong>Relevamientos a realizar:<\/strong><\/p>\n<ul>\n<li>Demanda Comercial: necesidades de capacitaci\u00f3n, asesoramiento y financiamiento<\/li>\n<li>Desarrollo Comercial: comportamiento consumidor<\/li>\n<li>Evoluci\u00f3n Comercial: cantidad de comercios abiertos, cerrados y locales vac\u00edos. identificar los rubros predominantes<\/li>\n<li>Transformaci\u00f3n Digital: innovaci\u00f3n &#8211; oferta y demanda on line<\/li>\n<li>Relevamiento Ventas: fechas especiales<\/li>\n<li>Relevamientos Especiales a pedido<\/li>\n<\/ul>\n<p>ACA SE DEBERIA IR CARGANDO LOS INFORMES DE CADA RELEVAMIENTO QUE SE VA REALIZANDO<\/p>\n<p>[\/et_pb_accordion_item][et_pb_accordion_item title=\u00bbDiagn\u00f3stico Comercial\u00bb _builder_version=\u00bb4.27.4&#8243; _module_preset=\u00bbdefault\u00bb theme_builder_area=\u00bbpost_content\u00bb open=\u00bboff\u00bb]<\/p>\n<ol start=\"2\">\n<li><strong><em> Diagn\u00f3stico Comercial:<\/em><\/strong> Identificar la situaci\u00f3n en la que se encuentra el comercio, puntos a mejorar y recomendaciones de herramientas de mejoras<\/li>\n<\/ol>\n<p><strong>Ejes de Trabajo a Evaluar<\/strong><\/p>\n<ul>\n<li>Modelo de negocio<\/li>\n<li>Procesos<\/li>\n<li>Estrategias de marketing y comunicaci\u00f3n E- commerce<\/li>\n<li>Imagen y dise\u00f1o Capital humano<\/li>\n<li>Aspectos impositivos y contables<\/li>\n<li>Mejora comercial y recomendaci\u00f3n de herramientas<\/li>\n<\/ul>\n<p>3.Capacitaciones: Luego de realizar el relevamiento de necesidades de capacitaci\u00f3n y de los resultados que arrojan los diagn\u00f3sticos, se armar\u00e1 un programa espec\u00edfico de capacitaciones.<\/p>\n<p>ACA SE DEBERIA IR CARGANDO LOS FLYER DE CADA CAPACITACI\u00d3N QUE SE DAN<\/p>\n<p>&nbsp;<\/p>\n<p>Formatos<\/p>\n<ul>\n<li>Conferencias Abiertas<\/li>\n<li>Talleres<\/li>\n<li>Foro Nacional de Comercio<\/li>\n<\/ul>\n<p>[\/et_pb_accordion_item][\/et_pb_accordion][\/et_pb_column][et_pb_column _builder_version=\u00bb4.27.4&#8243; _module_preset=\u00bbdefault\u00bb type=\u00bb1_2&#8243; theme_builder_area=\u00bbpost_content\u00bb][et_pb_accordion _builder_version=\u00bb4.27.4&#8243; _module_preset=\u00bbdefault\u00bb theme_builder_area=\u00bbpost_content\u00bb hover_enabled=\u00bb0&#8243; sticky_enabled=\u00bb0&#8243; locked=\u00bboff\u00bb][et_pb_accordion_item title=\u00bbFinanciamiento\u00bb _builder_version=\u00bb4.27.4&#8243; _module_preset=\u00bbdefault\u00bb theme_builder_area=\u00bbpost_content\u00bb open=\u00bbon\u00bb]<\/p>\n<p>\u00a0 El comerciante podr\u00e1 acceder a una l\u00ednea de financiamiento, previo cumplimiento de las etapas (diagn\u00f3stico-capacitaci\u00f3n) y mediante presentaci\u00f3n de proyecto de mejora.<\/p>\n<p>.<\/p>\n<p>[\/et_pb_accordion_item][et_pb_accordion_item title=\u00bbPromoci\u00f3n Empresarial\u00bb _builder_version=\u00bb4.27.4&#8243; _module_preset=\u00bbdefault\u00bb theme_builder_area=\u00bbpost_content\u00bb open=\u00bboff\u00bb]<\/p>\n<p>Promoci\u00f3n Empresarial: Ronda de negocios nacionales Ferias nacionales<\/p>\n<ul>\n<li><\/li>\n<\/ul>\n<p>[\/et_pb_accordion_item][\/et_pb_accordion][\/et_pb_column][\/et_pb_row][et_pb_row _builder_version=\u00bb4.27.4&#8243; _module_preset=\u00bbdefault\u00bb theme_builder_area=\u00bbpost_content\u00bb][et_pb_column _builder_version=\u00bb4.27.4&#8243; _module_preset=\u00bbdefault\u00bb type=\u00bb4_4&#8243; theme_builder_area=\u00bbpost_content\u00bb][et_pb_cta title=\u00bbPrograma m\u00e1s comercio\u00bb button_text=\u00bbClics\u00bb _builder_version=\u00bb4.27.4&#8243; _module_preset=\u00bbdefault\u00bb theme_builder_area=\u00bbpost_content\u00bb hover_enabled=\u00bb0&#8243; sticky_enabled=\u00bb0&#8243;]<\/p>\n<p><span>Crear una base s\u00f3lida para el crecimiento sostenible, progresivo y competitivo a largo plazo de las PyMES en el sector comercial de la provincia de Mendoza.<\/span><\/p>\n<p>[\/et_pb_cta][\/et_pb_column][\/et_pb_row][\/et_pb_section][et_pb_section fb_built=\u00bb1&#8243; fullwidth=\u00bbon\u00bb theme_builder_area=\u00bbpost_content\u00bb _builder_version=\u00bb4.27.4&#8243; _module_preset=\u00bbdefault\u00bb][\/et_pb_section]<\/p>\n","protected":false},"excerpt":{"rendered":"<p>Promover la innovaci\u00f3n, la capacitaci\u00f3n y el fortalecimiento de las empresas locales, contribuyendo al desarrollo sostenible de la Provincia y potenciando las oportunidades comerciales y productivas en diversos sectores. &nbsp;Trabaja en el fortalecimiento de cl\u00fasteres en la econom\u00eda regional, el an\u00e1lisis de cadenas de valor y el desarrollo de pol\u00edticas de especializaci\u00f3n.La Direcci\u00f3n General de [&hellip;]<\/p>\n","protected":false},"author":22,"featured_media":0,"parent":0,"menu_order":0,"comment_status":"closed","ping_status":"closed","template":"","meta":{"_et_pb_use_builder":"on","_et_pb_old_content":"","_et_gb_content_width":"","footnotes":""},"class_list":["post-858","page","type-page","status-publish","hentry"],"_links":{"self":[{"href":"https:\/\/informacionoficial.mendoza.gob.ar\/produccion\/wp-json\/wp\/v2\/pages\/858","targetHints":{"allow":["GET"]}}],"collection":[{"href":"https:\/\/informacionoficial.mendoza.gob.ar\/produccion\/wp-json\/wp\/v2\/pages"}],"about":[{"href":"https:\/\/informacionoficial.mendoza.gob.ar\/produccion\/wp-json\/wp\/v2\/types\/page"}],"author":[{"embeddable":true,"href":"https:\/\/informacionoficial.mendoza.gob.ar\/produccion\/wp-json\/wp\/v2\/users\/22"}],"replies":[{"embeddable":true,"href":"https:\/\/informacionoficial.mendoza.gob.ar\/produccion\/wp-json\/wp\/v2\/comments?post=858"}],"version-history":[{"count":4,"href":"https:\/\/informacionoficial.mendoza.gob.ar\/produccion\/wp-json\/wp\/v2\/pages\/858\/revisions"}],"predecessor-version":[{"id":1034,"href":"https:\/\/informacionoficial.mendoza.gob.ar\/produccion\/wp-json\/wp\/v2\/pages\/858\/revisions\/1034"}],"wp:attachment":[{"href":"https:\/\/informacionoficial.mendoza.gob.ar\/produccion\/wp-json\/wp\/v2\/media?parent=858"}],"curies":[{"name":"wp","href":"https:\/\/api.w.org\/{rel}","templated":true}]}}