{"id":1046,"date":"2025-05-26T12:41:24","date_gmt":"2025-05-26T15:41:24","guid":{"rendered":"https:\/\/informacionoficial.mendoza.gob.ar\/saludydeportes\/?page_id=1046"},"modified":"2026-03-03T08:38:18","modified_gmt":"2026-03-03T11:38:18","slug":"visitas-guiadas","status":"publish","type":"page","link":"https:\/\/informacionoficial.mendoza.gob.ar\/saludydeportes\/ministerio-de-salud-y-deportes\/deportes\/visitas-guiadas\/","title":{"rendered":"Visitas guiadas"},"content":{"rendered":"<p>[et_pb_section fb_built=\u00bb1&#8243; _builder_version=\u00bb4.27.4&#8243; _module_preset=\u00bbdefault\u00bb background_color=\u00bb#79ABC8&#8243; global_colors_info=\u00bb{}\u00bb][et_pb_row _builder_version=\u00bb4.27.4&#8243; _module_preset=\u00bbdefault\u00bb custom_padding=\u00bb187px|||||\u00bb global_colors_info=\u00bb{}\u00bb][et_pb_column type=\u00bb4_4&#8243; _builder_version=\u00bb4.27.4&#8243; _module_preset=\u00bbdefault\u00bb global_colors_info=\u00bb{}\u00bb][et_pb_accordion _builder_version=\u00bb4.27.4&#8243; _module_preset=\u00bbdefault\u00bb global_colors_info=\u00bb{}\u00bb][et_pb_accordion_item title=\u00bbSent\u00ed Malvinas\u00bb open=\u00bbon\u00bb _builder_version=\u00bb4.27.4&#8243; _module_preset=\u00bbdefault\u00bb global_colors_info=\u00bb{}\u00bb]<\/p>\n<p>Este recorrido no solo permite conocer las instalaciones donde se disputaron eventos hist\u00f3ricos, sino tambi\u00e9n descubrir relatos y an\u00e9cdotas que reflejan la identidad deportiva de Mendoza y de Argentina. Delegaciones escolares, equipos deportivos, universidades y viajeros de distintos puntos del pa\u00eds y del extranjero participan semanalmente de esta propuesta que combina cultura, deporte y memoria.<\/p>\n<p>\u201cSent\u00ed Malvinas ha permitido a miles de personas conectarse con la historia y el legado del estadio. Nos llena de orgullo compartir este espacio con quienes lo visitan por primera vez y tambi\u00e9n con quienes vuelven emocionados\u201d, destaca Viviana Balzarelli, directora del \u00e1rea organizadora del programa.<\/p>\n<p>El estadio ofrece <strong>visitas guiadas de lunes a viernes a las 9, 10, 12 y 14 h<\/strong>, con cupos limitados .<\/p>\n<p>Para conocer m\u00e1s sobre esta experiencia y solicitar turnos para visitas guiadas, comunicarse al <strong>4439100 int 128<\/strong><\/p>\n<p>[\/et_pb_accordion_item][et_pb_accordion_item title=\u00bbVisitas guiadas\u00bb _builder_version=\u00bb4.27.4&#8243; _module_preset=\u00bbdefault\u00bb global_colors_info=\u00bb{}\u00bb open=\u00bboff\u00bb]<\/p>\n<p>El Estadio Malvinas Argentinas contin\u00faa siendo uno de los destinos m\u00e1s elegidos por turistas, escuelas y clubes que desean vivir de cerca la historia del deporte nacional e internacional. A trav\u00e9s del programa <strong>Sent\u00ed Malvinas<\/strong>, impulsado por la Direcci\u00f3n de Deporte Social y Comunitario de la Subsecretar\u00eda de Deportes, miles de visitantes disfrutan recorridos guiados por este \u00edcono arquitect\u00f3nico ubicado en un entorno natural \u00fanico.<\/p>\n<p>[\/et_pb_accordion_item][\/et_pb_accordion][\/et_pb_column][\/et_pb_row][et_pb_row _builder_version=\u00bb4.27.4&#8243; _module_preset=\u00bbdefault\u00bb background_color=\u00bb#C8A977&#8243; global_colors_info=\u00bb{}\u00bb][et_pb_column type=\u00bb4_4&#8243; _builder_version=\u00bb4.27.4&#8243; _module_preset=\u00bbdefault\u00bb global_colors_info=\u00bb{}\u00bb][et_pb_testimonial author=\u00bbViviana Balzarelli\u00bb job_title=\u00bbDirectora Deporte Social y Comunitario\u00bb company_name=\u00bbSubsecretar\u00eda de Deportes\u00bb portrait_url=\u00bbhttps:\/\/mza-dicaws-portal-uploads-media-prod.s3.us-east-1.amazonaws.com\/informacion-oficial\/uploads\/sites\/15\/2025\/05\/vivi-fondo.png\u00bb quote_icon_color=\u00bb#000F9F\u00bb _builder_version=\u00bb4.27.4&#8243; _module_preset=\u00bbdefault\u00bb global_colors_info=\u00bb{}\u00bb]<\/p>\n<blockquote>\n<p>Sent\u00ed Malvinas ha permitido a miles de personas conectarse con la historia y el legado del estadio. Nos llena de orgullo compartir este espacio con quienes lo visitan por primera vez y tambi\u00e9n con quienes vuelven emocionados.<\/p>\n<\/blockquote>\n<p>[\/et_pb_testimonial][\/et_pb_column][\/et_pb_row][\/et_pb_section][et_pb_section fb_built=\u00bb1&#8243; fullwidth=\u00bbon\u00bb _builder_version=\u00bb4.27.4&#8243; _module_preset=\u00bbdefault\u00bb global_colors_info=\u00bb{}\u00bb][et_pb_fullwidth_image src=\u00bbhttps:\/\/mza-dicaws-portal-uploads-media-prod.s3.us-east-1.amazonaws.com\/informacion-oficial\/uploads\/sites\/15\/2025\/07\/20220721_131959-scaled.jpg\u00bb title_text=\u00bb20220721_131959&#8243; _builder_version=\u00bb4.27.4&#8243; _module_preset=\u00bbdefault\u00bb global_colors_info=\u00bb{}\u00bb][\/et_pb_fullwidth_image][et_pb_fullwidth_image src=\u00bbhttps:\/\/mza-dicaws-portal-uploads-media-prod.s3.us-east-1.amazonaws.com\/informacion-oficial\/uploads\/sites\/15\/2025\/07\/20220804_115814-scaled.jpg\u00bb title_text=\u00bb20220804_115814&#8243; _builder_version=\u00bb4.27.4&#8243; _module_preset=\u00bbdefault\u00bb global_colors_info=\u00bb{}\u00bb][\/et_pb_fullwidth_image][\/et_pb_section]<\/p>\n","protected":false},"excerpt":{"rendered":"<p>Este recorrido no solo permite conocer las instalaciones donde se disputaron eventos hist\u00f3ricos, sino tambi\u00e9n descubrir relatos y an\u00e9cdotas que reflejan la identidad deportiva de Mendoza y de Argentina. Delegaciones escolares, equipos deportivos, universidades y viajeros de distintos puntos del pa\u00eds y del extranjero participan semanalmente de esta propuesta que combina cultura, deporte y memoria. [&hellip;]<\/p>\n","protected":false},"author":11,"featured_media":0,"parent":31,"menu_order":0,"comment_status":"closed","ping_status":"closed","template":"","meta":{"_et_pb_use_builder":"on","_et_pb_old_content":"","_et_gb_content_width":"","footnotes":""},"class_list":["post-1046","page","type-page","status-publish","hentry"],"_links":{"self":[{"href":"https:\/\/informacionoficial.mendoza.gob.ar\/saludydeportes\/wp-json\/wp\/v2\/pages\/1046","targetHints":{"allow":["GET"]}}],"collection":[{"href":"https:\/\/informacionoficial.mendoza.gob.ar\/saludydeportes\/wp-json\/wp\/v2\/pages"}],"about":[{"href":"https:\/\/informacionoficial.mendoza.gob.ar\/saludydeportes\/wp-json\/wp\/v2\/types\/page"}],"author":[{"embeddable":true,"href":"https:\/\/informacionoficial.mendoza.gob.ar\/saludydeportes\/wp-json\/wp\/v2\/users\/11"}],"replies":[{"embeddable":true,"href":"https:\/\/informacionoficial.mendoza.gob.ar\/saludydeportes\/wp-json\/wp\/v2\/comments?post=1046"}],"version-history":[{"count":10,"href":"https:\/\/informacionoficial.mendoza.gob.ar\/saludydeportes\/wp-json\/wp\/v2\/pages\/1046\/revisions"}],"predecessor-version":[{"id":6406,"href":"https:\/\/informacionoficial.mendoza.gob.ar\/saludydeportes\/wp-json\/wp\/v2\/pages\/1046\/revisions\/6406"}],"up":[{"embeddable":true,"href":"https:\/\/informacionoficial.mendoza.gob.ar\/saludydeportes\/wp-json\/wp\/v2\/pages\/31"}],"wp:attachment":[{"href":"https:\/\/informacionoficial.mendoza.gob.ar\/saludydeportes\/wp-json\/wp\/v2\/media?parent=1046"}],"curies":[{"name":"wp","href":"https:\/\/api.w.org\/{rel}","templated":true}]}}