{"id":1535,"date":"2025-07-21T11:52:42","date_gmt":"2025-07-21T14:52:42","guid":{"rendered":"https:\/\/informacionoficial.mendoza.gob.ar\/saludydeportes\/?page_id=1535"},"modified":"2025-07-21T11:52:42","modified_gmt":"2025-07-21T14:52:42","slug":"alerta-hepatitis","status":"publish","type":"page","link":"https:\/\/informacionoficial.mendoza.gob.ar\/saludydeportes\/alerta-hepatitis\/","title":{"rendered":"Alerta. Hepatitis"},"content":{"rendered":"\n<p class=\"has-black-color has-text-color has-link-color wp-elements-0d6dbebcc6187196e62441583d2f77c3\" style=\"font-size:28px\"><strong>Hepatitis Aguda Grave de origen desconocido en Pediatr\u00eda<\/strong><\/p>\n\n\n\n<p>Junio 2022<\/p>\n\n\n\n<p><a href=\"https:\/\/www.mendoza.gov.ar\/wp-content\/uploads\/sites\/7\/2022\/06\/Recomendaciones-iniciales-para-el-manejo-de-hepatitis-aguda-grave-de-origen-desconocido-en-pediatria.-JUNIO-2022.pdf\" target=\"_blank\" rel=\"noreferrer noopener\">Recomendaciones iniciales para el manejo de hepatitis aguda grave de origen desconocido en pediatr\u00eda. Junio 2022<\/a><br><a href=\"https:\/\/www.mendoza.gov.ar\/wp-content\/uploads\/sites\/7\/2022\/06\/ficha-hepatitis-2022.pdf\" target=\"_blank\" rel=\"noreferrer noopener\">Ficha de Notificaci\u00f3n e Investigaci\u00f3n Epidemiol\u00f3gica Hepatitis Aguda Grave de origen desconocido<\/a><br><a href=\"https:\/\/www.mendoza.gov.ar\/wp-content\/uploads\/sites\/7\/2022\/06\/alerta-hepatitis-aguda-grave-de-origen-desconocido-en-pediatria-27-03-2022.pdf\" target=\"_blank\" rel=\"noreferrer noopener\">Casos de hepatitis aguda grave de origen desconocido en poblaci\u00f3n pedi\u00e1trica<\/a><br><a href=\"https:\/\/www.mendoza.gov.ar\/wp-content\/uploads\/sites\/7\/2022\/06\/2022-Abril-29_PHE-Hepatitis-aguda-de-causa-desconocida_OPS.pdf\" target=\"_blank\" rel=\"noreferrer noopener\">Hepatitis aguda grave de causa desconocida en ni\u00f1os<\/a><\/p>\n","protected":false},"excerpt":{"rendered":"<p>Hepatitis Aguda Grave de origen desconocido en Pediatr\u00eda Junio 2022 Recomendaciones iniciales para el manejo de hepatitis aguda grave de origen desconocido en pediatr\u00eda. Junio 2022Ficha de Notificaci\u00f3n e Investigaci\u00f3n Epidemiol\u00f3gica Hepatitis Aguda Grave de origen desconocidoCasos de hepatitis aguda grave de origen desconocido en poblaci\u00f3n pedi\u00e1tricaHepatitis aguda grave de causa desconocida en ni\u00f1os<\/p>\n","protected":false},"author":41,"featured_media":0,"parent":0,"menu_order":0,"comment_status":"closed","ping_status":"closed","template":"","meta":{"_et_pb_use_builder":"","_et_pb_old_content":"","_et_gb_content_width":"","footnotes":""},"class_list":["post-1535","page","type-page","status-publish","hentry"],"_links":{"self":[{"href":"https:\/\/informacionoficial.mendoza.gob.ar\/saludydeportes\/wp-json\/wp\/v2\/pages\/1535","targetHints":{"allow":["GET"]}}],"collection":[{"href":"https:\/\/informacionoficial.mendoza.gob.ar\/saludydeportes\/wp-json\/wp\/v2\/pages"}],"about":[{"href":"https:\/\/informacionoficial.mendoza.gob.ar\/saludydeportes\/wp-json\/wp\/v2\/types\/page"}],"author":[{"embeddable":true,"href":"https:\/\/informacionoficial.mendoza.gob.ar\/saludydeportes\/wp-json\/wp\/v2\/users\/41"}],"replies":[{"embeddable":true,"href":"https:\/\/informacionoficial.mendoza.gob.ar\/saludydeportes\/wp-json\/wp\/v2\/comments?post=1535"}],"version-history":[{"count":3,"href":"https:\/\/informacionoficial.mendoza.gob.ar\/saludydeportes\/wp-json\/wp\/v2\/pages\/1535\/revisions"}],"predecessor-version":[{"id":1630,"href":"https:\/\/informacionoficial.mendoza.gob.ar\/saludydeportes\/wp-json\/wp\/v2\/pages\/1535\/revisions\/1630"}],"wp:attachment":[{"href":"https:\/\/informacionoficial.mendoza.gob.ar\/saludydeportes\/wp-json\/wp\/v2\/media?parent=1535"}],"curies":[{"name":"wp","href":"https:\/\/api.w.org\/{rel}","templated":true}]}}