{"id":1628,"date":"2025-07-21T11:52:27","date_gmt":"2025-07-21T14:52:27","guid":{"rendered":"https:\/\/informacionoficial.mendoza.gob.ar\/saludydeportes\/?page_id=1628"},"modified":"2026-01-19T15:25:01","modified_gmt":"2026-01-19T18:25:01","slug":"alerta-influenza","status":"publish","type":"page","link":"https:\/\/informacionoficial.mendoza.gob.ar\/saludydeportes\/alerta-influenza\/","title":{"rendered":"Alerta. Influenza"},"content":{"rendered":"[et_pb_section fb_built=\u00bb1&#8243; admin_label=\u00bbsection\u00bb _builder_version=\u00bb4.16&#8243; global_colors_info=\u00bb{}\u00bb][et_pb_row admin_label=\u00bbrow\u00bb _builder_version=\u00bb4.16&#8243; background_size=\u00bbinitial\u00bb background_position=\u00bbtop_left\u00bb background_repeat=\u00bbrepeat\u00bb global_colors_info=\u00bb{}\u00bb][et_pb_column type=\u00bb4_4&#8243; _builder_version=\u00bb4.16&#8243; custom_padding=\u00bb|||\u00bb global_colors_info=\u00bb{}\u00bb custom_padding__hover=\u00bb|||\u00bb][et_pb_text admin_label=\u00bbText\u00bb _builder_version=\u00bb4.27.4&#8243; text_font_size=\u00bb19px\u00bb background_size=\u00bbinitial\u00bb background_position=\u00bbtop_left\u00bb background_repeat=\u00bbrepeat\u00bb hover_enabled=\u00bb0&#8243; global_colors_info=\u00bb{}\u00bb sticky_enabled=\u00bb0&#8243;]<p><\/p>\n<p style=\"font-size: 28px\"><strong>Influenza<\/strong><\/p>\n<p><\/p>\n<ul>\n<li><a href=\"https:\/\/mza-dicaws-portal-uploads-media-prod.s3.amazonaws.com\/informacion-oficial\/uploads\/sites\/15\/2026\/01\/ACTUALIZACION-INFLUENZA-H3N2-Subclado-K-Enero-2026.pdf\">Actualizaci\u00f3n Influenza A(H3N2) Subclado K- Enero 2026<\/a><\/li>\n<li><a href=\"https:\/\/mza-dicaws-portal-uploads-media-prod.s3.amazonaws.com\/informacion-oficial\/uploads\/sites\/15\/2026\/01\/ACTUALIZACION-INFLUENZA-H3N2-Subclado-K-Diciembre-2025.pdf\">Actualizaci\u00f3n Influenza A(H3N2) Subclado K- Diciembre 2025<\/a><\/li>\n<li><a href=\"https:\/\/www.mendoza.gov.ar\/wp-content\/uploads\/sites\/7\/2024\/06\/ACTUALIZACION-CIRCULACION-VIRUS-RESPIRATORIOS-EN-LA-PROVINCIA-DE-MENDOZA.-10-de-junio.pdf\" target=\"_blank\" rel=\"noreferrer noopener\">Actualizaci\u00f3n Circulaci\u00f3n Virus <\/a><\/li>\n<li><a href=\"https:\/\/www.mendoza.gov.ar\/wp-content\/uploads\/sites\/7\/2024\/06\/ACTUALIZACION-CIRCULACION-VIRUS-RESPIRATORIOS-EN-LA-PROVINCIA-DE-MENDOZA.-10-de-junio.pdf\" target=\"_blank\" rel=\"noreferrer noopener\">Respiratorios en la provincia de Mendoza. 10 de junio<\/a><br \/><a href=\"https:\/\/www.mendoza.gov.ar\/wp-content\/uploads\/sites\/7\/2022\/11\/Actualizacion-Situacion-Epidemiologica-Influenza-a-SE-44-5-11-22.-Provincia-de-Mendoza.pdf\" target=\"_blank\" rel=\"noreferrer noopener\"><\/a><\/li>\n<li><a href=\"https:\/\/www.mendoza.gov.ar\/wp-content\/uploads\/sites\/7\/2022\/11\/Actualizacion-Situacion-Epidemiologica-Influenza-a-SE-44-5-11-22.-Provincia-de-Mendoza.pdf\" target=\"_blank\" rel=\"noreferrer noopener\">Actualizaci\u00f3n Situaci\u00f3n Epidemiol\u00f3gica Influenza a SE 44 (5-11-22). Provincia de Mendoza<\/a><br \/><a href=\"https:\/\/www.mendoza.gov.ar\/wp-content\/uploads\/sites\/7\/2022\/10\/ACTUALIZACION-INFLUENZA.-MENDOZA.-OCTUBRE-2022.pdf\" target=\"_blank\" rel=\"noreferrer noopener\"><\/a><\/li>\n<li><a href=\"https:\/\/www.mendoza.gov.ar\/wp-content\/uploads\/sites\/7\/2022\/10\/ACTUALIZACION-INFLUENZA.-MENDOZA.-OCTUBRE-2022.pdf\" target=\"_blank\" rel=\"noreferrer noopener\">Actualizaci\u00f3n Influenza, Mendoza Octubre 2022<\/a><br \/><a href=\"https:\/\/www.mendoza.gov.ar\/wp-content\/uploads\/sites\/7\/2022\/06\/Procedimiento-Distribucion-y-Dispensa-de-Oseltamivir-.pdf\" target=\"_blank\" rel=\"noreferrer noopener\"><\/a><\/li>\n<li><a href=\"https:\/\/www.mendoza.gov.ar\/wp-content\/uploads\/sites\/7\/2022\/06\/Procedimiento-Distribucion-y-Dispensa-de-Oseltamivir-.pdf\" target=\"_blank\" rel=\"noreferrer noopener\">Procedimiento Distribuci\u00f3n y <\/a><\/li>\n<li><a href=\"https:\/\/www.mendoza.gov.ar\/wp-content\/uploads\/sites\/7\/2022\/06\/Procedimiento-Distribucion-y-Dispensa-de-Oseltamivir-.pdf\" target=\"_blank\" rel=\"noreferrer noopener\">Dispensa de Oseltamivir<\/a><br \/><a href=\"https:\/\/www.mendoza.gov.ar\/wp-content\/uploads\/sites\/7\/2022\/06\/FORMULARIO-UNICO-PARA-SOLICITUD-DE-OSELTAMIVIR-.pdf\" target=\"_blank\" rel=\"noreferrer noopener\"><\/a><\/li>\n<li><a href=\"https:\/\/www.mendoza.gov.ar\/wp-content\/uploads\/sites\/7\/2022\/06\/FORMULARIO-UNICO-PARA-SOLICITUD-DE-OSELTAMIVIR-.pdf\" target=\"_blank\" rel=\"noreferrer noopener\">Formulario \u00fanico para solicitud de Oseltamivir \u2013 Pacientes Ambulatorios<\/a><br \/><a href=\"https:\/\/www.mendoza.gov.ar\/wp-content\/uploads\/sites\/7\/2022\/06\/Actualizacion-Influenza-Provincia-de-Mendoza-MARZO-2022.pdf\" target=\"_blank\" rel=\"noreferrer noopener\"><\/a><\/li>\n<li><a href=\"https:\/\/www.mendoza.gov.ar\/wp-content\/uploads\/sites\/7\/2022\/06\/Actualizacion-Influenza-Provincia-de-Mendoza-MARZO-2022.pdf\" target=\"_blank\" rel=\"noreferrer noopener\">Actualizaci\u00f3n Influenza Provincia de Mendoza 28 de Marzo 2022<\/a><br \/><a href=\"https:\/\/www.mendoza.gov.ar\/wp-content\/uploads\/sites\/7\/2022\/06\/Actualizacion-influenza-16-03-2022.pdf\" target=\"_blank\" rel=\"noreferrer noopener\"><\/a><\/li>\n<li><a href=\"https:\/\/www.mendoza.gov.ar\/wp-content\/uploads\/sites\/7\/2022\/06\/Actualizacion-influenza-16-03-2022.pdf\" target=\"_blank\" rel=\"noreferrer noopener\">Circulaci\u00f3n de influenza en contexto de la pandemia de COVID-19<\/a><\/li>\n<\/ul>\n<p><\/p>[\/et_pb_text][\/et_pb_column][\/et_pb_row][\/et_pb_section]","protected":false},"excerpt":{"rendered":"<p>Influenza Actualizaci\u00f3n Influenza A(H3N2) Subclado K- Enero 2026 Actualizaci\u00f3n Influenza A(H3N2) Subclado K- Diciembre 2025 Actualizaci\u00f3n Circulaci\u00f3n Virus Respiratorios en la provincia de Mendoza. 10 de junio Actualizaci\u00f3n Situaci\u00f3n Epidemiol\u00f3gica Influenza a SE 44 (5-11-22). Provincia de Mendoza Actualizaci\u00f3n Influenza, Mendoza Octubre 2022 Procedimiento Distribuci\u00f3n y Dispensa de Oseltamivir Formulario \u00fanico para solicitud de Oseltamivir [&hellip;]<\/p>\n","protected":false},"author":41,"featured_media":0,"parent":0,"menu_order":0,"comment_status":"closed","ping_status":"closed","template":"","meta":{"_et_pb_use_builder":"on","_et_pb_old_content":"<!-- wp:paragraph {\"style\":{\"typography\":{\"fontSize\":\"28px\"}}} -->\n<p style=\"font-size:28px\"><strong>Influenza<\/strong><\/p>\n<!-- \/wp:paragraph -->\n\n<!-- wp:paragraph -->\n<p><a href=\"https:\/\/www.mendoza.gov.ar\/wp-content\/uploads\/sites\/7\/2024\/06\/ACTUALIZACION-CIRCULACION-VIRUS-RESPIRATORIOS-EN-LA-PROVINCIA-DE-MENDOZA.-10-de-junio.pdf\" target=\"_blank\" rel=\"noreferrer noopener\">Actualizaci\u00f3n Circulaci\u00f3n Virus Respiratorios en la provincia de Mendoza. 10 de junio<\/a><br><a href=\"https:\/\/www.mendoza.gov.ar\/wp-content\/uploads\/sites\/7\/2022\/11\/Actualizacion-Situacion-Epidemiologica-Influenza-a-SE-44-5-11-22.-Provincia-de-Mendoza.pdf\" target=\"_blank\" rel=\"noreferrer noopener\">Actualizaci\u00f3n Situaci\u00f3n Epidemiol\u00f3gica Influenza a SE 44 (5-11-22). Provincia de Mendoza<\/a><br><a href=\"https:\/\/www.mendoza.gov.ar\/wp-content\/uploads\/sites\/7\/2022\/10\/ACTUALIZACION-INFLUENZA.-MENDOZA.-OCTUBRE-2022.pdf\" target=\"_blank\" rel=\"noreferrer noopener\">Actualizaci\u00f3n Influenza, Mendoza Octubre 2022<\/a><br><a href=\"https:\/\/www.mendoza.gov.ar\/wp-content\/uploads\/sites\/7\/2022\/06\/Procedimiento-Distribucion-y-Dispensa-de-Oseltamivir-.pdf\" target=\"_blank\" rel=\"noreferrer noopener\">Procedimiento Distribuci\u00f3n y Dispensa de Oseltamivir<\/a><br><a href=\"https:\/\/www.mendoza.gov.ar\/wp-content\/uploads\/sites\/7\/2022\/06\/FORMULARIO-UNICO-PARA-SOLICITUD-DE-OSELTAMIVIR-.pdf\" target=\"_blank\" rel=\"noreferrer noopener\">Formulario \u00fanico para solicitud de Oseltamivir \u2013 Pacientes Ambulatorios<\/a><br><a href=\"https:\/\/www.mendoza.gov.ar\/wp-content\/uploads\/sites\/7\/2022\/06\/Actualizacion-Influenza-Provincia-de-Mendoza-MARZO-2022.pdf\" target=\"_blank\" rel=\"noreferrer noopener\">Actualizaci\u00f3n Influenza Provincia de Mendoza 28 de Marzo 2022<\/a><br><a href=\"https:\/\/www.mendoza.gov.ar\/wp-content\/uploads\/sites\/7\/2022\/06\/Actualizacion-influenza-16-03-2022.pdf\" target=\"_blank\" rel=\"noreferrer noopener\">Circulaci\u00f3n de influenza en contexto de la pandemia de COVID-19<\/a><\/p>\n<!-- \/wp:paragraph -->","_et_gb_content_width":"","footnotes":""},"class_list":["post-1628","page","type-page","status-publish","hentry"],"_links":{"self":[{"href":"https:\/\/informacionoficial.mendoza.gob.ar\/saludydeportes\/wp-json\/wp\/v2\/pages\/1628","targetHints":{"allow":["GET"]}}],"collection":[{"href":"https:\/\/informacionoficial.mendoza.gob.ar\/saludydeportes\/wp-json\/wp\/v2\/pages"}],"about":[{"href":"https:\/\/informacionoficial.mendoza.gob.ar\/saludydeportes\/wp-json\/wp\/v2\/types\/page"}],"author":[{"embeddable":true,"href":"https:\/\/informacionoficial.mendoza.gob.ar\/saludydeportes\/wp-json\/wp\/v2\/users\/41"}],"replies":[{"embeddable":true,"href":"https:\/\/informacionoficial.mendoza.gob.ar\/saludydeportes\/wp-json\/wp\/v2\/comments?post=1628"}],"version-history":[{"count":6,"href":"https:\/\/informacionoficial.mendoza.gob.ar\/saludydeportes\/wp-json\/wp\/v2\/pages\/1628\/revisions"}],"predecessor-version":[{"id":6142,"href":"https:\/\/informacionoficial.mendoza.gob.ar\/saludydeportes\/wp-json\/wp\/v2\/pages\/1628\/revisions\/6142"}],"wp:attachment":[{"href":"https:\/\/informacionoficial.mendoza.gob.ar\/saludydeportes\/wp-json\/wp\/v2\/media?parent=1628"}],"curies":[{"name":"wp","href":"https:\/\/api.w.org\/{rel}","templated":true}]}}