{"id":1632,"date":"2025-07-21T11:53:40","date_gmt":"2025-07-21T14:53:40","guid":{"rendered":"https:\/\/informacionoficial.mendoza.gob.ar\/saludydeportes\/?page_id=1632"},"modified":"2025-09-09T16:41:00","modified_gmt":"2025-09-09T19:41:00","slug":"alerta-viruela-simica","status":"publish","type":"page","link":"https:\/\/informacionoficial.mendoza.gob.ar\/saludydeportes\/alerta-viruela-simica\/","title":{"rendered":"Alerta. Viruela s\u00edmica"},"content":{"rendered":"[et_pb_section admin_label=\u00bbsection\u00bb]\n\t\t\t[et_pb_row admin_label=\u00bbrow\u00bb]\n\t\t\t\t[et_pb_column type=\u00bb4_4&#8243;][et_pb_text admin_label=\u00bbText\u00bb]\n<p style=\"font-size:28px\"><strong>Viruela S\u00edmica<\/strong><\/p>\n\n\n\n<p><a href=\"https:\/\/www.mendoza.gov.ar\/wp-content\/uploads\/sites\/7\/2025\/06\/ALERTA-MPOX-MENDOZA-6-de-Junio-2025.pdf\">Alerta MPOX- MENDOZA- 6 de Junio 2025<\/a><br><a href=\"https:\/\/www.mendoza.gov.ar\/wp-content\/uploads\/sites\/7\/2025\/06\/ALERTA-MPOX-BREVE-Junio-2025.pdf\">Alerta MPOX Breve- Junio 2025<\/a><a href=\"https:\/\/www.mendoza.gov.ar\/wp-content\/uploads\/sites\/7\/2024\/09\/ACTUALIZACION-ALGORITMO-NOTIFICACION-VIRUELA-SIMICA-Septiembre-2024.pdf\" target=\"_blank\" rel=\"noreferrer noopener\"><br>Actualizaci\u00f3n Algoritmo Notificaci\u00f3n Viruela S\u00edmica \u2013 Septiembre 2024<\/a><br><a href=\"https:\/\/www.mendoza.gov.ar\/wp-content\/uploads\/sites\/7\/2024\/09\/alerta_viruela_simica_16082024.pdf\" target=\"_blank\" rel=\"noreferrer noopener\">Alerta Nacional Viruela S\u00edmica 16\/08\/2024<\/a><br><a href=\"https:\/\/www.mendoza.gov.ar\/wp-content\/uploads\/sites\/7\/2022\/09\/2022-08-30_Recomendaciones-comunicacion-VS.pdf\" target=\"_blank\" rel=\"noreferrer noopener\">Lineamientos para el abordaje comunicacional de la Viruela S\u00edmica<\/a><br><a href=\"https:\/\/www.mendoza.gov.ar\/wp-content\/uploads\/sites\/7\/2022\/09\/2022-09-09_guia-de-bolsillo_viruela-simica.pdf\" target=\"_blank\" rel=\"noreferrer noopener\">Gu\u00eda de Bolsillo\u00a0Viruela S\u00edmica<\/a><br><a href=\"https:\/\/www.mendoza.gov.ar\/wp-content\/uploads\/sites\/7\/2022\/08\/Manual_viruela_simica_08-08-2022.pdf\" target=\"_blank\" rel=\"noreferrer noopener\">Manual para la Vigilancia Epidemiol\u00f3gica y Control de la Viruela S\u00edmica en Argentina<\/a><br><a href=\"https:\/\/www.mendoza.gov.ar\/wp-content\/uploads\/sites\/7\/2022\/08\/Nueva-ficha-viruela-simica-10082022.pdf\" target=\"_blank\" rel=\"noreferrer noopener\">Ficha de Notificaci\u00f3n e Investigaci\u00f3n Epidemiol\u00f3gica Caso Sospechoso de Viruela S\u00edmica<\/a><\/p>\n[\/et_pb_text][\/et_pb_column]\n\t\t\t[\/et_pb_row]\n\t\t[\/et_pb_section]","protected":false},"excerpt":{"rendered":"<p>Viruela S\u00edmica Alerta MPOX- MENDOZA- 6 de Junio 2025Alerta MPOX Breve- Junio 2025Actualizaci\u00f3n Algoritmo Notificaci\u00f3n Viruela S\u00edmica \u2013 Septiembre 2024Alerta Nacional Viruela S\u00edmica 16\/08\/2024Lineamientos para el abordaje comunicacional de la Viruela S\u00edmicaGu\u00eda de Bolsillo\u00a0Viruela S\u00edmicaManual para la Vigilancia Epidemiol\u00f3gica y Control de la Viruela S\u00edmica en ArgentinaFicha de Notificaci\u00f3n e Investigaci\u00f3n Epidemiol\u00f3gica Caso Sospechoso de [&hellip;]<\/p>\n","protected":false},"author":41,"featured_media":0,"parent":0,"menu_order":0,"comment_status":"closed","ping_status":"closed","template":"","meta":{"_et_pb_use_builder":"on","_et_pb_old_content":"<!-- wp:paragraph {\"style\":{\"typography\":{\"fontSize\":\"28px\"}}} -->\n<p style=\"font-size:28px\"><strong>Viruela S\u00edmica<\/strong><\/p>\n<!-- \/wp:paragraph -->\n\n<!-- wp:paragraph -->\n<p><a href=\"https:\/\/www.mendoza.gov.ar\/wp-content\/uploads\/sites\/7\/2025\/06\/ALERTA-MPOX-MENDOZA-6-de-Junio-2025.pdf\">Alerta MPOX- MENDOZA- 6 de Junio 2025<\/a><br><a href=\"https:\/\/www.mendoza.gov.ar\/wp-content\/uploads\/sites\/7\/2025\/06\/ALERTA-MPOX-BREVE-Junio-2025.pdf\">Alerta MPOX Breve- Junio 2025<\/a><a href=\"https:\/\/www.mendoza.gov.ar\/wp-content\/uploads\/sites\/7\/2024\/09\/ACTUALIZACION-ALGORITMO-NOTIFICACION-VIRUELA-SIMICA-Septiembre-2024.pdf\" target=\"_blank\" rel=\"noreferrer noopener\"><br>Actualizaci\u00f3n Algoritmo Notificaci\u00f3n Viruela S\u00edmica \u2013 Septiembre 2024<\/a><br><a href=\"https:\/\/www.mendoza.gov.ar\/wp-content\/uploads\/sites\/7\/2024\/09\/alerta_viruela_simica_16082024.pdf\" target=\"_blank\" rel=\"noreferrer noopener\">Alerta Nacional Viruela S\u00edmica 16\/08\/2024<\/a><br><a href=\"https:\/\/www.mendoza.gov.ar\/wp-content\/uploads\/sites\/7\/2022\/09\/2022-08-30_Recomendaciones-comunicacion-VS.pdf\" target=\"_blank\" rel=\"noreferrer noopener\">Lineamientos para el abordaje comunicacional de la Viruela S\u00edmica<\/a><br><a href=\"https:\/\/www.mendoza.gov.ar\/wp-content\/uploads\/sites\/7\/2022\/09\/2022-09-09_guia-de-bolsillo_viruela-simica.pdf\" target=\"_blank\" rel=\"noreferrer noopener\">Gu\u00eda de Bolsillo\u00a0Viruela S\u00edmica<\/a><br><a href=\"https:\/\/www.mendoza.gov.ar\/wp-content\/uploads\/sites\/7\/2022\/08\/Manual_viruela_simica_08-08-2022.pdf\" target=\"_blank\" rel=\"noreferrer noopener\">Manual para la Vigilancia Epidemiol\u00f3gica y Control de la Viruela S\u00edmica en Argentina<\/a><br><a href=\"https:\/\/www.mendoza.gov.ar\/wp-content\/uploads\/sites\/7\/2022\/08\/Nueva-ficha-viruela-simica-10082022.pdf\" target=\"_blank\" rel=\"noreferrer noopener\">Ficha de Notificaci\u00f3n e Investigaci\u00f3n Epidemiol\u00f3gica Caso Sospechoso de Viruela S\u00edmica<\/a><\/p>\n<!-- \/wp:paragraph -->","_et_gb_content_width":"","footnotes":""},"class_list":["post-1632","page","type-page","status-publish","hentry"],"_links":{"self":[{"href":"https:\/\/informacionoficial.mendoza.gob.ar\/saludydeportes\/wp-json\/wp\/v2\/pages\/1632","targetHints":{"allow":["GET"]}}],"collection":[{"href":"https:\/\/informacionoficial.mendoza.gob.ar\/saludydeportes\/wp-json\/wp\/v2\/pages"}],"about":[{"href":"https:\/\/informacionoficial.mendoza.gob.ar\/saludydeportes\/wp-json\/wp\/v2\/types\/page"}],"author":[{"embeddable":true,"href":"https:\/\/informacionoficial.mendoza.gob.ar\/saludydeportes\/wp-json\/wp\/v2\/users\/41"}],"replies":[{"embeddable":true,"href":"https:\/\/informacionoficial.mendoza.gob.ar\/saludydeportes\/wp-json\/wp\/v2\/comments?post=1632"}],"version-history":[{"count":2,"href":"https:\/\/informacionoficial.mendoza.gob.ar\/saludydeportes\/wp-json\/wp\/v2\/pages\/1632\/revisions"}],"predecessor-version":[{"id":4381,"href":"https:\/\/informacionoficial.mendoza.gob.ar\/saludydeportes\/wp-json\/wp\/v2\/pages\/1632\/revisions\/4381"}],"wp:attachment":[{"href":"https:\/\/informacionoficial.mendoza.gob.ar\/saludydeportes\/wp-json\/wp\/v2\/media?parent=1632"}],"curies":[{"name":"wp","href":"https:\/\/api.w.org\/{rel}","templated":true}]}}