{"id":1634,"date":"2025-07-21T11:53:00","date_gmt":"2025-07-21T14:53:00","guid":{"rendered":"https:\/\/informacionoficial.mendoza.gob.ar\/saludydeportes\/?page_id=1634"},"modified":"2025-07-21T11:53:00","modified_gmt":"2025-07-21T14:53:00","slug":"alerta-sarampion","status":"publish","type":"page","link":"https:\/\/informacionoficial.mendoza.gob.ar\/saludydeportes\/alerta-sarampion\/","title":{"rendered":"Alerta. Sarampi\u00f3n"},"content":{"rendered":"\n<p style=\"font-size:28px\"><strong>Sarampi\u00f3n<\/strong><\/p>\n\n\n\n<p><\/p>\n\n\n\n<ol class=\"wp-block-list\">\n<li><a href=\"https:\/\/www.mendoza.gov.ar\/wp-content\/uploads\/sites\/7\/2025\/03\/Planilla-acciones-de-bloqueo-EFE.pdf\" target=\"_blank\" rel=\"noreferrer noopener\">Planilla acciones de bloqueo<\/a><\/li>\n\n\n\n<li><a href=\"https:\/\/www.mendoza.gov.ar\/wp-content\/uploads\/sites\/7\/2025\/03\/Acciones-de-bloqueo-y-toma-de-muestras-ante-caso-sospechoso-de-Sarampion.pdf\" target=\"_blank\" rel=\"noreferrer noopener\">Acciones de bloqueo y toma de muestras<\/a><\/li>\n\n\n\n<li><a href=\"https:\/\/www.mendoza.gov.ar\/wp-content\/uploads\/sites\/7\/2025\/03\/FICHA-NOTIFICACION-DE-EFE-MENDOZA.pdf\" target=\"_blank\" rel=\"noreferrer noopener\">Ficha de notificaci\u00f3n caso sospechoso sarampi\u00f3n<\/a><\/li>\n\n\n\n<li><a href=\"https:\/\/www.mendoza.gov.ar\/wp-content\/uploads\/sites\/7\/2025\/03\/ACTUALIZACION-EPIDEMIOLOGICO-EFE-SARAMPION.-MARZO-2025.-MENDOZA..pdf\" target=\"_blank\" rel=\"noreferrer noopener\">Actualizaci\u00f3n Epidemiol\u00f3gica Enfermedad Febril Exantem\u00e1tica- Sarampi\u00f3n \u2013 Mendoza. Marzo 2025<\/a><\/li>\n<\/ol>\n","protected":false},"excerpt":{"rendered":"<p>Sarampi\u00f3n<\/p>\n","protected":false},"author":41,"featured_media":0,"parent":0,"menu_order":0,"comment_status":"closed","ping_status":"closed","template":"","meta":{"_et_pb_use_builder":"","_et_pb_old_content":"","_et_gb_content_width":"","footnotes":""},"class_list":["post-1634","page","type-page","status-publish","hentry"],"_links":{"self":[{"href":"https:\/\/informacionoficial.mendoza.gob.ar\/saludydeportes\/wp-json\/wp\/v2\/pages\/1634","targetHints":{"allow":["GET"]}}],"collection":[{"href":"https:\/\/informacionoficial.mendoza.gob.ar\/saludydeportes\/wp-json\/wp\/v2\/pages"}],"about":[{"href":"https:\/\/informacionoficial.mendoza.gob.ar\/saludydeportes\/wp-json\/wp\/v2\/types\/page"}],"author":[{"embeddable":true,"href":"https:\/\/informacionoficial.mendoza.gob.ar\/saludydeportes\/wp-json\/wp\/v2\/users\/41"}],"replies":[{"embeddable":true,"href":"https:\/\/informacionoficial.mendoza.gob.ar\/saludydeportes\/wp-json\/wp\/v2\/comments?post=1634"}],"version-history":[{"count":2,"href":"https:\/\/informacionoficial.mendoza.gob.ar\/saludydeportes\/wp-json\/wp\/v2\/pages\/1634\/revisions"}],"predecessor-version":[{"id":1636,"href":"https:\/\/informacionoficial.mendoza.gob.ar\/saludydeportes\/wp-json\/wp\/v2\/pages\/1634\/revisions\/1636"}],"wp:attachment":[{"href":"https:\/\/informacionoficial.mendoza.gob.ar\/saludydeportes\/wp-json\/wp\/v2\/media?parent=1634"}],"curies":[{"name":"wp","href":"https:\/\/api.w.org\/{rel}","templated":true}]}}