{"id":1685,"date":"2025-07-21T11:54:34","date_gmt":"2025-07-21T14:54:34","guid":{"rendered":"https:\/\/informacionoficial.mendoza.gob.ar\/saludydeportes\/?page_id=1685"},"modified":"2025-10-16T08:15:15","modified_gmt":"2025-10-16T11:15:15","slug":"alertas-enfermedades-por-mosquitos","status":"publish","type":"page","link":"https:\/\/informacionoficial.mendoza.gob.ar\/saludydeportes\/alertas-enfermedades-por-mosquitos\/","title":{"rendered":"Enfermedades transmitidas por mosquitos"},"content":{"rendered":"\n<p style=\"font-size:28px\">Gu\u00edas &#8211; algoritmos<\/p>\n\n\n\n<p class=\"has-medium-font-size\"><a href=\"https:\/\/www.mendoza.gov.ar\/wp-content\/uploads\/sites\/7\/2025\/03\/algoritmo_clinico_dengue_2024.pdf\" target=\"_blank\" rel=\"noreferrer noopener\">Algoritmo Cl\u00ednico Dengue (2024)<\/a><br><a href=\"https:\/\/www.mendoza.gov.ar\/wp-content\/uploads\/sites\/7\/2025\/03\/2025-02-lineamientos_generales_para_las_acciones_prevencion_y_control_de_las_etm.pdf\" target=\"_blank\" rel=\"noreferrer noopener\">Lineamientos generales para las acciones en terreno de prevenci\u00f3n y control de las Enfermedades Transmitidas por Mosquitos (ETM)<\/a><br><a href=\"https:\/\/www.mendoza.gov.ar\/wp-content\/uploads\/sites\/7\/2025\/03\/protocolo_seguimiento_dengue.pdf\">Estrategia de seguimiento domiciliario para personas con dengue sin signos de alarma. Enero 2025<\/a><br><a href=\"https:\/\/www.mendoza.gov.ar\/wp-content\/uploads\/sites\/7\/2025\/01\/gpc_dengue_vc_1012025.pdf\" target=\"_blank\" rel=\"noreferrer noopener\">Gu\u00eda de Pr\u00e1ctica Cl\u00ednica sobre diagn\u00f3stico y tratamiento del dengue<\/a><br><a href=\"https:\/\/www.mendoza.gov.ar\/wp-content\/uploads\/sites\/7\/2025\/01\/gpc_dengue_vb_1012025_breve.pdf\" target=\"_blank\" rel=\"noreferrer noopener\">Gu\u00eda de Pr\u00e1ctica Cl\u00ednica sobre diagn\u00f3stico y tratamiento del dengue \u2013 versi\u00f3n breve<\/a><br><a href=\"https:\/\/www.mendoza.gov.ar\/wp-content\/uploads\/sites\/7\/2024\/12\/2024-11-algoritmos-DENGUE-1.pdf\" target=\"_blank\" rel=\"noreferrer noopener\">Algoritmos DENGUE. Noviembre 2024<\/a><br><a href=\"https:\/\/www.mendoza.gov.ar\/wp-content\/uploads\/sites\/7\/2025\/03\/guia-vigilancia-dengue-otros-arbovirus_version_marzo_2025-vf.pdf\" target=\"_blank\" rel=\"noreferrer noopener\">Gu\u00eda de vigilancia epidemiol\u00f3gica y laboratorial de Dengue y otros Arbovirus Sistema Nacional de Vigilancia de la Salud (SNVS 2.0) Marzo 2025<\/a><br><a href=\"https:\/\/www.mendoza.gov.ar\/wp-content\/uploads\/sites\/7\/2024\/07\/Recomendaciones-para-el-Manejo-de-Dengue-en-la-Provincia-de-Mendoza-V2-Julio-2024.pdf\" target=\"_blank\" rel=\"noreferrer noopener\">Manejo de Dengue en la Provincia de Mendoza-Versi\u00f3n 2-Julio 2024<\/a><br><a href=\"https:\/\/www.mendoza.gov.ar\/wp-content\/uploads\/sites\/7\/2024\/03\/infografiaguia-DENGUE-profesionales-de-la-Salud-1.pdf\" target=\"_blank\" rel=\"noreferrer noopener\">Infograf\u00eda gu\u00eda DENGUE \u2013 profesionales de la Salud<\/a><\/p>\n\n\n\n<h5 class=\"wp-block-heading has-text-color has-link-color has-medium-font-size wp-elements-7123aa3670b99d275254559ff11bda45\" style=\"color:#5a5959\">Alertas \u2013 Circulares<\/h5>\n\n\n\n<p class=\"has-medium-font-size\"><a href=\"https:\/\/www.mendoza.gov.ar\/wp-content\/uploads\/sites\/7\/2024\/10\/circular_materno_infantil-10-10-2024-2.pdf\" target=\"_blank\" rel=\"noreferrer noopener\">Circular de Vigilancia Epidemiol\u00f3gica&nbsp;Nacional. Definiciones de caso de Dengue perinatal y Dengue en menores de 5 a\u00f1os<\/a><br><a href=\"https:\/\/www.mendoza.gov.ar\/wp-content\/uploads\/sites\/7\/2024\/05\/Alerta-Epidemiologica-Dengue-en-Mendoza-15-de-Mayo.pdf\" target=\"_blank\" rel=\"noreferrer noopener\">Alerta epidemiol\u00f3gico Dengue en Mendoza \u2013 15 de Mayo<\/a><\/p>\n\n\n\n<h5 class=\"wp-block-heading has-text-color has-link-color has-medium-font-size wp-elements-a4e4729e190c94dd2ee77c2c5cc10e93\" style=\"color:#595959\">Fichas \u2013 Instructivos de carga<\/h5>\n\n\n\n<p class=\"has-medium-font-size\"><a href=\"https:\/\/www.mendoza.gov.ar\/wp-content\/uploads\/sites\/7\/2024\/12\/ficha_epidemiologica_sfai_en_area_no_endemica_de_fha_13112024.pdf\" target=\"_blank\" rel=\"noreferrer noopener\">Nueva ficha de notificaci\u00f3n&nbsp;S\u00cdNDROME FEBRIL AGUDO INESPEC\u00cdFICO (SFAI) en \u00e1rea NO end\u00e9mica para FHA. Actualizaci\u00f3n 13\/11\/2024<\/a><br><a href=\"https:\/\/www.mendoza.gov.ar\/wp-content\/uploads\/sites\/7\/2024\/10\/DENGUE.-RECOMENDACIONES-PARA-EQUIPOS-TERRITORIEALES.-Investigacion-epidemiologica-y-Notificacion-al-SNVS-de-las-acciones-de-bloqueo.pdf\" target=\"_blank\" rel=\"noreferrer noopener\">Dengue. Recomendaciones para Equipos Territoriales. Investigaci\u00f3n Epidemiol\u00f3gica y Notificaci\u00f3n al SNVS de las Acciones de Bloqueo<\/a><br><a href=\"https:\/\/www.mendoza.gov.ar\/wp-content\/uploads\/sites\/7\/2024\/04\/DENGUE-INSTRUCTIVO-CARGA-EN-SNVS-DE-DATOS-DE-INTERNACION.pdf\" target=\"_blank\" rel=\"noreferrer noopener\">Dengue \u2013 Instructivo de carga en SNVS de datos de internaci\u00f3n<\/a><\/p>\n\n\n\n<h5 class=\"wp-block-heading has-text-color has-link-color has-medium-font-size wp-elements-6452ba291d45457913a79d7d7c3ee931\" style=\"color:#6e6d6d\">Resoluciones \u2013 Cursos<\/h5>\n\n\n\n<p class=\"has-medium-font-size\"><a href=\"https:\/\/mza-dicaws-portal-uploads-media-prod.s3.amazonaws.com\/informacion-oficial\/uploads\/sites\/15\/2025\/10\/Dengue-2025-plan-estrategico-RS-2025-08202216-GDEMZA-SEGE_MSDSYD.pdf\" target=\"_blank\" rel=\"noreferrer noopener\">Plan estrat\u00e9gico integral para el aborgaje del Dengue y otros Arbovirus &#8211; Resoluci\u00f3n 3687\/2025<\/a><br><a href=\"https:\/\/www.mendoza.gov.ar\/wp-content\/uploads\/sites\/7\/2024\/09\/PLAN-ESTRATEGICO-RS-2024-06027444-GDEMZA-SEGE_MSDSYD.pdf\" target=\"_blank\" rel=\"noreferrer noopener\">Plan Estrat\u00e9gico Integral para el Abordaje del dengue y otros arbovirus en Mendoza. Resoluci\u00f3n 1370\/2024<\/a><br><a href=\"https:\/\/mza-dicaws-portal-uploads-media-prod.s3.amazonaws.com\/informacion-oficial\/uploads\/sites\/15\/2025\/09\/PLAN-ESTRATEGICO-INTEGRAL-PARA-EL-ABORDAJE-DEL-DENGUE-Y-OTROS-ARBOVIRUS-MENDOZA-2025.pdf\">Plan estrat\u00e9gico integral para el abordaje del dengue y otros arbovirus &#8211; Mendoza 2025<\/a><br><a href=\"https:\/\/www.mendoza.gov.ar\/wp-content\/uploads\/sites\/7\/2025\/01\/RESOL-COMITE-MORTALIDAD-DENGUE.pdf\" target=\"_blank\" rel=\"noreferrer noopener\">Resoluci\u00f3n 1321\/24 Creaci\u00f3n de Comit\u00e9 de An\u00e1lisis de mortalidad de Dengue<\/a><br><a href=\"https:\/\/www.mendoza.gov.ar\/wp-content\/uploads\/sites\/7\/2025\/01\/CAPACITACION-DENGUE-RS-2024-05683040-GDEMZA-SEGE_MSDSYD.pdf\" target=\"_blank\" rel=\"noreferrer noopener\">Resoluci\u00f3n 1322\/24 Implementaci\u00f3n obligatoria de autoaprendizaje: Diagn\u00f3stico y manejo cl\u00ednico del Dengue<\/a><br><a href=\"https:\/\/www.campusvirtualsp.org\/es\/node\/28968\" target=\"_blank\" rel=\"noreferrer noopener\">Curso de autoaprendizaje: diagn\u00f3stico y manejo cl\u00ednico del dengue. Campus Virtual OPS<\/a><\/p>\n\n\n\n<p><\/p>\n","protected":false},"excerpt":{"rendered":"<p>Gu\u00edas &#8211; algoritmos Algoritmo Cl\u00ednico Dengue (2024)Lineamientos generales para las acciones en terreno de prevenci\u00f3n y control de las Enfermedades Transmitidas por Mosquitos (ETM)Estrategia de seguimiento domiciliario para personas con dengue sin signos de alarma. Enero 2025Gu\u00eda de Pr\u00e1ctica Cl\u00ednica sobre diagn\u00f3stico y tratamiento del dengueGu\u00eda de Pr\u00e1ctica Cl\u00ednica sobre diagn\u00f3stico y tratamiento del dengue [&hellip;]<\/p>\n","protected":false},"author":41,"featured_media":0,"parent":0,"menu_order":0,"comment_status":"closed","ping_status":"closed","template":"","meta":{"_et_pb_use_builder":"off","_et_pb_old_content":"<!-- wp:paragraph {\"style\":{\"typography\":{\"fontSize\":\"28px\"}}} -->\n<p style=\"font-size:28px\"><\/p>\n<!-- \/wp:paragraph -->\n\n<!-- wp:paragraph -->\n<p><\/p>\n<!-- \/wp:paragraph -->\n\n<!-- wp:heading {\"level\":5,\"style\":{\"color\":{\"text\":\"#5d5d5d\"},\"elements\":{\"link\":{\"color\":{\"text\":\"#5d5d5d\"}}}},\"fontSize\":\"medium\"} -->\n<h5 class=\"wp-block-heading has-text-color has-link-color has-medium-font-size\" style=\"color:#5d5d5d\">Gu\u00edas - algoritmos<\/h5>\n<!-- \/wp:heading -->\n\n<!-- wp:paragraph {\"fontSize\":\"medium\"} -->\n<p class=\"has-medium-font-size\"><a href=\"https:\/\/www.mendoza.gov.ar\/wp-content\/uploads\/sites\/7\/2025\/03\/algoritmo_clinico_dengue_2024.pdf\" target=\"_blank\" rel=\"noreferrer noopener\">Algoritmo Cl\u00ednico Dengue (2024)<\/a><br><a href=\"https:\/\/www.mendoza.gov.ar\/wp-content\/uploads\/sites\/7\/2025\/03\/2025-02-lineamientos_generales_para_las_acciones_prevencion_y_control_de_las_etm.pdf\" target=\"_blank\" rel=\"noreferrer noopener\">Lineamientos generales para las acciones en terreno de prevenci\u00f3n y control de las Enfermedades Transmitidas por Mosquitos (ETM)<\/a><br><a href=\"https:\/\/www.mendoza.gov.ar\/wp-content\/uploads\/sites\/7\/2025\/03\/protocolo_seguimiento_dengue.pdf\">Estrategia de seguimiento domiciliario para personas con dengue sin signos de alarma. Enero 2025<\/a><br><a href=\"https:\/\/www.mendoza.gov.ar\/wp-content\/uploads\/sites\/7\/2025\/01\/gpc_dengue_vc_1012025.pdf\" target=\"_blank\" rel=\"noreferrer noopener\">Gu\u00eda de Pr\u00e1ctica Cl\u00ednica sobre diagn\u00f3stico y tratamiento del dengue<\/a><br><a href=\"https:\/\/www.mendoza.gov.ar\/wp-content\/uploads\/sites\/7\/2025\/01\/gpc_dengue_vb_1012025_breve.pdf\" target=\"_blank\" rel=\"noreferrer noopener\">Gu\u00eda de Pr\u00e1ctica Cl\u00ednica sobre diagn\u00f3stico y tratamiento del dengue \u2013 versi\u00f3n breve<\/a><br><a href=\"https:\/\/www.mendoza.gov.ar\/wp-content\/uploads\/sites\/7\/2024\/12\/2024-11-algoritmos-DENGUE-1.pdf\" target=\"_blank\" rel=\"noreferrer noopener\">Algoritmos DENGUE. Noviembre 2024<\/a><br><a href=\"https:\/\/www.mendoza.gov.ar\/wp-content\/uploads\/sites\/7\/2025\/03\/guia-vigilancia-dengue-otros-arbovirus_version_marzo_2025-vf.pdf\" target=\"_blank\" rel=\"noreferrer noopener\">Gu\u00eda de vigilancia epidemiol\u00f3gica y laboratorial de Dengue y otros Arbovirus Sistema Nacional de Vigilancia de la Salud (SNVS 2.0) Marzo 2025<\/a><br><a href=\"https:\/\/www.mendoza.gov.ar\/wp-content\/uploads\/sites\/7\/2024\/07\/Recomendaciones-para-el-Manejo-de-Dengue-en-la-Provincia-de-Mendoza-V2-Julio-2024.pdf\" target=\"_blank\" rel=\"noreferrer noopener\">Manejo de Dengue en la Provincia de Mendoza-Versi\u00f3n 2-Julio 2024<\/a><br><a href=\"https:\/\/www.mendoza.gov.ar\/wp-content\/uploads\/sites\/7\/2024\/03\/infografiaguia-DENGUE-profesionales-de-la-Salud-1.pdf\" target=\"_blank\" rel=\"noreferrer noopener\">Infograf\u00eda gu\u00eda DENGUE \u2013 profesionales de la Salud<\/a><\/p>\n<!-- \/wp:paragraph -->\n\n<!-- wp:paragraph -->\n<p><\/p>\n<!-- \/wp:paragraph -->\n\n<!-- wp:heading {\"level\":5,\"style\":{\"elements\":{\"link\":{\"color\":{\"text\":\"#5a5959\"}}},\"color\":{\"text\":\"#5a5959\"}},\"fontSize\":\"medium\"} -->\n<h5 class=\"wp-block-heading has-text-color has-link-color has-medium-font-size\" style=\"color:#5a5959\">Alertas \u2013 Circulares<\/h5>\n<!-- \/wp:heading -->\n\n<!-- wp:paragraph {\"fontSize\":\"medium\"} -->\n<p class=\"has-medium-font-size\"><a href=\"https:\/\/www.mendoza.gov.ar\/wp-content\/uploads\/sites\/7\/2024\/10\/circular_materno_infantil-10-10-2024-2.pdf\" target=\"_blank\" rel=\"noreferrer noopener\">Circular de Vigilancia Epidemiol\u00f3gica&nbsp;Nacional. Definiciones de caso de Dengue perinatal y Dengue en menores de 5 a\u00f1os<\/a><br><a href=\"https:\/\/www.mendoza.gov.ar\/wp-content\/uploads\/sites\/7\/2024\/05\/Alerta-Epidemiologica-Dengue-en-Mendoza-15-de-Mayo.pdf\" target=\"_blank\" rel=\"noreferrer noopener\">Alerta epidemiol\u00f3gico Dengue en Mendoza \u2013 15 de Mayo<\/a><\/p>\n<!-- \/wp:paragraph -->\n\n<!-- wp:paragraph -->\n<p><\/p>\n<!-- \/wp:paragraph -->\n\n<!-- wp:heading {\"level\":5,\"style\":{\"color\":{\"text\":\"#595959\"},\"elements\":{\"link\":{\"color\":{\"text\":\"#595959\"}}}},\"fontSize\":\"medium\"} -->\n<h5 class=\"wp-block-heading has-text-color has-link-color has-medium-font-size\" style=\"color:#595959\">Fichas \u2013 Instructivos de carga<\/h5>\n<!-- \/wp:heading -->\n\n<!-- wp:paragraph {\"fontSize\":\"medium\"} -->\n<p class=\"has-medium-font-size\"><a href=\"https:\/\/www.mendoza.gov.ar\/wp-content\/uploads\/sites\/7\/2024\/12\/ficha_epidemiologica_sfai_en_area_no_endemica_de_fha_13112024.pdf\" target=\"_blank\" rel=\"noreferrer noopener\">Nueva ficha de notificaci\u00f3n&nbsp;S\u00cdNDROME FEBRIL AGUDO INESPEC\u00cdFICO (SFAI) en \u00e1rea NO end\u00e9mica para FHA. Actualizaci\u00f3n 13\/11\/2024<\/a><br><a href=\"https:\/\/www.mendoza.gov.ar\/wp-content\/uploads\/sites\/7\/2024\/10\/DENGUE.-RECOMENDACIONES-PARA-EQUIPOS-TERRITORIEALES.-Investigacion-epidemiologica-y-Notificacion-al-SNVS-de-las-acciones-de-bloqueo.pdf\" target=\"_blank\" rel=\"noreferrer noopener\">Dengue. Recomendaciones para Equipos Territoriales. Investigaci\u00f3n Epidemiol\u00f3gica y Notificaci\u00f3n al SNVS de las Acciones de Bloqueo<\/a><br><a href=\"https:\/\/www.mendoza.gov.ar\/wp-content\/uploads\/sites\/7\/2024\/04\/DENGUE-INSTRUCTIVO-CARGA-EN-SNVS-DE-DATOS-DE-INTERNACION.pdf\" target=\"_blank\" rel=\"noreferrer noopener\">Dengue \u2013 Instructivo de carga en SNVS de datos de internaci\u00f3n<\/a><\/p>\n<!-- \/wp:paragraph -->\n\n<!-- wp:paragraph {\"fontSize\":\"medium\"} -->\n<p class=\"has-medium-font-size\"><a href=\"https:\/\/www.mendoza.gov.ar\/wp-content\/uploads\/sites\/7\/2024\/09\/PLAN-ESTRATEGICO-RS-2024-06027444-GDEMZA-SEGE_MSDSYD.pdf\" target=\"_blank\" rel=\"noreferrer noopener\">Plan Estrat\u00e9gico Integral para el Abordaje del dengue y otros arbovirus en Mendoza. Resoluci\u00f3n 1370\/2024<\/a><br><a href=\"https:\/\/mza-dicaws-portal-uploads-media-prod.s3.amazonaws.com\/informacion-oficial\/uploads\/sites\/15\/2025\/09\/PLAN-ESTRATEGICO-INTEGRAL-PARA-EL-ABORDAJE-DEL-DENGUE-Y-OTROS-ARBOVIRUS-MENDOZA-2025.pdf\">Plan estrat\u00e9gico integral para el abordaje del dengue y otros arbovirus - Mendoza 2025<\/a><br><a href=\"https:\/\/www.mendoza.gov.ar\/wp-content\/uploads\/sites\/7\/2025\/01\/RESOL-COMITE-MORTALIDAD-DENGUE.pdf\" target=\"_blank\" rel=\"noreferrer noopener\">Resoluci\u00f3n 1321\/24 Creaci\u00f3n de Comit\u00e9 de An\u00e1lisis de mortalidad de Dengue<\/a><br><a href=\"https:\/\/www.mendoza.gov.ar\/wp-content\/uploads\/sites\/7\/2025\/01\/CAPACITACION-DENGUE-RS-2024-05683040-GDEMZA-SEGE_MSDSYD.pdf\" target=\"_blank\" rel=\"noreferrer noopener\">Resoluci\u00f3n 1322\/24 Implementaci\u00f3n obligatoria de autoaprendizaje: Diagn\u00f3stico y manejo cl\u00ednico del Dengue<\/a><br><a href=\"https:\/\/www.campusvirtualsp.org\/es\/node\/28968\" target=\"_blank\" rel=\"noreferrer noopener\">Curso de autoaprendizaje: diagn\u00f3stico y manejo cl\u00ednico del dengue. Campus Virtual OPS<\/a><\/p>\n<!-- \/wp:paragraph -->\n\n<!-- wp:paragraph -->\n<p><\/p>\n<!-- \/wp:paragraph -->\n\n<!-- wp:heading {\"level\":5,\"style\":{\"elements\":{\"link\":{\"color\":{\"text\":\"#6e6d6d\"}}},\"color\":{\"text\":\"#6e6d6d\"}},\"fontSize\":\"medium\"} -->\n<h5 class=\"wp-block-heading has-text-color has-link-color has-medium-font-size\" style=\"color:#6e6d6d\">Resoluciones \u2013 Cursos<\/h5>\n<!-- \/wp:heading -->\n\n<!-- wp:paragraph -->\n<p><\/p>\n<!-- \/wp:paragraph -->","_et_gb_content_width":"1080","footnotes":""},"class_list":["post-1685","page","type-page","status-publish","hentry"],"_links":{"self":[{"href":"https:\/\/informacionoficial.mendoza.gob.ar\/saludydeportes\/wp-json\/wp\/v2\/pages\/1685","targetHints":{"allow":["GET"]}}],"collection":[{"href":"https:\/\/informacionoficial.mendoza.gob.ar\/saludydeportes\/wp-json\/wp\/v2\/pages"}],"about":[{"href":"https:\/\/informacionoficial.mendoza.gob.ar\/saludydeportes\/wp-json\/wp\/v2\/types\/page"}],"author":[{"embeddable":true,"href":"https:\/\/informacionoficial.mendoza.gob.ar\/saludydeportes\/wp-json\/wp\/v2\/users\/41"}],"replies":[{"embeddable":true,"href":"https:\/\/informacionoficial.mendoza.gob.ar\/saludydeportes\/wp-json\/wp\/v2\/comments?post=1685"}],"version-history":[{"count":17,"href":"https:\/\/informacionoficial.mendoza.gob.ar\/saludydeportes\/wp-json\/wp\/v2\/pages\/1685\/revisions"}],"predecessor-version":[{"id":5191,"href":"https:\/\/informacionoficial.mendoza.gob.ar\/saludydeportes\/wp-json\/wp\/v2\/pages\/1685\/revisions\/5191"}],"wp:attachment":[{"href":"https:\/\/informacionoficial.mendoza.gob.ar\/saludydeportes\/wp-json\/wp\/v2\/media?parent=1685"}],"curies":[{"name":"wp","href":"https:\/\/api.w.org\/{rel}","templated":true}]}}