{"id":1695,"date":"2025-06-19T14:21:15","date_gmt":"2025-06-19T17:21:15","guid":{"rendered":"https:\/\/informacionoficial.mendoza.gob.ar\/saludydeportes\/?page_id=1695"},"modified":"2026-03-03T12:20:16","modified_gmt":"2026-03-03T15:20:16","slug":"1695-2","status":"publish","type":"page","link":"https:\/\/informacionoficial.mendoza.gob.ar\/saludydeportes\/1695-2\/","title":{"rendered":"Botonera Salud Mental"},"content":{"rendered":"<p>[et_pb_section fb_built=\u00bb1&#8243; _builder_version=\u00bb4.27.4&#8243; _module_preset=\u00bbdefault\u00bb background_color=\u00bb#FFFFFF\u00bb min_height=\u00bb100px\u00bb height=\u00bb155px\u00bb custom_padding=\u00bb0px||0px||false|false\u00bb border_width_bottom=\u00bb7px\u00bb border_color_bottom=\u00bb#C8A977&#8243; global_colors_info=\u00bb{}\u00bb][et_pb_row _builder_version=\u00bb4.27.4&#8243; _module_preset=\u00bbdefault\u00bb width=\u00bb70%\u00bb max_width=\u00bb2560px\u00bb min_height=\u00bb40px\u00bb height=\u00bb100px\u00bb custom_margin=\u00bb0px|auto|0px|auto|false|false\u00bb custom_padding=\u00bb||0px|||\u00bb global_colors_info=\u00bb{}\u00bb][et_pb_column type=\u00bb4_4&#8243; _builder_version=\u00bb4.27.2&#8243; _module_preset=\u00bbdefault\u00bb global_colors_info=\u00bb{}\u00bb][et_pb_heading title=\u00bbDirecci\u00f3n de Salud Mental y Consumos Problem\u00e1ticos\u00bb _builder_version=\u00bb4.27.4&#8243; _module_preset=\u00bbdefault\u00bb title_level=\u00bbh5&#8243; title_font=\u00bb&#8211;et_global_body_font|600|||||||\u00bb title_text_align=\u00bbleft\u00bb title_text_color=\u00bb#000F9F\u00bb title_font_size=\u00bb31px\u00bb custom_margin=\u00bb0px||||false|false\u00bb global_colors_info=\u00bb{}\u00bb][\/et_pb_heading][\/et_pb_column][\/et_pb_row][\/et_pb_section][et_pb_section fb_built=\u00bb1&#8243; _builder_version=\u00bb4.27.4&#8243; _module_preset=\u00bbdefault\u00bb background_color=\u00bb#f4f4f4&#8243; background_enable_image=\u00bboff\u00bb background_size=\u00bbcontain\u00bb background_enable_video_mp4=\u00bboff\u00bb background_video_width=\u00bb100%\u00bb background_video_height=\u00bb100%\u00bb module_alignment=\u00bbcenter\u00bb min_height=\u00bb620px\u00bb custom_margin=\u00bb0px||0px||false|false\u00bb custom_padding=\u00bb0px||1px||false|false\u00bb border_color_all=\u00bb#C8A977&#8243; box_shadow_style=\u00bbpreset3&#8243; locked=\u00bboff\u00bb global_colors_info=\u00bb{}\u00bb][et_pb_row column_structure=\u00bb1_3,1_3,1_3&#8243; make_equal=\u00bbon\u00bb _builder_version=\u00bb4.27.4&#8243; _module_preset=\u00bbdefault\u00bb max_width=\u00bb1400px\u00bb animation_style=\u00bbfade\u00bb border_radii=\u00bbon|8px|8px|8px|8px\u00bb border_color_all=\u00bbRGBA(255,255,255,0)\u00bb locked=\u00bboff\u00bb global_colors_info=\u00bb{}\u00bb][et_pb_column type=\u00bb1_3&#8243; _builder_version=\u00bb4.27.4&#8243; _module_preset=\u00bbdefault\u00bb background_color=\u00bbrgba(255,255,255,0.17)\u00bb custom_padding=\u00bb40px|40px|40px|40px|true|true\u00bb custom_padding_tablet=\u00bb30px|30px|30px|30px|true|true\u00bb custom_padding_phone=\u00bb20px|20px|20px|20px|true|true\u00bb custom_padding_last_edited=\u00bbon|desktop\u00bb animation_style=\u00bbfade\u00bb link_option_url_new_window=\u00bbon\u00bb border_radii=\u00bbon|10px|10px|10px|10px\u00bb border_width_all=\u00bb5px\u00bb border_color_all=\u00bbrgba(255,255,255,0.19)\u00bb box_shadow_style=\u00bbpreset3&#8243; global_colors_info=\u00bb{%22gcid-924bddf2-c0ef-4ef9-b028-8630e1b50bab%22:%91%22background_color%22%93}\u00bb][et_pb_icon font_icon=\u00bb&#xf2a0;||fa||900&#8243; icon_color=\u00bb#000F9F\u00bb icon_width=\u00bb50px\u00bb _builder_version=\u00bb4.27.4&#8243; _module_preset=\u00bbdefault\u00bb global_colors_info=\u00bb{}\u00bb][\/et_pb_icon][et_pb_text _builder_version=\u00bb4.27.4&#8243; _module_preset=\u00bb_initial\u00bb text_font=\u00bb|600|||||||\u00bb text_text_color=\u00bb#000F9F\u00bb text_font_size=\u00bb18px\u00bb text_orientation=\u00bbcenter\u00bb custom_margin=\u00bb||0px||false|false\u00bb hover_enabled=\u00bb0&#8243; global_colors_info=\u00bb%91%93&#8243; sticky_enabled=\u00bb0&#8243;]<\/p>\n<p style=\"text-align: center\">148 Opci\u00f3n 0 &#8211; Espacio de Escucha y Orientaci\u00f3n en Salud Mental<\/p>\n<p>[\/et_pb_text][\/et_pb_column][et_pb_column type=\u00bb1_3&#8243; _builder_version=\u00bb4.27.4&#8243; _module_preset=\u00bbdefault\u00bb background_color=\u00bbrgba(255,255,255,0.17)\u00bb custom_padding=\u00bb40px|40px|40px|40px|true|true\u00bb custom_padding_tablet=\u00bb30px|30px|30px|30px|true|true\u00bb custom_padding_phone=\u00bb20px|20px|20px|20px|true|true\u00bb custom_padding_last_edited=\u00bbon|desktop\u00bb animation_style=\u00bbfade\u00bb link_option_url=\u00bbhttps:\/\/informacionoficial.mendoza.gob.ar\/saludydeportes\/3351-2\/\u00bb link_option_url_new_window=\u00bbon\u00bb border_radii=\u00bbon|10px|10px|10px|10px\u00bb border_width_all=\u00bb5px\u00bb border_color_all=\u00bbrgba(255,255,255,0.19)\u00bb box_shadow_style=\u00bbpreset3&#8243; global_colors_info=\u00bb{%22gcid-924bddf2-c0ef-4ef9-b028-8630e1b50bab%22:%91%22background_color%22%93}\u00bb][et_pb_icon font_icon=\u00bb&#xf1ae;||fa||900&#8243; icon_color=\u00bb#000F9F\u00bb icon_width=\u00bb50px\u00bb _builder_version=\u00bb4.27.4&#8243; _module_preset=\u00bbdefault\u00bb global_colors_info=\u00bb{}\u00bb][\/et_pb_icon][et_pb_text _builder_version=\u00bb4.27.4&#8243; _module_preset=\u00bb_initial\u00bb text_font=\u00bb|600|||||||\u00bb text_text_color=\u00bb#000F9F\u00bb text_font_size=\u00bb18px\u00bb text_orientation=\u00bbcenter\u00bb custom_margin=\u00bb||0px||false|false\u00bb hover_enabled=\u00bb0&#8243; global_colors_info=\u00bb%91%93&#8243; sticky_enabled=\u00bb0&#8243;]<\/p>\n<p style=\"text-align: center\">Centro Integral Provincial de Atenci\u00f3n de Urgencias del Adolescente (CIPAU)<\/p>\n<p>[\/et_pb_text][\/et_pb_column][et_pb_column type=\u00bb1_3&#8243; _builder_version=\u00bb4.27.4&#8243; _module_preset=\u00bbdefault\u00bb background_color=\u00bbrgba(255,255,255,0.17)\u00bb custom_padding=\u00bb40px|40px|40px|40px|true|true\u00bb custom_padding_tablet=\u00bb30px|30px|30px|30px|true|true\u00bb custom_padding_phone=\u00bb20px|20px|20px|20px|true|true\u00bb custom_padding_last_edited=\u00bbon|desktop\u00bb animation_style=\u00bbfade\u00bb link_option_url=\u00bbhttps:\/\/informacionoficial.mendoza.gob.ar\/saludydeportes\/modo-si\/\u00bb link_option_url_new_window=\u00bbon\u00bb border_radii=\u00bbon|10px|10px|10px|10px\u00bb border_width_all=\u00bb5px\u00bb border_color_all=\u00bbrgba(255,255,255,0.19)\u00bb box_shadow_style=\u00bbpreset3&#8243; global_colors_info=\u00bb{%22gcid-924bddf2-c0ef-4ef9-b028-8630e1b50bab%22:%91%22background_color%22%93}\u00bb][et_pb_icon font_icon=\u00bb&#xf1ae;||fa||900&#8243; icon_color=\u00bb#000F9F\u00bb icon_width=\u00bb50px\u00bb _builder_version=\u00bb4.27.4&#8243; _module_preset=\u00bbdefault\u00bb global_colors_info=\u00bb{}\u00bb][\/et_pb_icon][et_pb_text _builder_version=\u00bb4.27.4&#8243; _module_preset=\u00bb_initial\u00bb text_font=\u00bb|600|||||||\u00bb text_text_color=\u00bb#000F9F\u00bb text_font_size=\u00bb18px\u00bb text_orientation=\u00bbcenter\u00bb custom_margin=\u00bb||0px||false|false\u00bb hover_enabled=\u00bb0&#8243; global_colors_info=\u00bb%91%93&#8243; sticky_enabled=\u00bb0&#8243;]<\/p>\n<p style=\"text-align: center\">MODO SI<\/p>\n<p style=\"text-align: center\">Espacio de salud para adolescencias y juventudes.<\/p>\n<p>[\/et_pb_text][\/et_pb_column][\/et_pb_row][et_pb_row column_structure=\u00bb1_3,1_3,1_3&#8243; make_equal=\u00bbon\u00bb _builder_version=\u00bb4.27.4&#8243; _module_preset=\u00bbdefault\u00bb max_width=\u00bb1400px\u00bb animation_style=\u00bbfade\u00bb border_radii=\u00bbon|8px|8px|8px|8px\u00bb border_color_all=\u00bbRGBA(255,255,255,0)\u00bb locked=\u00bboff\u00bb global_colors_info=\u00bb{}\u00bb][et_pb_column type=\u00bb1_3&#8243; _builder_version=\u00bb4.27.4&#8243; _module_preset=\u00bbdefault\u00bb background_color=\u00bbrgba(255,255,255,0.17)\u00bb custom_padding=\u00bb40px|40px|40px|40px|true|true\u00bb custom_padding_tablet=\u00bb30px|30px|30px|30px|true|true\u00bb custom_padding_phone=\u00bb20px|20px|20px|20px|true|true\u00bb custom_padding_last_edited=\u00bbon|desktop\u00bb animation_style=\u00bbfade\u00bb link_option_url=\u00bbhttps:\/\/informacionoficial.mendoza.gob.ar\/saludydeportes\/centros-preventivos-y-asistenciales-en-adicciones-cpaa\/\u00bb link_option_url_new_window=\u00bbon\u00bb hover_enabled=\u00bb0&#8243; border_radii=\u00bbon|10px|10px|10px|10px\u00bb border_width_all=\u00bb5px\u00bb border_color_all=\u00bbrgba(255,255,255,0.19)\u00bb box_shadow_style=\u00bbpreset3&#8243; global_colors_info=\u00bb{%22gcid-924bddf2-c0ef-4ef9-b028-8630e1b50bab%22:%91%22background_color%22%93}\u00bb sticky_enabled=\u00bb0&#8243;][et_pb_icon font_icon=\u00bb&#xe05c;||fa||900&#8243; icon_color=\u00bb#000F9F\u00bb icon_width=\u00bb50px\u00bb _builder_version=\u00bb4.27.4&#8243; _module_preset=\u00bbdefault\u00bb global_colors_info=\u00bb{}\u00bb][\/et_pb_icon][et_pb_text _builder_version=\u00bb4.27.4&#8243; _module_preset=\u00bb_initial\u00bb text_font=\u00bb|600|||||||\u00bb text_text_color=\u00bb#000F9F\u00bb text_font_size=\u00bb18px\u00bb text_orientation=\u00bbcenter\u00bb width=\u00bb100%\u00bb max_width=\u00bb100%\u00bb custom_margin=\u00bb||0px||false|false\u00bb hover_enabled=\u00bb0&#8243; global_colors_info=\u00bb%91%93&#8243; sticky_enabled=\u00bb0&#8243;]<\/p>\n<p style=\"text-align: center\">Centros preventivos y Asistenciales en Adicciones (CPAA)<\/p>\n<p>[\/et_pb_text][\/et_pb_column][et_pb_column type=\u00bb1_3&#8243; _builder_version=\u00bb4.27.4&#8243; _module_preset=\u00bbdefault\u00bb background_color=\u00bbrgba(255,255,255,0.17)\u00bb custom_padding=\u00bb40px|40px|40px|40px|true|true\u00bb custom_padding_tablet=\u00bb30px|30px|30px|30px|true|true\u00bb custom_padding_phone=\u00bb20px|20px|20px|20px|true|true\u00bb custom_padding_last_edited=\u00bbon|desktop\u00bb animation_style=\u00bbfade\u00bb link_option_url=\u00bbhttps:\/\/informacionoficial.mendoza.gob.ar\/saludydeportes\/centros-preventivos-y-asistenciales-en-salud-mental-infanto-juvenil\/\u00bb link_option_url_new_window=\u00bbon\u00bb border_radii=\u00bbon|10px|10px|10px|10px\u00bb border_width_all=\u00bb5px\u00bb border_color_all=\u00bbrgba(255,255,255,0.19)\u00bb box_shadow_style=\u00bbpreset3&#8243; global_colors_info=\u00bb{%22gcid-924bddf2-c0ef-4ef9-b028-8630e1b50bab%22:%91%22background_color%22%93}\u00bb][et_pb_icon font_icon=\u00bb&#xf812;||fa||900&#8243; icon_color=\u00bb#000F9F\u00bb icon_width=\u00bb50px\u00bb _builder_version=\u00bb4.27.4&#8243; _module_preset=\u00bbdefault\u00bb global_colors_info=\u00bb{%22gcid-b58e2385-d7f3-4b8c-8c82-a83e7d966eb3%22:%91%22icon_color%22%93}\u00bb][\/et_pb_icon][et_pb_text _builder_version=\u00bb4.27.4&#8243; _module_preset=\u00bb_initial\u00bb text_font=\u00bb|600|||||||\u00bb text_text_color=\u00bb#000F9F\u00bb text_font_size=\u00bb18px\u00bb text_orientation=\u00bbcenter\u00bb width=\u00bb100%\u00bb max_width=\u00bb100%\u00bb custom_margin=\u00bb||0px||false|false\u00bb hover_enabled=\u00bb0&#8243; global_colors_info=\u00bb%91%93&#8243; sticky_enabled=\u00bb0&#8243;]<\/p>\n<p style=\"text-align: center\">Centros Preventivos y Asistenciales en Salud Mental Infantojuvenil<\/p>\n<p>[\/et_pb_text][\/et_pb_column][et_pb_column type=\u00bb1_3&#8243; _builder_version=\u00bb4.27.4&#8243; _module_preset=\u00bbdefault\u00bb background_color=\u00bbrgba(255,255,255,0.17)\u00bb custom_padding=\u00bb40px|40px|40px|40px|true|true\u00bb custom_padding_tablet=\u00bb30px|30px|30px|30px|true|true\u00bb custom_padding_phone=\u00bb20px|20px|20px|20px|true|true\u00bb custom_padding_last_edited=\u00bbon|desktop\u00bb animation_style=\u00bbfade\u00bb link_option_url=\u00bbhttps:\/\/informacionoficial.mendoza.gob.ar\/saludydeportes\/centro-regional-de-salud-mental-familiar-y-comunitaria-n-1\/\u00bb link_option_url_new_window=\u00bbon\u00bb border_radii=\u00bbon|10px|10px|10px|10px\u00bb border_width_all=\u00bb5px\u00bb border_color_all=\u00bbrgba(255,255,255,0.19)\u00bb box_shadow_style=\u00bbpreset3&#8243; global_colors_info=\u00bb{%22gcid-924bddf2-c0ef-4ef9-b028-8630e1b50bab%22:%91%22background_color%22%93}\u00bb][et_pb_icon font_icon=\u00bb&#xf0c0;||fa||900&#8243; icon_color=\u00bb#000F9F\u00bb icon_width=\u00bb50px\u00bb _builder_version=\u00bb4.27.4&#8243; _module_preset=\u00bbdefault\u00bb global_colors_info=\u00bb{}\u00bb][\/et_pb_icon][et_pb_text _builder_version=\u00bb4.27.4&#8243; _module_preset=\u00bb_initial\u00bb text_font=\u00bb|600|||||||\u00bb text_text_color=\u00bb#000F9F\u00bb text_font_size=\u00bb18px\u00bb text_orientation=\u00bbcenter\u00bb custom_margin=\u00bb||0px||false|false\u00bb hover_enabled=\u00bb0&#8243; global_colors_info=\u00bb%91%93&#8243; sticky_enabled=\u00bb0&#8243;]<\/p>\n<p style=\"text-align: center\"><span class=\"fontstyle2\">Centro Regional de Salud Mental Familiar y Comunitaria 1 &#8211; Maip\u00fa.<br \/><\/span><\/p>\n<p>[\/et_pb_text][\/et_pb_column][\/et_pb_row][et_pb_row column_structure=\u00bb1_3,1_3,1_3&#8243; make_equal=\u00bbon\u00bb _builder_version=\u00bb4.27.4&#8243; _module_preset=\u00bbdefault\u00bb max_width=\u00bb1400px\u00bb animation_style=\u00bbfade\u00bb border_radii=\u00bbon|8px|8px|8px|8px\u00bb border_color_all=\u00bbRGBA(255,255,255,0)\u00bb locked=\u00bboff\u00bb global_colors_info=\u00bb{}\u00bb][et_pb_column type=\u00bb1_3&#8243; _builder_version=\u00bb4.27.4&#8243; _module_preset=\u00bbdefault\u00bb background_color=\u00bbrgba(255,255,255,0.17)\u00bb custom_padding=\u00bb40px|40px|40px|40px|true|true\u00bb custom_padding_tablet=\u00bb30px|30px|30px|30px|true|true\u00bb custom_padding_phone=\u00bb20px|20px|20px|20px|true|true\u00bb custom_padding_last_edited=\u00bbon|desktop\u00bb animation_style=\u00bbfade\u00bb link_option_url=\u00bbhttps:\/\/informacionoficial.mendoza.gob.ar\/saludydeportes\/el-faro-centro-de-dia-de-salud-mental-para-adolescentes\/\u00bb link_option_url_new_window=\u00bbon\u00bb border_radii=\u00bbon|10px|10px|10px|10px\u00bb border_width_all=\u00bb5px\u00bb border_color_all=\u00bbrgba(255,255,255,0.19)\u00bb box_shadow_style=\u00bbpreset3&#8243; global_colors_info=\u00bb{%22gcid-924bddf2-c0ef-4ef9-b028-8630e1b50bab%22:%91%22background_color%22%93}\u00bb][et_pb_icon font_icon=\u00bb&#xf1ae;||fa||900&#8243; icon_color=\u00bb#000F9F\u00bb icon_width=\u00bb50px\u00bb _builder_version=\u00bb4.27.4&#8243; _module_preset=\u00bbdefault\u00bb global_colors_info=\u00bb{}\u00bb][\/et_pb_icon][et_pb_text _builder_version=\u00bb4.27.4&#8243; _module_preset=\u00bb_initial\u00bb text_font=\u00bb|600|||||||\u00bb text_text_color=\u00bb#000F9F\u00bb text_font_size=\u00bb18px\u00bb text_orientation=\u00bbcenter\u00bb custom_margin=\u00bb||0px|-15px|false|false\u00bb hover_enabled=\u00bb0&#8243; global_colors_info=\u00bb%91%93&#8243; sticky_enabled=\u00bb0&#8243;]<\/p>\n<p style=\"text-align: center\">Centro de d\u00eda Salud Mental J\u00f3venes y Adolescentes \u00abEl Faro\u00bb<\/p>\n<p>[\/et_pb_text][\/et_pb_column][et_pb_column type=\u00bb1_3&#8243; _builder_version=\u00bb4.27.4&#8243; _module_preset=\u00bbdefault\u00bb background_color=\u00bbrgba(255,255,255,0.17)\u00bb custom_padding=\u00bb40px|40px|40px|40px|true|true\u00bb custom_padding_tablet=\u00bb30px|30px|30px|30px|true|true\u00bb custom_padding_phone=\u00bb20px|20px|20px|20px|true|true\u00bb custom_padding_last_edited=\u00bbon|desktop\u00bb animation_style=\u00bbfade\u00bb link_option_url=\u00bbhttps:\/\/mza-dicaws-portal-uploads-media-prod.s3.us-east-1.amazonaws.com\/informacion-oficial\/uploads\/sites\/15\/2025\/07\/RED-ASISTENCIAL-SOBRE-CONSUMOS-PROBLEMATICOS-2024.pdf\u00bb link_option_url_new_window=\u00bbon\u00bb border_radii=\u00bbon|10px|10px|10px|10px\u00bb border_width_all=\u00bb5px\u00bb border_color_all=\u00bbrgba(255,255,255,0.19)\u00bb box_shadow_style=\u00bbpreset3&#8243; global_colors_info=\u00bb{%22gcid-924bddf2-c0ef-4ef9-b028-8630e1b50bab%22:%91%22background_color%22%93}\u00bb][et_pb_icon font_icon=\u00bb&#xe0a0;||divi||400&#8243; icon_color=\u00bb#000F9F\u00bb icon_width=\u00bb50px\u00bb _builder_version=\u00bb4.27.4&#8243; _module_preset=\u00bbdefault\u00bb global_colors_info=\u00bb{}\u00bb][\/et_pb_icon][et_pb_text _builder_version=\u00bb4.27.4&#8243; _module_preset=\u00bb_initial\u00bb text_font=\u00bb|600|||||||\u00bb text_text_color=\u00bb#000F9F\u00bb text_font_size=\u00bb18px\u00bb text_orientation=\u00bbcenter\u00bb custom_margin=\u00bb||0px||false|false\u00bb hover_enabled=\u00bb0&#8243; global_colors_info=\u00bb%91%93&#8243; sticky_enabled=\u00bb0&#8243;]<\/p>\n<p style=\"text-align: center\"><span class=\"fontstyle2\">Red Asistencial de Consumos Problem\u00e1ticos<br \/><\/span><\/p>\n<p>[\/et_pb_text][\/et_pb_column][et_pb_column type=\u00bb1_3&#8243; _builder_version=\u00bb4.27.4&#8243; _module_preset=\u00bbdefault\u00bb background_color=\u00bbrgba(255,255,255,0.17)\u00bb custom_padding=\u00bb40px|40px|40px|40px|true|true\u00bb custom_padding_tablet=\u00bb30px|30px|30px|30px|true|true\u00bb custom_padding_phone=\u00bb20px|20px|20px|20px|true|true\u00bb custom_padding_last_edited=\u00bbon|desktop\u00bb animation_style=\u00bbfade\u00bb link_option_url=\u00bbhttps:\/\/informacionoficial.mendoza.gob.ar\/saludydeportes\/guardias-hospitalarias\/\u00bb link_option_url_new_window=\u00bbon\u00bb border_radii=\u00bbon|10px|10px|10px|10px\u00bb border_width_all=\u00bb5px\u00bb border_color_all=\u00bbrgba(255,255,255,0.19)\u00bb box_shadow_style=\u00bbpreset3&#8243; global_colors_info=\u00bb{%22gcid-924bddf2-c0ef-4ef9-b028-8630e1b50bab%22:%91%22background_color%22%93}\u00bb][et_pb_icon font_icon=\u00bb&#xf80d;||fa||900&#8243; icon_color=\u00bb#000F9F\u00bb icon_width=\u00bb50px\u00bb _builder_version=\u00bb4.27.4&#8243; _module_preset=\u00bbdefault\u00bb global_colors_info=\u00bb{}\u00bb][\/et_pb_icon][et_pb_text _builder_version=\u00bb4.27.4&#8243; _module_preset=\u00bb_initial\u00bb text_font=\u00bb|600|||||||\u00bb text_text_color=\u00bb#000F9F\u00bb text_font_size=\u00bb18px\u00bb text_orientation=\u00bbcenter\u00bb custom_margin=\u00bb||0px||false|false\u00bb hover_enabled=\u00bb0&#8243; global_colors_info=\u00bb%91%93&#8243; sticky_enabled=\u00bb0&#8243;]<\/p>\n<p style=\"text-align: center\"><span class=\"fontstyle2\">Guardias hospitalarias<\/span><\/p>\n<p>[\/et_pb_text][\/et_pb_column][\/et_pb_row][\/et_pb_section]<\/p>\n","protected":false},"excerpt":{"rendered":"<p>148 Opci\u00f3n 0 &#8211; Espacio de Escucha y Orientaci\u00f3n en Salud MentalCentro Integral Provincial de Atenci\u00f3n de Urgencias del Adolescente (CIPAU)MODO SI Espacio de salud para adolescencias y juventudes.Centros preventivos y Asistenciales en Adicciones (CPAA)Centros Preventivos y Asistenciales en Salud Mental InfantojuvenilCentro Regional de Salud Mental Familiar y Comunitaria 1 &#8211; Maip\u00fa.Centro de d\u00eda Salud [&hellip;]<\/p>\n","protected":false},"author":18,"featured_media":0,"parent":0,"menu_order":0,"comment_status":"closed","ping_status":"closed","template":"","meta":{"_et_pb_use_builder":"on","_et_pb_old_content":"","_et_gb_content_width":"","footnotes":""},"class_list":["post-1695","page","type-page","status-publish","hentry"],"_links":{"self":[{"href":"https:\/\/informacionoficial.mendoza.gob.ar\/saludydeportes\/wp-json\/wp\/v2\/pages\/1695","targetHints":{"allow":["GET"]}}],"collection":[{"href":"https:\/\/informacionoficial.mendoza.gob.ar\/saludydeportes\/wp-json\/wp\/v2\/pages"}],"about":[{"href":"https:\/\/informacionoficial.mendoza.gob.ar\/saludydeportes\/wp-json\/wp\/v2\/types\/page"}],"author":[{"embeddable":true,"href":"https:\/\/informacionoficial.mendoza.gob.ar\/saludydeportes\/wp-json\/wp\/v2\/users\/18"}],"replies":[{"embeddable":true,"href":"https:\/\/informacionoficial.mendoza.gob.ar\/saludydeportes\/wp-json\/wp\/v2\/comments?post=1695"}],"version-history":[{"count":35,"href":"https:\/\/informacionoficial.mendoza.gob.ar\/saludydeportes\/wp-json\/wp\/v2\/pages\/1695\/revisions"}],"predecessor-version":[{"id":6434,"href":"https:\/\/informacionoficial.mendoza.gob.ar\/saludydeportes\/wp-json\/wp\/v2\/pages\/1695\/revisions\/6434"}],"wp:attachment":[{"href":"https:\/\/informacionoficial.mendoza.gob.ar\/saludydeportes\/wp-json\/wp\/v2\/media?parent=1695"}],"curies":[{"name":"wp","href":"https:\/\/api.w.org\/{rel}","templated":true}]}}