{"id":1757,"date":"2025-07-21T11:56:19","date_gmt":"2025-07-21T14:56:19","guid":{"rendered":"https:\/\/informacionoficial.mendoza.gob.ar\/saludydeportes\/?page_id=1757"},"modified":"2025-07-21T11:56:19","modified_gmt":"2025-07-21T14:56:19","slug":"alertas-ponzonosos-2","status":"publish","type":"page","link":"https:\/\/informacionoficial.mendoza.gob.ar\/saludydeportes\/alertas-ponzonosos-2\/","title":{"rendered":"Alertas. Ponzo\u00f1osos"},"content":{"rendered":"\n<p style=\"font-size:28px\"><strong>Ponzo\u00f1osos<\/strong><\/p>\n\n\n\n<p><a href=\"https:\/\/www.mendoza.gov.ar\/wp-content\/uploads\/sites\/7\/2023\/03\/Actualizacion-envenenamiento-por-animales-ponzonosos.-Mendoza.-Marzo-2023.pdf\" target=\"_blank\" rel=\"noreferrer noopener\">Actualizaci\u00f3n envenenamiento por animales ponzo\u00f1osos. Mendoza. Marzo 2023<\/a><\/p>\n\n\n\n<p><\/p>\n\n\n\n<p class=\"has-medium-font-size\"><strong>Fichas epidemiol\u00f3gicas<\/strong><br><\/p>\n\n\n\n<p><strong>Mendoza<\/strong><\/p>\n\n\n\n<p><a href=\"https:\/\/www.mendoza.gov.ar\/salud\/wp-content\/uploads\/sites\/16\/2016\/01\/Ficha-Registro-Accidentes-por-Ofidismo.pdf\" target=\"_blank\" rel=\"noreferrer noopener\">Ficha Cl\u00ednica para Casos de Accidentes por Ofidismo<\/a><br><a href=\"https:\/\/www.mendoza.gov.ar\/salud\/wp-content\/uploads\/sites\/7\/2016\/01\/Ficha-de-Registro-Aracnidos.pdf\" target=\"_blank\" rel=\"noreferrer noopener\">Ficha Cl\u00ednica para Casos de Accidentes por Ar\u00e1cnidos<\/a><\/p>\n\n\n\n<p><\/p>\n\n\n\n<p><strong>Naci\u00f3n<\/strong><\/p>\n\n\n\n<p><a href=\"https:\/\/bancos.salud.gob.ar\/sites\/default\/files\/2021-11\/ficha-ponzoosos.pdf\" target=\"_blank\" rel=\"noreferrer noopener\">Ficha de Notificaci\u00f3n de Intoxicaci\u00f3n por Venenos Animales<\/a><\/p>\n","protected":false},"excerpt":{"rendered":"<p>Ponzo\u00f1osos Actualizaci\u00f3n envenenamiento por animales ponzo\u00f1osos. Mendoza. Marzo 2023 Fichas epidemiol\u00f3gicas Mendoza Ficha Cl\u00ednica para Casos de Accidentes por OfidismoFicha Cl\u00ednica para Casos de Accidentes por Ar\u00e1cnidos Naci\u00f3n Ficha de Notificaci\u00f3n de Intoxicaci\u00f3n por Venenos Animales<\/p>\n","protected":false},"author":41,"featured_media":0,"parent":0,"menu_order":0,"comment_status":"closed","ping_status":"closed","template":"","meta":{"_et_pb_use_builder":"","_et_pb_old_content":"","_et_gb_content_width":"","footnotes":""},"class_list":["post-1757","page","type-page","status-publish","hentry"],"_links":{"self":[{"href":"https:\/\/informacionoficial.mendoza.gob.ar\/saludydeportes\/wp-json\/wp\/v2\/pages\/1757","targetHints":{"allow":["GET"]}}],"collection":[{"href":"https:\/\/informacionoficial.mendoza.gob.ar\/saludydeportes\/wp-json\/wp\/v2\/pages"}],"about":[{"href":"https:\/\/informacionoficial.mendoza.gob.ar\/saludydeportes\/wp-json\/wp\/v2\/types\/page"}],"author":[{"embeddable":true,"href":"https:\/\/informacionoficial.mendoza.gob.ar\/saludydeportes\/wp-json\/wp\/v2\/users\/41"}],"replies":[{"embeddable":true,"href":"https:\/\/informacionoficial.mendoza.gob.ar\/saludydeportes\/wp-json\/wp\/v2\/comments?post=1757"}],"version-history":[{"count":2,"href":"https:\/\/informacionoficial.mendoza.gob.ar\/saludydeportes\/wp-json\/wp\/v2\/pages\/1757\/revisions"}],"predecessor-version":[{"id":1759,"href":"https:\/\/informacionoficial.mendoza.gob.ar\/saludydeportes\/wp-json\/wp\/v2\/pages\/1757\/revisions\/1759"}],"wp:attachment":[{"href":"https:\/\/informacionoficial.mendoza.gob.ar\/saludydeportes\/wp-json\/wp\/v2\/media?parent=1757"}],"curies":[{"name":"wp","href":"https:\/\/api.w.org\/{rel}","templated":true}]}}