{"id":1762,"date":"2025-07-21T11:55:02","date_gmt":"2025-07-21T14:55:02","guid":{"rendered":"https:\/\/informacionoficial.mendoza.gob.ar\/saludydeportes\/?page_id=1762"},"modified":"2025-07-21T11:55:02","modified_gmt":"2025-07-21T14:55:02","slug":"alertas-inmunoprevenibles","status":"publish","type":"page","link":"https:\/\/informacionoficial.mendoza.gob.ar\/saludydeportes\/alertas-inmunoprevenibles\/","title":{"rendered":"Alertas. Inmunoprevenibles"},"content":{"rendered":"\n<p style=\"font-size:28px\"><strong>Enfermedades inmunoprevenibles<\/strong><\/p>\n\n\n\n<p class=\"has-medium-font-size\"> Enfermedad Febril Exantem\u00e1tica (EFE) \u2013 Sarampi\u00f3n<\/p>\n\n\n\n<ol class=\"wp-block-list\">\n<li><a href=\"https:\/\/www.mendoza.gov.ar\/wp-content\/uploads\/sites\/7\/2025\/03\/Acciones-de-bloqueo-y-toma-de-muestras-ante-caso-sospechoso-de-Sarampion.pdf\" target=\"_blank\" rel=\"noreferrer noopener\">Acciones de bloqueo y toma de muestras<\/a><\/li>\n\n\n\n<li><a href=\"https:\/\/www.mendoza.gov.ar\/wp-content\/uploads\/sites\/7\/2025\/03\/Planilla-acciones-de-bloqueo-EFE.pdf\" target=\"_blank\" rel=\"noreferrer noopener\">Planilla acciones de bloqueo<\/a><\/li>\n\n\n\n<li><a href=\"https:\/\/www.mendoza.gov.ar\/wp-content\/uploads\/sites\/7\/2025\/03\/FICHA-NOTIFICACION-DE-EFE-MENDOZA.pdf\" target=\"_blank\" rel=\"noreferrer noopener\">Ficha de notificaci\u00f3n caso sospechoso sarampi\u00f3n<\/a><\/li>\n\n\n\n<li><a href=\"https:\/\/www.mendoza.gov.ar\/wp-content\/uploads\/sites\/7\/2025\/03\/ACTUALIZACION-EPIDEMIOLOGICO-EFE-SARAMPION.-MARZO-2025.-MENDOZA..pdf\" target=\"_blank\" rel=\"noreferrer noopener\">Actualizaci\u00f3n Epidemiol\u00f3gica Enfermedad Febril Exantem\u00e1tica- Sarampi\u00f3n \u2013 Mendoza. Marzo 2025<\/a><\/li>\n<\/ol>\n\n\n\n<p><\/p>\n\n\n\n<p class=\"has-medium-font-size\">Par\u00e1lisis Aguda Fl\u00e1cida (PAF)<\/p>\n\n\n\n<ol class=\"wp-block-list\">\n<li><a href=\"https:\/\/www.mendoza.gov.ar\/wp-content\/uploads\/sites\/7\/2023\/05\/Ficha-de-Notificacion-de-PAF.pdf\" target=\"_blank\" rel=\"noreferrer noopener\">Ficha de notificaci\u00f3n de PAF<\/a><\/li>\n\n\n\n<li><a href=\"https:\/\/www.mendoza.gov.ar\/wp-content\/uploads\/sites\/7\/2023\/05\/Vigilancia-de-Paralisis-Flaccida-Aguda-y-acciones-de-bloqueo.pdf\" target=\"_blank\" rel=\"noreferrer noopener\">Acciones de bloqueo PAF<\/a><\/li>\n<\/ol>\n\n\n\n<p><\/p>\n\n\n\n<p class=\"has-medium-font-size\">Coqueluche<\/p>\n\n\n\n<ol class=\"wp-block-list\">\n<li><a href=\"https:\/\/www.mendoza.gov.ar\/wp-content\/uploads\/sites\/7\/2023\/05\/Ficha-de-Notificacion-Coqueluche.pdf\" target=\"_blank\" rel=\"noreferrer noopener\">Ficha de notificaci\u00f3n de Coqueluche<\/a><\/li>\n\n\n\n<li><a href=\"https:\/\/www.mendoza.gov.ar\/wp-content\/uploads\/sites\/7\/2023\/05\/Planilla-de-registro-de-acciones-de-bloqueo-quimioprofilaxis-Coqueluche.pdf\" target=\"_blank\" rel=\"noreferrer noopener\">Acciones de bloqueo y quimioprofilaxis de Coqueluche<\/a><\/li>\n\n\n\n<li><a href=\"https:\/\/www.mendoza.gov.ar\/wp-content\/uploads\/sites\/7\/2023\/05\/Acciones-frente-a-caso-confirmado-de-Coqueluche-1.pdf\" target=\"_blank\" rel=\"noreferrer noopener\">Acciones frente a caso confirmado de Coqueluche<\/a><\/li>\n<\/ol>\n\n\n\n<p><\/p>\n\n\n\n<p class=\"has-medium-font-size\">Accidente Potencialmente R\u00e1bico \u2013 Rabia<\/p>\n\n\n\n<ol class=\"wp-block-list\">\n<li><a href=\"https:\/\/www.mendoza.gov.ar\/wp-content\/uploads\/sites\/7\/2025\/03\/ACTUALIZACION-EPIDEMIOLOGICO-RABIA.-MARZO-2025.-MENDOZA.pdf\" target=\"_blank\" rel=\"noreferrer noopener\">Actualizaci\u00f3n Epidemiol\u00f3gica Rabia \u2013 Marzo 2025 \u2013 Provincia de Mendoza<\/a><\/li>\n\n\n\n<li><a href=\"https:\/\/www.mendoza.gov.ar\/wp-content\/uploads\/sites\/7\/2025\/03\/ficha_epidemiologica-accidente_potencialmente_rabico.pdf\" target=\"_blank\" rel=\"noreferrer noopener\">Ficha de notificaci\u00f3n de APR<\/a><\/li>\n\n\n\n<li><a href=\"https:\/\/www.mendoza.gov.ar\/wp-content\/uploads\/sites\/7\/2025\/03\/ficha-rabia-humana.pdf\" target=\"_blank\" rel=\"noreferrer noopener\">Ficha de notificaci\u00f3n de caso de rabia humana<\/a><\/li>\n\n\n\n<li><a href=\"https:\/\/www.mendoza.gov.ar\/wp-content\/uploads\/sites\/7\/2025\/03\/ficha-notificacion-rabia-animal.pdf\" target=\"_blank\" rel=\"noreferrer noopener\">Ficha de notificaci\u00f3n de caso de rabia animal<\/a><\/li>\n<\/ol>\n\n\n\n<p><\/p>\n\n\n\n<p><a href=\"https:\/\/www.mendoza.gov.ar\/wp-content\/uploads\/sites\/7\/2023\/05\/Ficha-de-Notificacion-de-ESAVI.pdf\" target=\"_blank\" rel=\"noreferrer noopener\">ESAVI<\/a><\/p>\n\n\n\n<p><\/p>\n","protected":false},"excerpt":{"rendered":"<p>Enfermedades inmunoprevenibles Enfermedad Febril Exantem\u00e1tica (EFE) \u2013 Sarampi\u00f3n Par\u00e1lisis Aguda Fl\u00e1cida (PAF) Coqueluche Accidente Potencialmente R\u00e1bico \u2013 Rabia ESAVI<\/p>\n","protected":false},"author":41,"featured_media":0,"parent":0,"menu_order":0,"comment_status":"closed","ping_status":"closed","template":"","meta":{"_et_pb_use_builder":"","_et_pb_old_content":"","_et_gb_content_width":"","footnotes":""},"class_list":["post-1762","page","type-page","status-publish","hentry"],"_links":{"self":[{"href":"https:\/\/informacionoficial.mendoza.gob.ar\/saludydeportes\/wp-json\/wp\/v2\/pages\/1762","targetHints":{"allow":["GET"]}}],"collection":[{"href":"https:\/\/informacionoficial.mendoza.gob.ar\/saludydeportes\/wp-json\/wp\/v2\/pages"}],"about":[{"href":"https:\/\/informacionoficial.mendoza.gob.ar\/saludydeportes\/wp-json\/wp\/v2\/types\/page"}],"author":[{"embeddable":true,"href":"https:\/\/informacionoficial.mendoza.gob.ar\/saludydeportes\/wp-json\/wp\/v2\/users\/41"}],"replies":[{"embeddable":true,"href":"https:\/\/informacionoficial.mendoza.gob.ar\/saludydeportes\/wp-json\/wp\/v2\/comments?post=1762"}],"version-history":[{"count":1,"href":"https:\/\/informacionoficial.mendoza.gob.ar\/saludydeportes\/wp-json\/wp\/v2\/pages\/1762\/revisions"}],"predecessor-version":[{"id":1763,"href":"https:\/\/informacionoficial.mendoza.gob.ar\/saludydeportes\/wp-json\/wp\/v2\/pages\/1762\/revisions\/1763"}],"wp:attachment":[{"href":"https:\/\/informacionoficial.mendoza.gob.ar\/saludydeportes\/wp-json\/wp\/v2\/media?parent=1762"}],"curies":[{"name":"wp","href":"https:\/\/api.w.org\/{rel}","templated":true}]}}