{"id":1920,"date":"2025-07-07T12:29:02","date_gmt":"2025-07-07T15:29:02","guid":{"rendered":"https:\/\/informacionoficial.mendoza.gob.ar\/saludydeportes\/?page_id=1920"},"modified":"2026-04-10T12:24:35","modified_gmt":"2026-04-10T15:24:35","slug":"1920-2","status":"publish","type":"page","link":"https:\/\/informacionoficial.mendoza.gob.ar\/saludydeportes\/1920-2\/","title":{"rendered":"Direcci\u00f3n de Modernizaci\u00f3n"},"content":{"rendered":"<p>[et_pb_section fb_built=\u00bb1&#8243; _builder_version=\u00bb4.27.4&#8243; _module_preset=\u00bbdefault\u00bb background_color=\u00bb#FFFFFF\u00bb height=\u00bb100%\u00bb custom_margin=\u00bb0px|0px|0px|0px|false|false\u00bb custom_padding=\u00bb0px|0px|0px|0px|false|false\u00bb border_color_bottom=\u00bb#C8A977&#8243; global_colors_info=\u00bb{}\u00bb][et_pb_row _builder_version=\u00bb4.27.4&#8243; _module_preset=\u00bbdefault\u00bb max_width=\u00bb100%\u00bb height=\u00bb100%\u00bb custom_margin=\u00bb1rem|auto|1rem|auto|true|false\u00bb custom_padding=\u00bb1rem||1rem||true|false\u00bb global_colors_info=\u00bb{}\u00bb][et_pb_column type=\u00bb4_4&#8243; _builder_version=\u00bb4.27.2&#8243; _module_preset=\u00bbdefault\u00bb global_colors_info=\u00bb{}\u00bb][et_pb_heading title=\u00bbDirecci\u00f3n de Modernizaci\u00f3n\u00bb _builder_version=\u00bb4.27.4&#8243; _module_preset=\u00bbdefault\u00bb title_font=\u00bb&#8211;et_global_heading_font|600|||||||\u00bb title_text_color=\u00bb#000F9F\u00bb custom_margin=\u00bb0px|0px|0px|0px|false|false\u00bb custom_padding=\u00bb1rem||1rem||true|false\u00bb hover_enabled=\u00bb0&#8243; global_colors_info=\u00bb{}\u00bb sticky_enabled=\u00bb0&#8243;][\/et_pb_heading][et_pb_text _builder_version=\u00bb4.27.4&#8243; _module_preset=\u00bbdefault\u00bb text_font=\u00bb&#8211;et_global_heading_font||||||||\u00bb text_text_color=\u00bb#000000&#8243; text_font_size=\u00bb20px\u00bb header_font=\u00bb&#8211;et_global_heading_font||||||||\u00bb custom_margin=\u00bb0px|0px|0px|0px|false|false\u00bb custom_padding=\u00bb1rem||1rem||true|false\u00bb global_colors_info=\u00bb{}\u00bb]<\/p>\n<p>Mgter. Fabiana Fiore<br \/>Directora<br \/>Avda. L. Peltier 351 &#8211; 5to, Piso<br \/>C.P. 5500 &#8211; Mza.<br \/>Tel\u00e9fono: (261) 3852937<br \/>Correo: dirmodernizacionsal@mendoza.gov.ar<\/p>\n<p>[\/et_pb_text][\/et_pb_column][\/et_pb_row][et_pb_row _builder_version=\u00bb4.27.4&#8243; _module_preset=\u00bbdefault\u00bb custom_margin=\u00bb20px||20px||false|false\u00bb custom_margin_tablet=\u00bb20px||10px||false|false\u00bb custom_margin_phone=\u00bb20px||10px||false|false\u00bb custom_margin_last_edited=\u00bbon|desktop\u00bb custom_padding=\u00bb0px|0px|0px|0px|true|true\u00bb border_radii=\u00bbon|12px|12px|12px|12px\u00bb border_width_all=\u00bb2px\u00bb border_color_all=\u00bb#C8A977&#8243; global_colors_info=\u00bb{}\u00bb][et_pb_column type=\u00bb4_4&#8243; _builder_version=\u00bb4.27.4&#8243; _module_preset=\u00bbdefault\u00bb global_colors_info=\u00bb{}\u00bb][et_pb_toggle title=\u00bbMisi\u00f3n\u00bb open_toggle_text_color=\u00bb#C8A977&#8243; open_toggle_background_color=\u00bbRGBA(255,255,255,0)\u00bb closed_toggle_text_color=\u00bb#C8A977&#8243; closed_toggle_background_color=\u00bbRGBA(255,255,255,0)\u00bb icon_color=\u00bb#C8A977&#8243; toggle_icon=\u00bb&#xe050;||divi||400&#8243; open_icon_color=\u00bb#C8A977&#8243; open_toggle_icon=\u00bb&#x21;||divi||400&#8243; admin_label=\u00bbConmutador\u00bb _builder_version=\u00bb4.27.4&#8243; _module_preset=\u00bbdefault\u00bb title_text_color=\u00bb#C8A977&#8243; title_level=\u00bbh4&#8243; title_font=\u00bb&#8211;et_global_body_font|600|||||||\u00bb body_font=\u00bb&#8211;et_global_body_font||||||||\u00bb body_text_color=\u00bb#02000A\u00bb background_color=\u00bb#C8A977&#8243; custom_padding=\u00bb||20px|||\u00bb hover_enabled=\u00bb0&#8243; border_width_all=\u00bb2px\u00bb border_color_all=\u00bb#C8A977&#8243; border_style_all=\u00bbnone\u00bb global_colors_info=\u00bb{}\u00bb sticky_enabled=\u00bb0&#8243;]<\/p>\n<p>Dirigir y coordinar las acciones que conlleven a brindar un soporte tecnol\u00f3gico sustentable, desde una visi\u00f3n integradora de los Sistemas de Informaci\u00f3n, que permita a trav\u00e9s del uso racional de las Tecnolog\u00edas de la Informaci\u00f3n y de las Comunicaciones (TICs) una contundente optimizaci\u00f3n de los Procesos y Circuitos de Informaci\u00f3n en Salud.<\/p>\n<p>[\/et_pb_toggle][\/et_pb_column][\/et_pb_row][et_pb_row _builder_version=\u00bb4.27.4&#8243; _module_preset=\u00bbdefault\u00bb custom_margin=\u00bb20px||20px||false|false\u00bb custom_margin_tablet=\u00bb20px||10px||false|false\u00bb custom_margin_phone=\u00bb20px||10px||false|false\u00bb custom_margin_last_edited=\u00bbon|desktop\u00bb custom_padding=\u00bb0px|0px|0px|0px|true|true\u00bb border_radii=\u00bbon|12px|12px|12px|12px\u00bb border_width_all=\u00bb2px\u00bb border_color_all=\u00bb#C8A977&#8243; global_colors_info=\u00bb{}\u00bb][et_pb_column type=\u00bb4_4&#8243; _builder_version=\u00bb4.27.2&#8243; _module_preset=\u00bbdefault\u00bb global_colors_info=\u00bb{}\u00bb][et_pb_toggle title=\u00bbFunciones\u00bb open_toggle_text_color=\u00bb#C8A977&#8243; open_toggle_background_color=\u00bbRGBA(255,255,255,0)\u00bb closed_toggle_text_color=\u00bb#C8A977&#8243; closed_toggle_background_color=\u00bbRGBA(255,255,255,0)\u00bb icon_color=\u00bb#C8A977&#8243; toggle_icon=\u00bb&#xe050;||divi||400&#8243; open_icon_color=\u00bb#C8A977&#8243; open_toggle_icon=\u00bb&#x21;||divi||400&#8243; admin_label=\u00bbConmutador\u00bb _builder_version=\u00bb4.27.4&#8243; _module_preset=\u00bbdefault\u00bb title_text_color=\u00bb#C8A977&#8243; title_level=\u00bbh4&#8243; title_font=\u00bb&#8211;et_global_heading_font|600|||||||\u00bb body_font=\u00bb&#8211;et_global_body_font||||||||\u00bb body_text_color=\u00bb#02000A\u00bb background_color=\u00bb#C8A977&#8243; custom_padding=\u00bb||20px|||\u00bb hover_enabled=\u00bb0&#8243; border_width_all=\u00bb2px\u00bb border_color_all=\u00bb#C8A977&#8243; border_style_all=\u00bbnone\u00bb global_colors_info=\u00bb{}\u00bb sticky_enabled=\u00bb0&#8243;]<\/p>\n<ul>\n<li style=\"text-align: justify\">Planificar, dirigir y ejecutar el Plan Estrat\u00e9gico de Modernizaci\u00f3n Tecnol\u00f3gica y Comunicaci\u00f3n del Ministerio de Salud y Deportes para el desarrollo, actualizaci\u00f3n y mantenimiento de la tecnolog\u00eda inform\u00e1tica, sistemas de informaci\u00f3n y telecomunicaciones.<\/li>\n<li style=\"text-align: justify\">Identificar tareas y proponer y\/o desarrollar procesos de mejora.<\/li>\n<li style=\"text-align: justify\">Liderar e impulsar que los equipos a su cargo se ajusten a los criterios y procesos establecidos.<\/li>\n<li style=\"text-align: justify\">Desarrollar y mantener los sistemas de informaci\u00f3n requeridos por el Ministerio para la renovaci\u00f3n y adquisici\u00f3n de tecnolog\u00edas.<\/li>\n<li style=\"text-align: justify\">Administrar los sistemas de informaci\u00f3n y de comunicaciones internas y externas, de datos y voz, que permitan el cumplimiento de la misi\u00f3n institucional.<\/li>\n<li style=\"text-align: justify\">Orientar y prestar apoyo a los usuarios en el manejo de los equipos y sistemas de informaci\u00f3n del Ministerio.<\/li>\n<li style=\"text-align: justify\">Proteger la seguridad de la informaci\u00f3n y la correcta aplicaci\u00f3n de las instrucciones, m\u00e9todos y procedimientos establecidos por la Provincia.<\/li>\n<li style=\"text-align: justify\">Analizar, evaluar factibilidad y desarrollar proyectos TICs, desde su concepci\u00f3n hasta su puesta en marcha, en interacci\u00f3n con los sectores involucrados y la intervenci\u00f3n del Comit\u00e9 de Informaci\u00f3n P\u00fablica (COM.I.P.).<\/li>\n<li style=\"text-align: justify\">Funcionar como Nexo Tecnol\u00f3gico con proyectos externos a esta Direcci\u00f3n, efectuar el monitoreo de cada uno de los proyectos en ejecuci\u00f3n asociados a TICs en el Ministerio, de modo de lograr una medici\u00f3n adecuada de su desarrollo y de su posterior evoluci\u00f3n.<\/li>\n<li>Elaborar las especificaciones t\u00e9cnicas de la totalidad de los Recursos Tecnol\u00f3gicos a utilizar en cada Proyecto, como as\u00ed tambi\u00e9n la evaluaci\u00f3n de las necesidades de los sectores involucrados, de modo de disminuir paulatinamente la brecha tecnol\u00f3gica entre ellos.<\/li>\n<li>Generar conjuntamente con el Comit\u00e9 de Informaci\u00f3n P\u00fablica (COM.I.P.) los contenidos curriculares en lo que respecta a la capacitaci\u00f3n necesaria en cada proyecto, incluyendo al personal de la Direcci\u00f3n como tambi\u00e9n a los referentes inform\u00e1ticos de toda la Provincia, y organizar los cursos de capacitaci\u00f3n necesarios.<\/li>\n<li>Formar equipos de trabajo que permitan la interacci\u00f3n de nuestro recurso humano con otros proyectos ajenos a esta Direcci\u00f3n, posibilitando el desarrollo y\/o la consultor\u00eda y\/o la auditor\u00eda de los mismos, siempre desde la \u00f3ptica del desarrollo de software.<\/li>\n<li>Participar en la decisi\u00f3n de las herramientas de desarrollo adecuadas a cada proyecto.<\/li>\n<li>Satisfacer necesidades de Consultor\u00eda Estad\u00edstica y de Investigaci\u00f3n Cient\u00edfica, desarrollando las herramientas adecuadas.<\/li>\n<li>Administrar los Servidores de Datos de Bioestad\u00edsticas y Epidemiolog\u00eda.<\/li>\n<li>Establecer las pautas t\u00e9cnicas en cuanto a los Convenios con Universidades por la provisi\u00f3n de Recurso Humano para desarrollo.<\/li>\n<li>Definir, supervisar y administrar los accesos y contenidos en relaci\u00f3n a Internet y Cuentas de Correo Electr\u00f3nico.<\/li>\n<\/ul>\n<p>[\/et_pb_toggle][\/et_pb_column][\/et_pb_row][et_pb_row _builder_version=\u00bb4.27.4&#8243; _module_preset=\u00bbdefault\u00bb max_width=\u00bb100%\u00bb height=\u00bb100%\u00bb custom_margin=\u00bb0px||0px||false|false\u00bb custom_padding=\u00bb1rem|0px|1rem|0px|true|false\u00bb global_colors_info=\u00bb{}\u00bb][et_pb_column type=\u00bb4_4&#8243; _builder_version=\u00bb4.27.4&#8243; _module_preset=\u00bbdefault\u00bb global_colors_info=\u00bb{}\u00bb][et_pb_text _builder_version=\u00bb4.27.4&#8243; _module_preset=\u00bbdefault\u00bb text_font=\u00bb&#8211;et_global_heading_font|600|||||||\u00bb text_text_color=\u00bb#3CB4E5&#8243; text_font_size=\u00bb25px\u00bb header_3_font_size=\u00bb75px\u00bb text_orientation=\u00bbcenter\u00bb hover_enabled=\u00bb0&#8243; global_colors_info=\u00bb{}\u00bb sticky_enabled=\u00bb0&#8243;]<\/p>\n<p>Dependencias<\/p>\n<p>[\/et_pb_text][\/et_pb_column][\/et_pb_row][et_pb_row column_structure=\u00bb1_2,1_2&#8243; _builder_version=\u00bb4.27.4&#8243; _module_preset=\u00bbdefault\u00bb global_colors_info=\u00bb{}\u00bb][et_pb_column type=\u00bb1_2&#8243; _builder_version=\u00bb4.27.4&#8243; _module_preset=\u00bbdefault\u00bb global_colors_info=\u00bb{}\u00bb][et_pb_blurb title=\u00bbDepartamento de Capacitaciones\u00bb url=\u00bbhttps:\/\/informacionoficial.mendoza.gob.ar\/saludydeportes\/capacitaciones\/\u00bb use_icon=\u00bbon\u00bb font_icon=\u00bb&#xf51c;||fa||900&#8243; icon_placement=\u00bbleft\u00bb content_max_width=\u00bb100%\u00bb _builder_version=\u00bb4.27.4&#8243; _module_preset=\u00bbdefault\u00bb header_font=\u00bb&#8211;et_global_heading_font|600|||||||\u00bb header_text_color=\u00bb#000F9F\u00bb header_font_size=\u00bb20px\u00bb body_font=\u00bb&#8211;et_global_body_font||||||||\u00bb width=\u00bb100%\u00bb max_width=\u00bb100%\u00bb height=\u00bb100%\u00bb custom_margin=\u00bb0px|0px|0px|0px|false|false\u00bb custom_padding=\u00bb1rem|1rem|1rem|1rem|true|true\u00bb hover_enabled=\u00bb0&#8243; border_radii=\u00bbon|15px|15px|15px|15px\u00bb box_shadow_style=\u00bbpreset1&#8243; global_colors_info=\u00bb{}\u00bb body_font_size=\u00bb15px\u00bb body_text_color=\u00bb#000000&#8243; sticky_enabled=\u00bb0&#8243;]<\/p>\n<p>Para m\u00e1s informaci\u00f3n <a href=\"https:\/\/informacionoficial.mendoza.gob.ar\/saludydeportes\/capacitaciones\/\">ingres\u00e1 aqu\u00ed<\/a><\/p>\n<p>[\/et_pb_blurb][\/et_pb_column][et_pb_column type=\u00bb1_2&#8243; _builder_version=\u00bb4.27.4&#8243; _module_preset=\u00bbdefault\u00bb global_colors_info=\u00bb{}\u00bb][\/et_pb_column][\/et_pb_row][\/et_pb_section]<\/p>\n","protected":false},"excerpt":{"rendered":"<p>Mgter. Fabiana FioreDirectoraAvda. L. Peltier 351 &#8211; 5to, PisoC.P. 5500 &#8211; Mza.Tel\u00e9fono: (261) 3852937Correo: dirmodernizacionsal@mendoza.gov.arDirigir y coordinar las acciones que conlleven a brindar un soporte tecnol\u00f3gico sustentable, desde una visi\u00f3n integradora de los Sistemas de Informaci\u00f3n, que permita a trav\u00e9s del uso racional de las Tecnolog\u00edas de la Informaci\u00f3n y de las Comunicaciones (TICs) una [&hellip;]<\/p>\n","protected":false},"author":18,"featured_media":0,"parent":0,"menu_order":0,"comment_status":"closed","ping_status":"closed","template":"","meta":{"_et_pb_use_builder":"on","_et_pb_old_content":"","_et_gb_content_width":"","footnotes":""},"class_list":["post-1920","page","type-page","status-publish","hentry"],"_links":{"self":[{"href":"https:\/\/informacionoficial.mendoza.gob.ar\/saludydeportes\/wp-json\/wp\/v2\/pages\/1920","targetHints":{"allow":["GET"]}}],"collection":[{"href":"https:\/\/informacionoficial.mendoza.gob.ar\/saludydeportes\/wp-json\/wp\/v2\/pages"}],"about":[{"href":"https:\/\/informacionoficial.mendoza.gob.ar\/saludydeportes\/wp-json\/wp\/v2\/types\/page"}],"author":[{"embeddable":true,"href":"https:\/\/informacionoficial.mendoza.gob.ar\/saludydeportes\/wp-json\/wp\/v2\/users\/18"}],"replies":[{"embeddable":true,"href":"https:\/\/informacionoficial.mendoza.gob.ar\/saludydeportes\/wp-json\/wp\/v2\/comments?post=1920"}],"version-history":[{"count":12,"href":"https:\/\/informacionoficial.mendoza.gob.ar\/saludydeportes\/wp-json\/wp\/v2\/pages\/1920\/revisions"}],"predecessor-version":[{"id":7002,"href":"https:\/\/informacionoficial.mendoza.gob.ar\/saludydeportes\/wp-json\/wp\/v2\/pages\/1920\/revisions\/7002"}],"wp:attachment":[{"href":"https:\/\/informacionoficial.mendoza.gob.ar\/saludydeportes\/wp-json\/wp\/v2\/media?parent=1920"}],"curies":[{"name":"wp","href":"https:\/\/api.w.org\/{rel}","templated":true}]}}