{"id":2017,"date":"2025-07-08T10:59:49","date_gmt":"2025-07-08T13:59:49","guid":{"rendered":"https:\/\/informacionoficial.mendoza.gob.ar\/saludydeportes\/?page_id=2017"},"modified":"2025-08-19T10:08:24","modified_gmt":"2025-08-19T13:08:24","slug":"informacion-institucional-deportes","status":"publish","type":"page","link":"https:\/\/informacionoficial.mendoza.gob.ar\/saludydeportes\/ministerio-de-salud-y-deportes\/deportes\/informacion-institucional-deportes\/","title":{"rendered":"Informaci\u00f3n Institucional"},"content":{"rendered":"<p>[et_pb_section fb_built=\u00bb1&#8243; _builder_version=\u00bb4.27.2&#8243; _module_preset=\u00bbdefault\u00bb custom_margin=\u00bb0px||0px||false|false\u00bb custom_padding=\u00bb0px||0px||false|false\u00bb global_colors_info=\u00bb{}\u00bb][et_pb_row _builder_version=\u00bb4.27.4&#8243; _module_preset=\u00bbdefault\u00bb max_width=\u00bb100%\u00bb global_colors_info=\u00bb{}\u00bb][et_pb_column type=\u00bb4_4&#8243; _builder_version=\u00bb4.27.4&#8243; _module_preset=\u00bbdefault\u00bb global_colors_info=\u00bb{}\u00bb][et_pb_post_title featured_image=\u00bboff\u00bb _builder_version=\u00bb4.27.4&#8243; _module_preset=\u00bbdefault\u00bb title_text_align=\u00bbcenter\u00bb title_text_color=\u00bb#666666&#8243; global_colors_info=\u00bb{}\u00bb][\/et_pb_post_title][\/et_pb_column][\/et_pb_row][\/et_pb_section][et_pb_section fb_built=\u00bb1&#8243; _builder_version=\u00bb4.27.2&#8243; _module_preset=\u00bbdefault\u00bb custom_margin=\u00bb0px||0px||false|false\u00bb custom_padding=\u00bb0px||0px||false|false\u00bb global_colors_info=\u00bb{}\u00bb][et_pb_row _builder_version=\u00bb4.27.4&#8243; _module_preset=\u00bbdefault\u00bb max_width=\u00bb100%\u00bb global_colors_info=\u00bb{}\u00bb][et_pb_column type=\u00bb4_4&#8243; _builder_version=\u00bb4.27.4&#8243; _module_preset=\u00bbdefault\u00bb global_colors_info=\u00bb{}\u00bb][et_pb_heading title=\u00bbMisi\u00f3n\u00bb _builder_version=\u00bb4.27.2&#8243; _module_preset=\u00bbdefault\u00bb title_level=\u00bbh2&#8243; title_text_align=\u00bbcenter\u00bb background_color=\u00bb#C8A977&#8243; custom_margin=\u00bb0px||0px||false|false\u00bb custom_padding=\u00bb1em||1em||false|false\u00bb title_text_shadow_style=\u00bbpreset1&#8243; border_radii=\u00bboff|15px|15px||\u00bb global_colors_info=\u00bb{}\u00bb][\/et_pb_heading][et_pb_text _builder_version=\u00bb4.27.4&#8243; _module_preset=\u00bbdefault\u00bb custom_margin=\u00bb0px||0px||false|false\u00bb custom_padding=\u00bb1em|1em|1em|1em|false|false\u00bb border_radii=\u00bboff|||15px|15px\u00bb border_width_all=\u00bb1px\u00bb global_colors_info=\u00bb{}\u00bb]<\/p>\n<p><span>Promover el Deporte y la Recreaci\u00f3n en cualquiera de sus modalidades, con el objeto de lograr el \u00f3ptimo desarrollo f\u00edsico y psicosocial de la poblaci\u00f3n.<\/span><\/p>\n<p>[\/et_pb_text][\/et_pb_column][\/et_pb_row][et_pb_row _builder_version=\u00bb4.27.4&#8243; _module_preset=\u00bbdefault\u00bb max_width=\u00bb100%\u00bb global_colors_info=\u00bb{}\u00bb][et_pb_column type=\u00bb4_4&#8243; _builder_version=\u00bb4.27.4&#8243; _module_preset=\u00bbdefault\u00bb global_colors_info=\u00bb{}\u00bb][et_pb_heading title=\u00bbVisi\u00f3n\u00bb _builder_version=\u00bb4.27.4&#8243; _module_preset=\u00bbdefault\u00bb title_level=\u00bbh2&#8243; title_text_align=\u00bbcenter\u00bb background_color=\u00bb#C8A977&#8243; custom_margin=\u00bb0px||0px||false|false\u00bb custom_padding=\u00bb1em||1em||false|false\u00bb title_text_shadow_style=\u00bbpreset1&#8243; border_radii=\u00bboff|15px|15px||\u00bb global_colors_info=\u00bb{}\u00bb][\/et_pb_heading][et_pb_text _builder_version=\u00bb4.27.4&#8243; _module_preset=\u00bbdefault\u00bb custom_margin=\u00bb0px||0px||false|false\u00bb custom_padding=\u00bb1em|1em|1em|1em|false|false\u00bb border_radii=\u00bboff|||15px|15px\u00bb border_width_all=\u00bb1px\u00bb global_colors_info=\u00bb{}\u00bb]<\/p>\n<p>Ser un organismo referente en el desarrollo integral de las personas a trav\u00e9s del deporte y la recreaci\u00f3n, garantizando el acceso equitativo, seguro e inclusivo a todas las disciplinas, fortaleciendo los v\u00ednculos comunitarios, promoviendo valores de convivencia y fomentando una cultura deportiva que contribuya a una mejor calidad de vida, con fuerte arraigo territorial y proyecci\u00f3n nacional e internacional.<\/p>\n<p>[\/et_pb_text][\/et_pb_column][\/et_pb_row][et_pb_row _builder_version=\u00bb4.27.4&#8243; _module_preset=\u00bbdefault\u00bb max_width=\u00bb100%\u00bb global_colors_info=\u00bb{}\u00bb][et_pb_column type=\u00bb4_4&#8243; _builder_version=\u00bb4.27.4&#8243; _module_preset=\u00bbdefault\u00bb global_colors_info=\u00bb{}\u00bb][et_pb_heading title=\u00bbOrganigrama\u00bb _builder_version=\u00bb4.27.4&#8243; _module_preset=\u00bbdefault\u00bb title_level=\u00bbh2&#8243; title_text_align=\u00bbcenter\u00bb background_color=\u00bb#C8A977&#8243; custom_margin=\u00bb0px||0px||false|false\u00bb custom_padding=\u00bb1em||1em||false|false\u00bb title_text_shadow_style=\u00bbpreset1&#8243; border_radii=\u00bboff|15px|15px||\u00bb global_colors_info=\u00bb{}\u00bb][\/et_pb_heading][et_pb_toggle title=\u00bbVer\u00bb open_toggle_text_color=\u00bbRGBA(255,255,255,0)\u00bb icon_color=\u00bb#666666&#8243; toggle_icon=\u00bb&#x3b;||divi||400&#8243; use_icon_font_size=\u00bbon\u00bb icon_font_size=\u00bb25px\u00bb open_icon_color=\u00bb#000F9F\u00bb _builder_version=\u00bb4.27.4&#8243; _module_preset=\u00bbdefault\u00bb text_orientation=\u00bbcenter\u00bb custom_margin=\u00bb0px||0px||false|false\u00bb hover_enabled=\u00bb0&#8243; border_radii=\u00bboff|||15px|15px\u00bb locked=\u00bboff\u00bb global_colors_info=\u00bb{}\u00bb sticky_enabled=\u00bb0&#8243;]<\/p>\n<p><img loading=\"lazy\" decoding=\"async\" src=\"https:\/\/mza-dicaws-portal-uploads-media-prod.s3.amazonaws.com\/informacion-oficial\/uploads\/sites\/15\/2025\/07\/Organigrama_SubsecDeDeportes_Org_Hacienda.png\" width=\"843\" height=\"446\" alt=\"\" class=\"wp-image-2660 alignnone size-full\" srcset=\"https:\/\/mza-dicaws-portal-uploads-media-prod.s3.amazonaws.com\/informacion-oficial\/uploads\/sites\/15\/2025\/07\/Organigrama_SubsecDeDeportes_Org_Hacienda.png 843w, https:\/\/mza-dicaws-portal-uploads-media-prod.s3.amazonaws.com\/informacion-oficial\/uploads\/sites\/15\/2025\/07\/Organigrama_SubsecDeDeportes_Org_Hacienda-480x254.png 480w\" sizes=\"(min-width: 0px) and (max-width: 480px) 480px, (min-width: 481px) 843px, 100vw\" \/><\/p>\n<p>[\/et_pb_toggle][\/et_pb_column][\/et_pb_row][\/et_pb_section][et_pb_section fb_built=\u00bb1&#8243; _builder_version=\u00bb4.27.2&#8243; _module_preset=\u00bbdefault\u00bb custom_margin=\u00bb0px||0px||false|false\u00bb custom_padding=\u00bb0px||0px||false|false\u00bb global_colors_info=\u00bb{}\u00bb][et_pb_row _builder_version=\u00bb4.27.4&#8243; _module_preset=\u00bbdefault\u00bb max_width=\u00bb100%\u00bb global_colors_info=\u00bb{}\u00bb][et_pb_column type=\u00bb4_4&#8243; _builder_version=\u00bb4.27.4&#8243; _module_preset=\u00bbdefault\u00bb global_colors_info=\u00bb{}\u00bb][et_pb_heading title=\u00bbPlan estrat\u00e9gico\u00bb _builder_version=\u00bb4.27.4&#8243; _module_preset=\u00bbdefault\u00bb title_level=\u00bbh2&#8243; title_text_align=\u00bbcenter\u00bb background_color=\u00bb#C8A977&#8243; custom_margin=\u00bb0px||0px||false|false\u00bb custom_padding=\u00bb1em||1em||false|false\u00bb title_text_shadow_style=\u00bbpreset1&#8243; border_radii=\u00bboff|15px|15px||\u00bb global_colors_info=\u00bb{}\u00bb][\/et_pb_heading][et_pb_text _builder_version=\u00bb4.27.4&#8243; _module_preset=\u00bbdefault\u00bb custom_margin=\u00bb0px||0px||false|false\u00bb custom_padding=\u00bb1em|1em|1em|1em|false|false\u00bb border_radii=\u00bboff|||15px|15px\u00bb border_width_all=\u00bb1px\u00bb global_colors_info=\u00bb{}\u00bb]<\/p>\n<ul>\n<li>Elaborar y desarrollar pol\u00edticas p\u00fablicas que orienten, promuevan y fiscalicen las actividades relacionadas con la pr\u00e1ctica deportiva y la recreaci\u00f3n respetando el pleno ejercicio de los derechos humanos de las personas.<\/li>\n<li>Fomentar la pr\u00e1ctica deportiva como medio de desarrollo integral de las personas, con especial \u00e9nfasis en las infancias y juventudes, orientadas a la integraci\u00f3n social, al desarrollo comunitario y a la promoci\u00f3n o recuperaci\u00f3n de su salud.<\/li>\n<li>Promover un trato digno entre las personas, con especial \u00e9nfasis en la prevenci\u00f3n y sanci\u00f3n de las conductas discriminatorias o de violencia en el deporte.<\/li>\n<li>Impulsar al deporte como factor educativo y cultural, coadyuvante a la formaci\u00f3n integral de las personas, como recurso para la preservaci\u00f3n de la salud, fomentando la pr\u00e1ctica y creando los medios que aseguren el efectivo acceso a las distintas disciplinas.<\/li>\n<li>Incentivar la conciencia de los valores propios del deporte, estimulando su pr\u00e1ctica para el logro de una mejor calidad de vida.<\/li>\n<li>Realizar campa\u00f1as de difusi\u00f3n de las pr\u00e1cticas deportivas seguras y de prevenci\u00f3n de riesgos.<\/li>\n<li>Promover, orientar y asesorar a las instituciones primarias, organizaciones intermedias de diversos grados y los establecimientos educacionales para la realizaci\u00f3n de competencias deportivas organizadas por las mismas y en la planificaci\u00f3n que se realice en esta materia.<\/li>\n<li>Coordinar las actividades deportivas aficionadas y profesionales.<\/li>\n<li>Coordinar el desarrollo de programas educativos, culturales y\/o t\u00e9cnico-cient\u00edficos con organismos p\u00fablicos y privados, para la capacitaci\u00f3n de t\u00e9cnicos, docentes, cient\u00edficos, dirigentes, \u00e1rbitros y dem\u00e1s colaboradores de las actividades deportivas.<\/li>\n<li>Posibilitar la efectiva participaci\u00f3n de las Instituciones Deportivas en la elaboraci\u00f3n, diagramaci\u00f3n, coordinaci\u00f3n y discusi\u00f3n de los diferentes planes, programas y proyectos que se implementen.<\/li>\n<li>Apoyar las representaciones del deporte provincial a nivel regional, nacional e internacional.<\/li>\n<li>Fomentar el desarrollo de pr\u00e1cticas deportivas de inclusi\u00f3n e integraci\u00f3n para personas con discapacidad.<\/li>\n<li>Representar p\u00fablicamente al Ministro en los asuntos que \u00e9ste considere pertinentes.<\/li>\n<li>Articular la financiaci\u00f3n de los proyectos deportivos con aportes de organismos p\u00fablicos y privados, provinciales, nacionales e internacionales.<\/li>\n<li>Fomentar la descentralizaci\u00f3n de la actividad deportiva.<\/li>\n<li>Promover la integraci\u00f3n y desarrollo de las organizaciones intermedias vinculadas a la actividad deportiva.<\/li>\n<li>Entender en la administraci\u00f3n de las instalaciones del Estadio Provincial Malvinas Argentinas, Aconcagua Arena Estadio Cubierto, canchas auxiliares, Vel\u00f3dromo Provincial Ernesto Contreras, Pista Provincial de Atletismo, Estadio Mendocino de Hockey, playas de estacionamiento y dem\u00e1s instalaciones a cargo de la Subsecretar\u00eda de Deportes.<\/li>\n<li>Generar recursos provenientes de la cesi\u00f3n precaria y temporal de las instalaciones.<\/li>\n<\/ul>\n<p>[\/et_pb_text][\/et_pb_column][\/et_pb_row][\/et_pb_section]<\/p>\n","protected":false},"excerpt":{"rendered":"<p>Promover el Deporte y la Recreaci\u00f3n en cualquiera de sus modalidades, con el objeto de lograr el \u00f3ptimo desarrollo f\u00edsico y psicosocial de la poblaci\u00f3n.Ser un organismo referente en el desarrollo integral de las personas a trav\u00e9s del deporte y la recreaci\u00f3n, garantizando el acceso equitativo, seguro e inclusivo a todas las disciplinas, fortaleciendo los [&hellip;]<\/p>\n","protected":false},"author":60,"featured_media":0,"parent":31,"menu_order":0,"comment_status":"closed","ping_status":"closed","template":"","meta":{"_et_pb_use_builder":"on","_et_pb_old_content":"","_et_gb_content_width":"","footnotes":""},"class_list":["post-2017","page","type-page","status-publish","hentry"],"_links":{"self":[{"href":"https:\/\/informacionoficial.mendoza.gob.ar\/saludydeportes\/wp-json\/wp\/v2\/pages\/2017","targetHints":{"allow":["GET"]}}],"collection":[{"href":"https:\/\/informacionoficial.mendoza.gob.ar\/saludydeportes\/wp-json\/wp\/v2\/pages"}],"about":[{"href":"https:\/\/informacionoficial.mendoza.gob.ar\/saludydeportes\/wp-json\/wp\/v2\/types\/page"}],"author":[{"embeddable":true,"href":"https:\/\/informacionoficial.mendoza.gob.ar\/saludydeportes\/wp-json\/wp\/v2\/users\/60"}],"replies":[{"embeddable":true,"href":"https:\/\/informacionoficial.mendoza.gob.ar\/saludydeportes\/wp-json\/wp\/v2\/comments?post=2017"}],"version-history":[{"count":13,"href":"https:\/\/informacionoficial.mendoza.gob.ar\/saludydeportes\/wp-json\/wp\/v2\/pages\/2017\/revisions"}],"predecessor-version":[{"id":4211,"href":"https:\/\/informacionoficial.mendoza.gob.ar\/saludydeportes\/wp-json\/wp\/v2\/pages\/2017\/revisions\/4211"}],"up":[{"embeddable":true,"href":"https:\/\/informacionoficial.mendoza.gob.ar\/saludydeportes\/wp-json\/wp\/v2\/pages\/31"}],"wp:attachment":[{"href":"https:\/\/informacionoficial.mendoza.gob.ar\/saludydeportes\/wp-json\/wp\/v2\/media?parent=2017"}],"curies":[{"name":"wp","href":"https:\/\/api.w.org\/{rel}","templated":true}]}}